{"id":13654,"date":"2025-07-03T09:31:33","date_gmt":"2025-07-03T09:31:33","guid":{"rendered":"https:\/\/www.electroluxprofessional.com\/fr-be\/?page_id=13654"},"modified":"2025-07-07T09:12:49","modified_gmt":"2025-07-07T09:12:49","slug":"center-excellence-benelux","status":"publish","type":"page","link":"https:\/\/www.electroluxprofessional.com\/fr-be\/center-excellence-benelux\/","title":{"rendered":"Notre Centre d&#8217;Excellence vous ouvre ses portes."},"content":{"rendered":"<p>[vc_row full_width=&#8221;electroluxpro-full-width-no-padding&#8221;][vc_column][elx_full_banner title=&#8221;Notre Centre d&#8217;Excellence vous ouvre ses portes.&#8221; set_as_h1=&#8221;true&#8221; link=&#8221;url:https%3A%2F%2Fwww.electroluxprofessional.com%2Ffr-be%2Fcontacteer-ons-2%2F|title:Contactez-nous&#8221; background_image_media_library=&#8221;13647&#8243; background_image_media_library_mobile=&#8221;13647&#8243; extra_class=&#8221;full&#8221;][vc_empty_space][elx_heading font_container=&#8221;h1&#8243; text_color=&#8221;electrolux-blue&#8221; text_align=&#8221;text-center&#8221;]D\u00e9couvrez notre Centre d&#8217;Excellence<\/p>\n<p>dans l&#8217;usine embl\u00e9matique de Van Nelle.[\/elx_heading][vc_empty_space][vc_column_text]<\/p>\n<p id=\"tw-target-text\" class=\"tw-data-text tw-text-large tw-ta\" dir=\"ltr\" style=\"text-align: center;\">Pr\u00e9voyez-vous une r\u00e9novation de cuisine ou cherchez un produit de remplacement ?<br \/>\nAvez-vous besoin de conseils d&#8217;experts pour prendre les bonnes d\u00e9cisions ?<\/p>\n<p style=\"text-align: center;\"><strong>Notre Centre d&#8217;Excellence est \u00e0 votre service.<\/strong><\/p>\n<p>[\/vc_column_text][vc_empty_space][elx_video_text link_video=&#8221;https:\/\/www.youtube.com\/watch?v=rVtqB_vZ0QY&#8221; title=&#8221;Un aper\u00e7u de notre showroom \u00e0 Rotterdam !&#8221; bg_row=&#8221;bg-download-white&#8221; image_preview=&#8221;13653&#8243;]Un lieu inspirant o\u00f9 clients, partenaires et professionnels se r\u00e9unissent pour d\u00e9couvrir les derni\u00e8res innovations en mati\u00e8re de solutions professionnelles pour cuisines et laveries.[\/elx_video_text][vc_empty_space][vc_empty_space][elx_text_image style_image=&#8221;image_square&#8221; bg_row=&#8221;bg-download-white&#8221; title=&#8221;Un showroom sp\u00e9cialement con\u00e7u pour vous !&#8221; lists=&#8221;%5B%7B%7D%5D&#8221; single_image=&#8221;13685&#8243; values=&#8221;%5B%7B%7D%2C%7B%7D%5D&#8221;]Le Centre d&#8217;Excellence (CoE) \u00e0 Rotterdam est situ\u00e9 dans <strong>l&#8217;embl\u00e9matique<\/strong> <strong>usine Van Nelle<\/strong>, un lieu historique et inspirant.<\/p>\n<p>Nous y recevons les clients pour des visites de <strong>showroom, organisons des d\u00e9monstrations de produits et proposons des formations sp\u00e9cialis\u00e9es.<\/strong> Le CoE est l&#8217;endroit o\u00f9 les professionnels de l&#8217;horeca peuvent voir nos <strong>solutions en action, les exp\u00e9rimenter eux-m\u00eames et dialoguer avec nos experts.<\/strong><\/p>\n<p>Nos Centres d&#8217;Excellence sont con\u00e7us pour offrir <strong>une exp\u00e9rience compl\u00e8te<\/strong> et hautement personnalis\u00e9e. Les visiteurs sont invit\u00e9s \u00e0 prendre connaissance du portefeuille produits et clients d\u2019Electrolux Professional, \u00e0 d\u00e9couvrir les innovations de pointe pour <strong>la restauration, les boissons et la blanchisserie<\/strong>, et \u00e0 profiter <strong>de s\u00e9minaires, \u00e9v\u00e9nements et d\u00e9monstrations<\/strong> en direct dans les cuisines d&#8217;application.[\/elx_text_image][vc_empty_space][elx_text_image number_images=&#8221;n&#8221; style_image=&#8221;image_horizontal&#8221; image_position=&#8221;image_left&#8221; image_position_mobile=&#8221;mobile-order-4&#8243; bg_row=&#8221;bg-download-white&#8221; title=&#8221;Profitez d&#8217;une exp\u00e9rience compl\u00e8te et exclusive dans notre Centre d&#8217;Excellence.&#8221; lists=&#8221;%5B%7B%7D%5D&#8221; values=&#8221;%5B%7B%7D%5D&#8221; multi_images=&#8221;13651,13646,13652&#8243;]<strong>Les d\u00e9monstrations culinaires en direct<\/strong> offrent une opportunit\u00e9 unique de partager des exp\u00e9riences, de s&#8217;inspirer et de d\u00e9couvrir comment le travail en cuisine peut devenir plus facile, plus s\u00fbr \u2014 et donc plus rentable \u2014 gr\u00e2ce aux solutions Electrolux Professional.[\/elx_text_image][vc_empty_space][\/vc_column][\/vc_row][vc_row][vc_column width=&#8221;1\/6&#8243;][vc_empty_space][\/vc_column][vc_column width=&#8221;2\/3&#8243;][vc_column_text][\/vc_column_text][\/vc_column][vc_column width=&#8221;1\/6&#8243;][vc_empty_space][\/vc_column][\/vc_row][vc_row disable_element=&#8221;yes&#8221;][vc_column width=&#8221;1\/6&#8243;][vc_empty_space][\/vc_column][vc_column width=&#8221;2\/3&#8243;][elx_double_banner background_image_media_library_1=&#8221;13648&#8243; title_1=&#8221;D\u00e9monstrations culinaires&#8221; title_mobile_1=&#8221;D\u00e9monstrations culinaires&#8221; title_2=&#8221;Ateliers solutions durables&#8221; title_mobile_2=&#8221;Ateliers solutions durables&#8221; background_image_media_library_2=&#8221;13649&#8243; link_1=&#8221;url:https%3A%2F%2Fwww.electroluxprofessional.com%2Ffr-be%2Fdemonstrations-culinaires-centre-excellence%2F|title:D%C3%A9couvrir&#8221; link_2=&#8221;url:https%3A%2F%2Fwww.electroluxprofessional.com%2Ffr-be%2Fsolutions-durables-centre-excellence%2F|title:D%C3%A9couvrir&#8221;][\/vc_column][vc_column width=&#8221;1\/6&#8243;][vc_empty_space][\/vc_column][\/vc_row][vc_row][vc_column][vc_empty_space][\/vc_column][\/vc_row][vc_row el_id=&#8221;contact&#8221;][vc_column][elx_heading text_color=&#8221;inherit&#8221; text_align=&#8221;text-center&#8221;]Avez-vous une question ou souhaitez-vous visiter notre showroom ?[\/elx_heading][elx_heading font_container=&#8221;h6&#8243; text_color=&#8221;inherit&#8221; text_align=&#8221;text-center&#8221;]Contactez-nous via le formulaire ci-dessous.[\/elx_heading][vc_empty_space][elx_o2000_contact_us s=&#8221;Demande d&#8217;informations sur le Centre d&#8217;Excellence&#8221; request_type=&#8221;Other&#8221; flag_hide_request_type=&#8221;true&#8221; country=&#8221;Belgium&#8221; b=&#8221;food&#8221; text_color=&#8221;#14133B&#8221; thanks=&#8221;Merci beaucoup pour votre demande. Un expert vous contactera prochainement.&#8221; r=&#8221;Merci pour votre demande.&#8221;][\/vc_column][\/vc_row]<\/p>\n","protected":false},"excerpt":{"rendered":"<p>[vc_row full_width=&#8221;electroluxpro-full-width-no-padding&#8221;][vc_column][elx_full_banner title=&#8221;Notre Centre d&#8217;Excellence vous ouvre ses portes.&#8221; set_as_h1=&#8221;true&#8221; link=&#8221;url:https%3A%2F%2Fwww.electroluxprofessional.com%2Ffr-be%2Fcontacteer-ons-2%2F|title:Contactez-nous&#8221; background_image_media_library=&#8221;13647&#8243; background_image_media_library_mobile=&#8221;13647&#8243; extra_class=&#8221;full&#8221;][vc_empty_space][elx_heading font_container=&#8221;h1&#8243; text_color=&#8221;electrolux-blue&#8221; text_align=&#8221;text-center&#8221;]D\u00e9couvrez notre Centre d&#8217;Excellence dans l&#8217;usine embl\u00e9matique de Van Nelle.[\/elx_heading][vc_empty_space][vc_column_text] Pr\u00e9voyez-vous une r\u00e9novation de cuisine ou cherchez un produit de remplacement ? Avez-vous besoin de conseils d&#8217;experts pour prendre les bonnes d\u00e9cisions ? Notre Centre d&#8217;Excellence est \u00e0 votre [&hellip;]<\/p>\n","protected":false},"author":125,"featured_media":13646,"parent":0,"menu_order":0,"comment_status":"closed","ping_status":"closed","template":"","meta":{"footnotes":""},"class_list":["post-13654","page","type-page","status-publish","has-post-thumbnail","hentry"],"acf":[],"yoast_head":"<!-- This site is optimized with the Yoast SEO plugin v23.3 - https:\/\/yoast.com\/wordpress\/plugins\/seo\/ -->\n<title>Ons Centre of Excellence opent zijn deuren voor u<\/title>\n<meta name=\"description\" content=\"Wilt u uw toekomstige professionele keukenapparatuur ontdekken en testen? Wilt u meer weten over onze duurzame oplossingen? Registreer u dan gratis.\" \/>\n<meta name=\"robots\" content=\"index, follow, max-snippet:-1, max-image-preview:large, max-video-preview:-1\" \/>\n<link rel=\"canonical\" href=\"https:\/\/www.electroluxprofessional.com\/fr-be\/center-excellence-benelux\/\" \/>\n<meta property=\"og:locale\" content=\"fr_FR\" \/>\n<meta property=\"og:type\" content=\"article\" \/>\n<meta property=\"og:title\" content=\"Ons Centre of Excellence opent zijn deuren voor u\" \/>\n<meta property=\"og:description\" content=\"Wilt u uw toekomstige professionele keukenapparatuur ontdekken en testen? Wilt u meer weten over onze duurzame oplossingen? Registreer u dan gratis.\" \/>\n<meta property=\"og:url\" content=\"https:\/\/www.electroluxprofessional.com\/fr-be\/center-excellence-benelux\/\" \/>\n<meta property=\"og:site_name\" content=\"Electrolux Professional Belgique\" \/>\n<meta property=\"article:modified_time\" content=\"2025-07-07T09:12:49+00:00\" \/>\n<meta property=\"og:image\" content=\"https:\/\/www.electroluxprofessional.com\/fr-be\/wp-content\/uploads\/2025\/07\/0O3A8129-1.jpg\" \/>\n\t<meta property=\"og:image:width\" content=\"818\" \/>\n\t<meta property=\"og:image:height\" content=\"546\" \/>\n\t<meta property=\"og:image:type\" content=\"image\/jpeg\" \/>\n<meta name=\"twitter:card\" content=\"summary_large_image\" \/>\n<meta name=\"twitter:label1\" content=\"Dur\u00e9e de lecture est.\" \/>\n\t<meta name=\"twitter:data1\" content=\"2 minutes\" \/>\n<script type=\"application\/ld+json\" class=\"yoast-schema-graph\">{\"@context\":\"https:\/\/schema.org\",\"@graph\":[{\"@type\":\"WebPage\",\"@id\":\"https:\/\/www.electroluxprofessional.com\/fr-be\/center-excellence-benelux\/\",\"url\":\"https:\/\/www.electroluxprofessional.com\/fr-be\/center-excellence-benelux\/\",\"name\":\"Ons Centre of Excellence opent zijn deuren voor u\",\"isPartOf\":{\"@id\":\"https:\/\/www.electroluxprofessional.com\/fr-be\/#website\"},\"primaryImageOfPage\":{\"@id\":\"https:\/\/www.electroluxprofessional.com\/fr-be\/center-excellence-benelux\/#primaryimage\"},\"image\":{\"@id\":\"https:\/\/www.electroluxprofessional.com\/fr-be\/center-excellence-benelux\/#primaryimage\"},\"thumbnailUrl\":\"https:\/\/www.electroluxprofessional.com\/fr-be\/wp-content\/uploads\/2025\/07\/0O3A8129-1.jpg\",\"datePublished\":\"2025-07-03T09:31:33+00:00\",\"dateModified\":\"2025-07-07T09:12:49+00:00\",\"description\":\"Wilt u uw toekomstige professionele keukenapparatuur ontdekken en testen? Wilt u meer weten over onze duurzame oplossingen? Registreer u dan gratis.\",\"breadcrumb\":{\"@id\":\"https:\/\/www.electroluxprofessional.com\/fr-be\/center-excellence-benelux\/#breadcrumb\"},\"inLanguage\":\"fr-BE\",\"potentialAction\":[{\"@type\":\"ReadAction\",\"target\":[\"https:\/\/www.electroluxprofessional.com\/fr-be\/center-excellence-benelux\/\"]}]},{\"@type\":\"ImageObject\",\"inLanguage\":\"fr-BE\",\"@id\":\"https:\/\/www.electroluxprofessional.com\/fr-be\/center-excellence-benelux\/#primaryimage\",\"url\":\"https:\/\/www.electroluxprofessional.com\/fr-be\/wp-content\/uploads\/2025\/07\/0O3A8129-1.jpg\",\"contentUrl\":\"https:\/\/www.electroluxprofessional.com\/fr-be\/wp-content\/uploads\/2025\/07\/0O3A8129-1.jpg\",\"width\":818,\"height\":546},{\"@type\":\"BreadcrumbList\",\"@id\":\"https:\/\/www.electroluxprofessional.com\/fr-be\/center-excellence-benelux\/#breadcrumb\",\"itemListElement\":[{\"@type\":\"ListItem\",\"position\":1,\"name\":\"Home\",\"item\":\"https:\/\/www.electroluxprofessional.com\/fr-be\/\"},{\"@type\":\"ListItem\",\"position\":2,\"name\":\"Notre Centre d&#8217;Excellence vous ouvre ses portes.\"}]},{\"@type\":\"WebSite\",\"@id\":\"https:\/\/www.electroluxprofessional.com\/fr-be\/#website\",\"url\":\"https:\/\/www.electroluxprofessional.com\/fr-be\/\",\"name\":\"Electrolux Professional Belgique\",\"description\":\"Electrolux Professional est le leader mondial en mati\u00e8re d&#039;\u00e9quipements de cuisines et de blanchisseries professionnelles.\",\"potentialAction\":[{\"@type\":\"SearchAction\",\"target\":{\"@type\":\"EntryPoint\",\"urlTemplate\":\"https:\/\/www.electroluxprofessional.com\/fr-be\/?src={search_term_string}\"},\"query-input\":\"required name=search_term_string\"}],\"inLanguage\":\"fr-BE\"}]}<\/script>\n<!-- \/ Yoast SEO plugin. -->","yoast_head_json":{"title":"Ons Centre of Excellence opent zijn deuren voor u","description":"Wilt u uw toekomstige professionele keukenapparatuur ontdekken en testen? Wilt u meer weten over onze duurzame oplossingen? Registreer u dan gratis.","robots":{"index":"index","follow":"follow","max-snippet":"max-snippet:-1","max-image-preview":"max-image-preview:large","max-video-preview":"max-video-preview:-1"},"canonical":"https:\/\/www.electroluxprofessional.com\/fr-be\/center-excellence-benelux\/","og_locale":"fr_FR","og_type":"article","og_title":"Ons Centre of Excellence opent zijn deuren voor u","og_description":"Wilt u uw toekomstige professionele keukenapparatuur ontdekken en testen? Wilt u meer weten over onze duurzame oplossingen? Registreer u dan gratis.","og_url":"https:\/\/www.electroluxprofessional.com\/fr-be\/center-excellence-benelux\/","og_site_name":"Electrolux Professional Belgique","article_modified_time":"2025-07-07T09:12:49+00:00","og_image":[{"width":818,"height":546,"url":"https:\/\/www.electroluxprofessional.com\/fr-be\/wp-content\/uploads\/2025\/07\/0O3A8129-1.jpg","type":"image\/jpeg"}],"twitter_card":"summary_large_image","twitter_misc":{"Dur\u00e9e de lecture est.":"2 minutes"},"schema":{"@context":"https:\/\/schema.org","@graph":[{"@type":"WebPage","@id":"https:\/\/www.electroluxprofessional.com\/fr-be\/center-excellence-benelux\/","url":"https:\/\/www.electroluxprofessional.com\/fr-be\/center-excellence-benelux\/","name":"Ons Centre of Excellence opent zijn deuren voor u","isPartOf":{"@id":"https:\/\/www.electroluxprofessional.com\/fr-be\/#website"},"primaryImageOfPage":{"@id":"https:\/\/www.electroluxprofessional.com\/fr-be\/center-excellence-benelux\/#primaryimage"},"image":{"@id":"https:\/\/www.electroluxprofessional.com\/fr-be\/center-excellence-benelux\/#primaryimage"},"thumbnailUrl":"https:\/\/www.electroluxprofessional.com\/fr-be\/wp-content\/uploads\/2025\/07\/0O3A8129-1.jpg","datePublished":"2025-07-03T09:31:33+00:00","dateModified":"2025-07-07T09:12:49+00:00","description":"Wilt u uw toekomstige professionele keukenapparatuur ontdekken en testen? Wilt u meer weten over onze duurzame oplossingen? Registreer u dan gratis.","breadcrumb":{"@id":"https:\/\/www.electroluxprofessional.com\/fr-be\/center-excellence-benelux\/#breadcrumb"},"inLanguage":"fr-BE","potentialAction":[{"@type":"ReadAction","target":["https:\/\/www.electroluxprofessional.com\/fr-be\/center-excellence-benelux\/"]}]},{"@type":"ImageObject","inLanguage":"fr-BE","@id":"https:\/\/www.electroluxprofessional.com\/fr-be\/center-excellence-benelux\/#primaryimage","url":"https:\/\/www.electroluxprofessional.com\/fr-be\/wp-content\/uploads\/2025\/07\/0O3A8129-1.jpg","contentUrl":"https:\/\/www.electroluxprofessional.com\/fr-be\/wp-content\/uploads\/2025\/07\/0O3A8129-1.jpg","width":818,"height":546},{"@type":"BreadcrumbList","@id":"https:\/\/www.electroluxprofessional.com\/fr-be\/center-excellence-benelux\/#breadcrumb","itemListElement":[{"@type":"ListItem","position":1,"name":"Home","item":"https:\/\/www.electroluxprofessional.com\/fr-be\/"},{"@type":"ListItem","position":2,"name":"Notre Centre d&#8217;Excellence vous ouvre ses portes."}]},{"@type":"WebSite","@id":"https:\/\/www.electroluxprofessional.com\/fr-be\/#website","url":"https:\/\/www.electroluxprofessional.com\/fr-be\/","name":"Electrolux Professional Belgique","description":"Electrolux Professional est le leader mondial en mati\u00e8re d&#039;\u00e9quipements de cuisines et de blanchisseries professionnelles.","potentialAction":[{"@type":"SearchAction","target":{"@type":"EntryPoint","urlTemplate":"https:\/\/www.electroluxprofessional.com\/fr-be\/?src={search_term_string}"},"query-input":"required name=search_term_string"}],"inLanguage":"fr-BE"}]}},"_links":{"self":[{"href":"https:\/\/www.electroluxprofessional.com\/fr-be\/wp-json\/wp\/v2\/pages\/13654"}],"collection":[{"href":"https:\/\/www.electroluxprofessional.com\/fr-be\/wp-json\/wp\/v2\/pages"}],"about":[{"href":"https:\/\/www.electroluxprofessional.com\/fr-be\/wp-json\/wp\/v2\/types\/page"}],"author":[{"embeddable":true,"href":"https:\/\/www.electroluxprofessional.com\/fr-be\/wp-json\/wp\/v2\/users\/125"}],"replies":[{"embeddable":true,"href":"https:\/\/www.electroluxprofessional.com\/fr-be\/wp-json\/wp\/v2\/comments?post=13654"}],"version-history":[{"count":4,"href":"https:\/\/www.electroluxprofessional.com\/fr-be\/wp-json\/wp\/v2\/pages\/13654\/revisions"}],"predecessor-version":[{"id":13655,"href":"https:\/\/www.electroluxprofessional.com\/fr-be\/wp-json\/wp\/v2\/pages\/13654\/revisions\/13655"}],"wp:featuredmedia":[{"embeddable":true,"href":"https:\/\/www.electroluxprofessional.com\/fr-be\/wp-json\/wp\/v2\/media\/13646"}],"wp:attachment":[{"href":"https:\/\/www.electroluxprofessional.com\/fr-be\/wp-json\/wp\/v2\/media?parent=13654"}],"curies":[{"name":"wp","href":"https:\/\/api.w.org\/{rel}","templated":true}]}}