{"id":12752,"date":"2024-02-28T16:04:53","date_gmt":"2024-02-28T16:04:53","guid":{"rendered":"https:\/\/www.electroluxprofessional.com\/fr-be\/?page_id=12752"},"modified":"2025-11-05T16:44:49","modified_gmt":"2025-11-05T16:44:49","slug":"blanchisserie-commerciale","status":"publish","type":"page","link":"https:\/\/www.electroluxprofessional.com\/fr-be\/votre-profil\/blanchisserie-commerciale\/","title":{"rendered":"Blanchisserie commerciale"},"content":{"rendered":"<p>[vc_row full_width=&#8221;electroluxpro-full-width-no-padding&#8221;][vc_column][elx_image_block background_image=&#8221;12749&#8243; minimum_height=&#8221;500px&#8221;][vc_empty_space][elx_heading font_container=&#8221;h1&#8243; font_size=&#8221;h2&#8243; text_color=&#8221;inherit&#8221; text_align=&#8221;text-center&#8221;]<strong>Blanchisserie commerciale <\/strong>[\/elx_heading][\/vc_column][\/vc_row][vc_row][vc_column][vc_empty_space][vc_column_text]<\/p>\n<p style=\"text-align: center;\">Comme tous les professionnels de la blanchisserie commerciale le savent, pour r\u00e9ussir, vous devez r\u00e9pondre aux besoins de vos clients et vous n&#8217;avez pas le droit \u00e0 l&#8217;erreur.<\/p>\n<p style=\"text-align: center;\">Ceci exige que vous puissiez faire une confiance totale en votre fabricant de solutions de blanchisserie.<\/p>\n<p>[\/vc_column_text][vc_empty_space][elx_button button_text=&#8221;Contacter un expert&#8221; button_style=&#8221;default&#8221; button_display_block=&#8221;display_block_on&#8221; button_alignment=&#8221;align_center&#8221; button_link=&#8221;url:%23contact&#8221;][vc_empty_space][\/vc_column][\/vc_row][vc_row full_width=&#8221;electroluxpro-container-no-padding&#8221; equal_height=&#8221;yes&#8221; css=&#8221;.vc_custom_1489058058169{background-color: #f8f6f9 !important;}&#8221;][vc_column width=&#8221;1\/2&#8243;][elx_image_block background_image=&#8221;12750&#8243; minimum_height=&#8221;500px&#8221;][\/vc_column][vc_column width=&#8221;1\/2&#8243;][elx_simple_block background_color=&#8221;inherit&#8221;][elx_heading text_color=&#8221;inherit&#8221;]<strong>Choisissez un partenaire de confiance <\/strong>[\/elx_heading][vc_column_text css_animation=&#8221;right-to-left&#8221;]Vous avez besoin d&#8217;un partenaire qui propose une gamme compl\u00e8te d&#8217;<strong>\u00e9quipements de haute performance<\/strong>, qui dispose de connaissances sur la blanchisserie industrielle et commerciale et dont le <strong>SAV est fiable<\/strong>. Pour vous offrir l&#8217;expertise et l&#8217;assistance dont vous avez besoin, <strong>Electrolux Professional s&#8217;est entour\u00e9 des meilleurs partenaires, bureaux d&#8217;\u00e9tudes, fabricants, techniciens SAV<\/strong>,&#8230; car notre r\u00e9ussite d\u00e9pend de la v\u00f4tre.[\/vc_column_text][\/elx_simple_block][vc_empty_space][\/vc_column][\/vc_row][vc_row full_width=&#8221;electroluxpro-container-no-padding&#8221; equal_height=&#8221;yes&#8221; css=&#8221;.vc_custom_1489058063422{background-color: #f8f6f9 !important;}&#8221;][vc_column width=&#8221;1\/2&#8243; offset=&#8221;vc_hidden-sm vc_hidden-xs&#8221;][elx_simple_block background_color=&#8221;inherit&#8221;][elx_heading text_color=&#8221;inherit&#8221;]<strong>Mat\u00e9riel professionnel : hygi\u00e8ne, ergonomie &amp; efficacit\u00e9<\/strong>[\/elx_heading][vc_column_text css_animation=&#8221;right-to-left&#8221;]Pour \u00e9quiper les blanchisseries commerciales industrielles, Electrolux Professional propose une gamme compl\u00e8te Line 6000 :<\/p>\n<ul>\n<li><a href=\"https:\/\/www.electroluxprofessional.com\/fr-be\/equipement-blanchisserie\/laveuses-essoreuses-frontales\/\">laveuses essoreuses<\/a> et <a href=\"https:\/\/www.electroluxprofessional.com\/fr-be\/equipement-blanchisserie\/sechoirs-rotatifs\/\">s\u00e8che-linge rotatifs<\/a> jusqu&#8217;\u00e0 110 kg<\/li>\n<li><a href=\"https:\/\/www.electroluxprofessional.com\/fr-be\/equipement-blanchisserie\/secheuses-repasseuses\/\">s\u00e9cheuses repasseuses<\/a><\/li>\n<\/ul>\n<p>Nous r\u00e9alisons des blanchisseries pour garantir une prestation linge de qualit\u00e9 qui respecte l\u2019hygi\u00e8ne conform\u00e9ment aux exigences de l\u2019Accr\u00e9ditation et au syst\u00e8me RABC pour la s\u00e9curit\u00e9 de vos clients. Nos implantations sont pens\u00e9es pour am\u00e9liorer l\u2019ergonomie et l\u2019efficacit\u00e9 des postes de travail, suivre et enregistrer toutes les \u00e9tapes du traitement du linge pour une tra\u00e7abilit\u00e9 compl\u00e8te gr\u00e2ce \u00e0 une gestion informatis\u00e9e.[\/vc_column_text][\/elx_simple_block][vc_empty_space][\/vc_column][vc_column width=&#8221;1\/2&#8243; offset=&#8221;vc_hidden-sm vc_hidden-xs&#8221;][elx_image_block background_image=&#8221;12751&#8243; minimum_height=&#8221;660px&#8221;][\/vc_column][\/vc_row][vc_row full_width=&#8221;electroluxpro-container-no-padding&#8221; equal_height=&#8221;yes&#8221; css=&#8221;.vc_custom_1489058063422{background-color: #f8f6f9 !important;}&#8221;][vc_column width=&#8221;1\/2&#8243; offset=&#8221;vc_hidden-lg vc_hidden-md&#8221;][elx_image_block background_image=&#8221;12751&#8243; minimum_height=&#8221;660px&#8221;][\/vc_column][vc_column width=&#8221;1\/2&#8243; offset=&#8221;vc_hidden-lg vc_hidden-md&#8221;][elx_simple_block background_color=&#8221;inherit&#8221;][elx_heading text_color=&#8221;inherit&#8221;]<strong>Mat\u00e9riel industriel, hygi\u00e8ne, ergonomie &amp; efficacit\u00e9<\/strong>[\/elx_heading][vc_column_text css_animation=&#8221;right-to-left&#8221;]Pour \u00e9quiper les blanchisseries commerciales industrielles, Electrolux Professional propose une gamme compl\u00e8te Line 6000 :<\/p>\n<ul>\n<li><a href=\"https:\/\/www.electroluxprofessional.com\/fr-be\/equipement-blanchisserie\/laveuses-essoreuses-frontales\/\">laveuses essoreuses<\/a> et <a href=\"https:\/\/www.electroluxprofessional.com\/fr-be\/equipement-blanchisserie\/sechoirs-rotatifs\/\">s\u00e9choirs rotatifs<\/a> jusqu&#8217;\u00e0 110 kg<\/li>\n<li><a href=\"https:\/\/www.electroluxprofessional.com\/fr-be\/equipement-blanchisserie\/secheuses-repasseuses\/\">s\u00e9cheuses repasseuses<\/a><\/li>\n<\/ul>\n<p>Nous r\u00e9alisons des blanchisseries pour garantir une prestation linge de qualit\u00e9 qui respecte l\u2019hygi\u00e8ne conform\u00e9ment aux exigences de l\u2019Accr\u00e9ditation et au syst\u00e8me RABC pour la s\u00e9curit\u00e9 de vos clients. Nos implantations sont pens\u00e9es pour am\u00e9liorer l\u2019ergonomie et l\u2019efficacit\u00e9 des postes de travail, suivre et enregistrer toutes les \u00e9tapes du traitement du linge pour une tra\u00e7abilit\u00e9 compl\u00e8te gr\u00e2ce \u00e0 une gestion informatis\u00e9e.[\/vc_column_text][\/elx_simple_block][\/vc_column][\/vc_row][vc_row][vc_column][vc_empty_space][elx_button button_text=&#8221;D\u00e9couvrir la gamme Line 6000&#8243; button_display_block=&#8221;display_block_on&#8221; button_alignment=&#8221;align_center&#8221; css=&#8221;.vc_custom_1713771674327{margin-right: 15px !important;margin-bottom: 10px !important;}&#8221; button_link=&#8221;url:https%3A%2F%2Fwww.electroluxprofessional.com%2Ffr-be%2Fblanchisserie-2%2Fsechoir-pompe-a-chaleur%2F|target:_blank&#8221;][vc_empty_space height=&#8221;20px&#8221;][\/vc_column][\/vc_row][vc_row full_width=&#8221;electroluxpro-container-no-padding&#8221; css=&#8221;.vc_custom_1700749568328{background-color: #f8f6f9 !important;}&#8221; el_id=&#8221;contact&#8221;][vc_column][elx_heading text_color=&#8221;inherit&#8221; text_align=&#8221;text-center&#8221;]<strong>Vous avez un projet ou vous souhaitez plus d&#8217;informations ?<br \/>\nContactez nos experts ! <\/strong>[\/elx_heading][vc_empty_space height=&#8221;15px&#8221;][elx_o2000_contact_us s=&#8221;Demande de renseignements : projet de blanchisserie |Blanchisserie commerciale&#8221; country=&#8221;Belgium&#8221; b=&#8221;laundry&#8221; container=&#8221;elxcontactus1491826986&#8243; r=&#8221;Je souhaite \u00eatre recontact\u00e9(e) par les experts Electrolux Professionnel pour parler de mon projet de blanchisserie.&#8221; e=&#8221;professionnel@electrolux.com&#8221; l=&#8221;fr&#8221;][vc_empty_space height=&#8221;15px&#8221;][\/vc_column][\/vc_row]<\/p>\n","protected":false},"excerpt":{"rendered":"<p>[vc_row full_width=&#8221;electroluxpro-full-width-no-padding&#8221;][vc_column][elx_image_block background_image=&#8221;12749&#8243; minimum_height=&#8221;500px&#8221;][vc_empty_space][elx_heading font_container=&#8221;h1&#8243; font_size=&#8221;h2&#8243; text_color=&#8221;inherit&#8221; text_align=&#8221;text-center&#8221;]Blanchisserie commerciale [\/elx_heading][\/vc_column][\/vc_row][vc_row][vc_column][vc_empty_space][vc_column_text] Comme tous les professionnels de la blanchisserie commerciale le savent, pour r\u00e9ussir, vous devez r\u00e9pondre aux besoins de vos clients et vous n&#8217;avez pas le droit \u00e0 l&#8217;erreur. Ceci exige que vous puissiez faire une confiance totale en votre fabricant de solutions de blanchisserie. [\/vc_column_text][vc_empty_space][elx_button [&hellip;]<\/p>\n","protected":false},"author":38,"featured_media":0,"parent":2716,"menu_order":0,"comment_status":"closed","ping_status":"closed","template":"","meta":{"footnotes":""},"class_list":["post-12752","page","type-page","status-publish","hentry"],"acf":[],"yoast_head":"<!-- This site is optimized with the Yoast SEO plugin v23.3 - https:\/\/yoast.com\/wordpress\/plugins\/seo\/ -->\n<title>Blanchisserie commerciale - Electrolux Professional Belgique<\/title>\n<meta name=\"description\" content=\"D\u00e9couvrez les solutions pour blanchisserie commerciale propos\u00e9es par Electrolux Professional, votre expert en hygi\u00e8ne.\" \/>\n<meta name=\"robots\" content=\"index, follow, max-snippet:-1, max-image-preview:large, max-video-preview:-1\" \/>\n<link rel=\"canonical\" href=\"https:\/\/www.electroluxprofessional.com\/fr-be\/votre-profil\/blanchisserie-commerciale\/\" \/>\n<meta property=\"og:locale\" content=\"fr_FR\" \/>\n<meta property=\"og:type\" content=\"article\" \/>\n<meta property=\"og:title\" content=\"Blanchisserie commerciale - Electrolux Professional Belgique\" \/>\n<meta property=\"og:description\" content=\"D\u00e9couvrez les solutions pour blanchisserie commerciale propos\u00e9es par Electrolux Professional, votre expert en hygi\u00e8ne.\" \/>\n<meta property=\"og:url\" content=\"https:\/\/www.electroluxprofessional.com\/fr-be\/votre-profil\/blanchisserie-commerciale\/\" \/>\n<meta property=\"og:site_name\" content=\"Electrolux Professional Belgique\" \/>\n<meta property=\"article:modified_time\" content=\"2025-11-05T16:44:49+00:00\" \/>\n<meta name=\"twitter:card\" content=\"summary_large_image\" \/>\n<meta name=\"twitter:label1\" content=\"Dur\u00e9e de lecture est.\" \/>\n\t<meta name=\"twitter:data1\" content=\"3 minutes\" \/>\n<script type=\"application\/ld+json\" class=\"yoast-schema-graph\">{\"@context\":\"https:\/\/schema.org\",\"@graph\":[{\"@type\":\"WebPage\",\"@id\":\"https:\/\/www.electroluxprofessional.com\/fr-be\/votre-profil\/blanchisserie-commerciale\/\",\"url\":\"https:\/\/www.electroluxprofessional.com\/fr-be\/votre-profil\/blanchisserie-commerciale\/\",\"name\":\"Blanchisserie commerciale - Electrolux Professional Belgique\",\"isPartOf\":{\"@id\":\"https:\/\/www.electroluxprofessional.com\/fr-be\/#website\"},\"datePublished\":\"2024-02-28T16:04:53+00:00\",\"dateModified\":\"2025-11-05T16:44:49+00:00\",\"description\":\"D\u00e9couvrez les solutions pour blanchisserie commerciale propos\u00e9es par Electrolux Professional, votre expert en hygi\u00e8ne.\",\"breadcrumb\":{\"@id\":\"https:\/\/www.electroluxprofessional.com\/fr-be\/votre-profil\/blanchisserie-commerciale\/#breadcrumb\"},\"inLanguage\":\"fr-BE\",\"potentialAction\":[{\"@type\":\"ReadAction\",\"target\":[\"https:\/\/www.electroluxprofessional.com\/fr-be\/votre-profil\/blanchisserie-commerciale\/\"]}]},{\"@type\":\"BreadcrumbList\",\"@id\":\"https:\/\/www.electroluxprofessional.com\/fr-be\/votre-profil\/blanchisserie-commerciale\/#breadcrumb\",\"itemListElement\":[{\"@type\":\"ListItem\",\"position\":1,\"name\":\"Home\",\"item\":\"https:\/\/www.electroluxprofessional.com\/fr-be\/\"},{\"@type\":\"ListItem\",\"position\":2,\"name\":\"Votre profil\",\"item\":\"https:\/\/www.electroluxprofessional.com\/fr-be\/votre-profil\/\"},{\"@type\":\"ListItem\",\"position\":3,\"name\":\"Blanchisserie commerciale\"}]},{\"@type\":\"WebSite\",\"@id\":\"https:\/\/www.electroluxprofessional.com\/fr-be\/#website\",\"url\":\"https:\/\/www.electroluxprofessional.com\/fr-be\/\",\"name\":\"Electrolux Professional Belgique\",\"description\":\"Electrolux Professional est le leader mondial en mati\u00e8re d&#039;\u00e9quipements de cuisines et de blanchisseries professionnelles.\",\"potentialAction\":[{\"@type\":\"SearchAction\",\"target\":{\"@type\":\"EntryPoint\",\"urlTemplate\":\"https:\/\/www.electroluxprofessional.com\/fr-be\/?src={search_term_string}\"},\"query-input\":\"required name=search_term_string\"}],\"inLanguage\":\"fr-BE\"}]}<\/script>\n<!-- \/ Yoast SEO plugin. -->","yoast_head_json":{"title":"Blanchisserie commerciale - Electrolux Professional Belgique","description":"D\u00e9couvrez les solutions pour blanchisserie commerciale propos\u00e9es par Electrolux Professional, votre expert en hygi\u00e8ne.","robots":{"index":"index","follow":"follow","max-snippet":"max-snippet:-1","max-image-preview":"max-image-preview:large","max-video-preview":"max-video-preview:-1"},"canonical":"https:\/\/www.electroluxprofessional.com\/fr-be\/votre-profil\/blanchisserie-commerciale\/","og_locale":"fr_FR","og_type":"article","og_title":"Blanchisserie commerciale - Electrolux Professional Belgique","og_description":"D\u00e9couvrez les solutions pour blanchisserie commerciale propos\u00e9es par Electrolux Professional, votre expert en hygi\u00e8ne.","og_url":"https:\/\/www.electroluxprofessional.com\/fr-be\/votre-profil\/blanchisserie-commerciale\/","og_site_name":"Electrolux Professional Belgique","article_modified_time":"2025-11-05T16:44:49+00:00","twitter_card":"summary_large_image","twitter_misc":{"Dur\u00e9e de lecture est.":"3 minutes"},"schema":{"@context":"https:\/\/schema.org","@graph":[{"@type":"WebPage","@id":"https:\/\/www.electroluxprofessional.com\/fr-be\/votre-profil\/blanchisserie-commerciale\/","url":"https:\/\/www.electroluxprofessional.com\/fr-be\/votre-profil\/blanchisserie-commerciale\/","name":"Blanchisserie commerciale - Electrolux Professional Belgique","isPartOf":{"@id":"https:\/\/www.electroluxprofessional.com\/fr-be\/#website"},"datePublished":"2024-02-28T16:04:53+00:00","dateModified":"2025-11-05T16:44:49+00:00","description":"D\u00e9couvrez les solutions pour blanchisserie commerciale propos\u00e9es par Electrolux Professional, votre expert en hygi\u00e8ne.","breadcrumb":{"@id":"https:\/\/www.electroluxprofessional.com\/fr-be\/votre-profil\/blanchisserie-commerciale\/#breadcrumb"},"inLanguage":"fr-BE","potentialAction":[{"@type":"ReadAction","target":["https:\/\/www.electroluxprofessional.com\/fr-be\/votre-profil\/blanchisserie-commerciale\/"]}]},{"@type":"BreadcrumbList","@id":"https:\/\/www.electroluxprofessional.com\/fr-be\/votre-profil\/blanchisserie-commerciale\/#breadcrumb","itemListElement":[{"@type":"ListItem","position":1,"name":"Home","item":"https:\/\/www.electroluxprofessional.com\/fr-be\/"},{"@type":"ListItem","position":2,"name":"Votre profil","item":"https:\/\/www.electroluxprofessional.com\/fr-be\/votre-profil\/"},{"@type":"ListItem","position":3,"name":"Blanchisserie commerciale"}]},{"@type":"WebSite","@id":"https:\/\/www.electroluxprofessional.com\/fr-be\/#website","url":"https:\/\/www.electroluxprofessional.com\/fr-be\/","name":"Electrolux Professional Belgique","description":"Electrolux Professional est le leader mondial en mati\u00e8re d&#039;\u00e9quipements de cuisines et de blanchisseries professionnelles.","potentialAction":[{"@type":"SearchAction","target":{"@type":"EntryPoint","urlTemplate":"https:\/\/www.electroluxprofessional.com\/fr-be\/?src={search_term_string}"},"query-input":"required name=search_term_string"}],"inLanguage":"fr-BE"}]}},"_links":{"self":[{"href":"https:\/\/www.electroluxprofessional.com\/fr-be\/wp-json\/wp\/v2\/pages\/12752"}],"collection":[{"href":"https:\/\/www.electroluxprofessional.com\/fr-be\/wp-json\/wp\/v2\/pages"}],"about":[{"href":"https:\/\/www.electroluxprofessional.com\/fr-be\/wp-json\/wp\/v2\/types\/page"}],"author":[{"embeddable":true,"href":"https:\/\/www.electroluxprofessional.com\/fr-be\/wp-json\/wp\/v2\/users\/38"}],"replies":[{"embeddable":true,"href":"https:\/\/www.electroluxprofessional.com\/fr-be\/wp-json\/wp\/v2\/comments?post=12752"}],"version-history":[{"count":6,"href":"https:\/\/www.electroluxprofessional.com\/fr-be\/wp-json\/wp\/v2\/pages\/12752\/revisions"}],"predecessor-version":[{"id":14127,"href":"https:\/\/www.electroluxprofessional.com\/fr-be\/wp-json\/wp\/v2\/pages\/12752\/revisions\/14127"}],"up":[{"embeddable":true,"href":"https:\/\/www.electroluxprofessional.com\/fr-be\/wp-json\/wp\/v2\/pages\/2716"}],"wp:attachment":[{"href":"https:\/\/www.electroluxprofessional.com\/fr-be\/wp-json\/wp\/v2\/media?parent=12752"}],"curies":[{"name":"wp","href":"https:\/\/api.w.org\/{rel}","templated":true}]}}