{"id":12747,"date":"2024-02-28T16:02:28","date_gmt":"2024-02-28T16:02:28","guid":{"rendered":"https:\/\/www.electroluxprofessional.com\/fr-be\/?page_id=12747"},"modified":"2025-11-05T16:45:35","modified_gmt":"2025-11-05T16:45:35","slug":"laverie-immeuble","status":"publish","type":"page","link":"https:\/\/www.electroluxprofessional.com\/fr-be\/votre-profil\/laverie-immeuble\/","title":{"rendered":"Laverie d&#8217;immeuble"},"content":{"rendered":"<p>[vc_row full_width=&#8221;electroluxpro-full-width&#8221;][vc_column][elx_image_block background_image=&#8221;12744&#8243; minimum_height=&#8221;400px&#8221;][\/vc_column][\/vc_row][vc_row][vc_column][vc_empty_space][elx_heading font_container=&#8221;h1&#8243; font_size=&#8221;h2&#8243; text_color=&#8221;inherit&#8221; text_align=&#8221;text-center&#8221;]<strong>L&#8217;excellence pour votre laverie d&#8217;immeuble<\/strong><br \/>\n[\/elx_heading][vc_empty_space][vc_column_text]<\/p>\n<p style=\"text-align: center;\"><strong>Offrir un espace privatis\u00e9 et s\u00e9curis\u00e9 aux habitants<\/strong><\/p>\n<p style=\"text-align: center;\">Laver son linge en toute s\u00e9curit\u00e9, y compris les grosses pi\u00e8ces, gr\u00e2ce \u00e0 des mat\u00e9riels professionnels, esth\u00e9tiques, \u00e9conomiques et qui respectent l\u2019environnement.<\/p>\n<p style=\"text-align: center;\">Les propri\u00e9taires ont compris les \u00e9conomies qu&#8217;ils peuvent faire en fournissant \u00e0 leurs locataires un espace laverie commun.<\/p>\n<p>[\/vc_column_text][vc_empty_space][\/vc_column][\/vc_row][vc_row full_width=&#8221;electroluxpro-container-no-padding&#8221; equal_height=&#8221;yes&#8221; css=&#8221;.vc_custom_1489058058169{background-color: #f8f6f9 !important;}&#8221;][vc_column width=&#8221;1\/2&#8243;][elx_simple_block background_color=&#8221;inherit&#8221;][elx_heading text_color=&#8221;inherit&#8221;]<strong>Laver son linge en toute libert\u00e9<\/strong><br \/>\n[\/elx_heading][vc_column_text css_animation=&#8221;right-to-left&#8221;]<strong>Convivialit\u00e9, faibles frais de gestion, fiabilit\u00e9 et rapidit\u00e9.<\/strong> Les entreprises du b\u00e2timent et propri\u00e9taires ont compris les <strong>\u00e9conomies r\u00e9alis\u00e9es<\/strong> en int\u00e9grant une laverie dans l\u2019immeuble. Cette formule particuli\u00e8rement d\u00e9velopp\u00e9e dans d&#8217;autres pays a permis \u00e0 Electrolux Professional d&#8217;acqu\u00e9rir<strong> exp\u00e9rience et savoir-faire<\/strong> dans ce domaine. Une seule laverie r\u00e9duit les risques de d\u00e9g\u00e2ts des eaux, les risques d\u2019accident, les nuisances sonores, les vibrations \u2026<\/p>\n<p>Avec la laverie d\u2019immeuble, les r\u00e9sidents peuvent laver leur linge quand ils le veulent en toute libert\u00e9 et en toute s\u00e9curit\u00e9.[\/vc_column_text][\/elx_simple_block][\/vc_column][vc_column width=&#8221;1\/2&#8243;][elx_image_block background_image=&#8221;12745&#8243; minimum_height=&#8221;500px&#8221;][\/vc_column][\/vc_row][vc_row full_width=&#8221;electroluxpro-container-no-padding&#8221; equal_height=&#8221;yes&#8221; css=&#8221;.vc_custom_1489058063422{background-color: #f8f6f9 !important;}&#8221;][vc_column width=&#8221;1\/2&#8243;][elx_image_block background_image=&#8221;12746&#8243; minimum_height=&#8221;660px&#8221;][\/vc_column][vc_column width=&#8221;1\/2&#8243;][elx_simple_block background_color=&#8221;inherit&#8221;][elx_heading text_color=&#8221;inherit&#8221;]<strong>Ce qui fait toute la diff\u00e9rence<\/strong><br \/>\n[\/elx_heading][vc_column_text css_animation=&#8221;right-to-left&#8221;]<strong>S\u00e9curit\u00e9<br \/>\n<\/strong>Laverie priv\u00e9e, int\u00e9gr\u00e9e \u00e0 l&#8217;immeuble dont l&#8217;acc\u00e8s et l&#8217;usage sont r\u00e9serv\u00e9s aux r\u00e9sidents : rencontrer ses voisins en toute convivialit\u00e9 \u00e0 l&#8217;abri des intemp\u00e9ries et des agressions.<\/p>\n<p><strong>Economies<br \/>\n<\/strong>R\u00e9duire la consommation d&#8217;eau de 50%, r\u00e9duire la consommation d&#8217;\u00e9nergie gr\u00e2ce \u00e0 l&#8217;arriv\u00e9e eau chaude, r\u00e9duire le temps pass\u00e9 \u00e0 la lessive gr\u00e2ce des cycles courts professionnels.<\/p>\n<p><strong>Ecologie<br \/>\n<\/strong>Laverie respectueuse de l&#8217;environnement : lessives liquides biod\u00e9gradables \u00e0 100%, pas de surdosage avec la distribution automatique de lessive, ma\u00eetrise des rejets, les mat\u00e9riels sont recycl\u00e9s \u00e0 95% en fin de vie.[\/vc_column_text][\/elx_simple_block][\/vc_column][\/vc_row][vc_row][vc_column][vc_empty_space][elx_heading text_color=&#8221;inherit&#8221; text_align=&#8221;text-center&#8221;]Vous avez un projet ou vous souhaitez plus d&#8217;informations ?<br \/>\nContactez-nous via notre formulaire :[\/elx_heading][vc_empty_space][elx_o2000_contact_us s=&#8221;Demande d&#8217;informations laverie immeuble&#8221; country=&#8221;Belgium&#8221; b=&#8221;laundry&#8221; text_color=&#8221;#14133B&#8221; thanks=&#8221;Merci pour votre demande, un expert vous contactera sous peu.&#8221;][vc_empty_space][\/vc_column][\/vc_row]<\/p>\n","protected":false},"excerpt":{"rendered":"<p>[vc_row full_width=&#8221;electroluxpro-full-width&#8221;][vc_column][elx_image_block background_image=&#8221;12744&#8243; minimum_height=&#8221;400px&#8221;][\/vc_column][\/vc_row][vc_row][vc_column][vc_empty_space][elx_heading font_container=&#8221;h1&#8243; font_size=&#8221;h2&#8243; text_color=&#8221;inherit&#8221; text_align=&#8221;text-center&#8221;]L&#8217;excellence pour votre laverie d&#8217;immeuble [\/elx_heading][vc_empty_space][vc_column_text] Offrir un espace privatis\u00e9 et s\u00e9curis\u00e9 aux habitants Laver son linge en toute s\u00e9curit\u00e9, y compris les grosses pi\u00e8ces, gr\u00e2ce \u00e0 des mat\u00e9riels professionnels, esth\u00e9tiques, \u00e9conomiques et qui respectent l\u2019environnement. Les propri\u00e9taires ont compris les \u00e9conomies qu&#8217;ils peuvent faire en fournissant \u00e0 [&hellip;]<\/p>\n","protected":false},"author":38,"featured_media":0,"parent":2716,"menu_order":0,"comment_status":"closed","ping_status":"closed","template":"","meta":{"footnotes":""},"class_list":["post-12747","page","type-page","status-publish","hentry"],"acf":[],"yoast_head":"<!-- This site is optimized with the Yoast SEO plugin v23.3 - https:\/\/yoast.com\/wordpress\/plugins\/seo\/ -->\n<title>Laverie d&#039;immeuble - Electrolux Professional Belgique<\/title>\n<meta name=\"description\" content=\"D\u00e9couvrez les solutions de laverie pour immeuble par Electrolux Professional, votre expert en hygi\u00e8ne.\" \/>\n<meta name=\"robots\" content=\"index, follow, max-snippet:-1, max-image-preview:large, max-video-preview:-1\" \/>\n<link rel=\"canonical\" href=\"https:\/\/www.electroluxprofessional.com\/fr-be\/votre-profil\/laverie-immeuble\/\" \/>\n<meta property=\"og:locale\" content=\"fr_FR\" \/>\n<meta property=\"og:type\" content=\"article\" \/>\n<meta property=\"og:title\" content=\"Laverie d&#039;immeuble - Electrolux Professional Belgique\" \/>\n<meta property=\"og:description\" content=\"D\u00e9couvrez les solutions de laverie pour immeuble par Electrolux Professional, votre expert en hygi\u00e8ne.\" \/>\n<meta property=\"og:url\" content=\"https:\/\/www.electroluxprofessional.com\/fr-be\/votre-profil\/laverie-immeuble\/\" \/>\n<meta property=\"og:site_name\" content=\"Electrolux Professional Belgique\" \/>\n<meta property=\"article:modified_time\" content=\"2025-11-05T16:45:35+00:00\" \/>\n<meta name=\"twitter:card\" content=\"summary_large_image\" \/>\n<meta name=\"twitter:label1\" content=\"Dur\u00e9e de lecture est.\" \/>\n\t<meta name=\"twitter:data1\" content=\"2 minutes\" \/>\n<script type=\"application\/ld+json\" class=\"yoast-schema-graph\">{\"@context\":\"https:\/\/schema.org\",\"@graph\":[{\"@type\":\"WebPage\",\"@id\":\"https:\/\/www.electroluxprofessional.com\/fr-be\/votre-profil\/laverie-immeuble\/\",\"url\":\"https:\/\/www.electroluxprofessional.com\/fr-be\/votre-profil\/laverie-immeuble\/\",\"name\":\"Laverie d'immeuble - Electrolux Professional Belgique\",\"isPartOf\":{\"@id\":\"https:\/\/www.electroluxprofessional.com\/fr-be\/#website\"},\"datePublished\":\"2024-02-28T16:02:28+00:00\",\"dateModified\":\"2025-11-05T16:45:35+00:00\",\"description\":\"D\u00e9couvrez les solutions de laverie pour immeuble par Electrolux Professional, votre expert en hygi\u00e8ne.\",\"breadcrumb\":{\"@id\":\"https:\/\/www.electroluxprofessional.com\/fr-be\/votre-profil\/laverie-immeuble\/#breadcrumb\"},\"inLanguage\":\"fr-BE\",\"potentialAction\":[{\"@type\":\"ReadAction\",\"target\":[\"https:\/\/www.electroluxprofessional.com\/fr-be\/votre-profil\/laverie-immeuble\/\"]}]},{\"@type\":\"BreadcrumbList\",\"@id\":\"https:\/\/www.electroluxprofessional.com\/fr-be\/votre-profil\/laverie-immeuble\/#breadcrumb\",\"itemListElement\":[{\"@type\":\"ListItem\",\"position\":1,\"name\":\"Home\",\"item\":\"https:\/\/www.electroluxprofessional.com\/fr-be\/\"},{\"@type\":\"ListItem\",\"position\":2,\"name\":\"Votre profil\",\"item\":\"https:\/\/www.electroluxprofessional.com\/fr-be\/votre-profil\/\"},{\"@type\":\"ListItem\",\"position\":3,\"name\":\"Laverie d&#8217;immeuble\"}]},{\"@type\":\"WebSite\",\"@id\":\"https:\/\/www.electroluxprofessional.com\/fr-be\/#website\",\"url\":\"https:\/\/www.electroluxprofessional.com\/fr-be\/\",\"name\":\"Electrolux Professional Belgique\",\"description\":\"Electrolux Professional est le leader mondial en mati\u00e8re d&#039;\u00e9quipements de cuisines et de blanchisseries professionnelles.\",\"potentialAction\":[{\"@type\":\"SearchAction\",\"target\":{\"@type\":\"EntryPoint\",\"urlTemplate\":\"https:\/\/www.electroluxprofessional.com\/fr-be\/?src={search_term_string}\"},\"query-input\":\"required name=search_term_string\"}],\"inLanguage\":\"fr-BE\"}]}<\/script>\n<!-- \/ Yoast SEO plugin. -->","yoast_head_json":{"title":"Laverie d'immeuble - Electrolux Professional Belgique","description":"D\u00e9couvrez les solutions de laverie pour immeuble par Electrolux Professional, votre expert en hygi\u00e8ne.","robots":{"index":"index","follow":"follow","max-snippet":"max-snippet:-1","max-image-preview":"max-image-preview:large","max-video-preview":"max-video-preview:-1"},"canonical":"https:\/\/www.electroluxprofessional.com\/fr-be\/votre-profil\/laverie-immeuble\/","og_locale":"fr_FR","og_type":"article","og_title":"Laverie d'immeuble - Electrolux Professional Belgique","og_description":"D\u00e9couvrez les solutions de laverie pour immeuble par Electrolux Professional, votre expert en hygi\u00e8ne.","og_url":"https:\/\/www.electroluxprofessional.com\/fr-be\/votre-profil\/laverie-immeuble\/","og_site_name":"Electrolux Professional Belgique","article_modified_time":"2025-11-05T16:45:35+00:00","twitter_card":"summary_large_image","twitter_misc":{"Dur\u00e9e de lecture est.":"2 minutes"},"schema":{"@context":"https:\/\/schema.org","@graph":[{"@type":"WebPage","@id":"https:\/\/www.electroluxprofessional.com\/fr-be\/votre-profil\/laverie-immeuble\/","url":"https:\/\/www.electroluxprofessional.com\/fr-be\/votre-profil\/laverie-immeuble\/","name":"Laverie d'immeuble - Electrolux Professional Belgique","isPartOf":{"@id":"https:\/\/www.electroluxprofessional.com\/fr-be\/#website"},"datePublished":"2024-02-28T16:02:28+00:00","dateModified":"2025-11-05T16:45:35+00:00","description":"D\u00e9couvrez les solutions de laverie pour immeuble par Electrolux Professional, votre expert en hygi\u00e8ne.","breadcrumb":{"@id":"https:\/\/www.electroluxprofessional.com\/fr-be\/votre-profil\/laverie-immeuble\/#breadcrumb"},"inLanguage":"fr-BE","potentialAction":[{"@type":"ReadAction","target":["https:\/\/www.electroluxprofessional.com\/fr-be\/votre-profil\/laverie-immeuble\/"]}]},{"@type":"BreadcrumbList","@id":"https:\/\/www.electroluxprofessional.com\/fr-be\/votre-profil\/laverie-immeuble\/#breadcrumb","itemListElement":[{"@type":"ListItem","position":1,"name":"Home","item":"https:\/\/www.electroluxprofessional.com\/fr-be\/"},{"@type":"ListItem","position":2,"name":"Votre profil","item":"https:\/\/www.electroluxprofessional.com\/fr-be\/votre-profil\/"},{"@type":"ListItem","position":3,"name":"Laverie d&#8217;immeuble"}]},{"@type":"WebSite","@id":"https:\/\/www.electroluxprofessional.com\/fr-be\/#website","url":"https:\/\/www.electroluxprofessional.com\/fr-be\/","name":"Electrolux Professional Belgique","description":"Electrolux Professional est le leader mondial en mati\u00e8re d&#039;\u00e9quipements de cuisines et de blanchisseries professionnelles.","potentialAction":[{"@type":"SearchAction","target":{"@type":"EntryPoint","urlTemplate":"https:\/\/www.electroluxprofessional.com\/fr-be\/?src={search_term_string}"},"query-input":"required name=search_term_string"}],"inLanguage":"fr-BE"}]}},"_links":{"self":[{"href":"https:\/\/www.electroluxprofessional.com\/fr-be\/wp-json\/wp\/v2\/pages\/12747"}],"collection":[{"href":"https:\/\/www.electroluxprofessional.com\/fr-be\/wp-json\/wp\/v2\/pages"}],"about":[{"href":"https:\/\/www.electroluxprofessional.com\/fr-be\/wp-json\/wp\/v2\/types\/page"}],"author":[{"embeddable":true,"href":"https:\/\/www.electroluxprofessional.com\/fr-be\/wp-json\/wp\/v2\/users\/38"}],"replies":[{"embeddable":true,"href":"https:\/\/www.electroluxprofessional.com\/fr-be\/wp-json\/wp\/v2\/comments?post=12747"}],"version-history":[{"count":3,"href":"https:\/\/www.electroluxprofessional.com\/fr-be\/wp-json\/wp\/v2\/pages\/12747\/revisions"}],"predecessor-version":[{"id":14129,"href":"https:\/\/www.electroluxprofessional.com\/fr-be\/wp-json\/wp\/v2\/pages\/12747\/revisions\/14129"}],"up":[{"embeddable":true,"href":"https:\/\/www.electroluxprofessional.com\/fr-be\/wp-json\/wp\/v2\/pages\/2716"}],"wp:attachment":[{"href":"https:\/\/www.electroluxprofessional.com\/fr-be\/wp-json\/wp\/v2\/media?parent=12747"}],"curies":[{"name":"wp","href":"https:\/\/api.w.org\/{rel}","templated":true}]}}