{"id":12725,"date":"2024-02-28T15:57:52","date_gmt":"2024-02-28T15:57:52","guid":{"rendered":"https:\/\/www.electroluxprofessional.com\/fr-be\/?page_id=12725"},"modified":"2024-05-21T14:58:33","modified_gmt":"2024-05-21T14:58:33","slug":"laverie-self-pressing-blanchisserie","status":"publish","type":"page","link":"https:\/\/www.electroluxprofessional.com\/fr-be\/votre-profil\/laverie-self-pressing-blanchisserie\/","title":{"rendered":"Laverie self &#8211; pressing &#8211; blanchisserie"},"content":{"rendered":"<p>[vc_row full_width=&#8221;electroluxpro-full-width-no-padding&#8221; css=&#8221;.vc_custom_1486387648926{padding-bottom: 20px !important;}&#8221;][vc_column][elx_hero_title label=&#8221;&#8221; label_background_color=&#8221;inherit&#8221; background_image=&#8221;12720&#8243;][elx_heading font_container=&#8221;h1&#8243; text_color=&#8221;white&#8221; text_align=&#8221;text-center&#8221;]Laverie self &#8211; pressing &#8211; blanchisserie[\/elx_heading][\/elx_hero_title][vc_empty_space height=&#8221;20&#8243;][\/vc_column][\/vc_row][vc_row full_width=&#8221;stretch_row_content&#8221;][vc_column][elx_heading text_color=&#8221;inherit&#8221; text_align=&#8221;text-center&#8221;]D\u00e9couvrez nos solutions\u00a0laverie self &#8211; pressing &#8211; blanchisserie[\/elx_heading][vc_empty_space][vc_column_text css=&#8221;.vc_custom_1690271413318{padding-right: 100px !important;padding-left: 100px !important;}&#8221;]<\/p>\n<p style=\"text-align: center;\">En choisissant Electrolux\u00a0Professional, vous choisissez un partenaire, pr\u00e9sent \u00e0 chaque \u00e9tape de votre projet laverie, pressing ou blanchisserie.<br \/>\nC&#8217;est ainsi que nous concevons l&#8217;id\u00e9e d&#8217;une solution compl\u00e8te pour votre outil de travail, votre source de revenus quotidiens.<br \/>\nElectrolux Professional vous propose une gamme compl\u00e8te d&#8217;\u00e9quipements de haute performance et un service de proximit\u00e9 pour garantir vos r\u00e9sultats.<span style=\"color: #808080; font-family: Arial; font-size: small;\">\u00a0<\/span>[\/vc_column_text][vc_empty_space][\/vc_column][\/vc_row][vc_row css=&#8221;.vc_custom_1690218964444{background-color: #f8f6f9 !important;}&#8221;][vc_column width=&#8221;1\/2&#8243;][vc_empty_space][vc_single_image image=&#8221;12721&#8243; img_size=&#8221;600*400&#8243; alignment=&#8221;center&#8221;][elx_heading text_color=&#8221;inherit&#8221;]Pressing[\/elx_heading][vc_empty_space][vc_column_text]D\u00e9couvrez Lagoon Advanced Care,\u00a0notre solution pressing &#8220;Nettoyage \u00e0 l&#8217;eau&#8221; pour prendre soin\u00a0en douceur de tous les textiles, m\u00eame les plus d\u00e9licats.[\/vc_column_text][vc_empty_space][elx_button button_text=&#8221;En savoir plus&#8221; button_style=&#8221;default&#8221; button_display_block=&#8221;display_block_on&#8221; button_alignment=&#8221;align_center&#8221; button_link=&#8221;url:https%3A%2F%2Fwww.electroluxprofessional.com%2Ffr-be%2Fsolutions%2Flaverie-self-pressing-blanchisserie-nettoyage-a-leau%2F&#8221;][\/vc_column][vc_column width=&#8221;1\/2&#8243;][vc_empty_space][vc_single_image image=&#8221;12722&#8243; img_size=&#8221;600*400&#8243; alignment=&#8221;center&#8221;][elx_heading text_color=&#8221;inherit&#8221;]Laverie libre-service[\/elx_heading][vc_empty_space][vc_column_text]Votre laverie libre-service \u00e0 la hauteur de vos ambitions avec des laveuses et s\u00e9choirs faciles d&#8217;utilisation, performants et durables.[\/vc_column_text][vc_empty_space][elx_button button_text=&#8221;En savoir plus&#8221; button_style=&#8221;default&#8221; button_display_block=&#8221;display_block_on&#8221; button_alignment=&#8221;align_center&#8221; button_link=&#8221;url:https%3A%2F%2Fwww.electroluxprofessional.com%2Ffr-be%2Fvotre-profil%2Flaverie-salon%2F&#8221;][\/vc_column][\/vc_row][vc_row full_width=&#8221;electroluxpro-container-no-padding&#8221; css=&#8221;.vc_custom_1690218022378{background-color: #f8f6f9 !important;}&#8221;][vc_column][vc_empty_space][\/vc_column][\/vc_row][vc_row css=&#8221;.vc_custom_1690218964444{background-color: #f8f6f9 !important;}&#8221;][vc_column width=&#8221;1\/2&#8243;][vc_empty_space][vc_single_image image=&#8221;12723&#8243; img_size=&#8221;600*400&#8243; alignment=&#8221;center&#8221;][elx_heading text_color=&#8221;inherit&#8221;]Blanchisserie commerciale[\/elx_heading][vc_empty_space][vc_column_text]Comme tous les professionnels de la blanchisserie commerciale le savent, vous devez r\u00e9pondre aux besoins les plus exigeants de vos clients.[\/vc_column_text][vc_empty_space][elx_button button_text=&#8221;En savoir plus&#8221; button_style=&#8221;default&#8221; button_display_block=&#8221;display_block_on&#8221; button_alignment=&#8221;align_center&#8221; button_link=&#8221;url:https%3A%2F%2Fwww.electroluxprofessional.com%2Ffr-be%2Fvotre-profil%2Fblanchisserie-commerciale%2F&#8221;][\/vc_column][vc_column width=&#8221;1\/2&#8243;][vc_empty_space][vc_single_image image=&#8221;12724&#8243; img_size=&#8221;600*400&#8243; alignment=&#8221;center&#8221;][elx_heading text_color=&#8221;inherit&#8221;]Laverie de copropri\u00e9t\u00e9[\/elx_heading][vc_empty_space][vc_column_text]Les propri\u00e9taires ont compris les \u00e9conomies qu&#8217;ils peuvent faire en fournissant \u00e0 leurs locataires un espace laverie commun.[\/vc_column_text][vc_empty_space][elx_button button_text=&#8221;En savoir plus&#8221; button_style=&#8221;default&#8221; button_display_block=&#8221;display_block_on&#8221; button_alignment=&#8221;align_center&#8221; button_link=&#8221;url:https%3A%2F%2Fwww.electroluxprofessional.com%2Ffr-be%2Fvotre-profil%2Flaverie-immeuble%2F&#8221;][\/vc_column][\/vc_row][vc_row css=&#8221;.vc_custom_1690217588436{background-color: #f8f6f9 !important;}&#8221;][vc_column][vc_empty_space][\/vc_column][\/vc_row][vc_row][vc_column][vc_empty_space][elx_heading text_color=&#8221;inherit&#8221; text_align=&#8221;text-center&#8221;]Vous souhaitez en savoir plus sur nos solutions de blanchisserie ?<br \/>\nContactez-nous via notre formulaire :[\/elx_heading][vc_empty_space][elx_o2000_contact_us s=&#8221;Demande d&#8217;informations solutions de blanchisserie&#8221; country=&#8221;Belgium&#8221; b=&#8221;laundry&#8221; thanks=&#8221;Merci pour votre demande, un sp\u00e9cialiste vous contactera sous peu.&#8221; r=&#8221;Je souhaiterais en savoir plus \u00e0 propos des solutions de blanchisserie&#8221;][\/vc_column][\/vc_row]<\/p>\n","protected":false},"excerpt":{"rendered":"<p>[vc_row full_width=&#8221;electroluxpro-full-width-no-padding&#8221; css=&#8221;.vc_custom_1486387648926{padding-bottom: 20px !important;}&#8221;][vc_column][elx_hero_title label=&#8221;&#8221; label_background_color=&#8221;inherit&#8221; background_image=&#8221;12720&#8243;][elx_heading font_container=&#8221;h1&#8243; text_color=&#8221;white&#8221; text_align=&#8221;text-center&#8221;]Laverie self &#8211; pressing &#8211; blanchisserie[\/elx_heading][\/elx_hero_title][vc_empty_space height=&#8221;20&#8243;][\/vc_column][\/vc_row][vc_row full_width=&#8221;stretch_row_content&#8221;][vc_column][elx_heading text_color=&#8221;inherit&#8221; text_align=&#8221;text-center&#8221;]D\u00e9couvrez nos solutions\u00a0laverie self &#8211; pressing &#8211; blanchisserie[\/elx_heading][vc_empty_space][vc_column_text css=&#8221;.vc_custom_1690271413318{padding-right: 100px !important;padding-left: 100px !important;}&#8221;] En choisissant Electrolux\u00a0Professional, vous choisissez un partenaire, pr\u00e9sent \u00e0 chaque \u00e9tape de votre projet laverie, pressing ou blanchisserie. C&#8217;est ainsi que nous concevons [&hellip;]<\/p>\n","protected":false},"author":38,"featured_media":0,"parent":2716,"menu_order":0,"comment_status":"closed","ping_status":"closed","template":"","meta":{"footnotes":""},"class_list":["post-12725","page","type-page","status-publish","hentry"],"acf":[],"yoast_head":"<!-- This site is optimized with the Yoast SEO plugin v23.3 - https:\/\/yoast.com\/wordpress\/plugins\/seo\/ -->\n<title>Laverie self - pressing - blanchisserie - Electrolux Professional Belgique<\/title>\n<meta name=\"description\" content=\"D\u00e9couvrez nos solutions pour les laveries self, pressings ou blanchisseries commerciales. Electrolux Professional, votre expert en hygi\u00e8ne.\" \/>\n<meta name=\"robots\" content=\"index, follow, max-snippet:-1, max-image-preview:large, max-video-preview:-1\" \/>\n<link rel=\"canonical\" href=\"https:\/\/www.electroluxprofessional.com\/fr-be\/votre-profil\/laverie-self-pressing-blanchisserie\/\" \/>\n<meta property=\"og:locale\" content=\"fr_FR\" \/>\n<meta property=\"og:type\" content=\"article\" \/>\n<meta property=\"og:title\" content=\"Laverie self - pressing - blanchisserie - Electrolux Professional Belgique\" \/>\n<meta property=\"og:description\" content=\"D\u00e9couvrez nos solutions pour les laveries self, pressings ou blanchisseries commerciales. Electrolux Professional, votre expert en hygi\u00e8ne.\" \/>\n<meta property=\"og:url\" content=\"https:\/\/www.electroluxprofessional.com\/fr-be\/votre-profil\/laverie-self-pressing-blanchisserie\/\" \/>\n<meta property=\"og:site_name\" content=\"Electrolux Professional Belgique\" \/>\n<meta property=\"article:modified_time\" content=\"2024-05-21T14:58:33+00:00\" \/>\n<meta name=\"twitter:card\" content=\"summary_large_image\" \/>\n<meta name=\"twitter:label1\" content=\"Dur\u00e9e de lecture est.\" \/>\n\t<meta name=\"twitter:data1\" content=\"2 minutes\" \/>\n<script type=\"application\/ld+json\" class=\"yoast-schema-graph\">{\"@context\":\"https:\/\/schema.org\",\"@graph\":[{\"@type\":\"WebPage\",\"@id\":\"https:\/\/www.electroluxprofessional.com\/fr-be\/votre-profil\/laverie-self-pressing-blanchisserie\/\",\"url\":\"https:\/\/www.electroluxprofessional.com\/fr-be\/votre-profil\/laverie-self-pressing-blanchisserie\/\",\"name\":\"Laverie self - pressing - blanchisserie - Electrolux Professional Belgique\",\"isPartOf\":{\"@id\":\"https:\/\/www.electroluxprofessional.com\/fr-be\/#website\"},\"datePublished\":\"2024-02-28T15:57:52+00:00\",\"dateModified\":\"2024-05-21T14:58:33+00:00\",\"description\":\"D\u00e9couvrez nos solutions pour les laveries self, pressings ou blanchisseries commerciales. Electrolux Professional, votre expert en hygi\u00e8ne.\",\"breadcrumb\":{\"@id\":\"https:\/\/www.electroluxprofessional.com\/fr-be\/votre-profil\/laverie-self-pressing-blanchisserie\/#breadcrumb\"},\"inLanguage\":\"fr-BE\",\"potentialAction\":[{\"@type\":\"ReadAction\",\"target\":[\"https:\/\/www.electroluxprofessional.com\/fr-be\/votre-profil\/laverie-self-pressing-blanchisserie\/\"]}]},{\"@type\":\"BreadcrumbList\",\"@id\":\"https:\/\/www.electroluxprofessional.com\/fr-be\/votre-profil\/laverie-self-pressing-blanchisserie\/#breadcrumb\",\"itemListElement\":[{\"@type\":\"ListItem\",\"position\":1,\"name\":\"Home\",\"item\":\"https:\/\/www.electroluxprofessional.com\/fr-be\/\"},{\"@type\":\"ListItem\",\"position\":2,\"name\":\"Votre profil\",\"item\":\"https:\/\/www.electroluxprofessional.com\/fr-be\/votre-profil\/\"},{\"@type\":\"ListItem\",\"position\":3,\"name\":\"Laverie self &#8211; pressing &#8211; blanchisserie\"}]},{\"@type\":\"WebSite\",\"@id\":\"https:\/\/www.electroluxprofessional.com\/fr-be\/#website\",\"url\":\"https:\/\/www.electroluxprofessional.com\/fr-be\/\",\"name\":\"Electrolux Professional Belgique\",\"description\":\"Electrolux Professional est le leader mondial en mati\u00e8re d&#039;\u00e9quipements de cuisines et de blanchisseries professionnelles.\",\"potentialAction\":[{\"@type\":\"SearchAction\",\"target\":{\"@type\":\"EntryPoint\",\"urlTemplate\":\"https:\/\/www.electroluxprofessional.com\/fr-be\/?src={search_term_string}\"},\"query-input\":\"required name=search_term_string\"}],\"inLanguage\":\"fr-BE\"}]}<\/script>\n<!-- \/ Yoast SEO plugin. -->","yoast_head_json":{"title":"Laverie self - pressing - blanchisserie - Electrolux Professional Belgique","description":"D\u00e9couvrez nos solutions pour les laveries self, pressings ou blanchisseries commerciales. Electrolux Professional, votre expert en hygi\u00e8ne.","robots":{"index":"index","follow":"follow","max-snippet":"max-snippet:-1","max-image-preview":"max-image-preview:large","max-video-preview":"max-video-preview:-1"},"canonical":"https:\/\/www.electroluxprofessional.com\/fr-be\/votre-profil\/laverie-self-pressing-blanchisserie\/","og_locale":"fr_FR","og_type":"article","og_title":"Laverie self - pressing - blanchisserie - Electrolux Professional Belgique","og_description":"D\u00e9couvrez nos solutions pour les laveries self, pressings ou blanchisseries commerciales. Electrolux Professional, votre expert en hygi\u00e8ne.","og_url":"https:\/\/www.electroluxprofessional.com\/fr-be\/votre-profil\/laverie-self-pressing-blanchisserie\/","og_site_name":"Electrolux Professional Belgique","article_modified_time":"2024-05-21T14:58:33+00:00","twitter_card":"summary_large_image","twitter_misc":{"Dur\u00e9e de lecture est.":"2 minutes"},"schema":{"@context":"https:\/\/schema.org","@graph":[{"@type":"WebPage","@id":"https:\/\/www.electroluxprofessional.com\/fr-be\/votre-profil\/laverie-self-pressing-blanchisserie\/","url":"https:\/\/www.electroluxprofessional.com\/fr-be\/votre-profil\/laverie-self-pressing-blanchisserie\/","name":"Laverie self - pressing - blanchisserie - Electrolux Professional Belgique","isPartOf":{"@id":"https:\/\/www.electroluxprofessional.com\/fr-be\/#website"},"datePublished":"2024-02-28T15:57:52+00:00","dateModified":"2024-05-21T14:58:33+00:00","description":"D\u00e9couvrez nos solutions pour les laveries self, pressings ou blanchisseries commerciales. Electrolux Professional, votre expert en hygi\u00e8ne.","breadcrumb":{"@id":"https:\/\/www.electroluxprofessional.com\/fr-be\/votre-profil\/laverie-self-pressing-blanchisserie\/#breadcrumb"},"inLanguage":"fr-BE","potentialAction":[{"@type":"ReadAction","target":["https:\/\/www.electroluxprofessional.com\/fr-be\/votre-profil\/laverie-self-pressing-blanchisserie\/"]}]},{"@type":"BreadcrumbList","@id":"https:\/\/www.electroluxprofessional.com\/fr-be\/votre-profil\/laverie-self-pressing-blanchisserie\/#breadcrumb","itemListElement":[{"@type":"ListItem","position":1,"name":"Home","item":"https:\/\/www.electroluxprofessional.com\/fr-be\/"},{"@type":"ListItem","position":2,"name":"Votre profil","item":"https:\/\/www.electroluxprofessional.com\/fr-be\/votre-profil\/"},{"@type":"ListItem","position":3,"name":"Laverie self &#8211; pressing &#8211; blanchisserie"}]},{"@type":"WebSite","@id":"https:\/\/www.electroluxprofessional.com\/fr-be\/#website","url":"https:\/\/www.electroluxprofessional.com\/fr-be\/","name":"Electrolux Professional Belgique","description":"Electrolux Professional est le leader mondial en mati\u00e8re d&#039;\u00e9quipements de cuisines et de blanchisseries professionnelles.","potentialAction":[{"@type":"SearchAction","target":{"@type":"EntryPoint","urlTemplate":"https:\/\/www.electroluxprofessional.com\/fr-be\/?src={search_term_string}"},"query-input":"required name=search_term_string"}],"inLanguage":"fr-BE"}]}},"_links":{"self":[{"href":"https:\/\/www.electroluxprofessional.com\/fr-be\/wp-json\/wp\/v2\/pages\/12725"}],"collection":[{"href":"https:\/\/www.electroluxprofessional.com\/fr-be\/wp-json\/wp\/v2\/pages"}],"about":[{"href":"https:\/\/www.electroluxprofessional.com\/fr-be\/wp-json\/wp\/v2\/types\/page"}],"author":[{"embeddable":true,"href":"https:\/\/www.electroluxprofessional.com\/fr-be\/wp-json\/wp\/v2\/users\/38"}],"replies":[{"embeddable":true,"href":"https:\/\/www.electroluxprofessional.com\/fr-be\/wp-json\/wp\/v2\/comments?post=12725"}],"version-history":[{"count":5,"href":"https:\/\/www.electroluxprofessional.com\/fr-be\/wp-json\/wp\/v2\/pages\/12725\/revisions"}],"predecessor-version":[{"id":13201,"href":"https:\/\/www.electroluxprofessional.com\/fr-be\/wp-json\/wp\/v2\/pages\/12725\/revisions\/13201"}],"up":[{"embeddable":true,"href":"https:\/\/www.electroluxprofessional.com\/fr-be\/wp-json\/wp\/v2\/pages\/2716"}],"wp:attachment":[{"href":"https:\/\/www.electroluxprofessional.com\/fr-be\/wp-json\/wp\/v2\/media?parent=12725"}],"curies":[{"name":"wp","href":"https:\/\/api.w.org\/{rel}","templated":true}]}}