{"id":12397,"date":"2023-09-20T07:38:57","date_gmt":"2023-09-20T07:38:57","guid":{"rendered":"https:\/\/www.electroluxprofessional.com\/fr-be\/?page_id=12397"},"modified":"2025-02-27T17:19:40","modified_gmt":"2025-02-27T17:19:40","slug":"offre-cuisine-professionnelle","status":"publish","type":"page","link":"https:\/\/www.electroluxprofessional.com\/fr-be\/cuisine-2\/offre-cuisine-professionnelle\/","title":{"rendered":"Une cuisine professionnelle pour moins de 20 000\u20ac"},"content":{"rendered":"<p>[vc_row full_width=&#8221;electroluxpro-full-width-no-padding&#8221;][vc_column][elx_image_block background_image=&#8221;12500&#8243; minimum_height=&#8221;470px&#8221;][\/vc_column][\/vc_row][vc_row gap=&#8221;35&#8243; content_placement=&#8221;middle&#8221; css=&#8221;.vc_custom_1729153835385{padding-top: 50px !important;padding-bottom: 50px !important;}&#8221; el_class=&#8221;keuken&#8221;][vc_column width=&#8221;1\/2&#8243;][elx_heading font_container=&#8221;p&#8221; font_size=&#8221;h4&#8243; text_color=&#8221;electrolux-blue&#8221; text_align=&#8221;text-left&#8221;]OFFRE EXCEPTIONNELLE ![\/elx_heading][elx_heading font_container=&#8221;h1&#8243; text_color=&#8221;electrolux-blue&#8221; text_align=&#8221;text-left&#8221;]Votre cuisine compl\u00e8te Electrolux Professional pour moins de 20 000\u20ac ![\/elx_heading][vc_empty_space height=&#8221;30px&#8221;][vc_column_text]Vous \u00eates restaurateur ou vous envisagez de vous lancer en restauration ? Nous savons \u00e0 quel point il peut \u00eatre compliqu\u00e9 de cr\u00e9er ou r\u00e9am\u00e9nager votre cuisine en respectant<strong> un budget limit\u00e9 et un calendrier serr\u00e9.<\/strong><\/p>\n<p>Profitez d\u00e8s aujourd&#8217;hui de notre offre exceptionnelle : une<strong> cuisine compl\u00e8te <\/strong>avec des \u00e9quipements premium\u00a0pour <strong>moins de 20 000 \u20ac<\/strong>.<\/p>\n<p>Vous trouverez dans cette offre tout ce dont vous avez besoin pour <strong>lancer votre cuisine<\/strong> en toute confiance ou <strong>moderniser votre installation<\/strong>, sans compromis sur la qualit\u00e9.[\/vc_column_text][vc_empty_space height=&#8221;30px&#8221;][elx_button button_text=&#8221;D\u00e9couvrir les produits&#8221; button_style=&#8221;secondary&#8221; button_link=&#8221;url:%2Ffr-be%2Fcuisine-2%2Foffre-cuisine-professionnelle%2F%23produits&#8221; css=&#8221;.vc_custom_1729153938750{margin-bottom: 20px !important;}&#8221;][\/vc_column][vc_column width=&#8221;1\/2&#8243;][vc_single_image image=&#8221;12506&#8243; img_size=&#8221;full&#8221; alignment=&#8221;right&#8221;][vc_empty_space height=&#8221;30px&#8221;][elx_download_block text=&#8221;T\u00e9l\u00e9charger le flyer&#8221; file_picker=&#8221;13557&#8243; background_color=&#8221;electrolux-blue&#8221;][\/vc_column][\/vc_row][vc_row custom_color_row=&#8221;bg-row-light-blue&#8221; css=&#8221;.vc_custom_1695199026829{padding-top: 50px !important;padding-bottom: 50px !important;}&#8221;][vc_column][elx_heading font_size=&#8221;h1&#8243; text_color=&#8221;electrolux-blue&#8221; text_align=&#8221;text-center&#8221;]Pourquoi choisir Electrolux Professional ?[\/elx_heading][elx_heading font_container=&#8221;p&#8221; font_size=&#8221;h4&#8243; text_color=&#8221;electrolux-blue&#8221; text_align=&#8221;text-center&#8221;]L&#8217;excellence culinaire \u00e0 port\u00e9e de main[\/elx_heading][vc_empty_space height=&#8221;30px&#8221;][vc_row_inner][vc_column_inner width=&#8221;1\/4&#8243;][elx_icons icon_size=&#8221;elx-icon-medium&#8221; icon_electroluxpro=&#8221;elx-icon icon-circle-star-perfomance-blue&#8221;][vc_column_text]<\/p>\n<h3 style=\"text-align: center;\">Qualit\u00e9 premium<\/h3>\n<p style=\"text-align: center;\">Du mat\u00e9riel haut de gamme, performant et durable dont la qualit\u00e9 n&#8217;est plus \u00e0 prouver<\/p>\n<p>[\/vc_column_text][\/vc_column_inner][vc_column_inner width=&#8221;1\/4&#8243;][elx_icons icon_size=&#8221;elx-icon-medium&#8221; icon_electroluxpro=&#8221;elx-icon icon-circle-productivity-liberopro-blue&#8221;][vc_column_text]<\/p>\n<h3 style=\"text-align: center;\">Disponibilit\u00e9<\/h3>\n<p style=\"text-align: center;\">Des \u00e9quipements toujours en stock pour une mise en place ou un remplacement rapide<\/p>\n<p>[\/vc_column_text][\/vc_column_inner][vc_column_inner width=&#8221;1\/4&#8243;][elx_icons icon_size=&#8221;elx-icon-medium&#8221; icon_electroluxpro=&#8221;elx-icon icon-circle-easy-blue&#8221;][vc_column_text]<\/p>\n<h3 style=\"text-align: center;\">Polyvalence<\/h3>\n<p style=\"text-align: center;\">Pr\u00e9paration, cuisson, lavage&#8230; Une gamme compl\u00e8te d&#8217;\u00e9quipements pour tous vos besoins<\/p>\n<p>[\/vc_column_text][\/vc_column_inner][vc_column_inner width=&#8221;1\/4&#8243;][elx_icons icon_size=&#8221;elx-icon-medium&#8221; icon_electroluxpro=&#8221;elx-icon icon-circle-shield-blue&#8221;][vc_column_text]<\/p>\n<h3 style=\"text-align: center;\">Performance<\/h3>\n<p style=\"text-align: center;\">Des \u00e9quipements peu \u00e9nergivores, durables et performants, m\u00eame dans des conditions difficiles<\/p>\n<p>[\/vc_column_text][\/vc_column_inner][\/vc_row_inner][vc_empty_space height=&#8221;50px&#8221;][elx_button button_text=&#8221;En savoir plus&#8221; button_style=&#8221;secondary&#8221; button_display_block=&#8221;display_block_on&#8221; button_alignment=&#8221;align_center&#8221; button_link=&#8221;url:%2Ffr-be%2Fcuisine-2%2Foffre-cuisine-professionnelle%2F%23contact&#8221;][\/vc_column][\/vc_row][vc_row content_placement=&#8221;middle&#8221; matched_labels_action=&#8221;hide&#8221; css=&#8221;.vc_custom_1695205120174{padding-top: 50px !important;padding-bottom: 50px !important;}&#8221; el_id=&#8221;produits&#8221;][vc_column][elx_heading font_size=&#8221;h1&#8243; text_color=&#8221;electrolux-blue&#8221; text_align=&#8221;text-center&#8221;]D\u00e9couvrez une gamme compl\u00e8te d&#8217;\u00e9quipements[\/elx_heading][elx_heading font_container=&#8221;p&#8221; font_size=&#8221;h4&#8243; text_color=&#8221;electrolux-blue&#8221; text_align=&#8221;text-center&#8221;]Pour r\u00e9pondre \u00e0 tous vos besoins en cuisine[\/elx_heading][vc_row_inner gap=&#8221;20&#8243;][vc_column_inner width=&#8221;1\/4&#8243; css=&#8221;.vc_custom_1695202777028{padding: 15px !important;background-color: #f0e1c5 !important;}&#8221;][vc_empty_space height=&#8221;15px&#8221;][elx_icons icon_size=&#8221;elx-icon-medium&#8221; icon_electroluxpro=&#8221;elx-icon icon-circle-steak-blue&#8221;][elx_heading font_container=&#8221;h3&#8243; font_size=&#8221;h6&#8243; text_color=&#8221;electrolux-blue&#8221; text_align=&#8221;text-center&#8221;]1. Cuisson modulaire[\/elx_heading][vc_column_text]<\/p>\n<p style=\"text-align: center;\">D\u00e9couvrez notre gamme de fourneaux gaz ou induction, nos FryTop, friteuse et structures.<\/p>\n<p>[\/vc_column_text][\/vc_column_inner][vc_column_inner width=&#8221;1\/4&#8243; css=&#8221;.vc_custom_1695202781959{padding: 15px !important;background-color: #d2e2eb !important;}&#8221;][vc_empty_space height=&#8221;15px&#8221;][elx_icons icon_size=&#8221;elx-icon-medium&#8221; icon_electroluxpro=&#8221;elx-icon icon-circle-drop-plus-blue&#8221;][elx_heading font_container=&#8221;h3&#8243; font_size=&#8221;h6&#8243; text_color=&#8221;electrolux-blue&#8221; text_align=&#8221;text-center&#8221;]2. Laverie[\/elx_heading][vc_column_text]<\/p>\n<p style=\"text-align: center;\">Optez pour nos laveuses frontales, lave-verres ou encore nos laveuses \u00e0 capot.<\/p>\n<p>[\/vc_column_text][\/vc_column_inner][vc_column_inner width=&#8221;1\/4&#8243; css=&#8221;.vc_custom_1695202787061{padding: 15px !important;background-color: #bec6d7 !important;}&#8221;][vc_empty_space height=&#8221;15px&#8221;][elx_icons icon_size=&#8221;elx-icon-medium&#8221; icon_electroluxpro=&#8221;elx-icon icon-circle-defrosting-blue&#8221;][elx_heading font_container=&#8221;h3&#8243; font_size=&#8221;h6&#8243; text_color=&#8221;electrolux-blue&#8221; text_align=&#8221;text-center&#8221;]3. Froid[\/elx_heading][vc_column_text]<\/p>\n<p style=\"text-align: center;\">Conservez efficacement vos aliments gr\u00e2ce \u00e0 nos armoires et tables r\u00e9frig\u00e9r\u00e9es.<\/p>\n<p>[\/vc_column_text][\/vc_column_inner][vc_column_inner width=&#8221;1\/4&#8243; css=&#8221;.vc_custom_1695202793109{padding: 15px !important;background-color: #e3e8d5 !important;}&#8221;][vc_empty_space height=&#8221;15px&#8221;][elx_icons icon_size=&#8221;elx-icon-medium&#8221; icon_electroluxpro=&#8221;elx-icon icon-circle-thermometer-blue&#8221;][elx_heading font_container=&#8221;h3&#8243; font_size=&#8221;h6&#8243; text_color=&#8221;electrolux-blue&#8221; text_align=&#8221;text-center&#8221;]4. Fours[\/elx_heading][vc_column_text]<\/p>\n<p style=\"text-align: center;\">Sublimez vos plats avec une cuisson parfaite, gr\u00e2ce \u00e0 nos fours \u00e9lectriques.<\/p>\n<p>[\/vc_column_text][\/vc_column_inner][\/vc_row_inner][vc_empty_space height=&#8221;30px&#8221;][elx_download_block text=&#8221;D\u00e9couvrir les produits de l&#8217;offre&#8221; file_picker=&#8221;13557&#8243; background_color=&#8221;food-distribution&#8221;][vc_single_image image=&#8221;13558&#8243; img_size=&#8221;full&#8221; alignment=&#8221;center&#8221; onclick=&#8221;custom_link&#8221; link=&#8221;https:\/\/www.electroluxprofessional.com\/fr-be\/wp-content\/uploads\/2025\/02\/CuisineComplete_FR_2025.pdf&#8221;][\/vc_column][\/vc_row][vc_row custom_color_row=&#8221;bg-row-light-blue&#8221; gap=&#8221;35&#8243; el_id=&#8221;contact_us&#8221; css=&#8221;.vc_custom_1729153957435{padding-top: 50px !important;padding-bottom: 50px !important;}&#8221; el_class=&#8221;contact_us&#8221;][vc_column][elx_heading font_size=&#8221;h1&#8243; text_color=&#8221;electrolux-blue&#8221; text_align=&#8221;text-center&#8221;]Nos produits en images[\/elx_heading][elx_heading font_container=&#8221;p&#8221; font_size=&#8221;h4&#8243; text_color=&#8221;electrolux-blue&#8221; text_align=&#8221;text-center&#8221;]D\u00e9couvrez la r\u00e9sidence senior Hof van Sliedrecht[\/elx_heading][vc_empty_space][elx_video_block background_image=&#8221;12290&#8243; video_link=&#8221;https:\/\/www.youtube.com\/watch?v=jaa-B0rMfME&#8221; minimum_height=&#8221;300px&#8221;][vc_empty_space][vc_column_text]<\/p>\n<p style=\"text-align: center;\">\u00ab <em>La cuisine pr\u00e9c\u00e9dente d\u2019Electrolux Professional a pr\u00e9par\u00e9 10 000 services durant 30 ans. C\u2019est avec une grande confiance que nous les avons \u00e0 nouveau choisis<\/em>. \u00bb explique Richard Kraaijeveld, Chef cuisinier Residenties Drechtstreek.<\/p>\n<p>[\/vc_column_text][\/vc_column][\/vc_row][vc_row gap=&#8221;35&#8243; css=&#8221;.vc_custom_1729154064135{padding-top: 50px !important;padding-bottom: 50px !important;}&#8221; el_id=&#8221;contact&#8221; el_class=&#8221;contact&#8221;][vc_column][elx_heading font_size=&#8221;h1&#8243; text_color=&#8221;electrolux-blue&#8221; text_align=&#8221;text-center&#8221;]Vous \u00eates int\u00e9ress\u00e9\u00b7e par l&#8217;un de nos produits ?[\/elx_heading][elx_heading font_container=&#8221;p&#8221; font_size=&#8221;h4&#8243; text_color=&#8221;electrolux-blue&#8221; text_align=&#8221;text-center&#8221;]Prenez contact avec un expert Electrolux Professional ![\/elx_heading][vc_empty_space][elx_o2000_contact_us s=&#8221;Demande : offre cuisine \u00e0 moins de 20 000\u20ac&#8221; request_type=&#8221;Other&#8221; flag_hide_request_type=&#8221;true&#8221; country=&#8221;Belgium&#8221; b=&#8221;food&#8221; compact_view=&#8221;1&#8243; text_color=&#8221;#14133B&#8221; thanks=&#8221;Merci pour votre demande, un expert vous contactera sous peu.&#8221; r=&#8221;Je souhaiterais en savoir plus sur votre offre de cuisine compl\u00e8te \u00e0 moins de 20 000\u20ac.&#8221;][\/vc_column][\/vc_row][vc_row gap=&#8221;35&#8243; content_placement=&#8221;middle&#8221; disable_element=&#8221;yes&#8221; css=&#8221;.vc_custom_1695214821923{padding-top: 50px !important;padding-bottom: 50px !important;background-color: #f0e1c5 !important;}&#8221;][vc_column][vc_column_text]<\/p>\n<h1 data-pm-slice=\"1 1 []\">Cuisson modulaire<\/h1>\n<p>[\/vc_column_text][vc_empty_space height=&#8221;30px&#8221;][vc_row_inner content_placement=&#8221;top&#8221; gap=&#8221;20&#8243;][vc_column_inner width=&#8221;1\/4&#8243;][vc_column_text]<\/p>\n<h3 data-pm-slice=\"1 1 []\">Fourneaux<\/h3>\n<p>[\/vc_column_text][vc_empty_space height=&#8221;30px&#8221;][vc_column_text]<strong>PNC 371000 Fourneau gaz<br \/>\n<\/strong>2 feux vifs, 400 mm,version top<br \/>\nPRIX PROMO \u20ac999<\/p>\n<p><strong>PNC 371001 Fourneau gaz<br \/>\n<\/strong>4 feux vifs, 800 mm, version top<br \/>\nPRIX PROMO \u20ac1.499<\/p>\n<p><strong>PNC 371020 Fourneau induction<br \/>\n<\/strong>2 zones, 400 mm, version top<br \/>\nPRIX PROMO \u20ac3.999<\/p>\n<p><strong>PNC 371021 Fourneau induction<br \/>\n<\/strong>4 zones, 800 mm, version top<br \/>\nPRIX PROMO \u20ac6.999[\/vc_column_text][\/vc_column_inner][vc_column_inner width=&#8221;1\/4&#8243;][vc_column_text]<\/p>\n<h3 data-pm-slice=\"1 1 []\">FryTop<\/h3>\n<p>[\/vc_column_text][vc_empty_space height=&#8221;30px&#8221;][vc_column_text]<strong>PNC 371037 FryTop gaz<br \/>\n<\/strong>1 zone, plaque lisse au chrome poli, 400 mm, version top<br \/>\nPRIX PROMO \u20ac1.999<\/p>\n<p><strong>PNC 371193 FryTop \u00e9lectrique<\/strong><br \/>\n1 zone, plaque lisse au chrome poli, 400 mm, version top<br \/>\nPRIX PROMO \u20ac1.999[\/vc_column_text][\/vc_column_inner][vc_column_inner width=&#8221;1\/4&#8243;][vc_column_text]<\/p>\n<h3 data-pm-slice=\"1 1 []\">Friteuses<\/h3>\n<p>[\/vc_column_text][vc_empty_space height=&#8221;30px&#8221;][vc_column_text]<strong>PNC 371070 Friteuse gaz<br \/>\n<\/strong> 1&#215;15 l, 400 mm<br \/>\nPRIX PROMO \u20ac2.499<\/p>\n<p><strong>PNC 371071 Friteuse gaz<br \/>\n<\/strong> 2&#215;15 l, 800 mm<br \/>\nPRIX PROMO \u20ac4.249<\/p>\n<p><strong>PNC 371081 Friteuse<\/strong><br \/>\n1&#215;15 l, 400 mm, \u00e9lectrique<br \/>\nPRIX PROMO \u20ac2.499<\/p>\n<p><strong>PNC 371082 Friteuse<\/strong><br \/>\n2&#215;15 l, 800 mm, \u00e9lectrique<br \/>\nPRIX PROMO \u20ac4.249[\/vc_column_text][\/vc_column_inner][vc_column_inner width=&#8221;1\/4&#8243;][vc_column_text]<\/p>\n<h3 data-pm-slice=\"1 1 []\">Structures<\/h3>\n<p>[\/vc_column_text][vc_empty_space height=&#8221;30px&#8221;][vc_column_text]<strong>PNC 371112 Soubassement ouvert<\/strong><br \/>\n400 mm<br \/>\nPRIX PROMO \u20ac349<\/p>\n<p><strong>PNC 371113 Soubassement ouvert<\/strong><br \/>\n800 mm<br \/>\nPRIX PROMO \u20ac399<\/p>\n<p><strong>PNC 371116 Plan neutre top<\/strong><br \/>\n1\/2 module ferm\u00e9, 400 mm<br \/>\nPRIX PROMO \u20ac499[\/vc_column_text][\/vc_column_inner][\/vc_row_inner][\/vc_column][\/vc_row]<\/p>\n","protected":false},"excerpt":{"rendered":"<p>[vc_row full_width=&#8221;electroluxpro-full-width-no-padding&#8221;][vc_column][elx_image_block background_image=&#8221;12500&#8243; minimum_height=&#8221;470px&#8221;][\/vc_column][\/vc_row][vc_row gap=&#8221;35&#8243; content_placement=&#8221;middle&#8221; css=&#8221;.vc_custom_1729153835385{padding-top: 50px !important;padding-bottom: 50px !important;}&#8221; el_class=&#8221;keuken&#8221;][vc_column width=&#8221;1\/2&#8243;][elx_heading font_container=&#8221;p&#8221; font_size=&#8221;h4&#8243; text_color=&#8221;electrolux-blue&#8221; text_align=&#8221;text-left&#8221;]OFFRE EXCEPTIONNELLE ![\/elx_heading][elx_heading font_container=&#8221;h1&#8243; text_color=&#8221;electrolux-blue&#8221; text_align=&#8221;text-left&#8221;]Votre cuisine compl\u00e8te Electrolux Professional pour moins de 20 000\u20ac ![\/elx_heading][vc_empty_space height=&#8221;30px&#8221;][vc_column_text]Vous \u00eates restaurateur ou vous envisagez de vous lancer en restauration ? Nous savons \u00e0 quel point il peut \u00eatre compliqu\u00e9 de cr\u00e9er [&hellip;]<\/p>\n","protected":false},"author":92,"featured_media":12500,"parent":9308,"menu_order":0,"comment_status":"closed","ping_status":"closed","template":"","meta":{"footnotes":""},"class_list":["post-12397","page","type-page","status-publish","has-post-thumbnail","hentry"],"acf":[],"yoast_head":"<!-- This site is optimized with the Yoast SEO plugin v23.3 - https:\/\/yoast.com\/wordpress\/plugins\/seo\/ -->\n<title>Une cuisine professionnelle pour moins de 20 000\u20ac - Electrolux Professional Belgique<\/title>\n<meta name=\"description\" content=\"Servez des snacks tout au long de la journ\u00e9e, en toute facilit\u00e9. Un r\u00e9sultat croustillant en un temps record.\" \/>\n<meta name=\"robots\" content=\"noindex, nofollow\" \/>\n<meta property=\"og:locale\" content=\"fr_FR\" \/>\n<meta property=\"og:type\" content=\"article\" \/>\n<meta property=\"og:title\" content=\"Une cuisine professionnelle pour moins de 20 000\u20ac - Electrolux Professional Belgique\" \/>\n<meta property=\"og:description\" content=\"Servez des snacks tout au long de la journ\u00e9e, en toute facilit\u00e9. Un r\u00e9sultat croustillant en un temps record.\" \/>\n<meta property=\"og:url\" content=\"https:\/\/www.electroluxprofessional.com\/fr-be\/cuisine-2\/offre-cuisine-professionnelle\/\" \/>\n<meta property=\"og:site_name\" content=\"Electrolux Professional Belgique\" \/>\n<meta property=\"article:modified_time\" content=\"2025-02-27T17:19:40+00:00\" \/>\n<meta property=\"og:image\" content=\"https:\/\/www.electroluxprofessional.com\/fr-be\/wp-content\/uploads\/2023\/09\/offre-cuisine-2-min-e1695215506415.jpg\" \/>\n\t<meta property=\"og:image:width\" content=\"1500\" \/>\n\t<meta property=\"og:image:height\" content=\"686\" \/>\n\t<meta property=\"og:image:type\" content=\"image\/jpeg\" \/>\n<meta name=\"twitter:card\" content=\"summary_large_image\" \/>\n<meta name=\"twitter:label1\" content=\"Dur\u00e9e de lecture est.\" \/>\n\t<meta name=\"twitter:data1\" content=\"4 minutes\" \/>\n<script type=\"application\/ld+json\" class=\"yoast-schema-graph\">{\"@context\":\"https:\/\/schema.org\",\"@graph\":[{\"@type\":\"WebPage\",\"@id\":\"https:\/\/www.electroluxprofessional.com\/fr-be\/cuisine-2\/offre-cuisine-professionnelle\/\",\"url\":\"https:\/\/www.electroluxprofessional.com\/fr-be\/cuisine-2\/offre-cuisine-professionnelle\/\",\"name\":\"Une cuisine professionnelle pour moins de 20 000\u20ac - Electrolux Professional Belgique\",\"isPartOf\":{\"@id\":\"https:\/\/www.electroluxprofessional.com\/fr-be\/#website\"},\"primaryImageOfPage\":{\"@id\":\"https:\/\/www.electroluxprofessional.com\/fr-be\/cuisine-2\/offre-cuisine-professionnelle\/#primaryimage\"},\"image\":{\"@id\":\"https:\/\/www.electroluxprofessional.com\/fr-be\/cuisine-2\/offre-cuisine-professionnelle\/#primaryimage\"},\"thumbnailUrl\":\"https:\/\/www.electroluxprofessional.com\/fr-be\/wp-content\/uploads\/2023\/09\/offre-cuisine-2-min-e1695215506415.jpg\",\"datePublished\":\"2023-09-20T07:38:57+00:00\",\"dateModified\":\"2025-02-27T17:19:40+00:00\",\"description\":\"Servez des snacks tout au long de la journ\u00e9e, en toute facilit\u00e9. Un r\u00e9sultat croustillant en un temps record.\",\"breadcrumb\":{\"@id\":\"https:\/\/www.electroluxprofessional.com\/fr-be\/cuisine-2\/offre-cuisine-professionnelle\/#breadcrumb\"},\"inLanguage\":\"fr-BE\",\"potentialAction\":[{\"@type\":\"ReadAction\",\"target\":[\"https:\/\/www.electroluxprofessional.com\/fr-be\/cuisine-2\/offre-cuisine-professionnelle\/\"]}]},{\"@type\":\"ImageObject\",\"inLanguage\":\"fr-BE\",\"@id\":\"https:\/\/www.electroluxprofessional.com\/fr-be\/cuisine-2\/offre-cuisine-professionnelle\/#primaryimage\",\"url\":\"https:\/\/www.electroluxprofessional.com\/fr-be\/wp-content\/uploads\/2023\/09\/offre-cuisine-2-min-e1695215506415.jpg\",\"contentUrl\":\"https:\/\/www.electroluxprofessional.com\/fr-be\/wp-content\/uploads\/2023\/09\/offre-cuisine-2-min-e1695215506415.jpg\",\"width\":1500,\"height\":686,\"caption\":\"offre-cuisine-2-min\"},{\"@type\":\"BreadcrumbList\",\"@id\":\"https:\/\/www.electroluxprofessional.com\/fr-be\/cuisine-2\/offre-cuisine-professionnelle\/#breadcrumb\",\"itemListElement\":[{\"@type\":\"ListItem\",\"position\":1,\"name\":\"Home\",\"item\":\"https:\/\/www.electroluxprofessional.com\/fr-be\/\"},{\"@type\":\"ListItem\",\"position\":2,\"name\":\"Cuisine\",\"item\":\"https:\/\/www.electroluxprofessional.com\/fr-be\/cuisine-2\/\"},{\"@type\":\"ListItem\",\"position\":3,\"name\":\"Une cuisine professionnelle pour moins de 20 000\u20ac\"}]},{\"@type\":\"WebSite\",\"@id\":\"https:\/\/www.electroluxprofessional.com\/fr-be\/#website\",\"url\":\"https:\/\/www.electroluxprofessional.com\/fr-be\/\",\"name\":\"Electrolux Professional Belgique\",\"description\":\"Electrolux Professional est le leader mondial en mati\u00e8re d&#039;\u00e9quipements de cuisines et de blanchisseries professionnelles.\",\"potentialAction\":[{\"@type\":\"SearchAction\",\"target\":{\"@type\":\"EntryPoint\",\"urlTemplate\":\"https:\/\/www.electroluxprofessional.com\/fr-be\/?src={search_term_string}\"},\"query-input\":\"required name=search_term_string\"}],\"inLanguage\":\"fr-BE\"}]}<\/script>\n<!-- \/ Yoast SEO plugin. -->","yoast_head_json":{"title":"Une cuisine professionnelle pour moins de 20 000\u20ac - Electrolux Professional Belgique","description":"Servez des snacks tout au long de la journ\u00e9e, en toute facilit\u00e9. Un r\u00e9sultat croustillant en un temps record.","robots":{"index":"noindex","follow":"nofollow"},"og_locale":"fr_FR","og_type":"article","og_title":"Une cuisine professionnelle pour moins de 20 000\u20ac - Electrolux Professional Belgique","og_description":"Servez des snacks tout au long de la journ\u00e9e, en toute facilit\u00e9. Un r\u00e9sultat croustillant en un temps record.","og_url":"https:\/\/www.electroluxprofessional.com\/fr-be\/cuisine-2\/offre-cuisine-professionnelle\/","og_site_name":"Electrolux Professional Belgique","article_modified_time":"2025-02-27T17:19:40+00:00","og_image":[{"width":1500,"height":686,"url":"https:\/\/www.electroluxprofessional.com\/fr-be\/wp-content\/uploads\/2023\/09\/offre-cuisine-2-min-e1695215506415.jpg","type":"image\/jpeg"}],"twitter_card":"summary_large_image","twitter_misc":{"Dur\u00e9e de lecture est.":"4 minutes"},"schema":{"@context":"https:\/\/schema.org","@graph":[{"@type":"WebPage","@id":"https:\/\/www.electroluxprofessional.com\/fr-be\/cuisine-2\/offre-cuisine-professionnelle\/","url":"https:\/\/www.electroluxprofessional.com\/fr-be\/cuisine-2\/offre-cuisine-professionnelle\/","name":"Une cuisine professionnelle pour moins de 20 000\u20ac - Electrolux Professional Belgique","isPartOf":{"@id":"https:\/\/www.electroluxprofessional.com\/fr-be\/#website"},"primaryImageOfPage":{"@id":"https:\/\/www.electroluxprofessional.com\/fr-be\/cuisine-2\/offre-cuisine-professionnelle\/#primaryimage"},"image":{"@id":"https:\/\/www.electroluxprofessional.com\/fr-be\/cuisine-2\/offre-cuisine-professionnelle\/#primaryimage"},"thumbnailUrl":"https:\/\/www.electroluxprofessional.com\/fr-be\/wp-content\/uploads\/2023\/09\/offre-cuisine-2-min-e1695215506415.jpg","datePublished":"2023-09-20T07:38:57+00:00","dateModified":"2025-02-27T17:19:40+00:00","description":"Servez des snacks tout au long de la journ\u00e9e, en toute facilit\u00e9. Un r\u00e9sultat croustillant en un temps record.","breadcrumb":{"@id":"https:\/\/www.electroluxprofessional.com\/fr-be\/cuisine-2\/offre-cuisine-professionnelle\/#breadcrumb"},"inLanguage":"fr-BE","potentialAction":[{"@type":"ReadAction","target":["https:\/\/www.electroluxprofessional.com\/fr-be\/cuisine-2\/offre-cuisine-professionnelle\/"]}]},{"@type":"ImageObject","inLanguage":"fr-BE","@id":"https:\/\/www.electroluxprofessional.com\/fr-be\/cuisine-2\/offre-cuisine-professionnelle\/#primaryimage","url":"https:\/\/www.electroluxprofessional.com\/fr-be\/wp-content\/uploads\/2023\/09\/offre-cuisine-2-min-e1695215506415.jpg","contentUrl":"https:\/\/www.electroluxprofessional.com\/fr-be\/wp-content\/uploads\/2023\/09\/offre-cuisine-2-min-e1695215506415.jpg","width":1500,"height":686,"caption":"offre-cuisine-2-min"},{"@type":"BreadcrumbList","@id":"https:\/\/www.electroluxprofessional.com\/fr-be\/cuisine-2\/offre-cuisine-professionnelle\/#breadcrumb","itemListElement":[{"@type":"ListItem","position":1,"name":"Home","item":"https:\/\/www.electroluxprofessional.com\/fr-be\/"},{"@type":"ListItem","position":2,"name":"Cuisine","item":"https:\/\/www.electroluxprofessional.com\/fr-be\/cuisine-2\/"},{"@type":"ListItem","position":3,"name":"Une cuisine professionnelle pour moins de 20 000\u20ac"}]},{"@type":"WebSite","@id":"https:\/\/www.electroluxprofessional.com\/fr-be\/#website","url":"https:\/\/www.electroluxprofessional.com\/fr-be\/","name":"Electrolux Professional Belgique","description":"Electrolux Professional est le leader mondial en mati\u00e8re d&#039;\u00e9quipements de cuisines et de blanchisseries professionnelles.","potentialAction":[{"@type":"SearchAction","target":{"@type":"EntryPoint","urlTemplate":"https:\/\/www.electroluxprofessional.com\/fr-be\/?src={search_term_string}"},"query-input":"required name=search_term_string"}],"inLanguage":"fr-BE"}]}},"_links":{"self":[{"href":"https:\/\/www.electroluxprofessional.com\/fr-be\/wp-json\/wp\/v2\/pages\/12397"}],"collection":[{"href":"https:\/\/www.electroluxprofessional.com\/fr-be\/wp-json\/wp\/v2\/pages"}],"about":[{"href":"https:\/\/www.electroluxprofessional.com\/fr-be\/wp-json\/wp\/v2\/types\/page"}],"author":[{"embeddable":true,"href":"https:\/\/www.electroluxprofessional.com\/fr-be\/wp-json\/wp\/v2\/users\/92"}],"replies":[{"embeddable":true,"href":"https:\/\/www.electroluxprofessional.com\/fr-be\/wp-json\/wp\/v2\/comments?post=12397"}],"version-history":[{"count":112,"href":"https:\/\/www.electroluxprofessional.com\/fr-be\/wp-json\/wp\/v2\/pages\/12397\/revisions"}],"predecessor-version":[{"id":12508,"href":"https:\/\/www.electroluxprofessional.com\/fr-be\/wp-json\/wp\/v2\/pages\/12397\/revisions\/12508"}],"up":[{"embeddable":true,"href":"https:\/\/www.electroluxprofessional.com\/fr-be\/wp-json\/wp\/v2\/pages\/9308"}],"wp:featuredmedia":[{"embeddable":true,"href":"https:\/\/www.electroluxprofessional.com\/fr-be\/wp-json\/wp\/v2\/media\/12500"}],"wp:attachment":[{"href":"https:\/\/www.electroluxprofessional.com\/fr-be\/wp-json\/wp\/v2\/media?parent=12397"}],"curies":[{"name":"wp","href":"https:\/\/api.w.org\/{rel}","templated":true}]}}