{"id":12329,"date":"2023-07-28T18:40:09","date_gmt":"2023-07-28T18:40:09","guid":{"rendered":"https:\/\/www.electroluxprofessional.com\/fr-be\/?page_id=12329"},"modified":"2025-11-05T16:05:36","modified_gmt":"2025-11-05T16:05:36","slug":"fours-convection","status":"publish","type":"page","link":"https:\/\/www.electroluxprofessional.com\/fr-be\/cuisine-2\/fours-convection\/","title":{"rendered":"Fours \u00e0 convection Crosswise"},"content":{"rendered":"<p>[vc_row full_width=&#8221;electroluxpro-full-width-no-padding&#8221;][vc_column][elx_image_block background_image=&#8221;12325&#8243; minimum_height=&#8221;400px&#8221;][vc_empty_space][\/vc_column][\/vc_row][vc_row full_width=&#8221;electroluxpro-container-no-padding&#8221;][vc_column][elx_text_image tag_title=&#8221;h1&#8243; class_title=&#8221;h1&#8243; number_images=&#8221;n&#8221; style_image=&#8221;image_square&#8221; columns_proportion=&#8221;three_fifth&#8221; title=&#8221;Fours \u00e0 convection Crosswise&#8221; lists=&#8221;%5B%7B%7D%5D&#8221; values=&#8221;%5B%7B%7D%5D&#8221; link=&#8221;url:%23contact_us|title:Contacter%20un%20expert&#8221; multi_images=&#8221;12327,12328&#8243;]Vous avez besoin d&#8217;un four qui offre des <strong>performances de cuisson exceptionnelles<\/strong>, tout en \u00e9tant extr\u00eamement simple \u00e0 utiliser et \u00e0 entretenir ?<\/p>\n<p>Vous cherchez une solution au meilleur rapport qualit\u00e9\/prix ?<\/p>\n<p>Le\u00a0<strong>four \u00e0 convection Crosswise Electrolux Professional<\/strong>\u00a0offre un \u00e9quilibre entre performances et durabilit\u00e9 qui optimise le flux de travail de votre cuisine. Le choix parfait pour les op\u00e9rateurs qui ont besoin d\u2019obtenir\u00a0<strong>d\u2019excellents r\u00e9sultats de cuisson avec un maximum de simplicit\u00e9.<\/strong>[\/elx_text_image][\/vc_column][\/vc_row][vc_row full_width=&#8221;electroluxpro-full-width-no-padding&#8221;][vc_column][elx_features_download title=&#8221;Le pouvoir de la simplicit\u00e9&#8221; tag_title=&#8221;h2&#8243; class_title=&#8221;h2&#8243; title_download=&#8221;T\u00e9l\u00e9charger&#8221; title_discover=&#8221;D\u00e9couvrir&#8221; bg_discover_color=&#8221;bg-download-white&#8221; link_discover_color=&#8221;download-text-blue&#8221; bg_row=&#8221;bg-row-light-blue&#8221; values=&#8221;%5B%7B%22link_download%22%3A%22url%3Ahttps%253A%252F%252Fwww.electroluxprofessional.com%252Fwp-content%252Fuploads%252F2023%252F06%252FConvectionOvensCrosswise-Final.pdf%7Ctitle%3ALeaflet%2520fours%2520%25C3%25A0%2520convection%2520Crosswise%7Ctarget%3A_blank%22%7D%5D&#8221; discover=&#8221;%5B%7B%22link_discover%22%3A%22url%3A%2523Convection%2520ovens%7Ctitle%3AGamme%2520de%2520fours%2520%25C3%25A0%2520convection%2520Crosswise%22%7D%2C%7B%22link_discover%22%3A%22url%3Ahttps%253A%252F%252Fwww.electroluxprofessional.com%252Ffr-be%252Fcuisine-2%252Ffours-mixtes-skyline%252F%7Ctitle%3AGamme%2520de%2520fours%2520mixtes%2520SkyLine%7Ctarget%3A_blank%22%7D%5D&#8221; features=&#8221;%5B%7B%22icon_electroluxpro%22%3A%22elx-icon%20icon-circle-star-perfomance-blue%22%2C%22title_icon%22%3A%22Qualit%C3%A9%20de%20cuisson%22%2C%22text_icon%22%3A%22Cuisinez%20parfaitement%20les%20recettes%20avec%20un%20contr%C3%B4le%20pr%C3%A9cis%20de%20la%20temp%C3%A9rature%22%7D%2C%7B%22icon_electroluxpro%22%3A%22elx-icon%20icon-circle-easy-blue%22%2C%22title_icon%22%3A%22Facilit%C3%A9%20d&#8217;utilisation%20et%20d&#8217;entretien%22%2C%22text_icon%22%3A%22Convivialit%C3%A9%20am%C3%A9lior%C3%A9e%20et%20conception%20ergonomique%20avec%20une%20prise%20en%20main%20facilit%C3%A9e%22%7D%2C%7B%22icon_electroluxpro%22%3A%22elx-icon%20icon-circle-time-hand-blue%22%2C%22title_icon%22%3A%22Robustesse%20et%20fiabilit%C3%A9%22%2C%22text_icon%22%3A%22Con%C3%A7u%20pour%20durer%2C%20m%C3%AAme%20en%20cas%20d&#8217;utilisation%20intensive%22%7D%5D&#8221;][\/elx_features_download][vc_empty_space][\/vc_column][\/vc_row][vc_row full_width=&#8221;electroluxpro-container-no-padding&#8221;][vc_column][elx_text_image style_image=&#8221;image_square&#8221; title=&#8221;R\u00e9sultats de cuisson uniformes et constants&#8221; lists=&#8221;%5B%7B%22icon_electroluxpro%22%3A%22elx-icon%20icon-circle-checkmark-blue%22%2C%22title_list%22%3A%22Saveurs%20maximales%22%2C%22text_list%22%3A%22Savourez%20des%20plats%20parfaitement%20cuits%20%C3%A0%20chaque%20fois%20gr%C3%A2ce%20%C3%A0%20notre%20technologie%20d&#8217;humidification.%20Vos%20aliments%20sont%20savoureux%20et%20uniform%C3%A9ment%20cuits%20gr%C3%A2ce%20au%20syst%C3%A8me%20d&#8217;humidification%2C%20ce%20qui%20r%C3%A9duit%20les%20pertes%20de%20poids%20au%20minimum.%22%7D%2C%7B%22icon_electroluxpro%22%3A%22elx-icon%20icon-circle-checkmark-blue%22%2C%22title_list%22%3A%22Uniformit%C3%A9%20de%20cuisson%22%2C%22text_list%22%3A%22Obtenez%20facilement%20des%20r%C3%A9sultats%20de%20cuisson%20constants.%20La%20temp%C3%A9rature%20dans%20l%E2%80%99enceinte%20de%20cuisson%20est%20r%C3%A9partie%20%C3%A0%20travers%20les%20diff%C3%A9rents%20niveaux%20pour%20des%20r%C3%A9sultats%20de%20cuisson%20r%C3%A9guliers%20et%20ce%20peu%20importe%20la%20charge%20!%22%7D%2C%7B%22icon_electroluxpro%22%3A%22elx-icon%20icon-circle-checkmark-blue%22%2C%22title_list%22%3A%22G%C3%A9n%C3%A9ration%20de%20vapeur%20am%C3%A9lior%C3%A9e%22%2C%22text_list%22%3A%22Cuisinez%20vos%20recettes%20favorites%20sans%20dess%C3%A9cher%20les%20aliments%20et%20b%C3%A9n%C3%A9ficiez%20d%E2%80%99une%20plus%20grande%20polyvalence%20de%20cuisson%2C%20gr%C3%A2ce%20%C3%A0%20l&#8217;option%20de%20g%C3%A9n%C3%A9ration%20de%20vapeur%20accrue.%22%7D%5D&#8221; values=&#8221;%5B%7B%7D%5D&#8221; single_image=&#8221;12324&#8243;]Notre gamme de fours \u00e0 convection professionnels Crosswise offre un excellent rapport qualit\u00e9-prix, incluant des<strong>\u00a0options de cuisson polyvalentes, une grande capacit\u00e9 de charge et des panneaux de commande simple \u00e0 utiliser<\/strong>. Gr\u00e2ce \u00e0 leur conception robuste et \u00e0 leurs performances fiables, il n\u2019a jamais \u00e9t\u00e9 aussi facile d\u2019obtenir <strong>facilement des<\/strong>\u00a0<strong>r\u00e9sultats de cuisson uniformes et constants.<\/strong>[\/elx_text_image][\/vc_column][\/vc_row][vc_row full_width=&#8221;electroluxpro-container-no-padding&#8221;][vc_column][elx_text_image style_image=&#8221;image_horizontal&#8221; title=&#8221;Une solution polyvalente&#8221; lists=&#8221;%5B%7B%7D%5D&#8221; values=&#8221;%5B%7B%7D%5D&#8221; single_image=&#8221;12326&#8243;]Notre gamme polyvalente de fours \u00e0 convection Crosswise vous offre une solution de cuisson polyvalente. Investir dans une gamme accessible vous permet de r\u00e9duire vos co\u00fbts, d\u2019optimiser votre temps, tout en cuisinant des plats d\u00e9licieux \u00e0 vos clients. Que vous exploitiez un restaurant traditionnel, un restaurant \u00e0 service rapide, une charcuterie ou une boucherie, cet appareil\u00a0<strong>fiable et robuste<\/strong>\u00a0saura r\u00e9pondre \u00e0 vos besoins.[\/elx_text_image][\/vc_column][\/vc_row][vc_row el_id=&#8221;contact_us&#8221;][vc_column][vc_empty_space][elx_heading text_color=&#8221;inherit&#8221; text_align=&#8221;text-center&#8221;]Vous souhaitez plus d&#8217;informations ? Contactez-nous via notre formulaire :[\/elx_heading][vc_empty_space][elx_o2000_contact_us s=&#8221;Demande d&#8217;informations Fours \u00e0 convection Crosswise&#8221; flag_hide_request_type=&#8221;true&#8221; country=&#8221;France&#8221; b=&#8221;food&#8221; r=&#8221;Je souhaiterais en savoir plus sur les fours \u00e0 convection Crosswise&#8221;][\/vc_column][\/vc_row][vc_row el_id=&#8221;Convection ovens&#8221;][vc_column]<div class=\"com21-product-filter-container 89\">[\/vc_column][\/vc_row][vc_row full_width=&#8221;electroluxpro-container-no-padding&#8221;][vc_column][elx_multiple_columns number_columns=&#8221;4&#8243; title=&#8221;Find your complete solution&#8221; values=&#8221;%5B%7B%22image_section%22%3A%2230509%22%2C%22title_section%22%3A%22Restaurants%22%2C%22text_section%22%3A%22Choosing%20our%20professional%20solutions%20you%20get%20the%20flexibility%2C%20easiness%20and%20power%20you%20are%20looking%20for.%22%2C%22link_section%22%3A%22url%3Ahttps%253A%252F%252Fwww.electroluxprofessional.com%252Fyour-business%252Fsolutions-for-restaurants%252F%7Ctitle%3ADiscover%2520our%2520range%7Ctarget%3A_blank%22%7D%2C%7B%22image_section%22%3A%2249421%22%2C%22title_section%22%3A%22Quick%20Service%20Restaurants%22%2C%22text_section%22%3A%22Be%20efficient%2C%20be%20faster.%20Make%20your%20customer%20experience%20enjoyable%20during%20their%20short%20lunch%20break.%22%2C%22link_section%22%3A%22url%3Ahttps%253A%252F%252Fwww.electroluxprofessional.com%252Fyour-business%252Frestaurant-chains%252F%7Ctitle%3ASpeed%2520up%2520your%2520kitchen%7Ctarget%3A_blank%22%7D%2C%7B%22image_section%22%3A%226121%22%2C%22title_section%22%3A%22Supermarkets%22%2C%22text_section%22%3A%22Discover%20the%20Electrolux%20Professional%20solution%20that%20fits%20best%20with%20your%20supermarkets.%22%2C%22link_section%22%3A%22url%3Ahttps%253A%252F%252Fwww.electroluxprofessional.com%252Fyour-business%252Fsupermarkets%252F%7Ctitle%3AFind%2520the%2520best%2520solutions%7Ctarget%3A_blank%22%7D%5D&#8221;][\/elx_multiple_columns][\/vc_column][\/vc_row]<\/p>\n","protected":false},"excerpt":{"rendered":"<p>[vc_row full_width=&#8221;electroluxpro-full-width-no-padding&#8221;][vc_column][elx_image_block background_image=&#8221;12325&#8243; minimum_height=&#8221;400px&#8221;][vc_empty_space][\/vc_column][\/vc_row][vc_row full_width=&#8221;electroluxpro-container-no-padding&#8221;][vc_column][elx_text_image tag_title=&#8221;h1&#8243; class_title=&#8221;h1&#8243; number_images=&#8221;n&#8221; style_image=&#8221;image_square&#8221; columns_proportion=&#8221;three_fifth&#8221; title=&#8221;Fours \u00e0 convection Crosswise&#8221; lists=&#8221;%5B%7B%7D%5D&#8221; values=&#8221;%5B%7B%7D%5D&#8221; link=&#8221;url:%23contact_us|title:Contacter%20un%20expert&#8221; multi_images=&#8221;12327,12328&#8243;]Vous avez besoin d&#8217;un four qui offre des performances de cuisson exceptionnelles, tout en \u00e9tant extr\u00eamement simple \u00e0 utiliser et \u00e0 entretenir ? Vous cherchez une solution au meilleur rapport qualit\u00e9\/prix ? Le\u00a0four \u00e0 convection Crosswise Electrolux Professional\u00a0offre [&hellip;]<\/p>\n","protected":false},"author":38,"featured_media":12324,"parent":9308,"menu_order":0,"comment_status":"closed","ping_status":"closed","template":"","meta":{"footnotes":""},"class_list":["post-12329","page","type-page","status-publish","has-post-thumbnail","hentry"],"acf":[],"yoast_head":"<!-- This site is optimized with the Yoast SEO plugin v23.3 - https:\/\/yoast.com\/wordpress\/plugins\/seo\/ -->\n<title>Fours \u00e0 convection Crosswise - Electrolux Professional Belgique<\/title>\n<meta name=\"description\" content=\"Avec les fours \u00e0 convection Crosswise, vous obtiendrez des r\u00e9sultats de cuisson impeccables contre un bon rapport qualit\u00e9-prix.\" \/>\n<meta name=\"robots\" content=\"index, follow, max-snippet:-1, max-image-preview:large, max-video-preview:-1\" \/>\n<link rel=\"canonical\" href=\"https:\/\/www.electroluxprofessional.com\/fr-be\/cuisine-2\/fours-convection\/\" \/>\n<meta property=\"og:locale\" content=\"fr_FR\" \/>\n<meta property=\"og:type\" content=\"article\" \/>\n<meta property=\"og:title\" content=\"Fours \u00e0 convection Crosswise - Electrolux Professional Belgique\" \/>\n<meta property=\"og:description\" content=\"Avec les fours \u00e0 convection Crosswise, vous obtiendrez des r\u00e9sultats de cuisson impeccables contre un bon rapport qualit\u00e9-prix.\" \/>\n<meta property=\"og:url\" content=\"https:\/\/www.electroluxprofessional.com\/fr-be\/cuisine-2\/fours-convection\/\" \/>\n<meta property=\"og:site_name\" content=\"Electrolux Professional Belgique\" \/>\n<meta property=\"article:modified_time\" content=\"2025-11-05T16:05:36+00:00\" \/>\n<meta property=\"og:image\" content=\"https:\/\/www.electroluxprofessional.com\/fr-be\/wp-content\/uploads\/2023\/07\/CW-ovens-Vegetables-600x600-1.jpg\" \/>\n\t<meta property=\"og:image:width\" content=\"600\" \/>\n\t<meta property=\"og:image:height\" content=\"600\" \/>\n\t<meta property=\"og:image:type\" content=\"image\/jpeg\" \/>\n<meta name=\"twitter:card\" content=\"summary_large_image\" \/>\n<meta name=\"twitter:label1\" content=\"Dur\u00e9e de lecture est.\" \/>\n\t<meta name=\"twitter:data1\" content=\"2 minutes\" \/>\n<script type=\"application\/ld+json\" class=\"yoast-schema-graph\">{\"@context\":\"https:\/\/schema.org\",\"@graph\":[{\"@type\":\"WebPage\",\"@id\":\"https:\/\/www.electroluxprofessional.com\/fr-be\/cuisine-2\/fours-convection\/\",\"url\":\"https:\/\/www.electroluxprofessional.com\/fr-be\/cuisine-2\/fours-convection\/\",\"name\":\"Fours \u00e0 convection Crosswise - Electrolux Professional Belgique\",\"isPartOf\":{\"@id\":\"https:\/\/www.electroluxprofessional.com\/fr-be\/#website\"},\"primaryImageOfPage\":{\"@id\":\"https:\/\/www.electroluxprofessional.com\/fr-be\/cuisine-2\/fours-convection\/#primaryimage\"},\"image\":{\"@id\":\"https:\/\/www.electroluxprofessional.com\/fr-be\/cuisine-2\/fours-convection\/#primaryimage\"},\"thumbnailUrl\":\"https:\/\/www.electroluxprofessional.com\/fr-be\/wp-content\/uploads\/2023\/07\/CW-ovens-Vegetables-600x600-1.jpg\",\"datePublished\":\"2023-07-28T18:40:09+00:00\",\"dateModified\":\"2025-11-05T16:05:36+00:00\",\"description\":\"Avec les fours \u00e0 convection Crosswise, vous obtiendrez des r\u00e9sultats de cuisson impeccables contre un bon rapport qualit\u00e9-prix.\",\"breadcrumb\":{\"@id\":\"https:\/\/www.electroluxprofessional.com\/fr-be\/cuisine-2\/fours-convection\/#breadcrumb\"},\"inLanguage\":\"fr-BE\",\"potentialAction\":[{\"@type\":\"ReadAction\",\"target\":[\"https:\/\/www.electroluxprofessional.com\/fr-be\/cuisine-2\/fours-convection\/\"]}]},{\"@type\":\"ImageObject\",\"inLanguage\":\"fr-BE\",\"@id\":\"https:\/\/www.electroluxprofessional.com\/fr-be\/cuisine-2\/fours-convection\/#primaryimage\",\"url\":\"https:\/\/www.electroluxprofessional.com\/fr-be\/wp-content\/uploads\/2023\/07\/CW-ovens-Vegetables-600x600-1.jpg\",\"contentUrl\":\"https:\/\/www.electroluxprofessional.com\/fr-be\/wp-content\/uploads\/2023\/07\/CW-ovens-Vegetables-600x600-1.jpg\",\"width\":600,\"height\":600,\"caption\":\"Vegetables with a Convection Oven Crosswise\"},{\"@type\":\"BreadcrumbList\",\"@id\":\"https:\/\/www.electroluxprofessional.com\/fr-be\/cuisine-2\/fours-convection\/#breadcrumb\",\"itemListElement\":[{\"@type\":\"ListItem\",\"position\":1,\"name\":\"Home\",\"item\":\"https:\/\/www.electroluxprofessional.com\/fr-be\/\"},{\"@type\":\"ListItem\",\"position\":2,\"name\":\"Cuisine\",\"item\":\"https:\/\/www.electroluxprofessional.com\/fr-be\/cuisine-2\/\"},{\"@type\":\"ListItem\",\"position\":3,\"name\":\"Fours \u00e0 convection Crosswise\"}]},{\"@type\":\"WebSite\",\"@id\":\"https:\/\/www.electroluxprofessional.com\/fr-be\/#website\",\"url\":\"https:\/\/www.electroluxprofessional.com\/fr-be\/\",\"name\":\"Electrolux Professional Belgique\",\"description\":\"Electrolux Professional est le leader mondial en mati\u00e8re d&#039;\u00e9quipements de cuisines et de blanchisseries professionnelles.\",\"potentialAction\":[{\"@type\":\"SearchAction\",\"target\":{\"@type\":\"EntryPoint\",\"urlTemplate\":\"https:\/\/www.electroluxprofessional.com\/fr-be\/?src={search_term_string}\"},\"query-input\":\"required name=search_term_string\"}],\"inLanguage\":\"fr-BE\"}]}<\/script>\n<!-- \/ Yoast SEO plugin. -->","yoast_head_json":{"title":"Fours \u00e0 convection Crosswise - Electrolux Professional Belgique","description":"Avec les fours \u00e0 convection Crosswise, vous obtiendrez des r\u00e9sultats de cuisson impeccables contre un bon rapport qualit\u00e9-prix.","robots":{"index":"index","follow":"follow","max-snippet":"max-snippet:-1","max-image-preview":"max-image-preview:large","max-video-preview":"max-video-preview:-1"},"canonical":"https:\/\/www.electroluxprofessional.com\/fr-be\/cuisine-2\/fours-convection\/","og_locale":"fr_FR","og_type":"article","og_title":"Fours \u00e0 convection Crosswise - Electrolux Professional Belgique","og_description":"Avec les fours \u00e0 convection Crosswise, vous obtiendrez des r\u00e9sultats de cuisson impeccables contre un bon rapport qualit\u00e9-prix.","og_url":"https:\/\/www.electroluxprofessional.com\/fr-be\/cuisine-2\/fours-convection\/","og_site_name":"Electrolux Professional Belgique","article_modified_time":"2025-11-05T16:05:36+00:00","og_image":[{"width":600,"height":600,"url":"https:\/\/www.electroluxprofessional.com\/fr-be\/wp-content\/uploads\/2023\/07\/CW-ovens-Vegetables-600x600-1.jpg","type":"image\/jpeg"}],"twitter_card":"summary_large_image","twitter_misc":{"Dur\u00e9e de lecture est.":"2 minutes"},"schema":{"@context":"https:\/\/schema.org","@graph":[{"@type":"WebPage","@id":"https:\/\/www.electroluxprofessional.com\/fr-be\/cuisine-2\/fours-convection\/","url":"https:\/\/www.electroluxprofessional.com\/fr-be\/cuisine-2\/fours-convection\/","name":"Fours \u00e0 convection Crosswise - Electrolux Professional Belgique","isPartOf":{"@id":"https:\/\/www.electroluxprofessional.com\/fr-be\/#website"},"primaryImageOfPage":{"@id":"https:\/\/www.electroluxprofessional.com\/fr-be\/cuisine-2\/fours-convection\/#primaryimage"},"image":{"@id":"https:\/\/www.electroluxprofessional.com\/fr-be\/cuisine-2\/fours-convection\/#primaryimage"},"thumbnailUrl":"https:\/\/www.electroluxprofessional.com\/fr-be\/wp-content\/uploads\/2023\/07\/CW-ovens-Vegetables-600x600-1.jpg","datePublished":"2023-07-28T18:40:09+00:00","dateModified":"2025-11-05T16:05:36+00:00","description":"Avec les fours \u00e0 convection Crosswise, vous obtiendrez des r\u00e9sultats de cuisson impeccables contre un bon rapport qualit\u00e9-prix.","breadcrumb":{"@id":"https:\/\/www.electroluxprofessional.com\/fr-be\/cuisine-2\/fours-convection\/#breadcrumb"},"inLanguage":"fr-BE","potentialAction":[{"@type":"ReadAction","target":["https:\/\/www.electroluxprofessional.com\/fr-be\/cuisine-2\/fours-convection\/"]}]},{"@type":"ImageObject","inLanguage":"fr-BE","@id":"https:\/\/www.electroluxprofessional.com\/fr-be\/cuisine-2\/fours-convection\/#primaryimage","url":"https:\/\/www.electroluxprofessional.com\/fr-be\/wp-content\/uploads\/2023\/07\/CW-ovens-Vegetables-600x600-1.jpg","contentUrl":"https:\/\/www.electroluxprofessional.com\/fr-be\/wp-content\/uploads\/2023\/07\/CW-ovens-Vegetables-600x600-1.jpg","width":600,"height":600,"caption":"Vegetables with a Convection Oven Crosswise"},{"@type":"BreadcrumbList","@id":"https:\/\/www.electroluxprofessional.com\/fr-be\/cuisine-2\/fours-convection\/#breadcrumb","itemListElement":[{"@type":"ListItem","position":1,"name":"Home","item":"https:\/\/www.electroluxprofessional.com\/fr-be\/"},{"@type":"ListItem","position":2,"name":"Cuisine","item":"https:\/\/www.electroluxprofessional.com\/fr-be\/cuisine-2\/"},{"@type":"ListItem","position":3,"name":"Fours \u00e0 convection Crosswise"}]},{"@type":"WebSite","@id":"https:\/\/www.electroluxprofessional.com\/fr-be\/#website","url":"https:\/\/www.electroluxprofessional.com\/fr-be\/","name":"Electrolux Professional Belgique","description":"Electrolux Professional est le leader mondial en mati\u00e8re d&#039;\u00e9quipements de cuisines et de blanchisseries professionnelles.","potentialAction":[{"@type":"SearchAction","target":{"@type":"EntryPoint","urlTemplate":"https:\/\/www.electroluxprofessional.com\/fr-be\/?src={search_term_string}"},"query-input":"required name=search_term_string"}],"inLanguage":"fr-BE"}]}},"_links":{"self":[{"href":"https:\/\/www.electroluxprofessional.com\/fr-be\/wp-json\/wp\/v2\/pages\/12329"}],"collection":[{"href":"https:\/\/www.electroluxprofessional.com\/fr-be\/wp-json\/wp\/v2\/pages"}],"about":[{"href":"https:\/\/www.electroluxprofessional.com\/fr-be\/wp-json\/wp\/v2\/types\/page"}],"author":[{"embeddable":true,"href":"https:\/\/www.electroluxprofessional.com\/fr-be\/wp-json\/wp\/v2\/users\/38"}],"replies":[{"embeddable":true,"href":"https:\/\/www.electroluxprofessional.com\/fr-be\/wp-json\/wp\/v2\/comments?post=12329"}],"version-history":[{"count":3,"href":"https:\/\/www.electroluxprofessional.com\/fr-be\/wp-json\/wp\/v2\/pages\/12329\/revisions"}],"predecessor-version":[{"id":14062,"href":"https:\/\/www.electroluxprofessional.com\/fr-be\/wp-json\/wp\/v2\/pages\/12329\/revisions\/14062"}],"up":[{"embeddable":true,"href":"https:\/\/www.electroluxprofessional.com\/fr-be\/wp-json\/wp\/v2\/pages\/9308"}],"wp:featuredmedia":[{"embeddable":true,"href":"https:\/\/www.electroluxprofessional.com\/fr-be\/wp-json\/wp\/v2\/media\/12324"}],"wp:attachment":[{"href":"https:\/\/www.electroluxprofessional.com\/fr-be\/wp-json\/wp\/v2\/media?parent=12329"}],"curies":[{"name":"wp","href":"https:\/\/api.w.org\/{rel}","templated":true}]}}