{"id":12161,"date":"2023-03-20T15:09:43","date_gmt":"2023-03-20T15:09:43","guid":{"rendered":"https:\/\/www.electroluxprofessional.com\/fr-be\/?page_id=12161"},"modified":"2025-11-05T16:41:18","modified_gmt":"2025-11-05T16:41:18","slug":"equipements-lavage","status":"publish","type":"page","link":"https:\/\/www.electroluxprofessional.com\/fr-be\/accessoires-et-consommables\/equipements-lavage\/","title":{"rendered":"Accessoires et consommables &#8211; Equipements de lavage"},"content":{"rendered":"<p>[vc_row full_width=&#8221;electroluxpro-full-width-no-padding&#8221;][vc_column css=&#8221;.vc_custom_1618358802266{margin-top: -40px !important;border-top-width: -40px !important;padding-top: -40px !important;}&#8221;][elx_full_banner title=&#8221;Accessoires et consommables \u00e9quipements de lavage&#8221; set_as_h1=&#8221;true&#8221; background_image_media_library=&#8221;12160&#8243; background_image_media_library_mobile=&#8221;35044&#8243; link=&#8221;url:%23contact|title:En%20savoir%20plus&#8221;][vc_row_inner full_width=&#8221;electroluxpro-full-width&#8221; gap=&#8221;15&#8243; disable_element=&#8221;yes&#8221;][vc_column_inner width=&#8221;1\/5&#8243;][elx_download_block text=&#8221;Accessories for protection, sanitizing and cleaning catalogue&#8221; document_type=&#8221;cat&#8221; file_picker=&#8221;24892&#8243; background_color=&#8221;electrolux-blue&#8221; background_hover_color=&#8221;lighter-hover&#8221; ca_document_number=&#8221;CAT10&#8243;][\/vc_column_inner][vc_column_inner width=&#8221;1\/5&#8243;][elx_download_block text=&#8221;Replacement Parts catalogue&#8221; document_type=&#8221;cat&#8221; file_picker=&#8221;24892&#8243; background_color=&#8221;electrolux-blue&#8221; background_hover_color=&#8221;lighter-hover&#8221; ca_document_number=&#8221;CAT7&#8243;][\/vc_column_inner][vc_column_inner width=&#8221;1\/5&#8243;][elx_download_block text=&#8221;Accessories &amp; Consumables catalogue&#8221; document_type=&#8221;cat&#8221; file_picker=&#8221;24892&#8243; background_color=&#8221;electrolux-blue&#8221; background_hover_color=&#8221;lighter-hover&#8221; ca_document_number=&#8221;CAT8&#8243;][\/vc_column_inner][vc_column_inner width=&#8221;1\/5&#8243;][elx_download_block text=&#8221;Spare Part Kits catalogue&#8221; document_type=&#8221;cat&#8221; file_picker=&#8221;24892&#8243; background_color=&#8221;electrolux-blue&#8221; background_hover_color=&#8221;lighter-hover&#8221; ca_document_number=&#8221;CAT9&#8243;][\/vc_column_inner][vc_column_inner width=&#8221;1\/5&#8243;][elx_download_block text=&#8221;Professional cleaning detergents Selection Guide&#8221; file_picker=&#8221;35121&#8243; background_color=&#8221;electrolux-blue&#8221;][\/vc_column_inner][\/vc_row_inner][\/vc_column][\/vc_row][vc_row][vc_column][vc_empty_space][vc_column_text]<\/p>\n<p style=\"text-align: center;\">Des r\u00e9sultats brillants et des performances optimales ne peuvent \u00eatre obtenus que par des accessoires et consommables d&#8217;origine, adapt\u00e9s aux \u00e9quipements.<\/p>\n<p>[\/vc_column_text][vc_empty_space][\/vc_column][\/vc_row][vc_row][vc_column][vc_empty_space][vc_row_inner][vc_column_inner width=&#8221;1\/2&#8243;][vc_single_image image=&#8221;12155&#8243; img_size=&#8221;530&#215;285&#8243; css_animation=&#8221;none&#8221;][\/vc_column_inner][vc_column_inner width=&#8221;1\/2&#8243;][elx_heading font_size=&#8221;h5&#8243; text_color=&#8221;inherit&#8221;]Robinets[\/elx_heading][vc_column_text]Mitigeurs monotrou ou bitrou,\u00a0mitigeur monotrou \u00e0 infrarouge, robinets d&#8217;eau avec douche, groupes de lavage\u00a0&#8230; choisissez les meilleurs accessoires pour votre \u00e9quipement de lave-vaisselle.[\/vc_column_text][vc_empty_space][\/vc_column_inner][\/vc_row_inner][vc_row_inner disable_element=&#8221;yes&#8221;][vc_column_inner width=&#8221;1\/2&#8243;][\/vc_column_inner][vc_column_inner width=&#8221;1\/2&#8243;][elx_shop_now button_text=&#8221;ACHETER&#8221; button_display_block=&#8221;display_block_on&#8221; button_alignment=&#8221;align_center&#8221; button_link=&#8221;url:https%3A%2F%2Fbuy.electroluxprofessional.com%2Felectrolux-professional%2Ftaps%2Fparts&#8221;][vc_empty_space][\/vc_column_inner][\/vc_row_inner][\/vc_column][vc_column][vc_empty_space][vc_row_inner][vc_column_inner width=&#8221;1\/2&#8243;][elx_heading font_size=&#8221;h5&#8243; text_color=&#8221;inherit&#8221;]Paniers \u00e0 usage universel[\/elx_heading][vc_column_text]Choisissez parmi nos diff\u00e9rents types de paniers :\u00a0 pour assiettes plates ou bols ; avec insert m\u00e9tallique pour assiettes \u00e0 pizza, tasses ou tasses \u00e0 caf\u00e9 ; avec conteneurs pour couverts ; avec c\u00f4t\u00e9 ouvert adapt\u00e9 aux plateaux et plus encore.[\/vc_column_text][vc_empty_space][\/vc_column_inner][vc_column_inner width=&#8221;1\/2&#8243;][vc_single_image image=&#8221;12156&#8243; img_size=&#8221;530*285&#8243; css_animation=&#8221;none&#8221;][\/vc_column_inner][\/vc_row_inner][vc_row_inner disable_element=&#8221;yes&#8221;][vc_column_inner width=&#8221;1\/2&#8243;][elx_shop_now button_text=&#8221;ACHETER&#8221; button_display_block=&#8221;display_block_on&#8221; button_alignment=&#8221;align_center&#8221; button_link=&#8221;url:https%3A%2F%2Fbuy.electroluxprofessional.com%2Felectrolux-professional%2Fbaskets-bowls-containers%2Fparts|||&#8221;][vc_empty_space][\/vc_column_inner][vc_column_inner width=&#8221;1\/2&#8243;][\/vc_column_inner][\/vc_row_inner][vc_empty_space][vc_row_inner][vc_column_inner width=&#8221;1\/2&#8243;][vc_single_image image=&#8221;12157&#8243; img_size=&#8221;530*285&#8243; alignment=&#8221;center&#8221; css_animation=&#8221;none&#8221;][\/vc_column_inner][vc_column_inner width=&#8221;1\/2&#8243;][elx_heading font_size=&#8221;h5&#8243; text_color=&#8221;inherit&#8221;]D\u00e9tergents liquides[\/elx_heading][vc_column_text]Pour des verres brillants, utilisez ces d\u00e9tergents qui \u00e9liminent compl\u00e8tement les gouttes et les taches, pour un r\u00e9sultat sec et propre. Gr\u00e2ce \u00e0 une formule sp\u00e9cifique, nous pr\u00e9venons la formation de calcaire.[\/vc_column_text][vc_empty_space][vc_empty_space][\/vc_column_inner][\/vc_row_inner][vc_row_inner disable_element=&#8221;yes&#8221;][vc_column_inner width=&#8221;1\/2&#8243;][\/vc_column_inner][vc_column_inner width=&#8221;1\/2&#8243;][elx_shop_now button_text=&#8221;ACHETER&#8221; button_display_block=&#8221;display_block_on&#8221; button_alignment=&#8221;align_center&#8221; button_link=&#8221;url:https%3A%2F%2Fbuy.electroluxprofessional.com%2Felectrolux-professional%2Fcleaners-detergents%2Fparts|||&#8221;][vc_empty_space][\/vc_column_inner][\/vc_row_inner][\/vc_column][\/vc_row][vc_row][vc_column width=&#8221;2\/3&#8243;][vc_empty_space][vc_column_text]<strong>D\u00e9tartrant polyvalent C30<\/strong><\/p>\n<p>\u25ba \u00c9limine efficacement les incrustations et le calcaire des appareils de lavage et des chaudi\u00e8res de tout \u00e9quipement professionnel<br \/>\n\u25ba L&#8217;utilisation r\u00e9guli\u00e8re du d\u00e9tartrant multi-usages C30 maintient l&#8217;\u00e9quipement toujours efficace, tout en ralentissant l&#8217;usure naturelle<br \/>\n\u25ba Gr\u00e2ce \u00e0 son faible pouvoir moussant, le d\u00e9tartrant multi-usages C30 est recommand\u00e9 pour le nettoyage des chaudi\u00e8res et des \u00e9quipements disposant d&#8217;un dispositif de d\u00e9tartrage automatique<br \/>\n\u25ba Le parfum neutre rend son utilisation plus agr\u00e9able[\/vc_column_text][vc_empty_space][\/vc_column][vc_column width=&#8221;1\/3&#8243;][vc_empty_space][vc_single_image image=&#8221;12158&#8243; img_size=&#8221;large&#8221; alignment=&#8221;center&#8221;][\/vc_column][\/vc_row][vc_row disable_element=&#8221;yes&#8221;][vc_column width=&#8221;2\/3&#8243;][elx_shop_now button_text=&#8221;ACHETER&#8221; button_display_block=&#8221;display_block_on&#8221; button_alignment=&#8221;align_center&#8221; button_link=&#8221;url:https%3A%2F%2Fbuy.electroluxprofessional.com%2Felectrolux-professional%2Felx0s2362&#8243;][vc_empty_space][\/vc_column][vc_column width=&#8221;1\/3&#8243;][\/vc_column][\/vc_row][vc_row css=&#8221;.vc_custom_1679325241114{background-color: #e8eff5 !important;}&#8221;][vc_column][vc_empty_space][vc_column_text]<\/p>\n<h3>Saviez-vous que vos verres perdent du \u00ab poids \u00bb \u00e0 chaque cycle et deviennent de plus en plus fragiles ?<\/h3>\n<p>[\/vc_column_text][vc_single_image image=&#8221;12159&#8243; img_size=&#8221;full&#8221;][\/vc_column][\/vc_row][vc_row el_id=&#8221;contact&#8221;][vc_column][vc_empty_space][elx_heading font_container=&#8221;h3&#8243; text_color=&#8221;inherit&#8221;]Contactez-nous et d\u00e9couvrez comment prendre soin de votre lave-vaisselle :[\/elx_heading][elx_o2000_contact_us s=&#8221;Demande d&#8217;informations sur les accessoires et consommables pour lave-vaisselle&#8221; request_type=&#8221;Parts and consumables&#8221; country=&#8221;Belgium&#8221; b=&#8221;food&#8221; container=&#8221;elxcontactus1484553998&#8243; r=&#8221;Je souhaite en savoir plus sur les accessoires et consommables pour lave-vaisselle.&#8221;][\/vc_column][\/vc_row]<\/p>\n","protected":false},"excerpt":{"rendered":"<p>[vc_row full_width=&#8221;electroluxpro-full-width-no-padding&#8221;][vc_column css=&#8221;.vc_custom_1618358802266{margin-top: -40px !important;border-top-width: -40px !important;padding-top: -40px !important;}&#8221;][elx_full_banner title=&#8221;Accessoires et consommables \u00e9quipements de lavage&#8221; set_as_h1=&#8221;true&#8221; background_image_media_library=&#8221;12160&#8243; background_image_media_library_mobile=&#8221;35044&#8243; link=&#8221;url:%23contact|title:En%20savoir%20plus&#8221;][vc_row_inner full_width=&#8221;electroluxpro-full-width&#8221; gap=&#8221;15&#8243; disable_element=&#8221;yes&#8221;][vc_column_inner width=&#8221;1\/5&#8243;][elx_download_block text=&#8221;Accessories for protection, sanitizing and cleaning catalogue&#8221; document_type=&#8221;cat&#8221; file_picker=&#8221;24892&#8243; background_color=&#8221;electrolux-blue&#8221; background_hover_color=&#8221;lighter-hover&#8221; ca_document_number=&#8221;CAT10&#8243;][\/vc_column_inner][vc_column_inner width=&#8221;1\/5&#8243;][elx_download_block text=&#8221;Replacement Parts catalogue&#8221; document_type=&#8221;cat&#8221; file_picker=&#8221;24892&#8243; background_color=&#8221;electrolux-blue&#8221; background_hover_color=&#8221;lighter-hover&#8221; ca_document_number=&#8221;CAT7&#8243;][\/vc_column_inner][vc_column_inner width=&#8221;1\/5&#8243;][elx_download_block text=&#8221;Accessories &amp; Consumables catalogue&#8221; document_type=&#8221;cat&#8221; file_picker=&#8221;24892&#8243; background_color=&#8221;electrolux-blue&#8221; background_hover_color=&#8221;lighter-hover&#8221; ca_document_number=&#8221;CAT8&#8243;][\/vc_column_inner][vc_column_inner width=&#8221;1\/5&#8243;][elx_download_block [&hellip;]<\/p>\n","protected":false},"author":38,"featured_media":12154,"parent":6215,"menu_order":0,"comment_status":"closed","ping_status":"closed","template":"","meta":{"footnotes":""},"class_list":["post-12161","page","type-page","status-publish","has-post-thumbnail","hentry"],"acf":[],"yoast_head":"<!-- This site is optimized with the Yoast SEO plugin v23.3 - https:\/\/yoast.com\/wordpress\/plugins\/seo\/ -->\n<title>Accessoires &amp; consommables - Equipements de lavage - Electrolux Professional<\/title>\n<meta name=\"description\" content=\"Choisissez nos d\u00e9tergents et produits de rin\u00e7age professionnels pour assurer une vaisselle \u00e9clatante en toutes circonstances.\" \/>\n<meta name=\"robots\" content=\"index, follow, max-snippet:-1, max-image-preview:large, max-video-preview:-1\" \/>\n<link rel=\"canonical\" href=\"https:\/\/www.electroluxprofessional.com\/fr-be\/accessoires-et-consommables\/equipements-lavage\/\" \/>\n<meta property=\"og:locale\" content=\"fr_FR\" \/>\n<meta property=\"og:type\" content=\"article\" \/>\n<meta property=\"og:title\" content=\"Accessoires &amp; consommables - Equipements de lavage - Electrolux Professional\" \/>\n<meta property=\"og:description\" content=\"Choisissez nos d\u00e9tergents et produits de rin\u00e7age professionnels pour assurer une vaisselle \u00e9clatante en toutes circonstances.\" \/>\n<meta property=\"og:url\" content=\"https:\/\/www.electroluxprofessional.com\/fr-be\/accessoires-et-consommables\/equipements-lavage\/\" \/>\n<meta property=\"og:site_name\" content=\"Electrolux Professional Belgique\" \/>\n<meta property=\"article:modified_time\" content=\"2025-11-05T16:41:18+00:00\" \/>\n<meta property=\"og:image\" content=\"https:\/\/www.electroluxprofessional.com\/fr-be\/wp-content\/uploads\/2023\/03\/detergent-washing-machine.jpg\" \/>\n\t<meta property=\"og:image:width\" content=\"750\" \/>\n\t<meta property=\"og:image:height\" content=\"617\" \/>\n\t<meta property=\"og:image:type\" content=\"image\/jpeg\" \/>\n<meta name=\"twitter:card\" content=\"summary_large_image\" \/>\n<meta name=\"twitter:label1\" content=\"Dur\u00e9e de lecture est.\" \/>\n\t<meta name=\"twitter:data1\" content=\"3 minutes\" \/>\n<script type=\"application\/ld+json\" class=\"yoast-schema-graph\">{\"@context\":\"https:\/\/schema.org\",\"@graph\":[{\"@type\":\"WebPage\",\"@id\":\"https:\/\/www.electroluxprofessional.com\/fr-be\/accessoires-et-consommables\/equipements-lavage\/\",\"url\":\"https:\/\/www.electroluxprofessional.com\/fr-be\/accessoires-et-consommables\/equipements-lavage\/\",\"name\":\"Accessoires & consommables - Equipements de lavage - Electrolux Professional\",\"isPartOf\":{\"@id\":\"https:\/\/www.electroluxprofessional.com\/fr-be\/#website\"},\"primaryImageOfPage\":{\"@id\":\"https:\/\/www.electroluxprofessional.com\/fr-be\/accessoires-et-consommables\/equipements-lavage\/#primaryimage\"},\"image\":{\"@id\":\"https:\/\/www.electroluxprofessional.com\/fr-be\/accessoires-et-consommables\/equipements-lavage\/#primaryimage\"},\"thumbnailUrl\":\"https:\/\/www.electroluxprofessional.com\/fr-be\/wp-content\/uploads\/2023\/03\/detergent-washing-machine.jpg\",\"datePublished\":\"2023-03-20T15:09:43+00:00\",\"dateModified\":\"2025-11-05T16:41:18+00:00\",\"description\":\"Choisissez nos d\u00e9tergents et produits de rin\u00e7age professionnels pour assurer une vaisselle \u00e9clatante en toutes circonstances.\",\"breadcrumb\":{\"@id\":\"https:\/\/www.electroluxprofessional.com\/fr-be\/accessoires-et-consommables\/equipements-lavage\/#breadcrumb\"},\"inLanguage\":\"fr-BE\",\"potentialAction\":[{\"@type\":\"ReadAction\",\"target\":[\"https:\/\/www.electroluxprofessional.com\/fr-be\/accessoires-et-consommables\/equipements-lavage\/\"]}]},{\"@type\":\"ImageObject\",\"inLanguage\":\"fr-BE\",\"@id\":\"https:\/\/www.electroluxprofessional.com\/fr-be\/accessoires-et-consommables\/equipements-lavage\/#primaryimage\",\"url\":\"https:\/\/www.electroluxprofessional.com\/fr-be\/wp-content\/uploads\/2023\/03\/detergent-washing-machine.jpg\",\"contentUrl\":\"https:\/\/www.electroluxprofessional.com\/fr-be\/wp-content\/uploads\/2023\/03\/detergent-washing-machine.jpg\",\"width\":750,\"height\":617,\"caption\":\"dishwasher rinse\"},{\"@type\":\"BreadcrumbList\",\"@id\":\"https:\/\/www.electroluxprofessional.com\/fr-be\/accessoires-et-consommables\/equipements-lavage\/#breadcrumb\",\"itemListElement\":[{\"@type\":\"ListItem\",\"position\":1,\"name\":\"Home\",\"item\":\"https:\/\/www.electroluxprofessional.com\/fr-be\/\"},{\"@type\":\"ListItem\",\"position\":2,\"name\":\"Accessoires et consommables\",\"item\":\"https:\/\/www.electroluxprofessional.com\/fr-be\/accessoires-et-consommables\/\"},{\"@type\":\"ListItem\",\"position\":3,\"name\":\"Accessoires et consommables &#8211; Equipements de lavage\"}]},{\"@type\":\"WebSite\",\"@id\":\"https:\/\/www.electroluxprofessional.com\/fr-be\/#website\",\"url\":\"https:\/\/www.electroluxprofessional.com\/fr-be\/\",\"name\":\"Electrolux Professional Belgique\",\"description\":\"Electrolux Professional est le leader mondial en mati\u00e8re d&#039;\u00e9quipements de cuisines et de blanchisseries professionnelles.\",\"potentialAction\":[{\"@type\":\"SearchAction\",\"target\":{\"@type\":\"EntryPoint\",\"urlTemplate\":\"https:\/\/www.electroluxprofessional.com\/fr-be\/?src={search_term_string}\"},\"query-input\":\"required name=search_term_string\"}],\"inLanguage\":\"fr-BE\"}]}<\/script>\n<!-- \/ Yoast SEO plugin. -->","yoast_head_json":{"title":"Accessoires & consommables - Equipements de lavage - Electrolux Professional","description":"Choisissez nos d\u00e9tergents et produits de rin\u00e7age professionnels pour assurer une vaisselle \u00e9clatante en toutes circonstances.","robots":{"index":"index","follow":"follow","max-snippet":"max-snippet:-1","max-image-preview":"max-image-preview:large","max-video-preview":"max-video-preview:-1"},"canonical":"https:\/\/www.electroluxprofessional.com\/fr-be\/accessoires-et-consommables\/equipements-lavage\/","og_locale":"fr_FR","og_type":"article","og_title":"Accessoires & consommables - Equipements de lavage - Electrolux Professional","og_description":"Choisissez nos d\u00e9tergents et produits de rin\u00e7age professionnels pour assurer une vaisselle \u00e9clatante en toutes circonstances.","og_url":"https:\/\/www.electroluxprofessional.com\/fr-be\/accessoires-et-consommables\/equipements-lavage\/","og_site_name":"Electrolux Professional Belgique","article_modified_time":"2025-11-05T16:41:18+00:00","og_image":[{"width":750,"height":617,"url":"https:\/\/www.electroluxprofessional.com\/fr-be\/wp-content\/uploads\/2023\/03\/detergent-washing-machine.jpg","type":"image\/jpeg"}],"twitter_card":"summary_large_image","twitter_misc":{"Dur\u00e9e de lecture est.":"3 minutes"},"schema":{"@context":"https:\/\/schema.org","@graph":[{"@type":"WebPage","@id":"https:\/\/www.electroluxprofessional.com\/fr-be\/accessoires-et-consommables\/equipements-lavage\/","url":"https:\/\/www.electroluxprofessional.com\/fr-be\/accessoires-et-consommables\/equipements-lavage\/","name":"Accessoires & consommables - Equipements de lavage - Electrolux Professional","isPartOf":{"@id":"https:\/\/www.electroluxprofessional.com\/fr-be\/#website"},"primaryImageOfPage":{"@id":"https:\/\/www.electroluxprofessional.com\/fr-be\/accessoires-et-consommables\/equipements-lavage\/#primaryimage"},"image":{"@id":"https:\/\/www.electroluxprofessional.com\/fr-be\/accessoires-et-consommables\/equipements-lavage\/#primaryimage"},"thumbnailUrl":"https:\/\/www.electroluxprofessional.com\/fr-be\/wp-content\/uploads\/2023\/03\/detergent-washing-machine.jpg","datePublished":"2023-03-20T15:09:43+00:00","dateModified":"2025-11-05T16:41:18+00:00","description":"Choisissez nos d\u00e9tergents et produits de rin\u00e7age professionnels pour assurer une vaisselle \u00e9clatante en toutes circonstances.","breadcrumb":{"@id":"https:\/\/www.electroluxprofessional.com\/fr-be\/accessoires-et-consommables\/equipements-lavage\/#breadcrumb"},"inLanguage":"fr-BE","potentialAction":[{"@type":"ReadAction","target":["https:\/\/www.electroluxprofessional.com\/fr-be\/accessoires-et-consommables\/equipements-lavage\/"]}]},{"@type":"ImageObject","inLanguage":"fr-BE","@id":"https:\/\/www.electroluxprofessional.com\/fr-be\/accessoires-et-consommables\/equipements-lavage\/#primaryimage","url":"https:\/\/www.electroluxprofessional.com\/fr-be\/wp-content\/uploads\/2023\/03\/detergent-washing-machine.jpg","contentUrl":"https:\/\/www.electroluxprofessional.com\/fr-be\/wp-content\/uploads\/2023\/03\/detergent-washing-machine.jpg","width":750,"height":617,"caption":"dishwasher rinse"},{"@type":"BreadcrumbList","@id":"https:\/\/www.electroluxprofessional.com\/fr-be\/accessoires-et-consommables\/equipements-lavage\/#breadcrumb","itemListElement":[{"@type":"ListItem","position":1,"name":"Home","item":"https:\/\/www.electroluxprofessional.com\/fr-be\/"},{"@type":"ListItem","position":2,"name":"Accessoires et consommables","item":"https:\/\/www.electroluxprofessional.com\/fr-be\/accessoires-et-consommables\/"},{"@type":"ListItem","position":3,"name":"Accessoires et consommables &#8211; Equipements de lavage"}]},{"@type":"WebSite","@id":"https:\/\/www.electroluxprofessional.com\/fr-be\/#website","url":"https:\/\/www.electroluxprofessional.com\/fr-be\/","name":"Electrolux Professional Belgique","description":"Electrolux Professional est le leader mondial en mati\u00e8re d&#039;\u00e9quipements de cuisines et de blanchisseries professionnelles.","potentialAction":[{"@type":"SearchAction","target":{"@type":"EntryPoint","urlTemplate":"https:\/\/www.electroluxprofessional.com\/fr-be\/?src={search_term_string}"},"query-input":"required name=search_term_string"}],"inLanguage":"fr-BE"}]}},"_links":{"self":[{"href":"https:\/\/www.electroluxprofessional.com\/fr-be\/wp-json\/wp\/v2\/pages\/12161"}],"collection":[{"href":"https:\/\/www.electroluxprofessional.com\/fr-be\/wp-json\/wp\/v2\/pages"}],"about":[{"href":"https:\/\/www.electroluxprofessional.com\/fr-be\/wp-json\/wp\/v2\/types\/page"}],"author":[{"embeddable":true,"href":"https:\/\/www.electroluxprofessional.com\/fr-be\/wp-json\/wp\/v2\/users\/38"}],"replies":[{"embeddable":true,"href":"https:\/\/www.electroluxprofessional.com\/fr-be\/wp-json\/wp\/v2\/comments?post=12161"}],"version-history":[{"count":6,"href":"https:\/\/www.electroluxprofessional.com\/fr-be\/wp-json\/wp\/v2\/pages\/12161\/revisions"}],"predecessor-version":[{"id":14119,"href":"https:\/\/www.electroluxprofessional.com\/fr-be\/wp-json\/wp\/v2\/pages\/12161\/revisions\/14119"}],"up":[{"embeddable":true,"href":"https:\/\/www.electroluxprofessional.com\/fr-be\/wp-json\/wp\/v2\/pages\/6215"}],"wp:featuredmedia":[{"embeddable":true,"href":"https:\/\/www.electroluxprofessional.com\/fr-be\/wp-json\/wp\/v2\/media\/12154"}],"wp:attachment":[{"href":"https:\/\/www.electroluxprofessional.com\/fr-be\/wp-json\/wp\/v2\/media?parent=12161"}],"curies":[{"name":"wp","href":"https:\/\/api.w.org\/{rel}","templated":true}]}}