{"id":11976,"date":"2023-02-02T13:32:57","date_gmt":"2023-02-02T13:32:57","guid":{"rendered":"https:\/\/www.electroluxprofessional.com\/fr-be\/?page_id=11976"},"modified":"2025-11-05T16:40:52","modified_gmt":"2025-11-05T16:40:52","slug":"cook-and-chill","status":"publish","type":"page","link":"https:\/\/www.electroluxprofessional.com\/fr-be\/accessoires-et-consommables\/cook-and-chill\/","title":{"rendered":"Accessoires &#038; consommables &#8211; Cook and chill"},"content":{"rendered":"<p>[vc_row full_width=&#8221;electroluxpro-full-width-no-padding&#8221;][vc_column css=&#8221;.vc_custom_1618358802266{margin-top: -40px !important;border-top-width: -40px !important;padding-top: -40px !important;}&#8221;][elx_full_banner title=&#8221;Accessoires &amp; consommables Cook and Chill&#8221; set_as_h1=&#8221;true&#8221; background_image_media_library=&#8221;11974&#8243; background_image_media_library_mobile=&#8221;35065&#8243; link=&#8221;url:%23contact|title:En%20savoir%20plus&#8221;][vc_row_inner full_width=&#8221;electroluxpro-full-width&#8221; gap=&#8221;15&#8243; disable_element=&#8221;yes&#8221;][vc_column_inner width=&#8221;1\/5&#8243;][elx_download_block text=&#8221;Accessories for protection, sanitizing and cleaning catalogue&#8221; document_type=&#8221;cat&#8221; file_picker=&#8221;24892&#8243; background_color=&#8221;electrolux-blue&#8221; background_hover_color=&#8221;lighter-hover&#8221; ca_document_number=&#8221;CAT10&#8243;][\/vc_column_inner][vc_column_inner width=&#8221;1\/5&#8243;][elx_download_block text=&#8221;Replacement Parts catalogue&#8221; document_type=&#8221;cat&#8221; file_picker=&#8221;24892&#8243; background_color=&#8221;electrolux-blue&#8221; background_hover_color=&#8221;lighter-hover&#8221; ca_document_number=&#8221;CAT7&#8243;][\/vc_column_inner][vc_column_inner width=&#8221;1\/5&#8243;][elx_download_block text=&#8221;Accessories &amp; Consumables catalogue&#8221; document_type=&#8221;cat&#8221; file_picker=&#8221;24892&#8243; background_color=&#8221;electrolux-blue&#8221; background_hover_color=&#8221;lighter-hover&#8221; ca_document_number=&#8221;CAT8&#8243;][\/vc_column_inner][vc_column_inner width=&#8221;1\/5&#8243;][elx_download_block text=&#8221;Spare Part Kits catalogue&#8221; document_type=&#8221;cat&#8221; file_picker=&#8221;24892&#8243; background_color=&#8221;electrolux-blue&#8221; background_hover_color=&#8221;lighter-hover&#8221; ca_document_number=&#8221;CAT9&#8243;][\/vc_column_inner][vc_column_inner width=&#8221;1\/5&#8243;][elx_download_block text=&#8221;Professional cleaning detergents Selection Guide&#8221; file_picker=&#8221;35121&#8243; background_color=&#8221;electrolux-blue&#8221;][\/vc_column_inner][\/vc_row_inner][\/vc_column][\/vc_row][vc_row][vc_column][elx_menu menu_name=&#8221;Accessoires &amp; consommables&#8221;][\/vc_column][\/vc_row][vc_row][vc_column][vc_empty_space][vc_column_text]<\/p>\n<h3>Obtenez les meilleurs r\u00e9sultats de votre SkyLine gr\u00e2ce \u00e0 l&#8217;utilisation de nos accessoires et consommables d&#8217;origine.<\/h3>\n<p>[\/vc_column_text][vc_empty_space][\/vc_column][\/vc_row][vc_row][vc_column width=&#8221;1\/3&#8243;][vc_single_image image=&#8221;11966&#8243; img_size=&#8221;full&#8221; css_animation=&#8221;none&#8221;][vc_empty_space height=&#8221;40px&#8221;][elx_heading font_size=&#8221;h5&#8243; text_color=&#8221;inherit&#8221;]Fumoir pour fours[\/elx_heading][vc_column_text]Le fumoir volcan est l&#8217;accessoire parfait pour r\u00e9aliser vos recettes aromatis\u00e9es au fumage directement dans le four mixte, selon les m\u00e9thodes traditionnelles avec des copeaux de bois ou des \u00e9pices s\u00e9ch\u00e9es.[\/vc_column_text][vc_empty_space][\/vc_column][vc_column width=&#8221;1\/3&#8243;][vc_single_image image=&#8221;11967&#8243; img_size=&#8221;medium&#8221; css_animation=&#8221;none&#8221;][elx_heading font_size=&#8221;h5&#8243; text_color=&#8221;inherit&#8221;]La machine sous vide[\/elx_heading][vc_column_text]Les accessoires d&#8217;emballage sous vide sont indispensables pour effectuer la cuisson sous vide et sont utiles pour conserver les aliments \u00e0 l&#8217;abri des effets nocifs de l&#8217;humidit\u00e9 et de l&#8217;air.[\/vc_column_text][vc_empty_space][vc_empty_space][\/vc_column][vc_column width=&#8221;1\/3&#8243;][vc_single_image image=&#8221;11968&#8243; img_size=&#8221;full&#8221; css_animation=&#8221;none&#8221;][elx_heading font_size=&#8221;h5&#8243; text_color=&#8221;inherit&#8221;]La sonde sous-vide[\/elx_heading][vc_column_text]La sonde sous vide garantit que la bonne temp\u00e9rature est atteinte avec pr\u00e9cision pendant la cuisson sous vide. Avec une aiguille sp\u00e9ciale \u00e0 coupe diagonale, vous pouvez \u00e9viter de casser le vide scell\u00e9.[\/vc_column_text][vc_empty_space][\/vc_column][\/vc_row][vc_row disable_element=&#8221;yes&#8221;][vc_column width=&#8221;1\/3&#8243;][elx_shop_now button_text=&#8221;ACHETER&#8221; button_display_block=&#8221;display_block_on&#8221; button_alignment=&#8221;align_center&#8221; button_link=&#8221;url:https%3A%2F%2Fbuy.electroluxprofessional.com%2Felectrolux-professional%2Felx0s1753&#8243;][vc_empty_space][\/vc_column][vc_column width=&#8221;1\/3&#8243;][elx_shop_now button_text=&#8221;ACHETER&#8221; button_display_block=&#8221;display_block_on&#8221; button_alignment=&#8221;align_center&#8221; button_link=&#8221;url:https%3A%2F%2Fbuy.electroluxprofessional.com%2Felectrolux-professional%2Ffood-preparation-equipment-parts%2Fvacuum-machine-parts%2Fparts&#8221;][vc_empty_space][\/vc_column][vc_column width=&#8221;1\/3&#8243;][elx_shop_now button_text=&#8221;ACHETER&#8221; button_display_block=&#8221;display_block_on&#8221; button_alignment=&#8221;align_center&#8221; button_link=&#8221;url:https%3A%2F%2Fbuy.electroluxprofessional.com%2Felectrolux-professional%2Fprobes-sensors%2Fparts&#8221;][vc_empty_space][\/vc_column][\/vc_row][vc_row equal_height=&#8221;yes&#8221;][vc_column][vc_empty_space height=&#8221;60px&#8221;][\/vc_column][\/vc_row][vc_row][vc_column width=&#8221;1\/3&#8243;][vc_single_image image=&#8221;11969&#8243; img_size=&#8221;full&#8221; css_animation=&#8221;none&#8221;][elx_heading font_size=&#8221;h5&#8243; text_color=&#8221;inherit&#8221;]Grilles et plateaux[\/elx_heading][vc_column_text]Une large gamme de solutions de cuisson pour \u00e9largir facilement votre menu en utilisant le four SkyLine Combi de Universal Pans, Frying Griddles et bien plus encore.[\/vc_column_text][vc_empty_space][\/vc_column][vc_column width=&#8221;1\/3&#8243;][vc_single_image image=&#8221;11970&#8243; img_size=&#8221;full&#8221; css_animation=&#8221;none&#8221;][elx_heading font_size=&#8221;h5&#8243; text_color=&#8221;inherit&#8221;]Syst\u00e8me pour poulets[\/elx_heading][vc_column_text]Combinez le cycle de cuisson d\u00e9di\u00e9 pour des poulets r\u00f4tis croustillants et juteux avec les accessoires d\u00e9di\u00e9s qui am\u00e9liorent la manipulation et l&#8217;ergonomie.[\/vc_column_text][vc_empty_space][\/vc_column][vc_column width=&#8221;1\/3&#8243;][vc_single_image image=&#8221;11971&#8243; img_size=&#8221;medium&#8221; css_animation=&#8221;none&#8221;][elx_heading font_size=&#8221;h5&#8243; text_color=&#8221;inherit&#8221;]Nettoyer et rincer[\/elx_heading][vc_column_text]Nos d\u00e9tergents sont conformes aux normes d&#8217;hygi\u00e8ne et de s\u00e9curit\u00e9 et hautement efficaces pour les performances de l&#8217;\u00e9quipement.[\/vc_column_text][vc_empty_space][\/vc_column][\/vc_row][vc_row disable_element=&#8221;yes&#8221;][vc_column width=&#8221;1\/3&#8243;][elx_shop_now button_text=&#8221;ACHETER&#8221; button_display_block=&#8221;display_block_on&#8221; button_alignment=&#8221;align_center&#8221; button_link=&#8221;url:https%3A%2F%2Fbuy.electroluxprofessional.com%2Felectrolux-professional%2Fpans-trays-wells%2Fparts&#8221;][vc_empty_space][\/vc_column][vc_column width=&#8221;1\/3&#8243;][elx_shop_now button_text=&#8221;ACHETER&#8221; button_display_block=&#8221;display_block_on&#8221; button_alignment=&#8221;align_center&#8221; button_link=&#8221;url:https%3A%2F%2Fbuy.electroluxprofessional.com%2Fparts%3Fq%3Dchicken&#8221;][vc_empty_space][\/vc_column][vc_column width=&#8221;1\/3&#8243;][elx_shop_now button_text=&#8221;ACHETER&#8221; button_display_block=&#8221;display_block_on&#8221; button_alignment=&#8221;align_center&#8221; button_link=&#8221;url:https%3A%2F%2Fbuy.electroluxprofessional.com%2Felectrolux-professional%2Fcleaners-detergents%2Fparts&#8221;][vc_empty_space][\/vc_column][\/vc_row][vc_row full_width=&#8221;electroluxpro-full-width-no-padding&#8221; disable_element=&#8221;yes&#8221;][vc_column][elx_image_block background_image=&#8221;11965&#8243; minimum_height=&#8221;400px&#8221;][\/vc_column][\/vc_row][vc_row full_width=&#8221;electroluxpro-full-width-no-padding&#8221;][vc_column][elx_full_banner title=&#8221;En savoir plus&#8221; link=&#8221;url:https%3A%2F%2Fwww.electroluxprofessional.com%2Ffr-be%2Fdetergents-fours-skyline%2F|title:D%C3%A9tergents%20fours%20SkyLine&#8221; background_image_media_library=&#8221;11975&#8243; background_image_media_library_mobile=&#8221;41958&#8243;][\/vc_column][\/vc_row][vc_row][vc_column width=&#8221;1\/2&#8243;][vc_empty_space][elx_simple_link_block link=&#8221;url:https%3A%2F%2Fwww.electroluxprofessional.com%2Ffr-be%2Fcommercial-kitchen-equipment%2Fcook-and-chill%2F|title:cook%20and%20chill||&#8221; text_align=&#8221;text-left&#8221; text_color=&#8221;inherit&#8221; background_color=&#8221;inherit&#8221; background_hover_color=&#8221;darker-hover&#8221; extra_class=&#8221;&#8221; reveal_effect=&#8221;&#8221; reveal_duration=&#8221;&#8221; reveal_delay=&#8221;&#8221;][elx_heading text_color=&#8221;inherit&#8221; text_align=&#8221;text-left&#8221;]Solution int\u00e9gr\u00e9e Cook&amp;Chill[\/elx_heading][vc_column_text]Dur\u00e9e de vie plus longue et performances optimales des fours Skyline uniquement avec les produits d\u00e9tergents Electrolux Professional sans phosphate. B\u00e9n\u00e9ficiez d&#8217;une flexibilit\u00e9 unique dans le nettoyage avec 2 options chimiques diff\u00e9rentes :<\/p>\n<ul>\n<li>Solide pour un nettoyage intensif<\/li>\n<li>Liquide la solution la plus flexible<\/li>\n<\/ul>\n<p>Planifiez \u00e0 l&#8217;avance le processus de nettoyage de votre four mixte SkyLine en fonction de vos besoins et contr\u00f4lez-le \u00e0 distance. Le nettoyage programmable vous permet de s\u00e9lectionner le meilleur moment pour commencer le nettoyage. Le nettoyage forc\u00e9 est un nettoyage contr\u00f4l\u00e9 par mot de passe garantissant que la maintenance planifi\u00e9e est toujours effectu\u00e9e.<\/p>\n<p>*Jusqu&#8217;\u00e0 -15 % sur les co\u00fbts de fonctionnement : \u00e9conomies d&#8217;\u00e9nergie, d&#8217;eau, de d\u00e9tergent et de liquide de rin\u00e7age calcul\u00e9es \u00e0 l&#8217;aide de la fonction SkyClean par rapport \u00e0 un cycle de nettoyage \u00e9quivalent sur la pr\u00e9c\u00e9dente gamme de fours Electrolux Professional.[\/vc_column_text][\/elx_simple_link_block][\/vc_column][vc_column width=&#8221;1\/2&#8243;][vc_empty_space][vc_single_image image=&#8221;11972&#8243; img_size=&#8221;full&#8221;][vc_empty_space][elx_button button_text=&#8221;D\u00e9couvrir les d\u00e9tergents fours&#8221; button_display_block=&#8221;display_block_on&#8221; button_alignment=&#8221;align_center&#8221; button_link=&#8221;url:https%3A%2F%2Fwww.electroluxprofessional.com%2Ffr-be%2Fdetergents-fours-skyline%2F&#8221;][\/vc_column][\/vc_row][vc_row][vc_column][vc_empty_space][\/vc_column][\/vc_row][vc_row][vc_column width=&#8221;1\/2&#8243;][vc_single_image image=&#8221;11973&#8243; img_size=&#8221;full&#8221; alignment=&#8221;center&#8221;][\/vc_column][vc_column width=&#8221;1\/2&#8243;][vc_column_text]<strong>D\u00e9tartrant polyvalent C30<\/strong><\/p>\n<p>\u25ba \u00c9limine efficacement les incrustations et le calcaire des appareils de lavage et des chaudi\u00e8res de tout \u00e9quipement professionnel<br \/>\n\u25ba L&#8217;utilisation r\u00e9guli\u00e8re du d\u00e9tartrant multi-usages C30 maintient l&#8217;\u00e9quipement toujours efficace, tout en ralentissant l&#8217;usure naturelle<br \/>\n\u25ba Gr\u00e2ce \u00e0 son faible pouvoir moussant, le d\u00e9tartrant multi-usages C30 est recommand\u00e9 pour le nettoyage des chaudi\u00e8res et des \u00e9quipements disposant d&#8217;un dispositif de d\u00e9tartrage automatique<br \/>\n\u25ba Le parfum neutre rend son utilisation plus agr\u00e9able[\/vc_column_text][vc_empty_space][\/vc_column][\/vc_row][vc_row disable_element=&#8221;yes&#8221;][vc_column width=&#8221;1\/2&#8243;][\/vc_column][vc_column width=&#8221;1\/2&#8243;][elx_shop_now button_text=&#8221;ACHETER&#8221; button_display_block=&#8221;display_block_on&#8221; button_alignment=&#8221;align_center&#8221; button_link=&#8221;url:https%3A%2F%2Fbuy.electroluxprofessional.com%2Felectrolux-professional%2Felx0s2362&#8243;][\/vc_column][\/vc_row][vc_row el_id=&#8221;contact&#8221;][vc_column][vc_empty_space][vc_empty_space][elx_heading font_container=&#8221;h3&#8243; text_color=&#8221;inherit&#8221;]Contactez-nous pour en savoir plus sur comment optimiser votre solution Cook &amp; Chill :[\/elx_heading][elx_o2000_contact_us s=&#8221;Demande d&#8217;informations accessoires &amp; consommables Cook and Chill&#8221; request_type=&#8221;Parts and consumables&#8221; country=&#8221;Belgium&#8221; b=&#8221;food&#8221; container=&#8221;elxcontactus1484302025&#8243; r=&#8221;Je souhaiterais en savoir plus sur les accessoires &amp; consommables Cook and Chill&#8221;][\/vc_column][\/vc_row]<\/p>\n","protected":false},"excerpt":{"rendered":"<p>[vc_row full_width=&#8221;electroluxpro-full-width-no-padding&#8221;][vc_column css=&#8221;.vc_custom_1618358802266{margin-top: -40px !important;border-top-width: -40px !important;padding-top: -40px !important;}&#8221;][elx_full_banner title=&#8221;Accessoires &amp; consommables Cook and Chill&#8221; set_as_h1=&#8221;true&#8221; background_image_media_library=&#8221;11974&#8243; background_image_media_library_mobile=&#8221;35065&#8243; link=&#8221;url:%23contact|title:En%20savoir%20plus&#8221;][vc_row_inner full_width=&#8221;electroluxpro-full-width&#8221; gap=&#8221;15&#8243; disable_element=&#8221;yes&#8221;][vc_column_inner width=&#8221;1\/5&#8243;][elx_download_block text=&#8221;Accessories for protection, sanitizing and cleaning catalogue&#8221; document_type=&#8221;cat&#8221; file_picker=&#8221;24892&#8243; background_color=&#8221;electrolux-blue&#8221; background_hover_color=&#8221;lighter-hover&#8221; ca_document_number=&#8221;CAT10&#8243;][\/vc_column_inner][vc_column_inner width=&#8221;1\/5&#8243;][elx_download_block text=&#8221;Replacement Parts catalogue&#8221; document_type=&#8221;cat&#8221; file_picker=&#8221;24892&#8243; background_color=&#8221;electrolux-blue&#8221; background_hover_color=&#8221;lighter-hover&#8221; ca_document_number=&#8221;CAT7&#8243;][\/vc_column_inner][vc_column_inner width=&#8221;1\/5&#8243;][elx_download_block text=&#8221;Accessories &amp; Consumables catalogue&#8221; document_type=&#8221;cat&#8221; file_picker=&#8221;24892&#8243; background_color=&#8221;electrolux-blue&#8221; background_hover_color=&#8221;lighter-hover&#8221; ca_document_number=&#8221;CAT8&#8243;][\/vc_column_inner][vc_column_inner width=&#8221;1\/5&#8243;][elx_download_block [&hellip;]<\/p>\n","protected":false},"author":38,"featured_media":0,"parent":6215,"menu_order":0,"comment_status":"closed","ping_status":"closed","template":"","meta":{"footnotes":""},"class_list":["post-11976","page","type-page","status-publish","hentry"],"acf":[],"yoast_head":"<!-- This site is optimized with the Yoast SEO plugin v23.3 - https:\/\/yoast.com\/wordpress\/plugins\/seo\/ -->\n<title>Accessoires &amp; consommables - Cook and chill - Electrolux Professional Belgique<\/title>\n<meta name=\"description\" content=\"Obtenez les meilleurs r\u00e9sultats de votre four et cellulle SkyLine. Cuisinez et refroidissez. D\u00e9couvrez nos accessoires et consommables : grilles, barquettes, sous-vide, fumoirs ...\" \/>\n<meta name=\"robots\" content=\"index, follow, max-snippet:-1, max-image-preview:large, max-video-preview:-1\" \/>\n<link rel=\"canonical\" href=\"https:\/\/www.electroluxprofessional.com\/fr-be\/accessoires-et-consommables\/cook-and-chill\/\" \/>\n<meta property=\"og:locale\" content=\"fr_FR\" \/>\n<meta property=\"og:type\" content=\"article\" \/>\n<meta property=\"og:title\" content=\"Accessoires &amp; consommables - Cook and chill - Electrolux Professional Belgique\" \/>\n<meta property=\"og:description\" content=\"Obtenez les meilleurs r\u00e9sultats de votre four et cellulle SkyLine. Cuisinez et refroidissez. D\u00e9couvrez nos accessoires et consommables : grilles, barquettes, sous-vide, fumoirs ...\" \/>\n<meta property=\"og:url\" content=\"https:\/\/www.electroluxprofessional.com\/fr-be\/accessoires-et-consommables\/cook-and-chill\/\" \/>\n<meta property=\"og:site_name\" content=\"Electrolux Professional Belgique\" \/>\n<meta property=\"article:modified_time\" content=\"2025-11-05T16:40:52+00:00\" \/>\n<meta name=\"twitter:card\" content=\"summary_large_image\" \/>\n<meta name=\"twitter:label1\" content=\"Dur\u00e9e de lecture est.\" \/>\n\t<meta name=\"twitter:data1\" content=\"4 minutes\" \/>\n<script type=\"application\/ld+json\" class=\"yoast-schema-graph\">{\"@context\":\"https:\/\/schema.org\",\"@graph\":[{\"@type\":\"WebPage\",\"@id\":\"https:\/\/www.electroluxprofessional.com\/fr-be\/accessoires-et-consommables\/cook-and-chill\/\",\"url\":\"https:\/\/www.electroluxprofessional.com\/fr-be\/accessoires-et-consommables\/cook-and-chill\/\",\"name\":\"Accessoires & consommables - Cook and chill - Electrolux Professional Belgique\",\"isPartOf\":{\"@id\":\"https:\/\/www.electroluxprofessional.com\/fr-be\/#website\"},\"datePublished\":\"2023-02-02T13:32:57+00:00\",\"dateModified\":\"2025-11-05T16:40:52+00:00\",\"description\":\"Obtenez les meilleurs r\u00e9sultats de votre four et cellulle SkyLine. Cuisinez et refroidissez. D\u00e9couvrez nos accessoires et consommables : grilles, barquettes, sous-vide, fumoirs ...\",\"breadcrumb\":{\"@id\":\"https:\/\/www.electroluxprofessional.com\/fr-be\/accessoires-et-consommables\/cook-and-chill\/#breadcrumb\"},\"inLanguage\":\"fr-BE\",\"potentialAction\":[{\"@type\":\"ReadAction\",\"target\":[\"https:\/\/www.electroluxprofessional.com\/fr-be\/accessoires-et-consommables\/cook-and-chill\/\"]}]},{\"@type\":\"BreadcrumbList\",\"@id\":\"https:\/\/www.electroluxprofessional.com\/fr-be\/accessoires-et-consommables\/cook-and-chill\/#breadcrumb\",\"itemListElement\":[{\"@type\":\"ListItem\",\"position\":1,\"name\":\"Home\",\"item\":\"https:\/\/www.electroluxprofessional.com\/fr-be\/\"},{\"@type\":\"ListItem\",\"position\":2,\"name\":\"Accessoires et consommables\",\"item\":\"https:\/\/www.electroluxprofessional.com\/fr-be\/accessoires-et-consommables\/\"},{\"@type\":\"ListItem\",\"position\":3,\"name\":\"Accessoires &#038; consommables &#8211; Cook and chill\"}]},{\"@type\":\"WebSite\",\"@id\":\"https:\/\/www.electroluxprofessional.com\/fr-be\/#website\",\"url\":\"https:\/\/www.electroluxprofessional.com\/fr-be\/\",\"name\":\"Electrolux Professional Belgique\",\"description\":\"Electrolux Professional est le leader mondial en mati\u00e8re d&#039;\u00e9quipements de cuisines et de blanchisseries professionnelles.\",\"potentialAction\":[{\"@type\":\"SearchAction\",\"target\":{\"@type\":\"EntryPoint\",\"urlTemplate\":\"https:\/\/www.electroluxprofessional.com\/fr-be\/?src={search_term_string}\"},\"query-input\":\"required name=search_term_string\"}],\"inLanguage\":\"fr-BE\"}]}<\/script>\n<!-- \/ Yoast SEO plugin. -->","yoast_head_json":{"title":"Accessoires & consommables - Cook and chill - Electrolux Professional Belgique","description":"Obtenez les meilleurs r\u00e9sultats de votre four et cellulle SkyLine. Cuisinez et refroidissez. D\u00e9couvrez nos accessoires et consommables : grilles, barquettes, sous-vide, fumoirs ...","robots":{"index":"index","follow":"follow","max-snippet":"max-snippet:-1","max-image-preview":"max-image-preview:large","max-video-preview":"max-video-preview:-1"},"canonical":"https:\/\/www.electroluxprofessional.com\/fr-be\/accessoires-et-consommables\/cook-and-chill\/","og_locale":"fr_FR","og_type":"article","og_title":"Accessoires & consommables - Cook and chill - Electrolux Professional Belgique","og_description":"Obtenez les meilleurs r\u00e9sultats de votre four et cellulle SkyLine. Cuisinez et refroidissez. D\u00e9couvrez nos accessoires et consommables : grilles, barquettes, sous-vide, fumoirs ...","og_url":"https:\/\/www.electroluxprofessional.com\/fr-be\/accessoires-et-consommables\/cook-and-chill\/","og_site_name":"Electrolux Professional Belgique","article_modified_time":"2025-11-05T16:40:52+00:00","twitter_card":"summary_large_image","twitter_misc":{"Dur\u00e9e de lecture est.":"4 minutes"},"schema":{"@context":"https:\/\/schema.org","@graph":[{"@type":"WebPage","@id":"https:\/\/www.electroluxprofessional.com\/fr-be\/accessoires-et-consommables\/cook-and-chill\/","url":"https:\/\/www.electroluxprofessional.com\/fr-be\/accessoires-et-consommables\/cook-and-chill\/","name":"Accessoires & consommables - Cook and chill - Electrolux Professional Belgique","isPartOf":{"@id":"https:\/\/www.electroluxprofessional.com\/fr-be\/#website"},"datePublished":"2023-02-02T13:32:57+00:00","dateModified":"2025-11-05T16:40:52+00:00","description":"Obtenez les meilleurs r\u00e9sultats de votre four et cellulle SkyLine. Cuisinez et refroidissez. D\u00e9couvrez nos accessoires et consommables : grilles, barquettes, sous-vide, fumoirs ...","breadcrumb":{"@id":"https:\/\/www.electroluxprofessional.com\/fr-be\/accessoires-et-consommables\/cook-and-chill\/#breadcrumb"},"inLanguage":"fr-BE","potentialAction":[{"@type":"ReadAction","target":["https:\/\/www.electroluxprofessional.com\/fr-be\/accessoires-et-consommables\/cook-and-chill\/"]}]},{"@type":"BreadcrumbList","@id":"https:\/\/www.electroluxprofessional.com\/fr-be\/accessoires-et-consommables\/cook-and-chill\/#breadcrumb","itemListElement":[{"@type":"ListItem","position":1,"name":"Home","item":"https:\/\/www.electroluxprofessional.com\/fr-be\/"},{"@type":"ListItem","position":2,"name":"Accessoires et consommables","item":"https:\/\/www.electroluxprofessional.com\/fr-be\/accessoires-et-consommables\/"},{"@type":"ListItem","position":3,"name":"Accessoires &#038; consommables &#8211; Cook and chill"}]},{"@type":"WebSite","@id":"https:\/\/www.electroluxprofessional.com\/fr-be\/#website","url":"https:\/\/www.electroluxprofessional.com\/fr-be\/","name":"Electrolux Professional Belgique","description":"Electrolux Professional est le leader mondial en mati\u00e8re d&#039;\u00e9quipements de cuisines et de blanchisseries professionnelles.","potentialAction":[{"@type":"SearchAction","target":{"@type":"EntryPoint","urlTemplate":"https:\/\/www.electroluxprofessional.com\/fr-be\/?src={search_term_string}"},"query-input":"required name=search_term_string"}],"inLanguage":"fr-BE"}]}},"_links":{"self":[{"href":"https:\/\/www.electroluxprofessional.com\/fr-be\/wp-json\/wp\/v2\/pages\/11976"}],"collection":[{"href":"https:\/\/www.electroluxprofessional.com\/fr-be\/wp-json\/wp\/v2\/pages"}],"about":[{"href":"https:\/\/www.electroluxprofessional.com\/fr-be\/wp-json\/wp\/v2\/types\/page"}],"author":[{"embeddable":true,"href":"https:\/\/www.electroluxprofessional.com\/fr-be\/wp-json\/wp\/v2\/users\/38"}],"replies":[{"embeddable":true,"href":"https:\/\/www.electroluxprofessional.com\/fr-be\/wp-json\/wp\/v2\/comments?post=11976"}],"version-history":[{"count":5,"href":"https:\/\/www.electroluxprofessional.com\/fr-be\/wp-json\/wp\/v2\/pages\/11976\/revisions"}],"predecessor-version":[{"id":14116,"href":"https:\/\/www.electroluxprofessional.com\/fr-be\/wp-json\/wp\/v2\/pages\/11976\/revisions\/14116"}],"up":[{"embeddable":true,"href":"https:\/\/www.electroluxprofessional.com\/fr-be\/wp-json\/wp\/v2\/pages\/6215"}],"wp:attachment":[{"href":"https:\/\/www.electroluxprofessional.com\/fr-be\/wp-json\/wp\/v2\/media?parent=11976"}],"curies":[{"name":"wp","href":"https:\/\/api.w.org\/{rel}","templated":true}]}}