{"id":11619,"date":"2022-06-15T18:33:56","date_gmt":"2022-06-15T18:33:56","guid":{"rendered":"https:\/\/www.electroluxprofessional.com\/fr-be\/?page_id=11619"},"modified":"2022-07-27T16:22:13","modified_gmt":"2022-07-27T16:22:13","slug":"venteaemporter","status":"publish","type":"page","link":"https:\/\/www.electroluxprofessional.com\/fr-be\/venteaemporter\/","title":{"rendered":"Fast-food, take-away"},"content":{"rendered":"<p>[vc_row full_width=&#8221;electroluxpro-full-width-no-padding&#8221;][vc_column][elx_image_block background_image=&#8221;11599&#8243; minimum_height=&#8221;350px&#8221;][\/vc_column][\/vc_row][vc_row full_width=&#8221;electroluxpro-full-width-no-padding&#8221;][vc_column][vc_empty_space height=&#8221;50px&#8221;][elx_heading font_container=&#8221;h1&#8243; text_color=&#8221;inherit&#8221; text_align=&#8221;text-center&#8221;]Mat\u00e9riel horeca durable pour la vente \u00e0 emporter :<br \/>\nsandwiches, burgers, wraps v\u00e9g\u00e9tariens, muffins etc.[\/elx_heading][vc_empty_space][\/vc_column][\/vc_row][vc_row][vc_column][vc_column_text]<\/p>\n<p style=\"text-align: left;\">Electrolux Professional fournit les <strong>\u00e9quipements des grandes et petites cha\u00eenes de restauration rapide et vente \u00e0 emporter<\/strong> du monde entier. Au Benelux, vous pouvez nous trouver chez <a href=\"https:\/\/www.electroluxprofessional.com\/fr-be\/references\/greenway\/\"><em>Greenway<\/em><\/a>, <em>Go Fresh<\/em> de EG Retail, <em>Balls &amp; Glory<\/em> et bien d&#8217;autres&#8230;<\/p>\n<p>[\/vc_column_text][vc_empty_space][\/vc_column][\/vc_row][vc_row][vc_column width=&#8221;2\/3&#8243;][vc_column_text]<\/p>\n<p style=\"text-align: left;\">Vous r\u00e9fl\u00e9chissez \u00e0 un agrandissement de votre \u00e9tablissement, de nouvelles implantations ou simplement remplacer votre mat\u00e9riel par des solutions plus \u00e9conomes en \u00e9nergie et compl\u00e8tement programmables? Contactez-nous sans obligation. Nous travaillons ensemble \u00e0 la productivit\u00e9 de vos \u00e9tablissements.<\/p>\n<p>[\/vc_column_text][vc_empty_space][elx_button button_text=&#8221;Contactez-nous&#8221; button_link=&#8221;url:%23contact&#8221;][vc_empty_space height=&#8221;50px&#8221;][\/vc_column][vc_column width=&#8221;1\/3&#8243;][vc_single_image image=&#8221;11608&#8243; img_size=&#8221;medium&#8221; alignment=&#8221;right&#8221;][vc_empty_space height=&#8221;50px&#8221;][\/vc_column][\/vc_row][vc_row full_width=&#8221;electroluxpro-container-no-padding&#8221;][vc_column][elx_video_block background_image=&#8221;9303&#8243; video_link=&#8221;https:\/\/www.youtube.com\/watch?v=FWJyQjARpsw&#8221; minimum_height=&#8221;350px&#8221;][vc_empty_space height=&#8221;50px&#8221;][\/vc_column][\/vc_row][vc_row][vc_column][elx_heading font_size=&#8221;h2&#8243; text_color=&#8221;inherit&#8221; text_align=&#8221;text-center&#8221;]Tous les \u00e9quipements pour la vente \u00e0 emporter[\/elx_heading][vc_empty_space][vc_row_inner][vc_column_inner width=&#8221;1\/4&#8243;][elx_heading text_color=&#8221;inherit&#8221; text_align=&#8221;text-center&#8221;]Lave-vaisselle[\/elx_heading][vc_single_image image=&#8221;11605&#8243; alignment=&#8221;center&#8221;][vc_empty_space][elx_button button_text=&#8221;Decouvrir&#8221; button_display_block=&#8221;display_block_on&#8221; button_alignment=&#8221;align_center&#8221; button_link=&#8221;url:https%3A%2F%2Fwww.electroluxprofessional.com%2Ffr-be%2Fcuisine-2%2Flaveverres-laveuses-frontales%2F|title:Laveuses%20frontales&#8221;][vc_empty_space][vc_column_text]<\/p>\n<p style=\"text-align: center;\"><strong>Lave-verres, laveuses frontales ou \u00e0 capot<\/strong>. Il existe une solution pour chaque besoin, avec une consommation d&#8217;\u00e9nergie et d&#8217;eau minimale.<\/p>\n<p>[\/vc_column_text][vc_empty_space][\/vc_column_inner][vc_column_inner width=&#8221;1\/4&#8243;][elx_heading text_color=&#8221;inherit&#8221; text_align=&#8221;text-center&#8221;]R\u00e9frigeration[\/elx_heading][vc_single_image image=&#8221;11606&#8243; alignment=&#8221;center&#8221;][vc_empty_space][elx_button button_text=&#8221;Decouvrir&#8221; button_display_block=&#8221;display_block_on&#8221; button_alignment=&#8221;align_center&#8221; button_link=&#8221;url:https%3A%2F%2Fwww.electroluxprofessional.com%2Ffr-be%2Fcuisine-2%2Farmoires-refrigerees-positives-negatives%2F|title:Tables%20et%20armoires%20r%C3%A9frig%C3%A9r%C3%A9es&#8221;][vc_empty_space][vc_column_text]<\/p>\n<p style=\"text-align: center;\"><strong>Tables avec tiroirs r\u00e9frig\u00e9r\u00e9s<\/strong> pour une pr\u00e9paration facile ou<strong> armoires n\u00e9gatives<\/strong> pour un<strong> stockage en toute s\u00e9curit\u00e9<\/strong> de vos produits.<\/p>\n<p>[\/vc_column_text][vc_empty_space height=&#8221;65px&#8221;][\/vc_column_inner][vc_column_inner width=&#8221;1\/4&#8243;][elx_heading text_color=&#8221;inherit&#8221; text_align=&#8221;text-center&#8221;]Fours combi[\/elx_heading][vc_single_image image=&#8221;11607&#8243; alignment=&#8221;center&#8221;][vc_empty_space][elx_button button_text=&#8221;Decouvrir&#8221; button_display_block=&#8221;display_block_on&#8221; button_alignment=&#8221;align_center&#8221; button_link=&#8221;url:https%3A%2F%2Fwww.electroluxprofessional.com%2Ffr-be%2Fcuisine-2%2Ffours-mixtes-skyline%2F|title:Fours%20combi&#8221;][vc_empty_space][vc_column_text]<\/p>\n<p style=\"text-align: center;\"><strong>Standardisez<\/strong> vos pr\u00e9parations gr\u00e2ce aux menus programmables et assurez des <strong>r\u00e9sultats homog\u00e8nes<\/strong>. Extr\u00eamement facile et pratique.<\/p>\n<p>[\/vc_column_text][vc_empty_space][\/vc_column_inner][vc_column_inner width=&#8221;1\/4&#8243;][elx_heading text_color=&#8221;inherit&#8221; text_align=&#8221;text-center&#8221;]Grill rapide[\/elx_heading][vc_single_image image=&#8221;7416&#8243; alignment=&#8221;center&#8221;][vc_empty_space][elx_button button_text=&#8221;Decouvrir&#8221; button_display_block=&#8221;display_block_on&#8221; button_alignment=&#8221;align_center&#8221; button_link=&#8221;url:https%3A%2F%2Fwww.electroluxprofessional.com%2Ffr-be%2Fcuisine-2%2Fspeedelight%2F|title:SpeeDelight&#8221;][vc_empty_space][vc_column_text]<\/p>\n<p style=\"text-align: center;\"><strong>R\u00e9chauffez et grillez<\/strong> paninis, pizzas, quiches, foccacias et m\u00eame moelleux en quelques secondes. <strong>Programmez vos recettes personnelles<\/strong> et d\u00e9marrez via des ic\u00f4nes. Unique sur le march\u00e9.<\/p>\n<p>[\/vc_column_text][vc_empty_space][\/vc_column_inner][\/vc_row_inner][\/vc_column][\/vc_row][vc_row][vc_column][vc_empty_space][elx_button button_text=&#8221;Contactez-nous&#8221; button_display_block=&#8221;display_block_on&#8221; button_alignment=&#8221;align_center&#8221; button_link=&#8221;url:%23contact|title:contactez-nous&#8221;][vc_empty_space height=&#8221;65px&#8221;][elx_image_block background_image=&#8221;11600&#8243; minimum_height=&#8221;450px&#8221;][vc_empty_space height=&#8221;65px&#8221;][\/vc_column][\/vc_row][vc_row full_width=&#8221;electroluxpro-container-no-padding&#8221;][vc_column width=&#8221;1\/3&#8243; css=&#8221;.vc_custom_1655314199662{padding-right: 0px !important;padding-left: 0px !important;}&#8221;][vc_single_image image=&#8221;11602&#8243; alignment=&#8221;center&#8221;][vc_empty_space][elx_heading font_container=&#8221;h3&#8243; font_size=&#8221;h5&#8243; text_color=&#8221;inherit&#8221; text_align=&#8221;text-center&#8221;]Fiabilit\u00e9 op\u00e9rationnelle[\/elx_heading][vc_empty_space][vc_column_text]<\/p>\n<p style=\"text-align: center;\">Pr\u00e9venez les blocages et garantissez le <strong>bon fonctionnement<\/strong> de votre \u00e9tablissement gr\u00e2ce \u00e0 notre vaste r\u00e9seau de partenaires. Offrez \u00e0 vos clients un <strong>service constant \u00e0 chaque moment<\/strong>.<\/p>\n<p>[\/vc_column_text][\/vc_column][vc_column width=&#8221;1\/3&#8243;][vc_single_image image=&#8221;11603&#8243; alignment=&#8221;center&#8221;][vc_empty_space][elx_heading font_container=&#8221;h3&#8243; font_size=&#8221;h5&#8243; text_color=&#8221;inherit&#8221; text_align=&#8221;text-center&#8221;]Une solution pour tout[\/elx_heading][vc_empty_space][vc_column_text]<\/p>\n<p style=\"text-align: center;\">Trouvez l&#8217;<strong>\u00e9quipement complet adapt\u00e9 \u00e0 votre restaurant et votre activit\u00e9<\/strong>. Allant des appareils de cuisson aux lave-vaisselles, en passant par la r\u00e9frig\u00e9ration et m\u00eame les machines \u00e0 laver, nous vous \u00e9quipons dans tous les domaines avec du <strong>mat\u00e9riel solide et durable<\/strong>.<\/p>\n<p>[\/vc_column_text][\/vc_column][vc_column width=&#8221;1\/3&#8243; css=&#8221;.vc_custom_1655314215071{border-right-width: 0px !important;border-left-width: 0px !important;}&#8221;][vc_single_image image=&#8221;11604&#8243; alignment=&#8221;center&#8221;][vc_empty_space][elx_heading font_container=&#8221;h3&#8243; font_size=&#8221;h5&#8243; text_color=&#8221;inherit&#8221; text_align=&#8221;text-center&#8221;]Programmation facile[\/elx_heading][vc_empty_space][vc_column_text]<\/p>\n<p style=\"text-align: center;\">Gagnez du temps et <strong>maximisez l&#8217;employabilit\u00e9 de votre personnel<\/strong> gr\u00e2ce \u00e0 nos \u00e9quipements ergonomiques. Programmez vos fours et grills \u00e0 panini au niveau central et \u00e0 distance pour des <strong>r\u00e9sultats constants<\/strong> en un rien de temps.<\/p>\n<p>[\/vc_column_text][\/vc_column][\/vc_row][vc_row][vc_column][vc_empty_space][elx_button button_text=&#8221;Contactez-nous&#8221; button_display_block=&#8221;display_block_on&#8221; button_alignment=&#8221;align_center&#8221; button_link=&#8221;url:%23contact|title:contactez-nous&#8221;][vc_empty_space height=&#8221;65px&#8221;][elx_image_block background_image=&#8221;11601&#8243; minimum_height=&#8221;450px&#8221;][vc_empty_space][elx_heading text_color=&#8221;inherit&#8221; text_align=&#8221;text-left&#8221;]Votre partenaire de confiance[\/elx_heading][vc_empty_space][\/vc_column][\/vc_row][vc_row][vc_column width=&#8221;1\/3&#8243;][vc_single_image image=&#8221;11609&#8243; img_size=&#8221;medium&#8221;][vc_empty_space][\/vc_column][vc_column width=&#8221;2\/3&#8243;][vc_empty_space][vc_column_text]Vous souhaitez d\u00e9couvrir comment nous pouvons <strong>optimaliser le fonctionnement de vos restaurants<\/strong> et franchises m\u00eame en cas de p\u00e9nurie de personnel et en m\u00eame temps r\u00e9duire vos facture d&#8217;\u00e9nergie ? Parlez \u00e0 nos experts.<\/p>\n<p>Contactez-nous pour obtenir des informations sans engagement et <strong>laissez-nous vous guider<\/strong>.[\/vc_column_text][\/vc_column][\/vc_row][vc_row el_id=&#8221;contact&#8221;][vc_column width=&#8221;2\/3&#8243;][vc_empty_space][elx_heading font_size=&#8221;h2&#8243; text_color=&#8221;inherit&#8221; text_align=&#8221;text-left&#8221; css=&#8221;.vc_custom_1655319493817{background-color: #eeeeee !important;}&#8221;]Contactez nos experts[\/elx_heading][vc_empty_space][elx_o2000_contact_us r=&#8221;Je souhaiterais plus d&#8217;infos sur vos \u00e9quipements pour la vente \u00e0 emporter&#8221; s=&#8221;Demande d&#8217;infos&#8221; country=&#8221;Belgium&#8221; b=&#8221;food&#8221;][vc_empty_space][\/vc_column][vc_column width=&#8221;1\/3&#8243;][vc_empty_space height=&#8221;60px&#8221;][vc_column_text]<strong><a href=\"https:\/\/www.electroluxprofessional.com\/fr-be\/cuisine-2\/fry-top\/\">NitroChrome<\/a>: grillez 350 steaks\/heure<\/strong>[\/vc_column_text][vc_empty_space height=&#8221;20px&#8221;][elx_video_block background_image=&#8221;10068&#8243; video_link=&#8221;https:\/\/youtu.be\/Z2KDOPX1lck&#8221; minimum_height=&#8221;200px&#8221;][vc_empty_space][vc_column_text]<strong><a href=\"https:\/\/www.electroluxprofessional.com\/fr-be\/cuisine-2\/speedelight\/\">SpeeDelight<\/a>: grillez et r\u00e9chauffez paninis, pizzas, moelleux en quelques secondes.<\/strong>[\/vc_column_text][vc_empty_space height=&#8221;20px&#8221;][elx_video_block background_image=&#8221;614&#8243; video_link=&#8221;https:\/\/www.youtube.com\/watch?v=v4giq-7xsuQ&#8221; minimum_height=&#8221;200px&#8221;][vc_empty_space][vc_column_text]<strong><a href=\"https:\/\/www.youtube.com\/watch?v=xpYDdjtt3p4&amp;list=PLn-GI5LWCZdRsvlnPfaLU6CNZfPs2JEYb&amp;index=8\">ProSift<\/a>: panez vos filets de poulet de mani\u00e8re facile et hygi\u00e9nique<\/strong>[\/vc_column_text][vc_empty_space height=&#8221;20px&#8221;][elx_video_block background_image=&#8221;5337&#8243; video_link=&#8221;https:\/\/youtu.be\/xpYDdjtt3p4&#8243; minimum_height=&#8221;200px&#8221;][\/vc_column][\/vc_row][vc_row css=&#8221;.vc_custom_1655319803239{background-color: #eeeeee !important;}&#8221;][vc_column][elx_heading font_size=&#8221;h3&#8243; text_color=&#8221;inherit&#8221; text_align=&#8221;text-left&#8221; css=&#8221;.vc_custom_1655319813667{background-color: #eeeeee !important;}&#8221;]Autres solutions pour cha\u00eenes[\/elx_heading][vc_empty_space][\/vc_column][\/vc_row][vc_row content_placement=&#8221;top&#8221; css=&#8221;.vc_custom_1655319968306{background-color: #eeeeee !important;}&#8221;][vc_column width=&#8221;1\/3&#8243;][vc_single_image image=&#8221;11610&#8243; img_size=&#8221;500&#215;354&#8243;][elx_heading font_container=&#8221;h4&#8243; text_color=&#8221;inherit&#8221; text_align=&#8221;text-left&#8221;]Carlsberg DraughtMaster[\/elx_heading][vc_column_text css=&#8221;.vc_custom_1655398431111{padding-bottom: 20px !important;}&#8221;]Innovant et durable, le syst\u00e8me DraughtMaster\u2122, con\u00e7u par <strong>Carlsberg<\/strong>, permet de conserver tout le go\u00fbt de la bi\u00e8re plus longtemps en \u00e9vitant le gaspillage et en limitant l\u2019espace de stockage.[\/vc_column_text][\/vc_column][vc_column width=&#8221;1\/3&#8243;][vc_single_image image=&#8221;11611&#8243; img_size=&#8221;500&#215;354&#8243;][elx_heading font_container=&#8221;h4&#8243; text_color=&#8221;inherit&#8221; text_align=&#8221;text-left&#8221;]Armoires de d\u00e9cong\u00e9lation[\/elx_heading][vc_column_text]Cette armoire sur mesure a \u00e9t\u00e9 con\u00e7ue pour <strong>acc\u00e9l\u00e9rer la d\u00e9cong\u00e9lation du poulet<\/strong>.<\/p>\n<p>La r\u00e9ponse parfaite \u00e0 la n\u00e9cessit\u00e9 d\u2019acc\u00e9l\u00e9rer le service.[\/vc_column_text][\/vc_column][vc_column width=&#8221;1\/3&#8243;][elx_simple_link_block link=&#8221;url:https%3A%2F%2Fwww.electroluxprofessional.com%2Ffr-be%2Fcuisine-2%2Fpreparation%2Ftrinitypro%2F|title:TrinityPro%20mixeur%20batteur&#8221; text_align=&#8221;text-left&#8221; text_color=&#8221;inherit&#8221; background_color=&#8221;inherit&#8221; background_hover_color=&#8221;darker-hover&#8221; extra_class=&#8221;&#8221; reveal_effect=&#8221;&#8221; reveal_duration=&#8221;&#8221; reveal_delay=&#8221;&#8221;][vc_single_image image=&#8221;11612&#8243; img_size=&#8221;500&#215;354&#8243; alignment=&#8221;center&#8221;][elx_heading font_container=&#8221;h4&#8243; text_color=&#8221;inherit&#8221; text_align=&#8221;text-left&#8221;]Pr\u00e9paration dynamique[\/elx_heading][vc_column_text]La<strong> solution tout-en-un pour un snacking de qualit\u00e9<\/strong> : carottes r\u00e2p\u00e9es, tranches de concombre, mayonnaise, etc.<\/p>\n<p><strong>Qualit\u00e9 et hygi\u00e8ne garanties<\/strong>. Toutes les pi\u00e8ces passent au lave-vaisselle et sont <strong>sans bisph\u00e9nol A.<\/strong>[\/vc_column_text][\/elx_simple_link_block][\/vc_column][\/vc_row][vc_row][vc_column][vc_empty_space][elx_heading text_color=&#8221;inherit&#8221;]Decouvrez plus de solutions[\/elx_heading][\/vc_column][\/vc_row][vc_row][vc_column width=&#8221;1\/3&#8243;][elx_maylike_box id_box=&#8221;3196&#8243;][\/vc_column][vc_column width=&#8221;1\/3&#8243;][elx_maylike_box id_box=&#8221;6697&#8243;][\/vc_column][vc_column width=&#8221;1\/3&#8243;][elx_maylike_box id_box=&#8221;3183&#8243;][\/vc_column][\/vc_row]<\/p>\n","protected":false},"excerpt":{"rendered":"<p>[vc_row full_width=&#8221;electroluxpro-full-width-no-padding&#8221;][vc_column][elx_image_block background_image=&#8221;11599&#8243; minimum_height=&#8221;350px&#8221;][\/vc_column][\/vc_row][vc_row full_width=&#8221;electroluxpro-full-width-no-padding&#8221;][vc_column][vc_empty_space height=&#8221;50px&#8221;][elx_heading font_container=&#8221;h1&#8243; text_color=&#8221;inherit&#8221; text_align=&#8221;text-center&#8221;]Mat\u00e9riel horeca durable pour la vente \u00e0 emporter : sandwiches, burgers, wraps v\u00e9g\u00e9tariens, muffins etc.[\/elx_heading][vc_empty_space][\/vc_column][\/vc_row][vc_row][vc_column][vc_column_text] Electrolux Professional fournit les \u00e9quipements des grandes et petites cha\u00eenes de restauration rapide et vente \u00e0 emporter du monde entier. Au Benelux, vous pouvez nous trouver chez Greenway, Go Fresh de EG [&hellip;]<\/p>\n","protected":false},"author":38,"featured_media":11608,"parent":0,"menu_order":0,"comment_status":"closed","ping_status":"closed","template":"","meta":{"footnotes":""},"class_list":["post-11619","page","type-page","status-publish","has-post-thumbnail","hentry"],"acf":[],"yoast_head":"<!-- This site is optimized with the Yoast SEO plugin v23.3 - https:\/\/yoast.com\/wordpress\/plugins\/seo\/ -->\n<title>Vente \u00e0 emporter - Electrolux Professional Belgique<\/title>\n<meta name=\"description\" content=\"Assurez des r\u00e9sultats consistents et am\u00e9liorez le fonctionnement de votre restaurant avec nos \u00e9quipements professionels.\" \/>\n<meta name=\"robots\" content=\"index, follow, max-snippet:-1, max-image-preview:large, max-video-preview:-1\" \/>\n<link rel=\"canonical\" href=\"https:\/\/www.electroluxprofessional.com\/fr-be\/venteaemporter\/\" \/>\n<meta property=\"og:locale\" content=\"fr_FR\" \/>\n<meta property=\"og:type\" content=\"article\" \/>\n<meta property=\"og:title\" content=\"Vente \u00e0 emporter - Electrolux Professional Belgique\" \/>\n<meta property=\"og:description\" content=\"Assurez des r\u00e9sultats consistents et am\u00e9liorez le fonctionnement de votre restaurant avec nos \u00e9quipements professionels.\" \/>\n<meta property=\"og:url\" content=\"https:\/\/www.electroluxprofessional.com\/fr-be\/venteaemporter\/\" \/>\n<meta property=\"og:site_name\" content=\"Electrolux Professional Belgique\" \/>\n<meta property=\"article:modified_time\" content=\"2022-07-27T16:22:13+00:00\" \/>\n<meta property=\"og:image\" content=\"https:\/\/www.electroluxprofessional.com\/fr-be\/wp-content\/uploads\/2022\/06\/chips-fried-fryers-7-2.jpg\" \/>\n\t<meta property=\"og:image:width\" content=\"700\" \/>\n\t<meta property=\"og:image:height\" content=\"467\" \/>\n\t<meta property=\"og:image:type\" content=\"image\/jpeg\" \/>\n<meta name=\"twitter:card\" content=\"summary_large_image\" \/>\n<meta name=\"twitter:label1\" content=\"Dur\u00e9e de lecture est.\" \/>\n\t<meta name=\"twitter:data1\" content=\"4 minutes\" \/>\n<script type=\"application\/ld+json\" class=\"yoast-schema-graph\">{\"@context\":\"https:\/\/schema.org\",\"@graph\":[{\"@type\":\"WebPage\",\"@id\":\"https:\/\/www.electroluxprofessional.com\/fr-be\/venteaemporter\/\",\"url\":\"https:\/\/www.electroluxprofessional.com\/fr-be\/venteaemporter\/\",\"name\":\"Vente \u00e0 emporter - Electrolux Professional Belgique\",\"isPartOf\":{\"@id\":\"https:\/\/www.electroluxprofessional.com\/fr-be\/#website\"},\"primaryImageOfPage\":{\"@id\":\"https:\/\/www.electroluxprofessional.com\/fr-be\/venteaemporter\/#primaryimage\"},\"image\":{\"@id\":\"https:\/\/www.electroluxprofessional.com\/fr-be\/venteaemporter\/#primaryimage\"},\"thumbnailUrl\":\"https:\/\/www.electroluxprofessional.com\/fr-be\/wp-content\/uploads\/2022\/06\/chips-fried-fryers-7-2.jpg\",\"datePublished\":\"2022-06-15T18:33:56+00:00\",\"dateModified\":\"2022-07-27T16:22:13+00:00\",\"description\":\"Assurez des r\u00e9sultats consistents et am\u00e9liorez le fonctionnement de votre restaurant avec nos \u00e9quipements professionels.\",\"breadcrumb\":{\"@id\":\"https:\/\/www.electroluxprofessional.com\/fr-be\/venteaemporter\/#breadcrumb\"},\"inLanguage\":\"fr-BE\",\"potentialAction\":[{\"@type\":\"ReadAction\",\"target\":[\"https:\/\/www.electroluxprofessional.com\/fr-be\/venteaemporter\/\"]}]},{\"@type\":\"ImageObject\",\"inLanguage\":\"fr-BE\",\"@id\":\"https:\/\/www.electroluxprofessional.com\/fr-be\/venteaemporter\/#primaryimage\",\"url\":\"https:\/\/www.electroluxprofessional.com\/fr-be\/wp-content\/uploads\/2022\/06\/chips-fried-fryers-7-2.jpg\",\"contentUrl\":\"https:\/\/www.electroluxprofessional.com\/fr-be\/wp-content\/uploads\/2022\/06\/chips-fried-fryers-7-2.jpg\",\"width\":700,\"height\":467,\"caption\":\"chips fried fryers\"},{\"@type\":\"BreadcrumbList\",\"@id\":\"https:\/\/www.electroluxprofessional.com\/fr-be\/venteaemporter\/#breadcrumb\",\"itemListElement\":[{\"@type\":\"ListItem\",\"position\":1,\"name\":\"Home\",\"item\":\"https:\/\/www.electroluxprofessional.com\/fr-be\/\"},{\"@type\":\"ListItem\",\"position\":2,\"name\":\"Fast-food, take-away\"}]},{\"@type\":\"WebSite\",\"@id\":\"https:\/\/www.electroluxprofessional.com\/fr-be\/#website\",\"url\":\"https:\/\/www.electroluxprofessional.com\/fr-be\/\",\"name\":\"Electrolux Professional Belgique\",\"description\":\"Electrolux Professional est le leader mondial en mati\u00e8re d&#039;\u00e9quipements de cuisines et de blanchisseries professionnelles.\",\"potentialAction\":[{\"@type\":\"SearchAction\",\"target\":{\"@type\":\"EntryPoint\",\"urlTemplate\":\"https:\/\/www.electroluxprofessional.com\/fr-be\/?src={search_term_string}\"},\"query-input\":\"required name=search_term_string\"}],\"inLanguage\":\"fr-BE\"}]}<\/script>\n<!-- \/ Yoast SEO plugin. -->","yoast_head_json":{"title":"Vente \u00e0 emporter - Electrolux Professional Belgique","description":"Assurez des r\u00e9sultats consistents et am\u00e9liorez le fonctionnement de votre restaurant avec nos \u00e9quipements professionels.","robots":{"index":"index","follow":"follow","max-snippet":"max-snippet:-1","max-image-preview":"max-image-preview:large","max-video-preview":"max-video-preview:-1"},"canonical":"https:\/\/www.electroluxprofessional.com\/fr-be\/venteaemporter\/","og_locale":"fr_FR","og_type":"article","og_title":"Vente \u00e0 emporter - Electrolux Professional Belgique","og_description":"Assurez des r\u00e9sultats consistents et am\u00e9liorez le fonctionnement de votre restaurant avec nos \u00e9quipements professionels.","og_url":"https:\/\/www.electroluxprofessional.com\/fr-be\/venteaemporter\/","og_site_name":"Electrolux Professional Belgique","article_modified_time":"2022-07-27T16:22:13+00:00","og_image":[{"width":700,"height":467,"url":"https:\/\/www.electroluxprofessional.com\/fr-be\/wp-content\/uploads\/2022\/06\/chips-fried-fryers-7-2.jpg","type":"image\/jpeg"}],"twitter_card":"summary_large_image","twitter_misc":{"Dur\u00e9e de lecture est.":"4 minutes"},"schema":{"@context":"https:\/\/schema.org","@graph":[{"@type":"WebPage","@id":"https:\/\/www.electroluxprofessional.com\/fr-be\/venteaemporter\/","url":"https:\/\/www.electroluxprofessional.com\/fr-be\/venteaemporter\/","name":"Vente \u00e0 emporter - Electrolux Professional Belgique","isPartOf":{"@id":"https:\/\/www.electroluxprofessional.com\/fr-be\/#website"},"primaryImageOfPage":{"@id":"https:\/\/www.electroluxprofessional.com\/fr-be\/venteaemporter\/#primaryimage"},"image":{"@id":"https:\/\/www.electroluxprofessional.com\/fr-be\/venteaemporter\/#primaryimage"},"thumbnailUrl":"https:\/\/www.electroluxprofessional.com\/fr-be\/wp-content\/uploads\/2022\/06\/chips-fried-fryers-7-2.jpg","datePublished":"2022-06-15T18:33:56+00:00","dateModified":"2022-07-27T16:22:13+00:00","description":"Assurez des r\u00e9sultats consistents et am\u00e9liorez le fonctionnement de votre restaurant avec nos \u00e9quipements professionels.","breadcrumb":{"@id":"https:\/\/www.electroluxprofessional.com\/fr-be\/venteaemporter\/#breadcrumb"},"inLanguage":"fr-BE","potentialAction":[{"@type":"ReadAction","target":["https:\/\/www.electroluxprofessional.com\/fr-be\/venteaemporter\/"]}]},{"@type":"ImageObject","inLanguage":"fr-BE","@id":"https:\/\/www.electroluxprofessional.com\/fr-be\/venteaemporter\/#primaryimage","url":"https:\/\/www.electroluxprofessional.com\/fr-be\/wp-content\/uploads\/2022\/06\/chips-fried-fryers-7-2.jpg","contentUrl":"https:\/\/www.electroluxprofessional.com\/fr-be\/wp-content\/uploads\/2022\/06\/chips-fried-fryers-7-2.jpg","width":700,"height":467,"caption":"chips fried fryers"},{"@type":"BreadcrumbList","@id":"https:\/\/www.electroluxprofessional.com\/fr-be\/venteaemporter\/#breadcrumb","itemListElement":[{"@type":"ListItem","position":1,"name":"Home","item":"https:\/\/www.electroluxprofessional.com\/fr-be\/"},{"@type":"ListItem","position":2,"name":"Fast-food, take-away"}]},{"@type":"WebSite","@id":"https:\/\/www.electroluxprofessional.com\/fr-be\/#website","url":"https:\/\/www.electroluxprofessional.com\/fr-be\/","name":"Electrolux Professional Belgique","description":"Electrolux Professional est le leader mondial en mati\u00e8re d&#039;\u00e9quipements de cuisines et de blanchisseries professionnelles.","potentialAction":[{"@type":"SearchAction","target":{"@type":"EntryPoint","urlTemplate":"https:\/\/www.electroluxprofessional.com\/fr-be\/?src={search_term_string}"},"query-input":"required name=search_term_string"}],"inLanguage":"fr-BE"}]}},"_links":{"self":[{"href":"https:\/\/www.electroluxprofessional.com\/fr-be\/wp-json\/wp\/v2\/pages\/11619"}],"collection":[{"href":"https:\/\/www.electroluxprofessional.com\/fr-be\/wp-json\/wp\/v2\/pages"}],"about":[{"href":"https:\/\/www.electroluxprofessional.com\/fr-be\/wp-json\/wp\/v2\/types\/page"}],"author":[{"embeddable":true,"href":"https:\/\/www.electroluxprofessional.com\/fr-be\/wp-json\/wp\/v2\/users\/38"}],"replies":[{"embeddable":true,"href":"https:\/\/www.electroluxprofessional.com\/fr-be\/wp-json\/wp\/v2\/comments?post=11619"}],"version-history":[{"count":21,"href":"https:\/\/www.electroluxprofessional.com\/fr-be\/wp-json\/wp\/v2\/pages\/11619\/revisions"}],"predecessor-version":[{"id":13493,"href":"https:\/\/www.electroluxprofessional.com\/fr-be\/wp-json\/wp\/v2\/pages\/11619\/revisions\/13493"}],"wp:featuredmedia":[{"embeddable":true,"href":"https:\/\/www.electroluxprofessional.com\/fr-be\/wp-json\/wp\/v2\/media\/11608"}],"wp:attachment":[{"href":"https:\/\/www.electroluxprofessional.com\/fr-be\/wp-json\/wp\/v2\/media?parent=11619"}],"curies":[{"name":"wp","href":"https:\/\/api.w.org\/{rel}","templated":true}]}}