{"id":11547,"date":"2022-05-10T15:13:41","date_gmt":"2022-05-10T15:13:41","guid":{"rendered":"https:\/\/www.electroluxprofessional.com\/fr-be\/?page_id=11547"},"modified":"2025-11-05T16:36:07","modified_gmt":"2025-11-05T16:36:07","slug":"line-6000","status":"publish","type":"page","link":"https:\/\/www.electroluxprofessional.com\/fr-be\/blanchisserie\/line-6000\/","title":{"rendered":"Laver, s\u00e9cher et repasser &#8211; Line 6000"},"content":{"rendered":"<p>[vc_row full_width=&#8221;electroluxpro-full-width-no-padding&#8221; equal_height=&#8221;yes&#8221; css=&#8221;.vc_custom_1604054607517{margin-top: -30px !important;border-top-width: -30px !important;padding-top: -30px !important;}&#8221;][vc_column][elx_full_banner title=&#8221;Simplifiez-vous la blanchisserie&#8221; background_image_media_library=&#8221;11541&#8243; background_image_media_library_mobile=&#8221;14835&#8243; link=&#8221;url:%23contact|title:Laveuses%20et%20s%C3%A9choirs%20Line%206000||&#8221;][\/vc_column][\/vc_row][vc_row css=&#8221;.vc_custom_1652195719595{background-color: #14133b !important;}&#8221;][vc_column width=&#8221;1\/2&#8243;][vc_empty_space][vc_column_text]<\/p>\n<p style=\"color: #fff;\">Le monde de l&#8217;entretien professionel des textiles est en constante \u00e9volution. Non seulement la fa\u00e7on dont nous faisons la lessive, mais aussi l&#8217;industrie manufacturi\u00e8re ont chang\u00e9. Electrolux Professional donne le ton et propose des solutions durables, ergonomiques et conviviales.<\/p>\n<p style=\"color: #fff;\"><strong>120 ans de tradition, d&#8217;expertise et d&#8217;innovation<\/strong><\/p>\n<p>[\/vc_column_text][vc_empty_space][\/vc_column][vc_column width=&#8221;1\/2&#8243;][vc_empty_space][vc_single_image image=&#8221;11549&#8243; img_size=&#8221;full&#8221; alignment=&#8221;center&#8221;][vc_empty_space][\/vc_column][\/vc_row][vc_row only_for_logged_in=&#8221;true&#8221; css=&#8221;.vc_custom_1652195653488{background-color: #14133b !important;}&#8221;][vc_column width=&#8221;1\/2&#8243;][vc_empty_space][elx_heading font_size=&#8221;h2&#8243; text_color=&#8221;white&#8221; text_align=&#8221;text-left&#8221;]Vous exprimez vos besoins&#8230;[\/elx_heading][vc_empty_space][vc_column_text]<\/p>\n<p style=\"color: #fff;\">Aidez-moi \u00e0 faire fonctionner une blanchisserie o\u00f9 j&#8217;obtiens les meilleurs r\u00e9sultats possibles tout en r\u00e9duisant les efforts et les co\u00fbts. J&#8217;ai besoin de plus de productivit\u00e9, gr\u00e2ce \u00e0 une conception ergonomique qui r\u00e9duit la fatigue physique et une interface intuitive et attrayante. Je dois \u00e9galement faire face aux d\u00e9fis du moment et m&#8217;assurer que le linge est hygi\u00e9niquement s\u00fbr apr\u00e8s chaque cycle.<br \/>\nJe souhaite un \u00e9quipement robuste qui me fera \u00e9conomiser de l&#8217;argent gr\u00e2ce \u00e0 des co\u00fbts de cycle de vie r\u00e9duits, ann\u00e9e apr\u00e8s ann\u00e9e. Offrez-moi la tranquillit\u00e9 d&#8217;esprit d&#8217;une hygi\u00e8ne s\u00fbre et fiable.[\/vc_column_text][vc_empty_space][\/vc_column][vc_column width=&#8221;1\/2&#8243;][vc_empty_space][elx_heading font_size=&#8221;h2&#8243; text_color=&#8221;white&#8221; text_align=&#8221;text-left&#8221;]&#8230;nous y r\u00e9pondons[\/elx_heading][vc_empty_space][vc_column_text]<\/p>\n<p style=\"color: #fff;\"><strong>La gamme Line 6000 r\u00e9duira vos co\u00fbts, anticipera vos besoins et d\u00e9passera m\u00eame vos attentes. <\/strong><br \/>\nNos recherches et nos efforts en mati\u00e8re de d\u00e9veloppement de solutions de pointe ont abouti \u00e0 une gamme exceptionnelle de produits, capables de vous faire \u00e9conomiser de l&#8217;argent, d&#8217;augmenter votre productivit\u00e9 et de rendre vos op\u00e9rations s\u00fbres, sans effort et sous contr\u00f4le, chaque jour.[\/vc_column_text][vc_empty_space][\/vc_column][\/vc_row][vc_row full_width=&#8221;electroluxpro-container-no-padding&#8221;][vc_column][vc_row_inner css=&#8221;.vc_custom_1611591149653{padding-left: 50px !important;}&#8221;][vc_column_inner][vc_empty_space][elx_heading text_color=&#8221;inherit&#8221; text_align=&#8221;text-center&#8221;]L&#8217;innovation est la cl\u00e9 d&#8217;une performance exceptionnelle[\/elx_heading][\/vc_column_inner][\/vc_row_inner][vc_row_inner css=&#8221;.vc_custom_1611593907972{padding-left: 50px !important;}&#8221;][vc_column_inner width=&#8221;1\/5&#8243;][vc_empty_space][vc_single_image image=&#8221;11532&#8243; alignment=&#8221;center&#8221;][vc_column_text]<\/p>\n<h2 style=\"text-align: center;\">Plus facile, plus fiable, plus s\u00fbre<\/h2>\n<p style=\"text-align: center;\">Conception ergonomique certifi\u00e9e avec une approche centr\u00e9e sur l&#8217;homme, pour une exp\u00e9rience utilisateur exceptionnelle.<\/p>\n<p>[\/vc_column_text][\/vc_column_inner][vc_column_inner width=&#8221;1\/5&#8243;][vc_empty_space][vc_single_image image=&#8221;11533&#8243; alignment=&#8221;center&#8221;][vc_column_text]<\/p>\n<h2 style=\"text-align: center;\">Une hygi\u00e8ne en toute confiance<strong><br \/>\n<\/strong><\/h2>\n<p style=\"text-align: center;\">Vous avez l&#8217;assurance que votre linge est d\u00e9sinfect\u00e9 efficacement \u00e0 chaque cycle pour un r\u00e9sultat s\u00fbr.<\/p>\n<p>[\/vc_column_text][\/vc_column_inner][vc_column_inner width=&#8221;1\/5&#8243;][vc_empty_space][vc_single_image image=&#8221;11534&#8243; alignment=&#8221;center&#8221;][vc_column_text]<\/p>\n<h2 style=\"text-align: center;\">Une productivit\u00e9 exceptionnelle<\/h2>\n<p style=\"text-align: center;\">Lavez et s\u00e9chez plus de linge en moins de temps.<\/p>\n<p>[\/vc_column_text][\/vc_column_inner][vc_column_inner width=&#8221;1\/5&#8243;][vc_empty_space][vc_single_image image=&#8221;11535&#8243; alignment=&#8221;center&#8221;][vc_column_text]<\/p>\n<h2 style=\"text-align: center;\">Des solutions en temps r\u00e9el<\/h2>\n<p style=\"text-align: center;\">Contr\u00f4lez l&#8217;\u00e9tat de votre \u00e9quipement depuis n&#8217;importe quel endroit et optimisez votre productivit\u00e9 en \u00e9vitant les temps d&#8217;arr\u00eat.<\/p>\n<p>[\/vc_column_text][\/vc_column_inner][vc_column_inner width=&#8221;1\/5&#8243;][vc_empty_space][vc_single_image image=&#8221;11536&#8243; alignment=&#8221;center&#8221;][vc_column_text]<\/p>\n<h2 style=\"text-align: center;\">Des \u00e9conomies \u00e0 long terme<\/h2>\n<p style=\"text-align: center;\">Des fonctionnalit\u00e9s innovantes pour gagner du temps, r\u00e9duire les co\u00fbts et agir durablement.<\/p>\n<p>[\/vc_column_text][\/vc_column_inner][\/vc_row_inner][vc_empty_space][\/vc_column][\/vc_row][vc_row css=&#8221;.vc_custom_1611595319937{background-color: #e8eff5 !important;}&#8221;][vc_column width=&#8221;1\/5&#8243;][vc_empty_space][vc_single_image image=&#8221;1323&#8243; img_size=&#8221;medium&#8221;][vc_empty_space][\/vc_column][vc_column width=&#8221;1\/5&#8243;][vc_empty_space][vc_column_text]<\/p>\n<h3>Une exp\u00e9rience<\/h3>\n<h1>4 \u00e9toiles<\/h1>\n<h3>avec <em>ClarusVibe<\/em><\/h3>\n<p>[\/vc_column_text][vc_single_image image=&#8221;11537&#8243; img_size=&#8221;full&#8221;][vc_empty_space][\/vc_column][vc_column width=&#8221;3\/5&#8243;][vc_empty_space][elx_heading font_container=&#8221;h3&#8243; text_color=&#8221;inherit&#8221;]Un confort certifi\u00e9[\/elx_heading][vc_column_text]Chaque laveuse et s\u00e9choir de la gamme Line 6000 est certifi\u00e9 selon les normes internationales d&#8217;ergonomie et de conception centr\u00e9es sur l&#8217;homme. Les solutions ont \u00e9t\u00e9 test\u00e9es afin de s&#8217;assurer que les op\u00e9rateurs ressentiront moins de tensions, de stress et de troubles musculo-squelettiques. La version ClarusVibe des laveuses, certains mod\u00e8les de s\u00e9choirs et s\u00e9cheuses repasseuses ont obtenu le prestigieux classement 4 \u00e9toiles ERGOCERT, la plus haute cat\u00e9gorie existante en ergonomie.[\/vc_column_text][vc_empty_space][\/vc_column][\/vc_row][vc_row][vc_column][vc_empty_space][elx_heading text_color=&#8221;electrolux-blue&#8221; text_align=&#8221;text-center&#8221;]Rendre chaque \u00e9tape simple et intuitive[\/elx_heading][vc_empty_space][\/vc_column][\/vc_row][vc_row][vc_column width=&#8221;1\/2&#8243;][vc_empty_space][vc_single_image image=&#8221;11538&#8243; img_size=&#8221;medium&#8221;][vc_empty_space][vc_column_text]ClarusVibe, la plus r\u00e9cente et la plus performante des interfaces, garantit une exp\u00e9rience intuitive et une interaction fluide, offrant un moyen intelligent et sans effort de g\u00e9rer le processus de lavage. Enti\u00e8rement explicite, il permet de gagner du temps et d&#8217;am\u00e9liorer la productivit\u00e9. ClarusVibe est fourni avec tous les programmes dont vous avez besoin, conform\u00e9ment aux r\u00e9glementations locales et aux sp\u00e9cificit\u00e9s de votre entreprise.[\/vc_column_text][vc_empty_space][\/vc_column][vc_column width=&#8221;1\/2&#8243;][vc_empty_space][vc_single_image image=&#8221;11539&#8243; img_size=&#8221;medium&#8221;][vc_empty_space][vc_column_text]CompassPro, la plus traditionnelle parmi les 2 interfaces, est dot\u00e9e d&#8217;un nouveau design et d&#8217;une exp\u00e9rience utilisateur am\u00e9lior\u00e9e. Flexible et personnalisable, elle est livr\u00e9e avec des programmes pr\u00e9d\u00e9finis ainsi que des emplacements libres permettant la cr\u00e9ation de programmes personnalisables. Jusqu&#8217;\u00e0 18 langues disponibles.[\/vc_column_text][vc_empty_space][\/vc_column][\/vc_row][vc_row full_width=&#8221;electroluxpro-container-no-padding&#8221; css=&#8221;.vc_custom_1612195451501{padding: 50px !important;background-color: #d8d8d8 !important;}&#8221;][vc_column width=&#8221;1\/5&#8243;][vc_empty_space][vc_single_image image=&#8221;11540&#8243; img_size=&#8221;medium&#8221;][vc_empty_space][\/vc_column][vc_column width=&#8221;1\/5&#8243;][vc_empty_space][vc_column_text]<\/p>\n<h3>Electrolux Professional en partenariat avec Rise AB<\/h3>\n<p>[\/vc_column_text][vc_column_text]pour identifier et valider le protocole le plus appropri\u00e9, pour assurer l&#8217;inactivation des micro-organismes pathog\u00e8nes dans les textiles par le biais du processus de blanchisserie.[\/vc_column_text][vc_empty_space][\/vc_column][vc_column width=&#8221;3\/5&#8243;][vc_empty_space][elx_heading font_container=&#8221;h3&#8243; text_color=&#8221;inherit&#8221;]Un confort certifi\u00e9[\/elx_heading][vc_column_text]RISE est l\u2019institut de recherche su\u00e9dois et le partenaire d\u2019innovation. Gr\u00e2ce \u00e0 des programmes de collaboration internationale avec l&#8217;industrie, les universit\u00e9s et le secteur public, RISE garantit la comp\u00e9titivit\u00e9 de la communaut\u00e9 d&#8217;affaires su\u00e9doise au niveau international et contribue \u00e0 une soci\u00e9t\u00e9 durable. 2 800 collaborateurs s&#8217;engagent et soutiennent tous types de processus d&#8217;innovation. RISE est un institut de recherche ind\u00e9pendant appartenant \u00e0 l&#8217;\u00c9tat, qui offre une expertise unique et plus de 100 bancs d&#8217;essai et environnements de d\u00e9monstration pour des technologies, produits et services \u00e0 l&#8217;\u00e9preuve du futur.<br \/>\nRISE est un partenaire de longue date d&#8217;Electrolux Professional dans le d\u00e9veloppement et la validation de solutions ad hoc pour le march\u00e9 de la blanchisserie.[\/vc_column_text][vc_empty_space][\/vc_column][\/vc_row][vc_row][vc_column][vc_empty_space][elx_heading font_container=&#8221;h1&#8243; font_size=&#8221;h1&#8243; text_color=&#8221;inherit&#8221; text_align=&#8221;text-center&#8221;]En savoir plus sur les solutions<br \/>\nde la gamme Line 6000[\/elx_heading][vc_empty_space][\/vc_column][\/vc_row][vc_row][vc_column][vc_empty_space][elx_heading font_container=&#8221;h1&#8243; font_size=&#8221;h2&#8243; text_color=&#8221;inherit&#8221; text_align=&#8221;text-center&#8221;]Laveuses Line 6000[\/elx_heading][elx_double_banner title_1=&#8221;Laveuses frontales&#8221; title_2=&#8221;Laveuses barri\u00e8res&#8221; link_1=&#8221;url:https%3A%2F%2Fwww.electroluxprofessional.com%2Ffr-be%2Fblanchisserie%2Flaveuses-essoreuses-frontales-2%2F|title:En%20savoir%20plus&#8221; background_image_media_library_1=&#8221;11543&#8243; link_2=&#8221;url:https%3A%2F%2Fwww.electroluxprofessional.com%2Ffr-be%2Fblanchisserie%2Fmachine-a-laver-barriere%2F|title:En%20savoir%20plus&#8221; background_image_media_library_2=&#8221;11545&#8243; background_image_media_library_mobile_1=&#8221;34055&#8243; background_image_media_library_mobile_2=&#8221;34049&#8243;][vc_empty_space][\/vc_column][\/vc_row][vc_row][vc_column][vc_empty_space][elx_heading font_container=&#8221;h1&#8243; font_size=&#8221;h2&#8243; text_color=&#8221;inherit&#8221; text_align=&#8221;text-center&#8221;]S\u00e9choirs Line 6000[\/elx_heading][elx_double_banner title_1=&#8221;S\u00e9choirs rotatifs&#8221; title_2=&#8221;Cabines de s\u00e9chage&#8221; link_1=&#8221;url:https%3A%2F%2Fwww.electroluxprofessional.com%2Ffr-be%2Fblanchisserie%2Fsechoirs%2F|title:En%20savoir%20plus&#8221; background_image_media_library_1=&#8221;11544&#8243; link_2=&#8221;url:https%3A%2F%2Fwww.electroluxprofessional.com%2Ffr-be%2Fblanchisserie%2Fcabine-sechage%2F|title:En%20savoir%20plus&#8221; background_image_media_library_2=&#8221;11546&#8243; background_image_media_library_mobile_1=&#8221;34056&#8243; background_image_media_library_mobile_2=&#8221;34058&#8243;][vc_empty_space][\/vc_column][\/vc_row][vc_row][vc_column][vc_empty_space][elx_heading font_size=&#8221;h1&#8243; text_color=&#8221;inherit&#8221; text_align=&#8221;text-center&#8221;]S\u00e9cheuses repasseuses Line 6000[\/elx_heading][elx_single_banner layout=&#8221;layout-two&#8221; title=&#8221;S\u00e9cheuses repasseuses&#8221; text=&#8221;&#8221; text_mobile=&#8221;&#8221; link=&#8221;url:https%3A%2F%2Fwww.electroluxprofessional.com%2Ffr-be%2Fblanchisserie%2Fsecheuses-repasseuses%2F|title:En%20savoir%20plus&#8221; background_image_media_library=&#8221;11542&#8243; background_image_media_library_mobile=&#8221;34060&#8243;][vc_empty_space][vc_empty_space][\/vc_column][\/vc_row][vc_row][vc_column][elx_download_block text=&#8221;T\u00e9l\u00e9charger la brochure&#8221; file_picker=&#8221;16978&#8243; background_color=&#8221;electrolux-blue&#8221;][\/vc_column][\/vc_row][vc_row el_id=&#8221;contact&#8221;][vc_column][vc_empty_space][elx_heading font_container=&#8221;h3&#8243; text_color=&#8221;electrolux-blue&#8221; text_align=&#8221;text-center&#8221;]Entrer en contact avec un expert.[\/elx_heading][elx_o2000_contact_us s=&#8221;Demande d&#8217;informations solutions de blanchisserie&#8221; country=&#8221;Belgium&#8221; b=&#8221;laundry&#8221; container=&#8221;elxcontactus1482242857&#8243; r=&#8221;Je souhaiterais en savoir plus sur les solutions de blanchisserie Electrolux Professional&#8221; l=&#8221;fr&#8221;][\/vc_column][\/vc_row][vc_row][vc_column][vc_column_text][\/vc_column_text][\/vc_column][\/vc_row]<\/p>\n","protected":false},"excerpt":{"rendered":"<p>[vc_row full_width=&#8221;electroluxpro-full-width-no-padding&#8221; equal_height=&#8221;yes&#8221; css=&#8221;.vc_custom_1604054607517{margin-top: -30px !important;border-top-width: -30px !important;padding-top: -30px !important;}&#8221;][vc_column][elx_full_banner title=&#8221;Simplifiez-vous la blanchisserie&#8221; background_image_media_library=&#8221;11541&#8243; background_image_media_library_mobile=&#8221;14835&#8243; link=&#8221;url:%23contact|title:Laveuses%20et%20s%C3%A9choirs%20Line%206000||&#8221;][\/vc_column][\/vc_row][vc_row css=&#8221;.vc_custom_1652195719595{background-color: #14133b !important;}&#8221;][vc_column width=&#8221;1\/2&#8243;][vc_empty_space][vc_column_text] Le monde de l&#8217;entretien professionel des textiles est en constante \u00e9volution. Non seulement la fa\u00e7on dont nous faisons la lessive, mais aussi l&#8217;industrie manufacturi\u00e8re ont chang\u00e9. Electrolux Professional donne le ton et propose des solutions [&hellip;]<\/p>\n","protected":false},"author":38,"featured_media":11531,"parent":2648,"menu_order":0,"comment_status":"closed","ping_status":"closed","template":"","meta":{"footnotes":""},"class_list":["post-11547","page","type-page","status-publish","has-post-thumbnail","hentry"],"acf":[],"yoast_head":"<!-- This site is optimized with the Yoast SEO plugin v23.3 - https:\/\/yoast.com\/wordpress\/plugins\/seo\/ -->\n<title>Laver, s\u00e9cher, repasser - Electrolux Professional Belgique<\/title>\n<meta name=\"description\" content=\"Les solutions Line 6000 vous aideront \u00e0 r\u00e9duire vos co\u00fbts, \u00e0 anticiper vos besoins et \u00e0 d\u00e9passer vos attentes. Choisissez la solution ergonomique.\" \/>\n<meta name=\"robots\" content=\"index, follow, max-snippet:-1, max-image-preview:large, max-video-preview:-1\" \/>\n<link rel=\"canonical\" href=\"https:\/\/www.electroluxprofessional.com\/fr-be\/blanchisserie\/line-6000\/\" \/>\n<meta property=\"og:locale\" content=\"fr_FR\" \/>\n<meta property=\"og:type\" content=\"article\" \/>\n<meta property=\"og:title\" content=\"Laver, s\u00e9cher, repasser - Electrolux Professional Belgique\" \/>\n<meta property=\"og:description\" content=\"Les solutions Line 6000 vous aideront \u00e0 r\u00e9duire vos co\u00fbts, \u00e0 anticiper vos besoins et \u00e0 d\u00e9passer vos attentes. Choisissez la solution ergonomique.\" \/>\n<meta property=\"og:url\" content=\"https:\/\/www.electroluxprofessional.com\/fr-be\/blanchisserie\/line-6000\/\" \/>\n<meta property=\"og:site_name\" content=\"Electrolux Professional Belgique\" \/>\n<meta property=\"article:modified_time\" content=\"2025-11-05T16:36:07+00:00\" \/>\n<meta property=\"og:image\" content=\"https:\/\/www.electroluxprofessional.com\/fr-be\/wp-content\/uploads\/2022\/05\/maylike-multihousing.jpg\" \/>\n\t<meta property=\"og:image:width\" content=\"700\" \/>\n\t<meta property=\"og:image:height\" content=\"700\" \/>\n\t<meta property=\"og:image:type\" content=\"image\/jpeg\" \/>\n<meta name=\"twitter:card\" content=\"summary_large_image\" \/>\n<meta name=\"twitter:label1\" content=\"Dur\u00e9e de lecture est.\" \/>\n\t<meta name=\"twitter:data1\" content=\"5 minutes\" \/>\n<script type=\"application\/ld+json\" class=\"yoast-schema-graph\">{\"@context\":\"https:\/\/schema.org\",\"@graph\":[{\"@type\":\"WebPage\",\"@id\":\"https:\/\/www.electroluxprofessional.com\/fr-be\/blanchisserie\/line-6000\/\",\"url\":\"https:\/\/www.electroluxprofessional.com\/fr-be\/blanchisserie\/line-6000\/\",\"name\":\"Laver, s\u00e9cher, repasser - Electrolux Professional Belgique\",\"isPartOf\":{\"@id\":\"https:\/\/www.electroluxprofessional.com\/fr-be\/#website\"},\"primaryImageOfPage\":{\"@id\":\"https:\/\/www.electroluxprofessional.com\/fr-be\/blanchisserie\/line-6000\/#primaryimage\"},\"image\":{\"@id\":\"https:\/\/www.electroluxprofessional.com\/fr-be\/blanchisserie\/line-6000\/#primaryimage\"},\"thumbnailUrl\":\"https:\/\/www.electroluxprofessional.com\/fr-be\/wp-content\/uploads\/2022\/05\/maylike-multihousing.jpg\",\"datePublished\":\"2022-05-10T15:13:41+00:00\",\"dateModified\":\"2025-11-05T16:36:07+00:00\",\"description\":\"Les solutions Line 6000 vous aideront \u00e0 r\u00e9duire vos co\u00fbts, \u00e0 anticiper vos besoins et \u00e0 d\u00e9passer vos attentes. Choisissez la solution ergonomique.\",\"breadcrumb\":{\"@id\":\"https:\/\/www.electroluxprofessional.com\/fr-be\/blanchisserie\/line-6000\/#breadcrumb\"},\"inLanguage\":\"fr-BE\",\"potentialAction\":[{\"@type\":\"ReadAction\",\"target\":[\"https:\/\/www.electroluxprofessional.com\/fr-be\/blanchisserie\/line-6000\/\"]}]},{\"@type\":\"ImageObject\",\"inLanguage\":\"fr-BE\",\"@id\":\"https:\/\/www.electroluxprofessional.com\/fr-be\/blanchisserie\/line-6000\/#primaryimage\",\"url\":\"https:\/\/www.electroluxprofessional.com\/fr-be\/wp-content\/uploads\/2022\/05\/maylike-multihousing.jpg\",\"contentUrl\":\"https:\/\/www.electroluxprofessional.com\/fr-be\/wp-content\/uploads\/2022\/05\/maylike-multihousing.jpg\",\"width\":700,\"height\":700,\"caption\":\"maylike-multihousing\"},{\"@type\":\"BreadcrumbList\",\"@id\":\"https:\/\/www.electroluxprofessional.com\/fr-be\/blanchisserie\/line-6000\/#breadcrumb\",\"itemListElement\":[{\"@type\":\"ListItem\",\"position\":1,\"name\":\"Home\",\"item\":\"https:\/\/www.electroluxprofessional.com\/fr-be\/\"},{\"@type\":\"ListItem\",\"position\":2,\"name\":\"Blanchisserie\",\"item\":\"https:\/\/www.electroluxprofessional.com\/fr-be\/blanchisserie\/\"},{\"@type\":\"ListItem\",\"position\":3,\"name\":\"Laver, s\u00e9cher et repasser &#8211; Line 6000\"}]},{\"@type\":\"WebSite\",\"@id\":\"https:\/\/www.electroluxprofessional.com\/fr-be\/#website\",\"url\":\"https:\/\/www.electroluxprofessional.com\/fr-be\/\",\"name\":\"Electrolux Professional Belgique\",\"description\":\"Electrolux Professional est le leader mondial en mati\u00e8re d&#039;\u00e9quipements de cuisines et de blanchisseries professionnelles.\",\"potentialAction\":[{\"@type\":\"SearchAction\",\"target\":{\"@type\":\"EntryPoint\",\"urlTemplate\":\"https:\/\/www.electroluxprofessional.com\/fr-be\/?src={search_term_string}\"},\"query-input\":\"required name=search_term_string\"}],\"inLanguage\":\"fr-BE\"}]}<\/script>\n<!-- \/ Yoast SEO plugin. -->","yoast_head_json":{"title":"Laver, s\u00e9cher, repasser - Electrolux Professional Belgique","description":"Les solutions Line 6000 vous aideront \u00e0 r\u00e9duire vos co\u00fbts, \u00e0 anticiper vos besoins et \u00e0 d\u00e9passer vos attentes. Choisissez la solution ergonomique.","robots":{"index":"index","follow":"follow","max-snippet":"max-snippet:-1","max-image-preview":"max-image-preview:large","max-video-preview":"max-video-preview:-1"},"canonical":"https:\/\/www.electroluxprofessional.com\/fr-be\/blanchisserie\/line-6000\/","og_locale":"fr_FR","og_type":"article","og_title":"Laver, s\u00e9cher, repasser - Electrolux Professional Belgique","og_description":"Les solutions Line 6000 vous aideront \u00e0 r\u00e9duire vos co\u00fbts, \u00e0 anticiper vos besoins et \u00e0 d\u00e9passer vos attentes. Choisissez la solution ergonomique.","og_url":"https:\/\/www.electroluxprofessional.com\/fr-be\/blanchisserie\/line-6000\/","og_site_name":"Electrolux Professional Belgique","article_modified_time":"2025-11-05T16:36:07+00:00","og_image":[{"width":700,"height":700,"url":"https:\/\/www.electroluxprofessional.com\/fr-be\/wp-content\/uploads\/2022\/05\/maylike-multihousing.jpg","type":"image\/jpeg"}],"twitter_card":"summary_large_image","twitter_misc":{"Dur\u00e9e de lecture est.":"5 minutes"},"schema":{"@context":"https:\/\/schema.org","@graph":[{"@type":"WebPage","@id":"https:\/\/www.electroluxprofessional.com\/fr-be\/blanchisserie\/line-6000\/","url":"https:\/\/www.electroluxprofessional.com\/fr-be\/blanchisserie\/line-6000\/","name":"Laver, s\u00e9cher, repasser - Electrolux Professional Belgique","isPartOf":{"@id":"https:\/\/www.electroluxprofessional.com\/fr-be\/#website"},"primaryImageOfPage":{"@id":"https:\/\/www.electroluxprofessional.com\/fr-be\/blanchisserie\/line-6000\/#primaryimage"},"image":{"@id":"https:\/\/www.electroluxprofessional.com\/fr-be\/blanchisserie\/line-6000\/#primaryimage"},"thumbnailUrl":"https:\/\/www.electroluxprofessional.com\/fr-be\/wp-content\/uploads\/2022\/05\/maylike-multihousing.jpg","datePublished":"2022-05-10T15:13:41+00:00","dateModified":"2025-11-05T16:36:07+00:00","description":"Les solutions Line 6000 vous aideront \u00e0 r\u00e9duire vos co\u00fbts, \u00e0 anticiper vos besoins et \u00e0 d\u00e9passer vos attentes. Choisissez la solution ergonomique.","breadcrumb":{"@id":"https:\/\/www.electroluxprofessional.com\/fr-be\/blanchisserie\/line-6000\/#breadcrumb"},"inLanguage":"fr-BE","potentialAction":[{"@type":"ReadAction","target":["https:\/\/www.electroluxprofessional.com\/fr-be\/blanchisserie\/line-6000\/"]}]},{"@type":"ImageObject","inLanguage":"fr-BE","@id":"https:\/\/www.electroluxprofessional.com\/fr-be\/blanchisserie\/line-6000\/#primaryimage","url":"https:\/\/www.electroluxprofessional.com\/fr-be\/wp-content\/uploads\/2022\/05\/maylike-multihousing.jpg","contentUrl":"https:\/\/www.electroluxprofessional.com\/fr-be\/wp-content\/uploads\/2022\/05\/maylike-multihousing.jpg","width":700,"height":700,"caption":"maylike-multihousing"},{"@type":"BreadcrumbList","@id":"https:\/\/www.electroluxprofessional.com\/fr-be\/blanchisserie\/line-6000\/#breadcrumb","itemListElement":[{"@type":"ListItem","position":1,"name":"Home","item":"https:\/\/www.electroluxprofessional.com\/fr-be\/"},{"@type":"ListItem","position":2,"name":"Blanchisserie","item":"https:\/\/www.electroluxprofessional.com\/fr-be\/blanchisserie\/"},{"@type":"ListItem","position":3,"name":"Laver, s\u00e9cher et repasser &#8211; Line 6000"}]},{"@type":"WebSite","@id":"https:\/\/www.electroluxprofessional.com\/fr-be\/#website","url":"https:\/\/www.electroluxprofessional.com\/fr-be\/","name":"Electrolux Professional Belgique","description":"Electrolux Professional est le leader mondial en mati\u00e8re d&#039;\u00e9quipements de cuisines et de blanchisseries professionnelles.","potentialAction":[{"@type":"SearchAction","target":{"@type":"EntryPoint","urlTemplate":"https:\/\/www.electroluxprofessional.com\/fr-be\/?src={search_term_string}"},"query-input":"required name=search_term_string"}],"inLanguage":"fr-BE"}]}},"_links":{"self":[{"href":"https:\/\/www.electroluxprofessional.com\/fr-be\/wp-json\/wp\/v2\/pages\/11547"}],"collection":[{"href":"https:\/\/www.electroluxprofessional.com\/fr-be\/wp-json\/wp\/v2\/pages"}],"about":[{"href":"https:\/\/www.electroluxprofessional.com\/fr-be\/wp-json\/wp\/v2\/types\/page"}],"author":[{"embeddable":true,"href":"https:\/\/www.electroluxprofessional.com\/fr-be\/wp-json\/wp\/v2\/users\/38"}],"replies":[{"embeddable":true,"href":"https:\/\/www.electroluxprofessional.com\/fr-be\/wp-json\/wp\/v2\/comments?post=11547"}],"version-history":[{"count":9,"href":"https:\/\/www.electroluxprofessional.com\/fr-be\/wp-json\/wp\/v2\/pages\/11547\/revisions"}],"predecessor-version":[{"id":14101,"href":"https:\/\/www.electroluxprofessional.com\/fr-be\/wp-json\/wp\/v2\/pages\/11547\/revisions\/14101"}],"up":[{"embeddable":true,"href":"https:\/\/www.electroluxprofessional.com\/fr-be\/wp-json\/wp\/v2\/pages\/2648"}],"wp:featuredmedia":[{"embeddable":true,"href":"https:\/\/www.electroluxprofessional.com\/fr-be\/wp-json\/wp\/v2\/media\/11531"}],"wp:attachment":[{"href":"https:\/\/www.electroluxprofessional.com\/fr-be\/wp-json\/wp\/v2\/media?parent=11547"}],"curies":[{"name":"wp","href":"https:\/\/api.w.org\/{rel}","templated":true}]}}