{"id":11486,"date":"2021-10-19T09:32:54","date_gmt":"2021-10-19T07:32:54","guid":{"rendered":"https:\/\/www.electroluxprofessional.com\/?page_id=36796"},"modified":"2025-11-05T16:39:25","modified_gmt":"2025-11-05T16:39:25","slug":"l6000-detergent","status":"publish","type":"page","link":"https:\/\/www.electroluxprofessional.com\/fr-be\/blanchisserie\/l6000-detergent\/","title":{"rendered":"Detergents"},"content":{"rendered":"<p>[vc_row full_width=&#8221;electroluxpro-full-width-no-padding&#8221;][vc_column][elx_image_block background_image=&#8221;11468&#8243; minimum_height=&#8221;350px&#8221;][vc_empty_space][\/vc_column][\/vc_row][vc_row][vc_column][vc_column_text]<\/p>\n<h1 style=\"text-align: center;\">D\u00e9tergents gamme \u00e9co Ligne 6000 :<br \/>\nle choix naturel pour tout votre linge<\/h1>\n<p>[\/vc_column_text][vc_empty_space][\/vc_column][\/vc_row][vc_row disable_element=&#8221;yes&#8221;][vc_column width=&#8221;1\/2&#8243;][vc_column_text]<\/p>\n<p style=\"text-align: center; font-size: 40px;\">Expand the sustainability of your business<br \/>\nby choosing the right workmates[\/vc_column_text][\/vc_column][vc_column width=&#8221;1\/2&#8243;][elx_download_block background_color=&#8221;electrolux-blue&#8221;][\/vc_column][\/vc_row][vc_row][vc_column][vc_empty_space][\/vc_column][\/vc_row][vc_row equal_height=&#8221;yes&#8221; content_placement=&#8221;middle&#8221;][vc_column width=&#8221;1\/2&#8243; css=&#8221;.vc_custom_1634290239036{padding-right: 0px !important;padding-left: 0px !important;}&#8221;][elx_image_block background_image=&#8221;11467&#8243; minimum_height=&#8221;500px&#8221;][\/vc_column][vc_column width=&#8221;1\/2&#8243; css=&#8221;.vc_custom_1634290612414{padding-left: 0px !important;background-color: #e8eff5 !important;}&#8221;][vc_column_text css=&#8221;.vc_custom_1649266271264{padding-top: 160px !important;padding-right: 50px !important;padding-bottom: 160px !important;padding-left: 50px !important;}&#8221;]<span style=\"font-size: 30px;\">Des d\u00e9tergents certifi\u00e9s qui vous offrent les meilleurs performances et r\u00e9sultats au quotidien<\/span>[\/vc_column_text][\/vc_column][\/vc_row][vc_row][vc_column][vc_empty_space][elx_download_block text=&#8221;Download the full range of Detergents&#8221; document_type=&#8221;brochures&#8221; background_color=&#8221;electrolux-blue&#8221; br_document_number=&#8221;A0123&#8243;][vc_column_text]<\/p>\n<h2 style=\"text-align: center;\">Rendez votre entreprise plus durable<br \/>\nen choisissant les meilleurs compagnons<\/h2>\n<p>[\/vc_column_text][vc_empty_space][\/vc_column][\/vc_row][vc_row css=&#8221;.vc_custom_1634290625159{background-color: #e8eff5 !important;}&#8221;][vc_column][vc_empty_space height=&#8221;60px&#8221;][vc_row_inner][vc_column_inner width=&#8221;1\/4&#8243;][vc_empty_space][\/vc_column_inner][vc_column_inner width=&#8221;1\/2&#8243;][vc_single_image image=&#8221;11469&#8243; img_size=&#8221;medium&#8221; alignment=&#8221;center&#8221;][\/vc_column_inner][vc_column_inner width=&#8221;1\/4&#8243;][vc_empty_space][\/vc_column_inner][\/vc_row_inner][vc_empty_space][vc_column_text]<\/p>\n<h3 style=\"text-align: center;\">\u00c9COLABEL EUROP\u00c9EN<\/h3>\n<p style=\"text-align: center;\">Nos d\u00e9tergents respectent des normes tr\u00e8s strictes en termes de mati\u00e8res premi\u00e8res, de r\u00e9sultats de lavage et de respect de l&#8217;environnement.<\/p>\n<p>[\/vc_column_text][vc_empty_space][vc_row_inner][vc_column_inner width=&#8221;1\/4&#8243;][vc_empty_space][\/vc_column_inner][vc_column_inner width=&#8221;1\/4&#8243;][vc_single_image image=&#8221;11470&#8243; img_size=&#8221;medium&#8221; alignment=&#8221;center&#8221;][\/vc_column_inner][vc_column_inner width=&#8221;1\/4&#8243;][vc_single_image image=&#8221;11471&#8243; img_size=&#8221;medium&#8221; alignment=&#8221;center&#8221;][\/vc_column_inner][vc_column_inner width=&#8221;1\/4&#8243;][vc_empty_space][\/vc_column_inner][\/vc_row_inner][vc_empty_space][vc_column_text]<\/p>\n<h3 style=\"text-align: center;\">Certifi\u00e9 Ecolabel, test\u00e9 dermatologiquement et hypoallerg\u00e9nique.<\/h3>\n<p style=\"text-align: center;\">Les d\u00e9tergents de la gamme Line 6000 \u00e9co offrent une qualit\u00e9, une s\u00e9curit\u00e9 et une efficacit\u00e9 \u00e9lev\u00e9es avec un faible impact environnemental.<\/p>\n<p>[\/vc_column_text][vc_empty_space][vc_row_inner][vc_column_inner width=&#8221;1\/3&#8243;][vc_single_image image=&#8221;11472&#8243; img_size=&#8221;medium&#8221; alignment=&#8221;center&#8221;][vc_column_text]<\/p>\n<h4 style=\"text-align: center;\">L02 Eco Wash<br \/>\nLiquide<\/h4>\n<p>[\/vc_column_text][\/vc_column_inner][vc_column_inner width=&#8221;1\/3&#8243;][vc_single_image image=&#8221;11473&#8243; img_size=&#8221;medium&#8221; alignment=&#8221;center&#8221;][vc_column_text]<\/p>\n<h4 style=\"text-align: center;\">L01 Eco Powder<br \/>\nPoudre<\/h4>\n<p>[\/vc_column_text][\/vc_column_inner][vc_column_inner width=&#8221;1\/3&#8243;][vc_single_image image=&#8221;11474&#8243; img_size=&#8221;medium&#8221; alignment=&#8221;center&#8221;][vc_column_text]<\/p>\n<h4 style=\"text-align: center;\">L00 Eco Degreaser<br \/>\nD\u00e9tachant<\/h4>\n<p>[\/vc_column_text][\/vc_column_inner][\/vc_row_inner][vc_empty_space][vc_row_inner][vc_column_inner width=&#8221;1\/3&#8243;][vc_single_image image=&#8221;11475&#8243; img_size=&#8221;medium&#8221; alignment=&#8221;center&#8221;][vc_column_text]<\/p>\n<h4 style=\"text-align: center;\">L05 Eco Softener<br \/>\nAdoucissant<\/h4>\n<p>[\/vc_column_text][\/vc_column_inner][vc_column_inner width=&#8221;1\/3&#8243;][vc_single_image image=&#8221;11476&#8243; img_size=&#8221;medium&#8221; alignment=&#8221;center&#8221;][vc_column_text]<\/p>\n<h4 style=\"text-align: center;\">L04 Eco Bleach<br \/>\nEau de javel<\/h4>\n<p>[\/vc_column_text][\/vc_column_inner][vc_column_inner width=&#8221;1\/3&#8243;][vc_single_image image=&#8221;11477&#8243; img_size=&#8221;medium&#8221; alignment=&#8221;center&#8221;][vc_column_text]<\/p>\n<h4 style=\"text-align: center;\">L03 Eco Booster<br \/>\nPour eau dure<\/h4>\n<p>[\/vc_column_text][\/vc_column_inner][\/vc_row_inner][vc_empty_space height=&#8221;100px&#8221;][\/vc_column][\/vc_row][vc_row][vc_column][vc_empty_space height=&#8221;100px&#8221;][\/vc_column][\/vc_row][vc_row css=&#8221;.vc_custom_1634293530612{background-color: #f9f9f9 !important;}&#8221;][vc_column][vc_empty_space height=&#8221;60px&#8221;][vc_row_inner][vc_column_inner width=&#8221;1\/4&#8243;][vc_empty_space][\/vc_column_inner][vc_column_inner width=&#8221;1\/2&#8243;][vc_single_image image=&#8221;11478&#8243; img_size=&#8221;medium&#8221; alignment=&#8221;center&#8221;][\/vc_column_inner][vc_column_inner width=&#8221;1\/4&#8243;][vc_empty_space][\/vc_column_inner][\/vc_row_inner][vc_empty_space][vc_column_text]<\/p>\n<h3 style=\"text-align: center;\">L&#8217;Ecolabel Nordic Swan est un label ISO 14024 type 1<br \/>\nsyst\u00e8me et une soci\u00e9t\u00e9 de contr\u00f4le externe.<\/h3>\n<p style=\"text-align: center;\">Les produits portant l&#8217;\u00e9colabel Nordic Swan sont conformes \u00e0 des exigences environnementales et climatiques extr\u00eamement \u00e9lev\u00e9es.<\/p>\n<p>[\/vc_column_text][vc_empty_space height=&#8221;50px&#8221;][vc_row_inner][vc_column_inner width=&#8221;1\/5&#8243;][vc_empty_space][\/vc_column_inner][vc_column_inner width=&#8221;1\/5&#8243;][vc_single_image image=&#8221;11479&#8243; img_size=&#8221;full&#8221; alignment=&#8221;center&#8221;][\/vc_column_inner][vc_column_inner width=&#8221;1\/5&#8243;][vc_single_image image=&#8221;11470&#8243; img_size=&#8221;full&#8221; alignment=&#8221;center&#8221;][\/vc_column_inner][vc_column_inner width=&#8221;1\/5&#8243;][vc_single_image image=&#8221;11471&#8243; img_size=&#8221;full&#8221; alignment=&#8221;center&#8221;][\/vc_column_inner][vc_column_inner width=&#8221;1\/5&#8243;][vc_empty_space][\/vc_column_inner][\/vc_row_inner][vc_empty_space height=&#8221;50px&#8221;][vc_column_text]<\/p>\n<h3 style=\"text-align: center;\">Certifi\u00e9 label \u00e9co Nordic Swan, test\u00e9 dermatologiquement et hypoallerg\u00e9nique.<\/h3>\n<p style=\"text-align: center;\">Les d\u00e9tergents de la gamme Line 6000 \u00e9co offrent une qualit\u00e9, une s\u00e9curit\u00e9 et une efficacit\u00e9 \u00e9lev\u00e9es avec un faible impact environnemental.<\/p>\n<p>[\/vc_column_text][vc_empty_space height=&#8221;50px&#8221;][vc_row_inner][vc_column_inner width=&#8221;1\/4&#8243;][vc_empty_space][\/vc_column_inner][vc_column_inner width=&#8221;1\/4&#8243;][vc_single_image image=&#8221;11492&#8243; img_size=&#8221;full&#8221; alignment=&#8221;center&#8221;][vc_column_text]<\/p>\n<h4 style=\"text-align: center;\">L06 &#8211; Swan Wash<br \/>\nLiquide<\/h4>\n<p>[\/vc_column_text][\/vc_column_inner][vc_column_inner width=&#8221;1\/4&#8243;][vc_single_image image=&#8221;11480&#8243; img_size=&#8221;full&#8221; alignment=&#8221;center&#8221;][vc_column_text]<\/p>\n<h4 style=\"text-align: center;\">L07 Swan Gentle Wash<br \/>\nLiquide &#8211; d\u00e9licat<\/h4>\n<p>[\/vc_column_text][\/vc_column_inner][vc_column_inner width=&#8221;1\/4&#8243;][vc_empty_space][\/vc_column_inner][\/vc_row_inner][vc_empty_space][vc_row_inner][vc_column_inner width=&#8221;1\/4&#8243;][vc_empty_space][\/vc_column_inner][vc_column_inner width=&#8221;1\/4&#8243;][vc_single_image image=&#8221;11481&#8243; img_size=&#8221;full&#8221; alignment=&#8221;center&#8221;][vc_column_text]<\/p>\n<h4 style=\"text-align: center;\">L08 Swan Bleach<br \/>\nEau de javel<\/h4>\n<p>[\/vc_column_text][\/vc_column_inner][vc_column_inner width=&#8221;1\/4&#8243;][vc_single_image image=&#8221;11482&#8243; img_size=&#8221;full&#8221; alignment=&#8221;center&#8221;][vc_column_text]<\/p>\n<h4 style=\"text-align: center;\">L09 Swan Softener<br \/>\nAdoucissant<\/h4>\n<p>[\/vc_column_text][\/vc_column_inner][vc_column_inner width=&#8221;1\/4&#8243;][vc_empty_space][\/vc_column_inner][\/vc_row_inner][vc_empty_space height=&#8221;100px&#8221;][\/vc_column][\/vc_row][vc_row][vc_column][vc_column_text]<\/p>\n<h2 style=\"text-align: center;\">Pour le processus de lavage dans sa totalit\u00e9<\/h2>\n<p>[\/vc_column_text][vc_empty_space height=&#8221;50px&#8221;][vc_row_inner][vc_column_inner width=&#8221;1\/2&#8243;][vc_single_image image=&#8221;11483&#8243; img_size=&#8221;large&#8221; alignment=&#8221;center&#8221;][vc_column_text]<\/p>\n<h5 style=\"text-align: center;\">Agents de pr\u00e9d\u00e9tachage et de pr\u00e9brossage<\/h5>\n<p>[\/vc_column_text][\/vc_column_inner][vc_column_inner width=&#8221;1\/2&#8243;][vc_single_image image=&#8221;11484&#8243; img_size=&#8221;large&#8221; alignment=&#8221;center&#8221;][vc_column_text]<\/p>\n<h5 style=\"text-align: center;\">D\u00e9tartrant<\/h5>\n<p>[\/vc_column_text][\/vc_column_inner][\/vc_row_inner][vc_empty_space height=&#8221;50px&#8221;][\/vc_column][\/vc_row][vc_row css=&#8221;.vc_custom_1634628370087{background-color: #f9f9f9 !important;}&#8221;][vc_column][vc_empty_space height=&#8221;50px&#8221;][vc_column_text]<\/p>\n<h2 style=\"text-align: center;\">Fiers de nos labels \u00e9cologiques<\/h2>\n<p style=\"text-align: center;\">Communiquez votre choix \u00e0 vos clients<br \/>\npour les convaincre et gagner une confiance suppl\u00e9mentaire.[\/vc_column_text][vc_empty_space height=&#8221;50px&#8221;][vc_single_image image=&#8221;11485&#8243; img_size=&#8221;full&#8221; alignment=&#8221;center&#8221;][vc_empty_space height=&#8221;50px&#8221;][\/vc_column][\/vc_row][vc_row][vc_column][elx_heading text_color=&#8221;inherit&#8221; text_align=&#8221;text-left&#8221;]Contactez-nous via le formulaire pour plus d\u2019informations :[\/elx_heading][elx_o2000_contact_us s=&#8221;Demande web&#8221; request_type=&#8221;Parts and consumables&#8221; country=&#8221;Belgium&#8221; b=&#8221;laundry&#8221; r=&#8221;J&#8217;aimerais en savoir plus sur les d\u00e9tergents&#8221;][\/vc_column][\/vc_row]<\/p>\n","protected":false},"excerpt":{"rendered":"<p>[vc_row full_width=&#8221;electroluxpro-full-width-no-padding&#8221;][vc_column][elx_image_block background_image=&#8221;11468&#8243; minimum_height=&#8221;350px&#8221;][vc_empty_space][\/vc_column][\/vc_row][vc_row][vc_column][vc_column_text] D\u00e9tergents gamme \u00e9co Ligne 6000 : le choix naturel pour tout votre linge [\/vc_column_text][vc_empty_space][\/vc_column][\/vc_row][vc_row disable_element=&#8221;yes&#8221;][vc_column width=&#8221;1\/2&#8243;][vc_column_text] Expand the sustainability of your business by choosing the right workmates[\/vc_column_text][\/vc_column][vc_column width=&#8221;1\/2&#8243;][elx_download_block background_color=&#8221;electrolux-blue&#8221;][\/vc_column][\/vc_row][vc_row][vc_column][vc_empty_space][\/vc_column][\/vc_row][vc_row equal_height=&#8221;yes&#8221; content_placement=&#8221;middle&#8221;][vc_column width=&#8221;1\/2&#8243; css=&#8221;.vc_custom_1634290239036{padding-right: 0px !important;padding-left: 0px !important;}&#8221;][elx_image_block background_image=&#8221;11467&#8243; minimum_height=&#8221;500px&#8221;][\/vc_column][vc_column width=&#8221;1\/2&#8243; css=&#8221;.vc_custom_1634290612414{padding-left: 0px !important;background-color: #e8eff5 !important;}&#8221;][vc_column_text css=&#8221;.vc_custom_1649266271264{padding-top: 160px !important;padding-right: 50px !important;padding-bottom: 160px [&hellip;]<\/p>\n","protected":false},"author":38,"featured_media":11467,"parent":2648,"menu_order":0,"comment_status":"closed","ping_status":"closed","template":"","meta":{"footnotes":""},"class_list":["post-11486","page","type-page","status-publish","has-post-thumbnail","hentry"],"acf":[],"yoast_head":"<!-- This site is optimized with the Yoast SEO plugin v23.3 - https:\/\/yoast.com\/wordpress\/plugins\/seo\/ -->\n<title>D\u00e9tergents blanchisserie - Electrolux Professional Belgique<\/title>\n<meta name=\"description\" content=\"Choississez les d\u00e9tergents \u00e9cologiques d&#039;Electrolux Professional pour assurer un r\u00e9sultat impeccable et un faible impact environnemental.\" \/>\n<meta name=\"robots\" content=\"index, follow, max-snippet:-1, max-image-preview:large, max-video-preview:-1\" \/>\n<link rel=\"canonical\" href=\"https:\/\/www.electroluxprofessional.com\/fr-be\/blanchisserie\/l6000-detergent\/\" \/>\n<meta property=\"og:locale\" content=\"fr_FR\" \/>\n<meta property=\"og:type\" content=\"article\" \/>\n<meta property=\"og:title\" content=\"D\u00e9tergents blanchisserie - Electrolux Professional Belgique\" \/>\n<meta property=\"og:description\" content=\"Choississez les d\u00e9tergents \u00e9cologiques d&#039;Electrolux Professional pour assurer un r\u00e9sultat impeccable et un faible impact environnemental.\" \/>\n<meta property=\"og:url\" content=\"https:\/\/www.electroluxprofessional.com\/fr-be\/blanchisserie\/l6000-detergent\/\" \/>\n<meta property=\"og:site_name\" content=\"Electrolux Professional Belgique\" \/>\n<meta property=\"article:modified_time\" content=\"2025-11-05T16:39:25+00:00\" \/>\n<meta property=\"og:image\" content=\"https:\/\/www.electroluxprofessional.com\/fr-be\/wp-content\/uploads\/2021\/10\/Calla.jpg\" \/>\n\t<meta property=\"og:image:width\" content=\"500\" \/>\n\t<meta property=\"og:image:height\" content=\"500\" \/>\n\t<meta property=\"og:image:type\" content=\"image\/jpeg\" \/>\n<meta name=\"twitter:card\" content=\"summary_large_image\" \/>\n<meta name=\"twitter:label1\" content=\"Dur\u00e9e de lecture est.\" \/>\n\t<meta name=\"twitter:data1\" content=\"3 minutes\" \/>\n<script type=\"application\/ld+json\" class=\"yoast-schema-graph\">{\"@context\":\"https:\/\/schema.org\",\"@graph\":[{\"@type\":\"WebPage\",\"@id\":\"https:\/\/www.electroluxprofessional.com\/fr-be\/blanchisserie\/l6000-detergent\/\",\"url\":\"https:\/\/www.electroluxprofessional.com\/fr-be\/blanchisserie\/l6000-detergent\/\",\"name\":\"D\u00e9tergents blanchisserie - Electrolux Professional Belgique\",\"isPartOf\":{\"@id\":\"https:\/\/www.electroluxprofessional.com\/fr-be\/#website\"},\"primaryImageOfPage\":{\"@id\":\"https:\/\/www.electroluxprofessional.com\/fr-be\/blanchisserie\/l6000-detergent\/#primaryimage\"},\"image\":{\"@id\":\"https:\/\/www.electroluxprofessional.com\/fr-be\/blanchisserie\/l6000-detergent\/#primaryimage\"},\"thumbnailUrl\":\"https:\/\/www.electroluxprofessional.com\/fr-be\/wp-content\/uploads\/2021\/10\/Calla.jpg\",\"datePublished\":\"2021-10-19T07:32:54+00:00\",\"dateModified\":\"2025-11-05T16:39:25+00:00\",\"description\":\"Choississez les d\u00e9tergents \u00e9cologiques d'Electrolux Professional pour assurer un r\u00e9sultat impeccable et un faible impact environnemental.\",\"breadcrumb\":{\"@id\":\"https:\/\/www.electroluxprofessional.com\/fr-be\/blanchisserie\/l6000-detergent\/#breadcrumb\"},\"inLanguage\":\"fr-BE\",\"potentialAction\":[{\"@type\":\"ReadAction\",\"target\":[\"https:\/\/www.electroluxprofessional.com\/fr-be\/blanchisserie\/l6000-detergent\/\"]}]},{\"@type\":\"ImageObject\",\"inLanguage\":\"fr-BE\",\"@id\":\"https:\/\/www.electroluxprofessional.com\/fr-be\/blanchisserie\/l6000-detergent\/#primaryimage\",\"url\":\"https:\/\/www.electroluxprofessional.com\/fr-be\/wp-content\/uploads\/2021\/10\/Calla.jpg\",\"contentUrl\":\"https:\/\/www.electroluxprofessional.com\/fr-be\/wp-content\/uploads\/2021\/10\/Calla.jpg\",\"width\":500,\"height\":500,\"caption\":\"Calla\"},{\"@type\":\"BreadcrumbList\",\"@id\":\"https:\/\/www.electroluxprofessional.com\/fr-be\/blanchisserie\/l6000-detergent\/#breadcrumb\",\"itemListElement\":[{\"@type\":\"ListItem\",\"position\":1,\"name\":\"Home\",\"item\":\"https:\/\/www.electroluxprofessional.com\/fr-be\/\"},{\"@type\":\"ListItem\",\"position\":2,\"name\":\"Blanchisserie\",\"item\":\"https:\/\/www.electroluxprofessional.com\/fr-be\/blanchisserie\/\"},{\"@type\":\"ListItem\",\"position\":3,\"name\":\"Detergents\"}]},{\"@type\":\"WebSite\",\"@id\":\"https:\/\/www.electroluxprofessional.com\/fr-be\/#website\",\"url\":\"https:\/\/www.electroluxprofessional.com\/fr-be\/\",\"name\":\"Electrolux Professional Belgique\",\"description\":\"Electrolux Professional est le leader mondial en mati\u00e8re d&#039;\u00e9quipements de cuisines et de blanchisseries professionnelles.\",\"potentialAction\":[{\"@type\":\"SearchAction\",\"target\":{\"@type\":\"EntryPoint\",\"urlTemplate\":\"https:\/\/www.electroluxprofessional.com\/fr-be\/?src={search_term_string}\"},\"query-input\":\"required name=search_term_string\"}],\"inLanguage\":\"fr-BE\"}]}<\/script>\n<!-- \/ Yoast SEO plugin. -->","yoast_head_json":{"title":"D\u00e9tergents blanchisserie - Electrolux Professional Belgique","description":"Choississez les d\u00e9tergents \u00e9cologiques d'Electrolux Professional pour assurer un r\u00e9sultat impeccable et un faible impact environnemental.","robots":{"index":"index","follow":"follow","max-snippet":"max-snippet:-1","max-image-preview":"max-image-preview:large","max-video-preview":"max-video-preview:-1"},"canonical":"https:\/\/www.electroluxprofessional.com\/fr-be\/blanchisserie\/l6000-detergent\/","og_locale":"fr_FR","og_type":"article","og_title":"D\u00e9tergents blanchisserie - Electrolux Professional Belgique","og_description":"Choississez les d\u00e9tergents \u00e9cologiques d'Electrolux Professional pour assurer un r\u00e9sultat impeccable et un faible impact environnemental.","og_url":"https:\/\/www.electroluxprofessional.com\/fr-be\/blanchisserie\/l6000-detergent\/","og_site_name":"Electrolux Professional Belgique","article_modified_time":"2025-11-05T16:39:25+00:00","og_image":[{"width":500,"height":500,"url":"https:\/\/www.electroluxprofessional.com\/fr-be\/wp-content\/uploads\/2021\/10\/Calla.jpg","type":"image\/jpeg"}],"twitter_card":"summary_large_image","twitter_misc":{"Dur\u00e9e de lecture est.":"3 minutes"},"schema":{"@context":"https:\/\/schema.org","@graph":[{"@type":"WebPage","@id":"https:\/\/www.electroluxprofessional.com\/fr-be\/blanchisserie\/l6000-detergent\/","url":"https:\/\/www.electroluxprofessional.com\/fr-be\/blanchisserie\/l6000-detergent\/","name":"D\u00e9tergents blanchisserie - Electrolux Professional Belgique","isPartOf":{"@id":"https:\/\/www.electroluxprofessional.com\/fr-be\/#website"},"primaryImageOfPage":{"@id":"https:\/\/www.electroluxprofessional.com\/fr-be\/blanchisserie\/l6000-detergent\/#primaryimage"},"image":{"@id":"https:\/\/www.electroluxprofessional.com\/fr-be\/blanchisserie\/l6000-detergent\/#primaryimage"},"thumbnailUrl":"https:\/\/www.electroluxprofessional.com\/fr-be\/wp-content\/uploads\/2021\/10\/Calla.jpg","datePublished":"2021-10-19T07:32:54+00:00","dateModified":"2025-11-05T16:39:25+00:00","description":"Choississez les d\u00e9tergents \u00e9cologiques d'Electrolux Professional pour assurer un r\u00e9sultat impeccable et un faible impact environnemental.","breadcrumb":{"@id":"https:\/\/www.electroluxprofessional.com\/fr-be\/blanchisserie\/l6000-detergent\/#breadcrumb"},"inLanguage":"fr-BE","potentialAction":[{"@type":"ReadAction","target":["https:\/\/www.electroluxprofessional.com\/fr-be\/blanchisserie\/l6000-detergent\/"]}]},{"@type":"ImageObject","inLanguage":"fr-BE","@id":"https:\/\/www.electroluxprofessional.com\/fr-be\/blanchisserie\/l6000-detergent\/#primaryimage","url":"https:\/\/www.electroluxprofessional.com\/fr-be\/wp-content\/uploads\/2021\/10\/Calla.jpg","contentUrl":"https:\/\/www.electroluxprofessional.com\/fr-be\/wp-content\/uploads\/2021\/10\/Calla.jpg","width":500,"height":500,"caption":"Calla"},{"@type":"BreadcrumbList","@id":"https:\/\/www.electroluxprofessional.com\/fr-be\/blanchisserie\/l6000-detergent\/#breadcrumb","itemListElement":[{"@type":"ListItem","position":1,"name":"Home","item":"https:\/\/www.electroluxprofessional.com\/fr-be\/"},{"@type":"ListItem","position":2,"name":"Blanchisserie","item":"https:\/\/www.electroluxprofessional.com\/fr-be\/blanchisserie\/"},{"@type":"ListItem","position":3,"name":"Detergents"}]},{"@type":"WebSite","@id":"https:\/\/www.electroluxprofessional.com\/fr-be\/#website","url":"https:\/\/www.electroluxprofessional.com\/fr-be\/","name":"Electrolux Professional Belgique","description":"Electrolux Professional est le leader mondial en mati\u00e8re d&#039;\u00e9quipements de cuisines et de blanchisseries professionnelles.","potentialAction":[{"@type":"SearchAction","target":{"@type":"EntryPoint","urlTemplate":"https:\/\/www.electroluxprofessional.com\/fr-be\/?src={search_term_string}"},"query-input":"required name=search_term_string"}],"inLanguage":"fr-BE"}]}},"_links":{"self":[{"href":"https:\/\/www.electroluxprofessional.com\/fr-be\/wp-json\/wp\/v2\/pages\/11486"}],"collection":[{"href":"https:\/\/www.electroluxprofessional.com\/fr-be\/wp-json\/wp\/v2\/pages"}],"about":[{"href":"https:\/\/www.electroluxprofessional.com\/fr-be\/wp-json\/wp\/v2\/types\/page"}],"author":[{"embeddable":true,"href":"https:\/\/www.electroluxprofessional.com\/fr-be\/wp-json\/wp\/v2\/users\/38"}],"replies":[{"embeddable":true,"href":"https:\/\/www.electroluxprofessional.com\/fr-be\/wp-json\/wp\/v2\/comments?post=11486"}],"version-history":[{"count":6,"href":"https:\/\/www.electroluxprofessional.com\/fr-be\/wp-json\/wp\/v2\/pages\/11486\/revisions"}],"predecessor-version":[{"id":14111,"href":"https:\/\/www.electroluxprofessional.com\/fr-be\/wp-json\/wp\/v2\/pages\/11486\/revisions\/14111"}],"up":[{"embeddable":true,"href":"https:\/\/www.electroluxprofessional.com\/fr-be\/wp-json\/wp\/v2\/pages\/2648"}],"wp:featuredmedia":[{"embeddable":true,"href":"https:\/\/www.electroluxprofessional.com\/fr-be\/wp-json\/wp\/v2\/media\/11467"}],"wp:attachment":[{"href":"https:\/\/www.electroluxprofessional.com\/fr-be\/wp-json\/wp\/v2\/media?parent=11486"}],"curies":[{"name":"wp","href":"https:\/\/api.w.org\/{rel}","templated":true}]}}