{"id":11264,"date":"2021-05-17T08:38:30","date_gmt":"2021-05-17T08:38:30","guid":{"rendered":"https:\/\/www.electroluxprofessional.com\/fr\/?page_id=14868"},"modified":"2022-08-09T15:10:09","modified_gmt":"2022-08-09T15:10:09","slug":"camping","status":"publish","type":"page","link":"https:\/\/www.electroluxprofessional.com\/fr-be\/votre-profil\/camping\/","title":{"rendered":"camping"},"content":{"rendered":"<p>[vc_row full_width=&#8221;stretch_row_content&#8221; css=&#8221;.vc_custom_1621581466046{margin-top: -30px !important;border-top-width: -30px !important;padding-top: -30px !important;}&#8221;][vc_column][elx_full_banner title=&#8221;H\u00f4tellerie de plein air: attirez plus de clients gr\u00e2ce \u00e0 des offres attrayantes!&#8221; set_as_h1=&#8221;true&#8221; link=&#8221;url:%23contact|title:En%20savoir%20plus||&#8221; background_image_media_library=&#8221;11263&#8243; background_image_media_library_mobile=&#8221;14935&#8243;][\/vc_column][\/vc_row][vc_row][vc_column width=&#8221;1\/4&#8243;][vc_empty_space][vc_single_image image=&#8221;11244&#8243; img_size=&#8221;medium&#8221; alignment=&#8221;center&#8221;][elx_heading font_container=&#8221;h3&#8243; font_size=&#8221;h4&#8243; text_color=&#8221;inherit&#8221; text_align=&#8221;text-center&#8221;]Camping[\/elx_heading][vc_empty_space][\/vc_column][vc_column width=&#8221;1\/4&#8243;][vc_empty_space][vc_single_image image=&#8221;11245&#8243; img_size=&#8221;medium&#8221; alignment=&#8221;center&#8221;][elx_heading font_container=&#8221;h3&#8243; font_size=&#8221;h4&#8243; text_color=&#8221;inherit&#8221; text_align=&#8221;text-center&#8221;]Base de loisirs[\/elx_heading][vc_empty_space][\/vc_column][vc_column width=&#8221;1\/4&#8243;][vc_empty_space][vc_single_image image=&#8221;11246&#8243; img_size=&#8221;medium&#8221; alignment=&#8221;center&#8221;][elx_heading font_container=&#8221;h3&#8243; font_size=&#8221;h4&#8243; text_color=&#8221;inherit&#8221; text_align=&#8221;text-center&#8221;]Centre de vacances[\/elx_heading][vc_empty_space][\/vc_column][vc_column width=&#8221;1\/4&#8243;][vc_empty_space][vc_single_image image=&#8221;11247&#8243; img_size=&#8221;medium&#8221; alignment=&#8221;center&#8221;][elx_heading font_container=&#8221;h3&#8243; font_size=&#8221;h4&#8243; text_color=&#8221;inherit&#8221; text_align=&#8221;text-center&#8221;]H\u00f4tel et B&amp;B[\/elx_heading][vc_empty_space][\/vc_column][\/vc_row][vc_row full_width=&#8221;electroluxpro-full-width&#8221;][vc_column][vc_empty_space][elx_hero_slider text_color=&#8221;electrolux-blue&#8221; label_text_color=&#8221;electrolux-blue&#8221; images=&#8221;11261&#8243;][elx_heading font_container=&#8221;p&#8221; font_size=&#8221;p&#8221; text_color=&#8221;electrolux-blue&#8221;]<strong>Vous souhaitez attirer plus de clients\u00a0?<br \/>\nAugmenter votre marge ?<br \/>\nAm\u00e9liorer la satisfaction client\u00a0?<\/strong>[\/elx_heading][\/elx_hero_slider][vc_empty_space][\/vc_column][\/vc_row][vc_row][vc_column width=&#8221;1\/4&#8243;][vc_single_image image=&#8221;11248&#8243; img_size=&#8221;medium&#8221; alignment=&#8221;center&#8221;][vc_empty_space][vc_column_text]<\/p>\n<p style=\"text-align: center;\"><strong>Des services suppl\u00e9mentaires<\/strong><\/p>\n<p style=\"text-align: center;\">Votre client veut faire une lessive ? consommer une glace \u00e0 l&#8217;italienne ? La solution se trouve sur place. Agr\u00e9able et pratique.<\/p>\n<p>[\/vc_column_text][\/vc_column][vc_column width=&#8221;1\/4&#8243;][vc_single_image image=&#8221;9584&#8243; img_size=&#8221;100&#215;100&#8243; alignment=&#8221;center&#8221;][vc_empty_space][vc_column_text]<\/p>\n<p style=\"text-align: center;\"><strong>A tout moment<\/strong><\/p>\n<p style=\"text-align: center;\">Offrez des snacks vari\u00e9s \u00e0 des endroits tr\u00e8s fr\u00e9quent\u00e9s, et variez en fonction de l&#8217;heure.<\/p>\n<p>[\/vc_column_text][\/vc_column][vc_column width=&#8221;1\/4&#8243;][vc_single_image image=&#8221;11250&#8243; img_size=&#8221;medium&#8221; alignment=&#8221;center&#8221;][vc_empty_space][vc_column_text]<\/p>\n<p style=\"text-align: center;\"><strong>Une offre diversifi\u00e9e<\/strong><\/p>\n<p style=\"text-align: center;\">R\u00e9pondez aux besoins de vos clients et suivez les tendances. Innovez, sans oublier les classiques.<\/p>\n<p>[\/vc_column_text][\/vc_column][vc_column width=&#8221;1\/4&#8243;][vc_single_image image=&#8221;11249&#8243; img_size=&#8221;medium&#8221; alignment=&#8221;center&#8221;][vc_empty_space][vc_column_text]<\/p>\n<p style=\"text-align: center;\"><strong>Une touche d&#8217;originalit\u00e9<\/strong><\/p>\n<p style=\"text-align: center;\">Organisez des soir\u00e9es culinaires th\u00e9matiques en ext\u00e9rieur, pour divertir vos clients et attirer une nouvelle client\u00e8le.<\/p>\n<p>[\/vc_column_text][\/vc_column][\/vc_row][vc_row full_width=&#8221;electroluxpro-full-width&#8221; el_id=&#8221;blanchisserie&#8221;][vc_column][vc_empty_space height=&#8221;50px&#8221;][vc_column_text]<\/p>\n<p style=\"text-align: center;\">Avec nos \u00e9quipements de boissons, de blanchisserie et de cuisine, vous pouvez \u00e9largir votre offre de mani\u00e8re simple et efficace.<br \/>\nFacile \u00e0 installer et \u00e0 utiliser, sans formation particuli\u00e8re.<br \/>\nUn <strong>investissement minimum<\/strong> pour un <strong>maximum de b\u00e9n\u00e9fices et de satisfaction client<\/strong>.<\/p>\n<p>[\/vc_column_text][\/vc_column][\/vc_row][vc_row full_width=&#8221;electroluxpro-full-width&#8221; el_class=&#8221;cta&#8221;][vc_column][vc_empty_space height=&#8221;50px&#8221;][elx_button button_text=&#8221;\u2709\ufe0f Contactez-nous&#8221; button_link=&#8221;url:%23contact|||&#8221;][vc_empty_space][vc_empty_space][elx_hero_slider text_color=&#8221;electrolux-blue&#8221; label_text_color=&#8221;electrolux-blue&#8221; images=&#8221;11262&#8243;][elx_heading font_container=&#8221;div&#8221; font_size=&#8221;div&#8221; text_color=&#8221;electrolux-blue&#8221;]<strong>D\u00e9couvrez notre gamme compl\u00e8te<\/strong>[\/elx_heading][\/elx_hero_slider][\/vc_column][\/vc_row][vc_row][vc_column][vc_empty_space][vc_row_inner][vc_column_inner width=&#8221;1\/5&#8243;][elx_heading font_container=&#8221;h4&#8243; text_color=&#8221;inherit&#8221; text_align=&#8221;text-center&#8221;]Laveuses et sechoirs avec syst\u00e8me de paiement[\/elx_heading][\/vc_column_inner][vc_column_inner width=&#8221;1\/5&#8243;][elx_heading font_container=&#8221;h4&#8243; text_color=&#8221;inherit&#8221; text_align=&#8221;text-center&#8221;]Solution de cuisson rapide<br \/>\nSpeeDelight[\/elx_heading][\/vc_column_inner][vc_column_inner width=&#8221;1\/5&#8243;][elx_heading font_container=&#8221;h4&#8243; text_color=&#8221;inherit&#8221; text_align=&#8221;text-center&#8221;]Glaces \u00e0 l&#8217;italienne et granitas[\/elx_heading][\/vc_column_inner][vc_column_inner width=&#8221;1\/5&#8243;][elx_heading font_container=&#8221;h4&#8243; text_color=&#8221;inherit&#8221; text_align=&#8221;text-center&#8221;]Cuisine mobile<br \/>\nLiberoPro[\/elx_heading][\/vc_column_inner][vc_column_inner width=&#8221;1\/5&#8243;][elx_heading font_container=&#8221;h4&#8243; text_color=&#8221;inherit&#8221; text_align=&#8221;text-center&#8221;]Boissons chaudes et fra\u00eeches[\/elx_heading][\/vc_column_inner][\/vc_row_inner][vc_row_inner][vc_column_inner width=&#8221;1\/5&#8243;][vc_empty_space][vc_single_image image=&#8221;11252&#8243; alignment=&#8221;center&#8221;][vc_empty_space][vc_column_text]<\/p>\n<h6 style=\"text-align: center;\"><a href=\"https:\/\/www.electroluxprofessional.com\/fr-be\/blanchisserie\/myprozip\/\" target=\"_blank\" rel=\"noopener\">&gt; En savoir plus<\/a><\/h6>\n<p>[\/vc_column_text][vc_empty_space][\/vc_column_inner][vc_column_inner width=&#8221;1\/5&#8243;][vc_empty_space][vc_single_image image=&#8221;7416&#8243; alignment=&#8221;center&#8221;][vc_empty_space][vc_column_text]<\/p>\n<h6 style=\"text-align: center;\"><a href=\"https:\/\/www.electroluxprofessional.com\/fr-be\/cuisine-2\/speedelight\/\" target=\"_blank\" rel=\"noopener\">&gt; En savoir plus<\/a><\/h6>\n<p>[\/vc_column_text][vc_empty_space][\/vc_column_inner][vc_column_inner width=&#8221;1\/5&#8243;][vc_empty_space][vc_single_image image=&#8221;11253&#8243; alignment=&#8221;center&#8221;][vc_empty_space][vc_column_text]<\/p>\n<h6 style=\"text-align: center;\"><a href=\"https:\/\/www.electroluxprofessional.com\/fr-be\/boissons\/distributeurs-boissons-cremes-glacees\/\" target=\"_blank\" rel=\"noopener\">&gt; En savoir plus<\/a><\/h6>\n<p>[\/vc_column_text][vc_empty_space][\/vc_column_inner][vc_column_inner width=&#8221;1\/5&#8243;][vc_empty_space][vc_single_image image=&#8221;11254&#8243; alignment=&#8221;center&#8221;][vc_empty_space][vc_column_text]<\/p>\n<h6 style=\"text-align: center;\"><a href=\"https:\/\/www.electroluxprofessional.com\/fr-be\/cuisine-2\/liberopro\/\" target=\"_blank\" rel=\"noopener\">&gt; En savoir plus<\/a><\/h6>\n<p>[\/vc_column_text][vc_empty_space][\/vc_column_inner][vc_column_inner width=&#8221;1\/5&#8243;][vc_empty_space][vc_single_image image=&#8221;11255&#8243; alignment=&#8221;center&#8221;][vc_empty_space][vc_column_text]<\/p>\n<h6 style=\"text-align: center;\"><a href=\"https:\/\/www.electroluxprofessional.com\/fr-be\/boissons\/distributeurs-boissons-froides\/\" target=\"_blank\" rel=\"noopener\">&gt; En savoir plus<\/a><\/h6>\n<p>[\/vc_column_text][vc_empty_space][\/vc_column_inner][\/vc_row_inner][\/vc_column][\/vc_row][vc_row el_id=&#8221;contact&#8221;][vc_column][vc_empty_space][elx_heading font_size=&#8221;h1&#8243; text_color=&#8221;inherit&#8221; text_align=&#8221;text-center&#8221;]Contactez-nous pour en savoir plus sur nos solutions professionnelles[\/elx_heading][vc_empty_space][elx_o2000_contact_us r=&#8221;Je souhaiterais en savoir plus sur vos solutions d\u00e9di\u00e9e \u00e0 l&#8217;h\u00f4tellerie de plein air&#8221; s=&#8221;Demande d&#8217;informations h\u00f4tellerie plein air&#8221; country=&#8221;Belgium&#8221; l=&#8221;fr&#8221;][\/vc_column][\/vc_row][vc_row disable_element=&#8221;yes&#8221; matched_labels=&#8221;&#8221;][vc_column width=&#8221;1\/3&#8243;][elx_maylike_box id_box=&#8221;8641&#8243;][\/vc_column][vc_column width=&#8221;1\/3&#8243;][elx_maylike_box id_box=&#8221;3209&#8243;][\/vc_column][vc_column width=&#8221;1\/3&#8243;][elx_maylike_box id_box=&#8221;4537&#8243;][\/vc_column][\/vc_row]<\/p>\n","protected":false},"excerpt":{"rendered":"<p>[vc_row full_width=&#8221;stretch_row_content&#8221; css=&#8221;.vc_custom_1621581466046{margin-top: -30px !important;border-top-width: -30px !important;padding-top: -30px !important;}&#8221;][vc_column][elx_full_banner title=&#8221;H\u00f4tellerie de plein air: attirez plus de clients gr\u00e2ce \u00e0 des offres attrayantes!&#8221; set_as_h1=&#8221;true&#8221; link=&#8221;url:%23contact|title:En%20savoir%20plus||&#8221; background_image_media_library=&#8221;11263&#8243; background_image_media_library_mobile=&#8221;14935&#8243;][\/vc_column][\/vc_row][vc_row][vc_column width=&#8221;1\/4&#8243;][vc_empty_space][vc_single_image image=&#8221;11244&#8243; img_size=&#8221;medium&#8221; alignment=&#8221;center&#8221;][elx_heading font_container=&#8221;h3&#8243; font_size=&#8221;h4&#8243; text_color=&#8221;inherit&#8221; text_align=&#8221;text-center&#8221;]Camping[\/elx_heading][vc_empty_space][\/vc_column][vc_column width=&#8221;1\/4&#8243;][vc_empty_space][vc_single_image image=&#8221;11245&#8243; img_size=&#8221;medium&#8221; alignment=&#8221;center&#8221;][elx_heading font_container=&#8221;h3&#8243; font_size=&#8221;h4&#8243; text_color=&#8221;inherit&#8221; text_align=&#8221;text-center&#8221;]Base de loisirs[\/elx_heading][vc_empty_space][\/vc_column][vc_column width=&#8221;1\/4&#8243;][vc_empty_space][vc_single_image image=&#8221;11246&#8243; img_size=&#8221;medium&#8221; alignment=&#8221;center&#8221;][elx_heading font_container=&#8221;h3&#8243; font_size=&#8221;h4&#8243; text_color=&#8221;inherit&#8221; text_align=&#8221;text-center&#8221;]Centre de vacances[\/elx_heading][vc_empty_space][\/vc_column][vc_column width=&#8221;1\/4&#8243;][vc_empty_space][vc_single_image [&hellip;]<\/p>\n","protected":false},"author":38,"featured_media":0,"parent":2716,"menu_order":0,"comment_status":"closed","ping_status":"closed","template":"","meta":{"footnotes":""},"class_list":["post-11264","page","type-page","status-publish","hentry"],"acf":[],"yoast_head":"<!-- This site is optimized with the Yoast SEO plugin v23.3 - https:\/\/yoast.com\/wordpress\/plugins\/seo\/ -->\n<title>Attirez plus de clients - h\u00f4tellerie plein air<\/title>\n<meta name=\"description\" content=\"Vous souhaitez augmenter votre marge \u00e9t la satisfaction client. Elargissez votre offre avec des solutions pour le lavage, les boissons et la cuisine.\" \/>\n<meta name=\"robots\" content=\"index, follow, max-snippet:-1, max-image-preview:large, max-video-preview:-1\" \/>\n<link rel=\"canonical\" href=\"https:\/\/www.electroluxprofessional.com\/fr-be\/votre-profil\/camping\/\" \/>\n<meta property=\"og:locale\" content=\"fr_FR\" \/>\n<meta property=\"og:type\" content=\"article\" \/>\n<meta property=\"og:title\" content=\"Attirez plus de clients - h\u00f4tellerie plein air\" \/>\n<meta property=\"og:description\" content=\"Vous souhaitez augmenter votre marge \u00e9t la satisfaction client. Elargissez votre offre avec des solutions pour le lavage, les boissons et la cuisine.\" \/>\n<meta property=\"og:url\" content=\"https:\/\/www.electroluxprofessional.com\/fr-be\/votre-profil\/camping\/\" \/>\n<meta property=\"og:site_name\" content=\"Electrolux Professional Belgique\" \/>\n<meta property=\"article:modified_time\" content=\"2022-08-09T15:10:09+00:00\" \/>\n<meta name=\"twitter:card\" content=\"summary_large_image\" \/>\n<meta name=\"twitter:label1\" content=\"Dur\u00e9e de lecture est.\" \/>\n\t<meta name=\"twitter:data1\" content=\"2 minutes\" \/>\n<script type=\"application\/ld+json\" class=\"yoast-schema-graph\">{\"@context\":\"https:\/\/schema.org\",\"@graph\":[{\"@type\":\"WebPage\",\"@id\":\"https:\/\/www.electroluxprofessional.com\/fr-be\/votre-profil\/camping\/\",\"url\":\"https:\/\/www.electroluxprofessional.com\/fr-be\/votre-profil\/camping\/\",\"name\":\"Attirez plus de clients - h\u00f4tellerie plein air\",\"isPartOf\":{\"@id\":\"https:\/\/www.electroluxprofessional.com\/fr-be\/#website\"},\"datePublished\":\"2021-05-17T08:38:30+00:00\",\"dateModified\":\"2022-08-09T15:10:09+00:00\",\"description\":\"Vous souhaitez augmenter votre marge \u00e9t la satisfaction client. Elargissez votre offre avec des solutions pour le lavage, les boissons et la cuisine.\",\"breadcrumb\":{\"@id\":\"https:\/\/www.electroluxprofessional.com\/fr-be\/votre-profil\/camping\/#breadcrumb\"},\"inLanguage\":\"fr-BE\",\"potentialAction\":[{\"@type\":\"ReadAction\",\"target\":[\"https:\/\/www.electroluxprofessional.com\/fr-be\/votre-profil\/camping\/\"]}]},{\"@type\":\"BreadcrumbList\",\"@id\":\"https:\/\/www.electroluxprofessional.com\/fr-be\/votre-profil\/camping\/#breadcrumb\",\"itemListElement\":[{\"@type\":\"ListItem\",\"position\":1,\"name\":\"Home\",\"item\":\"https:\/\/www.electroluxprofessional.com\/fr-be\/\"},{\"@type\":\"ListItem\",\"position\":2,\"name\":\"Votre profil\",\"item\":\"https:\/\/www.electroluxprofessional.com\/fr-be\/votre-profil\/\"},{\"@type\":\"ListItem\",\"position\":3,\"name\":\"camping\"}]},{\"@type\":\"WebSite\",\"@id\":\"https:\/\/www.electroluxprofessional.com\/fr-be\/#website\",\"url\":\"https:\/\/www.electroluxprofessional.com\/fr-be\/\",\"name\":\"Electrolux Professional Belgique\",\"description\":\"Electrolux Professional est le leader mondial en mati\u00e8re d&#039;\u00e9quipements de cuisines et de blanchisseries professionnelles.\",\"potentialAction\":[{\"@type\":\"SearchAction\",\"target\":{\"@type\":\"EntryPoint\",\"urlTemplate\":\"https:\/\/www.electroluxprofessional.com\/fr-be\/?src={search_term_string}\"},\"query-input\":\"required name=search_term_string\"}],\"inLanguage\":\"fr-BE\"}]}<\/script>\n<!-- \/ Yoast SEO plugin. -->","yoast_head_json":{"title":"Attirez plus de clients - h\u00f4tellerie plein air","description":"Vous souhaitez augmenter votre marge \u00e9t la satisfaction client. Elargissez votre offre avec des solutions pour le lavage, les boissons et la cuisine.","robots":{"index":"index","follow":"follow","max-snippet":"max-snippet:-1","max-image-preview":"max-image-preview:large","max-video-preview":"max-video-preview:-1"},"canonical":"https:\/\/www.electroluxprofessional.com\/fr-be\/votre-profil\/camping\/","og_locale":"fr_FR","og_type":"article","og_title":"Attirez plus de clients - h\u00f4tellerie plein air","og_description":"Vous souhaitez augmenter votre marge \u00e9t la satisfaction client. Elargissez votre offre avec des solutions pour le lavage, les boissons et la cuisine.","og_url":"https:\/\/www.electroluxprofessional.com\/fr-be\/votre-profil\/camping\/","og_site_name":"Electrolux Professional Belgique","article_modified_time":"2022-08-09T15:10:09+00:00","twitter_card":"summary_large_image","twitter_misc":{"Dur\u00e9e de lecture est.":"2 minutes"},"schema":{"@context":"https:\/\/schema.org","@graph":[{"@type":"WebPage","@id":"https:\/\/www.electroluxprofessional.com\/fr-be\/votre-profil\/camping\/","url":"https:\/\/www.electroluxprofessional.com\/fr-be\/votre-profil\/camping\/","name":"Attirez plus de clients - h\u00f4tellerie plein air","isPartOf":{"@id":"https:\/\/www.electroluxprofessional.com\/fr-be\/#website"},"datePublished":"2021-05-17T08:38:30+00:00","dateModified":"2022-08-09T15:10:09+00:00","description":"Vous souhaitez augmenter votre marge \u00e9t la satisfaction client. Elargissez votre offre avec des solutions pour le lavage, les boissons et la cuisine.","breadcrumb":{"@id":"https:\/\/www.electroluxprofessional.com\/fr-be\/votre-profil\/camping\/#breadcrumb"},"inLanguage":"fr-BE","potentialAction":[{"@type":"ReadAction","target":["https:\/\/www.electroluxprofessional.com\/fr-be\/votre-profil\/camping\/"]}]},{"@type":"BreadcrumbList","@id":"https:\/\/www.electroluxprofessional.com\/fr-be\/votre-profil\/camping\/#breadcrumb","itemListElement":[{"@type":"ListItem","position":1,"name":"Home","item":"https:\/\/www.electroluxprofessional.com\/fr-be\/"},{"@type":"ListItem","position":2,"name":"Votre profil","item":"https:\/\/www.electroluxprofessional.com\/fr-be\/votre-profil\/"},{"@type":"ListItem","position":3,"name":"camping"}]},{"@type":"WebSite","@id":"https:\/\/www.electroluxprofessional.com\/fr-be\/#website","url":"https:\/\/www.electroluxprofessional.com\/fr-be\/","name":"Electrolux Professional Belgique","description":"Electrolux Professional est le leader mondial en mati\u00e8re d&#039;\u00e9quipements de cuisines et de blanchisseries professionnelles.","potentialAction":[{"@type":"SearchAction","target":{"@type":"EntryPoint","urlTemplate":"https:\/\/www.electroluxprofessional.com\/fr-be\/?src={search_term_string}"},"query-input":"required name=search_term_string"}],"inLanguage":"fr-BE"}]}},"_links":{"self":[{"href":"https:\/\/www.electroluxprofessional.com\/fr-be\/wp-json\/wp\/v2\/pages\/11264"}],"collection":[{"href":"https:\/\/www.electroluxprofessional.com\/fr-be\/wp-json\/wp\/v2\/pages"}],"about":[{"href":"https:\/\/www.electroluxprofessional.com\/fr-be\/wp-json\/wp\/v2\/types\/page"}],"author":[{"embeddable":true,"href":"https:\/\/www.electroluxprofessional.com\/fr-be\/wp-json\/wp\/v2\/users\/38"}],"replies":[{"embeddable":true,"href":"https:\/\/www.electroluxprofessional.com\/fr-be\/wp-json\/wp\/v2\/comments?post=11264"}],"version-history":[{"count":7,"href":"https:\/\/www.electroluxprofessional.com\/fr-be\/wp-json\/wp\/v2\/pages\/11264\/revisions"}],"predecessor-version":[{"id":11760,"href":"https:\/\/www.electroluxprofessional.com\/fr-be\/wp-json\/wp\/v2\/pages\/11264\/revisions\/11760"}],"up":[{"embeddable":true,"href":"https:\/\/www.electroluxprofessional.com\/fr-be\/wp-json\/wp\/v2\/pages\/2716"}],"wp:attachment":[{"href":"https:\/\/www.electroluxprofessional.com\/fr-be\/wp-json\/wp\/v2\/media?parent=11264"}],"curies":[{"name":"wp","href":"https:\/\/api.w.org\/{rel}","templated":true}]}}