{"id":10089,"date":"2021-03-29T10:51:08","date_gmt":"2021-03-29T08:51:08","guid":{"rendered":"https:\/\/www.electroluxprofessional.com\/?page_id=34709"},"modified":"2021-05-03T10:24:01","modified_gmt":"2021-05-03T10:24:01","slug":"liberopro-point","status":"publish","type":"page","link":"https:\/\/www.electroluxprofessional.com\/fr-be\/cuisine-2\/liberopro-point\/","title":{"rendered":"LiberoPro Point est en mouvement"},"content":{"rendered":"<p>[vc_row full_width=&#8221;electroluxpro-full-width-no-padding&#8221; css=&#8221;.vc_custom_1616708533302{margin-top: -30px !important;border-top-width: -30px !important;padding-top: -30px !important;}&#8221;][vc_column][elx_full_banner title=&#8221;LiberoPro Point est en mouvement&#8221; set_as_h1=&#8221;true&#8221; link=&#8221;url:%23contactus|title:En%20savoir%20plus%20sur%20LiberoPro%20Point||&#8221; background_image_media_library=&#8221;10074&#8243; background_image_media_library_mobile=&#8221;34695&#8243;][\/vc_column][\/vc_row][vc_row][vc_column][vc_empty_space][elx_heading font_container=&#8221;h1&#8243; text_color=&#8221;inherit&#8221; text_align=&#8221;text-center&#8221;]LiberoPro Point une polyvalence contemporaine[\/elx_heading][vc_empty_space][vc_row_inner][vc_column_inner width=&#8221;1\/2&#8243;][vc_column_text]<strong>LiberoPro Point est une &#8220;cuisine-flexible&#8221;<\/strong>. Il s&#8217;adapte facilement aux besoins de votre activit\u00e9 en offrant un service haut de gamme avec une touche contemporaine.[\/vc_column_text][\/vc_column_inner][vc_column_inner width=&#8221;1\/2&#8243;][vc_column_text]<strong>Se combinant facilement avec diff\u00e9rentes plaques de cuisson en fonction de votre menu<\/strong>, vous pouvez placer la station de cuisson mobile LiberoPro Point l\u00e0 o\u00f9 vous en avez besoin.<br \/>\n<strong>Sa conception plug &amp; play, robuste et pratique<\/strong> en fait une solution durable pour tout environnement professionnel.[\/vc_column_text][\/vc_column_inner][\/vc_row_inner][vc_empty_space][vc_single_image image=&#8221;10077&#8243; img_size=&#8221;full&#8221; alignment=&#8221;center&#8221;][vc_empty_space][\/vc_column][\/vc_row][vc_row][vc_column width=&#8221;1\/3&#8243;][vc_empty_space][vc_single_image image=&#8221;10078&#8243; img_size=&#8221;full&#8221; alignment=&#8221;center&#8221;][vc_empty_space][elx_heading text_color=&#8221;inherit&#8221; text_align=&#8221;text-center&#8221;]Des ingr\u00e9dients frais \u00e0 port\u00e9e de main[\/elx_heading][vc_empty_space][vc_column_text]<\/p>\n<p style=\"text-align: left;\"><strong>Le LiberoPro Point avec tiroirs r\u00e9frig\u00e9r\u00e9s int\u00e9gr\u00e9s<\/strong> ne vous laissera jamais tomber.<br \/>\n<strong>Plage de temp\u00e9rature du tiroir<\/strong> : 0 \u00b0 \/ + 10 \u00b0 C avec r\u00e9gulation ind\u00e9pendante.<br \/>\n<strong>Tiroir r\u00e9frig\u00e9r\u00e9<\/strong> (Compatible GN) : 37 litres.<br \/>\n<strong>Tiroir neutre en option <\/strong>(Compatible GN) : 30 litres.<\/p>\n<p>[\/vc_column_text][vc_empty_space][\/vc_column][vc_column width=&#8221;1\/3&#8243;][vc_empty_space][vc_single_image image=&#8221;10079&#8243; img_size=&#8221;full&#8221; alignment=&#8221;center&#8221;][vc_empty_space][elx_heading text_color=&#8221;inherit&#8221; text_align=&#8221;text-center&#8221;]L&#8217;ergonomie am\u00e9liore la productivit\u00e9[\/elx_heading][vc_empty_space][vc_column_text]<\/p>\n<p style=\"text-align: left;\"><strong>Con\u00e7ue de mani\u00e8re ergonomique pour la praticit\u00e9 et le confort,<\/strong> le passe plat vitr\u00e9 offre un espace suppl\u00e9mentaire au chef pour poser ses plats et offre une <strong>meilleure visibilit\u00e9 pour le client.<\/strong><\/p>\n<p>[\/vc_column_text][vc_empty_space][\/vc_column][vc_column width=&#8221;1\/3&#8243;][vc_empty_space][vc_single_image image=&#8221;10080&#8243; img_size=&#8221;full&#8221; alignment=&#8221;center&#8221;][vc_empty_space][elx_heading text_color=&#8221;inherit&#8221; text_align=&#8221;text-center&#8221;]Vendez plus en \u00e9tant vu[\/elx_heading][vc_empty_space][vc_column_text]Des \u00e9tudes** ont montr\u00e9 qu&#8217;un <strong>bon \u00e9clairage est indispensable pour aider les clients \u00e0 choisir leurs plats et donner un aspect plus savoureux \u00e0 vos recettes,<\/strong> apportant ainsi une exp\u00e9rience culinaire incomparable.<br \/>\n<strong>Boostez l&#8217;app\u00e9tit de vos clients<\/strong> avec le design LiberoPro Point, une combinaison \u00e9l\u00e9gante de verre et d&#8217;\u00e9clairage.<br \/>\nLa lumi\u00e8re est automatiquement activ\u00e9e lorsque vous commencez \u00e0 cuisiner gr\u00e2ce \u00e0 la fonction LiberoPro Duo.[\/vc_column_text][vc_empty_space][\/vc_column][\/vc_row][vc_row][vc_column][vc_column_text]<\/p>\n<p style=\"font-size: 12px; text-align: center;\">* Conforme \u00e0 la norme EN 61591 (Hottes de cuisine et autres extracteurs de fum\u00e9es de cuisson &#8211; M\u00e9thodes de mesure des performances)<br \/>\n.Comparez le point Electrolux Professional LiberoPro avec des filtres Fresh versus une machine sans filtres.<\/p>\n<p style=\"font-size: 12px; text-align: center;\">** &#8220;L&#8217;importance de l&#8217;aspect visuel des couleurs dans les aliments lors d&#8217;un d\u00e9jeuner de travail &#8211; International Journal of Gastronomy and Food Science (2019) &#8220;<\/p>\n<p>[\/vc_column_text][\/vc_column][\/vc_row][vc_row full_width=&#8221;electroluxpro-full-width&#8221;][vc_column][vc_empty_space][elx_download_block text=&#8221;T\u00e9l\u00e9charger la brochure LiberoPro&#8221; document_type=&#8221;brochures&#8221; file_picker=&#8221;14096&#8243; background_color=&#8221;electrolux-blue&#8221;][\/vc_column][\/vc_row][vc_row][vc_column][vc_empty_space][elx_heading text_color=&#8221;inherit&#8221; text_align=&#8221;text-center&#8221;]B\u00e9n\u00e9ficiez d&#8217;un environnement de travail agr\u00e9able et plus frais[\/elx_heading][vc_empty_space][\/vc_column][\/vc_row][vc_row][vc_column width=&#8221;1\/2&#8243;][vc_row_inner][vc_column_inner width=&#8221;1\/4&#8243;][vc_empty_space][vc_single_image image=&#8221;10081&#8243; img_size=&#8221;full&#8221; alignment=&#8221;center&#8221;][\/vc_column_inner][vc_column_inner width=&#8221;3\/4&#8243;][vc_empty_space][vc_column_text]La vapeur dispara\u00eet aussi rapidement qu&#8217;elle appara\u00eet, vous laissant une station de cuisson propre.<strong> LiberoPro Duo est une fonction de \u00abcommunication\u00bb sans fil qui permet une r\u00e9gulation automatique de la vitesse de ventilation<\/strong> avec les differents modules de cuisson en fonctionnement sur la station LiberoPro Point.[\/vc_column_text][\/vc_column_inner][\/vc_row_inner][\/vc_column][vc_column width=&#8221;1\/2&#8243;][vc_row_inner][vc_column_inner width=&#8221;1\/4&#8243;][vc_empty_space][vc_single_image image=&#8221;10082&#8243; img_size=&#8221;full&#8221; alignment=&#8221;center&#8221;][\/vc_column_inner][vc_column_inner width=&#8221;3\/4&#8243;][vc_empty_space][vc_column_text]<strong>LiberoPro Fresh est un syst\u00e8me de filtration d&#8217;air silencieux<\/strong> qui absorbe efficacement les particules de graisse et les odeurs de la zone de travail. Son filtre \u00e0 graisse en acier inoxydable <strong>avec charbon actif r\u00e9duit les mauvaises odeurs jusqu&#8217;\u00e0 80%<\/strong> et a une efficacit\u00e9 de capture de 95% lorsque la vitesse du ventilateur est \u00e0 son maximum. *Nettoyage et entretien faciles des filtres. <strong>Aucun outil n\u00e9cessaire !<\/strong>[\/vc_column_text][\/vc_column_inner][\/vc_row_inner][\/vc_column][\/vc_row][vc_row][vc_column width=&#8221;1\/2&#8243;][vc_empty_space][elx_video_block background_image=&#8221;10075&#8243; video_link=&#8221;https:\/\/www.youtube.com\/watch?v=ariseL9qMKA&#8221; minimum_height=&#8221;300px&#8221;][\/vc_column][vc_column width=&#8221;1\/2&#8243;][vc_empty_space][elx_video_block background_image=&#8221;10076&#8243; video_link=&#8221;https:\/\/www.youtube.com\/watch?v=FYapyciL9-M&#8221; minimum_height=&#8221;300px&#8221;][\/vc_column][\/vc_row][vc_row][vc_column][vc_empty_space][elx_heading text_color=&#8221;inherit&#8221; text_align=&#8221;text-center&#8221;]Personnalisez votre LiberoPro Point[\/elx_heading][vc_empty_space][\/vc_column][\/vc_row][vc_row][vc_column width=&#8221;1\/2&#8243;][vc_empty_space][vc_single_image image=&#8221;10083&#8243; img_size=&#8221;full&#8221; alignment=&#8221;center&#8221;][\/vc_column][vc_column width=&#8221;1\/2&#8243;][vc_column_text]Personnalisez votre zone de cuisson en ajoutant une finition \u00e9l\u00e9gante \u00e0 votre nouvelle solution LiberoPro.[\/vc_column_text][vc_single_image image=&#8221;10084&#8243; img_size=&#8221;full&#8221; alignment=&#8221;center&#8221;][\/vc_column][\/vc_row][vc_row][vc_column][vc_empty_space][elx_heading text_color=&#8221;inherit&#8221; text_align=&#8221;text-center&#8221;]Quelle que soit votre activit\u00e9, choisissez parmi une s\u00e9lection de finition<br \/>\npour une touche de personnalit\u00e9 et d&#8217;\u00e9l\u00e9gance ![\/elx_heading][\/vc_column][\/vc_row][vc_row][vc_column][vc_empty_space][elx_double_banner title_1=&#8221;Street Food&#8221; text_1=&#8221;Tables de cuisson LiberoPro &#8211; vos meilleurs alli\u00e9s pour plus de flexibilit\u00e9 et de productivit\u00e9&#8221; title_2=&#8221;Restauration rapide&#8221; text_2=&#8221;Une qualit\u00e9 et une rapidit\u00e9 infaillibles&#8221; background_image_media_library_1=&#8221;10085&#8243; background_image_media_library_2=&#8221;10087&#8243; link_1=&#8221;url:%23contactus|title:Contactez-nous%20pour%20plus%20d&#8217;informations||&#8221; link_2=&#8221;url:%23contactus|title:Contactez-nous%20pour%20plus%20d&#8217;informations||&#8221; background_image_media_library_mobile_1=&#8221;34750&#8243; background_image_media_library_mobile_2=&#8221;34752&#8243;][elx_double_banner title_1=&#8221;H\u00f4tel&#8221; text_1=&#8221;\u00c9largissez vos horizons&#8221; title_2=&#8221;Restauration d&#8217;entreprise&#8221; text_2=&#8221;Solutions de service haut de gamme&#8221; background_image_media_library_1=&#8221;10086&#8243; background_image_media_library_2=&#8221;10088&#8243; link_1=&#8221;url:%23contactus|title:Contactez-nous%20pour%20plus%20d&#8217;informations||&#8221; link_2=&#8221;url:%23contactus|title:Contactez-nous%20pour%20plus%20d&#8217;informations||&#8221; background_image_media_library_mobile_1=&#8221;34751&#8243; background_image_media_library_mobile_2=&#8221;34749&#8243;][\/vc_column][\/vc_row][vc_row el_id=&#8221;contactus&#8221;][vc_column][vc_empty_space][elx_heading text_color=&#8221;inherit&#8221;]Contactez-nous pour plus d&#8217;informations[\/elx_heading][elx_o2000_contact_us r=&#8221;Je souhaiterais en savoir plus sur LiberoPro Point.&#8221; s=&#8221;Demande d&#8217;informations LiberoPro Point&#8221; country=&#8221;Belgium&#8221; l=&#8221;fr-be&#8221; b=&#8221;food&#8221;][\/vc_column][\/vc_row][vc_row][vc_column][vc_empty_space]<div class=\"com21-product-filter-container 82\">[\/vc_column][\/vc_row]<\/p>\n","protected":false},"excerpt":{"rendered":"<p>[vc_row full_width=&#8221;electroluxpro-full-width-no-padding&#8221; css=&#8221;.vc_custom_1616708533302{margin-top: -30px !important;border-top-width: -30px !important;padding-top: -30px !important;}&#8221;][vc_column][elx_full_banner title=&#8221;LiberoPro Point est en mouvement&#8221; set_as_h1=&#8221;true&#8221; link=&#8221;url:%23contactus|title:En%20savoir%20plus%20sur%20LiberoPro%20Point||&#8221; background_image_media_library=&#8221;10074&#8243; background_image_media_library_mobile=&#8221;34695&#8243;][\/vc_column][\/vc_row][vc_row][vc_column][vc_empty_space][elx_heading font_container=&#8221;h1&#8243; text_color=&#8221;inherit&#8221; text_align=&#8221;text-center&#8221;]LiberoPro Point une polyvalence contemporaine[\/elx_heading][vc_empty_space][vc_row_inner][vc_column_inner width=&#8221;1\/2&#8243;][vc_column_text]LiberoPro Point est une &#8220;cuisine-flexible&#8221;. Il s&#8217;adapte facilement aux besoins de votre activit\u00e9 en offrant un service haut de gamme avec une touche contemporaine.[\/vc_column_text][\/vc_column_inner][vc_column_inner width=&#8221;1\/2&#8243;][vc_column_text]Se combinant facilement avec diff\u00e9rentes plaques [&hellip;]<\/p>\n","protected":false},"author":38,"featured_media":10074,"parent":9308,"menu_order":0,"comment_status":"closed","ping_status":"closed","template":"","meta":{"footnotes":""},"class_list":["post-10089","page","type-page","status-publish","has-post-thumbnail","hentry"],"acf":[],"yoast_head":"<!-- This site is optimized with the Yoast SEO plugin v23.3 - https:\/\/yoast.com\/wordpress\/plugins\/seo\/ -->\n<title>LiberoPro Point est en mouvement - Electrolux Professional Belgique<\/title>\n<meta name=\"description\" content=\"LiberoPro Point est une solution de cuisson mobile et plug&amp;play qui s&#039;adapte aux besoins de votre activit\u00e9, offrant un service haut de gamme avec une touche contemporaine.\" \/>\n<meta name=\"robots\" content=\"index, follow, max-snippet:-1, max-image-preview:large, max-video-preview:-1\" \/>\n<link rel=\"canonical\" href=\"https:\/\/www.electroluxprofessional.com\/fr-be\/cuisine-2\/liberopro-point\/\" \/>\n<meta property=\"og:locale\" content=\"fr_FR\" \/>\n<meta property=\"og:type\" content=\"article\" \/>\n<meta property=\"og:title\" content=\"LiberoPro Point est en mouvement - Electrolux Professional Belgique\" \/>\n<meta property=\"og:description\" content=\"LiberoPro Point est une solution de cuisson mobile et plug&amp;play qui s&#039;adapte aux besoins de votre activit\u00e9, offrant un service haut de gamme avec une touche contemporaine.\" \/>\n<meta property=\"og:url\" content=\"https:\/\/www.electroluxprofessional.com\/fr-be\/cuisine-2\/liberopro-point\/\" \/>\n<meta property=\"og:site_name\" content=\"Electrolux Professional Belgique\" \/>\n<meta property=\"article:modified_time\" content=\"2021-05-03T10:24:01+00:00\" \/>\n<meta property=\"og:image\" content=\"https:\/\/www.electroluxprofessional.com\/fr-be\/wp-content\/uploads\/2021\/03\/libero-top-banner-Oriz.jpg\" \/>\n\t<meta property=\"og:image:width\" content=\"1920\" \/>\n\t<meta property=\"og:image:height\" content=\"581\" \/>\n\t<meta property=\"og:image:type\" content=\"image\/jpeg\" \/>\n<meta name=\"twitter:card\" content=\"summary_large_image\" \/>\n<meta name=\"twitter:label1\" content=\"Dur\u00e9e de lecture est.\" \/>\n\t<meta name=\"twitter:data1\" content=\"6 minutes\" \/>\n<script type=\"application\/ld+json\" class=\"yoast-schema-graph\">{\"@context\":\"https:\/\/schema.org\",\"@graph\":[{\"@type\":\"WebPage\",\"@id\":\"https:\/\/www.electroluxprofessional.com\/fr-be\/cuisine-2\/liberopro-point\/\",\"url\":\"https:\/\/www.electroluxprofessional.com\/fr-be\/cuisine-2\/liberopro-point\/\",\"name\":\"LiberoPro Point est en mouvement - Electrolux Professional Belgique\",\"isPartOf\":{\"@id\":\"https:\/\/www.electroluxprofessional.com\/fr-be\/#website\"},\"primaryImageOfPage\":{\"@id\":\"https:\/\/www.electroluxprofessional.com\/fr-be\/cuisine-2\/liberopro-point\/#primaryimage\"},\"image\":{\"@id\":\"https:\/\/www.electroluxprofessional.com\/fr-be\/cuisine-2\/liberopro-point\/#primaryimage\"},\"thumbnailUrl\":\"https:\/\/www.electroluxprofessional.com\/fr-be\/wp-content\/uploads\/2021\/03\/libero-top-banner-Oriz.jpg\",\"datePublished\":\"2021-03-29T08:51:08+00:00\",\"dateModified\":\"2021-05-03T10:24:01+00:00\",\"description\":\"LiberoPro Point est une solution de cuisson mobile et plug&play qui s'adapte aux besoins de votre activit\u00e9, offrant un service haut de gamme avec une touche contemporaine.\",\"breadcrumb\":{\"@id\":\"https:\/\/www.electroluxprofessional.com\/fr-be\/cuisine-2\/liberopro-point\/#breadcrumb\"},\"inLanguage\":\"fr-BE\",\"potentialAction\":[{\"@type\":\"ReadAction\",\"target\":[\"https:\/\/www.electroluxprofessional.com\/fr-be\/cuisine-2\/liberopro-point\/\"]}]},{\"@type\":\"ImageObject\",\"inLanguage\":\"fr-BE\",\"@id\":\"https:\/\/www.electroluxprofessional.com\/fr-be\/cuisine-2\/liberopro-point\/#primaryimage\",\"url\":\"https:\/\/www.electroluxprofessional.com\/fr-be\/wp-content\/uploads\/2021\/03\/libero-top-banner-Oriz.jpg\",\"contentUrl\":\"https:\/\/www.electroluxprofessional.com\/fr-be\/wp-content\/uploads\/2021\/03\/libero-top-banner-Oriz.jpg\",\"width\":1920,\"height\":581,\"caption\":\"libero-top-banner-Oriz\"},{\"@type\":\"BreadcrumbList\",\"@id\":\"https:\/\/www.electroluxprofessional.com\/fr-be\/cuisine-2\/liberopro-point\/#breadcrumb\",\"itemListElement\":[{\"@type\":\"ListItem\",\"position\":1,\"name\":\"Home\",\"item\":\"https:\/\/www.electroluxprofessional.com\/fr-be\/\"},{\"@type\":\"ListItem\",\"position\":2,\"name\":\"Cuisine\",\"item\":\"https:\/\/www.electroluxprofessional.com\/fr-be\/cuisine-2\/\"},{\"@type\":\"ListItem\",\"position\":3,\"name\":\"LiberoPro Point est en mouvement\"}]},{\"@type\":\"WebSite\",\"@id\":\"https:\/\/www.electroluxprofessional.com\/fr-be\/#website\",\"url\":\"https:\/\/www.electroluxprofessional.com\/fr-be\/\",\"name\":\"Electrolux Professional Belgique\",\"description\":\"Electrolux Professional est le leader mondial en mati\u00e8re d&#039;\u00e9quipements de cuisines et de blanchisseries professionnelles.\",\"potentialAction\":[{\"@type\":\"SearchAction\",\"target\":{\"@type\":\"EntryPoint\",\"urlTemplate\":\"https:\/\/www.electroluxprofessional.com\/fr-be\/?src={search_term_string}\"},\"query-input\":\"required name=search_term_string\"}],\"inLanguage\":\"fr-BE\"}]}<\/script>\n<!-- \/ Yoast SEO plugin. -->","yoast_head_json":{"title":"LiberoPro Point est en mouvement - Electrolux Professional Belgique","description":"LiberoPro Point est une solution de cuisson mobile et plug&play qui s'adapte aux besoins de votre activit\u00e9, offrant un service haut de gamme avec une touche contemporaine.","robots":{"index":"index","follow":"follow","max-snippet":"max-snippet:-1","max-image-preview":"max-image-preview:large","max-video-preview":"max-video-preview:-1"},"canonical":"https:\/\/www.electroluxprofessional.com\/fr-be\/cuisine-2\/liberopro-point\/","og_locale":"fr_FR","og_type":"article","og_title":"LiberoPro Point est en mouvement - Electrolux Professional Belgique","og_description":"LiberoPro Point est une solution de cuisson mobile et plug&play qui s'adapte aux besoins de votre activit\u00e9, offrant un service haut de gamme avec une touche contemporaine.","og_url":"https:\/\/www.electroluxprofessional.com\/fr-be\/cuisine-2\/liberopro-point\/","og_site_name":"Electrolux Professional Belgique","article_modified_time":"2021-05-03T10:24:01+00:00","og_image":[{"width":1920,"height":581,"url":"https:\/\/www.electroluxprofessional.com\/fr-be\/wp-content\/uploads\/2021\/03\/libero-top-banner-Oriz.jpg","type":"image\/jpeg"}],"twitter_card":"summary_large_image","twitter_misc":{"Dur\u00e9e de lecture est.":"6 minutes"},"schema":{"@context":"https:\/\/schema.org","@graph":[{"@type":"WebPage","@id":"https:\/\/www.electroluxprofessional.com\/fr-be\/cuisine-2\/liberopro-point\/","url":"https:\/\/www.electroluxprofessional.com\/fr-be\/cuisine-2\/liberopro-point\/","name":"LiberoPro Point est en mouvement - Electrolux Professional Belgique","isPartOf":{"@id":"https:\/\/www.electroluxprofessional.com\/fr-be\/#website"},"primaryImageOfPage":{"@id":"https:\/\/www.electroluxprofessional.com\/fr-be\/cuisine-2\/liberopro-point\/#primaryimage"},"image":{"@id":"https:\/\/www.electroluxprofessional.com\/fr-be\/cuisine-2\/liberopro-point\/#primaryimage"},"thumbnailUrl":"https:\/\/www.electroluxprofessional.com\/fr-be\/wp-content\/uploads\/2021\/03\/libero-top-banner-Oriz.jpg","datePublished":"2021-03-29T08:51:08+00:00","dateModified":"2021-05-03T10:24:01+00:00","description":"LiberoPro Point est une solution de cuisson mobile et plug&play qui s'adapte aux besoins de votre activit\u00e9, offrant un service haut de gamme avec une touche contemporaine.","breadcrumb":{"@id":"https:\/\/www.electroluxprofessional.com\/fr-be\/cuisine-2\/liberopro-point\/#breadcrumb"},"inLanguage":"fr-BE","potentialAction":[{"@type":"ReadAction","target":["https:\/\/www.electroluxprofessional.com\/fr-be\/cuisine-2\/liberopro-point\/"]}]},{"@type":"ImageObject","inLanguage":"fr-BE","@id":"https:\/\/www.electroluxprofessional.com\/fr-be\/cuisine-2\/liberopro-point\/#primaryimage","url":"https:\/\/www.electroluxprofessional.com\/fr-be\/wp-content\/uploads\/2021\/03\/libero-top-banner-Oriz.jpg","contentUrl":"https:\/\/www.electroluxprofessional.com\/fr-be\/wp-content\/uploads\/2021\/03\/libero-top-banner-Oriz.jpg","width":1920,"height":581,"caption":"libero-top-banner-Oriz"},{"@type":"BreadcrumbList","@id":"https:\/\/www.electroluxprofessional.com\/fr-be\/cuisine-2\/liberopro-point\/#breadcrumb","itemListElement":[{"@type":"ListItem","position":1,"name":"Home","item":"https:\/\/www.electroluxprofessional.com\/fr-be\/"},{"@type":"ListItem","position":2,"name":"Cuisine","item":"https:\/\/www.electroluxprofessional.com\/fr-be\/cuisine-2\/"},{"@type":"ListItem","position":3,"name":"LiberoPro Point est en mouvement"}]},{"@type":"WebSite","@id":"https:\/\/www.electroluxprofessional.com\/fr-be\/#website","url":"https:\/\/www.electroluxprofessional.com\/fr-be\/","name":"Electrolux Professional Belgique","description":"Electrolux Professional est le leader mondial en mati\u00e8re d&#039;\u00e9quipements de cuisines et de blanchisseries professionnelles.","potentialAction":[{"@type":"SearchAction","target":{"@type":"EntryPoint","urlTemplate":"https:\/\/www.electroluxprofessional.com\/fr-be\/?src={search_term_string}"},"query-input":"required name=search_term_string"}],"inLanguage":"fr-BE"}]}},"_links":{"self":[{"href":"https:\/\/www.electroluxprofessional.com\/fr-be\/wp-json\/wp\/v2\/pages\/10089"}],"collection":[{"href":"https:\/\/www.electroluxprofessional.com\/fr-be\/wp-json\/wp\/v2\/pages"}],"about":[{"href":"https:\/\/www.electroluxprofessional.com\/fr-be\/wp-json\/wp\/v2\/types\/page"}],"author":[{"embeddable":true,"href":"https:\/\/www.electroluxprofessional.com\/fr-be\/wp-json\/wp\/v2\/users\/38"}],"replies":[{"embeddable":true,"href":"https:\/\/www.electroluxprofessional.com\/fr-be\/wp-json\/wp\/v2\/comments?post=10089"}],"version-history":[{"count":4,"href":"https:\/\/www.electroluxprofessional.com\/fr-be\/wp-json\/wp\/v2\/pages\/10089\/revisions"}],"predecessor-version":[{"id":10114,"href":"https:\/\/www.electroluxprofessional.com\/fr-be\/wp-json\/wp\/v2\/pages\/10089\/revisions\/10114"}],"up":[{"embeddable":true,"href":"https:\/\/www.electroluxprofessional.com\/fr-be\/wp-json\/wp\/v2\/pages\/9308"}],"wp:featuredmedia":[{"embeddable":true,"href":"https:\/\/www.electroluxprofessional.com\/fr-be\/wp-json\/wp\/v2\/media\/10074"}],"wp:attachment":[{"href":"https:\/\/www.electroluxprofessional.com\/fr-be\/wp-json\/wp\/v2\/media?parent=10089"}],"curies":[{"name":"wp","href":"https:\/\/api.w.org\/{rel}","templated":true}]}}