{"id":6615,"date":"2020-05-05T15:50:20","date_gmt":"2020-05-05T13:50:20","guid":{"rendered":"https:\/\/www.electroluxprofessional.com\/?page_id=30305"},"modified":"2023-06-06T17:13:46","modified_gmt":"2023-06-06T17:13:46","slug":"asiakkaan-palveleminen-poikkeustilanteissa","status":"publish","type":"page","link":"https:\/\/www.electroluxprofessional.com\/fi\/asiakkaan-palveleminen-poikkeustilanteissa\/","title":{"rendered":"Asiakkaan palveleminen poikkeustilanteissa"},"content":{"rendered":"<p>[vc_row full_width=&#8221;electroluxpro-full-width-no-padding&#8221;][vc_column][vc_single_image image=&#8221;6604&#8243; img_size=&#8221;full&#8221; alignment=&#8221;center&#8221;][\/vc_column][\/vc_row][vc_row][vc_column][vc_empty_space][elx_heading font_container=&#8221;h1&#8243; text_color=&#8221;inherit&#8221;]Electrolux Professional palvelee asiakasta luotettavasti poikkeusaikoinakin[\/elx_heading][vc_empty_space][vc_column_text]<\/p>\n<div class=\"tlid-input input\">\n<div class=\"source-wrap\">\n<div class=\"input-full-height-wrapper tlid-input-full-height-wrapper\">\n<div class=\"source-input\">\n<div class=\"source-footer-wrap source-or-target-footer\">\n<div class=\"character-count tlid-character-count\">\n<div class=\"cc-ctr normal\"><span class=\"\" title=\"\">Maailmamme on muuttunut, ja tied\u00e4mme, ett\u00e4 vaikutus moniin asiakkaisiimme on ollut valtava.<\/span> <span class=\"\" title=\"\">Electrolux Professional on t\u00e4\u00e4ll\u00e4 sinua varten my\u00f6s ep\u00e4varmoina aikoina.\u00a0<\/span><\/div>\n<\/div>\n<\/div>\n<\/div>\n<\/div>\n<\/div>\n<\/div>\n<div class=\"tlid-results-container results-container\">\n<div class=\"tlid-result result-dict-wrapper\">\n<div class=\"result tlid-copy-target\">\n<div class=\"text-wrap tlid-copy-target\">\n<div class=\"result-shield-container tlid-copy-target\" tabindex=\"0\"><span class=\"tlid-translation translation\" lang=\"fi\"><br \/>\n<span class=\"\" title=\"\">Electrolux Professional on maailman johtava globaali ammattikeitti\u00f6- ja ammattipesulalaitteita valmistava yritys. <\/span><span class=\"\" title=\"\">Olemme panostaneet huomattavasti poikkeustilanteiden hallintaan asiakkaidemme tarpeiden turvaamiseksi. <\/span>\u00a0<strong><span class=\"\" title=\"\">Olemme ryhtyneet mm. seuraaviin varotoimenpiteisiin varmistaaksemme osaltamme asiakkaidemme liiketoiminnan jatkuvuuden:<\/span><\/strong><\/span><\/div>\n<\/div>\n<\/div>\n<\/div>\n<\/div>\n<p>[\/vc_column_text][vc_empty_space][\/vc_column][\/vc_row][vc_row][vc_column width=&#8221;1\/4&#8243;][vc_empty_space][vc_single_image image=&#8221;6605&#8243; img_size=&#8221;150&#215;150&#8243; alignment=&#8221;center&#8221;][vc_empty_space][\/vc_column][vc_column width=&#8221;3\/4&#8243; css=&#8221;.vc_custom_1588538495890{background-color: #f4f4f4 !important;}&#8221;][vc_column_text]<\/p>\n<ul>\n<li>Varastosuunnittelu ja -hallinta mukautettu toimitusketjun h\u00e4iri\u00f6iden lievent\u00e4miseksi.<\/li>\n<li>Varastotasot nostettu suurissa varastoissa ja hajautettu paikallisiin varastoihin, jotta varmistetaan, ett\u00e4 tuotteet ovat l\u00e4hell\u00e4 asiakkaitamme ja valmiina l\u00e4hetett\u00e4v\u00e4ksi.<\/li>\n<li><a href=\"https:\/\/www.electroluxprofessional.com\/fi\/ar-tekniikka\/\">\u201cTwo Pairs of Eyes\u201d<\/a> \u2013 edistyksellinen kontaktivapaa palveluty\u00f6kalu, joka on nyt saatavana pit\u00e4m\u00e4\u00e4n asiakkaamme turvassa ja lyhent\u00e4m\u00e4\u00e4n palvelun vasteaikoja.<\/li>\n<li>Asiakaspalvelu ja tekniset palvelut toimivat normaalisti ja ovat sitoutuneet tarjoamaan jatkuvaa tukea.<\/li>\n<\/ul>\n<p>[\/vc_column_text][\/vc_column][\/vc_row][vc_row][vc_column][vc_empty_space][elx_heading font_size=&#8221;h1&#8243; text_color=&#8221;inherit&#8221; text_align=&#8221;text-center&#8221;]Askeleet turvallisuuden ja suorituskyvyn s\u00e4ilytt\u00e4miseksi k\u00e4ytt\u00f6taukojen aikana[\/elx_heading][\/vc_column][\/vc_row][vc_row][vc_column width=&#8221;1\/3&#8243;][vc_empty_space][vc_single_image image=&#8221;6504&#8243; img_size=&#8221;full&#8221;][vc_empty_space][\/vc_column][vc_column width=&#8221;1\/3&#8243;][vc_empty_space][vc_single_image image=&#8221;6506&#8243; img_size=&#8221;full&#8221;][vc_empty_space][\/vc_column][vc_column width=&#8221;1\/3&#8243;][vc_empty_space][vc_single_image image=&#8221;6505&#8243; img_size=&#8221;full&#8221;][vc_empty_space][\/vc_column][\/vc_row][vc_row][vc_column][elx_button button_text=&#8221;Opas laitteiden suojaamiseen ja s\u00e4ilytt\u00e4miseen&#8221; button_display_block=&#8221;display_block_on&#8221; button_alignment=&#8221;align_center&#8221; button_link=&#8221;url:https%3A%2F%2Fwww.electroluxprofessional.com%2Ffi%2Flaitteista-huolehtiminen%2F|title:Go%20to%20products||&#8221;][vc_empty_space][\/vc_column][\/vc_row][vc_row css=&#8221;.vc_custom_1588536095578{background-color: #f4f4f4 !important;}&#8221;][vc_column][elx_heading font_size=&#8221;h1&#8243; text_color=&#8221;inherit&#8221; text_align=&#8221;text-center&#8221;]Virtuaalinen n\u00e4yttelytila[\/elx_heading][\/vc_column][\/vc_row][vc_row css=&#8221;.vc_custom_1588536139844{background-color: #f4f4f4 !important;}&#8221;][vc_column][vc_single_image image=&#8221;6569&#8243; img_size=&#8221;medium&#8221; alignment=&#8221;center&#8221;][\/vc_column][\/vc_row][vc_row css=&#8221;.vc_custom_1588536148999{background-color: #f4f4f4 !important;}&#8221;][vc_column][elx_heading text_color=&#8221;inherit&#8221; text_align=&#8221;text-center&#8221;]Tutustu Center of Excellence koulutuskeskukseen ja sen laiteratkaisuihin virtuaalisesti[\/elx_heading][vc_empty_space][vc_single_image image=&#8221;6606&#8243; img_size=&#8221;full&#8221; alignment=&#8221;center&#8221;][vc_empty_space][elx_button button_text=&#8221;Virtuaalikierros CoE n\u00e4yttelytiloissa&#8221; button_display_block=&#8221;display_block_on&#8221; button_alignment=&#8221;align_center&#8221; button_link=&#8221;url:https%3A%2F%2Fyoutu.be%2FxGyBWkJcIqQ&#8221;][vc_empty_space][\/vc_column][\/vc_row][vc_row css=&#8221;.vc_custom_1588537236354{background-color: #ffffff !important;}&#8221;][vc_column][elx_heading font_size=&#8221;h1&#8243; text_color=&#8221;inherit&#8221; text_align=&#8221;text-center&#8221;]Asiakaspalvelu et\u00e4tukena AR tekniikalla[\/elx_heading][\/vc_column][\/vc_row][vc_row][vc_column][vc_column_text]<\/p>\n<p style=\"text-align: center;\">&#8220;<a href=\"https:\/\/www.electroluxprofessional.com\/fi\/ar-tekniikka\/\">Two Pairs of Eyes<\/a>&#8221; huoltoteknikot pystyv\u00e4t edelleen tarjoamaan et\u00e4tukea asiakkaille lis\u00e4tyn todellisuuden ansiosta, jonka Electrolux Professional tarjoaa nopeasti ja laajemmin saataville.<\/p>\n<p>[\/vc_column_text][vc_empty_space][vc_single_image image=&#8221;6590&#8243; img_size=&#8221;full&#8221; alignment=&#8221;center&#8221;][vc_empty_space][elx_button button_text=&#8221;tutustu Two Pairs of Eyes palveluratkaisuun&#8221; button_display_block=&#8221;display_block_on&#8221; button_alignment=&#8221;align_center&#8221; button_link=&#8221;url:https%3A%2F%2Fwww.electroluxprofessional.com%2Ffi%2Far-tekniikka%2F|title:Staying%20close%20to%20customers%20with%20augmented%20reality%20service||&#8221;][vc_empty_space][vc_column_text]<\/p>\n<h3 style=\"text-align: center;\">Saatat olla kiinnostunut seuraavista<\/h3>\n<p>[\/vc_column_text][vc_empty_space][\/vc_column][\/vc_row][vc_row][vc_column width=&#8221;1\/2&#8243;][\/vc_column][vc_column width=&#8221;1\/2&#8243;][\/vc_column][\/vc_row][vc_row css=&#8221;.vc_custom_1588673784692{background-color: #f4f4f4 !important;}&#8221;][vc_column width=&#8221;1\/3&#8243;][elx_maylike_box id_box=&#8221;4473&#8243;][\/vc_column][vc_column width=&#8221;1\/3&#8243;][elx_maylike_box id_box=&#8221;4479&#8243;][\/vc_column][vc_column width=&#8221;1\/3&#8243;][elx_maylike_box id_box=&#8221;4476&#8243;][\/vc_column][\/vc_row]<\/p>\n","protected":false},"excerpt":{"rendered":"<p>[vc_row full_width=&#8221;electroluxpro-full-width-no-padding&#8221;][vc_column][vc_single_image image=&#8221;6604&#8243; img_size=&#8221;full&#8221; alignment=&#8221;center&#8221;][\/vc_column][\/vc_row][vc_row][vc_column][vc_empty_space][elx_heading font_container=&#8221;h1&#8243; text_color=&#8221;inherit&#8221;]Electrolux Professional palvelee asiakasta luotettavasti poikkeusaikoinakin[\/elx_heading][vc_empty_space][vc_column_text] Maailmamme on muuttunut, ja tied\u00e4mme, ett\u00e4 vaikutus moniin asiakkaisiimme on ollut valtava. Electrolux Professional on t\u00e4\u00e4ll\u00e4 sinua varten my\u00f6s ep\u00e4varmoina aikoina.\u00a0 Electrolux Professional on maailman johtava globaali ammattikeitti\u00f6- ja ammattipesulalaitteita valmistava yritys. Olemme panostaneet huomattavasti poikkeustilanteiden hallintaan asiakkaidemme tarpeiden turvaamiseksi. \u00a0Olemme ryhtyneet mm. [&hellip;]<\/p>\n","protected":false},"author":17,"featured_media":0,"parent":0,"menu_order":0,"comment_status":"closed","ping_status":"closed","template":"","meta":{"footnotes":""},"class_list":["post-6615","page","type-page","status-publish","hentry"],"yoast_head":"<!-- This site is optimized with the Yoast SEO plugin v23.3 - https:\/\/yoast.com\/wordpress\/plugins\/seo\/ -->\n<title>Asiakkaan palveleminen poikkeustilanteissa - Electrolux Professional Suomi<\/title>\n<meta name=\"description\" content=\"Maailmamme on muuttunut ja tied\u00e4mme, ett\u00e4 sill\u00e4 on ollut valtavat vaikutukset monelle asiakkaistamme. N\u00e4in\u00e4 ep\u00e4varmoina aikoina Electrolux Professional on t\u00e4\u00e4ll\u00e4 sinua varten - nyt enemm\u00e4n kuin koskaan.\" \/>\n<meta name=\"robots\" content=\"index, follow, max-snippet:-1, max-image-preview:large, max-video-preview:-1\" \/>\n<link rel=\"canonical\" href=\"https:\/\/www.electroluxprofessional.com\/fi\/asiakkaan-palveleminen-poikkeustilanteissa\/\" \/>\n<meta property=\"og:locale\" content=\"fi_FI\" \/>\n<meta property=\"og:type\" content=\"article\" \/>\n<meta property=\"og:title\" content=\"Asiakkaan palveleminen poikkeustilanteissa - Electrolux Professional Suomi\" \/>\n<meta property=\"og:description\" content=\"Maailmamme on muuttunut ja tied\u00e4mme, ett\u00e4 sill\u00e4 on ollut valtavat vaikutukset monelle asiakkaistamme. N\u00e4in\u00e4 ep\u00e4varmoina aikoina Electrolux Professional on t\u00e4\u00e4ll\u00e4 sinua varten - nyt enemm\u00e4n kuin koskaan.\" \/>\n<meta property=\"og:url\" content=\"https:\/\/www.electroluxprofessional.com\/fi\/asiakkaan-palveleminen-poikkeustilanteissa\/\" \/>\n<meta property=\"og:site_name\" content=\"Electrolux Professional Suomi\" \/>\n<meta property=\"article:modified_time\" content=\"2023-06-06T17:13:46+00:00\" \/>\n<meta name=\"twitter:card\" content=\"summary_large_image\" \/>\n<meta name=\"twitter:label1\" content=\"Arvioitu lukuaika\" \/>\n\t<meta name=\"twitter:data1\" content=\"4 minuuttia\" \/>\n<script type=\"application\/ld+json\" class=\"yoast-schema-graph\">{\"@context\":\"https:\/\/schema.org\",\"@graph\":[{\"@type\":\"WebPage\",\"@id\":\"https:\/\/www.electroluxprofessional.com\/fi\/asiakkaan-palveleminen-poikkeustilanteissa\/\",\"url\":\"https:\/\/www.electroluxprofessional.com\/fi\/asiakkaan-palveleminen-poikkeustilanteissa\/\",\"name\":\"Asiakkaan palveleminen poikkeustilanteissa - Electrolux Professional Suomi\",\"isPartOf\":{\"@id\":\"https:\/\/www.electroluxprofessional.com\/fi\/#website\"},\"datePublished\":\"2020-05-05T13:50:20+00:00\",\"dateModified\":\"2023-06-06T17:13:46+00:00\",\"description\":\"Maailmamme on muuttunut ja tied\u00e4mme, ett\u00e4 sill\u00e4 on ollut valtavat vaikutukset monelle asiakkaistamme. N\u00e4in\u00e4 ep\u00e4varmoina aikoina Electrolux Professional on t\u00e4\u00e4ll\u00e4 sinua varten - nyt enemm\u00e4n kuin koskaan.\",\"breadcrumb\":{\"@id\":\"https:\/\/www.electroluxprofessional.com\/fi\/asiakkaan-palveleminen-poikkeustilanteissa\/#breadcrumb\"},\"inLanguage\":\"fi\",\"potentialAction\":[{\"@type\":\"ReadAction\",\"target\":[\"https:\/\/www.electroluxprofessional.com\/fi\/asiakkaan-palveleminen-poikkeustilanteissa\/\"]}]},{\"@type\":\"BreadcrumbList\",\"@id\":\"https:\/\/www.electroluxprofessional.com\/fi\/asiakkaan-palveleminen-poikkeustilanteissa\/#breadcrumb\",\"itemListElement\":[{\"@type\":\"ListItem\",\"position\":1,\"name\":\"Home\",\"item\":\"https:\/\/www.electroluxprofessional.com\/fi\/\"},{\"@type\":\"ListItem\",\"position\":2,\"name\":\"Asiakkaan palveleminen poikkeustilanteissa\"}]},{\"@type\":\"WebSite\",\"@id\":\"https:\/\/www.electroluxprofessional.com\/fi\/#website\",\"url\":\"https:\/\/www.electroluxprofessional.com\/fi\/\",\"name\":\"Electrolux Professional Suomi\",\"description\":\"\",\"potentialAction\":[{\"@type\":\"SearchAction\",\"target\":{\"@type\":\"EntryPoint\",\"urlTemplate\":\"https:\/\/www.electroluxprofessional.com\/fi\/?src={search_term_string}\"},\"query-input\":\"required name=search_term_string\"}],\"inLanguage\":\"fi\"}]}<\/script>\n<!-- \/ Yoast SEO plugin. -->","yoast_head_json":{"title":"Asiakkaan palveleminen poikkeustilanteissa - Electrolux Professional Suomi","description":"Maailmamme on muuttunut ja tied\u00e4mme, ett\u00e4 sill\u00e4 on ollut valtavat vaikutukset monelle asiakkaistamme. N\u00e4in\u00e4 ep\u00e4varmoina aikoina Electrolux Professional on t\u00e4\u00e4ll\u00e4 sinua varten - nyt enemm\u00e4n kuin koskaan.","robots":{"index":"index","follow":"follow","max-snippet":"max-snippet:-1","max-image-preview":"max-image-preview:large","max-video-preview":"max-video-preview:-1"},"canonical":"https:\/\/www.electroluxprofessional.com\/fi\/asiakkaan-palveleminen-poikkeustilanteissa\/","og_locale":"fi_FI","og_type":"article","og_title":"Asiakkaan palveleminen poikkeustilanteissa - Electrolux Professional Suomi","og_description":"Maailmamme on muuttunut ja tied\u00e4mme, ett\u00e4 sill\u00e4 on ollut valtavat vaikutukset monelle asiakkaistamme. N\u00e4in\u00e4 ep\u00e4varmoina aikoina Electrolux Professional on t\u00e4\u00e4ll\u00e4 sinua varten - nyt enemm\u00e4n kuin koskaan.","og_url":"https:\/\/www.electroluxprofessional.com\/fi\/asiakkaan-palveleminen-poikkeustilanteissa\/","og_site_name":"Electrolux Professional Suomi","article_modified_time":"2023-06-06T17:13:46+00:00","twitter_card":"summary_large_image","twitter_misc":{"Arvioitu lukuaika":"4 minuuttia"},"schema":{"@context":"https:\/\/schema.org","@graph":[{"@type":"WebPage","@id":"https:\/\/www.electroluxprofessional.com\/fi\/asiakkaan-palveleminen-poikkeustilanteissa\/","url":"https:\/\/www.electroluxprofessional.com\/fi\/asiakkaan-palveleminen-poikkeustilanteissa\/","name":"Asiakkaan palveleminen poikkeustilanteissa - Electrolux Professional Suomi","isPartOf":{"@id":"https:\/\/www.electroluxprofessional.com\/fi\/#website"},"datePublished":"2020-05-05T13:50:20+00:00","dateModified":"2023-06-06T17:13:46+00:00","description":"Maailmamme on muuttunut ja tied\u00e4mme, ett\u00e4 sill\u00e4 on ollut valtavat vaikutukset monelle asiakkaistamme. N\u00e4in\u00e4 ep\u00e4varmoina aikoina Electrolux Professional on t\u00e4\u00e4ll\u00e4 sinua varten - nyt enemm\u00e4n kuin koskaan.","breadcrumb":{"@id":"https:\/\/www.electroluxprofessional.com\/fi\/asiakkaan-palveleminen-poikkeustilanteissa\/#breadcrumb"},"inLanguage":"fi","potentialAction":[{"@type":"ReadAction","target":["https:\/\/www.electroluxprofessional.com\/fi\/asiakkaan-palveleminen-poikkeustilanteissa\/"]}]},{"@type":"BreadcrumbList","@id":"https:\/\/www.electroluxprofessional.com\/fi\/asiakkaan-palveleminen-poikkeustilanteissa\/#breadcrumb","itemListElement":[{"@type":"ListItem","position":1,"name":"Home","item":"https:\/\/www.electroluxprofessional.com\/fi\/"},{"@type":"ListItem","position":2,"name":"Asiakkaan palveleminen poikkeustilanteissa"}]},{"@type":"WebSite","@id":"https:\/\/www.electroluxprofessional.com\/fi\/#website","url":"https:\/\/www.electroluxprofessional.com\/fi\/","name":"Electrolux Professional Suomi","description":"","potentialAction":[{"@type":"SearchAction","target":{"@type":"EntryPoint","urlTemplate":"https:\/\/www.electroluxprofessional.com\/fi\/?src={search_term_string}"},"query-input":"required name=search_term_string"}],"inLanguage":"fi"}]}},"_links":{"self":[{"href":"https:\/\/www.electroluxprofessional.com\/fi\/wp-json\/wp\/v2\/pages\/6615"}],"collection":[{"href":"https:\/\/www.electroluxprofessional.com\/fi\/wp-json\/wp\/v2\/pages"}],"about":[{"href":"https:\/\/www.electroluxprofessional.com\/fi\/wp-json\/wp\/v2\/types\/page"}],"author":[{"embeddable":true,"href":"https:\/\/www.electroluxprofessional.com\/fi\/wp-json\/wp\/v2\/users\/17"}],"replies":[{"embeddable":true,"href":"https:\/\/www.electroluxprofessional.com\/fi\/wp-json\/wp\/v2\/comments?post=6615"}],"version-history":[{"count":13,"href":"https:\/\/www.electroluxprofessional.com\/fi\/wp-json\/wp\/v2\/pages\/6615\/revisions"}],"predecessor-version":[{"id":11100,"href":"https:\/\/www.electroluxprofessional.com\/fi\/wp-json\/wp\/v2\/pages\/6615\/revisions\/11100"}],"wp:attachment":[{"href":"https:\/\/www.electroluxprofessional.com\/fi\/wp-json\/wp\/v2\/media?parent=6615"}],"curies":[{"name":"wp","href":"https:\/\/api.w.org\/{rel}","templated":true}]}}