{"id":6285,"date":"2023-04-28T15:08:44","date_gmt":"2023-04-28T15:08:44","guid":{"rendered":"https:\/\/www.electroluxprofessional.com\/fi\/?page_id=6285"},"modified":"2026-03-25T06:47:59","modified_gmt":"2026-03-25T06:47:59","slug":"ammattikeittio-ja-ammattipesulalaitteet","status":"publish","type":"page","link":"https:\/\/www.electroluxprofessional.com\/fi\/","title":{"rendered":"Homepage"},"content":{"rendered":"<p>[vc_row full_width=&#8221;electroluxpro-full-width-no-padding&#8221; css=&#8221;.vc_custom_1581601446712{margin-bottom: 0px !important;}&#8221;][vc_column css=&#8221;.vc_custom_1575015067714{margin-bottom: 0px !important;}&#8221;][elx_master_slider slide_order_1=&#8221;1&#8243; title_1=&#8221;Arjen erinomaisuutta&#8221; text_1=&#8221;Modulaariset<br \/>\ne-XP 700 &#038; 900 laitesarjat&#8221; slide_order_2=&#8221;3&#8243; title_2=&#8221;Line 6000 kuivauskaapit&#8221; text_2=&#8221;T\u00e4ydellisen kuivaa &#8211;<br \/>\nnopeasti ja tehokkaasti&#8221; slide_order_3=&#8221;4&#8243; text_colors_3=&#8221;text-blue&#8221; title_3=&#8221;&#8221; text_3=&#8221;&#8221; slide_order_4=&#8221;2&#8243; title_4=&#8221;Vapauta luovuutesi&#8221; text_4=&#8221;therma<em>line<\/em> Modular 80 &#038; 90&#8243; link_2=&#8221;url:https%3A%2F%2Fwww.electroluxprofessional.com%2Ffi%2Fammattipesulalaitteet%2Fline-6000-kuivauskaapit%2F|title:lue%20lis%C3%A4%C3%A4&#8243; background_image_media_library_mobile_2=&#8221;16229&#8243; link_1=&#8221;url:https%3A%2F%2Fwww.electroluxprofessional.com%2Ffi%2Fammattikeittiolaitteet%2Fmodulaariset-laitesarjat-e-xp-700-900%2F|title:LUE%20LIS%C3%84%C3%84&#8243; background_image_media_library_1=&#8221;16219&#8243; background_image_media_library_mobile_1=&#8221;16220&#8243; link_4=&#8221;url:https%3A%2F%2Fwww.electroluxprofessional.com%2Ffi%2Fammattikeittiolaitteet%2Fthermaline-modular-80-90-laitesarjat%2F|title:Lue%20lis%C3%A4%C3%A4&#8243; background_image_media_library_4=&#8221;16319&#8243; background_image_media_library_mobile_4=&#8221;16320&#8243; background_image_media_library_2=&#8221;16228&#8243;][\/vc_column][\/vc_row][vc_row full_width=&#8221;electroluxpro-full-width-no-padding&#8221;][vc_column][elx_search title=&#8221;Mit\u00e4 olet etsim\u00e4ss\u00e4?&#8221;][\/vc_column][\/vc_row][vc_row full_width=&#8221;electroluxpro-full-width-no-padding&#8221;][vc_column][elx_full_banner title=&#8221;Vastuullisia ratkaisuja ja kest\u00e4v\u00e4\u00e4 lis\u00e4arvoa&#8221; text=&#8221;Electrolux Professional is the OnE trusted partner making your<br \/>\nwork-life easier, more profitable \u2013 and truly sustainable every day.&#8221; background_source=&#8221;image-media-library&#8221; link=&#8221;url:https%3A%2F%2Fwww.electroluxprofessional.com%2Ffi%2Fvastuullisuus%2F|title:Tutustu%20vastuullisuuteemme&#8221; background_image_media_library=&#8221;15878&#8243; background_image_media_library_mobile=&#8221;15879&#8243;][\/vc_column][\/vc_row][vc_row][vc_column][\/vc_column][\/vc_row][vc_row][vc_column][elx_double_banner title_1=&#8221;ecostore &#038; prostore j\u00e4\u00e4kaapit ja pakastinkaapit&#8221; text_1=&#8221;Luokkansa paras energiatehokkuus ja k\u00e4ytt\u00f6kapasiteetti. Viile\u00e4n vastuullisesti.&#8221; title_2=&#8221;NCircl-U, ammattipesulalaitteiden vuokrauspalvelu&#8221; text_2=&#8221;T\u00e4yden palvelun vuokrausratkaisu. Rakennettu ymp\u00e4rillesi.&#8221; background_source_1=&#8221;image-media-library&#8221; background_source_2=&#8221;image-media-library&#8221; link_1=&#8221;url:https%3A%2F%2Fwww.electroluxprofessional.com%2Ffi%2Fammattikeittiolaitteet%2Fjaakaapit-ja-pakastinkaapit%2F|title:Lue%20lis%C3%A4%C3%A4&#8243; background_image_media_library_1=&#8221;14918&#8243; link_2=&#8221;url:https%3A%2F%2Fwww.electroluxprofessional.com%2Ffi%2Fammattipesulalaitteet%2Fammattipesulalaitteiden-vuokrauspalvelu%2F|title:Lue%20lis%C3%A4%C3%A4&#8243; background_image_media_library_2=&#8221;15880&#8243; background_image_media_library_mobile_2=&#8221;15880&#8243; background_image_media_library_mobile_1=&#8221;14918&#8243;][elx_double_banner title_1=&#8221;900XP ja 700XP laitesarjat&#8221; text_1=&#8221;Rakenna oma laitekokonaisuutesi, juuri tarpeidesi mukaan.&#8221; title_2=&#8221;Line 6000 pesuaineet&#8221; text_2=&#8221;Ekologinen valinta kaikkien liinavaatteiden ja tekstiilien puhdistamiseen&#8221; background_source_1=&#8221;image-media-library&#8221; background_source_2=&#8221;image-media-library&#8221; link_1=&#8221;url:https%3A%2F%2Fwww.electroluxprofessional.com%2Ffi%2Fammattikeittiolaitteet%2Fxp-valmistuslaitteet%2F|title:Lue%20lis%C3%A4%C3%A4&#8243; background_image_media_library_1=&#8221;14912&#8243; link_2=&#8221;url:https%3A%2F%2Fwww.electroluxprofessional.com%2Ffi%2Fammattipesulalaitteet%2Fline-6000-pesuaineet%2F|title:Lue%20lis%C3%A4%C3%A4&#8243; background_image_media_library_2=&#8221;14883&#8243; background_image_media_library_mobile_1=&#8221;14912&#8243; background_image_media_library_mobile_2=&#8221;14884&#8243;][\/vc_column][\/vc_row][vc_row full_width=&#8221;electroluxpro-full-width-no-padding&#8221;][vc_column][elx_full_banner title=&#8221;Electrolux Professional koulutuskeskukset&#8221; text=&#8221;Swiss design since 1871: over 100 years of production,<br \/>\nprecision and tradition&#8221; background_source=&#8221;image-media-library&#8221; link=&#8221;url:https%3A%2F%2Fwww.electroluxprofessional.com%2Ffi%2Fcenters-of-excellence%2F|title:Tutustu||&#8221; background_image_media_library=&#8221;9838&#8243; background_image_media_library_mobile=&#8221;6295&#8243;][\/vc_column][\/vc_row][vc_row full_width=&#8221;electroluxpro-full-width-no-padding&#8221;][vc_column][elx_last_references title=&#8221;Tutustu referensseihimme&#8221;][\/vc_column][\/vc_row][vc_row full_width=&#8221;electroluxpro-full-width-no-padding&#8221;][vc_column][elx_last_news title=&#8221;Uutiset&#8221;][\/vc_column][\/vc_row][vc_row][vc_column][elx_single_banner title=&#8221;Ty\u00f6paikat&#8221; text=&#8221;Electrolux Professional toivottaa intohimoisia ja kaupallisesti ajattelevia joukkuepelaajia liittym\u00e4\u00e4n perheeseemme. Tutustu urasivustoomme n\u00e4hd\u00e4ksesi avoimet mahdollisuudet t\u00e4ll\u00e4 hetkell\u00e4.&#8221; text_mobile=&#8221;Ty\u00f6paikat&#8221; background_source=&#8221;image-media-library&#8221; background_image_media_library=&#8221;6299&#8243; link=&#8221;url:https%3A%2F%2Fwww.electroluxprofessionalgroup.com%2Fen%2Fjoin-us%2F|title:Lue%20lis%C3%A4%C3%A4&#8243; background_image_media_library_mobile=&#8221;6298&#8243;][\/vc_column][\/vc_row][vc_row][vc_column][elx_active_banner title=&#8221;Myynnin ja huollon yhteystiedot&#8221; link=&#8221;url:https%3A%2F%2Fwww.electroluxprofessional.com%2Ffi%2Fyhteystiedot-huolto-ja-jalleenmyyntiliikkeet%2F|title:L%C3%96YD%C3%84&#8243; background_image_media_library=&#8221;6316&#8243; background_image_media_library_mobile=&#8221;6315&#8243;][\/vc_column][\/vc_row][vc_row][vc_column][vc_empty_space height=&#8221;30px&#8221;][\/vc_column][\/vc_row]<\/p>\n","protected":false},"excerpt":{"rendered":"<p>[vc_row full_width=&#8221;electroluxpro-full-width-no-padding&#8221; css=&#8221;.vc_custom_1581601446712{margin-bottom: 0px !important;}&#8221;][vc_column css=&#8221;.vc_custom_1575015067714{margin-bottom: 0px !important;}&#8221;][elx_master_slider slide_order_1=&#8221;1&#8243; title_1=&#8221;Arjen erinomaisuutta&#8221; text_1=&#8221;Modulaariset e-XP 700 &#038; 900 laitesarjat&#8221; slide_order_2=&#8221;3&#8243; title_2=&#8221;Line 6000 kuivauskaapit&#8221; text_2=&#8221;T\u00e4ydellisen kuivaa &#8211; nopeasti ja tehokkaasti&#8221; slide_order_3=&#8221;4&#8243; text_colors_3=&#8221;text-blue&#8221; title_3=&#8221;&#8221; text_3=&#8221;&#8221; slide_order_4=&#8221;2&#8243; title_4=&#8221;Vapauta luovuutesi&#8221; text_4=&#8221;thermaline Modular 80 &#038; 90&#8243; link_2=&#8221;url:https%3A%2F%2Fwww.electroluxprofessional.com%2Ffi%2Fammattipesulalaitteet%2Fline-6000-kuivauskaapit%2F|title:lue%20lis%C3%A4%C3%A4&#8243; background_image_media_library_mobile_2=&#8221;16229&#8243; link_1=&#8221;url:https%3A%2F%2Fwww.electroluxprofessional.com%2Ffi%2Fammattikeittiolaitteet%2Fmodulaariset-laitesarjat-e-xp-700-900%2F|title:LUE%20LIS%C3%84%C3%84&#8243; background_image_media_library_1=&#8221;16219&#8243; background_image_media_library_mobile_1=&#8221;16220&#8243; link_4=&#8221;url:https%3A%2F%2Fwww.electroluxprofessional.com%2Ffi%2Fammattikeittiolaitteet%2Fthermaline-modular-80-90-laitesarjat%2F|title:Lue%20lis%C3%A4%C3%A4&#8243; background_image_media_library_4=&#8221;16319&#8243; background_image_media_library_mobile_4=&#8221;16320&#8243; background_image_media_library_2=&#8221;16228&#8243;][\/vc_column][\/vc_row][vc_row full_width=&#8221;electroluxpro-full-width-no-padding&#8221;][vc_column][elx_search title=&#8221;Mit\u00e4 olet etsim\u00e4ss\u00e4?&#8221;][\/vc_column][\/vc_row][vc_row full_width=&#8221;electroluxpro-full-width-no-padding&#8221;][vc_column][elx_full_banner title=&#8221;Vastuullisia ratkaisuja [&hellip;]<\/p>\n","protected":false},"author":47,"featured_media":0,"parent":0,"menu_order":0,"comment_status":"closed","ping_status":"closed","template":"","meta":{"footnotes":""},"class_list":["post-6285","page","type-page","status-publish","hentry"],"yoast_head":"<!-- This site is optimized with the Yoast SEO plugin v23.3 - https:\/\/yoast.com\/wordpress\/plugins\/seo\/ -->\n<title>Electrolux Professional Oy<\/title>\n<meta name=\"description\" content=\"Electrolux Professional on ammattikeitti\u00f6- ja pesularatkaisuiden luotettava kumppani kattavalla tuotevalikoimalla ja r\u00e4\u00e4t\u00e4l\u00f6it\u00e4vill\u00e4 huoltopalveluilla.\" \/>\n<meta name=\"robots\" content=\"index, follow, max-snippet:-1, max-image-preview:large, max-video-preview:-1\" \/>\n<link rel=\"canonical\" href=\"https:\/\/www.electroluxprofessional.com\/fi\/\" \/>\n<meta property=\"og:locale\" content=\"fi_FI\" \/>\n<meta property=\"og:type\" content=\"article\" \/>\n<meta property=\"og:title\" content=\"Electrolux Professional Oy\" \/>\n<meta property=\"og:description\" content=\"Electrolux Professional on ammattikeitti\u00f6- ja pesularatkaisuiden luotettava kumppani kattavalla tuotevalikoimalla ja r\u00e4\u00e4t\u00e4l\u00f6it\u00e4vill\u00e4 huoltopalveluilla.\" \/>\n<meta property=\"og:url\" content=\"https:\/\/www.electroluxprofessional.com\/fi\/\" \/>\n<meta property=\"og:site_name\" content=\"Electrolux Professional Suomi\" \/>\n<meta property=\"article:modified_time\" content=\"2026-03-25T06:47:59+00:00\" \/>\n<meta name=\"twitter:card\" content=\"summary_large_image\" \/>\n<meta name=\"twitter:label1\" content=\"Arvioitu lukuaika\" \/>\n\t<meta name=\"twitter:data1\" content=\"7 minuuttia\" \/>\n<script type=\"application\/ld+json\" class=\"yoast-schema-graph\">{\"@context\":\"https:\/\/schema.org\",\"@graph\":[{\"@type\":\"WebPage\",\"@id\":\"https:\/\/www.electroluxprofessional.com\/fi\/\",\"url\":\"https:\/\/www.electroluxprofessional.com\/fi\/\",\"name\":\"Electrolux Professional Oy\",\"isPartOf\":{\"@id\":\"https:\/\/www.electroluxprofessional.com\/fi\/#website\"},\"datePublished\":\"2023-04-28T15:08:44+00:00\",\"dateModified\":\"2026-03-25T06:47:59+00:00\",\"description\":\"Electrolux Professional on ammattikeitti\u00f6- ja pesularatkaisuiden luotettava kumppani kattavalla tuotevalikoimalla ja r\u00e4\u00e4t\u00e4l\u00f6it\u00e4vill\u00e4 huoltopalveluilla.\",\"breadcrumb\":{\"@id\":\"https:\/\/www.electroluxprofessional.com\/fi\/#breadcrumb\"},\"inLanguage\":\"fi\",\"potentialAction\":[{\"@type\":\"ReadAction\",\"target\":[\"https:\/\/www.electroluxprofessional.com\/fi\/\"]}]},{\"@type\":\"BreadcrumbList\",\"@id\":\"https:\/\/www.electroluxprofessional.com\/fi\/#breadcrumb\",\"itemListElement\":[{\"@type\":\"ListItem\",\"position\":1,\"name\":\"Home\",\"item\":\"https:\/\/www.electroluxprofessional.com\/fi\/\"},{\"@type\":\"ListItem\",\"position\":2,\"name\":\"Homepage\"}]},{\"@type\":\"WebSite\",\"@id\":\"https:\/\/www.electroluxprofessional.com\/fi\/#website\",\"url\":\"https:\/\/www.electroluxprofessional.com\/fi\/\",\"name\":\"Electrolux Professional Suomi\",\"description\":\"\",\"potentialAction\":[{\"@type\":\"SearchAction\",\"target\":{\"@type\":\"EntryPoint\",\"urlTemplate\":\"https:\/\/www.electroluxprofessional.com\/fi\/?src={search_term_string}\"},\"query-input\":\"required name=search_term_string\"}],\"inLanguage\":\"fi\"}]}<\/script>\n<!-- \/ Yoast SEO plugin. -->","yoast_head_json":{"title":"Electrolux Professional Oy","description":"Electrolux Professional on ammattikeitti\u00f6- ja pesularatkaisuiden luotettava kumppani kattavalla tuotevalikoimalla ja r\u00e4\u00e4t\u00e4l\u00f6it\u00e4vill\u00e4 huoltopalveluilla.","robots":{"index":"index","follow":"follow","max-snippet":"max-snippet:-1","max-image-preview":"max-image-preview:large","max-video-preview":"max-video-preview:-1"},"canonical":"https:\/\/www.electroluxprofessional.com\/fi\/","og_locale":"fi_FI","og_type":"article","og_title":"Electrolux Professional Oy","og_description":"Electrolux Professional on ammattikeitti\u00f6- ja pesularatkaisuiden luotettava kumppani kattavalla tuotevalikoimalla ja r\u00e4\u00e4t\u00e4l\u00f6it\u00e4vill\u00e4 huoltopalveluilla.","og_url":"https:\/\/www.electroluxprofessional.com\/fi\/","og_site_name":"Electrolux Professional Suomi","article_modified_time":"2026-03-25T06:47:59+00:00","twitter_card":"summary_large_image","twitter_misc":{"Arvioitu lukuaika":"7 minuuttia"},"schema":{"@context":"https:\/\/schema.org","@graph":[{"@type":"WebPage","@id":"https:\/\/www.electroluxprofessional.com\/fi\/","url":"https:\/\/www.electroluxprofessional.com\/fi\/","name":"Electrolux Professional Oy","isPartOf":{"@id":"https:\/\/www.electroluxprofessional.com\/fi\/#website"},"datePublished":"2023-04-28T15:08:44+00:00","dateModified":"2026-03-25T06:47:59+00:00","description":"Electrolux Professional on ammattikeitti\u00f6- ja pesularatkaisuiden luotettava kumppani kattavalla tuotevalikoimalla ja r\u00e4\u00e4t\u00e4l\u00f6it\u00e4vill\u00e4 huoltopalveluilla.","breadcrumb":{"@id":"https:\/\/www.electroluxprofessional.com\/fi\/#breadcrumb"},"inLanguage":"fi","potentialAction":[{"@type":"ReadAction","target":["https:\/\/www.electroluxprofessional.com\/fi\/"]}]},{"@type":"BreadcrumbList","@id":"https:\/\/www.electroluxprofessional.com\/fi\/#breadcrumb","itemListElement":[{"@type":"ListItem","position":1,"name":"Home","item":"https:\/\/www.electroluxprofessional.com\/fi\/"},{"@type":"ListItem","position":2,"name":"Homepage"}]},{"@type":"WebSite","@id":"https:\/\/www.electroluxprofessional.com\/fi\/#website","url":"https:\/\/www.electroluxprofessional.com\/fi\/","name":"Electrolux Professional Suomi","description":"","potentialAction":[{"@type":"SearchAction","target":{"@type":"EntryPoint","urlTemplate":"https:\/\/www.electroluxprofessional.com\/fi\/?src={search_term_string}"},"query-input":"required name=search_term_string"}],"inLanguage":"fi"}]}},"_links":{"self":[{"href":"https:\/\/www.electroluxprofessional.com\/fi\/wp-json\/wp\/v2\/pages\/6285"}],"collection":[{"href":"https:\/\/www.electroluxprofessional.com\/fi\/wp-json\/wp\/v2\/pages"}],"about":[{"href":"https:\/\/www.electroluxprofessional.com\/fi\/wp-json\/wp\/v2\/types\/page"}],"author":[{"embeddable":true,"href":"https:\/\/www.electroluxprofessional.com\/fi\/wp-json\/wp\/v2\/users\/47"}],"replies":[{"embeddable":true,"href":"https:\/\/www.electroluxprofessional.com\/fi\/wp-json\/wp\/v2\/comments?post=6285"}],"version-history":[{"count":188,"href":"https:\/\/www.electroluxprofessional.com\/fi\/wp-json\/wp\/v2\/pages\/6285\/revisions"}],"predecessor-version":[{"id":16846,"href":"https:\/\/www.electroluxprofessional.com\/fi\/wp-json\/wp\/v2\/pages\/6285\/revisions\/16846"}],"wp:attachment":[{"href":"https:\/\/www.electroluxprofessional.com\/fi\/wp-json\/wp\/v2\/media?parent=6285"}],"curies":[{"name":"wp","href":"https:\/\/api.w.org\/{rel}","templated":true}]}}