{"id":6164,"date":"2023-05-01T13:56:56","date_gmt":"2023-05-01T13:56:56","guid":{"rendered":"https:\/\/www.electroluxprofessional.com\/?page_id=1763"},"modified":"2024-05-22T11:03:16","modified_gmt":"2024-05-22T11:03:16","slug":"huolto-ja-tuki","status":"publish","type":"page","link":"https:\/\/www.electroluxprofessional.com\/fi\/huolto-ja-tuki\/","title":{"rendered":"Huolto ja tuki"},"content":{"rendered":"<p>[vc_row full_width=&#8221;electroluxpro-full-width-no-padding&#8221;][vc_column][vc_single_image image=&#8221;6157&#8243; img_size=&#8221;2000*350&#8243; alignment=&#8221;center&#8221;][\/vc_column][\/vc_row][vc_row][vc_column width=&#8221;1\/4&#8243;][vc_empty_space][vc_single_image image=&#8221;6155&#8243; img_size=&#8221;200*200&#8243;][\/vc_column][vc_column width=&#8221;3\/4&#8243;][vc_empty_space][vc_empty_space][elx_heading font_container=&#8221;h1&#8243; font_size=&#8221;h3&#8243; text_color=&#8221;inherit&#8221;]Essentia huoltopalvelut.[\/elx_heading][vc_column_text]Yhteisty\u00f6ss\u00e4 sinua varten. Miss\u00e4 ja milloin tahansa.[\/vc_column_text][\/vc_column][\/vc_row][vc_row][vc_column][vc_empty_space][elx_heading font_size=&#8221;h2&#8243; text_color=&#8221;inherit&#8221;]Asiakaspalvelun ytimess\u00e4[\/elx_heading][vc_column_text]Essentia vie asiakaspalvelun uudelle tasolle. Essentia huoltopalvelu-kokonaisuutemme tukee sinua <strong>monipuolisilla ratkaisuilla ja palveluilla,<\/strong> jotka turvaavat laitteidesi tehokkaan ja kannattavan toiminnan &#8211;<strong> koko niiden elini\u00e4n ajan<\/strong>.[\/vc_column_text][vc_column_text][\/vc_column_text][\/vc_column][\/vc_row][vc_row][vc_column][vc_empty_space][vc_column_text]<strong>R\u00e4\u00e4t\u00e4l\u00f6it\u00e4v\u00e4 <\/strong>Essentia- huoltopalvelukokonaisuutemme tarjoaa sinulle tarvitsemaasi tukea ja hoitaa prosessejasi luotettavan huoltoliikeverkoston, r\u00e4\u00e4t\u00e4l\u00f6ityjen asiakaskohtaisten palvelujen valikoiman, <strong>kattavien m\u00e4\u00e4r\u00e4aikaishuoltopakettien<\/strong> sek\u00e4 innovatiivisen teknologian avulla.[\/vc_column_text][vc_empty_space][elx_download_block text=&#8221;Lataa esite&#8221; file_picker=&#8221;12377&#8243; background_color=&#8221;electrolux-blue&#8221;][\/vc_column][\/vc_row][vc_row][vc_column width=&#8221;1\/3&#8243;][elx_simple_link_block link=&#8221;|||&#8221; text_align=&#8221;text-left&#8221; text_color=&#8221;inherit&#8221; background_color=&#8221;inherit&#8221; background_hover_color=&#8221;darker-hover&#8221; extra_class=&#8221;&#8221; reveal_effect=&#8221;&#8221; reveal_duration=&#8221;&#8221; reveal_delay=&#8221;&#8221;][vc_single_image image=&#8221;6159&#8243; img_size=&#8221;360*120&#8243; onclick=&#8221;img_link_large&#8221;][elx_heading font_size=&#8221;h4&#8243; text_color=&#8221;inherit&#8221;]Lis\u00e4varusteet &amp; kulutustarvikkeet[\/elx_heading][vc_column_text]Voit luottaa alkuper\u00e4isten huolellisesti testattujen lis\u00e4varusteiden ja kulutustarvikkeiden nopeaan toimitukseen. Electrolux Professionalin asiantuntijat varmistavat niiden <strong>kest\u00e4vyyden, suorituskyvyn<\/strong> ja <strong>k\u00e4ytt\u00f6turvallisuuden<\/strong>.[\/vc_column_text][\/elx_simple_link_block][\/vc_column][vc_column width=&#8221;1\/3&#8243;][elx_simple_link_block link=&#8221;|||&#8221; text_align=&#8221;text-left&#8221; text_color=&#8221;inherit&#8221; background_color=&#8221;inherit&#8221; background_hover_color=&#8221;darker-hover&#8221; extra_class=&#8221;&#8221; reveal_effect=&#8221;&#8221; reveal_duration=&#8221;&#8221; reveal_delay=&#8221;&#8221;][vc_single_image image=&#8221;6160&#8243; img_size=&#8221;360*120&#8243; onclick=&#8221;img_link_large&#8221;][elx_heading font_size=&#8221;h4&#8243; text_color=&#8221;inherit&#8221;]Varaosat[\/elx_heading][vc_column_text]55 000 varaosaa varastossa.<br \/>\nVaraosat ovat saatavissa v\u00e4hint\u00e4\u00e4n 10 vuotta valmistuksen lopettamisen j\u00e4lkeen. Varaosat ovat saatavissa noin 24 \u2013 48 tunnin kuluessa koko Suomen alueella.[\/vc_column_text][\/elx_simple_link_block][\/vc_column][vc_column width=&#8221;1\/3&#8243;][elx_simple_link_block link=&#8221;|||&#8221; text_align=&#8221;text-left&#8221; text_color=&#8221;inherit&#8221; background_color=&#8221;inherit&#8221; background_hover_color=&#8221;darker-hover&#8221; extra_class=&#8221;&#8221; reveal_effect=&#8221;&#8221; reveal_duration=&#8221;&#8221; reveal_delay=&#8221;&#8221;][vc_single_image image=&#8221;6161&#8243; img_size=&#8221;360*120&#8243; onclick=&#8221;img_link_large&#8221;][elx_heading font_size=&#8221;h4&#8243; text_color=&#8221;inherit&#8221;]Huoltosopimukset[\/elx_heading][vc_column_text]Electrolux Professionalin huoltopalvelussa on tarjolla useita r\u00e4\u00e4t\u00e4l\u00f6it\u00e4vi\u00e4 huoltopaketteja.\u00a0Voit valita joustavista ja <strong>r\u00e4\u00e4t\u00e4l\u00f6idyist\u00e4 palvelupaketeista<\/strong> sopivimman liiketoimintasi tarpeiden mukaisesti. Lis\u00e4tietoja saat ottamalla yhteytt\u00e4 Electrolux Professionalin huoltopalveluun.[\/vc_column_text][\/elx_simple_link_block][\/vc_column][\/vc_row][vc_row][vc_column width=&#8221;2\/3&#8243;][vc_empty_space][elx_simple_link_block link=&#8221;url:https%3A%2F%2Fwww.electroluxprofessional.com%2Ffi%2Fsales-and-service-locator%2F|title:Sales%20%26%20Service%20Locator||&#8221; text_align=&#8221;text-left&#8221; text_color=&#8221;inherit&#8221; background_color=&#8221;inherit&#8221; background_hover_color=&#8221;darker-hover&#8221; extra_class=&#8221;&#8221; reveal_effect=&#8221;&#8221; reveal_duration=&#8221;&#8221; reveal_delay=&#8221;&#8221;][elx_heading font_size=&#8221;h2&#8243; text_color=&#8221;inherit&#8221;]Huoltoliikeverkostomme[\/elx_heading][vc_column_text]Huoltoliikekumppanimme tukevat sinua koko Suomen alueella.\u00a0 Alla olevasta linkist\u00e4 l\u00f6yd\u00e4t sinua l\u00e4himm\u00e4n, <strong>valtuutetun Electrolux Professional -huoltoliikkeen yhteystiedot.<\/strong>[\/vc_column_text][\/elx_simple_link_block][elx_button button_text=&#8221;Huoltoliikeverkosto&#8221; button_link=&#8221;url:https%3A%2F%2Fwww.electroluxprofessional.com%2Ffi%2Fmyynnin-ja-huollon-yhteystiedot%2F|title:Myynnin%20ja%20huollon%20yhteystiedot||&#8221;][\/vc_column][vc_column width=&#8221;1\/3&#8243;][vc_empty_space][vc_single_image image=&#8221;6163&#8243; img_size=&#8221;full&#8221;][\/vc_column][\/vc_row][vc_row][vc_column][vc_empty_space][\/vc_column][\/vc_row][vc_row][vc_column][elx_heading font_container=&#8221;h3&#8243; text_color=&#8221;inherit&#8221;]Kysy lis\u00e4\u00e4 Electrolux Professional huoltopalveluista[\/elx_heading][elx_o2000_contact_us s=&#8221;Tietopyynt\u00f6 huoltopalvelut&#8221; country=&#8221;Finland&#8221; container=&#8221;elxcontactus1484293813&#8243; r=&#8221;Haluaisin tiet\u00e4\u00e4 lis\u00e4\u00e4 huoltopalveluista ja huoltosopimuksista&#8221; l=&#8221;fi&#8221; e=&#8221;huolto@electroluxprofessional.com&#8221;][\/vc_column][\/vc_row][vc_row][vc_column][vc_empty_space][\/vc_column][\/vc_row]<\/p>\n","protected":false},"excerpt":{"rendered":"<p>[vc_row full_width=&#8221;electroluxpro-full-width-no-padding&#8221;][vc_column][vc_single_image image=&#8221;6157&#8243; img_size=&#8221;2000*350&#8243; alignment=&#8221;center&#8221;][\/vc_column][\/vc_row][vc_row][vc_column width=&#8221;1\/4&#8243;][vc_empty_space][vc_single_image image=&#8221;6155&#8243; img_size=&#8221;200*200&#8243;][\/vc_column][vc_column width=&#8221;3\/4&#8243;][vc_empty_space][vc_empty_space][elx_heading font_container=&#8221;h1&#8243; font_size=&#8221;h3&#8243; text_color=&#8221;inherit&#8221;]Essentia huoltopalvelut.[\/elx_heading][vc_column_text]Yhteisty\u00f6ss\u00e4 sinua varten. Miss\u00e4 ja milloin tahansa.[\/vc_column_text][\/vc_column][\/vc_row][vc_row][vc_column][vc_empty_space][elx_heading font_size=&#8221;h2&#8243; text_color=&#8221;inherit&#8221;]Asiakaspalvelun ytimess\u00e4[\/elx_heading][vc_column_text]Essentia vie asiakaspalvelun uudelle tasolle. Essentia huoltopalvelu-kokonaisuutemme tukee sinua monipuolisilla ratkaisuilla ja palveluilla, jotka turvaavat laitteidesi tehokkaan ja kannattavan toiminnan &#8211; koko niiden elini\u00e4n ajan.[\/vc_column_text][vc_column_text][\/vc_column_text][\/vc_column][\/vc_row][vc_row][vc_column][vc_empty_space][vc_column_text]R\u00e4\u00e4t\u00e4l\u00f6it\u00e4v\u00e4 Essentia- huoltopalvelukokonaisuutemme tarjoaa sinulle tarvitsemaasi tukea ja hoitaa prosessejasi [&hellip;]<\/p>\n","protected":false},"author":17,"featured_media":6155,"parent":0,"menu_order":0,"comment_status":"closed","ping_status":"closed","template":"","meta":{"footnotes":""},"class_list":["post-6164","page","type-page","status-publish","has-post-thumbnail","hentry"],"yoast_head":"<!-- This site is optimized with the Yoast SEO plugin v23.3 - https:\/\/yoast.com\/wordpress\/plugins\/seo\/ -->\n<title>Huolto ja tuki - Electrolux Professional Suomi<\/title>\n<meta name=\"description\" content=\"Electrolux Professional tarjoaa sinulle tarvitsemaasi tukea luotettavan huoltoliikeverkoston, r\u00e4\u00e4t\u00e4l\u00f6ityjen asiakaskohtaisten palvelujen, kattavien m\u00e4\u00e4r\u00e4aikaishuoltopakettien sek\u00e4 innovatiivisen teknologian avulla.\" \/>\n<meta name=\"robots\" content=\"index, follow, max-snippet:-1, max-image-preview:large, max-video-preview:-1\" \/>\n<link rel=\"canonical\" href=\"https:\/\/www.electroluxprofessional.com\/fi\/huolto-ja-tuki\/\" \/>\n<meta property=\"og:locale\" content=\"fi_FI\" \/>\n<meta property=\"og:type\" content=\"article\" \/>\n<meta property=\"og:title\" content=\"Huolto ja tuki - Electrolux Professional Suomi\" \/>\n<meta property=\"og:description\" content=\"Electrolux Professional tarjoaa sinulle tarvitsemaasi tukea luotettavan huoltoliikeverkoston, r\u00e4\u00e4t\u00e4l\u00f6ityjen asiakaskohtaisten palvelujen, kattavien m\u00e4\u00e4r\u00e4aikaishuoltopakettien sek\u00e4 innovatiivisen teknologian avulla.\" \/>\n<meta property=\"og:url\" content=\"https:\/\/www.electroluxprofessional.com\/fi\/huolto-ja-tuki\/\" \/>\n<meta property=\"og:site_name\" content=\"Electrolux Professional Suomi\" \/>\n<meta property=\"article:modified_time\" content=\"2024-05-22T11:03:16+00:00\" \/>\n<meta property=\"og:image\" content=\"https:\/\/www.electroluxprofessional.com\/fi\/wp-content\/uploads\/2018\/02\/essentia-700.jpg\" \/>\n\t<meta property=\"og:image:width\" content=\"700\" \/>\n\t<meta property=\"og:image:height\" content=\"700\" \/>\n\t<meta property=\"og:image:type\" content=\"image\/jpeg\" \/>\n<meta name=\"twitter:card\" content=\"summary_large_image\" \/>\n<meta name=\"twitter:label1\" content=\"Arvioitu lukuaika\" \/>\n\t<meta name=\"twitter:data1\" content=\"2 minuuttia\" \/>\n<script type=\"application\/ld+json\" class=\"yoast-schema-graph\">{\"@context\":\"https:\/\/schema.org\",\"@graph\":[{\"@type\":\"WebPage\",\"@id\":\"https:\/\/www.electroluxprofessional.com\/fi\/huolto-ja-tuki\/\",\"url\":\"https:\/\/www.electroluxprofessional.com\/fi\/huolto-ja-tuki\/\",\"name\":\"Huolto ja tuki - Electrolux Professional Suomi\",\"isPartOf\":{\"@id\":\"https:\/\/www.electroluxprofessional.com\/fi\/#website\"},\"primaryImageOfPage\":{\"@id\":\"https:\/\/www.electroluxprofessional.com\/fi\/huolto-ja-tuki\/#primaryimage\"},\"image\":{\"@id\":\"https:\/\/www.electroluxprofessional.com\/fi\/huolto-ja-tuki\/#primaryimage\"},\"thumbnailUrl\":\"https:\/\/www.electroluxprofessional.com\/fi\/wp-content\/uploads\/2018\/02\/essentia-700.jpg\",\"datePublished\":\"2023-05-01T13:56:56+00:00\",\"dateModified\":\"2024-05-22T11:03:16+00:00\",\"description\":\"Electrolux Professional tarjoaa sinulle tarvitsemaasi tukea luotettavan huoltoliikeverkoston, r\u00e4\u00e4t\u00e4l\u00f6ityjen asiakaskohtaisten palvelujen, kattavien m\u00e4\u00e4r\u00e4aikaishuoltopakettien sek\u00e4 innovatiivisen teknologian avulla.\",\"breadcrumb\":{\"@id\":\"https:\/\/www.electroluxprofessional.com\/fi\/huolto-ja-tuki\/#breadcrumb\"},\"inLanguage\":\"fi\",\"potentialAction\":[{\"@type\":\"ReadAction\",\"target\":[\"https:\/\/www.electroluxprofessional.com\/fi\/huolto-ja-tuki\/\"]}]},{\"@type\":\"ImageObject\",\"inLanguage\":\"fi\",\"@id\":\"https:\/\/www.electroluxprofessional.com\/fi\/huolto-ja-tuki\/#primaryimage\",\"url\":\"https:\/\/www.electroluxprofessional.com\/fi\/wp-content\/uploads\/2018\/02\/essentia-700.jpg\",\"contentUrl\":\"https:\/\/www.electroluxprofessional.com\/fi\/wp-content\/uploads\/2018\/02\/essentia-700.jpg\",\"width\":700,\"height\":700,\"caption\":\"Essentia customer care Electrolux Professional\"},{\"@type\":\"BreadcrumbList\",\"@id\":\"https:\/\/www.electroluxprofessional.com\/fi\/huolto-ja-tuki\/#breadcrumb\",\"itemListElement\":[{\"@type\":\"ListItem\",\"position\":1,\"name\":\"Home\",\"item\":\"https:\/\/www.electroluxprofessional.com\/fi\/\"},{\"@type\":\"ListItem\",\"position\":2,\"name\":\"Huolto ja tuki\"}]},{\"@type\":\"WebSite\",\"@id\":\"https:\/\/www.electroluxprofessional.com\/fi\/#website\",\"url\":\"https:\/\/www.electroluxprofessional.com\/fi\/\",\"name\":\"Electrolux Professional Suomi\",\"description\":\"\",\"potentialAction\":[{\"@type\":\"SearchAction\",\"target\":{\"@type\":\"EntryPoint\",\"urlTemplate\":\"https:\/\/www.electroluxprofessional.com\/fi\/?src={search_term_string}\"},\"query-input\":\"required name=search_term_string\"}],\"inLanguage\":\"fi\"}]}<\/script>\n<!-- \/ Yoast SEO plugin. -->","yoast_head_json":{"title":"Huolto ja tuki - Electrolux Professional Suomi","description":"Electrolux Professional tarjoaa sinulle tarvitsemaasi tukea luotettavan huoltoliikeverkoston, r\u00e4\u00e4t\u00e4l\u00f6ityjen asiakaskohtaisten palvelujen, kattavien m\u00e4\u00e4r\u00e4aikaishuoltopakettien sek\u00e4 innovatiivisen teknologian avulla.","robots":{"index":"index","follow":"follow","max-snippet":"max-snippet:-1","max-image-preview":"max-image-preview:large","max-video-preview":"max-video-preview:-1"},"canonical":"https:\/\/www.electroluxprofessional.com\/fi\/huolto-ja-tuki\/","og_locale":"fi_FI","og_type":"article","og_title":"Huolto ja tuki - Electrolux Professional Suomi","og_description":"Electrolux Professional tarjoaa sinulle tarvitsemaasi tukea luotettavan huoltoliikeverkoston, r\u00e4\u00e4t\u00e4l\u00f6ityjen asiakaskohtaisten palvelujen, kattavien m\u00e4\u00e4r\u00e4aikaishuoltopakettien sek\u00e4 innovatiivisen teknologian avulla.","og_url":"https:\/\/www.electroluxprofessional.com\/fi\/huolto-ja-tuki\/","og_site_name":"Electrolux Professional Suomi","article_modified_time":"2024-05-22T11:03:16+00:00","og_image":[{"width":700,"height":700,"url":"https:\/\/www.electroluxprofessional.com\/fi\/wp-content\/uploads\/2018\/02\/essentia-700.jpg","type":"image\/jpeg"}],"twitter_card":"summary_large_image","twitter_misc":{"Arvioitu lukuaika":"2 minuuttia"},"schema":{"@context":"https:\/\/schema.org","@graph":[{"@type":"WebPage","@id":"https:\/\/www.electroluxprofessional.com\/fi\/huolto-ja-tuki\/","url":"https:\/\/www.electroluxprofessional.com\/fi\/huolto-ja-tuki\/","name":"Huolto ja tuki - Electrolux Professional Suomi","isPartOf":{"@id":"https:\/\/www.electroluxprofessional.com\/fi\/#website"},"primaryImageOfPage":{"@id":"https:\/\/www.electroluxprofessional.com\/fi\/huolto-ja-tuki\/#primaryimage"},"image":{"@id":"https:\/\/www.electroluxprofessional.com\/fi\/huolto-ja-tuki\/#primaryimage"},"thumbnailUrl":"https:\/\/www.electroluxprofessional.com\/fi\/wp-content\/uploads\/2018\/02\/essentia-700.jpg","datePublished":"2023-05-01T13:56:56+00:00","dateModified":"2024-05-22T11:03:16+00:00","description":"Electrolux Professional tarjoaa sinulle tarvitsemaasi tukea luotettavan huoltoliikeverkoston, r\u00e4\u00e4t\u00e4l\u00f6ityjen asiakaskohtaisten palvelujen, kattavien m\u00e4\u00e4r\u00e4aikaishuoltopakettien sek\u00e4 innovatiivisen teknologian avulla.","breadcrumb":{"@id":"https:\/\/www.electroluxprofessional.com\/fi\/huolto-ja-tuki\/#breadcrumb"},"inLanguage":"fi","potentialAction":[{"@type":"ReadAction","target":["https:\/\/www.electroluxprofessional.com\/fi\/huolto-ja-tuki\/"]}]},{"@type":"ImageObject","inLanguage":"fi","@id":"https:\/\/www.electroluxprofessional.com\/fi\/huolto-ja-tuki\/#primaryimage","url":"https:\/\/www.electroluxprofessional.com\/fi\/wp-content\/uploads\/2018\/02\/essentia-700.jpg","contentUrl":"https:\/\/www.electroluxprofessional.com\/fi\/wp-content\/uploads\/2018\/02\/essentia-700.jpg","width":700,"height":700,"caption":"Essentia customer care Electrolux Professional"},{"@type":"BreadcrumbList","@id":"https:\/\/www.electroluxprofessional.com\/fi\/huolto-ja-tuki\/#breadcrumb","itemListElement":[{"@type":"ListItem","position":1,"name":"Home","item":"https:\/\/www.electroluxprofessional.com\/fi\/"},{"@type":"ListItem","position":2,"name":"Huolto ja tuki"}]},{"@type":"WebSite","@id":"https:\/\/www.electroluxprofessional.com\/fi\/#website","url":"https:\/\/www.electroluxprofessional.com\/fi\/","name":"Electrolux Professional Suomi","description":"","potentialAction":[{"@type":"SearchAction","target":{"@type":"EntryPoint","urlTemplate":"https:\/\/www.electroluxprofessional.com\/fi\/?src={search_term_string}"},"query-input":"required name=search_term_string"}],"inLanguage":"fi"}]}},"_links":{"self":[{"href":"https:\/\/www.electroluxprofessional.com\/fi\/wp-json\/wp\/v2\/pages\/6164"}],"collection":[{"href":"https:\/\/www.electroluxprofessional.com\/fi\/wp-json\/wp\/v2\/pages"}],"about":[{"href":"https:\/\/www.electroluxprofessional.com\/fi\/wp-json\/wp\/v2\/types\/page"}],"author":[{"embeddable":true,"href":"https:\/\/www.electroluxprofessional.com\/fi\/wp-json\/wp\/v2\/users\/17"}],"replies":[{"embeddable":true,"href":"https:\/\/www.electroluxprofessional.com\/fi\/wp-json\/wp\/v2\/comments?post=6164"}],"version-history":[{"count":25,"href":"https:\/\/www.electroluxprofessional.com\/fi\/wp-json\/wp\/v2\/pages\/6164\/revisions"}],"predecessor-version":[{"id":12648,"href":"https:\/\/www.electroluxprofessional.com\/fi\/wp-json\/wp\/v2\/pages\/6164\/revisions\/12648"}],"wp:featuredmedia":[{"embeddable":true,"href":"https:\/\/www.electroluxprofessional.com\/fi\/wp-json\/wp\/v2\/media\/6155"}],"wp:attachment":[{"href":"https:\/\/www.electroluxprofessional.com\/fi\/wp-json\/wp\/v2\/media?parent=6164"}],"curies":[{"name":"wp","href":"https:\/\/api.w.org\/{rel}","templated":true}]}}