{"id":5851,"date":"2019-09-27T14:38:14","date_gmt":"2019-09-27T12:38:14","guid":{"rendered":"https:\/\/www.electroluxprofessional.com\/?page_id=25408"},"modified":"2025-01-02T09:50:59","modified_gmt":"2025-01-02T09:50:59","slug":"yritysesittely-electrolux-professional","status":"publish","type":"page","link":"https:\/\/www.electroluxprofessional.com\/fi\/yritysesittely-electrolux-professional\/","title":{"rendered":"Yritysesittely &#8211; Electrolux Professional"},"content":{"rendered":"<p>[vc_row full_width=&#8221;electroluxpro-full-width-no-padding&#8221;][vc_column][vc_single_image image=&#8221;8300&#8243; img_size=&#8221;2000x350px&#8221; alignment=&#8221;center&#8221;][\/vc_column][\/vc_row][vc_row][vc_column][vc_empty_space height=&#8221;50px&#8221;][elx_heading font_container=&#8221;h1&#8243; text_color=&#8221;inherit&#8221;]Electrolux Professional[\/elx_heading][vc_empty_space][\/vc_column][\/vc_row][vc_row][vc_column][vc_empty_space][vc_column_text]Electrolux Professional on ammattikeitti\u00f6 ja -pesularatkaisuiden luotettava kumppani, joka tarjoaa <strong>kustannustehokkaita ja ty\u00f6skentely\u00e4 helpottavia<\/strong> tuotteita \u2013 <strong>pitk\u00e4aikaisesti ja vastuullisesti<\/strong>. Tuotteemme ja ratkaisumme auttavat luomaan<strong> laadukkaita\u00a0 kokemuksia loppuk\u00e4ytt\u00e4jille<\/strong> niin ruoka-, juoma- kuin pesulapalveluissakin. <strong>Kehit\u00e4mme aktiivisesti tuotteitamme<\/strong>\u00a0ja ratkaisujamme voidaksemme vaikuttaa positiivisesti asiakkaidemme ty\u00f6arkeen ja meid\u00e4n kaikkien yhteiseen elinymp\u00e4rist\u00f6\u00f6n.<\/p>\n<p><strong>Vastuullisuus<\/strong> on yksi ydinarvoistamme ja keskeinen osa strategiaamme, kulttuuriamme ja toimintaamme. K\u00e4yt\u00e4mme kest\u00e4v\u00e4n kehityksen tavoitteita kompassinamme ja suunnittelemme ratkaisuja ja tuotteita, jotka tarjoavat asiakkaillemme <strong>k\u00e4yt\u00f6n ja yll\u00e4pidon helppoutta<\/strong>, <strong>pienempi\u00e4 elinkaaren aikaisia kustannuksia<\/strong>, ja korkeinta mahdollista <strong>tuottavuutta.<\/strong>[\/vc_column_text][\/vc_column][\/vc_row][vc_row][vc_column][vc_empty_space height=&#8221;50px&#8221;][vc_column_text]<strong>Katso yritysvideomme:<\/strong>[\/vc_column_text][elx_video_block background_image=&#8221;8903&#8243; minimum_height=&#8221;600px&#8221; video_link=&#8221;https:\/\/www.youtube.com\/watch?v=MvO54VAYrpk&#8221;][vc_empty_space][\/vc_column][\/vc_row][vc_row css=&#8221;.vc_custom_1465566954449{padding-top: 20px !important;}&#8221;][vc_column][vc_column_text]Electrolux Professional on <strong>pitk\u00e4ik\u00e4inen kumppani<\/strong>, joka pystyy luomaan asiakkailleen <strong>innovatiivisia kokonaisratkaisuja<\/strong> niin ammattikeitti\u00f6ihin kuin ammattipesuloihinkin.<strong> Laitteemme on suunniteltu toimimaan integroidusti:<\/strong> k\u00e4ytt\u00f6liittym\u00e4t sek\u00e4 k\u00e4yt\u00f6n logiikka tukevat toisiaan luoden lis\u00e4arvoa asiakkaidemme p\u00e4ivitt\u00e4isiin toimintoihin.<\/p>\n<p><strong>Electrolux Professional Oy<\/strong> palvelee suomalaisia asiakkaita vuosikymmenten kokemuksella. Tarjoamme asiakkaillemme tuottavampia ja vastuullisempia ty\u00f6skentely-ymp\u00e4rist\u00f6j\u00e4 <strong>kokonaisvaltaisten ammattikeitti\u00f6- ja pesularatkaisuiden<\/strong> avulla ja <strong>koko Suomen kattavan huolto- ja palveluverkoston<\/strong>.[\/vc_column_text][vc_empty_space][vc_empty_space][elx_heading text_color=&#8221;inherit&#8221; text_align=&#8221;text-center&#8221;]Ratkaisujamme myyd\u00e4\u00e4n 110 maassa,<br \/>\n10 miljardin kruunun konserniliikevaihdolla[\/elx_heading][\/vc_column][\/vc_row][vc_row][vc_column][vc_empty_space][vc_empty_space][vc_column_text]Muovaamme toimialamme kehityst\u00e4 jatkuvilla innovaatioilla ja energiatehokkuudella huomioiden kaikessa toiminnassamme selke\u00e4sti m\u00e4\u00e4ritellyt kest\u00e4v\u00e4n kehityksen tavoitteemme.<\/p>\n<p>Tavoitteenamme on v\u00e4hent\u00e4\u00e4 toimintamme CO2-p\u00e4\u00e4st\u00f6j\u00e4 50 %:lla vuoteen 2025 menness\u00e4 ja olla ilmastoneutraali yritys vuoteen 2030 menness\u00e4. T\u00e4m\u00e4n mahdollistaa 4 000 omistautunutta ty\u00f6ntekij\u00e4\u00e4mme ja selke\u00e4 kulttuurimme, jota ohjaa nelj\u00e4 periaatetta:<\/p>\n<ul>\n<li><strong>Asiakaskeskeisyys<\/strong><\/li>\n<li><strong>Luottamuksen rakentaminen<\/strong><\/li>\n<li><strong>Rohkeus<\/strong><\/li>\n<li><strong>Vastuullisuus<\/strong><\/li>\n<\/ul>\n<p>[\/vc_column_text][vc_empty_space][vc_column_text]<\/p>\n<h2 style=\"text-align: center;\">Tutustu my\u00f6s seuraaviin:<\/h2>\n<p>[\/vc_column_text][vc_empty_space][\/vc_column][\/vc_row][vc_row][vc_column width=&#8221;1\/3&#8243;][elx_maylike_box id_box=&#8221;4473&#8243;][\/vc_column][vc_column width=&#8221;1\/3&#8243;][elx_maylike_box id_box=&#8221;4479&#8243;][\/vc_column][vc_column width=&#8221;1\/3&#8243;][elx_maylike_box id_box=&#8221;4476&#8243;][\/vc_column][\/vc_row]<\/p>\n","protected":false},"excerpt":{"rendered":"<p>[vc_row full_width=&#8221;electroluxpro-full-width-no-padding&#8221;][vc_column][vc_single_image image=&#8221;8300&#8243; img_size=&#8221;2000x350px&#8221; alignment=&#8221;center&#8221;][\/vc_column][\/vc_row][vc_row][vc_column][vc_empty_space height=&#8221;50px&#8221;][elx_heading font_container=&#8221;h1&#8243; text_color=&#8221;inherit&#8221;]Electrolux Professional[\/elx_heading][vc_empty_space][\/vc_column][\/vc_row][vc_row][vc_column][vc_empty_space][vc_column_text]Electrolux Professional on ammattikeitti\u00f6 ja -pesularatkaisuiden luotettava kumppani, joka tarjoaa kustannustehokkaita ja ty\u00f6skentely\u00e4 helpottavia tuotteita \u2013 pitk\u00e4aikaisesti ja vastuullisesti. Tuotteemme ja ratkaisumme auttavat luomaan laadukkaita\u00a0 kokemuksia loppuk\u00e4ytt\u00e4jille niin ruoka-, juoma- kuin pesulapalveluissakin. Kehit\u00e4mme aktiivisesti tuotteitamme\u00a0ja ratkaisujamme voidaksemme vaikuttaa positiivisesti asiakkaidemme ty\u00f6arkeen ja meid\u00e4n kaikkien yhteiseen elinymp\u00e4rist\u00f6\u00f6n. Vastuullisuus [&hellip;]<\/p>\n","protected":false},"author":17,"featured_media":5843,"parent":0,"menu_order":0,"comment_status":"closed","ping_status":"closed","template":"","meta":{"footnotes":""},"class_list":["post-5851","page","type-page","status-publish","has-post-thumbnail","hentry"],"yoast_head":"<!-- This site is optimized with the Yoast SEO plugin v23.3 - https:\/\/yoast.com\/wordpress\/plugins\/seo\/ -->\n<title>Yritysesittely - Electrolux Professional<\/title>\n<meta name=\"description\" content=\"Electrolux Professional on ammattikeitti\u00f6- ja pesularatkaisuiden luotettava kumppani, joka tarjoaa kustannustehokkaita ja ty\u00f6skentely\u00e4 helpottavia tuotteita.\" \/>\n<meta name=\"robots\" content=\"index, follow, max-snippet:-1, max-image-preview:large, max-video-preview:-1\" \/>\n<link rel=\"canonical\" href=\"https:\/\/www.electroluxprofessional.com\/fi\/yritysesittely-electrolux-professional\/\" \/>\n<meta property=\"og:locale\" content=\"fi_FI\" \/>\n<meta property=\"og:type\" content=\"article\" \/>\n<meta property=\"og:title\" content=\"Yritysesittely - Electrolux Professional\" \/>\n<meta property=\"og:description\" content=\"Electrolux Professional on ammattikeitti\u00f6- ja pesularatkaisuiden luotettava kumppani, joka tarjoaa kustannustehokkaita ja ty\u00f6skentely\u00e4 helpottavia tuotteita.\" \/>\n<meta property=\"og:url\" content=\"https:\/\/www.electroluxprofessional.com\/fi\/yritysesittely-electrolux-professional\/\" \/>\n<meta property=\"og:site_name\" content=\"Electrolux Professional Suomi\" \/>\n<meta property=\"article:modified_time\" content=\"2025-01-02T09:50:59+00:00\" \/>\n<meta property=\"og:image\" content=\"https:\/\/www.electroluxprofessional.com\/fi\/wp-content\/uploads\/2019\/09\/video-one-cover.jpg\" \/>\n\t<meta property=\"og:image:width\" content=\"800\" \/>\n\t<meta property=\"og:image:height\" content=\"500\" \/>\n\t<meta property=\"og:image:type\" content=\"image\/jpeg\" \/>\n<meta name=\"twitter:card\" content=\"summary_large_image\" \/>\n<meta name=\"twitter:label1\" content=\"Arvioitu lukuaika\" \/>\n\t<meta name=\"twitter:data1\" content=\"2 minuuttia\" \/>\n<script type=\"application\/ld+json\" class=\"yoast-schema-graph\">{\"@context\":\"https:\/\/schema.org\",\"@graph\":[{\"@type\":\"WebPage\",\"@id\":\"https:\/\/www.electroluxprofessional.com\/fi\/yritysesittely-electrolux-professional\/\",\"url\":\"https:\/\/www.electroluxprofessional.com\/fi\/yritysesittely-electrolux-professional\/\",\"name\":\"Yritysesittely - Electrolux Professional\",\"isPartOf\":{\"@id\":\"https:\/\/www.electroluxprofessional.com\/fi\/#website\"},\"primaryImageOfPage\":{\"@id\":\"https:\/\/www.electroluxprofessional.com\/fi\/yritysesittely-electrolux-professional\/#primaryimage\"},\"image\":{\"@id\":\"https:\/\/www.electroluxprofessional.com\/fi\/yritysesittely-electrolux-professional\/#primaryimage\"},\"thumbnailUrl\":\"https:\/\/www.electroluxprofessional.com\/fi\/wp-content\/uploads\/2019\/09\/video-one-cover.jpg\",\"datePublished\":\"2019-09-27T12:38:14+00:00\",\"dateModified\":\"2025-01-02T09:50:59+00:00\",\"description\":\"Electrolux Professional on ammattikeitti\u00f6- ja pesularatkaisuiden luotettava kumppani, joka tarjoaa kustannustehokkaita ja ty\u00f6skentely\u00e4 helpottavia tuotteita.\",\"breadcrumb\":{\"@id\":\"https:\/\/www.electroluxprofessional.com\/fi\/yritysesittely-electrolux-professional\/#breadcrumb\"},\"inLanguage\":\"fi\",\"potentialAction\":[{\"@type\":\"ReadAction\",\"target\":[\"https:\/\/www.electroluxprofessional.com\/fi\/yritysesittely-electrolux-professional\/\"]}]},{\"@type\":\"ImageObject\",\"inLanguage\":\"fi\",\"@id\":\"https:\/\/www.electroluxprofessional.com\/fi\/yritysesittely-electrolux-professional\/#primaryimage\",\"url\":\"https:\/\/www.electroluxprofessional.com\/fi\/wp-content\/uploads\/2019\/09\/video-one-cover.jpg\",\"contentUrl\":\"https:\/\/www.electroluxprofessional.com\/fi\/wp-content\/uploads\/2019\/09\/video-one-cover.jpg\",\"width\":800,\"height\":500,\"caption\":\"Electrolux Professional, the OnE trusted partner\"},{\"@type\":\"BreadcrumbList\",\"@id\":\"https:\/\/www.electroluxprofessional.com\/fi\/yritysesittely-electrolux-professional\/#breadcrumb\",\"itemListElement\":[{\"@type\":\"ListItem\",\"position\":1,\"name\":\"Home\",\"item\":\"https:\/\/www.electroluxprofessional.com\/fi\/\"},{\"@type\":\"ListItem\",\"position\":2,\"name\":\"Yritysesittely &#8211; Electrolux Professional\"}]},{\"@type\":\"WebSite\",\"@id\":\"https:\/\/www.electroluxprofessional.com\/fi\/#website\",\"url\":\"https:\/\/www.electroluxprofessional.com\/fi\/\",\"name\":\"Electrolux Professional Suomi\",\"description\":\"\",\"potentialAction\":[{\"@type\":\"SearchAction\",\"target\":{\"@type\":\"EntryPoint\",\"urlTemplate\":\"https:\/\/www.electroluxprofessional.com\/fi\/?src={search_term_string}\"},\"query-input\":\"required name=search_term_string\"}],\"inLanguage\":\"fi\"}]}<\/script>\n<!-- \/ Yoast SEO plugin. -->","yoast_head_json":{"title":"Yritysesittely - Electrolux Professional","description":"Electrolux Professional on ammattikeitti\u00f6- ja pesularatkaisuiden luotettava kumppani, joka tarjoaa kustannustehokkaita ja ty\u00f6skentely\u00e4 helpottavia tuotteita.","robots":{"index":"index","follow":"follow","max-snippet":"max-snippet:-1","max-image-preview":"max-image-preview:large","max-video-preview":"max-video-preview:-1"},"canonical":"https:\/\/www.electroluxprofessional.com\/fi\/yritysesittely-electrolux-professional\/","og_locale":"fi_FI","og_type":"article","og_title":"Yritysesittely - Electrolux Professional","og_description":"Electrolux Professional on ammattikeitti\u00f6- ja pesularatkaisuiden luotettava kumppani, joka tarjoaa kustannustehokkaita ja ty\u00f6skentely\u00e4 helpottavia tuotteita.","og_url":"https:\/\/www.electroluxprofessional.com\/fi\/yritysesittely-electrolux-professional\/","og_site_name":"Electrolux Professional Suomi","article_modified_time":"2025-01-02T09:50:59+00:00","og_image":[{"width":800,"height":500,"url":"https:\/\/www.electroluxprofessional.com\/fi\/wp-content\/uploads\/2019\/09\/video-one-cover.jpg","type":"image\/jpeg"}],"twitter_card":"summary_large_image","twitter_misc":{"Arvioitu lukuaika":"2 minuuttia"},"schema":{"@context":"https:\/\/schema.org","@graph":[{"@type":"WebPage","@id":"https:\/\/www.electroluxprofessional.com\/fi\/yritysesittely-electrolux-professional\/","url":"https:\/\/www.electroluxprofessional.com\/fi\/yritysesittely-electrolux-professional\/","name":"Yritysesittely - Electrolux Professional","isPartOf":{"@id":"https:\/\/www.electroluxprofessional.com\/fi\/#website"},"primaryImageOfPage":{"@id":"https:\/\/www.electroluxprofessional.com\/fi\/yritysesittely-electrolux-professional\/#primaryimage"},"image":{"@id":"https:\/\/www.electroluxprofessional.com\/fi\/yritysesittely-electrolux-professional\/#primaryimage"},"thumbnailUrl":"https:\/\/www.electroluxprofessional.com\/fi\/wp-content\/uploads\/2019\/09\/video-one-cover.jpg","datePublished":"2019-09-27T12:38:14+00:00","dateModified":"2025-01-02T09:50:59+00:00","description":"Electrolux Professional on ammattikeitti\u00f6- ja pesularatkaisuiden luotettava kumppani, joka tarjoaa kustannustehokkaita ja ty\u00f6skentely\u00e4 helpottavia tuotteita.","breadcrumb":{"@id":"https:\/\/www.electroluxprofessional.com\/fi\/yritysesittely-electrolux-professional\/#breadcrumb"},"inLanguage":"fi","potentialAction":[{"@type":"ReadAction","target":["https:\/\/www.electroluxprofessional.com\/fi\/yritysesittely-electrolux-professional\/"]}]},{"@type":"ImageObject","inLanguage":"fi","@id":"https:\/\/www.electroluxprofessional.com\/fi\/yritysesittely-electrolux-professional\/#primaryimage","url":"https:\/\/www.electroluxprofessional.com\/fi\/wp-content\/uploads\/2019\/09\/video-one-cover.jpg","contentUrl":"https:\/\/www.electroluxprofessional.com\/fi\/wp-content\/uploads\/2019\/09\/video-one-cover.jpg","width":800,"height":500,"caption":"Electrolux Professional, the OnE trusted partner"},{"@type":"BreadcrumbList","@id":"https:\/\/www.electroluxprofessional.com\/fi\/yritysesittely-electrolux-professional\/#breadcrumb","itemListElement":[{"@type":"ListItem","position":1,"name":"Home","item":"https:\/\/www.electroluxprofessional.com\/fi\/"},{"@type":"ListItem","position":2,"name":"Yritysesittely &#8211; Electrolux Professional"}]},{"@type":"WebSite","@id":"https:\/\/www.electroluxprofessional.com\/fi\/#website","url":"https:\/\/www.electroluxprofessional.com\/fi\/","name":"Electrolux Professional Suomi","description":"","potentialAction":[{"@type":"SearchAction","target":{"@type":"EntryPoint","urlTemplate":"https:\/\/www.electroluxprofessional.com\/fi\/?src={search_term_string}"},"query-input":"required name=search_term_string"}],"inLanguage":"fi"}]}},"_links":{"self":[{"href":"https:\/\/www.electroluxprofessional.com\/fi\/wp-json\/wp\/v2\/pages\/5851"}],"collection":[{"href":"https:\/\/www.electroluxprofessional.com\/fi\/wp-json\/wp\/v2\/pages"}],"about":[{"href":"https:\/\/www.electroluxprofessional.com\/fi\/wp-json\/wp\/v2\/types\/page"}],"author":[{"embeddable":true,"href":"https:\/\/www.electroluxprofessional.com\/fi\/wp-json\/wp\/v2\/users\/17"}],"replies":[{"embeddable":true,"href":"https:\/\/www.electroluxprofessional.com\/fi\/wp-json\/wp\/v2\/comments?post=5851"}],"version-history":[{"count":43,"href":"https:\/\/www.electroluxprofessional.com\/fi\/wp-json\/wp\/v2\/pages\/5851\/revisions"}],"predecessor-version":[{"id":14228,"href":"https:\/\/www.electroluxprofessional.com\/fi\/wp-json\/wp\/v2\/pages\/5851\/revisions\/14228"}],"wp:featuredmedia":[{"embeddable":true,"href":"https:\/\/www.electroluxprofessional.com\/fi\/wp-json\/wp\/v2\/media\/5843"}],"wp:attachment":[{"href":"https:\/\/www.electroluxprofessional.com\/fi\/wp-json\/wp\/v2\/media?parent=5851"}],"curies":[{"name":"wp","href":"https:\/\/api.w.org\/{rel}","templated":true}]}}