{"id":5675,"date":"2019-11-08T15:58:42","date_gmt":"2019-11-08T13:58:42","guid":{"rendered":"https:\/\/www.electroluxprofessional.com\/?page_id=26458"},"modified":"2023-02-08T10:49:06","modified_gmt":"2023-02-08T10:49:06","slug":"faq-kuivausrumpu","status":"publish","type":"page","link":"https:\/\/www.electroluxprofessional.com\/fi\/faq-kuivausrumpu\/","title":{"rendered":"FAQ &#8211; kuivausrumpu"},"content":{"rendered":"<p>[vc_row][vc_column][vc_single_image image=&#8221;5674&#8243;][elx_heading font_container=&#8221;h1&#8243; text_color=&#8221;inherit&#8221;]FAQ &#8211; Kuivausrumpu[\/elx_heading][vc_empty_space][elx_heading text_color=&#8221;inherit&#8221;]Kuivausrumpu ei l\u00e4mpene[\/elx_heading][vc_column_text]Tarkista, ett\u00e4 lauhdeyksikk\u00f6 ja suodattimet ovat puhtaita, ja tarkista my\u00f6s puolit\u00e4ytt\u00f6painike (katso yksityiskohdat k\u00e4ytt\u00f6ohjeesta).<\/p>\n<p>Jos puolit\u00e4ytt\u00f6painiketta EI paineta ja ongelma ilmenee edelleen, l\u00e4mmityselementti voi olla viallinen, jolloin huoltoteknikon tulee tarkistaa \/ korjata asia.[\/vc_column_text][elx_heading text_color=&#8221;inherit&#8221;]Kuivausrumpu k\u00e4y l\u00e4pi ohjelman eritt\u00e4in nopeasti[\/elx_heading][vc_column_text]Jos aikaohjelma toimii oikein, kosteuden mittausj\u00e4rjestelm\u00e4ss\u00e4 voi olla ongelma. T\u00e4m\u00e4n voi aiheuttaa:<\/p>\n<ul>\n<li>laitetta ei ole maadoitettu oikein (tai ei ollenkaan);<\/li>\n<li>Rummun etulevyss\u00e4 oleva mittanauha on likainen. Rumpu ja nauha voidaan puhdistaa k\u00e4ytt\u00e4m\u00e4ll\u00e4 etikkaa.<\/li>\n<\/ul>\n<p>[\/vc_column_text][elx_heading text_color=&#8221;inherit&#8221;]Kuivausrummun rumpu ei py\u00f6ri[\/elx_heading][vc_column_text]Varmista, ett\u00e4 kuljetuksen turvalaite on poistettu rummusta ennen ensimm\u00e4ist\u00e4 k\u00e4ytt\u00f6\u00e4.<\/p>\n<p>Jos moottori k\u00e4y, johdossa tai hihnassa voi olla ongelma. T\u00e4m\u00e4 on tarkistettava \/ korjattava huoltoteknikon toimesta[\/vc_column_text][elx_heading text_color=&#8221;inherit&#8221;]Voinko k\u00e4\u00e4nt\u00e4\u00e4 kuivausrummun oven?[\/elx_heading][vc_column_text]Kyll\u00e4, mutta huomioitava, ett\u00e4 t\u00e4m\u00e4 ei kuulu takuun piiriin.<br \/>\nVoit tehd\u00e4 t\u00e4m\u00e4n itse &#8211; se kuvataan k\u00e4ytt\u00f6ohjeessa, sek\u00e4 siihen on my\u00f6s opetusvideoita.[\/vc_column_text][elx_heading text_color=&#8221;inherit&#8221;]Kuivausrumpu n\u00e4ytt\u00e4\u00e4 virheilmoituksen \u201cC7\u201d[\/elx_heading][vc_column_text]Oikean l\u00e4mp\u00f6tilan saavuttaminen vie liian kauan. L\u00e4mmityselementiss\u00e4 voi olla ongelma. Tarkista, ett\u00e4 nukkasuodattimet ja lauhdeyksikk\u00f6 ovat puhtaat:<br \/>\nJos ne ovat puhtaita ja ongelma jatkuu, ota yhteys huoltoon.[\/vc_column_text][elx_heading text_color=&#8221;inherit&#8221;]Kuivausrummussa on kondensaatiota[\/elx_heading][vc_column_text]Huone, jossa laite sijaitsee, voi olla liian pieni, eik\u00e4 ilmanvaihtoa ole riitt\u00e4v\u00e4sti.[\/vc_column_text][elx_heading text_color=&#8221;inherit&#8221;]Kuivausrumpu ei k\u00e4ynnisty[\/elx_heading][vc_column_text]Tarkista, ett\u00e4 luukku ja ilmansuodatin ovat oikeassa asennossa.<br \/>\nJos mik\u00e4\u00e4n LED ei pala tai n\u00e4ytt\u00f6 on pime\u00e4, tarkista, saako kone virtaa verkkovirtapistorasiasta. Jos merkkivalo palaa, t\u00e4m\u00e4 voi tarkoittaa virhett\u00e4 &#8211; katso my\u00f6s k\u00e4ytt\u00f6ohjeet.<br \/>\nEt ehk\u00e4 ole painanut k\u00e4ynnistyspainiketta riitt\u00e4v\u00e4n kauan. Nollaa laite k\u00e4\u00e4nt\u00e4m\u00e4ll\u00e4 ohjelmanvalitsin asentoon \u201c0\u201d. Odota 10 sekuntia, k\u00e4\u00e4nn\u00e4 sitten ohjelmanvalitsin valitsemasi ohjelman kohdalle ja paina k\u00e4ynnistyspainiketta 5 sekunnin ajan.<br \/>\nJos ymp\u00e4rist\u00f6n l\u00e4mp\u00f6tila on matala, kuivausrumpu on voinut pys\u00e4hty\u00e4 j\u00e4\u00e4tymissuojan vuoksi (t\u00e4m\u00e4 voidaan osoittaa my\u00f6s LED-valojen vilkkumisella), suojalaitteella, joka est\u00e4\u00e4 laitteen k\u00e4ytt\u00f6\u00e4 alle + 5 \u00b0 C l\u00e4mp\u00f6tilassa. Nosta ymp\u00e4rist\u00f6n l\u00e4mp\u00f6tilaa tai siirr\u00e4 laite l\u00e4mpim\u00e4mm\u00e4lle alueelle. Jos l\u00e4mp\u00f6tila ei ole alle + 5 \u00b0 C, huoltoteknikon tulee tarkastaa laite. Napsauta n\u00e4yt\u00f6n vasemmalla puolella olevaa \u201cKysy asiantuntijaa\u201d -painiketta saadaksesi tietoa huollosta.<br \/>\n<u>Jos kuivausrumpusi pohjassa on vesis\u00e4ili\u00f6:<\/u><br \/>\nMallissasi ei ole tyhjennyspumppua, joten veden on voitava virtautua luonnostaan. Jos kuivausrumpu on kytketty viem\u00e4riin letkulla, sit\u00e4 ei ehk\u00e4 ole tehty oikein &#8211; letkussa voi olla silmukka tai sit\u00e4 ei ole mahdollisesti lyhennetty. Katso lis\u00e4tietoja k\u00e4ytt\u00f6oppaasta.<br \/>\n<u>Jos mallisi yl\u00e4osassa on vesis\u00e4ili\u00f6:<\/u><br \/>\nVarmista, ett\u00e4 laite on kytketty viem\u00e4riin ja ett\u00e4 s\u00e4ili\u00f6ss\u00e4 on vett\u00e4.<br \/>\nJos mallisi on varustettu pumpulla, tyhjennysletku on kytkett\u00e4v\u00e4 punaiseen letkuun (yl\u00e4osa) eik\u00e4 pohjassa olevaan poistoaukkoon. Varmista, ett\u00e4 tyhjennysletku on lyhennetty oikealle pituudelle ja ettei siin\u00e4 ole silmukoita. Katso lis\u00e4tietoja my\u00f6s k\u00e4ytt\u00f6oppaasta.[\/vc_column_text][vc_empty_space][elx_button button_text=&#8221;myPRO pesukoneet, kuivausrummut &amp; mankelit&#8221; button_style=&#8221;icon&#8221; button_link=&#8221;url:https%3A%2F%2Fprofessional.electrolux.fi%2Fmypro-pesukoneet-kuivausrummut-mankelit%2F|||&#8221;][vc_empty_space][\/vc_column][\/vc_row]<\/p>\n","protected":false},"excerpt":{"rendered":"<p>[vc_row][vc_column][vc_single_image image=&#8221;5674&#8243;][elx_heading font_container=&#8221;h1&#8243; text_color=&#8221;inherit&#8221;]FAQ &#8211; Kuivausrumpu[\/elx_heading][vc_empty_space][elx_heading text_color=&#8221;inherit&#8221;]Kuivausrumpu ei l\u00e4mpene[\/elx_heading][vc_column_text]Tarkista, ett\u00e4 lauhdeyksikk\u00f6 ja suodattimet ovat puhtaita, ja tarkista my\u00f6s puolit\u00e4ytt\u00f6painike (katso yksityiskohdat k\u00e4ytt\u00f6ohjeesta). Jos puolit\u00e4ytt\u00f6painiketta EI paineta ja ongelma ilmenee edelleen, l\u00e4mmityselementti voi olla viallinen, jolloin huoltoteknikon tulee tarkistaa \/ korjata asia.[\/vc_column_text][elx_heading text_color=&#8221;inherit&#8221;]Kuivausrumpu k\u00e4y l\u00e4pi ohjelman eritt\u00e4in nopeasti[\/elx_heading][vc_column_text]Jos aikaohjelma toimii oikein, kosteuden mittausj\u00e4rjestelm\u00e4ss\u00e4 voi olla ongelma. [&hellip;]<\/p>\n","protected":false},"author":17,"featured_media":0,"parent":0,"menu_order":0,"comment_status":"closed","ping_status":"closed","template":"page-campaigns.php","meta":{"footnotes":""},"class_list":["post-5675","page","type-page","status-publish","hentry"],"yoast_head":"<!-- This site is optimized with the Yoast SEO plugin v23.3 - https:\/\/yoast.com\/wordpress\/plugins\/seo\/ -->\n<title>myPRO kuivausrumpu FAQ - Electrolux Professional<\/title>\n<meta name=\"description\" content=\"Tutustu myPRO kuivausrumpujen yleisimpiin kysymyksiin ja vastauksiin.\" \/>\n<meta name=\"robots\" content=\"index, follow, max-snippet:-1, max-image-preview:large, max-video-preview:-1\" \/>\n<link rel=\"canonical\" href=\"https:\/\/www.electroluxprofessional.com\/fi\/faq-kuivausrumpu\/\" \/>\n<meta property=\"og:locale\" content=\"fi_FI\" \/>\n<meta property=\"og:type\" content=\"article\" \/>\n<meta property=\"og:title\" content=\"myPRO kuivausrumpu FAQ - Electrolux Professional\" \/>\n<meta property=\"og:description\" content=\"Tutustu myPRO kuivausrumpujen yleisimpiin kysymyksiin ja vastauksiin.\" \/>\n<meta property=\"og:url\" content=\"https:\/\/www.electroluxprofessional.com\/fi\/faq-kuivausrumpu\/\" \/>\n<meta property=\"og:site_name\" content=\"Electrolux Professional Suomi\" \/>\n<meta property=\"article:modified_time\" content=\"2023-02-08T10:49:06+00:00\" \/>\n<meta name=\"twitter:card\" content=\"summary_large_image\" \/>\n<meta name=\"twitter:label1\" content=\"Arvioitu lukuaika\" \/>\n\t<meta name=\"twitter:data1\" content=\"3 minuuttia\" \/>\n<script type=\"application\/ld+json\" class=\"yoast-schema-graph\">{\"@context\":\"https:\/\/schema.org\",\"@graph\":[{\"@type\":\"WebPage\",\"@id\":\"https:\/\/www.electroluxprofessional.com\/fi\/faq-kuivausrumpu\/\",\"url\":\"https:\/\/www.electroluxprofessional.com\/fi\/faq-kuivausrumpu\/\",\"name\":\"myPRO kuivausrumpu FAQ - Electrolux Professional\",\"isPartOf\":{\"@id\":\"https:\/\/www.electroluxprofessional.com\/fi\/#website\"},\"datePublished\":\"2019-11-08T13:58:42+00:00\",\"dateModified\":\"2023-02-08T10:49:06+00:00\",\"description\":\"Tutustu myPRO kuivausrumpujen yleisimpiin kysymyksiin ja vastauksiin.\",\"breadcrumb\":{\"@id\":\"https:\/\/www.electroluxprofessional.com\/fi\/faq-kuivausrumpu\/#breadcrumb\"},\"inLanguage\":\"fi\",\"potentialAction\":[{\"@type\":\"ReadAction\",\"target\":[\"https:\/\/www.electroluxprofessional.com\/fi\/faq-kuivausrumpu\/\"]}]},{\"@type\":\"BreadcrumbList\",\"@id\":\"https:\/\/www.electroluxprofessional.com\/fi\/faq-kuivausrumpu\/#breadcrumb\",\"itemListElement\":[{\"@type\":\"ListItem\",\"position\":1,\"name\":\"Home\",\"item\":\"https:\/\/www.electroluxprofessional.com\/fi\/\"},{\"@type\":\"ListItem\",\"position\":2,\"name\":\"FAQ &#8211; kuivausrumpu\"}]},{\"@type\":\"WebSite\",\"@id\":\"https:\/\/www.electroluxprofessional.com\/fi\/#website\",\"url\":\"https:\/\/www.electroluxprofessional.com\/fi\/\",\"name\":\"Electrolux Professional Suomi\",\"description\":\"\",\"potentialAction\":[{\"@type\":\"SearchAction\",\"target\":{\"@type\":\"EntryPoint\",\"urlTemplate\":\"https:\/\/www.electroluxprofessional.com\/fi\/?src={search_term_string}\"},\"query-input\":\"required name=search_term_string\"}],\"inLanguage\":\"fi\"}]}<\/script>\n<!-- \/ Yoast SEO plugin. -->","yoast_head_json":{"title":"myPRO kuivausrumpu FAQ - Electrolux Professional","description":"Tutustu myPRO kuivausrumpujen yleisimpiin kysymyksiin ja vastauksiin.","robots":{"index":"index","follow":"follow","max-snippet":"max-snippet:-1","max-image-preview":"max-image-preview:large","max-video-preview":"max-video-preview:-1"},"canonical":"https:\/\/www.electroluxprofessional.com\/fi\/faq-kuivausrumpu\/","og_locale":"fi_FI","og_type":"article","og_title":"myPRO kuivausrumpu FAQ - Electrolux Professional","og_description":"Tutustu myPRO kuivausrumpujen yleisimpiin kysymyksiin ja vastauksiin.","og_url":"https:\/\/www.electroluxprofessional.com\/fi\/faq-kuivausrumpu\/","og_site_name":"Electrolux Professional Suomi","article_modified_time":"2023-02-08T10:49:06+00:00","twitter_card":"summary_large_image","twitter_misc":{"Arvioitu lukuaika":"3 minuuttia"},"schema":{"@context":"https:\/\/schema.org","@graph":[{"@type":"WebPage","@id":"https:\/\/www.electroluxprofessional.com\/fi\/faq-kuivausrumpu\/","url":"https:\/\/www.electroluxprofessional.com\/fi\/faq-kuivausrumpu\/","name":"myPRO kuivausrumpu FAQ - Electrolux Professional","isPartOf":{"@id":"https:\/\/www.electroluxprofessional.com\/fi\/#website"},"datePublished":"2019-11-08T13:58:42+00:00","dateModified":"2023-02-08T10:49:06+00:00","description":"Tutustu myPRO kuivausrumpujen yleisimpiin kysymyksiin ja vastauksiin.","breadcrumb":{"@id":"https:\/\/www.electroluxprofessional.com\/fi\/faq-kuivausrumpu\/#breadcrumb"},"inLanguage":"fi","potentialAction":[{"@type":"ReadAction","target":["https:\/\/www.electroluxprofessional.com\/fi\/faq-kuivausrumpu\/"]}]},{"@type":"BreadcrumbList","@id":"https:\/\/www.electroluxprofessional.com\/fi\/faq-kuivausrumpu\/#breadcrumb","itemListElement":[{"@type":"ListItem","position":1,"name":"Home","item":"https:\/\/www.electroluxprofessional.com\/fi\/"},{"@type":"ListItem","position":2,"name":"FAQ &#8211; kuivausrumpu"}]},{"@type":"WebSite","@id":"https:\/\/www.electroluxprofessional.com\/fi\/#website","url":"https:\/\/www.electroluxprofessional.com\/fi\/","name":"Electrolux Professional Suomi","description":"","potentialAction":[{"@type":"SearchAction","target":{"@type":"EntryPoint","urlTemplate":"https:\/\/www.electroluxprofessional.com\/fi\/?src={search_term_string}"},"query-input":"required name=search_term_string"}],"inLanguage":"fi"}]}},"_links":{"self":[{"href":"https:\/\/www.electroluxprofessional.com\/fi\/wp-json\/wp\/v2\/pages\/5675"}],"collection":[{"href":"https:\/\/www.electroluxprofessional.com\/fi\/wp-json\/wp\/v2\/pages"}],"about":[{"href":"https:\/\/www.electroluxprofessional.com\/fi\/wp-json\/wp\/v2\/types\/page"}],"author":[{"embeddable":true,"href":"https:\/\/www.electroluxprofessional.com\/fi\/wp-json\/wp\/v2\/users\/17"}],"replies":[{"embeddable":true,"href":"https:\/\/www.electroluxprofessional.com\/fi\/wp-json\/wp\/v2\/comments?post=5675"}],"version-history":[{"count":8,"href":"https:\/\/www.electroluxprofessional.com\/fi\/wp-json\/wp\/v2\/pages\/5675\/revisions"}],"predecessor-version":[{"id":10269,"href":"https:\/\/www.electroluxprofessional.com\/fi\/wp-json\/wp\/v2\/pages\/5675\/revisions\/10269"}],"wp:attachment":[{"href":"https:\/\/www.electroluxprofessional.com\/fi\/wp-json\/wp\/v2\/media?parent=5675"}],"curies":[{"name":"wp","href":"https:\/\/api.w.org\/{rel}","templated":true}]}}