{"id":5672,"date":"2019-11-08T15:54:08","date_gmt":"2019-11-08T13:54:08","guid":{"rendered":"https:\/\/www.electroluxprofessional.com\/?page_id=26409"},"modified":"2023-02-08T10:49:25","modified_gmt":"2023-02-08T10:49:25","slug":"faq-pesukone","status":"publish","type":"page","link":"https:\/\/www.electroluxprofessional.com\/fi\/faq-pesukone\/","title":{"rendered":"FAQ &#8211; pesukone"},"content":{"rendered":"<p>[vc_row][vc_column][vc_single_image image=&#8221;5671&#8243;][elx_heading font_container=&#8221;h1&#8243; text_color=&#8221;inherit&#8221;]FAQ &#8211; pesukone[\/elx_heading][vc_empty_space][elx_heading text_color=&#8221;inherit&#8221;]Pesukoneeni tuloletku vuotaa[\/elx_heading][vc_column_text]Ongelman ratkaisemiseksi:<\/p>\n<ul>\n<li>Tarkista, ett\u00e4 tuloputken liitin on ruuvattu \/ puristettu oikein sein\u00e4n sis\u00e4\u00e4ntuloon tai vesihanaan. \u00c4l\u00e4 k\u00e4yt\u00e4 pihtej\u00e4 tai vastaavia liittimen puristamiseen, se tulee asentaa vain k\u00e4sin!<\/li>\n<li>Tarkista, ettei vesihanassa ole vuotoa. Jos havaitset vuotoa hanasta, soita putkimiehelle ongelman ratkaisemiseksi.<\/li>\n<\/ul>\n<p>[\/vc_column_text][elx_heading text_color=&#8221;inherit&#8221;]Kuinka puhdistaa pesukoneesi kumitiiviste[\/elx_heading][vc_column_text]Kuinka puhdistaa oven tiiviste ja muut pesukoneesi sis\u00e4osat:<\/p>\n<ul>\n<li>T\u00e4m\u00e4 voi my\u00f6s ratkaista vaatteiden j\u00e4lki\u00e4 tai tahroja koskevat ongelmat, jos pikapesu- tai matalan l\u00e4mp\u00f6tilan ohjelmia k\u00e4ytet\u00e4\u00e4n hyvin usein<\/li>\n<li>Suorita useita pesusyklej\u00e4 90 \u00b0 C: ssa ilman pyykki\u00e4, lis\u00e4\u00e4 rumpuun soodaa rummun tiivisteen puhdistamiseksi. (Sooda \u00e4rsytt\u00e4\u00e4 ihoa ja limakalvoja, ole varovainen!)<\/li>\n<li>Tai voit k\u00e4ytt\u00e4\u00e4 erityist\u00e4 Electrolux-pesukonepesuainetta<\/li>\n<\/ul>\n<p>[\/vc_column_text][elx_heading text_color=&#8221;inherit&#8221;]Pyykinpesukoneeni aiheuttaa melua &#8211; liikkuu ja t\u00e4risee linkousjakson aikana[\/elx_heading][vc_column_text]Varmista, ett\u00e4 <strong>kuljetuspultit<\/strong> on irrotettu laitteen takaa.<br \/>\nTarkista, ett\u00e4 pesukone on suorassa nostamalla tai laskemalla s\u00e4\u00e4t\u00f6jalkoja. Laitteen on oltava vakaana kovalla tasaisella lattialla. K\u00e4yt\u00e4 tarvittaessa vatupassia. Mik\u00e4 tahansa s\u00e4\u00e4t\u00f6 voidaan tehd\u00e4 kiintoavaimella. On t\u00e4rke\u00e4\u00e4, ettei siin\u00e4 ole &#8216;hyppy\u00e4&#8217;, koska laite v\u00e4risee linkouksen aikana.<br \/>\nVarmista, ett\u00e4 kaikki letkut on kiinnitetty kunnolla ja kiinnitetty laitteen kotelon takaosaan. L\u00f6ys\u00e4t letkut voivat v\u00e4r\u00e4hdell\u00e4 laitetta vasten linkousjaksojen aikana ja aiheuttaa \u201dkoputtavaa\u201d -\u00e4\u00e4nt\u00e4.<br \/>\nTarkista, ett\u00e4 pesukone on t\u00e4ytetty oikein, ja varmista, ett\u00e4 oven ja rummun v\u00e4liin ei j\u00e4\u00e4 kankaita\/vaatteita.<br \/>\n<strong>MUISTA<\/strong>! Vain yhden vaatteen peseminen voi aiheuttaa ep\u00e4tasapainoisen linkouksen, samoin jos rumpu on ylikuormitettu.<br \/>\nJos irtonaisia kolikoita, nappeja tai muita pieni\u00e4 esineit\u00e4 on p\u00e4\u00e4ssyt poistoputken\u00a0<strong>suodattimeen<\/strong>, tarkista suodatin, jos koneessasi se on n\u00e4kyvill\u00e4. Katso k\u00e4ytt\u00f6ohjeesta ohjeet t\u00e4m\u00e4n tekemiseen.<br \/>\nIrronneet langat rintaliiveist\u00e4 &#8211; tarkasta rummun rei\u00e4t \/ rumpuosien v\u00e4lit.<br \/>\nNormaalit \u00e4\u00e4net \u2013 esiintyv\u00e4t koko pesujakson ajan &#8211; esimerkiksi soljet ja vetoketjut osuvat lasiin, t\u00e4rin\u00e4 linkousjaksossa, pumput ja moottorit ovat p\u00e4\u00e4ll\u00e4, vedenotto jaksoissa, elementtien l\u00e4mpeneminen, piippaus jakson muutosten yhteydess\u00e4, elektroniikka jakson alussa ja lopussa.[\/vc_column_text][elx_heading text_color=&#8221;inherit&#8221;]Pesukoneeni oven lukko on rikki[\/elx_heading][vc_column_text]Kun ohjelma on juuri p\u00e4\u00e4ttynyt, ovea ei voida aluksi avata. \u00c4l\u00e4 huolestu, t\u00e4m\u00e4 ei tarkoita, ett\u00e4 se on rikki &#8211; t\u00e4m\u00e4 on vakio-ominaisuus ja oven lukko vapautuu noin 2\u20135 minuutin kuluttua.<br \/>\nJos et edelleenk\u00e4\u00e4n voi avata ovea 2\u20135 minuutin kuluttua, tarkista, onko kahvan osissa vaurioita. Jos n\u00e4in on, sinun on kutsuttava huoltoteknikko korjaamaan ongelma.[\/vc_column_text][elx_heading text_color=&#8221;inherit&#8221;]Pesukoneeni oven tiiviste on kulunut ja vuotaa[\/elx_heading][vc_column_text]Ovitiivisteen vaurioituminen johtuu yleens\u00e4:<\/p>\n<ul>\n<li>Koneen ylikuormitus<\/li>\n<li>Vaatteet ovat tarttuneet tiivisteen ja oven lasin v\u00e4liin pesuohjelman alussa<\/li>\n<\/ul>\n<p>Jos ongelmaan ei ole selke\u00e4t\u00e4 ratkaisua, eik\u00e4 sit\u00e4 voi korjata, suosittelemme ottamaan yhteytt\u00e4 huoltoon.[\/vc_column_text][elx_heading text_color=&#8221;inherit&#8221;]Pyykit kutistuvat pesun j\u00e4lkeen[\/elx_heading][vc_column_text]<strong>Kuinka pest\u00e4 villakankaat<\/strong><br \/>\nVilla on luonnonkuitu, jolla on laaja valikoima k\u00e4ytt\u00f6kohteita. Se voi olla haasteellinen materiaali ja sit\u00e4 tulee k\u00e4sitell\u00e4 huolellisesti, jotta muoto, v\u00e4ri ja laatu s\u00e4ilyv\u00e4t.<\/p>\n<p><strong>Villan oikea pesu<\/strong><br \/>\nVilla on pest\u00e4v\u00e4 ja kuivattava tietyll\u00e4 tavalla. On my\u00f6s aina suositeltavaa noudattaa vaatteiden pesuohjeita.<\/p>\n<p><strong>Kun peset villakankaita, \u00e4l\u00e4 k\u00e4yt\u00e4 entsyymej\u00e4 sis\u00e4lt\u00e4v\u00e4\u00e4 pesuainetta<\/strong><br \/>\nSuurin osa pyykinpesuaineista sis\u00e4lt\u00e4\u00e4 entsyymej\u00e4, jotka auttavat liuottamaan rasvaa ja likaa, mik\u00e4 helpottaa vaatteiden pesemist\u00e4. Villalle ei sovi entsyymit, koska ne voivat liuottaa sit\u00e4. On t\u00e4rke\u00e4\u00e4, ett\u00e4 et pese villaa entsyymej\u00e4 sis\u00e4lt\u00e4v\u00e4ll\u00e4 pesuaineella. Voit ostaa erityisi\u00e4 villapesuaineita t\u00e4h\u00e4n tarkoitukseen.[\/vc_column_text][elx_heading text_color=&#8221;inherit&#8221;]Tahrat pestyss\u00e4 pyykiss\u00e4[\/elx_heading][vc_column_text]<strong>Syy<\/strong><br \/>\nJos peset vain 40 \u00b0 C: n l\u00e4mp\u00f6tilassa tai sit\u00e4 alhaisemmassa l\u00e4mp\u00f6tilassa, lopulta pesuainetta ja likaj\u00e4\u00e4mi\u00e4 kertyy pesukoneeseen. T\u00e4m\u00e4 voi aiheuttaa harmaita tahroja pyykiss\u00e4.<\/p>\n<p>Vaatteiden \/ kankaiden tahroja voi aiheuttaa my\u00f6s kemiallinen reaktio, jos tietyt hygienia\/kotitaloustuotteet yhdistyv\u00e4t pesuaineen kanssa, esimerkiksi:<br \/>\n\u2022 Valkaisuaine<br \/>\n\u2022 Aknevoide<br \/>\n\u2022 Shampoo<br \/>\n\u2022 Hajusteet<br \/>\n\u2022 Geelit<br \/>\n\u2022 Hiusv\u00e4ri<\/p>\n<p><strong>Ratkaisu<\/strong><br \/>\nRatkaisuna on suorittaa pesujaksoja 90 \u00b0 C: ssa ilman pyykki\u00e4, lis\u00e4ttyn\u00e4 soodaa rumpuun, jotta tiivisteen ja pesukoneen sis\u00e4osat puhdistuvat. (Sooda \u00e4rsytt\u00e4\u00e4 ihoa ja limakalvoja. Ole varovainen!)<\/p>\n<p>Tai voit k\u00e4ytt\u00e4\u00e4 erityist\u00e4 Electrolux-pesukonepesuainetta.[\/vc_column_text][vc_empty_space][elx_button button_text=&#8221;myPRO pesukoneet, kuivausrummut ja mankelit&#8221; button_style=&#8221;icon&#8221; button_link=&#8221;url:https%3A%2F%2Fprofessional.electrolux.fi%2Fmypro-pesukoneet-kuivausrummut-mankelit%2F|||&#8221;][vc_empty_space][\/vc_column][\/vc_row]<\/p>\n","protected":false},"excerpt":{"rendered":"<p>[vc_row][vc_column][vc_single_image image=&#8221;5671&#8243;][elx_heading font_container=&#8221;h1&#8243; text_color=&#8221;inherit&#8221;]FAQ &#8211; pesukone[\/elx_heading][vc_empty_space][elx_heading text_color=&#8221;inherit&#8221;]Pesukoneeni tuloletku vuotaa[\/elx_heading][vc_column_text]Ongelman ratkaisemiseksi: Tarkista, ett\u00e4 tuloputken liitin on ruuvattu \/ puristettu oikein sein\u00e4n sis\u00e4\u00e4ntuloon tai vesihanaan. \u00c4l\u00e4 k\u00e4yt\u00e4 pihtej\u00e4 tai vastaavia liittimen puristamiseen, se tulee asentaa vain k\u00e4sin! Tarkista, ettei vesihanassa ole vuotoa. Jos havaitset vuotoa hanasta, soita putkimiehelle ongelman ratkaisemiseksi. [\/vc_column_text][elx_heading text_color=&#8221;inherit&#8221;]Kuinka puhdistaa pesukoneesi kumitiiviste[\/elx_heading][vc_column_text]Kuinka puhdistaa oven [&hellip;]<\/p>\n","protected":false},"author":17,"featured_media":0,"parent":0,"menu_order":0,"comment_status":"closed","ping_status":"closed","template":"page-campaigns.php","meta":{"footnotes":""},"class_list":["post-5672","page","type-page","status-publish","hentry"],"yoast_head":"<!-- This site is optimized with the Yoast SEO plugin v23.3 - https:\/\/yoast.com\/wordpress\/plugins\/seo\/ -->\n<title>myPRO pesukone FAQ - Electrolux Professional<\/title>\n<meta name=\"description\" content=\"Tutustu yleisimmin esitettyihin kysymyksiin ja vastauksiin.\" \/>\n<meta name=\"robots\" content=\"index, follow, max-snippet:-1, max-image-preview:large, max-video-preview:-1\" \/>\n<link rel=\"canonical\" href=\"https:\/\/www.electroluxprofessional.com\/fi\/faq-pesukone\/\" \/>\n<meta property=\"og:locale\" content=\"fi_FI\" \/>\n<meta property=\"og:type\" content=\"article\" \/>\n<meta property=\"og:title\" content=\"myPRO pesukone FAQ - Electrolux Professional\" \/>\n<meta property=\"og:description\" content=\"Tutustu yleisimmin esitettyihin kysymyksiin ja vastauksiin.\" \/>\n<meta property=\"og:url\" content=\"https:\/\/www.electroluxprofessional.com\/fi\/faq-pesukone\/\" \/>\n<meta property=\"og:site_name\" content=\"Electrolux Professional Suomi\" \/>\n<meta property=\"article:modified_time\" content=\"2023-02-08T10:49:25+00:00\" \/>\n<meta name=\"twitter:card\" content=\"summary_large_image\" \/>\n<meta name=\"twitter:label1\" content=\"Arvioitu lukuaika\" \/>\n\t<meta name=\"twitter:data1\" content=\"4 minuuttia\" \/>\n<script type=\"application\/ld+json\" class=\"yoast-schema-graph\">{\"@context\":\"https:\/\/schema.org\",\"@graph\":[{\"@type\":\"WebPage\",\"@id\":\"https:\/\/www.electroluxprofessional.com\/fi\/faq-pesukone\/\",\"url\":\"https:\/\/www.electroluxprofessional.com\/fi\/faq-pesukone\/\",\"name\":\"myPRO pesukone FAQ - Electrolux Professional\",\"isPartOf\":{\"@id\":\"https:\/\/www.electroluxprofessional.com\/fi\/#website\"},\"datePublished\":\"2019-11-08T13:54:08+00:00\",\"dateModified\":\"2023-02-08T10:49:25+00:00\",\"description\":\"Tutustu yleisimmin esitettyihin kysymyksiin ja vastauksiin.\",\"breadcrumb\":{\"@id\":\"https:\/\/www.electroluxprofessional.com\/fi\/faq-pesukone\/#breadcrumb\"},\"inLanguage\":\"fi\",\"potentialAction\":[{\"@type\":\"ReadAction\",\"target\":[\"https:\/\/www.electroluxprofessional.com\/fi\/faq-pesukone\/\"]}]},{\"@type\":\"BreadcrumbList\",\"@id\":\"https:\/\/www.electroluxprofessional.com\/fi\/faq-pesukone\/#breadcrumb\",\"itemListElement\":[{\"@type\":\"ListItem\",\"position\":1,\"name\":\"Home\",\"item\":\"https:\/\/www.electroluxprofessional.com\/fi\/\"},{\"@type\":\"ListItem\",\"position\":2,\"name\":\"FAQ &#8211; pesukone\"}]},{\"@type\":\"WebSite\",\"@id\":\"https:\/\/www.electroluxprofessional.com\/fi\/#website\",\"url\":\"https:\/\/www.electroluxprofessional.com\/fi\/\",\"name\":\"Electrolux Professional Suomi\",\"description\":\"\",\"potentialAction\":[{\"@type\":\"SearchAction\",\"target\":{\"@type\":\"EntryPoint\",\"urlTemplate\":\"https:\/\/www.electroluxprofessional.com\/fi\/?src={search_term_string}\"},\"query-input\":\"required name=search_term_string\"}],\"inLanguage\":\"fi\"}]}<\/script>\n<!-- \/ Yoast SEO plugin. -->","yoast_head_json":{"title":"myPRO pesukone FAQ - Electrolux Professional","description":"Tutustu yleisimmin esitettyihin kysymyksiin ja vastauksiin.","robots":{"index":"index","follow":"follow","max-snippet":"max-snippet:-1","max-image-preview":"max-image-preview:large","max-video-preview":"max-video-preview:-1"},"canonical":"https:\/\/www.electroluxprofessional.com\/fi\/faq-pesukone\/","og_locale":"fi_FI","og_type":"article","og_title":"myPRO pesukone FAQ - Electrolux Professional","og_description":"Tutustu yleisimmin esitettyihin kysymyksiin ja vastauksiin.","og_url":"https:\/\/www.electroluxprofessional.com\/fi\/faq-pesukone\/","og_site_name":"Electrolux Professional Suomi","article_modified_time":"2023-02-08T10:49:25+00:00","twitter_card":"summary_large_image","twitter_misc":{"Arvioitu lukuaika":"4 minuuttia"},"schema":{"@context":"https:\/\/schema.org","@graph":[{"@type":"WebPage","@id":"https:\/\/www.electroluxprofessional.com\/fi\/faq-pesukone\/","url":"https:\/\/www.electroluxprofessional.com\/fi\/faq-pesukone\/","name":"myPRO pesukone FAQ - Electrolux Professional","isPartOf":{"@id":"https:\/\/www.electroluxprofessional.com\/fi\/#website"},"datePublished":"2019-11-08T13:54:08+00:00","dateModified":"2023-02-08T10:49:25+00:00","description":"Tutustu yleisimmin esitettyihin kysymyksiin ja vastauksiin.","breadcrumb":{"@id":"https:\/\/www.electroluxprofessional.com\/fi\/faq-pesukone\/#breadcrumb"},"inLanguage":"fi","potentialAction":[{"@type":"ReadAction","target":["https:\/\/www.electroluxprofessional.com\/fi\/faq-pesukone\/"]}]},{"@type":"BreadcrumbList","@id":"https:\/\/www.electroluxprofessional.com\/fi\/faq-pesukone\/#breadcrumb","itemListElement":[{"@type":"ListItem","position":1,"name":"Home","item":"https:\/\/www.electroluxprofessional.com\/fi\/"},{"@type":"ListItem","position":2,"name":"FAQ &#8211; pesukone"}]},{"@type":"WebSite","@id":"https:\/\/www.electroluxprofessional.com\/fi\/#website","url":"https:\/\/www.electroluxprofessional.com\/fi\/","name":"Electrolux Professional Suomi","description":"","potentialAction":[{"@type":"SearchAction","target":{"@type":"EntryPoint","urlTemplate":"https:\/\/www.electroluxprofessional.com\/fi\/?src={search_term_string}"},"query-input":"required name=search_term_string"}],"inLanguage":"fi"}]}},"_links":{"self":[{"href":"https:\/\/www.electroluxprofessional.com\/fi\/wp-json\/wp\/v2\/pages\/5672"}],"collection":[{"href":"https:\/\/www.electroluxprofessional.com\/fi\/wp-json\/wp\/v2\/pages"}],"about":[{"href":"https:\/\/www.electroluxprofessional.com\/fi\/wp-json\/wp\/v2\/types\/page"}],"author":[{"embeddable":true,"href":"https:\/\/www.electroluxprofessional.com\/fi\/wp-json\/wp\/v2\/users\/17"}],"replies":[{"embeddable":true,"href":"https:\/\/www.electroluxprofessional.com\/fi\/wp-json\/wp\/v2\/comments?post=5672"}],"version-history":[{"count":9,"href":"https:\/\/www.electroluxprofessional.com\/fi\/wp-json\/wp\/v2\/pages\/5672\/revisions"}],"predecessor-version":[{"id":10272,"href":"https:\/\/www.electroluxprofessional.com\/fi\/wp-json\/wp\/v2\/pages\/5672\/revisions\/10272"}],"wp:attachment":[{"href":"https:\/\/www.electroluxprofessional.com\/fi\/wp-json\/wp\/v2\/media?parent=5672"}],"curies":[{"name":"wp","href":"https:\/\/api.w.org\/{rel}","templated":true}]}}