{"id":5557,"date":"2016-12-20T09:37:14","date_gmt":"2016-12-20T09:37:14","guid":{"rendered":"https:\/\/www.electroluxprofessional.com\/?page_id=7640"},"modified":"2025-10-21T14:34:47","modified_gmt":"2025-10-21T14:34:47","slug":"centers-of-excellence","status":"publish","type":"page","link":"https:\/\/www.electroluxprofessional.com\/fi\/centers-of-excellence\/","title":{"rendered":"Koulutuskeskukset"},"content":{"rendered":"<p>[vc_row full_width=&#8221;electroluxpro-full-width-no-padding&#8221;][vc_column][elx_hero_title label=&#8221;&#8221; background_image=&#8221;5548&#8243;][elx_heading font_container=&#8221;h1&#8243; text_color=&#8221;white&#8221;]Centers of Excellence n\u00e4yttelykeskukset[\/elx_heading][\/elx_hero_title][\/vc_column][\/vc_row][vc_row][vc_column][elx_heading font_container=&#8221;h3&#8243; font_size=&#8221;h2&#8243; text_color=&#8221;inherit&#8221;]Electrolux Professionalilla on 20 koulutuskeskusta ymp\u00e4ri maailman, joissa on jopa yli 15 000 k\u00e4vij\u00e4\u00e4 vuodessa[\/elx_heading][vc_column_text]Joukkue<strong> Electrolux Chef Academy<\/strong> kokkia maailmanlaajuisesti ja lukuisat\u00a0<strong>pesulakoneiden asiantuntijat<\/strong>\u00a0tarjoavat koulutusta, neuvoja sek\u00e4 tietotaitoa alan viimeisimmist\u00e4 trendeist\u00e4 asiakkaillemme.[\/vc_column_text][vc_single_image image=&#8221;5549&#8243; img_size=&#8221;full&#8221;][\/vc_column][\/vc_row][vc_row][vc_column][elx_heading text_color=&#8221;inherit&#8221;]Center of Excellence Italian p\u00e4\u00e4konttorilla[\/elx_heading][\/vc_column][\/vc_row][vc_row][vc_column width=&#8221;2\/3&#8243;][vc_column_text]P\u00e4\u00e4konttorin Center of Excellence Italiassa on moderni ja toiminnallinen n\u00e4yttelykeskus, joka tarjoaa erinomaiset puitteet n\u00e4hd\u00e4 toimintojemme ydinalueet. Se tarjoaa my\u00f6s mahdollisuuden syvent\u00e4v\u00e4\u00e4n koulutukseen tuotteistamme ja alastamme.[\/vc_column_text][\/vc_column][vc_column width=&#8221;1\/3&#8243;][vc_single_image image=&#8221;5550&#8243; img_size=&#8221;full&#8221;][\/vc_column][\/vc_row][vc_row][vc_column][vc_column_text]<\/p>\n<ul>\n<li>3.500 m2 omistettu seminaarien, koulutusten ja tapahtumien j\u00e4rjest\u00e4miseen<\/li>\n<li><a href=\"https:\/\/www.electroluxprofessional.com\/fi\/chef-s-hub\/electrolux-chef-academy\/\">Electrolux Chef Academy<\/a><\/li>\n<li>4 opetuskeitti\u00f6t\u00e4<\/li>\n<li>Henkil\u00f6st\u00f6ravintola varustettu viimeisimmill\u00e4 innovaatioillamme<\/li>\n<li>Yli 6 000 vierasta joka vuosi<\/li>\n<\/ul>\n<p>Suomessa Electrolux Professionalin p\u00e4\u00e4konttori ja n\u00e4yttely sijaitsee hyvien kulkuyhteyksien p\u00e4\u00e4ss\u00e4 osoitteessa <strong>Lautatarhankatu 8 B, 00580, Helsinki<\/strong>.[\/vc_column_text][vc_empty_space][vc_column_text]<\/p>\n<p style=\"text-align: left;\">Tutustu virtuaalisesti Italian Center of Excellence -n\u00e4yttelykeskukseen:<\/p>\n<p>[\/vc_column_text][elx_video_block background_image=&#8221;11096&#8243; video_link=&#8221;https:\/\/www.youtube.com\/watch?v=xGyBWkJcIqQ&#8221; minimum_height=&#8221;400px&#8221;][vc_empty_space][vc_column_text]<\/p>\n<h3 style=\"text-align: center;\">Haluatko vierailla n\u00e4yttelytilassamme Helsingiss\u00e4? Ota meihin yhteytt\u00e4.<\/h3>\n<p>[\/vc_column_text][vc_empty_space][elx_o2000_contact_us request_type=&#8221;Other&#8221; country=&#8221;Finland&#8221; compact_view=&#8221;1&#8243;][\/vc_column][\/vc_row][vc_row disable_element=&#8221;yes&#8221;][vc_column][elx_heading font_container=&#8221;h3&#8243; text_color=&#8221;inherit&#8221;]Take a virtual tour of the Italian Center of Excellence[\/elx_heading][\/vc_column][\/vc_row][vc_row][vc_column][vc_empty_space][\/vc_column][\/vc_row][vc_row][vc_column width=&#8221;1\/3&#8243;][elx_maylike_box id_box=&#8221;5570&#8243;][\/vc_column][vc_column width=&#8221;1\/3&#8243;][elx_maylike_box id_box=&#8221;5564&#8243;][\/vc_column][vc_column width=&#8221;1\/3&#8243;][elx_maylike_box id_box=&#8221;4473&#8243;][\/vc_column][\/vc_row]<\/p>\n","protected":false},"excerpt":{"rendered":"<p>[vc_row full_width=&#8221;electroluxpro-full-width-no-padding&#8221;][vc_column][elx_hero_title label=&#8221;&#8221; background_image=&#8221;5548&#8243;][elx_heading font_container=&#8221;h1&#8243; text_color=&#8221;white&#8221;]Centers of Excellence n\u00e4yttelykeskukset[\/elx_heading][\/elx_hero_title][\/vc_column][\/vc_row][vc_row][vc_column][elx_heading font_container=&#8221;h3&#8243; font_size=&#8221;h2&#8243; text_color=&#8221;inherit&#8221;]Electrolux Professionalilla on 20 koulutuskeskusta ymp\u00e4ri maailman, joissa on jopa yli 15 000 k\u00e4vij\u00e4\u00e4 vuodessa[\/elx_heading][vc_column_text]Joukkue Electrolux Chef Academy kokkia maailmanlaajuisesti ja lukuisat\u00a0pesulakoneiden asiantuntijat\u00a0tarjoavat koulutusta, neuvoja sek\u00e4 tietotaitoa alan viimeisimmist\u00e4 trendeist\u00e4 asiakkaillemme.[\/vc_column_text][vc_single_image image=&#8221;5549&#8243; img_size=&#8221;full&#8221;][\/vc_column][\/vc_row][vc_row][vc_column][elx_heading text_color=&#8221;inherit&#8221;]Center of Excellence Italian p\u00e4\u00e4konttorilla[\/elx_heading][\/vc_column][\/vc_row][vc_row][vc_column width=&#8221;2\/3&#8243;][vc_column_text]P\u00e4\u00e4konttorin Center of Excellence Italiassa on [&hellip;]<\/p>\n","protected":false},"author":17,"featured_media":5548,"parent":0,"menu_order":0,"comment_status":"closed","ping_status":"closed","template":"","meta":{"footnotes":""},"class_list":["post-5557","page","type-page","status-publish","has-post-thumbnail","hentry"],"yoast_head":"<!-- This site is optimized with the Yoast SEO plugin v23.3 - https:\/\/yoast.com\/wordpress\/plugins\/seo\/ -->\n<title>Koulutuskeskukset - Electrolux Professional Suomi<\/title>\n<meta name=\"description\" content=\"20 Centers of Excellence and more than 60 Chefs from the Electrolux Chef Academy active all over the world with seminars, training, workshops and events\" \/>\n<meta name=\"robots\" content=\"index, follow, max-snippet:-1, max-image-preview:large, max-video-preview:-1\" \/>\n<link rel=\"canonical\" href=\"https:\/\/www.electroluxprofessional.com\/fi\/centers-of-excellence\/\" \/>\n<meta property=\"og:locale\" content=\"fi_FI\" \/>\n<meta property=\"og:type\" content=\"article\" \/>\n<meta property=\"og:title\" content=\"Koulutuskeskukset - Electrolux Professional Suomi\" \/>\n<meta property=\"og:description\" content=\"20 Centers of Excellence and more than 60 Chefs from the Electrolux Chef Academy active all over the world with seminars, training, workshops and events\" \/>\n<meta property=\"og:url\" content=\"https:\/\/www.electroluxprofessional.com\/fi\/centers-of-excellence\/\" \/>\n<meta property=\"og:site_name\" content=\"Electrolux Professional Suomi\" \/>\n<meta property=\"article:modified_time\" content=\"2025-10-21T14:34:47+00:00\" \/>\n<meta property=\"og:image\" content=\"https:\/\/www.electroluxprofessional.com\/fi\/wp-content\/uploads\/2016\/05\/fine-dining-restaurants-1.jpg\" \/>\n\t<meta property=\"og:image:width\" content=\"1000\" \/>\n\t<meta property=\"og:image:height\" content=\"667\" \/>\n\t<meta property=\"og:image:type\" content=\"image\/jpeg\" \/>\n<meta name=\"twitter:card\" content=\"summary_large_image\" \/>\n<meta name=\"twitter:label1\" content=\"Arvioitu lukuaika\" \/>\n\t<meta name=\"twitter:data1\" content=\"2 minuuttia\" \/>\n<script type=\"application\/ld+json\" class=\"yoast-schema-graph\">{\"@context\":\"https:\/\/schema.org\",\"@graph\":[{\"@type\":\"WebPage\",\"@id\":\"https:\/\/www.electroluxprofessional.com\/fi\/centers-of-excellence\/\",\"url\":\"https:\/\/www.electroluxprofessional.com\/fi\/centers-of-excellence\/\",\"name\":\"Koulutuskeskukset - Electrolux Professional Suomi\",\"isPartOf\":{\"@id\":\"https:\/\/www.electroluxprofessional.com\/fi\/#website\"},\"primaryImageOfPage\":{\"@id\":\"https:\/\/www.electroluxprofessional.com\/fi\/centers-of-excellence\/#primaryimage\"},\"image\":{\"@id\":\"https:\/\/www.electroluxprofessional.com\/fi\/centers-of-excellence\/#primaryimage\"},\"thumbnailUrl\":\"https:\/\/www.electroluxprofessional.com\/fi\/wp-content\/uploads\/2016\/05\/fine-dining-restaurants-1.jpg\",\"datePublished\":\"2016-12-20T09:37:14+00:00\",\"dateModified\":\"2025-10-21T14:34:47+00:00\",\"description\":\"20 Centers of Excellence and more than 60 Chefs from the Electrolux Chef Academy active all over the world with seminars, training, workshops and events\",\"breadcrumb\":{\"@id\":\"https:\/\/www.electroluxprofessional.com\/fi\/centers-of-excellence\/#breadcrumb\"},\"inLanguage\":\"fi\",\"potentialAction\":[{\"@type\":\"ReadAction\",\"target\":[\"https:\/\/www.electroluxprofessional.com\/fi\/centers-of-excellence\/\"]}]},{\"@type\":\"ImageObject\",\"inLanguage\":\"fi\",\"@id\":\"https:\/\/www.electroluxprofessional.com\/fi\/centers-of-excellence\/#primaryimage\",\"url\":\"https:\/\/www.electroluxprofessional.com\/fi\/wp-content\/uploads\/2016\/05\/fine-dining-restaurants-1.jpg\",\"contentUrl\":\"https:\/\/www.electroluxprofessional.com\/fi\/wp-content\/uploads\/2016\/05\/fine-dining-restaurants-1.jpg\",\"width\":1000,\"height\":667,\"caption\":\"fine dining restaurants\"},{\"@type\":\"BreadcrumbList\",\"@id\":\"https:\/\/www.electroluxprofessional.com\/fi\/centers-of-excellence\/#breadcrumb\",\"itemListElement\":[{\"@type\":\"ListItem\",\"position\":1,\"name\":\"Home\",\"item\":\"https:\/\/www.electroluxprofessional.com\/fi\/\"},{\"@type\":\"ListItem\",\"position\":2,\"name\":\"Koulutuskeskukset\"}]},{\"@type\":\"WebSite\",\"@id\":\"https:\/\/www.electroluxprofessional.com\/fi\/#website\",\"url\":\"https:\/\/www.electroluxprofessional.com\/fi\/\",\"name\":\"Electrolux Professional Suomi\",\"description\":\"\",\"potentialAction\":[{\"@type\":\"SearchAction\",\"target\":{\"@type\":\"EntryPoint\",\"urlTemplate\":\"https:\/\/www.electroluxprofessional.com\/fi\/?src={search_term_string}\"},\"query-input\":\"required name=search_term_string\"}],\"inLanguage\":\"fi\"}]}<\/script>\n<!-- \/ Yoast SEO plugin. -->","yoast_head_json":{"title":"Koulutuskeskukset - Electrolux Professional Suomi","description":"20 Centers of Excellence and more than 60 Chefs from the Electrolux Chef Academy active all over the world with seminars, training, workshops and events","robots":{"index":"index","follow":"follow","max-snippet":"max-snippet:-1","max-image-preview":"max-image-preview:large","max-video-preview":"max-video-preview:-1"},"canonical":"https:\/\/www.electroluxprofessional.com\/fi\/centers-of-excellence\/","og_locale":"fi_FI","og_type":"article","og_title":"Koulutuskeskukset - Electrolux Professional Suomi","og_description":"20 Centers of Excellence and more than 60 Chefs from the Electrolux Chef Academy active all over the world with seminars, training, workshops and events","og_url":"https:\/\/www.electroluxprofessional.com\/fi\/centers-of-excellence\/","og_site_name":"Electrolux Professional Suomi","article_modified_time":"2025-10-21T14:34:47+00:00","og_image":[{"width":1000,"height":667,"url":"https:\/\/www.electroluxprofessional.com\/fi\/wp-content\/uploads\/2016\/05\/fine-dining-restaurants-1.jpg","type":"image\/jpeg"}],"twitter_card":"summary_large_image","twitter_misc":{"Arvioitu lukuaika":"2 minuuttia"},"schema":{"@context":"https:\/\/schema.org","@graph":[{"@type":"WebPage","@id":"https:\/\/www.electroluxprofessional.com\/fi\/centers-of-excellence\/","url":"https:\/\/www.electroluxprofessional.com\/fi\/centers-of-excellence\/","name":"Koulutuskeskukset - Electrolux Professional Suomi","isPartOf":{"@id":"https:\/\/www.electroluxprofessional.com\/fi\/#website"},"primaryImageOfPage":{"@id":"https:\/\/www.electroluxprofessional.com\/fi\/centers-of-excellence\/#primaryimage"},"image":{"@id":"https:\/\/www.electroluxprofessional.com\/fi\/centers-of-excellence\/#primaryimage"},"thumbnailUrl":"https:\/\/www.electroluxprofessional.com\/fi\/wp-content\/uploads\/2016\/05\/fine-dining-restaurants-1.jpg","datePublished":"2016-12-20T09:37:14+00:00","dateModified":"2025-10-21T14:34:47+00:00","description":"20 Centers of Excellence and more than 60 Chefs from the Electrolux Chef Academy active all over the world with seminars, training, workshops and events","breadcrumb":{"@id":"https:\/\/www.electroluxprofessional.com\/fi\/centers-of-excellence\/#breadcrumb"},"inLanguage":"fi","potentialAction":[{"@type":"ReadAction","target":["https:\/\/www.electroluxprofessional.com\/fi\/centers-of-excellence\/"]}]},{"@type":"ImageObject","inLanguage":"fi","@id":"https:\/\/www.electroluxprofessional.com\/fi\/centers-of-excellence\/#primaryimage","url":"https:\/\/www.electroluxprofessional.com\/fi\/wp-content\/uploads\/2016\/05\/fine-dining-restaurants-1.jpg","contentUrl":"https:\/\/www.electroluxprofessional.com\/fi\/wp-content\/uploads\/2016\/05\/fine-dining-restaurants-1.jpg","width":1000,"height":667,"caption":"fine dining restaurants"},{"@type":"BreadcrumbList","@id":"https:\/\/www.electroluxprofessional.com\/fi\/centers-of-excellence\/#breadcrumb","itemListElement":[{"@type":"ListItem","position":1,"name":"Home","item":"https:\/\/www.electroluxprofessional.com\/fi\/"},{"@type":"ListItem","position":2,"name":"Koulutuskeskukset"}]},{"@type":"WebSite","@id":"https:\/\/www.electroluxprofessional.com\/fi\/#website","url":"https:\/\/www.electroluxprofessional.com\/fi\/","name":"Electrolux Professional Suomi","description":"","potentialAction":[{"@type":"SearchAction","target":{"@type":"EntryPoint","urlTemplate":"https:\/\/www.electroluxprofessional.com\/fi\/?src={search_term_string}"},"query-input":"required name=search_term_string"}],"inLanguage":"fi"}]}},"_links":{"self":[{"href":"https:\/\/www.electroluxprofessional.com\/fi\/wp-json\/wp\/v2\/pages\/5557"}],"collection":[{"href":"https:\/\/www.electroluxprofessional.com\/fi\/wp-json\/wp\/v2\/pages"}],"about":[{"href":"https:\/\/www.electroluxprofessional.com\/fi\/wp-json\/wp\/v2\/types\/page"}],"author":[{"embeddable":true,"href":"https:\/\/www.electroluxprofessional.com\/fi\/wp-json\/wp\/v2\/users\/17"}],"replies":[{"embeddable":true,"href":"https:\/\/www.electroluxprofessional.com\/fi\/wp-json\/wp\/v2\/comments?post=5557"}],"version-history":[{"count":9,"href":"https:\/\/www.electroluxprofessional.com\/fi\/wp-json\/wp\/v2\/pages\/5557\/revisions"}],"predecessor-version":[{"id":15577,"href":"https:\/\/www.electroluxprofessional.com\/fi\/wp-json\/wp\/v2\/pages\/5557\/revisions\/15577"}],"wp:featuredmedia":[{"embeddable":true,"href":"https:\/\/www.electroluxprofessional.com\/fi\/wp-json\/wp\/v2\/media\/5548"}],"wp:attachment":[{"href":"https:\/\/www.electroluxprofessional.com\/fi\/wp-json\/wp\/v2\/media?parent=5557"}],"curies":[{"name":"wp","href":"https:\/\/api.w.org\/{rel}","templated":true}]}}