{"id":5533,"date":"2016-12-19T16:15:56","date_gmt":"2016-12-19T16:15:56","guid":{"rendered":"https:\/\/www.electroluxprofessional.com\/?page_id=7612"},"modified":"2025-10-21T12:14:53","modified_gmt":"2025-10-21T12:14:53","slug":"electrolux-chef-academy-2","status":"publish","type":"page","link":"https:\/\/www.electroluxprofessional.com\/fi\/electrolux-chef-academy-2\/","title":{"rendered":"Electrolux Professional chef academyfin"},"content":{"rendered":"<p>[vc_row full_width=&#8221;electroluxpro-full-width-no-padding&#8221;][vc_column][elx_image_block background_image=&#8221;5524&#8243; minimum_height=&#8221;350px&#8221;][\/vc_column][\/vc_row][vc_row][vc_column][elx_heading font_container=&#8221;h1&#8243; font_size=&#8221;h3&#8243; text_color=&#8221;inherit&#8221;]Electrolux Professional Chef Academy[\/elx_heading][elx_heading font_size=&#8221;h5&#8243; text_color=&#8221;inherit&#8221;]Tutustu ainutlaatuiseen ammattilaisten verkostoomme[\/elx_heading][\/vc_column][\/vc_row][vc_row][vc_column][vc_empty_space][\/vc_column][\/vc_row][vc_row][vc_column width=&#8221;2\/3&#8243;][elx_heading font_container=&#8221;h3&#8243; font_size=&#8221;h5&#8243; text_color=&#8221;inherit&#8221;]The Chef Academy: omistettu asiakkaan kuuntelemiseen[\/elx_heading][vc_column_text]Chef Academy on <strong>inspiraation<\/strong> keski\u00f6ss\u00e4. Kokkiakatemiaa johtavat kokeneet ravintola-alan ammattilaiset. T\u00e4m\u00e4 ainutlaatuinen ja maailmanlaajuinen ammattikokkien verkosto kuuntelee sinun ideoitasi &#8211; ja toteuttaa niit\u00e4 k\u00e4yt\u00e4nn\u00f6ss\u00e4.<\/p>\n<p>Electrolux Professional tarjoaa ainutlaatuista palvelua<strong> kokkitiimin avulla ymp\u00e4ri maailmaa.<\/strong>\u00a0Kokkimme konsultoivat, kuuntelevat, kouluttavat sek\u00e4 kehitt\u00e4v\u00e4t uusia ideoita ja tuotteita <strong>asiakkaidemme kanssa yhteisty\u00f6ss\u00e4<\/strong>.<\/p>\n<p>Jokainen on tervetullut jakaamaan ideoitaan sek\u00e4 ajatuksiaan ja testaamaan erilaisia ratkaisuita. N\u00e4in asioita jakamalla sek\u00e4 yhdess\u00e4 ratkomalla mahdollistetaan oikeiden toimintamallien l\u00f6yt\u00e4minen <strong>liiketoiminnan vahvistamiseksi<\/strong>.[\/vc_column_text][\/vc_column][vc_column width=&#8221;1\/3&#8243;][vc_empty_space][vc_single_image image=&#8221;11111&#8243; img_size=&#8221;full&#8221; alignment=&#8221;center&#8221;][\/vc_column][\/vc_row][vc_row][vc_column][vc_empty_space][elx_o2000_contact_us s=&#8221;Koulutukset&#8221; country=&#8221;Finland&#8221; container=&#8221;elxcontactus1482162874&#8243; r=&#8221;Haluaisin saada lis\u00e4tietoja koulutuksista, olkaa yhteydess\u00e4 minuun&#8221; e=&#8221;ammattikeittiot@electroluxprofessional.com&#8221; l=&#8221;fi&#8221;][vc_empty_space][\/vc_column][\/vc_row][vc_row][vc_column width=&#8221;1\/3&#8243;][elx_maylike_box id_box=&#8221;6593&#8243;][\/vc_column][vc_column width=&#8221;1\/3&#8243;][elx_maylike_box id_box=&#8221;5564&#8243;][\/vc_column][vc_column width=&#8221;1\/3&#8243;][elx_maylike_box id_box=&#8221;4473&#8243;][\/vc_column][\/vc_row]<\/p>\n","protected":false},"excerpt":{"rendered":"<p>[vc_row full_width=&#8221;electroluxpro-full-width-no-padding&#8221;][vc_column][elx_image_block background_image=&#8221;5524&#8243; minimum_height=&#8221;350px&#8221;][\/vc_column][\/vc_row][vc_row][vc_column][elx_heading font_container=&#8221;h1&#8243; font_size=&#8221;h3&#8243; text_color=&#8221;inherit&#8221;]Electrolux Professional Chef Academy[\/elx_heading][elx_heading font_size=&#8221;h5&#8243; text_color=&#8221;inherit&#8221;]Tutustu ainutlaatuiseen ammattilaisten verkostoomme[\/elx_heading][\/vc_column][\/vc_row][vc_row][vc_column][vc_empty_space][\/vc_column][\/vc_row][vc_row][vc_column width=&#8221;2\/3&#8243;][elx_heading font_container=&#8221;h3&#8243; font_size=&#8221;h5&#8243; text_color=&#8221;inherit&#8221;]The Chef Academy: omistettu asiakkaan kuuntelemiseen[\/elx_heading][vc_column_text]Chef Academy on inspiraation keski\u00f6ss\u00e4. Kokkiakatemiaa johtavat kokeneet ravintola-alan ammattilaiset. T\u00e4m\u00e4 ainutlaatuinen ja maailmanlaajuinen ammattikokkien verkosto kuuntelee sinun ideoitasi &#8211; ja toteuttaa niit\u00e4 k\u00e4yt\u00e4nn\u00f6ss\u00e4. Electrolux Professional tarjoaa ainutlaatuista palvelua kokkitiimin avulla ymp\u00e4ri [&hellip;]<\/p>\n","protected":false},"author":17,"featured_media":5524,"parent":0,"menu_order":0,"comment_status":"closed","ping_status":"closed","template":"","meta":{"footnotes":""},"class_list":["post-5533","page","type-page","status-publish","has-post-thumbnail","hentry"],"yoast_head":"<!-- This site is optimized with the Yoast SEO plugin v23.3 - https:\/\/yoast.com\/wordpress\/plugins\/seo\/ -->\n<title>Electrolux Professional chef academyfin - Electrolux Professional Suomi<\/title>\n<meta name=\"description\" content=\"Electrolux Chef Academy: sixty chefs all over the world who consult, listen and train during seminars. Discover the unique global network of professionals.\" \/>\n<meta name=\"robots\" content=\"index, follow, max-snippet:-1, max-image-preview:large, max-video-preview:-1\" \/>\n<link rel=\"canonical\" href=\"https:\/\/www.electroluxprofessional.com\/fi\/electrolux-chef-academy-2\/\" \/>\n<meta property=\"og:locale\" content=\"fi_FI\" \/>\n<meta property=\"og:type\" content=\"article\" \/>\n<meta property=\"og:title\" content=\"Electrolux Professional chef academyfin - Electrolux Professional Suomi\" \/>\n<meta property=\"og:description\" content=\"Electrolux Chef Academy: sixty chefs all over the world who consult, listen and train during seminars. Discover the unique global network of professionals.\" \/>\n<meta property=\"og:url\" content=\"https:\/\/www.electroluxprofessional.com\/fi\/electrolux-chef-academy-2\/\" \/>\n<meta property=\"og:site_name\" content=\"Electrolux Professional Suomi\" \/>\n<meta property=\"article:modified_time\" content=\"2025-10-21T12:14:53+00:00\" \/>\n<meta property=\"og:image\" content=\"https:\/\/www.electroluxprofessional.com\/fi\/wp-content\/uploads\/2016\/12\/recipe-e1545052606554.jpg\" \/>\n\t<meta property=\"og:image:width\" content=\"2000\" \/>\n\t<meta property=\"og:image:height\" content=\"350\" \/>\n\t<meta property=\"og:image:type\" content=\"image\/jpeg\" \/>\n<meta name=\"twitter:card\" content=\"summary_large_image\" \/>\n<meta name=\"twitter:label1\" content=\"Arvioitu lukuaika\" \/>\n\t<meta name=\"twitter:data1\" content=\"2 minuuttia\" \/>\n<script type=\"application\/ld+json\" class=\"yoast-schema-graph\">{\"@context\":\"https:\/\/schema.org\",\"@graph\":[{\"@type\":\"WebPage\",\"@id\":\"https:\/\/www.electroluxprofessional.com\/fi\/electrolux-chef-academy-2\/\",\"url\":\"https:\/\/www.electroluxprofessional.com\/fi\/electrolux-chef-academy-2\/\",\"name\":\"Electrolux Professional chef academyfin - Electrolux Professional Suomi\",\"isPartOf\":{\"@id\":\"https:\/\/www.electroluxprofessional.com\/fi\/#website\"},\"primaryImageOfPage\":{\"@id\":\"https:\/\/www.electroluxprofessional.com\/fi\/electrolux-chef-academy-2\/#primaryimage\"},\"image\":{\"@id\":\"https:\/\/www.electroluxprofessional.com\/fi\/electrolux-chef-academy-2\/#primaryimage\"},\"thumbnailUrl\":\"https:\/\/www.electroluxprofessional.com\/fi\/wp-content\/uploads\/2016\/12\/recipe-e1545052606554.jpg\",\"datePublished\":\"2016-12-19T16:15:56+00:00\",\"dateModified\":\"2025-10-21T12:14:53+00:00\",\"description\":\"Electrolux Chef Academy: sixty chefs all over the world who consult, listen and train during seminars. Discover the unique global network of professionals.\",\"breadcrumb\":{\"@id\":\"https:\/\/www.electroluxprofessional.com\/fi\/electrolux-chef-academy-2\/#breadcrumb\"},\"inLanguage\":\"fi\",\"potentialAction\":[{\"@type\":\"ReadAction\",\"target\":[\"https:\/\/www.electroluxprofessional.com\/fi\/electrolux-chef-academy-2\/\"]}]},{\"@type\":\"ImageObject\",\"inLanguage\":\"fi\",\"@id\":\"https:\/\/www.electroluxprofessional.com\/fi\/electrolux-chef-academy-2\/#primaryimage\",\"url\":\"https:\/\/www.electroluxprofessional.com\/fi\/wp-content\/uploads\/2016\/12\/recipe-e1545052606554.jpg\",\"contentUrl\":\"https:\/\/www.electroluxprofessional.com\/fi\/wp-content\/uploads\/2016\/12\/recipe-e1545052606554.jpg\",\"width\":2000,\"height\":350,\"caption\":\"Electrolux Professional chef academy\"},{\"@type\":\"BreadcrumbList\",\"@id\":\"https:\/\/www.electroluxprofessional.com\/fi\/electrolux-chef-academy-2\/#breadcrumb\",\"itemListElement\":[{\"@type\":\"ListItem\",\"position\":1,\"name\":\"Home\",\"item\":\"https:\/\/www.electroluxprofessional.com\/fi\/\"},{\"@type\":\"ListItem\",\"position\":2,\"name\":\"Electrolux Professional chef academyfin\"}]},{\"@type\":\"WebSite\",\"@id\":\"https:\/\/www.electroluxprofessional.com\/fi\/#website\",\"url\":\"https:\/\/www.electroluxprofessional.com\/fi\/\",\"name\":\"Electrolux Professional Suomi\",\"description\":\"\",\"potentialAction\":[{\"@type\":\"SearchAction\",\"target\":{\"@type\":\"EntryPoint\",\"urlTemplate\":\"https:\/\/www.electroluxprofessional.com\/fi\/?src={search_term_string}\"},\"query-input\":\"required name=search_term_string\"}],\"inLanguage\":\"fi\"}]}<\/script>\n<!-- \/ Yoast SEO plugin. -->","yoast_head_json":{"title":"Electrolux Professional chef academyfin - Electrolux Professional Suomi","description":"Electrolux Chef Academy: sixty chefs all over the world who consult, listen and train during seminars. Discover the unique global network of professionals.","robots":{"index":"index","follow":"follow","max-snippet":"max-snippet:-1","max-image-preview":"max-image-preview:large","max-video-preview":"max-video-preview:-1"},"canonical":"https:\/\/www.electroluxprofessional.com\/fi\/electrolux-chef-academy-2\/","og_locale":"fi_FI","og_type":"article","og_title":"Electrolux Professional chef academyfin - Electrolux Professional Suomi","og_description":"Electrolux Chef Academy: sixty chefs all over the world who consult, listen and train during seminars. Discover the unique global network of professionals.","og_url":"https:\/\/www.electroluxprofessional.com\/fi\/electrolux-chef-academy-2\/","og_site_name":"Electrolux Professional Suomi","article_modified_time":"2025-10-21T12:14:53+00:00","og_image":[{"width":2000,"height":350,"url":"https:\/\/www.electroluxprofessional.com\/fi\/wp-content\/uploads\/2016\/12\/recipe-e1545052606554.jpg","type":"image\/jpeg"}],"twitter_card":"summary_large_image","twitter_misc":{"Arvioitu lukuaika":"2 minuuttia"},"schema":{"@context":"https:\/\/schema.org","@graph":[{"@type":"WebPage","@id":"https:\/\/www.electroluxprofessional.com\/fi\/electrolux-chef-academy-2\/","url":"https:\/\/www.electroluxprofessional.com\/fi\/electrolux-chef-academy-2\/","name":"Electrolux Professional chef academyfin - Electrolux Professional Suomi","isPartOf":{"@id":"https:\/\/www.electroluxprofessional.com\/fi\/#website"},"primaryImageOfPage":{"@id":"https:\/\/www.electroluxprofessional.com\/fi\/electrolux-chef-academy-2\/#primaryimage"},"image":{"@id":"https:\/\/www.electroluxprofessional.com\/fi\/electrolux-chef-academy-2\/#primaryimage"},"thumbnailUrl":"https:\/\/www.electroluxprofessional.com\/fi\/wp-content\/uploads\/2016\/12\/recipe-e1545052606554.jpg","datePublished":"2016-12-19T16:15:56+00:00","dateModified":"2025-10-21T12:14:53+00:00","description":"Electrolux Chef Academy: sixty chefs all over the world who consult, listen and train during seminars. Discover the unique global network of professionals.","breadcrumb":{"@id":"https:\/\/www.electroluxprofessional.com\/fi\/electrolux-chef-academy-2\/#breadcrumb"},"inLanguage":"fi","potentialAction":[{"@type":"ReadAction","target":["https:\/\/www.electroluxprofessional.com\/fi\/electrolux-chef-academy-2\/"]}]},{"@type":"ImageObject","inLanguage":"fi","@id":"https:\/\/www.electroluxprofessional.com\/fi\/electrolux-chef-academy-2\/#primaryimage","url":"https:\/\/www.electroluxprofessional.com\/fi\/wp-content\/uploads\/2016\/12\/recipe-e1545052606554.jpg","contentUrl":"https:\/\/www.electroluxprofessional.com\/fi\/wp-content\/uploads\/2016\/12\/recipe-e1545052606554.jpg","width":2000,"height":350,"caption":"Electrolux Professional chef academy"},{"@type":"BreadcrumbList","@id":"https:\/\/www.electroluxprofessional.com\/fi\/electrolux-chef-academy-2\/#breadcrumb","itemListElement":[{"@type":"ListItem","position":1,"name":"Home","item":"https:\/\/www.electroluxprofessional.com\/fi\/"},{"@type":"ListItem","position":2,"name":"Electrolux Professional chef academyfin"}]},{"@type":"WebSite","@id":"https:\/\/www.electroluxprofessional.com\/fi\/#website","url":"https:\/\/www.electroluxprofessional.com\/fi\/","name":"Electrolux Professional Suomi","description":"","potentialAction":[{"@type":"SearchAction","target":{"@type":"EntryPoint","urlTemplate":"https:\/\/www.electroluxprofessional.com\/fi\/?src={search_term_string}"},"query-input":"required name=search_term_string"}],"inLanguage":"fi"}]}},"_links":{"self":[{"href":"https:\/\/www.electroluxprofessional.com\/fi\/wp-json\/wp\/v2\/pages\/5533"}],"collection":[{"href":"https:\/\/www.electroluxprofessional.com\/fi\/wp-json\/wp\/v2\/pages"}],"about":[{"href":"https:\/\/www.electroluxprofessional.com\/fi\/wp-json\/wp\/v2\/types\/page"}],"author":[{"embeddable":true,"href":"https:\/\/www.electroluxprofessional.com\/fi\/wp-json\/wp\/v2\/users\/17"}],"replies":[{"embeddable":true,"href":"https:\/\/www.electroluxprofessional.com\/fi\/wp-json\/wp\/v2\/comments?post=5533"}],"version-history":[{"count":14,"href":"https:\/\/www.electroluxprofessional.com\/fi\/wp-json\/wp\/v2\/pages\/5533\/revisions"}],"predecessor-version":[{"id":15576,"href":"https:\/\/www.electroluxprofessional.com\/fi\/wp-json\/wp\/v2\/pages\/5533\/revisions\/15576"}],"wp:featuredmedia":[{"embeddable":true,"href":"https:\/\/www.electroluxprofessional.com\/fi\/wp-json\/wp\/v2\/media\/5524"}],"wp:attachment":[{"href":"https:\/\/www.electroluxprofessional.com\/fi\/wp-json\/wp\/v2\/media?parent=5533"}],"curies":[{"name":"wp","href":"https:\/\/api.w.org\/{rel}","templated":true}]}}