{"id":5210,"date":"2016-05-20T08:33:14","date_gmt":"2016-05-20T08:33:14","guid":{"rendered":"https:\/\/www.electroluxprofessional.com\/?page_id=1287"},"modified":"2025-11-05T14:25:30","modified_gmt":"2025-11-05T14:25:30","slug":"pelastuslaitokset","status":"publish","type":"page","link":"https:\/\/www.electroluxprofessional.com\/fi\/ammattipesulalaitteet\/pelastuslaitokset\/","title":{"rendered":"Pelastuslaitokset"},"content":{"rendered":"<p>[vc_row full_width=&#8221;electroluxpro-full-width-no-padding&#8221;][vc_column reveal_effect=&#8221;&#8221;][elx_step_banner background_image=&#8221;12267&#8243; media_position=&#8221;media_left&#8221; background_colors_button=&#8221;primary&#8221; title_box=&#8221;Pelastuslaitosten pesularatkaisut&#8221;][vc_empty_space][\/vc_column][\/vc_row][vc_row css=&#8221;.vc_custom_1667332687486{background-color: #adadad !important;}&#8221;][vc_column width=&#8221;1\/2&#8243;][vc_empty_space][vc_single_image image=&#8221;9789&#8243; img_size=&#8221;medium&#8221; alignment=&#8221;center&#8221;][vc_empty_space][\/vc_column][vc_column width=&#8221;1\/2&#8243;][vc_empty_space][vc_column_text]<strong>Electrolux Professional on kansainv\u00e4lisen palo- ja pelastusalan j\u00e4rjest\u00f6n, CTIF:n j\u00e4sen. CTIF pyrkii edist\u00e4m\u00e4\u00e4n palokuntaty\u00f6ntekij\u00f6iden ty\u00f6oloja sek\u00e4 palomiesten ja palo- ja pelastusalan asiantuntijoiden kansainv\u00e4list\u00e4 yhteisty\u00f6t\u00e4.<\/strong>[\/vc_column_text][vc_empty_space][\/vc_column][\/vc_row][vc_row][vc_column][vc_empty_space][elx_heading font_size=&#8221;h5&#8243; text_color=&#8221;inherit&#8221; text_align=&#8221;text-center&#8221;]Varmista turvalliset ja kest\u00e4v\u00e4t palokuntavarusteet oikeanlaisilla pesularatkaisuilla[\/elx_heading][vc_empty_space][vc_column_text]<\/p>\n<p style=\"text-align: center;\">Paloasu on palokuntahenkil\u00f6st\u00f6n suojakilpi, mutta saastuneet hiukkaset voivat tarttua vaatteisiiin uhaten pahimillaan palomiesten terveytt\u00e4. Electrolux Professional tarjoaa turvalliset pesu- ja kuivausratkaisut, jotka poistavat suurimman osan j\u00e4\u00e4nn\u00f6smyrkyist\u00e4 &#8211; varmistaen samalla, ettei pesujaksoilla ole negatiivisia vaikutuksia vaatteissa oleviin paloa hidastavien kyll\u00e4steaineiden ominaisuuksiin.<\/p>\n<p>[\/vc_column_text][vc_empty_space][vc_empty_space][vc_column_text]<em><strong>Katso video<\/strong>:<\/em> &#8220;<em>Fire brigades laundry solutions &#8211; Get to the heart of clean_Electrolux Professional&#8221;<\/em>[\/vc_column_text][elx_video_block background_image=&#8221;9768&#8243; video_link=&#8221;https:\/\/www.youtube.com\/watch?v=fx8jH_6zLKY&#8221; minimum_height=&#8221;450px&#8221;][vc_empty_space][\/vc_column][\/vc_row][vc_row css=&#8221;.vc_custom_1667309655277{background-color: #c4c4c4 !important;}&#8221;][vc_column][vc_empty_space][vc_column_text]<\/p>\n<h3 style=\"text-align: center;\">Puhtaampaa, turvallisempaa ja terveellisemp\u00e4\u00e4<\/h3>\n<p>[\/vc_column_text][vc_empty_space][vc_row_inner][vc_column_inner width=&#8221;1\/4&#8243;][vc_single_image image=&#8221;9771&#8243; alignment=&#8221;center&#8221;][vc_column_text]<\/p>\n<h3 style=\"text-align: center;\">Mielenrauhaa<\/h3>\n<p>[\/vc_column_text][vc_column_text]<\/p>\n<p style=\"text-align: center;\">Electrolux Professional Barrier -ratkaisun tarjoaman parhaan mahdollisen laadun ja hygienian ansiosta<\/p>\n<p>[\/vc_column_text][\/vc_column_inner][vc_column_inner width=&#8221;1\/4&#8243;][vc_single_image image=&#8221;9773&#8243; alignment=&#8221;center&#8221;][vc_column_text]<\/p>\n<h3 style=\"text-align: center;\">Korkeinta tehokkuutta<\/h3>\n<p>[\/vc_column_text][vc_column_text]<\/p>\n<p style=\"text-align: center;\">kuivattaessa ainutlaatuisilla ohjelmilla ja lis\u00e4tarvikkeilla, kuten erityisesti pelastuslaitosk\u00e4ytt\u00f6\u00f6n suunnitelluilla kuivauskaappien ripustimilla<\/p>\n<p>[\/vc_column_text][\/vc_column_inner][vc_column_inner width=&#8221;1\/4&#8243;][vc_single_image image=&#8221;9774&#8243; alignment=&#8221;center&#8221;][vc_column_text]<\/p>\n<h3 style=\"text-align: center;\">Maksimaalista joustavuutta<\/h3>\n<p>[\/vc_column_text][vc_column_text]<\/p>\n<p style=\"text-align: center;\">monipuolisten pesuprosessien sek\u00e4 yksil\u00f6llisesti suunniteltujen koneiden ja erikoisohjelmien ansiosta<\/p>\n<p>[\/vc_column_text][\/vc_column_inner][vc_column_inner width=&#8221;1\/4&#8243;][vc_single_image image=&#8221;9775&#8243; alignment=&#8221;center&#8221;][vc_column_text]<\/p>\n<h3 style=\"text-align: center;\">Parasta kustannustehok-<br \/>\nkuutta<\/h3>\n<p>[\/vc_column_text][vc_column_text]<\/p>\n<p style=\"text-align: center;\">pesukoneiden automaattisen s\u00e4\u00e4st\u00f6j\u00e4rjestelm\u00e4n ja nopeampien kuivausprosessien ansiosta<\/p>\n<p>[\/vc_column_text][\/vc_column_inner][\/vc_row_inner][vc_empty_space][\/vc_column][\/vc_row][vc_row][vc_column][vc_empty_space][elx_heading font_size=&#8221;h5&#8243; text_color=&#8221;inherit&#8221; text_align=&#8221;text-left&#8221;]Pid\u00e4 huolta Nomex\u00ae-palovaatteistasi[\/elx_heading][vc_row_inner][vc_column_inner width=&#8221;1\/2&#8243;][vc_single_image image=&#8221;9777&#8243; img_size=&#8221;full&#8221;][vc_empty_space][vc_column_text]Electrolux Professional -j\u00e4rjestelmiss\u00e4 k\u00e4ytetyt pesuohjelmat varmistavat, ett\u00e4 pesulla ei ole heikent\u00e4v\u00e4\u00e4 vaikutusta Nomex\u00ae- ja muiden aramidikuitujen palonesto-ominaisuuksiin \u2013 puhdistustehokkuudesta tinkim\u00e4tt\u00e4.<\/p>\n<p><strong>Osana puhdistusprosessia vaatteesi voidaan my\u00f6s kyll\u00e4st\u00e4\u00e4. <\/strong><strong>Luota globaalin toimijan kokemukseen:<\/strong><\/p>\n<p>-Erinomaisuutta sis\u00e4lt\u00e4p\u00e4in: \u00e4lykk\u00e4\u00e4t ominaisuudet ja erikoisohjelmat pelastuslaitosten tarpeisiin<\/p>\n<p>-Electrolux Professional Laundry Solution kyll\u00e4st\u00e4\u00e4 suojavaatteet osana yleist\u00e4 puhdistusprosessia<\/p>\n<p>-Palauttaa t\u00e4yden suojan ja k\u00e4ytt\u00f6mukavuuden palovaatteille jokaisen pesun j\u00e4lkeen<\/p>\n<p>-S\u00e4\u00e4st\u00e4\u00e4 vett\u00e4, energiaa ja aikaa \u2013 kyll\u00e4stysnesteit\u00e4 ja vett\u00e4 voidaan k\u00e4ytt\u00e4\u00e4 useita kertoja[\/vc_column_text][\/vc_column_inner][vc_column_inner width=&#8221;1\/2&#8243;][vc_single_image image=&#8221;9778&#8243; img_size=&#8221;full&#8221;][vc_empty_space][vc_column_text]Palokuntavaatteet ovat tilaa vievi\u00e4. Siksi niiden <strong>pesuun suositellaan koneita, joissa on suuri rumputilavuus ja suuri oviaukko.<\/strong><\/p>\n<p>Korkealinkoiset, edest\u00e4 t\u00e4ytett\u00e4v\u00e4t pesukoneet tai <strong><a href=\"https:\/\/www.electroluxprofessional.com\/fi\/barrier-pesukoneet\/\">barrier-pesukoneet<\/a><\/strong>, joissa on ohjelmoitava ohjaus ja erikoispesuohjelmat, ovat sopivimpia palokuntavaatteiden pesuun kahdesta syyst\u00e4:<\/p>\n<p>-Vaatteissa voi olla &#8220;vesitaskun&#8221; muodostava kalvokerros, joka aiheuttaa huomattavan ep\u00e4tasapainon linkouksen aikana. <strong>Korkealinkoinen pesukone ei ole niin herkk\u00e4 ep\u00e4tasapainolle.<\/strong><\/p>\n<p><strong>-Matala linkous ei vahingoita vaatteen arvokkaita valaistusraitoja.<\/strong>[\/vc_column_text][\/vc_column_inner][\/vc_row_inner][vc_empty_space][vc_row_inner][vc_column_inner width=&#8221;1\/2&#8243;][elx_download_block text=&#8221;Lataa<br \/>\nPelastuslaitosten pesularatkaisut -esite&#8221; document_type=&#8221;brochures&#8221; file_picker=&#8221;11754&#8243; background_color=&#8221;electrolux-blue&#8221; br_document_number=&#8221;BRO-9JE00005&#8243;][\/vc_column_inner][vc_column_inner width=&#8221;1\/2&#8243;][elx_download_block text=&#8221;Lataa<br \/>\nHenkil\u00f6nsuojainten pesukoneet -esite&#8221; document_type=&#8221;leaflets&#8221; background_color=&#8221;electrolux-blue&#8221; le_document_number=&#8221;CLFL-9JE00044&#8243;][\/vc_column_inner][\/vc_row_inner][vc_empty_space][\/vc_column][\/vc_row][vc_row][vc_column][vc_empty_space][elx_heading font_container=&#8221;h3&#8243; font_size=&#8221;h5&#8243; text_color=&#8221;electrolux-blue&#8221; text_align=&#8221;text-center&#8221;]OnE &#8211; yksi kokonaisratkaisun toimittaja[\/elx_heading][vc_empty_space][\/vc_column][\/vc_row][vc_row][vc_column][vc_empty_space][vc_row_inner][vc_column_inner width=&#8221;1\/2&#8243;][vc_single_image image=&#8221;11757&#8243; img_size=&#8221;medium&#8221; alignment=&#8221;center&#8221;][\/vc_column_inner][vc_column_inner width=&#8221;1\/2&#8243;][vc_column_text]<\/p>\n<h3>Line 6000 ClarusVibe -pesukoneet<\/h3>\n<div class=\"wpb_text_column wpb_content_element \">\n<div class=\"\">\n<p><strong>Pesukoneemme turvaavat my\u00f6s hengityssuojainten<br \/>\nhygieenisyyden ja turvallisuuden.<\/strong><\/p>\n<\/div>\n<\/div>\n<div class=\"wpb_text_column wpb_content_element \">\n<div class=\"\">\n<p><strong><a href=\"https:\/\/www.electroluxprofessional.com\/fi\/ammattipesulalaitteet\/line-6000-pesukoneet\/\">ClarusVibe -k\u00e4ytt\u00f6liittym\u00e4ll\u00e4 varustettuihin Line 6000 -pesukoneisiin<\/a><\/strong> voidaan r\u00e4\u00e4t\u00e4l\u00f6id\u00e4 ohjelmapaketit kohteen mukaan. Pesukoneeseen on mahdollista saada mm. pesuohjelma hengitys-suojainten (Dr\u00e4ger)pesua varten. Voit muokata ohjelmia helposti suoraan pesukoneen n\u00e4yt\u00f6lt\u00e4.<\/p>\n<\/div>\n<\/div>\n<p>[\/vc_column_text][vc_empty_space][\/vc_column_inner][\/vc_row_inner][vc_row_inner][vc_column_inner width=&#8221;1\/2&#8243;][vc_empty_space][vc_single_image image=&#8221;9783&#8243; img_size=&#8221;medium&#8221; alignment=&#8221;center&#8221;][\/vc_column_inner][vc_column_inner width=&#8221;1\/2&#8243;][vc_column_text]<\/p>\n<h3>Barrier-pesukoneet<\/h3>\n<p>Optimoi pesuprosessisi <strong><a href=\"https:\/\/www.electroluxprofessional.com\/fi\/barrier-pesukoneet\/\">barrier-ratkaisulla<\/a>.<\/strong> Pyykin t\u00e4ytt\u00f6- ja purkuvaiheet on selke\u00e4sti erotettu toisistaan: <strong>likaiset vaatteet ladataan koneen toiselta puolelta, ja puhdas pyykki puretaan turvallisesti erilliselle puhtaalle alueelle.<\/strong><\/p>\n<p>Koneen ainutlaatuinen &#8220;Hygiene Watchdog&#8221; -ominaisuus varmistaa, ett\u00e4 pesuohjelma p\u00e4\u00e4tet\u00e4\u00e4n ennen kuin pesukone voidaan tyhjent\u00e4\u00e4 puhtaalta puolelta.[\/vc_column_text][vc_empty_space][\/vc_column_inner][\/vc_row_inner][vc_row_inner][vc_column_inner width=&#8221;1\/2&#8243;][vc_empty_space][vc_empty_space][vc_single_image image=&#8221;13217&#8243; img_size=&#8221;medium&#8221; alignment=&#8221;center&#8221;][\/vc_column_inner][vc_column_inner width=&#8221;1\/2&#8243;][vc_empty_space][vc_column_text]<\/p>\n<h3>Kuivauskaapit<\/h3>\n<p><strong>Pelastuspalveluille suunnitellut kuivausratkaisut suojaavat kyll\u00e4stettyj\u00e4 vaatteita.<\/strong> Electrolux Professionalin tehokkaan <strong><a href=\"https:\/\/www.electroluxprofessional.com\/fi\/kuivauskaapit\/\">kuivauskaapin<\/a> <\/strong>k\u00e4ytt\u00e4m\u00e4 ohjelma aktivoi kyll\u00e4stetyn kerroksen uudelleen.<\/p>\n<p>Paras kuivaustulos saavutetaan erityisesti pelastuslaitosk\u00e4ytt\u00f6\u00f6n suunnitelluilla tuuletusripustimilla: Electrolux Professional -tuuletusripustimet helpottavat ilman virtausta, sill\u00e4 l\u00e4mmin ilma puhalletaan ensin ripustimien l\u00e4pi suoraan vaatteeseen ja sitten sen ulkopuolelle.[\/vc_column_text][\/vc_column_inner][\/vc_row_inner][vc_empty_space][\/vc_column][\/vc_row][vc_row][vc_column][vc_empty_space][elx_heading text_color=&#8221;inherit&#8221; text_align=&#8221;text-center&#8221;]Haluatko tiet\u00e4\u00e4 lis\u00e4\u00e4? Ota meihin yhteytt\u00e4![\/elx_heading][elx_o2000_contact_us s=&#8221;Tietopyynt\u00f6: Pelastuslaitokset, pesulakoneet&#8221; country=&#8221;Finland&#8221; b=&#8221;laundry&#8221; container=&#8221;elxcontactus1466429009123&#8243; r=&#8221;Haluaisin tiet\u00e4\u00e4 lis\u00e4\u00e4 pesularatkaisuista pelastuslaitoksille, joten ottakaa yhteytt\u00e4 minuun.&#8221; e=&#8221;ammattipesulat@electroluxprofessional.com&#8221; l=&#8221;fi&#8221;][vc_empty_space height=&#8221;50px&#8221;][\/vc_column][\/vc_row][vc_row][vc_column][elx_heading font_size=&#8221;h3&#8243; text_color=&#8221;inherit&#8221; text_align=&#8221;text-center&#8221;]Saatat olla kiinnostunut my\u00f6s seuraavista:[\/elx_heading][\/vc_column][\/vc_row][vc_row][vc_column width=&#8221;1\/3&#8243;][elx_maylike_box id_box=&#8221;2824&#8243;][\/vc_column][vc_column width=&#8221;1\/3&#8243;][elx_maylike_box id_box=&#8221;2834&#8243;][\/vc_column][vc_column width=&#8221;1\/3&#8243;][elx_maylike_box id_box=&#8221;2830&#8243;][\/vc_column][\/vc_row]<\/p>\n","protected":false},"excerpt":{"rendered":"<p>[vc_row full_width=&#8221;electroluxpro-full-width-no-padding&#8221;][vc_column reveal_effect=&#8221;&#8221;][elx_step_banner background_image=&#8221;12267&#8243; media_position=&#8221;media_left&#8221; background_colors_button=&#8221;primary&#8221; title_box=&#8221;Pelastuslaitosten pesularatkaisut&#8221;][vc_empty_space][\/vc_column][\/vc_row][vc_row css=&#8221;.vc_custom_1667332687486{background-color: #adadad !important;}&#8221;][vc_column width=&#8221;1\/2&#8243;][vc_empty_space][vc_single_image image=&#8221;9789&#8243; img_size=&#8221;medium&#8221; alignment=&#8221;center&#8221;][vc_empty_space][\/vc_column][vc_column width=&#8221;1\/2&#8243;][vc_empty_space][vc_column_text]Electrolux Professional on kansainv\u00e4lisen palo- ja pelastusalan j\u00e4rjest\u00f6n, CTIF:n j\u00e4sen. CTIF pyrkii edist\u00e4m\u00e4\u00e4n palokuntaty\u00f6ntekij\u00f6iden ty\u00f6oloja sek\u00e4 palomiesten ja palo- ja pelastusalan asiantuntijoiden kansainv\u00e4list\u00e4 yhteisty\u00f6t\u00e4.[\/vc_column_text][vc_empty_space][\/vc_column][\/vc_row][vc_row][vc_column][vc_empty_space][elx_heading font_size=&#8221;h5&#8243; text_color=&#8221;inherit&#8221; text_align=&#8221;text-center&#8221;]Varmista turvalliset ja kest\u00e4v\u00e4t palokuntavarusteet oikeanlaisilla pesularatkaisuilla[\/elx_heading][vc_empty_space][vc_column_text] Paloasu on palokuntahenkil\u00f6st\u00f6n suojakilpi, mutta saastuneet hiukkaset [&hellip;]<\/p>\n","protected":false},"author":17,"featured_media":5200,"parent":2396,"menu_order":0,"comment_status":"closed","ping_status":"closed","template":"","meta":{"footnotes":""},"class_list":["post-5210","page","type-page","status-publish","has-post-thumbnail","hentry"],"yoast_head":"<!-- This site is optimized with the Yoast SEO plugin v23.3 - https:\/\/yoast.com\/wordpress\/plugins\/seo\/ -->\n<title>Pesularatkaisut pelastuslaitoksille - Electrolux Professional<\/title>\n<meta name=\"description\" content=\"Pesularatkaisut pelastuslaitoksille, joilla varmistat turvalliset sek\u00e4 kest\u00e4v\u00e4t palokuntavaatteet ja -varusteet. Ota yhteytt\u00e4 nyt.\" \/>\n<meta name=\"robots\" content=\"index, follow, max-snippet:-1, max-image-preview:large, max-video-preview:-1\" \/>\n<link rel=\"canonical\" href=\"https:\/\/www.electroluxprofessional.com\/fi\/ammattipesulalaitteet\/pelastuslaitokset\/\" \/>\n<meta property=\"og:locale\" content=\"fi_FI\" \/>\n<meta property=\"og:type\" content=\"article\" \/>\n<meta property=\"og:title\" content=\"Pesularatkaisut pelastuslaitoksille - Electrolux Professional\" \/>\n<meta property=\"og:description\" content=\"Pesularatkaisut pelastuslaitoksille, joilla varmistat turvalliset sek\u00e4 kest\u00e4v\u00e4t palokuntavaatteet ja -varusteet. Ota yhteytt\u00e4 nyt.\" \/>\n<meta property=\"og:url\" content=\"https:\/\/www.electroluxprofessional.com\/fi\/ammattipesulalaitteet\/pelastuslaitokset\/\" \/>\n<meta property=\"og:site_name\" content=\"Electrolux Professional Suomi\" \/>\n<meta property=\"article:modified_time\" content=\"2025-11-05T14:25:30+00:00\" \/>\n<meta property=\"og:image\" content=\"https:\/\/www.electroluxprofessional.com\/fi\/wp-content\/uploads\/2016\/11\/firebrigades-quadro-1.jpg\" \/>\n\t<meta property=\"og:image:width\" content=\"700\" \/>\n\t<meta property=\"og:image:height\" content=\"700\" \/>\n\t<meta property=\"og:image:type\" content=\"image\/jpeg\" \/>\n<meta name=\"twitter:card\" content=\"summary_large_image\" \/>\n<meta name=\"twitter:label1\" content=\"Arvioitu lukuaika\" \/>\n\t<meta name=\"twitter:data1\" content=\"4 minuuttia\" \/>\n<script type=\"application\/ld+json\" class=\"yoast-schema-graph\">{\"@context\":\"https:\/\/schema.org\",\"@graph\":[{\"@type\":\"WebPage\",\"@id\":\"https:\/\/www.electroluxprofessional.com\/fi\/ammattipesulalaitteet\/pelastuslaitokset\/\",\"url\":\"https:\/\/www.electroluxprofessional.com\/fi\/ammattipesulalaitteet\/pelastuslaitokset\/\",\"name\":\"Pesularatkaisut pelastuslaitoksille - Electrolux Professional\",\"isPartOf\":{\"@id\":\"https:\/\/www.electroluxprofessional.com\/fi\/#website\"},\"primaryImageOfPage\":{\"@id\":\"https:\/\/www.electroluxprofessional.com\/fi\/ammattipesulalaitteet\/pelastuslaitokset\/#primaryimage\"},\"image\":{\"@id\":\"https:\/\/www.electroluxprofessional.com\/fi\/ammattipesulalaitteet\/pelastuslaitokset\/#primaryimage\"},\"thumbnailUrl\":\"https:\/\/www.electroluxprofessional.com\/fi\/wp-content\/uploads\/2016\/11\/firebrigades-quadro-1.jpg\",\"datePublished\":\"2016-05-20T08:33:14+00:00\",\"dateModified\":\"2025-11-05T14:25:30+00:00\",\"description\":\"Pesularatkaisut pelastuslaitoksille, joilla varmistat turvalliset sek\u00e4 kest\u00e4v\u00e4t palokuntavaatteet ja -varusteet. Ota yhteytt\u00e4 nyt.\",\"breadcrumb\":{\"@id\":\"https:\/\/www.electroluxprofessional.com\/fi\/ammattipesulalaitteet\/pelastuslaitokset\/#breadcrumb\"},\"inLanguage\":\"fi\",\"potentialAction\":[{\"@type\":\"ReadAction\",\"target\":[\"https:\/\/www.electroluxprofessional.com\/fi\/ammattipesulalaitteet\/pelastuslaitokset\/\"]}]},{\"@type\":\"ImageObject\",\"inLanguage\":\"fi\",\"@id\":\"https:\/\/www.electroluxprofessional.com\/fi\/ammattipesulalaitteet\/pelastuslaitokset\/#primaryimage\",\"url\":\"https:\/\/www.electroluxprofessional.com\/fi\/wp-content\/uploads\/2016\/11\/firebrigades-quadro-1.jpg\",\"contentUrl\":\"https:\/\/www.electroluxprofessional.com\/fi\/wp-content\/uploads\/2016\/11\/firebrigades-quadro-1.jpg\",\"width\":700,\"height\":700,\"caption\":\"firebrigades\"},{\"@type\":\"BreadcrumbList\",\"@id\":\"https:\/\/www.electroluxprofessional.com\/fi\/ammattipesulalaitteet\/pelastuslaitokset\/#breadcrumb\",\"itemListElement\":[{\"@type\":\"ListItem\",\"position\":1,\"name\":\"Home\",\"item\":\"https:\/\/www.electroluxprofessional.com\/fi\/\"},{\"@type\":\"ListItem\",\"position\":2,\"name\":\"Ammattipesulalaitteet\",\"item\":\"https:\/\/www.electroluxprofessional.com\/fi\/ammattipesulalaitteet\/\"},{\"@type\":\"ListItem\",\"position\":3,\"name\":\"Pelastuslaitokset\"}]},{\"@type\":\"WebSite\",\"@id\":\"https:\/\/www.electroluxprofessional.com\/fi\/#website\",\"url\":\"https:\/\/www.electroluxprofessional.com\/fi\/\",\"name\":\"Electrolux Professional Suomi\",\"description\":\"\",\"potentialAction\":[{\"@type\":\"SearchAction\",\"target\":{\"@type\":\"EntryPoint\",\"urlTemplate\":\"https:\/\/www.electroluxprofessional.com\/fi\/?src={search_term_string}\"},\"query-input\":\"required name=search_term_string\"}],\"inLanguage\":\"fi\"}]}<\/script>\n<!-- \/ Yoast SEO plugin. -->","yoast_head_json":{"title":"Pesularatkaisut pelastuslaitoksille - Electrolux Professional","description":"Pesularatkaisut pelastuslaitoksille, joilla varmistat turvalliset sek\u00e4 kest\u00e4v\u00e4t palokuntavaatteet ja -varusteet. Ota yhteytt\u00e4 nyt.","robots":{"index":"index","follow":"follow","max-snippet":"max-snippet:-1","max-image-preview":"max-image-preview:large","max-video-preview":"max-video-preview:-1"},"canonical":"https:\/\/www.electroluxprofessional.com\/fi\/ammattipesulalaitteet\/pelastuslaitokset\/","og_locale":"fi_FI","og_type":"article","og_title":"Pesularatkaisut pelastuslaitoksille - Electrolux Professional","og_description":"Pesularatkaisut pelastuslaitoksille, joilla varmistat turvalliset sek\u00e4 kest\u00e4v\u00e4t palokuntavaatteet ja -varusteet. Ota yhteytt\u00e4 nyt.","og_url":"https:\/\/www.electroluxprofessional.com\/fi\/ammattipesulalaitteet\/pelastuslaitokset\/","og_site_name":"Electrolux Professional Suomi","article_modified_time":"2025-11-05T14:25:30+00:00","og_image":[{"width":700,"height":700,"url":"https:\/\/www.electroluxprofessional.com\/fi\/wp-content\/uploads\/2016\/11\/firebrigades-quadro-1.jpg","type":"image\/jpeg"}],"twitter_card":"summary_large_image","twitter_misc":{"Arvioitu lukuaika":"4 minuuttia"},"schema":{"@context":"https:\/\/schema.org","@graph":[{"@type":"WebPage","@id":"https:\/\/www.electroluxprofessional.com\/fi\/ammattipesulalaitteet\/pelastuslaitokset\/","url":"https:\/\/www.electroluxprofessional.com\/fi\/ammattipesulalaitteet\/pelastuslaitokset\/","name":"Pesularatkaisut pelastuslaitoksille - Electrolux Professional","isPartOf":{"@id":"https:\/\/www.electroluxprofessional.com\/fi\/#website"},"primaryImageOfPage":{"@id":"https:\/\/www.electroluxprofessional.com\/fi\/ammattipesulalaitteet\/pelastuslaitokset\/#primaryimage"},"image":{"@id":"https:\/\/www.electroluxprofessional.com\/fi\/ammattipesulalaitteet\/pelastuslaitokset\/#primaryimage"},"thumbnailUrl":"https:\/\/www.electroluxprofessional.com\/fi\/wp-content\/uploads\/2016\/11\/firebrigades-quadro-1.jpg","datePublished":"2016-05-20T08:33:14+00:00","dateModified":"2025-11-05T14:25:30+00:00","description":"Pesularatkaisut pelastuslaitoksille, joilla varmistat turvalliset sek\u00e4 kest\u00e4v\u00e4t palokuntavaatteet ja -varusteet. Ota yhteytt\u00e4 nyt.","breadcrumb":{"@id":"https:\/\/www.electroluxprofessional.com\/fi\/ammattipesulalaitteet\/pelastuslaitokset\/#breadcrumb"},"inLanguage":"fi","potentialAction":[{"@type":"ReadAction","target":["https:\/\/www.electroluxprofessional.com\/fi\/ammattipesulalaitteet\/pelastuslaitokset\/"]}]},{"@type":"ImageObject","inLanguage":"fi","@id":"https:\/\/www.electroluxprofessional.com\/fi\/ammattipesulalaitteet\/pelastuslaitokset\/#primaryimage","url":"https:\/\/www.electroluxprofessional.com\/fi\/wp-content\/uploads\/2016\/11\/firebrigades-quadro-1.jpg","contentUrl":"https:\/\/www.electroluxprofessional.com\/fi\/wp-content\/uploads\/2016\/11\/firebrigades-quadro-1.jpg","width":700,"height":700,"caption":"firebrigades"},{"@type":"BreadcrumbList","@id":"https:\/\/www.electroluxprofessional.com\/fi\/ammattipesulalaitteet\/pelastuslaitokset\/#breadcrumb","itemListElement":[{"@type":"ListItem","position":1,"name":"Home","item":"https:\/\/www.electroluxprofessional.com\/fi\/"},{"@type":"ListItem","position":2,"name":"Ammattipesulalaitteet","item":"https:\/\/www.electroluxprofessional.com\/fi\/ammattipesulalaitteet\/"},{"@type":"ListItem","position":3,"name":"Pelastuslaitokset"}]},{"@type":"WebSite","@id":"https:\/\/www.electroluxprofessional.com\/fi\/#website","url":"https:\/\/www.electroluxprofessional.com\/fi\/","name":"Electrolux Professional Suomi","description":"","potentialAction":[{"@type":"SearchAction","target":{"@type":"EntryPoint","urlTemplate":"https:\/\/www.electroluxprofessional.com\/fi\/?src={search_term_string}"},"query-input":"required name=search_term_string"}],"inLanguage":"fi"}]}},"_links":{"self":[{"href":"https:\/\/www.electroluxprofessional.com\/fi\/wp-json\/wp\/v2\/pages\/5210"}],"collection":[{"href":"https:\/\/www.electroluxprofessional.com\/fi\/wp-json\/wp\/v2\/pages"}],"about":[{"href":"https:\/\/www.electroluxprofessional.com\/fi\/wp-json\/wp\/v2\/types\/page"}],"author":[{"embeddable":true,"href":"https:\/\/www.electroluxprofessional.com\/fi\/wp-json\/wp\/v2\/users\/17"}],"replies":[{"embeddable":true,"href":"https:\/\/www.electroluxprofessional.com\/fi\/wp-json\/wp\/v2\/comments?post=5210"}],"version-history":[{"count":61,"href":"https:\/\/www.electroluxprofessional.com\/fi\/wp-json\/wp\/v2\/pages\/5210\/revisions"}],"predecessor-version":[{"id":15644,"href":"https:\/\/www.electroluxprofessional.com\/fi\/wp-json\/wp\/v2\/pages\/5210\/revisions\/15644"}],"up":[{"embeddable":true,"href":"https:\/\/www.electroluxprofessional.com\/fi\/wp-json\/wp\/v2\/pages\/2396"}],"wp:featuredmedia":[{"embeddable":true,"href":"https:\/\/www.electroluxprofessional.com\/fi\/wp-json\/wp\/v2\/media\/5200"}],"wp:attachment":[{"href":"https:\/\/www.electroluxprofessional.com\/fi\/wp-json\/wp\/v2\/media?parent=5210"}],"curies":[{"name":"wp","href":"https:\/\/api.w.org\/{rel}","templated":true}]}}