{"id":5111,"date":"2018-01-17T14:24:42","date_gmt":"2018-01-17T13:24:42","guid":{"rendered":"https:\/\/www.electroluxprofessional.com\/?page_id=14181"},"modified":"2025-11-05T14:03:36","modified_gmt":"2025-11-05T14:03:36","slug":"multislim-pienuunit","status":"publish","type":"page","link":"https:\/\/www.electroluxprofessional.com\/fi\/ammattikeittiolaitteet\/multislim-pienuunit\/","title":{"rendered":"MultiSlim pienuunit"},"content":{"rendered":"<p>[vc_row full_width=&#8221;electroluxpro-full-width-no-padding&#8221;][vc_column][vc_single_image image=&#8221;11168&#8243; img_size=&#8221;full&#8221; alignment=&#8221;center&#8221;][\/vc_column][\/vc_row][vc_row][vc_column width=&#8221;2\/3&#8243;][elx_heading font_container=&#8221;h1&#8243; font_size=&#8221;h3&#8243; text_color=&#8221;inherit&#8221;]MultiSlim pienuunit[\/elx_heading][vc_empty_space][vc_column_text]<strong>Onko keitti\u00f6ss\u00e4si v\u00e4h\u00e4n tilaa?<\/strong><\/p>\n<p><strong>Haluatko pienent\u00e4\u00e4 k\u00e4ytt\u00f6kustannuksia tinkim\u00e4tt\u00e4 kuitenkaan ruoan laadusta?<\/strong><\/p>\n<p><strong>MultiSlim pienuuni<\/strong> on t\u00e4ydellinen valinta ravintolaasi ja baariisi![\/vc_column_text][vc_empty_space][\/vc_column][vc_column width=&#8221;1\/3&#8243;][\/vc_column][\/vc_row][vc_row][vc_column width=&#8221;1\/3&#8243;][vc_single_image image=&#8221;5099&#8243; img_size=&#8221;full&#8221;][vc_empty_space][elx_heading font_size=&#8221;h5&#8243; text_color=&#8221;inherit&#8221;]Ymp\u00e4rist\u00f6yst\u00e4v\u00e4llinen[\/elx_heading][vc_column_text]Haluatko v\u00e4hent\u00e4\u00e4 vesilaskuasi 15% ja taata erinomaiset valmistustulokset?Electrolux Professionalin Multislim-uuni on edell\u00e4k\u00e4vij\u00e4 kest\u00e4vyydess\u00e4 ja kannattavuudessa tilan ollessa rajallinen.[\/vc_column_text][\/vc_column][vc_column width=&#8221;1\/3&#8243;][vc_single_image image=&#8221;5100&#8243; img_size=&#8221;full&#8221;][vc_empty_space][elx_heading font_size=&#8221;h5&#8243; text_color=&#8221;inherit&#8221;]S\u00e4\u00e4st\u00e4\u00e4 tilaa[\/elx_heading][vc_column_text]Kompaktit mitat: vain 0,42 m2. MultiSlim onkin optimaalinen valinta<br \/>\npieniin keitti\u00f6ihin. Oven avaus on mahdollista oikealle tai vasemmalle &#8211; ja os keitti\u00f6si pohjakuva muuttuu, ovi voidaan helposti vaihtaa toiseen suuntaan avautuvaksi k\u00e4ytt\u00f6paikalla.[\/vc_column_text][vc_empty_space][vc_empty_space][\/vc_column][vc_column width=&#8221;1\/3&#8243;][vc_single_image image=&#8221;5101&#8243; img_size=&#8221;full&#8221;][vc_empty_space][elx_heading font_size=&#8221;h5&#8243; text_color=&#8221;inherit&#8221;]Kest\u00e4v\u00e4[\/elx_heading][vc_column_text]MultiSlim on suunniteltu ammattimaista ja pitk\u00e4aikaista k\u00e4ytt\u00f6\u00e4 silm\u00e4ll\u00e4pit\u00e4en; valmistuksessa on k\u00e4ytetty korkealuokkaisia materiaaleja. Siit\u00e4 huolimatta uuni painaa vain 72 kg.[\/vc_column_text][\/vc_column][\/vc_row][vc_row css=&#8221;.vc_custom_1516626289472{background-color: #eeeeee !important;}&#8221;][vc_column width=&#8221;1\/2&#8243;][vc_single_image image=&#8221;5102&#8243; img_size=&#8221;full&#8221;][\/vc_column][vc_column width=&#8221;1\/2&#8243;][vc_empty_space][elx_heading font_size=&#8221;h5&#8243; text_color=&#8221;inherit&#8221;]MultiSlim pienuuni,<br \/>\nruokalista sormenp\u00e4iss\u00e4si[\/elx_heading][vc_column_text]T\u00e4ydelliset paistotulokset, taattu k\u00e4ytt\u00f6kerrasta toiseen. Nopea ja helppo ohjelmien, toimintojen<br \/>\nja paistoasetusten valinta py\u00f6ritett\u00e4v\u00e4ll\u00e4 valitsimella.<\/p>\n<p>MultiSlimin helppok\u00e4ytt\u00f6isell\u00e4 k\u00e4ytt\u00f6liittym\u00e4ll\u00e4 voidaan luoda, tallentaa ja ladata jopa <strong>99 suosikkiresepti\u00e4.\u00a0<\/strong>[\/vc_column_text][\/vc_column][\/vc_row][vc_row][vc_column css=&#8221;.vc_custom_1516182416648{padding-top: 40px !important;}&#8221;][vc_empty_space][\/vc_column][\/vc_row][vc_row][vc_column width=&#8221;1\/3&#8243;][vc_single_image image=&#8221;5103&#8243; img_size=&#8221;full&#8221;][\/vc_column][vc_column width=&#8221;1\/3&#8243;][vc_empty_space][elx_heading font_size=&#8221;h5&#8243; text_color=&#8221;inherit&#8221;]Oikeat lis\u00e4varusteet herkullisiin lopputuloksiin[\/elx_heading][vc_column_text]Nopeaa ja helppoa. Lataa\u00a0 Multislim uunin esite, jossa on mukana reseptej\u00e4 ja laitteen t\u00e4rkeimm\u00e4t lis\u00e4varusteet.[\/vc_column_text][\/vc_column][vc_column width=&#8221;1\/3&#8243;][vc_empty_space][elx_download_block text=&#8221;Lataa MultiSlim pienuuni -esite (EN)&#8221; file_picker=&#8221;15261&#8243; background_color=&#8221;electrolux-blue&#8221;][\/vc_column][\/vc_row][vc_row][vc_column][vc_empty_space][elx_heading font_size=&#8221;h3&#8243; text_color=&#8221;inherit&#8221;]Haluatko tiet\u00e4\u00e4 lis\u00e4\u00e4? Ota meihin yhteytt\u00e4.[\/elx_heading][elx_o2000_contact_us s=&#8221;Tietopyynt\u00f6: MultiSlim uuni&#8221; country=&#8221;Finland&#8221; r=&#8221;Haluan lis\u00e4tietoja Multislim-uuneista. Ottakaa minuun yhteytt\u00e4.&#8221; l=&#8221;fi&#8221; e=&#8221;ammattikeittiot@electroluxprofessional.com&#8221;][\/vc_column][\/vc_row][vc_row css=&#8221;.vc_custom_1517485643770{background-color: #eeeeee !important;}&#8221;][vc_column][vc_row_inner css=&#8221;.vc_custom_1517485631687{background-color: #eeeeee !important;}&#8221;][vc_column_inner width=&#8221;1\/3&#8243;][elx_maylike_box id_box=&#8221;2686&#8243;][\/vc_column_inner][vc_column_inner width=&#8221;1\/3&#8243;][elx_maylike_box id_box=&#8221;2694&#8243;][\/vc_column_inner][vc_column_inner width=&#8221;1\/3&#8243;][elx_maylike_box id_box=&#8221;4411&#8243;][\/vc_column_inner][\/vc_row_inner][\/vc_column][\/vc_row]<\/p>\n","protected":false},"excerpt":{"rendered":"<p>[vc_row full_width=&#8221;electroluxpro-full-width-no-padding&#8221;][vc_column][vc_single_image image=&#8221;11168&#8243; img_size=&#8221;full&#8221; alignment=&#8221;center&#8221;][\/vc_column][\/vc_row][vc_row][vc_column width=&#8221;2\/3&#8243;][elx_heading font_container=&#8221;h1&#8243; font_size=&#8221;h3&#8243; text_color=&#8221;inherit&#8221;]MultiSlim pienuunit[\/elx_heading][vc_empty_space][vc_column_text]Onko keitti\u00f6ss\u00e4si v\u00e4h\u00e4n tilaa? Haluatko pienent\u00e4\u00e4 k\u00e4ytt\u00f6kustannuksia tinkim\u00e4tt\u00e4 kuitenkaan ruoan laadusta? MultiSlim pienuuni on t\u00e4ydellinen valinta ravintolaasi ja baariisi![\/vc_column_text][vc_empty_space][\/vc_column][vc_column width=&#8221;1\/3&#8243;][\/vc_column][\/vc_row][vc_row][vc_column width=&#8221;1\/3&#8243;][vc_single_image image=&#8221;5099&#8243; img_size=&#8221;full&#8221;][vc_empty_space][elx_heading font_size=&#8221;h5&#8243; text_color=&#8221;inherit&#8221;]Ymp\u00e4rist\u00f6yst\u00e4v\u00e4llinen[\/elx_heading][vc_column_text]Haluatko v\u00e4hent\u00e4\u00e4 vesilaskuasi 15% ja taata erinomaiset valmistustulokset?Electrolux Professionalin Multislim-uuni on edell\u00e4k\u00e4vij\u00e4 kest\u00e4vyydess\u00e4 ja kannattavuudessa tilan ollessa rajallinen.[\/vc_column_text][\/vc_column][vc_column width=&#8221;1\/3&#8243;][vc_single_image image=&#8221;5100&#8243; img_size=&#8221;full&#8221;][vc_empty_space][elx_heading font_size=&#8221;h5&#8243; [&hellip;]<\/p>\n","protected":false},"author":17,"featured_media":0,"parent":2363,"menu_order":0,"comment_status":"closed","ping_status":"closed","template":"","meta":{"footnotes":""},"class_list":["post-5111","page","type-page","status-publish","hentry"],"yoast_head":"<!-- This site is optimized with the Yoast SEO plugin v23.3 - https:\/\/yoast.com\/wordpress\/plugins\/seo\/ -->\n<title>MultiSlim pienuunit - Electrolux Professional Suomi<\/title>\n<meta name=\"description\" content=\"Multislim pienuuni on erinomainen valinta keitti\u00f6lle, jolla on v\u00e4h\u00e4n tilaa k\u00e4ytett\u00e4viss\u00e4. Helppok\u00e4ytt\u00f6isyys, ohjelmoitavat reseptit ja GN 1\/1 kammion tilavuus tekev\u00e4t uunista t\u00e4ydellisen paketin.\" \/>\n<meta name=\"robots\" content=\"index, follow, max-snippet:-1, max-image-preview:large, max-video-preview:-1\" \/>\n<link rel=\"canonical\" href=\"https:\/\/www.electroluxprofessional.com\/fi\/ammattikeittiolaitteet\/multislim-pienuunit\/\" \/>\n<meta property=\"og:locale\" content=\"fi_FI\" \/>\n<meta property=\"og:type\" content=\"article\" \/>\n<meta property=\"og:title\" content=\"MultiSlim pienuunit - Electrolux Professional Suomi\" \/>\n<meta property=\"og:description\" content=\"Multislim pienuuni on erinomainen valinta keitti\u00f6lle, jolla on v\u00e4h\u00e4n tilaa k\u00e4ytett\u00e4viss\u00e4. Helppok\u00e4ytt\u00f6isyys, ohjelmoitavat reseptit ja GN 1\/1 kammion tilavuus tekev\u00e4t uunista t\u00e4ydellisen paketin.\" \/>\n<meta property=\"og:url\" content=\"https:\/\/www.electroluxprofessional.com\/fi\/ammattikeittiolaitteet\/multislim-pienuunit\/\" \/>\n<meta property=\"og:site_name\" content=\"Electrolux Professional Suomi\" \/>\n<meta property=\"article:modified_time\" content=\"2025-11-05T14:03:36+00:00\" \/>\n<meta name=\"twitter:card\" content=\"summary_large_image\" \/>\n<meta name=\"twitter:label1\" content=\"Arvioitu lukuaika\" \/>\n\t<meta name=\"twitter:data1\" content=\"2 minuuttia\" \/>\n<script type=\"application\/ld+json\" class=\"yoast-schema-graph\">{\"@context\":\"https:\/\/schema.org\",\"@graph\":[{\"@type\":\"WebPage\",\"@id\":\"https:\/\/www.electroluxprofessional.com\/fi\/ammattikeittiolaitteet\/multislim-pienuunit\/\",\"url\":\"https:\/\/www.electroluxprofessional.com\/fi\/ammattikeittiolaitteet\/multislim-pienuunit\/\",\"name\":\"MultiSlim pienuunit - Electrolux Professional Suomi\",\"isPartOf\":{\"@id\":\"https:\/\/www.electroluxprofessional.com\/fi\/#website\"},\"datePublished\":\"2018-01-17T13:24:42+00:00\",\"dateModified\":\"2025-11-05T14:03:36+00:00\",\"description\":\"Multislim pienuuni on erinomainen valinta keitti\u00f6lle, jolla on v\u00e4h\u00e4n tilaa k\u00e4ytett\u00e4viss\u00e4. Helppok\u00e4ytt\u00f6isyys, ohjelmoitavat reseptit ja GN 1\/1 kammion tilavuus tekev\u00e4t uunista t\u00e4ydellisen paketin.\",\"breadcrumb\":{\"@id\":\"https:\/\/www.electroluxprofessional.com\/fi\/ammattikeittiolaitteet\/multislim-pienuunit\/#breadcrumb\"},\"inLanguage\":\"fi\",\"potentialAction\":[{\"@type\":\"ReadAction\",\"target\":[\"https:\/\/www.electroluxprofessional.com\/fi\/ammattikeittiolaitteet\/multislim-pienuunit\/\"]}]},{\"@type\":\"BreadcrumbList\",\"@id\":\"https:\/\/www.electroluxprofessional.com\/fi\/ammattikeittiolaitteet\/multislim-pienuunit\/#breadcrumb\",\"itemListElement\":[{\"@type\":\"ListItem\",\"position\":1,\"name\":\"Home\",\"item\":\"https:\/\/www.electroluxprofessional.com\/fi\/\"},{\"@type\":\"ListItem\",\"position\":2,\"name\":\"Ammattikeitti\u00f6laitteet\",\"item\":\"https:\/\/www.electroluxprofessional.com\/fi\/ammattikeittiolaitteet\/\"},{\"@type\":\"ListItem\",\"position\":3,\"name\":\"MultiSlim pienuunit\"}]},{\"@type\":\"WebSite\",\"@id\":\"https:\/\/www.electroluxprofessional.com\/fi\/#website\",\"url\":\"https:\/\/www.electroluxprofessional.com\/fi\/\",\"name\":\"Electrolux Professional Suomi\",\"description\":\"\",\"potentialAction\":[{\"@type\":\"SearchAction\",\"target\":{\"@type\":\"EntryPoint\",\"urlTemplate\":\"https:\/\/www.electroluxprofessional.com\/fi\/?src={search_term_string}\"},\"query-input\":\"required name=search_term_string\"}],\"inLanguage\":\"fi\"}]}<\/script>\n<!-- \/ Yoast SEO plugin. -->","yoast_head_json":{"title":"MultiSlim pienuunit - Electrolux Professional Suomi","description":"Multislim pienuuni on erinomainen valinta keitti\u00f6lle, jolla on v\u00e4h\u00e4n tilaa k\u00e4ytett\u00e4viss\u00e4. Helppok\u00e4ytt\u00f6isyys, ohjelmoitavat reseptit ja GN 1\/1 kammion tilavuus tekev\u00e4t uunista t\u00e4ydellisen paketin.","robots":{"index":"index","follow":"follow","max-snippet":"max-snippet:-1","max-image-preview":"max-image-preview:large","max-video-preview":"max-video-preview:-1"},"canonical":"https:\/\/www.electroluxprofessional.com\/fi\/ammattikeittiolaitteet\/multislim-pienuunit\/","og_locale":"fi_FI","og_type":"article","og_title":"MultiSlim pienuunit - Electrolux Professional Suomi","og_description":"Multislim pienuuni on erinomainen valinta keitti\u00f6lle, jolla on v\u00e4h\u00e4n tilaa k\u00e4ytett\u00e4viss\u00e4. Helppok\u00e4ytt\u00f6isyys, ohjelmoitavat reseptit ja GN 1\/1 kammion tilavuus tekev\u00e4t uunista t\u00e4ydellisen paketin.","og_url":"https:\/\/www.electroluxprofessional.com\/fi\/ammattikeittiolaitteet\/multislim-pienuunit\/","og_site_name":"Electrolux Professional Suomi","article_modified_time":"2025-11-05T14:03:36+00:00","twitter_card":"summary_large_image","twitter_misc":{"Arvioitu lukuaika":"2 minuuttia"},"schema":{"@context":"https:\/\/schema.org","@graph":[{"@type":"WebPage","@id":"https:\/\/www.electroluxprofessional.com\/fi\/ammattikeittiolaitteet\/multislim-pienuunit\/","url":"https:\/\/www.electroluxprofessional.com\/fi\/ammattikeittiolaitteet\/multislim-pienuunit\/","name":"MultiSlim pienuunit - Electrolux Professional Suomi","isPartOf":{"@id":"https:\/\/www.electroluxprofessional.com\/fi\/#website"},"datePublished":"2018-01-17T13:24:42+00:00","dateModified":"2025-11-05T14:03:36+00:00","description":"Multislim pienuuni on erinomainen valinta keitti\u00f6lle, jolla on v\u00e4h\u00e4n tilaa k\u00e4ytett\u00e4viss\u00e4. Helppok\u00e4ytt\u00f6isyys, ohjelmoitavat reseptit ja GN 1\/1 kammion tilavuus tekev\u00e4t uunista t\u00e4ydellisen paketin.","breadcrumb":{"@id":"https:\/\/www.electroluxprofessional.com\/fi\/ammattikeittiolaitteet\/multislim-pienuunit\/#breadcrumb"},"inLanguage":"fi","potentialAction":[{"@type":"ReadAction","target":["https:\/\/www.electroluxprofessional.com\/fi\/ammattikeittiolaitteet\/multislim-pienuunit\/"]}]},{"@type":"BreadcrumbList","@id":"https:\/\/www.electroluxprofessional.com\/fi\/ammattikeittiolaitteet\/multislim-pienuunit\/#breadcrumb","itemListElement":[{"@type":"ListItem","position":1,"name":"Home","item":"https:\/\/www.electroluxprofessional.com\/fi\/"},{"@type":"ListItem","position":2,"name":"Ammattikeitti\u00f6laitteet","item":"https:\/\/www.electroluxprofessional.com\/fi\/ammattikeittiolaitteet\/"},{"@type":"ListItem","position":3,"name":"MultiSlim pienuunit"}]},{"@type":"WebSite","@id":"https:\/\/www.electroluxprofessional.com\/fi\/#website","url":"https:\/\/www.electroluxprofessional.com\/fi\/","name":"Electrolux Professional Suomi","description":"","potentialAction":[{"@type":"SearchAction","target":{"@type":"EntryPoint","urlTemplate":"https:\/\/www.electroluxprofessional.com\/fi\/?src={search_term_string}"},"query-input":"required name=search_term_string"}],"inLanguage":"fi"}]}},"_links":{"self":[{"href":"https:\/\/www.electroluxprofessional.com\/fi\/wp-json\/wp\/v2\/pages\/5111"}],"collection":[{"href":"https:\/\/www.electroluxprofessional.com\/fi\/wp-json\/wp\/v2\/pages"}],"about":[{"href":"https:\/\/www.electroluxprofessional.com\/fi\/wp-json\/wp\/v2\/types\/page"}],"author":[{"embeddable":true,"href":"https:\/\/www.electroluxprofessional.com\/fi\/wp-json\/wp\/v2\/users\/17"}],"replies":[{"embeddable":true,"href":"https:\/\/www.electroluxprofessional.com\/fi\/wp-json\/wp\/v2\/comments?post=5111"}],"version-history":[{"count":19,"href":"https:\/\/www.electroluxprofessional.com\/fi\/wp-json\/wp\/v2\/pages\/5111\/revisions"}],"predecessor-version":[{"id":15596,"href":"https:\/\/www.electroluxprofessional.com\/fi\/wp-json\/wp\/v2\/pages\/5111\/revisions\/15596"}],"up":[{"embeddable":true,"href":"https:\/\/www.electroluxprofessional.com\/fi\/wp-json\/wp\/v2\/pages\/2363"}],"wp:attachment":[{"href":"https:\/\/www.electroluxprofessional.com\/fi\/wp-json\/wp\/v2\/media?parent=5111"}],"curies":[{"name":"wp","href":"https:\/\/api.w.org\/{rel}","templated":true}]}}