{"id":4775,"date":"2016-11-04T06:49:37","date_gmt":"2016-11-04T06:49:37","guid":{"rendered":"https:\/\/www.electroluxprofessional.com\/?page_id=3925"},"modified":"2024-07-02T06:40:27","modified_gmt":"2024-07-02T06:40:27","slug":"myprofessional","status":"publish","type":"page","link":"https:\/\/www.electroluxprofessional.com\/fi\/myprofessional\/","title":{"rendered":"MyProfessional kirjautuminen"},"content":{"rendered":"<p>[vc_row][vc_column][vc_empty_space height=&#8221;50px&#8221;][\/vc_column][\/vc_row][vc_row][vc_column width=&#8221;3\/6&#8243;][vc_column_text]        <div class=\"login-form \">\n            <div class=\"error-messages\">\n                            <\/div>\n            \n            <form name=\"login-form\" id=\"login-form\" action=\"https:\/\/www.electroluxprofessional.com\/fi\/wp-login.php\" method=\"post\">        <input type=\"hidden\" name=\"epr_login_form\" value=\"epr-login-form\"\/>\n        <input type=\"hidden\" name=\"epr_login_url\" value=\"https:\/\/www.electroluxprofessional.com\/fi\/wp-json\/wp\/v2\/pages\/4775\"\/>\n        \n        \t\t<p class=\"login-username\">\n\t\t\t\t<label for=\"email\">Email<\/label>\n\t\t\t\t<input type=\"text\" name=\"log\" id=\"email\" autocomplete=\"username\" class=\"input\" value=\"\" size=\"20\" \/>\n\t\t\t<\/p><p class=\"login-password\">\n\t\t\t\t<label for=\"password\">Salasana<\/label>\n\t\t\t\t<input type=\"password\" name=\"pwd\" id=\"password\" autocomplete=\"current-password\" spellcheck=\"false\" class=\"input\" value=\"\" size=\"20\" \/>\n\t\t\t<\/p><div class=\"form-group\"><div class=\"g-recaptcha\" data-sitekey=\"6Ld_DxUUAAAAABBfcwOIlpvK_ddtGNYE-k7BlUq3\"><\/div><\/div><p class=\"login-remember\"><label><input name=\"rememberme\" type=\"checkbox\" id=\"remember-me\" value=\"forever\" \/> Muista minut<\/label><\/p><p class=\"login-submit\">\n\t\t\t\t<input type=\"submit\" name=\"wp-submit\" id=\"submit-login\" class=\"button button-primary\" value=\"Kirjaudu sis\u00e4\u00e4n\" \/>\n\t\t\t\t<input type=\"hidden\" name=\"redirect_to\" value=\"https:\/\/www.electroluxprofessional.com\/fi\/my-professional\" \/>\n\t\t\t<\/p>        <p>\n                                            <a href=\"https:\/\/www.electroluxprofessional.com\/fi\/register\/\" class=\"register-link\">Register<\/a>\n                                             |                 <a href=\"https:\/\/www.electroluxprofessional.com\/fi\/recover-password\/\" class=\"recover-password-link\">Lost your password?<\/a>\n                                    <\/p>\n        <\/form>        <\/div>\n        [\/vc_column_text][\/vc_column][vc_column width=&#8221;1\/6&#8243;][vc_empty_space][\/vc_column][vc_column width=&#8221;2\/6&#8243; css=&#8221;.vc_custom_1488292312360{border-left-width: 1px !important;border-left-style: solid !important;}&#8221;][elx_heading font_container=&#8221;h1&#8243; font_size=&#8221;h3&#8243; text_color=&#8221;inherit&#8221;]Huoltoliikkeet ja j\u00e4lleenmyyj\u00e4t[\/elx_heading][vc_column_text]<span style=\"color: #3366ff;\"><strong>MyProfessional<\/strong><\/span>\u00a0palvelu valtuutetuille huoltoliikkeille sek\u00e4 j\u00e4lleenmyyjille on siirretty\u00a0<strong>ToolBox<\/strong>\u00a0alustaan.<br \/>\n<span style=\"color: #ff0000;\">Turvallisuuden varmistamiseksi saatamme pyyt\u00e4\u00e4 sinua rekister\u00f6itym\u00e4\u00e4n alusta l\u00e4htien. \u00a0<\/span><br \/>\nToolBox alustalla pyrimme samaan teille nopeamman ja turvallisemman palvelun, joten kiitoksia k\u00e4rsiv\u00e4llisyydest\u00e4nne.[\/vc_column_text][elx_button button_text=&#8221;Avaa ToolBox&#8221; button_style=&#8221;default&#8221; button_link=&#8221;url:https%3A%2F%2Ftoolbox.epr-apps.com|title:laundry%20dealers%20login%20(the%20old%20MyProfessional)|target:%20_blank|&#8221;][\/vc_column][\/vc_row][vc_row][vc_column][vc_empty_space height=&#8221;50px&#8221;][\/vc_column][\/vc_row]<\/p>\n","protected":false},"excerpt":{"rendered":"<p>[vc_row][vc_column][vc_empty_space height=&#8221;50px&#8221;][\/vc_column][\/vc_row][vc_row][vc_column width=&#8221;3\/6&#8243;][vc_column_text][\/vc_column_text][\/vc_column][vc_column width=&#8221;1\/6&#8243;][vc_empty_space][\/vc_column][vc_column width=&#8221;2\/6&#8243; css=&#8221;.vc_custom_1488292312360{border-left-width: 1px !important;border-left-style: solid !important;}&#8221;][elx_heading font_container=&#8221;h1&#8243; font_size=&#8221;h3&#8243; text_color=&#8221;inherit&#8221;]Huoltoliikkeet ja j\u00e4lleenmyyj\u00e4t[\/elx_heading][vc_column_text]MyProfessional\u00a0palvelu valtuutetuille huoltoliikkeille sek\u00e4 j\u00e4lleenmyyjille on siirretty\u00a0ToolBox\u00a0alustaan. Turvallisuuden varmistamiseksi saatamme pyyt\u00e4\u00e4 sinua rekister\u00f6itym\u00e4\u00e4n alusta l\u00e4htien. \u00a0 ToolBox alustalla pyrimme samaan teille nopeamman ja turvallisemman palvelun, joten kiitoksia k\u00e4rsiv\u00e4llisyydest\u00e4nne.[\/vc_column_text][elx_button button_text=&#8221;Avaa ToolBox&#8221; button_style=&#8221;default&#8221; button_link=&#8221;url:https%3A%2F%2Ftoolbox.epr-apps.com|title:laundry%20dealers%20login%20(the%20old%20MyProfessional)|target:%20_blank|&#8221;][\/vc_column][\/vc_row][vc_row][vc_column][vc_empty_space height=&#8221;50px&#8221;][\/vc_column][\/vc_row]<\/p>\n","protected":false},"author":17,"featured_media":0,"parent":0,"menu_order":0,"comment_status":"closed","ping_status":"closed","template":"","meta":{"footnotes":""},"class_list":["post-4775","page","type-page","status-publish","hentry"],"yoast_head":"<!-- This site is optimized with the Yoast SEO plugin v23.3 - https:\/\/yoast.com\/wordpress\/plugins\/seo\/ -->\n<title>MyProfessional kirjautuminen - Electrolux Professional Suomi<\/title>\n<meta name=\"description\" content=\"MyProfessional on Electrolux Professionalin palvelu valtuutetuille huoltoliikkeille sek\u00e4 j\u00e4lleenmyyjille.\" \/>\n<meta name=\"robots\" content=\"index, follow, max-snippet:-1, max-image-preview:large, max-video-preview:-1\" \/>\n<link rel=\"canonical\" href=\"https:\/\/www.electroluxprofessional.com\/fi\/myprofessional\/\" \/>\n<meta property=\"og:locale\" content=\"fi_FI\" \/>\n<meta property=\"og:type\" content=\"article\" \/>\n<meta property=\"og:title\" content=\"MyProfessional kirjautuminen - Electrolux Professional Suomi\" \/>\n<meta property=\"og:description\" content=\"MyProfessional on Electrolux Professionalin palvelu valtuutetuille huoltoliikkeille sek\u00e4 j\u00e4lleenmyyjille.\" \/>\n<meta property=\"og:url\" content=\"https:\/\/www.electroluxprofessional.com\/fi\/myprofessional\/\" \/>\n<meta property=\"og:site_name\" content=\"Electrolux Professional Suomi\" \/>\n<meta property=\"article:modified_time\" content=\"2024-07-02T06:40:27+00:00\" \/>\n<meta name=\"twitter:card\" content=\"summary_large_image\" \/>\n<meta name=\"twitter:label1\" content=\"Arvioitu lukuaika\" \/>\n\t<meta name=\"twitter:data1\" content=\"1 minuutti\" \/>\n<script type=\"application\/ld+json\" class=\"yoast-schema-graph\">{\"@context\":\"https:\/\/schema.org\",\"@graph\":[{\"@type\":\"WebPage\",\"@id\":\"https:\/\/www.electroluxprofessional.com\/fi\/myprofessional\/\",\"url\":\"https:\/\/www.electroluxprofessional.com\/fi\/myprofessional\/\",\"name\":\"MyProfessional kirjautuminen - Electrolux Professional Suomi\",\"isPartOf\":{\"@id\":\"https:\/\/www.electroluxprofessional.com\/fi\/#website\"},\"datePublished\":\"2016-11-04T06:49:37+00:00\",\"dateModified\":\"2024-07-02T06:40:27+00:00\",\"description\":\"MyProfessional on Electrolux Professionalin palvelu valtuutetuille huoltoliikkeille sek\u00e4 j\u00e4lleenmyyjille.\",\"breadcrumb\":{\"@id\":\"https:\/\/www.electroluxprofessional.com\/fi\/myprofessional\/#breadcrumb\"},\"inLanguage\":\"fi\",\"potentialAction\":[{\"@type\":\"ReadAction\",\"target\":[\"https:\/\/www.electroluxprofessional.com\/fi\/myprofessional\/\"]}]},{\"@type\":\"BreadcrumbList\",\"@id\":\"https:\/\/www.electroluxprofessional.com\/fi\/myprofessional\/#breadcrumb\",\"itemListElement\":[{\"@type\":\"ListItem\",\"position\":1,\"name\":\"Home\",\"item\":\"https:\/\/www.electroluxprofessional.com\/fi\/\"},{\"@type\":\"ListItem\",\"position\":2,\"name\":\"MyProfessional kirjautuminen\"}]},{\"@type\":\"WebSite\",\"@id\":\"https:\/\/www.electroluxprofessional.com\/fi\/#website\",\"url\":\"https:\/\/www.electroluxprofessional.com\/fi\/\",\"name\":\"Electrolux Professional Suomi\",\"description\":\"\",\"potentialAction\":[{\"@type\":\"SearchAction\",\"target\":{\"@type\":\"EntryPoint\",\"urlTemplate\":\"https:\/\/www.electroluxprofessional.com\/fi\/?src={search_term_string}\"},\"query-input\":\"required name=search_term_string\"}],\"inLanguage\":\"fi\"}]}<\/script>\n<!-- \/ Yoast SEO plugin. -->","yoast_head_json":{"title":"MyProfessional kirjautuminen - Electrolux Professional Suomi","description":"MyProfessional on Electrolux Professionalin palvelu valtuutetuille huoltoliikkeille sek\u00e4 j\u00e4lleenmyyjille.","robots":{"index":"index","follow":"follow","max-snippet":"max-snippet:-1","max-image-preview":"max-image-preview:large","max-video-preview":"max-video-preview:-1"},"canonical":"https:\/\/www.electroluxprofessional.com\/fi\/myprofessional\/","og_locale":"fi_FI","og_type":"article","og_title":"MyProfessional kirjautuminen - Electrolux Professional Suomi","og_description":"MyProfessional on Electrolux Professionalin palvelu valtuutetuille huoltoliikkeille sek\u00e4 j\u00e4lleenmyyjille.","og_url":"https:\/\/www.electroluxprofessional.com\/fi\/myprofessional\/","og_site_name":"Electrolux Professional Suomi","article_modified_time":"2024-07-02T06:40:27+00:00","twitter_card":"summary_large_image","twitter_misc":{"Arvioitu lukuaika":"1 minuutti"},"schema":{"@context":"https:\/\/schema.org","@graph":[{"@type":"WebPage","@id":"https:\/\/www.electroluxprofessional.com\/fi\/myprofessional\/","url":"https:\/\/www.electroluxprofessional.com\/fi\/myprofessional\/","name":"MyProfessional kirjautuminen - Electrolux Professional Suomi","isPartOf":{"@id":"https:\/\/www.electroluxprofessional.com\/fi\/#website"},"datePublished":"2016-11-04T06:49:37+00:00","dateModified":"2024-07-02T06:40:27+00:00","description":"MyProfessional on Electrolux Professionalin palvelu valtuutetuille huoltoliikkeille sek\u00e4 j\u00e4lleenmyyjille.","breadcrumb":{"@id":"https:\/\/www.electroluxprofessional.com\/fi\/myprofessional\/#breadcrumb"},"inLanguage":"fi","potentialAction":[{"@type":"ReadAction","target":["https:\/\/www.electroluxprofessional.com\/fi\/myprofessional\/"]}]},{"@type":"BreadcrumbList","@id":"https:\/\/www.electroluxprofessional.com\/fi\/myprofessional\/#breadcrumb","itemListElement":[{"@type":"ListItem","position":1,"name":"Home","item":"https:\/\/www.electroluxprofessional.com\/fi\/"},{"@type":"ListItem","position":2,"name":"MyProfessional kirjautuminen"}]},{"@type":"WebSite","@id":"https:\/\/www.electroluxprofessional.com\/fi\/#website","url":"https:\/\/www.electroluxprofessional.com\/fi\/","name":"Electrolux Professional Suomi","description":"","potentialAction":[{"@type":"SearchAction","target":{"@type":"EntryPoint","urlTemplate":"https:\/\/www.electroluxprofessional.com\/fi\/?src={search_term_string}"},"query-input":"required name=search_term_string"}],"inLanguage":"fi"}]}},"_links":{"self":[{"href":"https:\/\/www.electroluxprofessional.com\/fi\/wp-json\/wp\/v2\/pages\/4775"}],"collection":[{"href":"https:\/\/www.electroluxprofessional.com\/fi\/wp-json\/wp\/v2\/pages"}],"about":[{"href":"https:\/\/www.electroluxprofessional.com\/fi\/wp-json\/wp\/v2\/types\/page"}],"author":[{"embeddable":true,"href":"https:\/\/www.electroluxprofessional.com\/fi\/wp-json\/wp\/v2\/users\/17"}],"replies":[{"embeddable":true,"href":"https:\/\/www.electroluxprofessional.com\/fi\/wp-json\/wp\/v2\/comments?post=4775"}],"version-history":[{"count":8,"href":"https:\/\/www.electroluxprofessional.com\/fi\/wp-json\/wp\/v2\/pages\/4775\/revisions"}],"predecessor-version":[{"id":12806,"href":"https:\/\/www.electroluxprofessional.com\/fi\/wp-json\/wp\/v2\/pages\/4775\/revisions\/12806"}],"wp:attachment":[{"href":"https:\/\/www.electroluxprofessional.com\/fi\/wp-json\/wp\/v2\/media?parent=4775"}],"curies":[{"name":"wp","href":"https:\/\/api.w.org\/{rel}","templated":true}]}}