{"id":4674,"date":"2016-05-23T13:25:45","date_gmt":"2016-05-23T13:25:45","guid":{"rendered":"https:\/\/www.electroluxprofessional.com\/?page_id=1397"},"modified":"2019-11-26T12:59:00","modified_gmt":"2019-11-26T12:59:00","slug":"haccp-2","status":"publish","type":"page","link":"https:\/\/www.electroluxprofessional.com\/fi\/haccp-2\/","title":{"rendered":"KEITTI\u00d6-HACCP"},"content":{"rendered":"<p>[vc_row full_width=&#8221;electroluxpro-full-width-no-padding&#8221;][vc_column][elx_hero_slider label_text_color=&#8221;inherit&#8221; images=&#8221;4673&#8243;][elx_heading font_container=&#8221;h1&#8243; text_color=&#8221;inherit&#8221;]HACCP[\/elx_heading][vc_column_text]HACCP (Hazard Analysis and Critical Control Point) j\u00e4rjestelm\u00e4ll\u00e4 ja sen tukitoiminnoilla on tarkoitus tunnistaa ne kohdat elintarvikkeiden valmistusprosessissa, joissa on riski aiheutua terveysvaara tuotteen kuluttajalle ja valvoa niit\u00e4 mahdollisimman tarkasti.[\/vc_column_text][\/elx_hero_slider][\/vc_column][\/vc_row][vc_row][vc_column][elx_heading text_color=&#8221;inherit&#8221; text_align=&#8221;text-center&#8221;]Electrolux Professional on kunnioittanut ja noudattanut\u00a0HACCP prosesseja jo pitk\u00e4\u00e4n.<\/p>\n<p>[\/elx_heading][\/vc_column][\/vc_row][vc_row][vc_column width=&#8221;1\/2&#8243;][vc_empty_space][vc_column_text]<\/p>\n<h3 style=\"text-align: left;\">Mit\u00e4 t\u00e4m\u00e4 sitten tarkoittaa?<\/h3>\n<p>[\/vc_column_text][elx_heading font_container=&#8221;h3&#8243; font_size=&#8221;h5&#8243; text_color=&#8221;inherit&#8221;]Jos havaitaan tauteja, jotka johtuvat mahdollisesti ruoan valmistuksesta tai jakelusta, <strong>Electrolux laitteiden HACCP toimintoja<\/strong> voidaan hy\u00f6dynt\u00e4\u00e4 j\u00e4ljitt\u00e4m\u00e4\u00e4n ja tunnistamaan tai eliminoimaan mahdollisen taudin aiheuttajan l\u00e4hde.[\/elx_heading][vc_empty_space][\/vc_column][vc_column width=&#8221;1\/2&#8243;][elx_image_block background_image=&#8221;4668&#8243; vert_back_position=&#8221;top&#8221; minimum_height=&#8221;400px&#8221;][\/vc_column][\/vc_row][vc_row full_width=&#8221;electroluxpro-full-width-no-padding&#8221; equal_height=&#8221;yes&#8221;][vc_column width=&#8221;1\/2&#8243;][elx_image_block background_image=&#8221;4669&#8243; vert_back_position=&#8221;top&#8221; minimum_height=&#8221;598px&#8221;][\/vc_column][vc_column width=&#8221;1\/2&#8243;][elx_simple_block][elx_heading font_container=&#8221;h3&#8243; text_color=&#8221;inherit&#8221;]Ruoan valmistus: Electrolux Professional Touchline yhdistelm\u00e4uuni[\/elx_heading][vc_column_text css_animation=&#8221;right-to-left&#8221;]<strong>Food Safe Control toiminto varmistaa kokonaisuudessaan ruoan laadun HACCP standardeja noudattaen.\u00a0<\/strong>Valitsette ainoastaan valmistettavan ruoan kategorian ja Food Safe Control huolehtii ja valvoo prosessin loppuun asti. Kun Food Safe Control on aktivoitu ja 6 pisteen paistomittari asetettu tuotteeseen, Touchline laskee onko tuote kypsennetty oikein ja tarpeeksi saavuttaakseen oikean turvallisuusasteen.[\/vc_column_text][elx_button button_text=&#8221;Uunit &#038; tehoj\u00e4\u00e4hdytys&#8221; button_style=&#8221;icon&#8221; button_link=&#8221;url:https%3A%2F%2Fprofessional.electrolux.fi%2Fammattikeittiolaitteet-2%2Fuunit-ja-tehojaahdytys%2F|title:Cook%20and%20Chill||&#8221;][\/elx_simple_block][\/vc_column][\/vc_row][vc_row][vc_column][vc_empty_space height=&#8221;50px&#8221;][\/vc_column][\/vc_row][vc_row full_width=&#8221;electroluxpro-full-width-no-padding&#8221; equal_height=&#8221;yes&#8221;][vc_column width=&#8221;1\/2&#8243;][elx_image_block background_image=&#8221;4670&#8243; vert_back_position=&#8221;top&#8221; minimum_height=&#8221;500px&#8221;][\/vc_column][vc_column width=&#8221;1\/2&#8243;][elx_simple_block][elx_heading font_container=&#8221;h3&#8243; text_color=&#8221;inherit&#8221;]Kylm\u00e4s\u00e4ilytys: Electrolux Professional Ecostore Touch kylm\u00e4kaapit[\/elx_heading][vc_column_text css_animation=&#8221;right-to-left&#8221;]<strong>Ecostore Touch kylm\u00e4kaapin HACCP hallinta-alue jatkuvasti tarkastaa ja rekister\u00f6i k\u00e4ytt\u00f6l\u00e4mp\u00f6tilat ja mahdolliset toiminnalliset poikkeamat. <\/strong>Kaapin n\u00e4yt\u00f6st\u00e4 n\u00e4hd\u00e4\u00e4n kuvaajan avulla toiminnallinen tila sek\u00e4 mahdolliset l\u00e4mp\u00f6tilan nousut ja laskut. Tiedot voidaan ladata USB muistille ja tallentaa raportointia varten.[\/vc_column_text][elx_button button_text=&#8221;Kylm\u00e4kaapit&#8221; button_style=&#8221;icon&#8221; button_link=&#8221;url:https%3A%2F%2Fprofessional.electrolux.fi%2Fammattikeittiolaitteet%2Fkylmakaapit%2F|title:Refrigerated%20cabinets||&#8221;][elx_button button_text=&#8221;Kylm\u00e4kalusteet&#8221; button_style=&#8221;icon&#8221; button_link=&#8221;url:https%3A%2F%2Fprofessional.electrolux.fi%2Fcommercial-kitchen-equipment%2Frefrigerated-counters%2F|title:Refrigerated%20counters||&#8221;][\/elx_simple_block][\/vc_column][\/vc_row][vc_row][vc_column][elx_heading font_container=&#8221;h3&#8243; text_color=&#8221;inherit&#8221;]<\/p>\n<h2 class=\"customHeaderV2 bp3\" style=\"text-align: center;\">Electrolux Professional saavuttaa maailmanlaajuisen merkkipaalun pesulahygienian sertifionnin muodossa. Electrolux Professional on ensimm\u00e4inen ammattipesulalaitteiden valmistaja joka on hyv\u00e4ksytty HACCP International toimesta<\/h2>\n<h2 class=\"customHeaderV2 bp3\" style=\"text-align: center;\"><\/h2>\n<p>[\/elx_heading][\/vc_column][\/vc_row][vc_row full_width=&#8221;electroluxpro-full-width-no-padding&#8221; css=&#8221;.vc_custom_1464077764547{background-color: #eaeef2 !important;}&#8221;][vc_column][vc_empty_space css=&#8221;.vc_custom_1464077755704{background-color: #eaeef2 !important;}&#8221;][\/vc_column][\/vc_row][vc_row css=&#8221;.vc_custom_1464077456458{background-color: #eaeef2 !important;}&#8221;][vc_column width=&#8221;1\/2&#8243;][vc_single_image image=&#8221;4667&#8243; img_size=&#8221;large&#8221; alignment=&#8221;center&#8221;][\/vc_column][vc_column width=&#8221;1\/2&#8243;][elx_heading font_container=&#8221;h3&#8243; text_color=&#8221;inherit&#8221;]Ammattimaiset pesuohjelmat ovat oleellisia desinfioimaan kaikki asusteet ja vaatteet, joita k\u00e4ytet\u00e4\u00e4n ruoan valmistusprosesseissa.[\/elx_heading][vc_column_text]Tutkien huolellisesti pesulatoimintojen analyysit maailmanlaajuisesti, Electrolux Professional kehitti\u00a0<strong>Line 5000 pesularatkaisun<\/strong>\u00a0joka auttaa noudattamaan tiukkoja HACCP vaatimuksia. Electrolux Professionalista tuli ensimm\u00e4inen ja t\u00e4ll\u00e4 hetkell\u00e4 ainoa <strong>HACCP International sertifioitu\u00a0pesulakonevalmistaja<\/strong>. Edest\u00e4 t\u00e4ytett\u00e4vien pesukoneiden lis\u00e4ksi, my\u00f6s barrier-pesukoneet, silityskoneet ja kalusteratkaisut ovat saavuttaneet akkreditoinnin.<\/p>\n<p>Sertifiointi my\u00f6nnettiin ensiksi Line 5000 sarjalle Englannissa ja Irlannissa ja kes\u00e4kuusta 2015 l\u00e4htien se on ollut voimassa maailmanlaajuisesti.[\/vc_column_text][\/vc_column][\/vc_row][vc_row full_width=&#8221;electroluxpro-full-width-no-padding&#8221; css=&#8221;.vc_custom_1464077764547{background-color: #eaeef2 !important;}&#8221;][vc_column][vc_empty_space css=&#8221;.vc_custom_1464077755704{background-color: #eaeef2 !important;}&#8221;][\/vc_column][\/vc_row][vc_row full_width=&#8221;electroluxpro-container-no-padding&#8221; equal_height=&#8221;yes&#8221; css=&#8221;.vc_custom_1464275874297{padding-top: 50px !important;padding-bottom: 50px !important;}&#8221;][vc_column width=&#8221;1\/3&#8243;][elx_image_block background_image=&#8221;4671&#8243; minimum_height=&#8221;380px&#8221;][\/vc_column][vc_column width=&#8221;1\/3&#8243; css=&#8221;.vc_custom_1464275824218{background-color: #e2e2e2 !important;}&#8221;][elx_simple_block text_align=&#8221;text-center&#8221; background_color=&#8221;inherit&#8221;][elx_heading text_color=&#8221;inherit&#8221;]For the Better[\/elx_heading][vc_column_text]Pyrimme jatkuvasti luomaan parempia ratkaisuja, jotka tekev\u00e4t positiivisen vaikutuksen el\u00e4m\u00e4\u00e4si \u2013 ja my\u00f6s yhteiselle planeetallemme.[\/vc_column_text][elx_button button_text=&#8221;Lue lis\u00e4\u00e4&#8221; button_link=&#8221;url:https%3A%2F%2Fprofessional.electrolux.fi%2Ffor-the-better%2F|title:Find%20out%20more||&#8221;][\/elx_simple_block][\/vc_column][vc_column width=&#8221;1\/3&#8243;][elx_image_block background_image=&#8221;4672&#8243; minimum_height=&#8221;380px&#8221;][\/vc_column][\/vc_row]<\/p>\n","protected":false},"excerpt":{"rendered":"<p>[vc_row full_width=&#8221;electroluxpro-full-width-no-padding&#8221;][vc_column][elx_hero_slider label_text_color=&#8221;inherit&#8221; images=&#8221;4673&#8243;][elx_heading font_container=&#8221;h1&#8243; text_color=&#8221;inherit&#8221;]HACCP[\/elx_heading][vc_column_text]HACCP (Hazard Analysis and Critical Control Point) j\u00e4rjestelm\u00e4ll\u00e4 ja sen tukitoiminnoilla on tarkoitus tunnistaa ne kohdat elintarvikkeiden valmistusprosessissa, joissa on riski aiheutua terveysvaara tuotteen kuluttajalle ja valvoa niit\u00e4 mahdollisimman tarkasti.[\/vc_column_text][\/elx_hero_slider][\/vc_column][\/vc_row][vc_row][vc_column][elx_heading text_color=&#8221;inherit&#8221; text_align=&#8221;text-center&#8221;]Electrolux Professional on kunnioittanut ja noudattanut\u00a0HACCP prosesseja jo pitk\u00e4\u00e4n. [\/elx_heading][\/vc_column][\/vc_row][vc_row][vc_column width=&#8221;1\/2&#8243;][vc_empty_space][vc_column_text] Mit\u00e4 t\u00e4m\u00e4 sitten tarkoittaa? [\/vc_column_text][elx_heading font_container=&#8221;h3&#8243; font_size=&#8221;h5&#8243; text_color=&#8221;inherit&#8221;]Jos [&hellip;]<\/p>\n","protected":false},"author":17,"featured_media":4667,"parent":0,"menu_order":0,"comment_status":"closed","ping_status":"closed","template":"","meta":{"footnotes":""},"class_list":["post-4674","page","type-page","status-publish","has-post-thumbnail","hentry"],"yoast_head":"<!-- This site is optimized with the Yoast SEO plugin v23.3 - https:\/\/yoast.com\/wordpress\/plugins\/seo\/ -->\n<title>HACCP procedure against contamination<\/title>\n<meta name=\"description\" content=\"The HACCP \u2013 Hazard Analysis and Critical Control Point \u2013 procedure is a way of assessing the inherent risks attributable to a product or a process\" \/>\n<meta name=\"robots\" content=\"index, follow, max-snippet:-1, max-image-preview:large, max-video-preview:-1\" \/>\n<link rel=\"canonical\" href=\"https:\/\/www.electroluxprofessional.com\/fi\/haccp-2\/\" \/>\n<meta property=\"og:locale\" content=\"fi_FI\" \/>\n<meta property=\"og:type\" content=\"article\" \/>\n<meta property=\"og:title\" content=\"HACCP procedure against contamination\" \/>\n<meta property=\"og:description\" content=\"The HACCP \u2013 Hazard Analysis and Critical Control Point \u2013 procedure is a way of assessing the inherent risks attributable to a product or a process\" \/>\n<meta property=\"og:url\" content=\"https:\/\/www.electroluxprofessional.com\/fi\/haccp-2\/\" \/>\n<meta property=\"og:site_name\" content=\"Electrolux Professional Suomi\" \/>\n<meta property=\"article:modified_time\" content=\"2019-11-26T12:59:00+00:00\" \/>\n<meta property=\"og:image\" content=\"https:\/\/www.electroluxprofessional.com\/fi\/wp-content\/uploads\/2016\/05\/haccp-logo-2.jpg\" \/>\n\t<meta property=\"og:image:width\" content=\"600\" \/>\n\t<meta property=\"og:image:height\" content=\"601\" \/>\n\t<meta property=\"og:image:type\" content=\"image\/jpeg\" \/>\n<meta name=\"twitter:card\" content=\"summary_large_image\" \/>\n<meta name=\"twitter:label1\" content=\"Arvioitu lukuaika\" \/>\n\t<meta name=\"twitter:data1\" content=\"4 minuuttia\" \/>\n<script type=\"application\/ld+json\" class=\"yoast-schema-graph\">{\"@context\":\"https:\/\/schema.org\",\"@graph\":[{\"@type\":\"WebPage\",\"@id\":\"https:\/\/www.electroluxprofessional.com\/fi\/haccp-2\/\",\"url\":\"https:\/\/www.electroluxprofessional.com\/fi\/haccp-2\/\",\"name\":\"HACCP procedure against contamination\",\"isPartOf\":{\"@id\":\"https:\/\/www.electroluxprofessional.com\/fi\/#website\"},\"primaryImageOfPage\":{\"@id\":\"https:\/\/www.electroluxprofessional.com\/fi\/haccp-2\/#primaryimage\"},\"image\":{\"@id\":\"https:\/\/www.electroluxprofessional.com\/fi\/haccp-2\/#primaryimage\"},\"thumbnailUrl\":\"https:\/\/www.electroluxprofessional.com\/fi\/wp-content\/uploads\/2016\/05\/haccp-logo-2.jpg\",\"datePublished\":\"2016-05-23T13:25:45+00:00\",\"dateModified\":\"2019-11-26T12:59:00+00:00\",\"description\":\"The HACCP \u2013 Hazard Analysis and Critical Control Point \u2013 procedure is a way of assessing the inherent risks attributable to a product or a process\",\"breadcrumb\":{\"@id\":\"https:\/\/www.electroluxprofessional.com\/fi\/haccp-2\/#breadcrumb\"},\"inLanguage\":\"fi\",\"potentialAction\":[{\"@type\":\"ReadAction\",\"target\":[\"https:\/\/www.electroluxprofessional.com\/fi\/haccp-2\/\"]}]},{\"@type\":\"ImageObject\",\"inLanguage\":\"fi\",\"@id\":\"https:\/\/www.electroluxprofessional.com\/fi\/haccp-2\/#primaryimage\",\"url\":\"https:\/\/www.electroluxprofessional.com\/fi\/wp-content\/uploads\/2016\/05\/haccp-logo-2.jpg\",\"contentUrl\":\"https:\/\/www.electroluxprofessional.com\/fi\/wp-content\/uploads\/2016\/05\/haccp-logo-2.jpg\",\"width\":600,\"height\":601,\"caption\":\"haccp international programm certification food safety\"},{\"@type\":\"BreadcrumbList\",\"@id\":\"https:\/\/www.electroluxprofessional.com\/fi\/haccp-2\/#breadcrumb\",\"itemListElement\":[{\"@type\":\"ListItem\",\"position\":1,\"name\":\"Home\",\"item\":\"https:\/\/www.electroluxprofessional.com\/fi\/\"},{\"@type\":\"ListItem\",\"position\":2,\"name\":\"KEITTI\u00d6-HACCP\"}]},{\"@type\":\"WebSite\",\"@id\":\"https:\/\/www.electroluxprofessional.com\/fi\/#website\",\"url\":\"https:\/\/www.electroluxprofessional.com\/fi\/\",\"name\":\"Electrolux Professional Suomi\",\"description\":\"\",\"potentialAction\":[{\"@type\":\"SearchAction\",\"target\":{\"@type\":\"EntryPoint\",\"urlTemplate\":\"https:\/\/www.electroluxprofessional.com\/fi\/?src={search_term_string}\"},\"query-input\":\"required name=search_term_string\"}],\"inLanguage\":\"fi\"}]}<\/script>\n<!-- \/ Yoast SEO plugin. -->","yoast_head_json":{"title":"HACCP procedure against contamination","description":"The HACCP \u2013 Hazard Analysis and Critical Control Point \u2013 procedure is a way of assessing the inherent risks attributable to a product or a process","robots":{"index":"index","follow":"follow","max-snippet":"max-snippet:-1","max-image-preview":"max-image-preview:large","max-video-preview":"max-video-preview:-1"},"canonical":"https:\/\/www.electroluxprofessional.com\/fi\/haccp-2\/","og_locale":"fi_FI","og_type":"article","og_title":"HACCP procedure against contamination","og_description":"The HACCP \u2013 Hazard Analysis and Critical Control Point \u2013 procedure is a way of assessing the inherent risks attributable to a product or a process","og_url":"https:\/\/www.electroluxprofessional.com\/fi\/haccp-2\/","og_site_name":"Electrolux Professional Suomi","article_modified_time":"2019-11-26T12:59:00+00:00","og_image":[{"width":600,"height":601,"url":"https:\/\/www.electroluxprofessional.com\/fi\/wp-content\/uploads\/2016\/05\/haccp-logo-2.jpg","type":"image\/jpeg"}],"twitter_card":"summary_large_image","twitter_misc":{"Arvioitu lukuaika":"4 minuuttia"},"schema":{"@context":"https:\/\/schema.org","@graph":[{"@type":"WebPage","@id":"https:\/\/www.electroluxprofessional.com\/fi\/haccp-2\/","url":"https:\/\/www.electroluxprofessional.com\/fi\/haccp-2\/","name":"HACCP procedure against contamination","isPartOf":{"@id":"https:\/\/www.electroluxprofessional.com\/fi\/#website"},"primaryImageOfPage":{"@id":"https:\/\/www.electroluxprofessional.com\/fi\/haccp-2\/#primaryimage"},"image":{"@id":"https:\/\/www.electroluxprofessional.com\/fi\/haccp-2\/#primaryimage"},"thumbnailUrl":"https:\/\/www.electroluxprofessional.com\/fi\/wp-content\/uploads\/2016\/05\/haccp-logo-2.jpg","datePublished":"2016-05-23T13:25:45+00:00","dateModified":"2019-11-26T12:59:00+00:00","description":"The HACCP \u2013 Hazard Analysis and Critical Control Point \u2013 procedure is a way of assessing the inherent risks attributable to a product or a process","breadcrumb":{"@id":"https:\/\/www.electroluxprofessional.com\/fi\/haccp-2\/#breadcrumb"},"inLanguage":"fi","potentialAction":[{"@type":"ReadAction","target":["https:\/\/www.electroluxprofessional.com\/fi\/haccp-2\/"]}]},{"@type":"ImageObject","inLanguage":"fi","@id":"https:\/\/www.electroluxprofessional.com\/fi\/haccp-2\/#primaryimage","url":"https:\/\/www.electroluxprofessional.com\/fi\/wp-content\/uploads\/2016\/05\/haccp-logo-2.jpg","contentUrl":"https:\/\/www.electroluxprofessional.com\/fi\/wp-content\/uploads\/2016\/05\/haccp-logo-2.jpg","width":600,"height":601,"caption":"haccp international programm certification food safety"},{"@type":"BreadcrumbList","@id":"https:\/\/www.electroluxprofessional.com\/fi\/haccp-2\/#breadcrumb","itemListElement":[{"@type":"ListItem","position":1,"name":"Home","item":"https:\/\/www.electroluxprofessional.com\/fi\/"},{"@type":"ListItem","position":2,"name":"KEITTI\u00d6-HACCP"}]},{"@type":"WebSite","@id":"https:\/\/www.electroluxprofessional.com\/fi\/#website","url":"https:\/\/www.electroluxprofessional.com\/fi\/","name":"Electrolux Professional Suomi","description":"","potentialAction":[{"@type":"SearchAction","target":{"@type":"EntryPoint","urlTemplate":"https:\/\/www.electroluxprofessional.com\/fi\/?src={search_term_string}"},"query-input":"required name=search_term_string"}],"inLanguage":"fi"}]}},"_links":{"self":[{"href":"https:\/\/www.electroluxprofessional.com\/fi\/wp-json\/wp\/v2\/pages\/4674"}],"collection":[{"href":"https:\/\/www.electroluxprofessional.com\/fi\/wp-json\/wp\/v2\/pages"}],"about":[{"href":"https:\/\/www.electroluxprofessional.com\/fi\/wp-json\/wp\/v2\/types\/page"}],"author":[{"embeddable":true,"href":"https:\/\/www.electroluxprofessional.com\/fi\/wp-json\/wp\/v2\/users\/17"}],"replies":[{"embeddable":true,"href":"https:\/\/www.electroluxprofessional.com\/fi\/wp-json\/wp\/v2\/comments?post=4674"}],"version-history":[{"count":8,"href":"https:\/\/www.electroluxprofessional.com\/fi\/wp-json\/wp\/v2\/pages\/4674\/revisions"}],"predecessor-version":[{"id":5710,"href":"https:\/\/www.electroluxprofessional.com\/fi\/wp-json\/wp\/v2\/pages\/4674\/revisions\/5710"}],"wp:featuredmedia":[{"embeddable":true,"href":"https:\/\/www.electroluxprofessional.com\/fi\/wp-json\/wp\/v2\/media\/4667"}],"wp:attachment":[{"href":"https:\/\/www.electroluxprofessional.com\/fi\/wp-json\/wp\/v2\/media?parent=4674"}],"curies":[{"name":"wp","href":"https:\/\/api.w.org\/{rel}","templated":true}]}}