{"id":4647,"date":"2017-09-22T18:46:30","date_gmt":"2017-09-22T18:46:30","guid":{"rendered":"https:\/\/www.electroluxprofessional.com\/fi\/?page_id=4647"},"modified":"2023-08-23T12:30:59","modified_gmt":"2023-08-23T12:30:59","slug":"kupuastianpesukoneet","status":"publish","type":"page","link":"https:\/\/www.electroluxprofessional.com\/fi\/ammattikeittiolaitteet\/kupuastianpesukoneet\/","title":{"rendered":"Kupuastianpesukoneet"},"content":{"rendered":"<p>[vc_row full_width=&#8221;electroluxpro-full-width-no-padding&#8221;][vc_column][elx_hero_slider label_text_color=&#8221;inherit&#8221; images=&#8221;677&#8243;][elx_heading font_container=&#8221;h1&#8243; font_size=&#8221;h2&#8243; text_color=&#8221;inherit&#8221;]<\/p>\n<h2>green&#038;clean kupuastian- pesukoneet<\/h2>\n<h2><\/h2>\n<p>[\/elx_heading][\/elx_hero_slider][\/vc_column][\/vc_row][vc_row][vc_column][vc_empty_space][elx_heading text_color=&#8221;inherit&#8221; text_align=&#8221;text-center&#8221;]green&#038;clean &#8211; aina v\u00e4h\u00e4n enemm\u00e4n[\/elx_heading][vc_empty_space height=&#8221;50px&#8221;][\/vc_column][\/vc_row][vc_row][vc_column width=&#8221;1\/2&#8243;][elx_heading font_container=&#8221;h1&#8243; font_size=&#8221;h2&#8243; text_color=&#8221;inherit&#8221;]green&#038;clean kupuastianpesukoneet[\/elx_heading][vc_empty_space][vc_column_text]green&amp;clean kupuastianpesukoneet tuovat ammattikeitti\u00f6\u00f6si tehokkuutta, maksimaalista luotettavuutta ja helppok\u00e4ytt\u00f6isyytt\u00e4, yhdistettyn\u00e4 innovatiiviseen teknologiaan. Laitteiden ylivoimainen suorituskyky mahdollistaa huomattavat s\u00e4\u00e4st\u00f6t veden, energian ja pesuaineiden kustannuksissa*.[\/vc_column_text][vc_empty_space][\/vc_column][vc_column width=&#8221;1\/2&#8243;][vc_single_image image=&#8221;675&#8243; img_size=&#8221;full&#8221; alignment=&#8221;center&#8221;][\/vc_column][\/vc_row][vc_row][vc_column][vc_empty_space height=&#8221;50px&#8221;][\/vc_column][\/vc_row][vc_row][vc_column width=&#8221;1\/4&#8243;][vc_single_image image=&#8221;683&#8243; img_size=&#8221;full&#8221; alignment=&#8221;center&#8221;][elx_heading font_size=&#8221;h4&#8243; text_color=&#8221;inherit&#8221; text_align=&#8221;text-center&#8221;]Ymp\u00e4rist\u00f6[\/elx_heading][vc_column_text]Pienempi veden, energian sek\u00e4 pesu- ja huuhteluaineiden kulutus takaa pienemm\u00e4t k\u00e4ytt\u00f6kustannukset ja kuormittavat v\u00e4hemm\u00e4n ymp\u00e4rist\u00f6\u00e4.[\/vc_column_text][\/vc_column][vc_column width=&#8221;1\/4&#8243;][vc_single_image image=&#8221;1814&#8243; img_size=&#8221;full&#8221; alignment=&#8221;center&#8221;][elx_heading font_size=&#8221;h4&#8243; text_color=&#8221;inherit&#8221; text_align=&#8221;text-center&#8221;]Puhtaus[\/elx_heading][vc_column_text]T\u00e4ydellinen astioiden pesu- ja huuhtelutulos &#8211; ilman pesuainej\u00e4\u00e4mi\u00e4.[\/vc_column_text][\/vc_column][vc_column width=&#8221;1\/4&#8243;][vc_single_image image=&#8221;1815&#8243; img_size=&#8221;full&#8221; alignment=&#8221;center&#8221;][elx_heading font_size=&#8221;h4&#8243; text_color=&#8221;inherit&#8221; text_align=&#8221;text-center&#8221;]Turvallisuus[\/elx_heading][vc_column_text]WASH\u00b7SAFE -j\u00e4rjestelm\u00e4 takaa aina oikean ja tasaisen huuhteluveden l\u00e4mp\u00f6tilan ja hygieeniset olosuhteet.[\/vc_column_text][\/vc_column][vc_column width=&#8221;1\/4&#8243;][vc_single_image image=&#8221;976&#8243; alignment=&#8221;center&#8221;][elx_heading font_size=&#8221;h4&#8243; text_color=&#8221;inherit&#8221; text_align=&#8221;text-center&#8221;]Helppous[\/elx_heading][vc_column_text]K\u00e4ytt\u00e4j\u00e4yst\u00e4v\u00e4llinen ja ergonomisesti sijoitettu k\u00e4ytt\u00f6paneeli.[\/vc_column_text][\/vc_column][\/vc_row][vc_row][vc_column][vc_empty_space height=&#8221;25px&#8221;][vc_single_image image=&#8221;4276&#8243; img_size=&#8221;full&#8221; alignment=&#8221;center&#8221;][vc_empty_space height=&#8221;18px&#8221;][vc_column_text]<span style=\"font-size: 12px;\"><em>*Kustannuss\u00e4\u00e4st\u00f6t ovat laskettu Electrolux Professionalin laboratoriossa, joka on sertifioitu IMQ ja INTERTEK organisaatioiden toimesta. Vertailu on tehty green &amp; clean kupuastianpesukoneen ja vastaavanlaisen kupuastianpesukoneen kanssa, joka k\u00e4ytt\u00e4\u00e4 3 litraa vett\u00e4\/jakso huuhteluun, on k\u00e4yt\u00f6ss\u00e4 100 jaksoa\/p\u00e4iv\u00e4, 300 ty\u00f6p\u00e4iv\u00e4\u00e4 vuodessa ja jonka tulevan veden l\u00e4mp\u00f6tila 10 \u00b0C.<\/em><\/span>[\/vc_column_text][vc_empty_space][elx_heading text_color=&#8221;inherit&#8221; text_align=&#8221;text-center&#8221;]Saatat olla kiinnostunut seuraavista:[\/elx_heading][vc_empty_space][vc_empty_space][\/vc_column][\/vc_row][vc_row][vc_column width=&#8221;1\/3&#8243;][elx_maylike_box id_box=&#8221;4533&#8243;][\/vc_column][vc_column width=&#8221;1\/3&#8243;][elx_maylike_box id_box=&#8221;2707&#8243;][\/vc_column][vc_column width=&#8221;1\/3&#8243;][elx_maylike_box id_box=&#8221;2699&#8243;][\/vc_column][\/vc_row][vc_row][vc_column][vc_empty_space height=&#8221;50px&#8221;][\/vc_column][\/vc_row][vc_row][vc_column][vc_empty_space height=&#8221;50px&#8221;][elx_heading text_color=&#8221;inherit&#8221; text_align=&#8221;text-center&#8221;]Haluatko tiet\u00e4\u00e4 lis\u00e4\u00e4? Ota meihin yhteytt\u00e4![\/elx_heading][elx_o2000_contact_us s=&#8221;Tietopyynt\u00f6 kupuastianpesukoneet&#8221; country=&#8221;Finland&#8221; container=&#8221;elxcontactus1466429748&#8243; r=&#8221;Haluaisin tiet\u00e4\u00e4 lis\u00e4\u00e4 kupuastianpesukoneista, joten ottakaa yhteytt\u00e4 minuun.&#8221; l=&#8221;fi&#8221; e=&#8221;ammattikeittiot@electroluxprofessional.com&#8221;][vc_empty_space height=&#8221;50px&#8221;][\/vc_column][\/vc_row]<\/p>\n","protected":false},"excerpt":{"rendered":"<p>[vc_row full_width=&#8221;electroluxpro-full-width-no-padding&#8221;][vc_column][elx_hero_slider label_text_color=&#8221;inherit&#8221; images=&#8221;677&#8243;][elx_heading font_container=&#8221;h1&#8243; font_size=&#8221;h2&#8243; text_color=&#8221;inherit&#8221;] green&#038;clean kupuastian- pesukoneet [\/elx_heading][\/elx_hero_slider][\/vc_column][\/vc_row][vc_row][vc_column][vc_empty_space][elx_heading text_color=&#8221;inherit&#8221; text_align=&#8221;text-center&#8221;]green&#038;clean &#8211; aina v\u00e4h\u00e4n enemm\u00e4n[\/elx_heading][vc_empty_space height=&#8221;50px&#8221;][\/vc_column][\/vc_row][vc_row][vc_column width=&#8221;1\/2&#8243;][elx_heading font_container=&#8221;h1&#8243; font_size=&#8221;h2&#8243; text_color=&#8221;inherit&#8221;]green&#038;clean kupuastianpesukoneet[\/elx_heading][vc_empty_space][vc_column_text]green&amp;clean kupuastianpesukoneet tuovat ammattikeitti\u00f6\u00f6si tehokkuutta, maksimaalista luotettavuutta ja helppok\u00e4ytt\u00f6isyytt\u00e4, yhdistettyn\u00e4 innovatiiviseen teknologiaan. Laitteiden ylivoimainen suorituskyky mahdollistaa huomattavat s\u00e4\u00e4st\u00f6t veden, energian ja pesuaineiden kustannuksissa*.[\/vc_column_text][vc_empty_space][\/vc_column][vc_column width=&#8221;1\/2&#8243;][vc_single_image image=&#8221;675&#8243; img_size=&#8221;full&#8221; alignment=&#8221;center&#8221;][\/vc_column][\/vc_row][vc_row][vc_column][vc_empty_space height=&#8221;50px&#8221;][\/vc_column][\/vc_row][vc_row][vc_column width=&#8221;1\/4&#8243;][vc_single_image image=&#8221;683&#8243; img_size=&#8221;full&#8221; alignment=&#8221;center&#8221;][elx_heading font_size=&#8221;h4&#8243; [&hellip;]<\/p>\n","protected":false},"author":17,"featured_media":0,"parent":2363,"menu_order":0,"comment_status":"closed","ping_status":"closed","template":"","meta":{"footnotes":""},"class_list":["post-4647","page","type-page","status-publish","hentry"],"yoast_head":"<!-- This site is optimized with the Yoast SEO plugin v23.3 - https:\/\/yoast.com\/wordpress\/plugins\/seo\/ -->\n<title>Kupuastianpesukoneet - Electrolux Professional<\/title>\n<meta name=\"description\" content=\"Electrolux Professionalin kupuastianpesukoneet varmistavat puhtaat astiat v\u00e4h\u00e4isell\u00e4 veden, energian sek\u00e4 kemikaalien kulutuksella.\" \/>\n<meta name=\"robots\" content=\"index, follow, max-snippet:-1, max-image-preview:large, max-video-preview:-1\" \/>\n<link rel=\"canonical\" href=\"https:\/\/www.electroluxprofessional.com\/fi\/ammattikeittiolaitteet\/kupuastianpesukoneet\/\" \/>\n<meta property=\"og:locale\" content=\"fi_FI\" \/>\n<meta property=\"og:type\" content=\"article\" \/>\n<meta property=\"og:title\" content=\"Kupuastianpesukoneet - Electrolux Professional\" \/>\n<meta property=\"og:description\" content=\"Electrolux Professionalin kupuastianpesukoneet varmistavat puhtaat astiat v\u00e4h\u00e4isell\u00e4 veden, energian sek\u00e4 kemikaalien kulutuksella.\" \/>\n<meta property=\"og:url\" content=\"https:\/\/www.electroluxprofessional.com\/fi\/ammattikeittiolaitteet\/kupuastianpesukoneet\/\" \/>\n<meta property=\"og:site_name\" content=\"Electrolux Professional Suomi\" \/>\n<meta property=\"article:modified_time\" content=\"2023-08-23T12:30:59+00:00\" \/>\n<meta name=\"twitter:card\" content=\"summary_large_image\" \/>\n<meta name=\"twitter:label1\" content=\"Arvioitu lukuaika\" \/>\n\t<meta name=\"twitter:data1\" content=\"3 minuuttia\" \/>\n<script type=\"application\/ld+json\" class=\"yoast-schema-graph\">{\"@context\":\"https:\/\/schema.org\",\"@graph\":[{\"@type\":\"WebPage\",\"@id\":\"https:\/\/www.electroluxprofessional.com\/fi\/ammattikeittiolaitteet\/kupuastianpesukoneet\/\",\"url\":\"https:\/\/www.electroluxprofessional.com\/fi\/ammattikeittiolaitteet\/kupuastianpesukoneet\/\",\"name\":\"Kupuastianpesukoneet - Electrolux Professional\",\"isPartOf\":{\"@id\":\"https:\/\/www.electroluxprofessional.com\/fi\/#website\"},\"datePublished\":\"2017-09-22T18:46:30+00:00\",\"dateModified\":\"2023-08-23T12:30:59+00:00\",\"description\":\"Electrolux Professionalin kupuastianpesukoneet varmistavat puhtaat astiat v\u00e4h\u00e4isell\u00e4 veden, energian sek\u00e4 kemikaalien kulutuksella.\",\"breadcrumb\":{\"@id\":\"https:\/\/www.electroluxprofessional.com\/fi\/ammattikeittiolaitteet\/kupuastianpesukoneet\/#breadcrumb\"},\"inLanguage\":\"fi\",\"potentialAction\":[{\"@type\":\"ReadAction\",\"target\":[\"https:\/\/www.electroluxprofessional.com\/fi\/ammattikeittiolaitteet\/kupuastianpesukoneet\/\"]}]},{\"@type\":\"BreadcrumbList\",\"@id\":\"https:\/\/www.electroluxprofessional.com\/fi\/ammattikeittiolaitteet\/kupuastianpesukoneet\/#breadcrumb\",\"itemListElement\":[{\"@type\":\"ListItem\",\"position\":1,\"name\":\"Home\",\"item\":\"https:\/\/www.electroluxprofessional.com\/fi\/\"},{\"@type\":\"ListItem\",\"position\":2,\"name\":\"Ammattikeitti\u00f6laitteet\",\"item\":\"https:\/\/www.electroluxprofessional.com\/fi\/ammattikeittiolaitteet\/\"},{\"@type\":\"ListItem\",\"position\":3,\"name\":\"Kupuastianpesukoneet\"}]},{\"@type\":\"WebSite\",\"@id\":\"https:\/\/www.electroluxprofessional.com\/fi\/#website\",\"url\":\"https:\/\/www.electroluxprofessional.com\/fi\/\",\"name\":\"Electrolux Professional Suomi\",\"description\":\"\",\"potentialAction\":[{\"@type\":\"SearchAction\",\"target\":{\"@type\":\"EntryPoint\",\"urlTemplate\":\"https:\/\/www.electroluxprofessional.com\/fi\/?src={search_term_string}\"},\"query-input\":\"required name=search_term_string\"}],\"inLanguage\":\"fi\"}]}<\/script>\n<!-- \/ Yoast SEO plugin. -->","yoast_head_json":{"title":"Kupuastianpesukoneet - Electrolux Professional","description":"Electrolux Professionalin kupuastianpesukoneet varmistavat puhtaat astiat v\u00e4h\u00e4isell\u00e4 veden, energian sek\u00e4 kemikaalien kulutuksella.","robots":{"index":"index","follow":"follow","max-snippet":"max-snippet:-1","max-image-preview":"max-image-preview:large","max-video-preview":"max-video-preview:-1"},"canonical":"https:\/\/www.electroluxprofessional.com\/fi\/ammattikeittiolaitteet\/kupuastianpesukoneet\/","og_locale":"fi_FI","og_type":"article","og_title":"Kupuastianpesukoneet - Electrolux Professional","og_description":"Electrolux Professionalin kupuastianpesukoneet varmistavat puhtaat astiat v\u00e4h\u00e4isell\u00e4 veden, energian sek\u00e4 kemikaalien kulutuksella.","og_url":"https:\/\/www.electroluxprofessional.com\/fi\/ammattikeittiolaitteet\/kupuastianpesukoneet\/","og_site_name":"Electrolux Professional Suomi","article_modified_time":"2023-08-23T12:30:59+00:00","twitter_card":"summary_large_image","twitter_misc":{"Arvioitu lukuaika":"3 minuuttia"},"schema":{"@context":"https:\/\/schema.org","@graph":[{"@type":"WebPage","@id":"https:\/\/www.electroluxprofessional.com\/fi\/ammattikeittiolaitteet\/kupuastianpesukoneet\/","url":"https:\/\/www.electroluxprofessional.com\/fi\/ammattikeittiolaitteet\/kupuastianpesukoneet\/","name":"Kupuastianpesukoneet - Electrolux Professional","isPartOf":{"@id":"https:\/\/www.electroluxprofessional.com\/fi\/#website"},"datePublished":"2017-09-22T18:46:30+00:00","dateModified":"2023-08-23T12:30:59+00:00","description":"Electrolux Professionalin kupuastianpesukoneet varmistavat puhtaat astiat v\u00e4h\u00e4isell\u00e4 veden, energian sek\u00e4 kemikaalien kulutuksella.","breadcrumb":{"@id":"https:\/\/www.electroluxprofessional.com\/fi\/ammattikeittiolaitteet\/kupuastianpesukoneet\/#breadcrumb"},"inLanguage":"fi","potentialAction":[{"@type":"ReadAction","target":["https:\/\/www.electroluxprofessional.com\/fi\/ammattikeittiolaitteet\/kupuastianpesukoneet\/"]}]},{"@type":"BreadcrumbList","@id":"https:\/\/www.electroluxprofessional.com\/fi\/ammattikeittiolaitteet\/kupuastianpesukoneet\/#breadcrumb","itemListElement":[{"@type":"ListItem","position":1,"name":"Home","item":"https:\/\/www.electroluxprofessional.com\/fi\/"},{"@type":"ListItem","position":2,"name":"Ammattikeitti\u00f6laitteet","item":"https:\/\/www.electroluxprofessional.com\/fi\/ammattikeittiolaitteet\/"},{"@type":"ListItem","position":3,"name":"Kupuastianpesukoneet"}]},{"@type":"WebSite","@id":"https:\/\/www.electroluxprofessional.com\/fi\/#website","url":"https:\/\/www.electroluxprofessional.com\/fi\/","name":"Electrolux Professional Suomi","description":"","potentialAction":[{"@type":"SearchAction","target":{"@type":"EntryPoint","urlTemplate":"https:\/\/www.electroluxprofessional.com\/fi\/?src={search_term_string}"},"query-input":"required name=search_term_string"}],"inLanguage":"fi"}]}},"_links":{"self":[{"href":"https:\/\/www.electroluxprofessional.com\/fi\/wp-json\/wp\/v2\/pages\/4647"}],"collection":[{"href":"https:\/\/www.electroluxprofessional.com\/fi\/wp-json\/wp\/v2\/pages"}],"about":[{"href":"https:\/\/www.electroluxprofessional.com\/fi\/wp-json\/wp\/v2\/types\/page"}],"author":[{"embeddable":true,"href":"https:\/\/www.electroluxprofessional.com\/fi\/wp-json\/wp\/v2\/users\/17"}],"replies":[{"embeddable":true,"href":"https:\/\/www.electroluxprofessional.com\/fi\/wp-json\/wp\/v2\/comments?post=4647"}],"version-history":[{"count":16,"href":"https:\/\/www.electroluxprofessional.com\/fi\/wp-json\/wp\/v2\/pages\/4647\/revisions"}],"predecessor-version":[{"id":11535,"href":"https:\/\/www.electroluxprofessional.com\/fi\/wp-json\/wp\/v2\/pages\/4647\/revisions\/11535"}],"up":[{"embeddable":true,"href":"https:\/\/www.electroluxprofessional.com\/fi\/wp-json\/wp\/v2\/pages\/2363"}],"wp:attachment":[{"href":"https:\/\/www.electroluxprofessional.com\/fi\/wp-json\/wp\/v2\/media?parent=4647"}],"curies":[{"name":"wp","href":"https:\/\/api.w.org\/{rel}","templated":true}]}}