{"id":4434,"date":"2016-11-28T09:30:08","date_gmt":"2016-11-28T09:30:08","guid":{"rendered":"https:\/\/www.electroluxprofessional.com\/?page_id=5948"},"modified":"2024-12-18T15:40:05","modified_gmt":"2024-12-18T15:40:05","slug":"oikean-teran-valintatyokalu","status":"publish","type":"page","link":"https:\/\/www.electroluxprofessional.com\/fi\/ammattikeittiolaitteet\/oikean-teran-valintatyokalu\/","title":{"rendered":"Oikean ter\u00e4n valintaty\u00f6kalu"},"content":{"rendered":"<p>[vc_row][vc_column][elx_hero_slider label_text_color=&#8221;inherit&#8221; images=&#8221;1110&#8243;][elx_heading font_container=&#8221;h1&#8243; text_color=&#8221;inherit&#8221; text_align=&#8221;text-center&#8221;]Oikean ter\u00e4n valintaty\u00f6kalu[\/elx_heading][\/elx_hero_slider][\/vc_column][\/vc_row][vc_row][vc_column][vc_empty_space][elx_heading font_size=&#8221;h3&#8243; text_color=&#8221;inherit&#8221; text_align=&#8221;text-center&#8221;]Interaktiivinen oikean ter\u00e4n valintaty\u00f6kalu auttaa l\u00f6yt\u00e4m\u00e4\u00e4n sopivan ter\u00e4n TRS-, TR210- ja TRK vihannesleikkureihimme.[\/elx_heading][vc_empty_space][\/vc_column][\/vc_row][vc_row][vc_column][vc_column_text]<\/p>\n<div>\n<p>Tutustu ter\u00e4valikoimiimme joko k\u00e4sitelt\u00e4v\u00e4n\u00e4 olevan ruoka-aineesi mukaisesti tai ter\u00e4n tyypin ja mallin mukaiesti.<\/p>\n<\/div>\n<p>[\/vc_column_text][\/vc_column][\/vc_row][vc_row][vc_column][vc_empty_space][elx_o2000_cutting_guide][vc_empty_space height=&#8221;50px&#8221;][\/vc_column][\/vc_row][vc_row][vc_column][vc_empty_space height=&#8221;50px&#8221;][elx_heading text_color=&#8221;inherit&#8221; text_align=&#8221;text-center&#8221;]Haluatko lis\u00e4tietoa vihannesleikkureistamme?[\/elx_heading][elx_o2000_contact_us s=&#8221;Tietopyynt\u00f6 vihannesleikkurit&#8221; country=&#8221;Finland&#8221; container=&#8221;elxcontactus1480324839&#8243; r=&#8221;Haluaisin saada lis\u00e4tietoa vihannesleikkureista&#8221; l=&#8221;fi&#8221; e=&#8221;suurkeittiolaitteet.fia@electrolux.fi&#8221;][\/vc_column][\/vc_row][vc_row][vc_column][vc_empty_space height=&#8221;50px&#8221;][\/vc_column][\/vc_row]<\/p>\n","protected":false},"excerpt":{"rendered":"<p>[vc_row][vc_column][elx_hero_slider label_text_color=&#8221;inherit&#8221; images=&#8221;1110&#8243;][elx_heading font_container=&#8221;h1&#8243; text_color=&#8221;inherit&#8221; text_align=&#8221;text-center&#8221;]Oikean ter\u00e4n valintaty\u00f6kalu[\/elx_heading][\/elx_hero_slider][\/vc_column][\/vc_row][vc_row][vc_column][vc_empty_space][elx_heading font_size=&#8221;h3&#8243; text_color=&#8221;inherit&#8221; text_align=&#8221;text-center&#8221;]Interaktiivinen oikean ter\u00e4n valintaty\u00f6kalu auttaa l\u00f6yt\u00e4m\u00e4\u00e4n sopivan ter\u00e4n TRS-, TR210- ja TRK vihannesleikkureihimme.[\/elx_heading][vc_empty_space][\/vc_column][\/vc_row][vc_row][vc_column][vc_column_text] Tutustu ter\u00e4valikoimiimme joko k\u00e4sitelt\u00e4v\u00e4n\u00e4 olevan ruoka-aineesi mukaisesti tai ter\u00e4n tyypin ja mallin mukaiesti. [\/vc_column_text][\/vc_column][\/vc_row][vc_row][vc_column][vc_empty_space][elx_o2000_cutting_guide][vc_empty_space height=&#8221;50px&#8221;][\/vc_column][\/vc_row][vc_row][vc_column][vc_empty_space height=&#8221;50px&#8221;][elx_heading text_color=&#8221;inherit&#8221; text_align=&#8221;text-center&#8221;]Haluatko lis\u00e4tietoa vihannesleikkureistamme?[\/elx_heading][elx_o2000_contact_us s=&#8221;Tietopyynt\u00f6 vihannesleikkurit&#8221; country=&#8221;Finland&#8221; container=&#8221;elxcontactus1480324839&#8243; r=&#8221;Haluaisin saada lis\u00e4tietoa vihannesleikkureista&#8221; l=&#8221;fi&#8221; e=&#8221;suurkeittiolaitteet.fia@electrolux.fi&#8221;][\/vc_column][\/vc_row][vc_row][vc_column][vc_empty_space height=&#8221;50px&#8221;][\/vc_column][\/vc_row]<\/p>\n","protected":false},"author":17,"featured_media":1110,"parent":2363,"menu_order":0,"comment_status":"closed","ping_status":"closed","template":"","meta":{"footnotes":""},"class_list":["post-4434","page","type-page","status-publish","has-post-thumbnail","hentry"],"yoast_head":"<!-- This site is optimized with the Yoast SEO plugin v23.3 - https:\/\/yoast.com\/wordpress\/plugins\/seo\/ -->\n<title>Oikean ter\u00e4n valintaty\u00f6kalu - Electrolux Professional Suomi<\/title>\n<meta name=\"description\" content=\"Oikean ter\u00e4n valintaty\u00f6kalu auttaa l\u00f6yt\u00e4m\u00e4\u00e4n sopivan ter\u00e4n TRS-, TR210- ja TRK vihannesleikkureihimme. Kokeile nyt!\" \/>\n<meta name=\"robots\" content=\"index, follow, max-snippet:-1, max-image-preview:large, max-video-preview:-1\" \/>\n<link rel=\"canonical\" href=\"https:\/\/www.electroluxprofessional.com\/fi\/ammattikeittiolaitteet\/oikean-teran-valintatyokalu\/\" \/>\n<meta property=\"og:locale\" content=\"fi_FI\" \/>\n<meta property=\"og:type\" content=\"article\" \/>\n<meta property=\"og:title\" content=\"Oikean ter\u00e4n valintaty\u00f6kalu - Electrolux Professional Suomi\" \/>\n<meta property=\"og:description\" content=\"Oikean ter\u00e4n valintaty\u00f6kalu auttaa l\u00f6yt\u00e4m\u00e4\u00e4n sopivan ter\u00e4n TRS-, TR210- ja TRK vihannesleikkureihimme. Kokeile nyt!\" \/>\n<meta property=\"og:url\" content=\"https:\/\/www.electroluxprofessional.com\/fi\/ammattikeittiolaitteet\/oikean-teran-valintatyokalu\/\" \/>\n<meta property=\"og:site_name\" content=\"Electrolux Professional Suomi\" \/>\n<meta property=\"article:modified_time\" content=\"2024-12-18T15:40:05+00:00\" \/>\n<meta property=\"og:image\" content=\"https:\/\/www.electroluxprofessional.com\/fi\/wp-content\/uploads\/2016\/11\/banner-10-1.jpg\" \/>\n\t<meta property=\"og:image:width\" content=\"2000\" \/>\n\t<meta property=\"og:image:height\" content=\"1688\" \/>\n\t<meta property=\"og:image:type\" content=\"image\/jpeg\" \/>\n<meta name=\"twitter:card\" content=\"summary_large_image\" \/>\n<meta name=\"twitter:label1\" content=\"Arvioitu lukuaika\" \/>\n\t<meta name=\"twitter:data1\" content=\"1 minuutti\" \/>\n<script type=\"application\/ld+json\" class=\"yoast-schema-graph\">{\"@context\":\"https:\/\/schema.org\",\"@graph\":[{\"@type\":\"WebPage\",\"@id\":\"https:\/\/www.electroluxprofessional.com\/fi\/ammattikeittiolaitteet\/oikean-teran-valintatyokalu\/\",\"url\":\"https:\/\/www.electroluxprofessional.com\/fi\/ammattikeittiolaitteet\/oikean-teran-valintatyokalu\/\",\"name\":\"Oikean ter\u00e4n valintaty\u00f6kalu - Electrolux Professional Suomi\",\"isPartOf\":{\"@id\":\"https:\/\/www.electroluxprofessional.com\/fi\/#website\"},\"primaryImageOfPage\":{\"@id\":\"https:\/\/www.electroluxprofessional.com\/fi\/ammattikeittiolaitteet\/oikean-teran-valintatyokalu\/#primaryimage\"},\"image\":{\"@id\":\"https:\/\/www.electroluxprofessional.com\/fi\/ammattikeittiolaitteet\/oikean-teran-valintatyokalu\/#primaryimage\"},\"thumbnailUrl\":\"https:\/\/www.electroluxprofessional.com\/fi\/wp-content\/uploads\/2016\/11\/banner-10-1.jpg\",\"datePublished\":\"2016-11-28T09:30:08+00:00\",\"dateModified\":\"2024-12-18T15:40:05+00:00\",\"description\":\"Oikean ter\u00e4n valintaty\u00f6kalu auttaa l\u00f6yt\u00e4m\u00e4\u00e4n sopivan ter\u00e4n TRS-, TR210- ja TRK vihannesleikkureihimme. Kokeile nyt!\",\"breadcrumb\":{\"@id\":\"https:\/\/www.electroluxprofessional.com\/fi\/ammattikeittiolaitteet\/oikean-teran-valintatyokalu\/#breadcrumb\"},\"inLanguage\":\"fi\",\"potentialAction\":[{\"@type\":\"ReadAction\",\"target\":[\"https:\/\/www.electroluxprofessional.com\/fi\/ammattikeittiolaitteet\/oikean-teran-valintatyokalu\/\"]}]},{\"@type\":\"ImageObject\",\"inLanguage\":\"fi\",\"@id\":\"https:\/\/www.electroluxprofessional.com\/fi\/ammattikeittiolaitteet\/oikean-teran-valintatyokalu\/#primaryimage\",\"url\":\"https:\/\/www.electroluxprofessional.com\/fi\/wp-content\/uploads\/2016\/11\/banner-10-1.jpg\",\"contentUrl\":\"https:\/\/www.electroluxprofessional.com\/fi\/wp-content\/uploads\/2016\/11\/banner-10-1.jpg\",\"width\":2000,\"height\":1688,\"caption\":\"food preparation\"},{\"@type\":\"BreadcrumbList\",\"@id\":\"https:\/\/www.electroluxprofessional.com\/fi\/ammattikeittiolaitteet\/oikean-teran-valintatyokalu\/#breadcrumb\",\"itemListElement\":[{\"@type\":\"ListItem\",\"position\":1,\"name\":\"Home\",\"item\":\"https:\/\/www.electroluxprofessional.com\/fi\/\"},{\"@type\":\"ListItem\",\"position\":2,\"name\":\"Ammattikeitti\u00f6laitteet\",\"item\":\"https:\/\/www.electroluxprofessional.com\/fi\/ammattikeittiolaitteet\/\"},{\"@type\":\"ListItem\",\"position\":3,\"name\":\"Oikean ter\u00e4n valintaty\u00f6kalu\"}]},{\"@type\":\"WebSite\",\"@id\":\"https:\/\/www.electroluxprofessional.com\/fi\/#website\",\"url\":\"https:\/\/www.electroluxprofessional.com\/fi\/\",\"name\":\"Electrolux Professional Suomi\",\"description\":\"\",\"potentialAction\":[{\"@type\":\"SearchAction\",\"target\":{\"@type\":\"EntryPoint\",\"urlTemplate\":\"https:\/\/www.electroluxprofessional.com\/fi\/?src={search_term_string}\"},\"query-input\":\"required name=search_term_string\"}],\"inLanguage\":\"fi\"}]}<\/script>\n<!-- \/ Yoast SEO plugin. -->","yoast_head_json":{"title":"Oikean ter\u00e4n valintaty\u00f6kalu - Electrolux Professional Suomi","description":"Oikean ter\u00e4n valintaty\u00f6kalu auttaa l\u00f6yt\u00e4m\u00e4\u00e4n sopivan ter\u00e4n TRS-, TR210- ja TRK vihannesleikkureihimme. Kokeile nyt!","robots":{"index":"index","follow":"follow","max-snippet":"max-snippet:-1","max-image-preview":"max-image-preview:large","max-video-preview":"max-video-preview:-1"},"canonical":"https:\/\/www.electroluxprofessional.com\/fi\/ammattikeittiolaitteet\/oikean-teran-valintatyokalu\/","og_locale":"fi_FI","og_type":"article","og_title":"Oikean ter\u00e4n valintaty\u00f6kalu - Electrolux Professional Suomi","og_description":"Oikean ter\u00e4n valintaty\u00f6kalu auttaa l\u00f6yt\u00e4m\u00e4\u00e4n sopivan ter\u00e4n TRS-, TR210- ja TRK vihannesleikkureihimme. Kokeile nyt!","og_url":"https:\/\/www.electroluxprofessional.com\/fi\/ammattikeittiolaitteet\/oikean-teran-valintatyokalu\/","og_site_name":"Electrolux Professional Suomi","article_modified_time":"2024-12-18T15:40:05+00:00","og_image":[{"width":2000,"height":1688,"url":"https:\/\/www.electroluxprofessional.com\/fi\/wp-content\/uploads\/2016\/11\/banner-10-1.jpg","type":"image\/jpeg"}],"twitter_card":"summary_large_image","twitter_misc":{"Arvioitu lukuaika":"1 minuutti"},"schema":{"@context":"https:\/\/schema.org","@graph":[{"@type":"WebPage","@id":"https:\/\/www.electroluxprofessional.com\/fi\/ammattikeittiolaitteet\/oikean-teran-valintatyokalu\/","url":"https:\/\/www.electroluxprofessional.com\/fi\/ammattikeittiolaitteet\/oikean-teran-valintatyokalu\/","name":"Oikean ter\u00e4n valintaty\u00f6kalu - Electrolux Professional Suomi","isPartOf":{"@id":"https:\/\/www.electroluxprofessional.com\/fi\/#website"},"primaryImageOfPage":{"@id":"https:\/\/www.electroluxprofessional.com\/fi\/ammattikeittiolaitteet\/oikean-teran-valintatyokalu\/#primaryimage"},"image":{"@id":"https:\/\/www.electroluxprofessional.com\/fi\/ammattikeittiolaitteet\/oikean-teran-valintatyokalu\/#primaryimage"},"thumbnailUrl":"https:\/\/www.electroluxprofessional.com\/fi\/wp-content\/uploads\/2016\/11\/banner-10-1.jpg","datePublished":"2016-11-28T09:30:08+00:00","dateModified":"2024-12-18T15:40:05+00:00","description":"Oikean ter\u00e4n valintaty\u00f6kalu auttaa l\u00f6yt\u00e4m\u00e4\u00e4n sopivan ter\u00e4n TRS-, TR210- ja TRK vihannesleikkureihimme. Kokeile nyt!","breadcrumb":{"@id":"https:\/\/www.electroluxprofessional.com\/fi\/ammattikeittiolaitteet\/oikean-teran-valintatyokalu\/#breadcrumb"},"inLanguage":"fi","potentialAction":[{"@type":"ReadAction","target":["https:\/\/www.electroluxprofessional.com\/fi\/ammattikeittiolaitteet\/oikean-teran-valintatyokalu\/"]}]},{"@type":"ImageObject","inLanguage":"fi","@id":"https:\/\/www.electroluxprofessional.com\/fi\/ammattikeittiolaitteet\/oikean-teran-valintatyokalu\/#primaryimage","url":"https:\/\/www.electroluxprofessional.com\/fi\/wp-content\/uploads\/2016\/11\/banner-10-1.jpg","contentUrl":"https:\/\/www.electroluxprofessional.com\/fi\/wp-content\/uploads\/2016\/11\/banner-10-1.jpg","width":2000,"height":1688,"caption":"food preparation"},{"@type":"BreadcrumbList","@id":"https:\/\/www.electroluxprofessional.com\/fi\/ammattikeittiolaitteet\/oikean-teran-valintatyokalu\/#breadcrumb","itemListElement":[{"@type":"ListItem","position":1,"name":"Home","item":"https:\/\/www.electroluxprofessional.com\/fi\/"},{"@type":"ListItem","position":2,"name":"Ammattikeitti\u00f6laitteet","item":"https:\/\/www.electroluxprofessional.com\/fi\/ammattikeittiolaitteet\/"},{"@type":"ListItem","position":3,"name":"Oikean ter\u00e4n valintaty\u00f6kalu"}]},{"@type":"WebSite","@id":"https:\/\/www.electroluxprofessional.com\/fi\/#website","url":"https:\/\/www.electroluxprofessional.com\/fi\/","name":"Electrolux Professional Suomi","description":"","potentialAction":[{"@type":"SearchAction","target":{"@type":"EntryPoint","urlTemplate":"https:\/\/www.electroluxprofessional.com\/fi\/?src={search_term_string}"},"query-input":"required name=search_term_string"}],"inLanguage":"fi"}]}},"_links":{"self":[{"href":"https:\/\/www.electroluxprofessional.com\/fi\/wp-json\/wp\/v2\/pages\/4434"}],"collection":[{"href":"https:\/\/www.electroluxprofessional.com\/fi\/wp-json\/wp\/v2\/pages"}],"about":[{"href":"https:\/\/www.electroluxprofessional.com\/fi\/wp-json\/wp\/v2\/types\/page"}],"author":[{"embeddable":true,"href":"https:\/\/www.electroluxprofessional.com\/fi\/wp-json\/wp\/v2\/users\/17"}],"replies":[{"embeddable":true,"href":"https:\/\/www.electroluxprofessional.com\/fi\/wp-json\/wp\/v2\/comments?post=4434"}],"version-history":[{"count":24,"href":"https:\/\/www.electroluxprofessional.com\/fi\/wp-json\/wp\/v2\/pages\/4434\/revisions"}],"predecessor-version":[{"id":14138,"href":"https:\/\/www.electroluxprofessional.com\/fi\/wp-json\/wp\/v2\/pages\/4434\/revisions\/14138"}],"up":[{"embeddable":true,"href":"https:\/\/www.electroluxprofessional.com\/fi\/wp-json\/wp\/v2\/pages\/2363"}],"wp:featuredmedia":[{"embeddable":true,"href":"https:\/\/www.electroluxprofessional.com\/fi\/wp-json\/wp\/v2\/media\/1110"}],"wp:attachment":[{"href":"https:\/\/www.electroluxprofessional.com\/fi\/wp-json\/wp\/v2\/media?parent=4434"}],"curies":[{"name":"wp","href":"https:\/\/api.w.org\/{rel}","templated":true}]}}