{"id":4013,"date":"2017-03-01T09:09:58","date_gmt":"2017-03-01T08:09:58","guid":{"rendered":"https:\/\/www.electroluxprofessional.com\/fi\/?page_id=4013"},"modified":"2017-09-22T19:19:21","modified_gmt":"2017-09-22T19:19:21","slug":"kringutrustning-diskmaskin","status":"publish","type":"page","link":"https:\/\/www.electroluxprofessional.com\/fi\/kringutrustning-diskmaskin\/","title":{"rendered":"Kringutrustning"},"content":{"rendered":"<p>[vc_row full_width=&#8221;electroluxpro-full-width-no-padding&#8221;][vc_column][elx_hero_slider text_position=&#8221;hero_slider_text_align_right&#8221; label_text_color=&#8221;inherit&#8221; images=&#8221;3973&#8243;][elx_heading font_container=&#8221;h1&#8243; font_size=&#8221;h3&#8243; text_color=&#8221;inherit&#8221;]Kringutrustning[\/elx_heading][elx_heading font_size=&#8221;h4&#8243; text_color=&#8221;inherit&#8221;]Effektivisera ditt diskomr\u00e5de[\/elx_heading][\/elx_hero_slider][\/vc_column][\/vc_row][vc_row][vc_column][vc_empty_space][elx_heading font_size=&#8221;h2&#8243; text_color=&#8221;inherit&#8221; text_align=&#8221;text-center&#8221;]Ta fram den optimala kombinationen av kringutrustning med <strong>made to measure&#8217;s<\/strong> m\u00e5nga olika alternativ.[\/elx_heading][vc_empty_space][\/vc_column][\/vc_row][vc_row][vc_column width=&#8221;1\/4&#8243;][vc_single_image image=&#8221;3989&#8243; img_size=&#8221;full&#8221;][\/vc_column][vc_column width=&#8221;1\/4&#8243;][vc_empty_space][vc_column_text]<\/p>\n<h5><b>18 F\u00f6rdiskb\u00e4nksalternativ <\/b>tillg\u00e4ngliga i l\u00e4ngder upp till 1.6m<\/h5>\n<p>[\/vc_column_text][\/vc_column][vc_column width=&#8221;1\/4&#8243;][vc_single_image image=&#8221;3990&#8243; img_size=&#8221;full&#8221;][\/vc_column][vc_column width=&#8221;1\/4&#8243;][vc_empty_space][vc_column_text]<\/p>\n<h5><b>3 Sorteringsb\u00e4nkalternativ <\/b>tillg\u00e4ngliga i l\u00e4ngder upp till 1.6m<\/h5>\n<p>[\/vc_column_text][\/vc_column][\/vc_row][vc_row][vc_column width=&#8221;1\/4&#8243;][vc_single_image image=&#8221;3991&#8243; img_size=&#8221;full&#8221;][\/vc_column][vc_column width=&#8221;1\/4&#8243;][vc_empty_space][vc_column_text]<\/p>\n<h5><b>12 Rulltransport\u00f6ralternativ <\/b>tillg\u00e4ngliga i l\u00e4ngder upp till 2.6m<\/h5>\n<p>[\/vc_column_text][\/vc_column][vc_column width=&#8221;1\/4&#8243;][vc_single_image image=&#8221;3992&#8243; img_size=&#8221;full&#8221;][\/vc_column][vc_column width=&#8221;1\/4&#8243;][vc_empty_space][vc_column_text]<\/p>\n<h5><b>6 H\u00f6rnb\u00e4nkstransport\u00f6rer<\/b> tillg\u00e4ngliga i 90\u00b0 och 180\u00b0<\/h5>\n<p>[\/vc_column_text][\/vc_column][\/vc_row][vc_row][vc_column width=&#8221;1\/4&#8243;][vc_single_image image=&#8221;3993&#8243; img_size=&#8221;full&#8221;][\/vc_column][vc_column width=&#8221;1\/4&#8243;][vc_empty_space][vc_column_text]<\/p>\n<h5><b>50\u00a0Stackningsb\u00e4nksalternativ<\/b> tillg\u00e4nglig som b\u00e5de manuell sortering och automatisk sortering f\u00f6r upp till 6 korgar<\/h5>\n<p>[\/vc_column_text][\/vc_column][vc_column width=&#8221;1\/4&#8243;][vc_single_image image=&#8221;3994&#8243; img_size=&#8221;full&#8221;][\/vc_column][vc_column width=&#8221;1\/4&#8243;][vc_empty_space][vc_column_text]<\/p>\n<h5><b>28 Olika motordrivna b\u00e4nkar<\/b> f\u00f6r b\u00e5de brickor och korgar som kan kombineras i m\u00e5nga varianter<\/h5>\n<p>[\/vc_column_text][\/vc_column][\/vc_row][vc_row][vc_column width=&#8221;1\/3&#8243;][elx_download_block text=&#8221;Broschyr&#8221; link=&#8221;https:\/\/www.electroluxprofessional.com\/fi\/wp-content\/uploads\/2017\/05\/greenclean-tunneldisk-broschyr-SE_lowres.pdf&#8221; background_color=&#8221;cat-clean&#8221;][\/vc_column][vc_column width=&#8221;1\/3&#8243;][elx_download_block text=&#8221;Tunneldiskmaskin&#8221; link=&#8221;https:\/\/www.electroluxprofessional.com\/fi\/ammattikeittiolaitteet\/astianpesulaitteet\/korikuljetinastianpesukoneet\/&#8221; link_target=&#8221;self&#8221; background_color=&#8221;cat-clean&#8221; background_image=&#8221;3970&#8243;][\/vc_column][vc_column width=&#8221;1\/3&#8243;][\/vc_column][\/vc_row][vc_row][vc_column][vc_empty_space][elx_heading text_color=&#8221;inherit&#8221;]Vill du veta mer? Kontakta oss![\/elx_heading][elx_o2000_contact_us r=&#8221;Jag skulle vilja veta mer om kringutrustning f\u00f6r Tunneldiskmaskin. V\u00e4nligen kontakta mig.&#8221; s=&#8221;Request of information about handling system for Tunneldiskmaskin Kringutrustning&#8221; e=&#8221;anders.norell@electrolux.com&#8221; country=&#8221;Sweden&#8221; l=&#8221;se&#8221; container=&#8221;elxcontactus1488377821&#8243;][vc_empty_space][\/vc_column][\/vc_row]<\/p>\n","protected":false},"excerpt":{"rendered":"<p>[vc_row full_width=&#8221;electroluxpro-full-width-no-padding&#8221;][vc_column][elx_hero_slider text_position=&#8221;hero_slider_text_align_right&#8221; label_text_color=&#8221;inherit&#8221; images=&#8221;3973&#8243;][elx_heading font_container=&#8221;h1&#8243; font_size=&#8221;h3&#8243; text_color=&#8221;inherit&#8221;]Kringutrustning[\/elx_heading][elx_heading font_size=&#8221;h4&#8243; text_color=&#8221;inherit&#8221;]Effektivisera ditt diskomr\u00e5de[\/elx_heading][\/elx_hero_slider][\/vc_column][\/vc_row][vc_row][vc_column][vc_empty_space][elx_heading font_size=&#8221;h2&#8243; text_color=&#8221;inherit&#8221; text_align=&#8221;text-center&#8221;]Ta fram den optimala kombinationen av kringutrustning med made to measure&#8217;s m\u00e5nga olika alternativ.[\/elx_heading][vc_empty_space][\/vc_column][\/vc_row][vc_row][vc_column width=&#8221;1\/4&#8243;][vc_single_image image=&#8221;3989&#8243; img_size=&#8221;full&#8221;][\/vc_column][vc_column width=&#8221;1\/4&#8243;][vc_empty_space][vc_column_text] 18 F\u00f6rdiskb\u00e4nksalternativ tillg\u00e4ngliga i l\u00e4ngder upp till 1.6m [\/vc_column_text][\/vc_column][vc_column width=&#8221;1\/4&#8243;][vc_single_image image=&#8221;3990&#8243; img_size=&#8221;full&#8221;][\/vc_column][vc_column width=&#8221;1\/4&#8243;][vc_empty_space][vc_column_text] 3 Sorteringsb\u00e4nkalternativ tillg\u00e4ngliga i l\u00e4ngder upp till 1.6m [\/vc_column_text][\/vc_column][\/vc_row][vc_row][vc_column width=&#8221;1\/4&#8243;][vc_single_image [&hellip;]<\/p>\n","protected":false},"author":1,"featured_media":0,"parent":0,"menu_order":0,"comment_status":"closed","ping_status":"closed","template":"","meta":{"footnotes":""},"class_list":["post-4013","page","type-page","status-publish","hentry"],"yoast_head":"<!-- This site is optimized with the Yoast SEO plugin v23.3 - https:\/\/yoast.com\/wordpress\/plugins\/seo\/ -->\n<title>Kringutrustning - Electrolux Professional Suomi<\/title>\n<meta name=\"description\" content=\"Ta fram den optimala kombinationen av kringutrustning med made to measure&#039;s m\u00e5nga olika alternativ f\u00f6r din diskmaskin.\" \/>\n<meta name=\"robots\" content=\"index, follow, max-snippet:-1, max-image-preview:large, max-video-preview:-1\" \/>\n<link rel=\"canonical\" href=\"https:\/\/www.electroluxprofessional.com\/fi\/kringutrustning-diskmaskin\/\" \/>\n<meta property=\"og:locale\" content=\"fi_FI\" \/>\n<meta property=\"og:type\" content=\"article\" \/>\n<meta property=\"og:title\" content=\"Kringutrustning - Electrolux Professional Suomi\" \/>\n<meta property=\"og:description\" content=\"Ta fram den optimala kombinationen av kringutrustning med made to measure&#039;s m\u00e5nga olika alternativ f\u00f6r din diskmaskin.\" \/>\n<meta property=\"og:url\" content=\"https:\/\/www.electroluxprofessional.com\/fi\/kringutrustning-diskmaskin\/\" \/>\n<meta property=\"og:site_name\" content=\"Electrolux Professional Suomi\" \/>\n<meta property=\"article:modified_time\" content=\"2017-09-22T19:19:21+00:00\" \/>\n<meta name=\"twitter:card\" content=\"summary_large_image\" \/>\n<meta name=\"twitter:label1\" content=\"Arvioitu lukuaika\" \/>\n\t<meta name=\"twitter:data1\" content=\"2 minuuttia\" \/>\n<script type=\"application\/ld+json\" class=\"yoast-schema-graph\">{\"@context\":\"https:\/\/schema.org\",\"@graph\":[{\"@type\":\"WebPage\",\"@id\":\"https:\/\/www.electroluxprofessional.com\/fi\/kringutrustning-diskmaskin\/\",\"url\":\"https:\/\/www.electroluxprofessional.com\/fi\/kringutrustning-diskmaskin\/\",\"name\":\"Kringutrustning - Electrolux Professional Suomi\",\"isPartOf\":{\"@id\":\"https:\/\/www.electroluxprofessional.com\/fi\/#website\"},\"datePublished\":\"2017-03-01T08:09:58+00:00\",\"dateModified\":\"2017-09-22T19:19:21+00:00\",\"description\":\"Ta fram den optimala kombinationen av kringutrustning med made to measure's m\u00e5nga olika alternativ f\u00f6r din diskmaskin.\",\"breadcrumb\":{\"@id\":\"https:\/\/www.electroluxprofessional.com\/fi\/kringutrustning-diskmaskin\/#breadcrumb\"},\"inLanguage\":\"fi\",\"potentialAction\":[{\"@type\":\"ReadAction\",\"target\":[\"https:\/\/www.electroluxprofessional.com\/fi\/kringutrustning-diskmaskin\/\"]}]},{\"@type\":\"BreadcrumbList\",\"@id\":\"https:\/\/www.electroluxprofessional.com\/fi\/kringutrustning-diskmaskin\/#breadcrumb\",\"itemListElement\":[{\"@type\":\"ListItem\",\"position\":1,\"name\":\"Home\",\"item\":\"https:\/\/www.electroluxprofessional.com\/fi\/\"},{\"@type\":\"ListItem\",\"position\":2,\"name\":\"Kringutrustning\"}]},{\"@type\":\"WebSite\",\"@id\":\"https:\/\/www.electroluxprofessional.com\/fi\/#website\",\"url\":\"https:\/\/www.electroluxprofessional.com\/fi\/\",\"name\":\"Electrolux Professional Suomi\",\"description\":\"\",\"potentialAction\":[{\"@type\":\"SearchAction\",\"target\":{\"@type\":\"EntryPoint\",\"urlTemplate\":\"https:\/\/www.electroluxprofessional.com\/fi\/?src={search_term_string}\"},\"query-input\":\"required name=search_term_string\"}],\"inLanguage\":\"fi\"}]}<\/script>\n<!-- \/ Yoast SEO plugin. -->","yoast_head_json":{"title":"Kringutrustning - Electrolux Professional Suomi","description":"Ta fram den optimala kombinationen av kringutrustning med made to measure's m\u00e5nga olika alternativ f\u00f6r din diskmaskin.","robots":{"index":"index","follow":"follow","max-snippet":"max-snippet:-1","max-image-preview":"max-image-preview:large","max-video-preview":"max-video-preview:-1"},"canonical":"https:\/\/www.electroluxprofessional.com\/fi\/kringutrustning-diskmaskin\/","og_locale":"fi_FI","og_type":"article","og_title":"Kringutrustning - Electrolux Professional Suomi","og_description":"Ta fram den optimala kombinationen av kringutrustning med made to measure's m\u00e5nga olika alternativ f\u00f6r din diskmaskin.","og_url":"https:\/\/www.electroluxprofessional.com\/fi\/kringutrustning-diskmaskin\/","og_site_name":"Electrolux Professional Suomi","article_modified_time":"2017-09-22T19:19:21+00:00","twitter_card":"summary_large_image","twitter_misc":{"Arvioitu lukuaika":"2 minuuttia"},"schema":{"@context":"https:\/\/schema.org","@graph":[{"@type":"WebPage","@id":"https:\/\/www.electroluxprofessional.com\/fi\/kringutrustning-diskmaskin\/","url":"https:\/\/www.electroluxprofessional.com\/fi\/kringutrustning-diskmaskin\/","name":"Kringutrustning - Electrolux Professional Suomi","isPartOf":{"@id":"https:\/\/www.electroluxprofessional.com\/fi\/#website"},"datePublished":"2017-03-01T08:09:58+00:00","dateModified":"2017-09-22T19:19:21+00:00","description":"Ta fram den optimala kombinationen av kringutrustning med made to measure's m\u00e5nga olika alternativ f\u00f6r din diskmaskin.","breadcrumb":{"@id":"https:\/\/www.electroluxprofessional.com\/fi\/kringutrustning-diskmaskin\/#breadcrumb"},"inLanguage":"fi","potentialAction":[{"@type":"ReadAction","target":["https:\/\/www.electroluxprofessional.com\/fi\/kringutrustning-diskmaskin\/"]}]},{"@type":"BreadcrumbList","@id":"https:\/\/www.electroluxprofessional.com\/fi\/kringutrustning-diskmaskin\/#breadcrumb","itemListElement":[{"@type":"ListItem","position":1,"name":"Home","item":"https:\/\/www.electroluxprofessional.com\/fi\/"},{"@type":"ListItem","position":2,"name":"Kringutrustning"}]},{"@type":"WebSite","@id":"https:\/\/www.electroluxprofessional.com\/fi\/#website","url":"https:\/\/www.electroluxprofessional.com\/fi\/","name":"Electrolux Professional Suomi","description":"","potentialAction":[{"@type":"SearchAction","target":{"@type":"EntryPoint","urlTemplate":"https:\/\/www.electroluxprofessional.com\/fi\/?src={search_term_string}"},"query-input":"required name=search_term_string"}],"inLanguage":"fi"}]}},"_links":{"self":[{"href":"https:\/\/www.electroluxprofessional.com\/fi\/wp-json\/wp\/v2\/pages\/4013"}],"collection":[{"href":"https:\/\/www.electroluxprofessional.com\/fi\/wp-json\/wp\/v2\/pages"}],"about":[{"href":"https:\/\/www.electroluxprofessional.com\/fi\/wp-json\/wp\/v2\/types\/page"}],"author":[{"embeddable":true,"href":"https:\/\/www.electroluxprofessional.com\/fi\/wp-json\/wp\/v2\/users\/1"}],"replies":[{"embeddable":true,"href":"https:\/\/www.electroluxprofessional.com\/fi\/wp-json\/wp\/v2\/comments?post=4013"}],"version-history":[{"count":11,"href":"https:\/\/www.electroluxprofessional.com\/fi\/wp-json\/wp\/v2\/pages\/4013\/revisions"}],"predecessor-version":[{"id":4933,"href":"https:\/\/www.electroluxprofessional.com\/fi\/wp-json\/wp\/v2\/pages\/4013\/revisions\/4933"}],"wp:attachment":[{"href":"https:\/\/www.electroluxprofessional.com\/fi\/wp-json\/wp\/v2\/media?parent=4013"}],"curies":[{"name":"wp","href":"https:\/\/api.w.org\/{rel}","templated":true}]}}