{"id":3998,"date":"2017-01-27T09:45:26","date_gmt":"2017-01-27T08:45:26","guid":{"rendered":"https:\/\/www.electroluxprofessional.com\/fi\/?page_id=3998"},"modified":"2017-09-22T19:20:00","modified_gmt":"2017-09-22T19:20:00","slug":"tunneldiskmaskin","status":"publish","type":"page","link":"https:\/\/www.electroluxprofessional.com\/fi\/tunneldiskmaskin\/","title":{"rendered":"Tunneldiskmaskin"},"content":{"rendered":"<p>[vc_row full_width=&#8221;electroluxpro-full-width-no-padding&#8221;][vc_column][elx_video_block background_image=&#8221;3970&#8243; minimum_height=&#8221;450px&#8221; video_link=&#8221;https:\/\/www.youtube.com\/watch?v=L2FGtiLTFRQ&#8221;][\/vc_column][\/vc_row][vc_row][vc_column][elx_heading font_container=&#8221;h3&#8243; font_size=&#8221;h2&#8243; text_color=&#8221;inherit&#8221; text_align=&#8221;text-center&#8221;]<strong>Mielenrauhaa<\/strong>[\/elx_heading][elx_heading font_container=&#8221;h1&#8243; font_size=&#8221;h2&#8243; text_color=&#8221;inherit&#8221; text_align=&#8221;text-center&#8221;]<strong>green&amp;clean<\/strong> korikuljetinastianpesukoneet[\/elx_heading][elx_heading font_size=&#8221;h3&#8243; text_color=&#8221;inherit&#8221; text_align=&#8221;text-center&#8221;]Liiketoimintasi perusta[\/elx_heading][vc_empty_space height=&#8221;50px&#8221;][\/vc_column][\/vc_row][vc_row][vc_column width=&#8221;1\/2&#8243;][vc_single_image image=&#8221;4786&#8243; img_size=&#8221;full&#8221;][\/vc_column][vc_column width=&#8221;1\/2&#8243;][vc_row_inner css=&#8221;.vc_custom_1485332032638{margin-right: 0px !important;margin-left: 0px !important;border-right-width: 0px !important;border-left-width: 0px !important;padding-right: 0px !important;padding-left: 0px !important;}&#8221;][vc_column_inner width=&#8221;2\/3&#8243; css=&#8221;.vc_custom_1485332038804{margin-left: 0px !important;border-left-width: 0px !important;padding-left: 0px !important;}&#8221;][elx_heading text_color=&#8221;inherit&#8221;]Pese korillinen astioita ainoastaan <strong>yhdell\u00e4 lasillisella vett\u00e4<\/strong>[\/elx_heading][vc_empty_space height=&#8221;10px&#8221;][vc_column_text]<\/p>\n<h5>Voit s\u00e4\u00e4st\u00e4\u00e4 jopa\u00a03240 \u20ac* pest\u00e4ess\u00e4 500 aterian astiat kahdesti p\u00e4iv\u00e4ss\u00e4<\/h5>\n<p>[\/vc_column_text][vc_column_text css=&#8221;.vc_custom_1498824531141{margin-top: 0px !important;border-top-width: 0px !important;padding-top: 0px !important;}&#8221;]Ainoastaan lasillinen loppuhuuhteluvett\u00e4 tarvitaan pesem\u00e4\u00e4n koko korillinen likaisia astioita uudella green&amp;clean-korikuljetinastianpesukoneella.[\/vc_column_text][\/vc_column_inner][vc_column_inner width=&#8221;1\/3&#8243; css=&#8221;.vc_custom_1485362102536{margin-right: 0px !important;border-right-width: 0px !important;padding-right: 0px !important;}&#8221; offset=&#8221;vc_col-xs-4&#8243;][vc_empty_space][vc_single_image image=&#8221;3975&#8243; img_size=&#8221;full&#8221; alignment=&#8221;center&#8221;][\/vc_column_inner][\/vc_row_inner][vc_row_inner][vc_column_inner width=&#8221;1\/3&#8243; css=&#8221;.vc_custom_1485334232419{margin-left: 0px !important;border-left-width: 0px !important;padding-left: 0px !important;}&#8221;][vc_single_image image=&#8221;2059&#8243; img_size=&#8221;full&#8221;][\/vc_column_inner][vc_column_inner width=&#8221;2\/3&#8243;][\/vc_column_inner][\/vc_row_inner][\/vc_column][\/vc_row][vc_row][vc_column][vc_empty_space][\/vc_column][\/vc_row][vc_row][vc_column width=&#8221;1\/4&#8243;][vc_single_image image=&#8221;3976&#8243; img_size=&#8221;full&#8221;][elx_heading font_size=&#8221;h4&#8243; text_color=&#8221;inherit&#8221;]<strong>Ymp\u00e4rist\u00f6<\/strong><br \/>\nAlan edullisimmat k\u00e4ytt\u00f6kulut[\/elx_heading][vc_column_text]<strong>Voit s\u00e4\u00e4st\u00e4\u00e4 jopa\u00a03 240 \u20ac* vuodessa. <\/strong>Green&amp;clean-astianpesukoneen innovatiivinen huuhteluyksikk\u00f6 k\u00e4ytt\u00e4\u00e4 vain yhden lasillisen vett\u00e4 koria kohden ja v\u00e4hemm\u00e4n s\u00e4hk\u00f6\u00e4, pesu- sek\u00e4 huuhteluaineita.[\/vc_column_text][\/vc_column][vc_column width=&#8221;1\/4&#8243;][vc_single_image image=&#8221;1814&#8243; img_size=&#8221;full&#8221;][elx_heading font_size=&#8221;h4&#8243; text_color=&#8221;inherit&#8221;]<strong>Puhtaus<\/strong><br \/>\nLoistavia pesutuloksia[\/elx_heading][vc_column_text]T\u00e4ydellisen puhtaita astioita\u00a0joka kerralla, sen takaa edistynyt <strong>CLEAR BLUE<\/strong><br \/>\n-suodatusj\u00e4rjestelm\u00e4, jolla vesi pysyy puhtaampana kauemmin.[\/vc_column_text][\/vc_column][vc_column width=&#8221;1\/4&#8243;][vc_single_image image=&#8221;3977&#8243; img_size=&#8221;full&#8221;][elx_heading font_size=&#8221;h4&#8243; text_color=&#8221;inherit&#8221;]<strong>Turvallisuus<\/strong><br \/>\nTaattua hygieniaa[\/elx_heading][vc_column_text]T\u00e4ydellisen hygieenisi\u00e4 tuloksia <strong>WASH\u2022SAFE CONTROL<\/strong> -j\u00e4rjestelm\u00e4ll\u00e4, joka takaa <strong>tasaisen 85 \u00b0C:n <\/strong>huuhtelul\u00e4mp\u00f6tilan.[\/vc_column_text][\/vc_column][vc_column width=&#8221;1\/4&#8243;][vc_single_image image=&#8221;976&#8243; img_size=&#8221;full&#8221;][elx_heading font_size=&#8221;h4&#8243; text_color=&#8221;inherit&#8221;]<strong>Helppous<\/strong><br \/>\nHelppo k\u00e4ytt\u00e4\u00e4 ja huoltaa[\/elx_heading][vc_column_text]Green&amp;cleanin kosketusn\u00e4yt\u00f6ll\u00e4 oleva k\u00e4ytt\u00f6liittym\u00e4 on saatavissa usealla eri kielell\u00e4. Eri k\u00e4ytt\u00e4ji\u00e4. Eri tietoja. Selke\u00e4t tekniset tiedot ja opastetut vianratkaisut helpottavat k\u00e4ytt\u00f6\u00e4.[\/vc_column_text][\/vc_column][\/vc_row][vc_row][vc_column width=&#8221;3\/4&#8243;][elx_video_block background_image=&#8221;3971&#8243; minimum_height=&#8221;400px&#8221; video_link=&#8221;https:\/\/www.youtube.com\/watch?v=7Q0oxlQPiw0&amp;feature=youtu.be&#8221;][\/vc_column][vc_column width=&#8221;1\/4&#8243;][vc_empty_space][elx_heading font_size=&#8221;h5&#8243; text_color=&#8221;inherit&#8221;]Made-to-measure[\/elx_heading][vc_column_text]<\/p>\n<h5>Sinulle parhaiten sopivan korikuljetinastianpesukoneen valmistaminen ei voisi olla<br \/>\nhelpompaa. Jos tarvitaan muutoksia laitteistoon, koneen innovatiivinen moduulij\u00e4rjestelm\u00e4 tarjoaa vaihtoehtoja ja p\u00e4ivityksi\u00e4 lis\u00e4tt\u00e4v\u00e4ksi toimipaikalle milloin tahansa.<\/h5>\n<p>[\/vc_column_text][\/vc_column][\/vc_row][vc_row][vc_column][vc_empty_space][elx_heading text_color=&#8221;inherit&#8221;]Parempi ymp\u00e4rist\u00f6lle, <strong>parempi sinulle<\/strong>[\/elx_heading][vc_empty_space][\/vc_column][\/vc_row][vc_row][vc_column width=&#8221;1\/4&#8243;][vc_single_image image=&#8221;3978&#8243; img_size=&#8221;full&#8221;][elx_heading font_size=&#8221;h5&#8243; text_color=&#8221;inherit&#8221;]K\u00e4yt\u00e4 63% <strong>v\u00e4hemm\u00e4n vett\u00e4<\/strong>[\/elx_heading][vc_column_text]K\u00e4ytt\u00e4\u00e4 ainoastaan 0,4 l loppuhuuhteluvett\u00e4\/kori ja takaa pesutehon joka voi s\u00e4\u00e4st\u00e4\u00e4 sinulle jopa 800 \u20ac vuodessa.[\/vc_column_text][\/vc_column][vc_column width=&#8221;1\/4&#8243;][vc_single_image image=&#8221;3979&#8243; img_size=&#8221;full&#8221;][elx_heading font_size=&#8221;h5&#8243; text_color=&#8221;inherit&#8221;]K\u00e4yt\u00e4 34%<br \/>\n<strong>v\u00e4hemm\u00e4n energiaa<\/strong>[\/elx_heading][vc_column_text]Voit s\u00e4\u00e4st\u00e4\u00e4 jopa 1585 \u20ac vuodessa energiassa ja j\u00e4t\u00e4 hyv\u00e4stit manuaaliselle kalkinpoistolle. Kalkkikertymien est\u00e4minen s\u00e4ilytt\u00e4\u00e4 l\u00e4mmitysvastusten t\u00e4yden tehon, kun k\u00e4yt\u00f6ss\u00e4 on <strong>automaattinen ZERO LIME\u00a0<\/strong><strong>-kalkinpoistoj\u00e4rjestelm\u00e4.<\/strong>[\/vc_column_text][\/vc_column][vc_column width=&#8221;1\/4&#8243;][vc_single_image image=&#8221;3979&#8243; img_size=&#8221;full&#8221;][elx_heading font_size=&#8221;h5&#8243; text_color=&#8221;inherit&#8221;]Lis\u00e4\u00e4 s\u00e4\u00e4st\u00f6j\u00e4<br \/>\n<strong>50 % v\u00e4hemm\u00e4n energiaa<\/strong>[\/elx_heading][vc_column_text]Lis\u00e4\u00e4 energian s\u00e4\u00e4st\u00f6j\u00e4 ja h\u00f6yrytt\u00f6mi\u00e4 ty\u00f6tiloja NATURALLY VENTLESS -l\u00e4mp\u00f6pumppuratkaisulla.[\/vc_column_text][\/vc_column][vc_column width=&#8221;1\/4&#8243;][vc_single_image image=&#8221;3980&#8243; img_size=&#8221;full&#8221;][elx_heading font_size=&#8221;h5&#8243; text_color=&#8221;inherit&#8221;]K\u00e4yt\u00e4 62 % <strong>v\u00e4hemm\u00e4n pesu- ja huuhteluainetta<\/strong>[\/elx_heading][vc_column_text]Parempi ymp\u00e4rist\u00f6lle. Parempi kustannuksille. Voi s\u00e4\u00e4st\u00e4\u00e4 sinulle\u00a0jopa 855 \u20ac vuodessa pesu- ja huuhteluaineissa.[\/vc_column_text][\/vc_column][\/vc_row][vc_row disable_element=&#8221;yes&#8221;][vc_column][vc_empty_space][elx_heading text_color=&#8221;inherit&#8221; text_align=&#8221;text-left&#8221;]Discover what green&amp;clean rack type dishwasher can do for your business[\/elx_heading][elx_o2000_contact_us r=&#8221;I would like to find out more about green&amp;clean rack type dishwasher. Please get in touch with me.&#8221; s=&#8221;Request of information about green&amp;clean rack type dishwasher&#8221; container=&#8221;elxcontactus1485360056234&#8243;][\/vc_column][\/vc_row][vc_row][vc_column][vc_empty_space][\/vc_column][\/vc_row][vc_row][vc_column][vc_empty_space][elx_heading font_size=&#8221;h3&#8243; text_color=&#8221;inherit&#8221; text_align=&#8221;text-center&#8221;]Lis\u00e4varusteet korikuljetinastianpesukoneille[\/elx_heading][vc_empty_space][\/vc_column][\/vc_row][vc_row][vc_column width=&#8221;1\/2&#8243;][elx_image_block background_image=&#8221;3972&#8243; minimum_height=&#8221;450px&#8221;][\/vc_column][vc_column width=&#8221;1\/4&#8243;][vc_single_image image=&#8221;3983&#8243;][vc_column_text]15\u00a0erilaista koria laseille[\/vc_column_text][vc_empty_space][vc_single_image image=&#8221;3984&#8243;][vc_column_text]3\u00a0erilaista ratkaisua v\u00e4lineille[\/vc_column_text][\/vc_column][vc_column width=&#8221;1\/4&#8243;][vc_single_image image=&#8221;3985&#8243;][vc_column_text]5\u00a0erilaista koria lautasille[\/vc_column_text][vc_empty_space][vc_single_image image=&#8221;3986&#8243;][vc_column_text]4\u00a0erilaista koria tarjottimille[\/vc_column_text][\/vc_column][\/vc_row][vc_row][vc_column width=&#8221;1\/3&#8243;][vc_empty_space height=&#8221;25px&#8221;][elx_download_block text=&#8221;Korikuljetinastianpesukoneet esite&#8221; link=&#8221;http:\/\/files.professional.electrolux.com\/docs\/?n=BR-9JE00056&amp;b=5&amp;l=8&amp;t=BR&#8221; background_color=&#8221;cat-clean&#8221; background_image=&#8221;3971&#8243;][elx_download_block text=&#8221;Astiank\u00e4sittelyj\u00e4rjestelm\u00e4t&#8221; link=&#8221;https:\/\/www.electroluxprofessional.com\/fi\/ammattikeittiolaitteet\/astianpesulaitteet\/astiankasittely\/&#8221; background_color=&#8221;cat-clean&#8221; background_image=&#8221;3973&#8243;][elx_download_block text=&#8221;Mallisto (Eng)&#8221; link=&#8221;https:\/\/www.electroluxprofessional.com\/wp-content\/uploads\/2017\/05\/Range-overview-gc-racktype-dishwasher.pdf&#8221; background_color=&#8221;cat-clean&#8221; background_image=&#8221;2007&#8243;][\/vc_column][vc_column width=&#8221;2\/3&#8243;][elx_heading font_size=&#8221;h3&#8243; text_color=&#8221;inherit&#8221; text_align=&#8221;text-left&#8221;]Haluatko tiet\u00e4\u00e4 lis\u00e4\u00e4? Ota meihin yhteytt\u00e4![\/elx_heading][elx_o2000_contact_us r=&#8221;Jag skulle vilja veta mer om green&amp;clean tunneldiskmaskin. V\u00e4nligen kontakta mig!&#8221; s=&#8221;Haluaisin tiet\u00e4\u00e4 lis\u00e4\u00e4 korikuljetinastianpesukoneista, joten ottakaa yhteytt\u00e4 minuun.&#8221; e=&#8221;suurkeittiolaitteet.fia@electrolux.fi&#8221; country=&#8221;Finland&#8221; l=&#8221;fi&#8221; container=&#8221;elxcontactus1485360056&#8243;][\/vc_column][\/vc_row][vc_row][vc_column][vc_empty_space][\/vc_column][\/vc_row][vc_row][vc_column][\/vc_column][\/vc_row]<\/p>\n","protected":false},"excerpt":{"rendered":"<p>[vc_row full_width=&#8221;electroluxpro-full-width-no-padding&#8221;][vc_column][elx_video_block background_image=&#8221;3970&#8243; minimum_height=&#8221;450px&#8221; video_link=&#8221;https:\/\/www.youtube.com\/watch?v=L2FGtiLTFRQ&#8221;][\/vc_column][\/vc_row][vc_row][vc_column][elx_heading font_container=&#8221;h3&#8243; font_size=&#8221;h2&#8243; text_color=&#8221;inherit&#8221; text_align=&#8221;text-center&#8221;]Mielenrauhaa[\/elx_heading][elx_heading font_container=&#8221;h1&#8243; font_size=&#8221;h2&#8243; text_color=&#8221;inherit&#8221; text_align=&#8221;text-center&#8221;]green&amp;clean korikuljetinastianpesukoneet[\/elx_heading][elx_heading font_size=&#8221;h3&#8243; text_color=&#8221;inherit&#8221; text_align=&#8221;text-center&#8221;]Liiketoimintasi perusta[\/elx_heading][vc_empty_space height=&#8221;50px&#8221;][\/vc_column][\/vc_row][vc_row][vc_column width=&#8221;1\/2&#8243;][vc_single_image image=&#8221;4786&#8243; img_size=&#8221;full&#8221;][\/vc_column][vc_column width=&#8221;1\/2&#8243;][vc_row_inner css=&#8221;.vc_custom_1485332032638{margin-right: 0px !important;margin-left: 0px !important;border-right-width: 0px !important;border-left-width: 0px !important;padding-right: 0px !important;padding-left: 0px !important;}&#8221;][vc_column_inner width=&#8221;2\/3&#8243; css=&#8221;.vc_custom_1485332038804{margin-left: 0px !important;border-left-width: 0px !important;padding-left: 0px !important;}&#8221;][elx_heading text_color=&#8221;inherit&#8221;]Pese korillinen astioita ainoastaan yhdell\u00e4 lasillisella vett\u00e4[\/elx_heading][vc_empty_space height=&#8221;10px&#8221;][vc_column_text] Voit s\u00e4\u00e4st\u00e4\u00e4 jopa\u00a03240 [&hellip;]<\/p>\n","protected":false},"author":1,"featured_media":0,"parent":0,"menu_order":0,"comment_status":"closed","ping_status":"closed","template":"","meta":{"footnotes":""},"class_list":["post-3998","page","type-page","status-publish","hentry"],"yoast_head":"<!-- This site is optimized with the Yoast SEO plugin v23.3 - https:\/\/yoast.com\/wordpress\/plugins\/seo\/ -->\n<title>Tunneldiskmaskin - Electrolux Professional Suomi<\/title>\n<meta name=\"description\" content=\"Ett glas vatten \u00e4r allt som beh\u00f6vs f\u00f6r att avl\u00e4gsna allt diskmedel och sterilisera en korg med nya green&amp;clean tunneldiskmaskin.\" \/>\n<meta name=\"robots\" content=\"index, follow, max-snippet:-1, max-image-preview:large, max-video-preview:-1\" \/>\n<link rel=\"canonical\" href=\"https:\/\/www.electroluxprofessional.com\/fi\/tunneldiskmaskin\/\" \/>\n<meta property=\"og:locale\" content=\"fi_FI\" \/>\n<meta property=\"og:type\" content=\"article\" \/>\n<meta property=\"og:title\" content=\"Tunneldiskmaskin - Electrolux Professional Suomi\" \/>\n<meta property=\"og:description\" content=\"Ett glas vatten \u00e4r allt som beh\u00f6vs f\u00f6r att avl\u00e4gsna allt diskmedel och sterilisera en korg med nya green&amp;clean tunneldiskmaskin.\" \/>\n<meta property=\"og:url\" content=\"https:\/\/www.electroluxprofessional.com\/fi\/tunneldiskmaskin\/\" \/>\n<meta property=\"og:site_name\" content=\"Electrolux Professional Suomi\" \/>\n<meta property=\"article:modified_time\" content=\"2017-09-22T19:20:00+00:00\" \/>\n<meta name=\"twitter:card\" content=\"summary_large_image\" \/>\n<meta name=\"twitter:label1\" content=\"Arvioitu lukuaika\" \/>\n\t<meta name=\"twitter:data1\" content=\"6 minuuttia\" \/>\n<script type=\"application\/ld+json\" class=\"yoast-schema-graph\">{\"@context\":\"https:\/\/schema.org\",\"@graph\":[{\"@type\":\"WebPage\",\"@id\":\"https:\/\/www.electroluxprofessional.com\/fi\/tunneldiskmaskin\/\",\"url\":\"https:\/\/www.electroluxprofessional.com\/fi\/tunneldiskmaskin\/\",\"name\":\"Tunneldiskmaskin - Electrolux Professional Suomi\",\"isPartOf\":{\"@id\":\"https:\/\/www.electroluxprofessional.com\/fi\/#website\"},\"datePublished\":\"2017-01-27T08:45:26+00:00\",\"dateModified\":\"2017-09-22T19:20:00+00:00\",\"description\":\"Ett glas vatten \u00e4r allt som beh\u00f6vs f\u00f6r att avl\u00e4gsna allt diskmedel och sterilisera en korg med nya green&clean tunneldiskmaskin.\",\"breadcrumb\":{\"@id\":\"https:\/\/www.electroluxprofessional.com\/fi\/tunneldiskmaskin\/#breadcrumb\"},\"inLanguage\":\"fi\",\"potentialAction\":[{\"@type\":\"ReadAction\",\"target\":[\"https:\/\/www.electroluxprofessional.com\/fi\/tunneldiskmaskin\/\"]}]},{\"@type\":\"BreadcrumbList\",\"@id\":\"https:\/\/www.electroluxprofessional.com\/fi\/tunneldiskmaskin\/#breadcrumb\",\"itemListElement\":[{\"@type\":\"ListItem\",\"position\":1,\"name\":\"Home\",\"item\":\"https:\/\/www.electroluxprofessional.com\/fi\/\"},{\"@type\":\"ListItem\",\"position\":2,\"name\":\"Tunneldiskmaskin\"}]},{\"@type\":\"WebSite\",\"@id\":\"https:\/\/www.electroluxprofessional.com\/fi\/#website\",\"url\":\"https:\/\/www.electroluxprofessional.com\/fi\/\",\"name\":\"Electrolux Professional Suomi\",\"description\":\"\",\"potentialAction\":[{\"@type\":\"SearchAction\",\"target\":{\"@type\":\"EntryPoint\",\"urlTemplate\":\"https:\/\/www.electroluxprofessional.com\/fi\/?src={search_term_string}\"},\"query-input\":\"required name=search_term_string\"}],\"inLanguage\":\"fi\"}]}<\/script>\n<!-- \/ Yoast SEO plugin. -->","yoast_head_json":{"title":"Tunneldiskmaskin - Electrolux Professional Suomi","description":"Ett glas vatten \u00e4r allt som beh\u00f6vs f\u00f6r att avl\u00e4gsna allt diskmedel och sterilisera en korg med nya green&clean tunneldiskmaskin.","robots":{"index":"index","follow":"follow","max-snippet":"max-snippet:-1","max-image-preview":"max-image-preview:large","max-video-preview":"max-video-preview:-1"},"canonical":"https:\/\/www.electroluxprofessional.com\/fi\/tunneldiskmaskin\/","og_locale":"fi_FI","og_type":"article","og_title":"Tunneldiskmaskin - Electrolux Professional Suomi","og_description":"Ett glas vatten \u00e4r allt som beh\u00f6vs f\u00f6r att avl\u00e4gsna allt diskmedel och sterilisera en korg med nya green&clean tunneldiskmaskin.","og_url":"https:\/\/www.electroluxprofessional.com\/fi\/tunneldiskmaskin\/","og_site_name":"Electrolux Professional Suomi","article_modified_time":"2017-09-22T19:20:00+00:00","twitter_card":"summary_large_image","twitter_misc":{"Arvioitu lukuaika":"6 minuuttia"},"schema":{"@context":"https:\/\/schema.org","@graph":[{"@type":"WebPage","@id":"https:\/\/www.electroluxprofessional.com\/fi\/tunneldiskmaskin\/","url":"https:\/\/www.electroluxprofessional.com\/fi\/tunneldiskmaskin\/","name":"Tunneldiskmaskin - Electrolux Professional Suomi","isPartOf":{"@id":"https:\/\/www.electroluxprofessional.com\/fi\/#website"},"datePublished":"2017-01-27T08:45:26+00:00","dateModified":"2017-09-22T19:20:00+00:00","description":"Ett glas vatten \u00e4r allt som beh\u00f6vs f\u00f6r att avl\u00e4gsna allt diskmedel och sterilisera en korg med nya green&clean tunneldiskmaskin.","breadcrumb":{"@id":"https:\/\/www.electroluxprofessional.com\/fi\/tunneldiskmaskin\/#breadcrumb"},"inLanguage":"fi","potentialAction":[{"@type":"ReadAction","target":["https:\/\/www.electroluxprofessional.com\/fi\/tunneldiskmaskin\/"]}]},{"@type":"BreadcrumbList","@id":"https:\/\/www.electroluxprofessional.com\/fi\/tunneldiskmaskin\/#breadcrumb","itemListElement":[{"@type":"ListItem","position":1,"name":"Home","item":"https:\/\/www.electroluxprofessional.com\/fi\/"},{"@type":"ListItem","position":2,"name":"Tunneldiskmaskin"}]},{"@type":"WebSite","@id":"https:\/\/www.electroluxprofessional.com\/fi\/#website","url":"https:\/\/www.electroluxprofessional.com\/fi\/","name":"Electrolux Professional Suomi","description":"","potentialAction":[{"@type":"SearchAction","target":{"@type":"EntryPoint","urlTemplate":"https:\/\/www.electroluxprofessional.com\/fi\/?src={search_term_string}"},"query-input":"required name=search_term_string"}],"inLanguage":"fi"}]}},"_links":{"self":[{"href":"https:\/\/www.electroluxprofessional.com\/fi\/wp-json\/wp\/v2\/pages\/3998"}],"collection":[{"href":"https:\/\/www.electroluxprofessional.com\/fi\/wp-json\/wp\/v2\/pages"}],"about":[{"href":"https:\/\/www.electroluxprofessional.com\/fi\/wp-json\/wp\/v2\/types\/page"}],"author":[{"embeddable":true,"href":"https:\/\/www.electroluxprofessional.com\/fi\/wp-json\/wp\/v2\/users\/1"}],"replies":[{"embeddable":true,"href":"https:\/\/www.electroluxprofessional.com\/fi\/wp-json\/wp\/v2\/comments?post=3998"}],"version-history":[{"count":28,"href":"https:\/\/www.electroluxprofessional.com\/fi\/wp-json\/wp\/v2\/pages\/3998\/revisions"}],"predecessor-version":[{"id":4934,"href":"https:\/\/www.electroluxprofessional.com\/fi\/wp-json\/wp\/v2\/pages\/3998\/revisions\/4934"}],"wp:attachment":[{"href":"https:\/\/www.electroluxprofessional.com\/fi\/wp-json\/wp\/v2\/media?parent=3998"}],"curies":[{"name":"wp","href":"https:\/\/api.w.org\/{rel}","templated":true}]}}