{"id":3218,"date":"2017-03-24T12:13:00","date_gmt":"2017-03-24T12:13:00","guid":{"rendered":"https:\/\/www.electroluxprofessional.com\/fi\/?page_id=3218"},"modified":"2024-11-29T10:49:41","modified_gmt":"2024-11-29T10:49:41","slug":"referenssipesukoneet-ja-kuivausrummut","status":"publish","type":"page","link":"https:\/\/www.electroluxprofessional.com\/fi\/ammattipesulalaitteet\/referenssipesukoneet-ja-kuivausrummut\/","title":{"rendered":"Referenssipesukoneet ja kuivausrummut"},"content":{"rendered":"<p>[vc_row full_width=&#8221;electroluxpro-full-width-no-padding&#8221;][vc_column][vc_empty_space][elx_image_block background_image=&#8221;12579&#8243; minimum_height=&#8221;350px&#8221;][vc_empty_space][elx_heading font_container=&#8221;h1&#8243; text_color=&#8221;inherit&#8221; text_align=&#8221;text-center&#8221;]Referenssipesukoneet ja kuivausrummut[\/elx_heading][vc_empty_space][\/vc_column][\/vc_row][vc_row][vc_column][vc_empty_space][vc_column_text]Referenssipesukoneet ja -kuivausrummut muodostavat yhdess\u00e4 ly\u00f6m\u00e4tt\u00f6m\u00e4n parin: integroidun j\u00e4rjestelm\u00e4n standardien, kankaiden ja vaatteiden testaamiseen.<\/p>\n<p>LAB-kuivausrummun lanseerauksen my\u00f6t\u00e4 Electrolux Professional tarjoaa t\u00e4ydellisen, ammattimaisen ratkaisun laboratorio-olosuhteisiin. Elextrolux Pofessional LAB-kuivausrumpu on suunniteltu ja kehitetty vastaamaan ISO 6330-standardin vaatimuksia.[\/vc_column_text][\/vc_column][\/vc_row][vc_row][vc_column width=&#8221;2\/3&#8243;][elx_image_block background_image=&#8221;8999&#8243; minimum_height=&#8221;400px&#8221;][\/vc_column][vc_column width=&#8221;1\/3&#8243;][elx_image_block minimum_height=&#8221;400px&#8221;][\/vc_column][\/vc_row][vc_row][vc_column width=&#8221;2\/3&#8243;][vc_column_text]<\/p>\n<h3>Vuodesta 1969<\/h3>\n<p>Wascator FOM71 CLS pesukonettamme on<strong>\u00a0k\u00e4ytetty pesutuloksen testaamiseen <\/strong>kodinkone-, pesulalaite- ja tekstiilialalla jo vuodesta 1969 l\u00e4htien.<\/p>\n<p>Se on nyt saanut seuralaisen: <strong>uusi LAB-kuivausrumpu<\/strong> tarjoaa asiakkaille &#8211; kuten tekstiilivalmistajille, isoille j\u00e4lleenmyyjille, laboratorioille ja testilaitoksille &#8211; samat edut kest\u00e4vyydess\u00e4, tarkkuudessa ja luotettavuudessa.[\/vc_column_text][\/vc_column][vc_column width=&#8221;1\/3&#8243;][vc_empty_space][vc_single_image image=&#8221;879&#8243; img_size=&#8221;full&#8221; alignment=&#8221;right&#8221; style=&#8221;vc_box_circle_2&#8243;][\/vc_column][\/vc_row][vc_row][vc_column][vc_empty_space][elx_download_block text=&#8221;Lataa esite&#8221; file_picker=&#8221;12622&#8243; background_color=&#8221;electrolux-blue&#8221;][\/vc_column][\/vc_row][vc_row][vc_column][vc_empty_space][elx_heading font_size=&#8221;h2&#8243; text_color=&#8221;inherit&#8221; text_align=&#8221;text-center&#8221;]Referenssipesukoneet ja -kuivausrummut t\u00e4ytt\u00e4v\u00e4t tiukimmatkin standardit[\/elx_heading][vc_empty_space][vc_single_image image=&#8221;1944&#8243; img_size=&#8221;large&#8221; alignment=&#8221;center&#8221; onclick=&#8221;img_link_large&#8221;][\/vc_column][\/vc_row][vc_row][vc_column]<div class=\"com21-product-filter-container 49\">\n                    <!-- PROD FILTER -->\n                    \n                    <div class=\"container\">\n                        <h4 class=\"text-center\">\n                            Suodatin (2 Tuotteet)\n                        <\/h4>\n                    <\/div>\n                    <div class=\"specification-filter\">\n                        <div class=\"toggle-filter-container\">\n                            <div class=\"container text-center\">\n                                <a href=\"#filter\" class=\"toggle-filter small-toggle\" data-target=\".category-filter\"  data-class-toggle=\"category-filter-show\" aria-pressed=\"false\" role=\"button\" id=\"open-product-features\">Suodatin<\/a>\n                            <\/div>\n                        <\/div>\n                        <div class=\"category-filter \">\n                            <div class=\"container\">\n                    <div class=\"row\"><\/div>\n                                <div class=\"row\">\n                                    <div class=\"col-md-4 text-left specification-group\" data-attribute=\"7\">\n                                        <fieldset>       \n                                            <h5 class=\"h6\">Drum volume:<\/h5>      \n                                            <div class=\"specification-check\">\n                                                <input type=\"checkbox\" name=\"drum-volume\" id=\"61-lt7\" data-attribute=\"7\" data-value=\"61 lt\">\n                                                <label for=\"61-lt7\">61 lt<\/label>\n                                            <\/div>\t\n                            \n                                        <\/fieldset>\n                                    <\/div><!-- end col -->\n                        \n                                <\/div>\n        \n                                <div class=\"row\">\n                                    <div class=\"col-md-6 text-left\">\n                                        <span class=\"number-of-products\"><span id=\"number-of-products\">2<\/span> Tuotteet<\/span> <a href=\"#\" class=\"btn btn-secondary-bordered\" id=\"filter-reset-btn\">Nollaa<\/a>\n                                    <\/div>\n                                    <div class=\"col-md-6 text-right\">\n                                        <a href=\"#\" class=\"close-toggle no-pd-toggle\" data-parent=\"open-product-features\"  aria-pressed=\"true\" role=\"button\">Sulje<\/a>\n                                    <\/div>\n                                <\/div>\n                                \n                            <\/div><!-- end container -->\n                        <\/div><!-- end category-filter -->\n                    <\/div><!-- end specification-filter -->\n        \n                    <!-- END PROD FILTER -->\n                    \n                    <!-- PROD LIST -->\n                    <div class=\"product-list container\">\n                        <!--Hidden parameters-->\n                        <input type=\"hidden\" name=\"navigation_level_1\" id=\"navigation_level_1\" value=\"U\">\n                        <input type=\"hidden\" name=\"navigation_level_2\" id=\"navigation_level_2\" value=\"1\">\n                        <input type=\"hidden\" name=\"navigation_level_3\" id=\"navigation_level_3\" value=\"\">\n                        <input type=\"hidden\" name=\"navigation_level_4\" id=\"navigation_level_4\" value=\"\">\n                        <input type=\"hidden\" name=\"filter_id\" id=\"filter_id\" value=\"49\">\n                        <input type=\"hidden\" name=\"navigation_language\" id=\"navigation_language\" value=\"5008\">\n                        <input type=\"hidden\" name=\"navigation_language_code\" id=\"navigation_language\" value=\"5008\">\n                        <input type=\"hidden\" name=\"page_id\" id=\"page_id\" value=\"3218\">\n                        <!--END Hidden parameters--><ul class=\"row\" ><li data-product-paged=\"\" class=\"anchor_tags_prod col-sm-6 col-md-3 wow fadeIn single-product-list FOM71-CLS\"><div class=\"product-list-item\"><div class=\"product-content-laundry\"><a href=\"https:\/\/www.electroluxprofessional.com\/fi\/pd\/referenssikoneet\/referenssikoneet\/FOM71-CLS\/\" target=\"_blank\" ><figure><img decoding=\"async\" src=\"https:\/\/tools.electroluxprofessional.com\/Mirror\/Doc\/ELS%2FPH_255x255%2FFOM71CLS%20front.jpg\" alt=\"FOM71 CLS\"\/><\/figure><div class=\"product-internal-laundry\"><div class=\"product-liv\">Referenssikoneet<\/div><h3 class=\"product-title\">FOM71 CLS<\/h3><div class=\"product-icons\"><div class=\"product-green\"><\/div><div class=\"product-cod hidden\"><div class=\"hidden type_code\">1<\/div>COD <span class=\"product-code\">FOM71 CLS<\/span><\/div><div class=\"product-fast\"><\/div>\n<\/div><div class=\"product-description-fast-green\"><\/div>\n<\/div><div class=\"product-actions\"><a href=\"https:\/\/www.electroluxprofessional.com\/fi\/pd\/referenssikoneet\/referenssikoneet\/FOM71-CLS\/\" class=\"btn btn-primary-blue\">Lue lis\u00e4\u00e4<\/a><span class=\"compare-product\"><span class=\"compare-checkbox\"><span class=\"compare-checkbox-shape\"><input type=\"checkbox\" class=\"product-comparer\" id=\"prod_435117\"\/><label class=\"btn\" for=\"prod_435117\"><span class=\"label-bg\"><\/span>Vertaile<\/label><\/span><\/span><\/span><\/div><\/a><\/div><\/div><\/li><li data-product-paged=\"\" class=\"anchor_tags_prod col-sm-6 col-md-3 wow fadeIn single-product-list TD6-6LAB\"><div class=\"product-list-item\"><div class=\"product-content-laundry\"><a href=\"https:\/\/www.electroluxprofessional.com\/fi\/pd\/referenssikoneet\/referenssikoneet\/TD6-6LAB\/\" target=\"_blank\" ><figure><img decoding=\"async\" src=\"https:\/\/tools.electroluxprofessional.com\/Mirror\/Doc\/ELS%2FPH_255x255%2FTD6-6%20LAB%20front%20view.jpg\" alt=\"TD6-6LAB\"\/><\/figure><div class=\"product-internal-laundry\"><div class=\"product-liv\">Referenssikoneet<\/div><h3 class=\"product-title\">TD6-6LAB<\/h3><div class=\"product-icons\"><div class=\"product-green\"><\/div><div class=\"product-cod hidden\"><div class=\"hidden type_code\">1<\/div>COD <span class=\"product-code\">TD6-6LAB<\/span><\/div><div class=\"product-fast\"><\/div>\n<\/div><div class=\"product-description-fast-green\"><\/div>\n<\/div><div class=\"product-actions\"><a href=\"https:\/\/www.electroluxprofessional.com\/fi\/pd\/referenssikoneet\/referenssikoneet\/TD6-6LAB\/\" class=\"btn btn-primary-blue\">Lue lis\u00e4\u00e4<\/a><span class=\"compare-product\"><span class=\"compare-checkbox\"><span class=\"compare-checkbox-shape\"><input type=\"checkbox\" class=\"product-comparer\" id=\"prod_1LSPJ7\"\/><label class=\"btn\" for=\"prod_1LSPJ7\"><span class=\"label-bg\"><\/span>Vertaile<\/label><\/span><\/span><\/span><\/div><\/a><\/div><\/div><\/li>\n                        <\/ul>\n                        <div class=\"text-center more-products\">\n                        <\/div>\n                    <\/div>\n                    <!-- END PRODUCT LIST -->\n                    <\/div>\n                    <!-- END PRODUCT LIST -->[vc_empty_space height=&#8221;50px&#8221;][\/vc_column][\/vc_row][vc_row][vc_column][elx_heading font_size=&#8221;h2&#8243; text_color=&#8221;inherit&#8221; text_align=&#8221;text-center&#8221;]Haluatko tiet\u00e4\u00e4 lis\u00e4\u00e4? Ota meihin yhteytt\u00e4![\/elx_heading][vc_empty_space height=&#8221;50px&#8221;][elx_o2000_contact_us s=&#8221;Kysely Referenssikoneista&#8221; country=&#8221;Finland&#8221; b=&#8221;laundry&#8221; container=&#8221;elxcontactus1478701232&#8243; r=&#8221;Haluan lis\u00e4tietoja referenssikoneista. Ottakaa minuun yhteytt\u00e4.&#8221; l=&#8221;fi&#8221; e=&#8221;ammattipesulat@electroluxprofessional.com&#8221;][\/vc_column][\/vc_row][vc_row][vc_column][vc_empty_space height=&#8221;50px&#8221;][vc_column_text]<\/p>\n<h2 style=\"text-align: center;\">Saatat olla kiinnostunut seuraavista:<\/h2>\n<p>[\/vc_column_text][vc_empty_space height=&#8221;50px&#8221;][\/vc_column][\/vc_row][vc_row][vc_column width=&#8221;1\/3&#8243;][elx_maylike_box id_box=&#8221;2834&#8243;][\/vc_column][vc_column width=&#8221;1\/3&#8243;][elx_maylike_box id_box=&#8221;2855&#8243;][\/vc_column][vc_column width=&#8221;1\/3&#8243;][elx_maylike_box id_box=&#8221;2830&#8243;][\/vc_column][\/vc_row]<\/p>\n","protected":false},"excerpt":{"rendered":"<p>[vc_row full_width=&#8221;electroluxpro-full-width-no-padding&#8221;][vc_column][vc_empty_space][elx_image_block background_image=&#8221;12579&#8243; minimum_height=&#8221;350px&#8221;][vc_empty_space][elx_heading font_container=&#8221;h1&#8243; text_color=&#8221;inherit&#8221; text_align=&#8221;text-center&#8221;]Referenssipesukoneet ja kuivausrummut[\/elx_heading][vc_empty_space][\/vc_column][\/vc_row][vc_row][vc_column][vc_empty_space][vc_column_text]Referenssipesukoneet ja -kuivausrummut muodostavat yhdess\u00e4 ly\u00f6m\u00e4tt\u00f6m\u00e4n parin: integroidun j\u00e4rjestelm\u00e4n standardien, kankaiden ja vaatteiden testaamiseen. LAB-kuivausrummun lanseerauksen my\u00f6t\u00e4 Electrolux Professional tarjoaa t\u00e4ydellisen, ammattimaisen ratkaisun laboratorio-olosuhteisiin. Elextrolux Pofessional LAB-kuivausrumpu on suunniteltu ja kehitetty vastaamaan ISO 6330-standardin vaatimuksia.[\/vc_column_text][\/vc_column][\/vc_row][vc_row][vc_column width=&#8221;2\/3&#8243;][elx_image_block background_image=&#8221;8999&#8243; minimum_height=&#8221;400px&#8221;][\/vc_column][vc_column width=&#8221;1\/3&#8243;][elx_image_block minimum_height=&#8221;400px&#8221;][\/vc_column][\/vc_row][vc_row][vc_column width=&#8221;2\/3&#8243;][vc_column_text] Vuodesta 1969 Wascator FOM71 CLS pesukonettamme [&hellip;]<\/p>\n","protected":false},"author":1,"featured_media":0,"parent":2396,"menu_order":0,"comment_status":"closed","ping_status":"closed","template":"","meta":{"footnotes":""},"class_list":["post-3218","page","type-page","status-publish","hentry"],"yoast_head":"<!-- This site is optimized with the Yoast SEO plugin v23.3 - https:\/\/yoast.com\/wordpress\/plugins\/seo\/ -->\n<title>Referenssipesukoneet ja kuivausrummut Electrolux Professional Suomi<\/title>\n<meta name=\"description\" content=\"Referenssipesukoneet ja kuivausrummut tarjoavat t\u00e4ydellisen ratkaisun laboratorio-olosuhteisiin kankaiden ja vaatteiden testaamiseen.\" \/>\n<meta name=\"robots\" content=\"index, follow, max-snippet:-1, max-image-preview:large, max-video-preview:-1\" \/>\n<link rel=\"canonical\" href=\"https:\/\/www.electroluxprofessional.com\/fi\/ammattipesulalaitteet\/referenssipesukoneet-ja-kuivausrummut\/\" \/>\n<meta property=\"og:locale\" content=\"fi_FI\" \/>\n<meta property=\"og:type\" content=\"article\" \/>\n<meta property=\"og:title\" content=\"Referenssipesukoneet ja kuivausrummut Electrolux Professional Suomi\" \/>\n<meta property=\"og:description\" content=\"Referenssipesukoneet ja kuivausrummut tarjoavat t\u00e4ydellisen ratkaisun laboratorio-olosuhteisiin kankaiden ja vaatteiden testaamiseen.\" \/>\n<meta property=\"og:url\" content=\"https:\/\/www.electroluxprofessional.com\/fi\/ammattipesulalaitteet\/referenssipesukoneet-ja-kuivausrummut\/\" \/>\n<meta property=\"og:site_name\" content=\"Electrolux Professional Suomi\" \/>\n<meta property=\"article:modified_time\" content=\"2024-11-29T10:49:41+00:00\" \/>\n<meta name=\"twitter:card\" content=\"summary_large_image\" \/>\n<meta name=\"twitter:label1\" content=\"Arvioitu lukuaika\" \/>\n\t<meta name=\"twitter:data1\" content=\"1 minuutti\" \/>\n<script type=\"application\/ld+json\" class=\"yoast-schema-graph\">{\"@context\":\"https:\/\/schema.org\",\"@graph\":[{\"@type\":\"WebPage\",\"@id\":\"https:\/\/www.electroluxprofessional.com\/fi\/ammattipesulalaitteet\/referenssipesukoneet-ja-kuivausrummut\/\",\"url\":\"https:\/\/www.electroluxprofessional.com\/fi\/ammattipesulalaitteet\/referenssipesukoneet-ja-kuivausrummut\/\",\"name\":\"Referenssipesukoneet ja kuivausrummut Electrolux Professional Suomi\",\"isPartOf\":{\"@id\":\"https:\/\/www.electroluxprofessional.com\/fi\/#website\"},\"datePublished\":\"2017-03-24T12:13:00+00:00\",\"dateModified\":\"2024-11-29T10:49:41+00:00\",\"description\":\"Referenssipesukoneet ja kuivausrummut tarjoavat t\u00e4ydellisen ratkaisun laboratorio-olosuhteisiin kankaiden ja vaatteiden testaamiseen.\",\"breadcrumb\":{\"@id\":\"https:\/\/www.electroluxprofessional.com\/fi\/ammattipesulalaitteet\/referenssipesukoneet-ja-kuivausrummut\/#breadcrumb\"},\"inLanguage\":\"fi\",\"potentialAction\":[{\"@type\":\"ReadAction\",\"target\":[\"https:\/\/www.electroluxprofessional.com\/fi\/ammattipesulalaitteet\/referenssipesukoneet-ja-kuivausrummut\/\"]}]},{\"@type\":\"BreadcrumbList\",\"@id\":\"https:\/\/www.electroluxprofessional.com\/fi\/ammattipesulalaitteet\/referenssipesukoneet-ja-kuivausrummut\/#breadcrumb\",\"itemListElement\":[{\"@type\":\"ListItem\",\"position\":1,\"name\":\"Home\",\"item\":\"https:\/\/www.electroluxprofessional.com\/fi\/\"},{\"@type\":\"ListItem\",\"position\":2,\"name\":\"Ammattipesulalaitteet\",\"item\":\"https:\/\/www.electroluxprofessional.com\/fi\/ammattipesulalaitteet\/\"},{\"@type\":\"ListItem\",\"position\":3,\"name\":\"Referenssipesukoneet ja kuivausrummut\"}]},{\"@type\":\"WebSite\",\"@id\":\"https:\/\/www.electroluxprofessional.com\/fi\/#website\",\"url\":\"https:\/\/www.electroluxprofessional.com\/fi\/\",\"name\":\"Electrolux Professional Suomi\",\"description\":\"\",\"potentialAction\":[{\"@type\":\"SearchAction\",\"target\":{\"@type\":\"EntryPoint\",\"urlTemplate\":\"https:\/\/www.electroluxprofessional.com\/fi\/?src={search_term_string}\"},\"query-input\":\"required name=search_term_string\"}],\"inLanguage\":\"fi\"}]}<\/script>\n<!-- \/ Yoast SEO plugin. -->","yoast_head_json":{"title":"Referenssipesukoneet ja kuivausrummut Electrolux Professional Suomi","description":"Referenssipesukoneet ja kuivausrummut tarjoavat t\u00e4ydellisen ratkaisun laboratorio-olosuhteisiin kankaiden ja vaatteiden testaamiseen.","robots":{"index":"index","follow":"follow","max-snippet":"max-snippet:-1","max-image-preview":"max-image-preview:large","max-video-preview":"max-video-preview:-1"},"canonical":"https:\/\/www.electroluxprofessional.com\/fi\/ammattipesulalaitteet\/referenssipesukoneet-ja-kuivausrummut\/","og_locale":"fi_FI","og_type":"article","og_title":"Referenssipesukoneet ja kuivausrummut Electrolux Professional Suomi","og_description":"Referenssipesukoneet ja kuivausrummut tarjoavat t\u00e4ydellisen ratkaisun laboratorio-olosuhteisiin kankaiden ja vaatteiden testaamiseen.","og_url":"https:\/\/www.electroluxprofessional.com\/fi\/ammattipesulalaitteet\/referenssipesukoneet-ja-kuivausrummut\/","og_site_name":"Electrolux Professional Suomi","article_modified_time":"2024-11-29T10:49:41+00:00","twitter_card":"summary_large_image","twitter_misc":{"Arvioitu lukuaika":"1 minuutti"},"schema":{"@context":"https:\/\/schema.org","@graph":[{"@type":"WebPage","@id":"https:\/\/www.electroluxprofessional.com\/fi\/ammattipesulalaitteet\/referenssipesukoneet-ja-kuivausrummut\/","url":"https:\/\/www.electroluxprofessional.com\/fi\/ammattipesulalaitteet\/referenssipesukoneet-ja-kuivausrummut\/","name":"Referenssipesukoneet ja kuivausrummut Electrolux Professional Suomi","isPartOf":{"@id":"https:\/\/www.electroluxprofessional.com\/fi\/#website"},"datePublished":"2017-03-24T12:13:00+00:00","dateModified":"2024-11-29T10:49:41+00:00","description":"Referenssipesukoneet ja kuivausrummut tarjoavat t\u00e4ydellisen ratkaisun laboratorio-olosuhteisiin kankaiden ja vaatteiden testaamiseen.","breadcrumb":{"@id":"https:\/\/www.electroluxprofessional.com\/fi\/ammattipesulalaitteet\/referenssipesukoneet-ja-kuivausrummut\/#breadcrumb"},"inLanguage":"fi","potentialAction":[{"@type":"ReadAction","target":["https:\/\/www.electroluxprofessional.com\/fi\/ammattipesulalaitteet\/referenssipesukoneet-ja-kuivausrummut\/"]}]},{"@type":"BreadcrumbList","@id":"https:\/\/www.electroluxprofessional.com\/fi\/ammattipesulalaitteet\/referenssipesukoneet-ja-kuivausrummut\/#breadcrumb","itemListElement":[{"@type":"ListItem","position":1,"name":"Home","item":"https:\/\/www.electroluxprofessional.com\/fi\/"},{"@type":"ListItem","position":2,"name":"Ammattipesulalaitteet","item":"https:\/\/www.electroluxprofessional.com\/fi\/ammattipesulalaitteet\/"},{"@type":"ListItem","position":3,"name":"Referenssipesukoneet ja kuivausrummut"}]},{"@type":"WebSite","@id":"https:\/\/www.electroluxprofessional.com\/fi\/#website","url":"https:\/\/www.electroluxprofessional.com\/fi\/","name":"Electrolux Professional Suomi","description":"","potentialAction":[{"@type":"SearchAction","target":{"@type":"EntryPoint","urlTemplate":"https:\/\/www.electroluxprofessional.com\/fi\/?src={search_term_string}"},"query-input":"required name=search_term_string"}],"inLanguage":"fi"}]}},"_links":{"self":[{"href":"https:\/\/www.electroluxprofessional.com\/fi\/wp-json\/wp\/v2\/pages\/3218"}],"collection":[{"href":"https:\/\/www.electroluxprofessional.com\/fi\/wp-json\/wp\/v2\/pages"}],"about":[{"href":"https:\/\/www.electroluxprofessional.com\/fi\/wp-json\/wp\/v2\/types\/page"}],"author":[{"embeddable":true,"href":"https:\/\/www.electroluxprofessional.com\/fi\/wp-json\/wp\/v2\/users\/1"}],"replies":[{"embeddable":true,"href":"https:\/\/www.electroluxprofessional.com\/fi\/wp-json\/wp\/v2\/comments?post=3218"}],"version-history":[{"count":37,"href":"https:\/\/www.electroluxprofessional.com\/fi\/wp-json\/wp\/v2\/pages\/3218\/revisions"}],"predecessor-version":[{"id":13866,"href":"https:\/\/www.electroluxprofessional.com\/fi\/wp-json\/wp\/v2\/pages\/3218\/revisions\/13866"}],"up":[{"embeddable":true,"href":"https:\/\/www.electroluxprofessional.com\/fi\/wp-json\/wp\/v2\/pages\/2396"}],"wp:attachment":[{"href":"https:\/\/www.electroluxprofessional.com\/fi\/wp-json\/wp\/v2\/media?parent=3218"}],"curies":[{"name":"wp","href":"https:\/\/api.w.org\/{rel}","templated":true}]}}