{"id":3009,"date":"2017-03-17T13:44:32","date_gmt":"2017-03-17T13:44:32","guid":{"rendered":"https:\/\/www.electroluxprofessional.com\/fi\/?page_id=3009"},"modified":"2017-03-21T08:55:33","modified_gmt":"2017-03-21T08:55:33","slug":"om-oss","status":"publish","type":"page","link":"https:\/\/www.electroluxprofessional.com\/fi\/om-oss\/","title":{"rendered":"Om oss"},"content":{"rendered":"<p>[vc_row full_width=&#8221;electroluxpro-full-width-no-padding&#8221;][vc_column][elx_hero_slider label_text_color=&#8221;inherit&#8221; images=&#8221;1851&#8243;][elx_heading font_container=&#8221;h1&#8243; font_size=&#8221;h2&#8243; text_color=&#8221;inherit&#8221;]Vilka \u00e4r Electrolux Professional?[\/elx_heading][\/elx_hero_slider][\/vc_column][\/vc_row][vc_row][vc_column][vc_empty_space height=&#8221;50px&#8221;][\/vc_column][\/vc_row][vc_row][vc_column width=&#8221;1\/2&#8243;][elx_video_block background_image=&#8221;1846&#8243; video_link=&#8221;https:\/\/www.youtube.com\/watch?v=l7-2KSjiyuY&#8221; minimum_height=&#8221;400px&#8221;][\/vc_column][vc_column width=&#8221;1\/2&#8243;][elx_heading font_container=&#8221;h5&#8243; text_color=&#8221;inherit&#8221;]Vi p\u00e5 Electrolux Professional \u00e4r \u00f6vertygade om att <strong>r\u00e4tt verktyg och instrument kan g\u00f6ra en positiv skillnad<\/strong> s\u00e5v\u00e4l i v\u00e5ra kunders vardag som f\u00f6r v\u00e5r planet.<\/p>\n<p>Vi \u00e4r stolta \u00f6ver att vara v\u00e4rldsledande inom innovation och design och \u00f6ver att kunna leverera de l\u00f6sningar som du efterfr\u00e5gar. <strong>V\u00e5rt uppdrag \u00e4r att g\u00f6ra livet enklare och mer l\u00f6nsamt f\u00f6r dig <\/strong>.[\/elx_heading][\/vc_column][\/vc_row][vc_row css=&#8221;.vc_custom_1465566954449{padding-top: 20px !important;}&#8221;][vc_column][vc_column_text]Vi har ett starkt engagemang f\u00f6r h\u00e5llbarhet och f\u00f6r att f\u00f6rb\u00e4ttra vatten- och energieffektiviteten,\u00a0f\u00f6r att p\u00e5 s\u00e5 s\u00e4tt spara kostnader och f\u00f6rb\u00e4ttra l\u00f6nsamheten.<\/p>\n<p><strong>Vi har varit i branschen\u00a0i 90 \u00e5r<\/strong> \u00a0och har under denna tid byggt\u00a0upp \u00a0<strong>v\u00e4rldens mest omfattande servicen\u00e4tverk<\/strong> , s\u00e5 att du kan r\u00e4kna med v\u00e5r hj\u00e4lp 24\/7, var du \u00e4n befinner dig\u00a0i v\u00e4rlden.<\/p>\n<p>P\u00e5 Electrolux s\u00f6ker\u00a0vi st\u00e4ndigt efter nya m\u00f6jligheter, f\u00f6r att vi ska kunna g\u00f6ra en positiv skillnad i din vardag och f\u00f6r v\u00e5r planet.[\/vc_column_text][\/vc_column][\/vc_row][vc_row][vc_column width=&#8221;1\/2&#8243;][\/vc_column][vc_column width=&#8221;1\/2&#8243;][\/vc_column][vc_column width=&#8221;1\/3&#8243;][elx_maylike_box id_box=&#8221;1848&#8243;][\/vc_column][vc_column width=&#8221;1\/3&#8243;][elx_maylike_box id_box=&#8221;1848&#8243;][elx_maylike_box id_box=&#8221;1850&#8243;][\/vc_column][vc_column width=&#8221;1\/3&#8243;][\/vc_column][\/vc_row]<\/p>\n","protected":false},"excerpt":{"rendered":"<p>[vc_row full_width=&#8221;electroluxpro-full-width-no-padding&#8221;][vc_column][elx_hero_slider label_text_color=&#8221;inherit&#8221; images=&#8221;1851&#8243;][elx_heading font_container=&#8221;h1&#8243; font_size=&#8221;h2&#8243; text_color=&#8221;inherit&#8221;]Vilka \u00e4r Electrolux Professional?[\/elx_heading][\/elx_hero_slider][\/vc_column][\/vc_row][vc_row][vc_column][vc_empty_space height=&#8221;50px&#8221;][\/vc_column][\/vc_row][vc_row][vc_column width=&#8221;1\/2&#8243;][elx_video_block background_image=&#8221;1846&#8243; video_link=&#8221;https:\/\/www.youtube.com\/watch?v=l7-2KSjiyuY&#8221; minimum_height=&#8221;400px&#8221;][\/vc_column][vc_column width=&#8221;1\/2&#8243;][elx_heading font_container=&#8221;h5&#8243; text_color=&#8221;inherit&#8221;]Vi p\u00e5 Electrolux Professional \u00e4r \u00f6vertygade om att r\u00e4tt verktyg och instrument kan g\u00f6ra en positiv skillnad s\u00e5v\u00e4l i v\u00e5ra kunders vardag som f\u00f6r v\u00e5r planet. Vi \u00e4r stolta \u00f6ver att vara v\u00e4rldsledande inom innovation och design och [&hellip;]<\/p>\n","protected":false},"author":1,"featured_media":0,"parent":0,"menu_order":0,"comment_status":"closed","ping_status":"closed","template":"","meta":{"footnotes":""},"class_list":["post-3009","page","type-page","status-publish","hentry"],"yoast_head":"<!-- This site is optimized with the Yoast SEO plugin v23.3 - https:\/\/yoast.com\/wordpress\/plugins\/seo\/ -->\n<title>Om oss - Electrolux Professional Suomi<\/title>\n<meta name=\"robots\" content=\"index, follow, max-snippet:-1, max-image-preview:large, max-video-preview:-1\" \/>\n<link rel=\"canonical\" href=\"https:\/\/www.electroluxprofessional.com\/fi\/om-oss\/\" \/>\n<meta property=\"og:locale\" content=\"fi_FI\" \/>\n<meta property=\"og:type\" content=\"article\" \/>\n<meta property=\"og:title\" content=\"Om oss - Electrolux Professional Suomi\" \/>\n<meta property=\"og:description\" content=\"[vc_row full_width=&#8221;electroluxpro-full-width-no-padding&#8221;][vc_column][elx_hero_slider label_text_color=&#8221;inherit&#8221; images=&#8221;1851&#8243;][elx_heading font_container=&#8221;h1&#8243; font_size=&#8221;h2&#8243; text_color=&#8221;inherit&#8221;]Vilka \u00e4r Electrolux Professional?[\/elx_heading][\/elx_hero_slider][\/vc_column][\/vc_row][vc_row][vc_column][vc_empty_space height=&#8221;50px&#8221;][\/vc_column][\/vc_row][vc_row][vc_column width=&#8221;1\/2&#8243;][elx_video_block background_image=&#8221;1846&#8243; video_link=&#8221;https:\/\/www.youtube.com\/watch?v=l7-2KSjiyuY&#8221; minimum_height=&#8221;400px&#8221;][\/vc_column][vc_column width=&#8221;1\/2&#8243;][elx_heading font_container=&#8221;h5&#8243; text_color=&#8221;inherit&#8221;]Vi p\u00e5 Electrolux Professional \u00e4r \u00f6vertygade om att r\u00e4tt verktyg och instrument kan g\u00f6ra en positiv skillnad s\u00e5v\u00e4l i v\u00e5ra kunders vardag som f\u00f6r v\u00e5r planet. Vi \u00e4r stolta \u00f6ver att vara v\u00e4rldsledande inom innovation och design och [&hellip;]\" \/>\n<meta property=\"og:url\" content=\"https:\/\/www.electroluxprofessional.com\/fi\/om-oss\/\" \/>\n<meta property=\"og:site_name\" content=\"Electrolux Professional Suomi\" \/>\n<meta property=\"article:modified_time\" content=\"2017-03-21T08:55:33+00:00\" \/>\n<meta name=\"twitter:card\" content=\"summary_large_image\" \/>\n<meta name=\"twitter:label1\" content=\"Arvioitu lukuaika\" \/>\n\t<meta name=\"twitter:data1\" content=\"2 minuuttia\" \/>\n<script type=\"application\/ld+json\" class=\"yoast-schema-graph\">{\"@context\":\"https:\/\/schema.org\",\"@graph\":[{\"@type\":\"WebPage\",\"@id\":\"https:\/\/www.electroluxprofessional.com\/fi\/om-oss\/\",\"url\":\"https:\/\/www.electroluxprofessional.com\/fi\/om-oss\/\",\"name\":\"Om oss - Electrolux Professional Suomi\",\"isPartOf\":{\"@id\":\"https:\/\/www.electroluxprofessional.com\/fi\/#website\"},\"datePublished\":\"2017-03-17T13:44:32+00:00\",\"dateModified\":\"2017-03-21T08:55:33+00:00\",\"breadcrumb\":{\"@id\":\"https:\/\/www.electroluxprofessional.com\/fi\/om-oss\/#breadcrumb\"},\"inLanguage\":\"fi\",\"potentialAction\":[{\"@type\":\"ReadAction\",\"target\":[\"https:\/\/www.electroluxprofessional.com\/fi\/om-oss\/\"]}]},{\"@type\":\"BreadcrumbList\",\"@id\":\"https:\/\/www.electroluxprofessional.com\/fi\/om-oss\/#breadcrumb\",\"itemListElement\":[{\"@type\":\"ListItem\",\"position\":1,\"name\":\"Home\",\"item\":\"https:\/\/www.electroluxprofessional.com\/fi\/\"},{\"@type\":\"ListItem\",\"position\":2,\"name\":\"Om oss\"}]},{\"@type\":\"WebSite\",\"@id\":\"https:\/\/www.electroluxprofessional.com\/fi\/#website\",\"url\":\"https:\/\/www.electroluxprofessional.com\/fi\/\",\"name\":\"Electrolux Professional Suomi\",\"description\":\"\",\"potentialAction\":[{\"@type\":\"SearchAction\",\"target\":{\"@type\":\"EntryPoint\",\"urlTemplate\":\"https:\/\/www.electroluxprofessional.com\/fi\/?src={search_term_string}\"},\"query-input\":\"required name=search_term_string\"}],\"inLanguage\":\"fi\"}]}<\/script>\n<!-- \/ Yoast SEO plugin. -->","yoast_head_json":{"title":"Om oss - Electrolux Professional Suomi","robots":{"index":"index","follow":"follow","max-snippet":"max-snippet:-1","max-image-preview":"max-image-preview:large","max-video-preview":"max-video-preview:-1"},"canonical":"https:\/\/www.electroluxprofessional.com\/fi\/om-oss\/","og_locale":"fi_FI","og_type":"article","og_title":"Om oss - Electrolux Professional Suomi","og_description":"[vc_row full_width=&#8221;electroluxpro-full-width-no-padding&#8221;][vc_column][elx_hero_slider label_text_color=&#8221;inherit&#8221; images=&#8221;1851&#8243;][elx_heading font_container=&#8221;h1&#8243; font_size=&#8221;h2&#8243; text_color=&#8221;inherit&#8221;]Vilka \u00e4r Electrolux Professional?[\/elx_heading][\/elx_hero_slider][\/vc_column][\/vc_row][vc_row][vc_column][vc_empty_space height=&#8221;50px&#8221;][\/vc_column][\/vc_row][vc_row][vc_column width=&#8221;1\/2&#8243;][elx_video_block background_image=&#8221;1846&#8243; video_link=&#8221;https:\/\/www.youtube.com\/watch?v=l7-2KSjiyuY&#8221; minimum_height=&#8221;400px&#8221;][\/vc_column][vc_column width=&#8221;1\/2&#8243;][elx_heading font_container=&#8221;h5&#8243; text_color=&#8221;inherit&#8221;]Vi p\u00e5 Electrolux Professional \u00e4r \u00f6vertygade om att r\u00e4tt verktyg och instrument kan g\u00f6ra en positiv skillnad s\u00e5v\u00e4l i v\u00e5ra kunders vardag som f\u00f6r v\u00e5r planet. Vi \u00e4r stolta \u00f6ver att vara v\u00e4rldsledande inom innovation och design och [&hellip;]","og_url":"https:\/\/www.electroluxprofessional.com\/fi\/om-oss\/","og_site_name":"Electrolux Professional Suomi","article_modified_time":"2017-03-21T08:55:33+00:00","twitter_card":"summary_large_image","twitter_misc":{"Arvioitu lukuaika":"2 minuuttia"},"schema":{"@context":"https:\/\/schema.org","@graph":[{"@type":"WebPage","@id":"https:\/\/www.electroluxprofessional.com\/fi\/om-oss\/","url":"https:\/\/www.electroluxprofessional.com\/fi\/om-oss\/","name":"Om oss - Electrolux Professional Suomi","isPartOf":{"@id":"https:\/\/www.electroluxprofessional.com\/fi\/#website"},"datePublished":"2017-03-17T13:44:32+00:00","dateModified":"2017-03-21T08:55:33+00:00","breadcrumb":{"@id":"https:\/\/www.electroluxprofessional.com\/fi\/om-oss\/#breadcrumb"},"inLanguage":"fi","potentialAction":[{"@type":"ReadAction","target":["https:\/\/www.electroluxprofessional.com\/fi\/om-oss\/"]}]},{"@type":"BreadcrumbList","@id":"https:\/\/www.electroluxprofessional.com\/fi\/om-oss\/#breadcrumb","itemListElement":[{"@type":"ListItem","position":1,"name":"Home","item":"https:\/\/www.electroluxprofessional.com\/fi\/"},{"@type":"ListItem","position":2,"name":"Om oss"}]},{"@type":"WebSite","@id":"https:\/\/www.electroluxprofessional.com\/fi\/#website","url":"https:\/\/www.electroluxprofessional.com\/fi\/","name":"Electrolux Professional Suomi","description":"","potentialAction":[{"@type":"SearchAction","target":{"@type":"EntryPoint","urlTemplate":"https:\/\/www.electroluxprofessional.com\/fi\/?src={search_term_string}"},"query-input":"required name=search_term_string"}],"inLanguage":"fi"}]}},"_links":{"self":[{"href":"https:\/\/www.electroluxprofessional.com\/fi\/wp-json\/wp\/v2\/pages\/3009"}],"collection":[{"href":"https:\/\/www.electroluxprofessional.com\/fi\/wp-json\/wp\/v2\/pages"}],"about":[{"href":"https:\/\/www.electroluxprofessional.com\/fi\/wp-json\/wp\/v2\/types\/page"}],"author":[{"embeddable":true,"href":"https:\/\/www.electroluxprofessional.com\/fi\/wp-json\/wp\/v2\/users\/1"}],"replies":[{"embeddable":true,"href":"https:\/\/www.electroluxprofessional.com\/fi\/wp-json\/wp\/v2\/comments?post=3009"}],"version-history":[{"count":4,"href":"https:\/\/www.electroluxprofessional.com\/fi\/wp-json\/wp\/v2\/pages\/3009\/revisions"}],"predecessor-version":[{"id":3061,"href":"https:\/\/www.electroluxprofessional.com\/fi\/wp-json\/wp\/v2\/pages\/3009\/revisions\/3061"}],"wp:attachment":[{"href":"https:\/\/www.electroluxprofessional.com\/fi\/wp-json\/wp\/v2\/media?parent=3009"}],"curies":[{"name":"wp","href":"https:\/\/api.w.org\/{rel}","templated":true}]}}