{"id":3007,"date":"2023-05-31T07:22:54","date_gmt":"2023-05-31T07:22:54","guid":{"rendered":"https:\/\/www.electroluxprofessional.com\/fi\/?page_id=3007"},"modified":"2026-03-04T08:40:10","modified_gmt":"2026-03-04T08:40:10","slug":"yhteystiedot-electrolux-professional-oy","status":"publish","type":"page","link":"https:\/\/www.electroluxprofessional.com\/fi\/yhteystiedot-electrolux-professional-oy\/","title":{"rendered":"Yhteystiedot Electrolux Professional Oy"},"content":{"rendered":"<p>[vc_row full_width=&#8221;electroluxpro-full-width-no-padding&#8221;][vc_column][elx_hero_slider label_text_color=&#8221;inherit&#8221; background_colors=&#8221;background-blue&#8221; width_box=&#8221;col-md-6&#8243; images=&#8221;10193&#8243;][elx_heading font_container=&#8221;h1&#8243; font_size=&#8221;h2&#8243; text_color=&#8221;white&#8221;]Yhteystiedot<br \/>\nElectrolux Professional Oy[\/elx_heading][\/elx_hero_slider][\/vc_column][\/vc_row][vc_row][vc_column][vc_empty_space][\/vc_column][\/vc_row][vc_row][vc_column width=&#8221;1\/2&#8243;][vc_empty_space height=&#8221;20px&#8221;][vc_column_text]<\/p>\n<p style=\"text-align: left;\"><strong>Electrolux Professional Oy<\/strong><strong><br \/>\n<\/strong>Lautatarhankatu 8 B<br \/>\n00580 Helsinki<\/p>\n<p style=\"text-align: left;\"><strong>Postiosoite<br \/>\n<\/strong>PL 185<br \/>\n00511 Helsinki<\/p>\n<p style=\"text-align: left;\"><strong>Y-tunnus<\/strong>: 0816444-8<br \/>\n<strong>Puhelinvaihde<\/strong>: 09 39611<strong><br \/>\n<\/strong>[\/vc_column_text][\/vc_column][vc_column width=&#8221;1\/2&#8243;][vc_column_text]<\/p>\n<h2 style=\"text-align: left;\">Myynnin yhteystiedot<\/h2>\n<p>[\/vc_column_text][vc_empty_space height=&#8221;8px&#8221;][vc_empty_space height=&#8221;15px&#8221;][elx_download_block text=&#8221;Electrolux Professional Oy, Myynti&#8221; link_target=&#8221;self&#8221; file_picker=&#8221;16467&#8243; background_color=&#8221;electrolux-blue&#8221;][vc_empty_space height=&#8221;15px&#8221;][vc_empty_space height=&#8221;8px&#8221;][\/vc_column][\/vc_row][vc_row][vc_column width=&#8221;1\/2&#8243;][vc_empty_space height=&#8221;8px&#8221;][vc_empty_space height=&#8221;8px&#8221;][vc_column_text]<\/p>\n<h2>Varaosamyynti ja tekninen tuki<\/h2>\n<p>[\/vc_column_text][vc_empty_space height=&#8221;8px&#8221;][vc_column_text]<strong>Ammattikeitti\u00f6t<\/strong>: puh. 09 3961 2403<strong><br \/>\nAmmattipesulat: <\/strong>puh. 09 3961 2556[\/vc_column_text][elx_button button_text=&#8221;L\u00e4het\u00e4 s\u00e4hk\u00f6postia&#8221; button_style=&#8221;icon&#8221; button_link=&#8221;url:mailto%3Ahuolto%40electroluxprofessional.com&#8221;][vc_column_text]<\/p>\n<h2>Ammattipesuloiden huoltotilaukset<\/h2>\n<p>[\/vc_column_text][vc_empty_space height=&#8221;8px&#8221;][vc_column_text]puh. 0800 304050[\/vc_column_text][elx_button button_text=&#8221;L\u00e4het\u00e4 s\u00e4hk\u00f6postia&#8221; button_style=&#8221;icon&#8221; button_link=&#8221;url:mailto%3Ahuolto%40electroluxprofessional.com&#8221;][\/vc_column][vc_column width=&#8221;1\/2&#8243;][vc_empty_space height=&#8221;8px&#8221;][vc_empty_space height=&#8221;8px&#8221;][vc_column_text]<\/p>\n<h2>Asiakastuki<\/h2>\n<p><strong>Tarjoukset &amp; suunnittelu:<\/strong>[\/vc_column_text][elx_button button_text=&#8221;L\u00e4het\u00e4 s\u00e4hk\u00f6postia&#8221; button_style=&#8221;icon&#8221; button_link=&#8221;url:mailto%3Atarjouspyynnot%40electroluxprofessional.com&#8221;][vc_empty_space height=&#8221;20px&#8221;][vc_column_text]<strong>Tilauksiin liittyv\u00e4t asiat:<\/strong>[\/vc_column_text][elx_button button_text=&#8221;L\u00e4het\u00e4 s\u00e4hk\u00f6postia&#8221; button_style=&#8221;icon&#8221; button_link=&#8221;url:mailto%3Atilaukset%40electroluxprofessional.com&#8221;][vc_empty_space height=&#8221;20px&#8221;][vc_column_text]<strong>Laskutukseen liittyv\u00e4t asiat:<\/strong>[\/vc_column_text][elx_button button_text=&#8221;L\u00e4het\u00e4 s\u00e4hk\u00f6postia&#8221; button_style=&#8221;icon&#8221; button_link=&#8221;url:mailto%3Alaskutus%40electroluxprofessional.com&#8221;][vc_empty_space height=&#8221;20px&#8221;][vc_column_text]<strong>Yleiset tiedustelut\/ ammattikeitti\u00f6laitteet:<\/strong>[\/vc_column_text][elx_button button_text=&#8221;L\u00e4het\u00e4 s\u00e4hk\u00f6postia&#8221; button_style=&#8221;icon&#8221; button_link=&#8221;url:mailto%3Aammattikeittiot%40electroluxprofessional.com&#8221;][vc_empty_space height=&#8221;20px&#8221;][vc_column_text]<strong>Yleiset tiedustelut\/ ammattipesulalaitteet:<\/strong>[\/vc_column_text][elx_button button_text=&#8221;L\u00e4het\u00e4 s\u00e4hk\u00f6postia&#8221; button_style=&#8221;icon&#8221; button_link=&#8221;url:mailto%3Aammattipesulat%40electroluxprofessional.com&#8221;][\/vc_column][\/vc_row][vc_row][vc_column][vc_empty_space height=&#8221;8px&#8221;][vc_empty_space height=&#8221;8px&#8221;][vc_empty_space height=&#8221;8px&#8221;][elx_heading text_color=&#8221;inherit&#8221; text_align=&#8221;text-center&#8221;]Haluatko lis\u00e4tietoja tuotteista tai varaosista? Tai j\u00e4tt\u00e4\u00e4 tarjous- tai huoltopyynn\u00f6n? Voit ottaa meihin yhteytt\u00e4 my\u00f6s lomakkeella.[\/elx_heading][elx_heading font_size=&#8221;h1&#8243; text_color=&#8221;inherit&#8221; text_align=&#8221;text-center&#8221;]Yhteydenottolomake:[\/elx_heading][vc_empty_space][elx_o2000_contact_us s=&#8221;Tietopyynt\u00f6 ota yhteytt\u00e4 sivulta&#8221; country=&#8221;Finland&#8221; r=&#8221;Haluaisin, ett\u00e4 olette yhteydess\u00e4 liittyen:&#8221; l=&#8221;fi&#8221; e=&#8221;ammattikeittiot@electroluxprofessional.com&#8221;][\/vc_column][\/vc_row]<\/p>\n","protected":false},"excerpt":{"rendered":"<p>[vc_row full_width=&#8221;electroluxpro-full-width-no-padding&#8221;][vc_column][elx_hero_slider label_text_color=&#8221;inherit&#8221; background_colors=&#8221;background-blue&#8221; width_box=&#8221;col-md-6&#8243; images=&#8221;10193&#8243;][elx_heading font_container=&#8221;h1&#8243; font_size=&#8221;h2&#8243; text_color=&#8221;white&#8221;]Yhteystiedot Electrolux Professional Oy[\/elx_heading][\/elx_hero_slider][\/vc_column][\/vc_row][vc_row][vc_column][vc_empty_space][\/vc_column][\/vc_row][vc_row][vc_column width=&#8221;1\/2&#8243;][vc_empty_space height=&#8221;20px&#8221;][vc_column_text] Electrolux Professional Oy Lautatarhankatu 8 B 00580 Helsinki Postiosoite PL 185 00511 Helsinki Y-tunnus: 0816444-8 Puhelinvaihde: 09 39611 [\/vc_column_text][\/vc_column][vc_column width=&#8221;1\/2&#8243;][vc_column_text] Myynnin yhteystiedot [\/vc_column_text][vc_empty_space height=&#8221;8px&#8221;][vc_empty_space height=&#8221;15px&#8221;][elx_download_block text=&#8221;Electrolux Professional Oy, Myynti&#8221; link_target=&#8221;self&#8221; file_picker=&#8221;16467&#8243; background_color=&#8221;electrolux-blue&#8221;][vc_empty_space height=&#8221;15px&#8221;][vc_empty_space height=&#8221;8px&#8221;][\/vc_column][\/vc_row][vc_row][vc_column width=&#8221;1\/2&#8243;][vc_empty_space height=&#8221;8px&#8221;][vc_empty_space height=&#8221;8px&#8221;][vc_column_text] Varaosamyynti ja tekninen tuki [&hellip;]<\/p>\n","protected":false},"author":1,"featured_media":0,"parent":0,"menu_order":0,"comment_status":"closed","ping_status":"closed","template":"","meta":{"footnotes":""},"class_list":["post-3007","page","type-page","status-publish","hentry"],"yoast_head":"<!-- This site is optimized with the Yoast SEO plugin v23.3 - https:\/\/yoast.com\/wordpress\/plugins\/seo\/ -->\n<title>Yhteystiedot Electrolux Professional Oy<\/title>\n<meta name=\"description\" content=\"Ota suoraan yhteytt\u00e4 asiakaspalveluumme tai myyntiimme. L\u00f6yd\u00e4t t\u00e4\u00e4lt\u00e4 yhteystietomme.\" \/>\n<meta name=\"robots\" content=\"index, follow, max-snippet:-1, max-image-preview:large, max-video-preview:-1\" \/>\n<link rel=\"canonical\" href=\"https:\/\/www.electroluxprofessional.com\/fi\/yhteystiedot-electrolux-professional-oy\/\" \/>\n<meta property=\"og:locale\" content=\"fi_FI\" \/>\n<meta property=\"og:type\" content=\"article\" \/>\n<meta property=\"og:title\" content=\"Yhteystiedot Electrolux Professional Oy\" \/>\n<meta property=\"og:description\" content=\"Ota suoraan yhteytt\u00e4 asiakaspalveluumme tai myyntiimme. L\u00f6yd\u00e4t t\u00e4\u00e4lt\u00e4 yhteystietomme.\" \/>\n<meta property=\"og:url\" content=\"https:\/\/www.electroluxprofessional.com\/fi\/yhteystiedot-electrolux-professional-oy\/\" \/>\n<meta property=\"og:site_name\" content=\"Electrolux Professional Suomi\" \/>\n<meta property=\"article:modified_time\" content=\"2026-03-04T08:40:10+00:00\" \/>\n<meta name=\"twitter:card\" content=\"summary_large_image\" \/>\n<meta name=\"twitter:label1\" content=\"Arvioitu lukuaika\" \/>\n\t<meta name=\"twitter:data1\" content=\"2 minuuttia\" \/>\n<script type=\"application\/ld+json\" class=\"yoast-schema-graph\">{\"@context\":\"https:\/\/schema.org\",\"@graph\":[{\"@type\":\"WebPage\",\"@id\":\"https:\/\/www.electroluxprofessional.com\/fi\/yhteystiedot-electrolux-professional-oy\/\",\"url\":\"https:\/\/www.electroluxprofessional.com\/fi\/yhteystiedot-electrolux-professional-oy\/\",\"name\":\"Yhteystiedot Electrolux Professional Oy\",\"isPartOf\":{\"@id\":\"https:\/\/www.electroluxprofessional.com\/fi\/#website\"},\"datePublished\":\"2023-05-31T07:22:54+00:00\",\"dateModified\":\"2026-03-04T08:40:10+00:00\",\"description\":\"Ota suoraan yhteytt\u00e4 asiakaspalveluumme tai myyntiimme. L\u00f6yd\u00e4t t\u00e4\u00e4lt\u00e4 yhteystietomme.\",\"breadcrumb\":{\"@id\":\"https:\/\/www.electroluxprofessional.com\/fi\/yhteystiedot-electrolux-professional-oy\/#breadcrumb\"},\"inLanguage\":\"fi\",\"potentialAction\":[{\"@type\":\"ReadAction\",\"target\":[\"https:\/\/www.electroluxprofessional.com\/fi\/yhteystiedot-electrolux-professional-oy\/\"]}]},{\"@type\":\"BreadcrumbList\",\"@id\":\"https:\/\/www.electroluxprofessional.com\/fi\/yhteystiedot-electrolux-professional-oy\/#breadcrumb\",\"itemListElement\":[{\"@type\":\"ListItem\",\"position\":1,\"name\":\"Home\",\"item\":\"https:\/\/www.electroluxprofessional.com\/fi\/\"},{\"@type\":\"ListItem\",\"position\":2,\"name\":\"Yhteystiedot Electrolux Professional Oy\"}]},{\"@type\":\"WebSite\",\"@id\":\"https:\/\/www.electroluxprofessional.com\/fi\/#website\",\"url\":\"https:\/\/www.electroluxprofessional.com\/fi\/\",\"name\":\"Electrolux Professional Suomi\",\"description\":\"\",\"potentialAction\":[{\"@type\":\"SearchAction\",\"target\":{\"@type\":\"EntryPoint\",\"urlTemplate\":\"https:\/\/www.electroluxprofessional.com\/fi\/?src={search_term_string}\"},\"query-input\":\"required name=search_term_string\"}],\"inLanguage\":\"fi\"}]}<\/script>\n<!-- \/ Yoast SEO plugin. -->","yoast_head_json":{"title":"Yhteystiedot Electrolux Professional Oy","description":"Ota suoraan yhteytt\u00e4 asiakaspalveluumme tai myyntiimme. L\u00f6yd\u00e4t t\u00e4\u00e4lt\u00e4 yhteystietomme.","robots":{"index":"index","follow":"follow","max-snippet":"max-snippet:-1","max-image-preview":"max-image-preview:large","max-video-preview":"max-video-preview:-1"},"canonical":"https:\/\/www.electroluxprofessional.com\/fi\/yhteystiedot-electrolux-professional-oy\/","og_locale":"fi_FI","og_type":"article","og_title":"Yhteystiedot Electrolux Professional Oy","og_description":"Ota suoraan yhteytt\u00e4 asiakaspalveluumme tai myyntiimme. L\u00f6yd\u00e4t t\u00e4\u00e4lt\u00e4 yhteystietomme.","og_url":"https:\/\/www.electroluxprofessional.com\/fi\/yhteystiedot-electrolux-professional-oy\/","og_site_name":"Electrolux Professional Suomi","article_modified_time":"2026-03-04T08:40:10+00:00","twitter_card":"summary_large_image","twitter_misc":{"Arvioitu lukuaika":"2 minuuttia"},"schema":{"@context":"https:\/\/schema.org","@graph":[{"@type":"WebPage","@id":"https:\/\/www.electroluxprofessional.com\/fi\/yhteystiedot-electrolux-professional-oy\/","url":"https:\/\/www.electroluxprofessional.com\/fi\/yhteystiedot-electrolux-professional-oy\/","name":"Yhteystiedot Electrolux Professional Oy","isPartOf":{"@id":"https:\/\/www.electroluxprofessional.com\/fi\/#website"},"datePublished":"2023-05-31T07:22:54+00:00","dateModified":"2026-03-04T08:40:10+00:00","description":"Ota suoraan yhteytt\u00e4 asiakaspalveluumme tai myyntiimme. L\u00f6yd\u00e4t t\u00e4\u00e4lt\u00e4 yhteystietomme.","breadcrumb":{"@id":"https:\/\/www.electroluxprofessional.com\/fi\/yhteystiedot-electrolux-professional-oy\/#breadcrumb"},"inLanguage":"fi","potentialAction":[{"@type":"ReadAction","target":["https:\/\/www.electroluxprofessional.com\/fi\/yhteystiedot-electrolux-professional-oy\/"]}]},{"@type":"BreadcrumbList","@id":"https:\/\/www.electroluxprofessional.com\/fi\/yhteystiedot-electrolux-professional-oy\/#breadcrumb","itemListElement":[{"@type":"ListItem","position":1,"name":"Home","item":"https:\/\/www.electroluxprofessional.com\/fi\/"},{"@type":"ListItem","position":2,"name":"Yhteystiedot Electrolux Professional Oy"}]},{"@type":"WebSite","@id":"https:\/\/www.electroluxprofessional.com\/fi\/#website","url":"https:\/\/www.electroluxprofessional.com\/fi\/","name":"Electrolux Professional Suomi","description":"","potentialAction":[{"@type":"SearchAction","target":{"@type":"EntryPoint","urlTemplate":"https:\/\/www.electroluxprofessional.com\/fi\/?src={search_term_string}"},"query-input":"required name=search_term_string"}],"inLanguage":"fi"}]}},"_links":{"self":[{"href":"https:\/\/www.electroluxprofessional.com\/fi\/wp-json\/wp\/v2\/pages\/3007"}],"collection":[{"href":"https:\/\/www.electroluxprofessional.com\/fi\/wp-json\/wp\/v2\/pages"}],"about":[{"href":"https:\/\/www.electroluxprofessional.com\/fi\/wp-json\/wp\/v2\/types\/page"}],"author":[{"embeddable":true,"href":"https:\/\/www.electroluxprofessional.com\/fi\/wp-json\/wp\/v2\/users\/1"}],"replies":[{"embeddable":true,"href":"https:\/\/www.electroluxprofessional.com\/fi\/wp-json\/wp\/v2\/comments?post=3007"}],"version-history":[{"count":134,"href":"https:\/\/www.electroluxprofessional.com\/fi\/wp-json\/wp\/v2\/pages\/3007\/revisions"}],"predecessor-version":[{"id":16468,"href":"https:\/\/www.electroluxprofessional.com\/fi\/wp-json\/wp\/v2\/pages\/3007\/revisions\/16468"}],"wp:attachment":[{"href":"https:\/\/www.electroluxprofessional.com\/fi\/wp-json\/wp\/v2\/media?parent=3007"}],"curies":[{"name":"wp","href":"https:\/\/api.w.org\/{rel}","templated":true}]}}