{"id":3005,"date":"2017-03-17T08:49:15","date_gmt":"2017-03-17T08:49:15","guid":{"rendered":"https:\/\/www.electroluxprofessional.com\/fi\/?page_id=3005"},"modified":"2025-03-20T15:50:37","modified_gmt":"2025-03-20T15:50:37","slug":"partners-area-2","status":"publish","type":"page","link":"https:\/\/www.electroluxprofessional.com\/fi\/partners-area-2\/","title":{"rendered":"Partners Area"},"content":{"rendered":"<p>[vc_row full_width=&#8221;electroluxpro-full-width-no-padding&#8221;][vc_column][elx_hero_title label=&#8221;&#8221; background_image=&#8221;637&#8243;][elx_heading font_container=&#8221;h1&#8243; font_size=&#8221;h3&#8243; text_color=&#8221;white&#8221; text_align=&#8221;text-center&#8221;]Partners Area[\/elx_heading][\/elx_hero_title][\/vc_column][\/vc_row][vc_row][vc_column][vc_empty_space][\/vc_column][\/vc_row][vc_row][vc_column width=&#8221;1\/2&#8243;][vc_empty_space height=&#8221;22px&#8221;][vc_single_image image=&#8221;2197&#8243; img_size=&#8221;full&#8221; onclick=&#8221;custom_link&#8221; link=&#8221;https:\/\/toolbox.epr-apps.com\/&#8221;][\/vc_column][vc_column width=&#8221;1\/2&#8243;][elx_heading font_size=&#8221;h3&#8243; text_color=&#8221;inherit&#8221;]Alue suunnittelijoille ja yhteisty\u00f6kumppaneille[\/elx_heading][vc_column_text css=&#8221;.vc_custom_1504531006439{margin-bottom: 10px !important;border-bottom-width: 10px !important;padding-bottom: 10px !important;}&#8221;]Toolbox on osa Electroluxin Webgate tietokantaa, josta l\u00f6ytyv\u00e4t ohjelmat yhteisty\u00f6kumppaneille.<\/p>\n<p>Alla olevasta linkist\u00e4 p\u00e4\u00e4sette E-com sivuille, joista voitte kirjautua verkkokauppaan.<\/p>\n<p>Lis\u00e4ksi linkist\u00e4 p\u00e4\u00e4sette Electrolux Solutions ty\u00f6kaluun, josta l\u00f6yd\u00e4tte\u00a0mm. CAD symbolit, tekniset esitteet sek\u00e4 asennuskuvat. Kaikki n\u00e4m\u00e4 ovat helposti katseltavissa ja ladattavissa omalle koneelle.[\/vc_column_text][elx_button button_text=&#8221;Toolbox kirjautuminen&#8221; button_style=&#8221;icon&#8221; css=&#8221;.vc_custom_1504531022299{margin-top: 0px !important;border-top-width: 0px !important;padding-top: 0px !important;}&#8221; button_link=&#8221;url:https%3A%2F%2Ftoolbox.epr-apps.com%2F|title:Toolbox|target:%20_blank|&#8221;][\/vc_column][\/vc_row][vc_row][vc_column][vc_empty_space][\/vc_column][\/vc_row][vc_row disable_element=&#8221;yes&#8221;][vc_column width=&#8221;1\/2&#8243;][elx_image_block background_image=&#8221;1733&#8243; minimum_height=&#8221;220px&#8221;][\/vc_column][vc_column width=&#8221;1\/2&#8243;][vc_column_text css=&#8221;.vc_custom_1487238931439{margin-bottom: 10px !important;}&#8221;]<\/p>\n<h3>Consultants Area<\/h3>\n<p>[\/vc_column_text][vc_column_text css=&#8221;.vc_custom_1487238896353{margin-bottom: 10px !important;}&#8221;]Building a network with Important Consultants is a precious occasion for establishing a profitable exchange of ideas.[\/vc_column_text][elx_button button_text=&#8221;Food service&#8221; button_style=&#8221;icon&#8221; css=&#8221;.vc_custom_1487238843381{margin-top: 0px !important;}&#8221; button_link=&#8221;url:https%3A%2F%2Fwww.electroluxprofessional.com%2Fyour-business%2Fhotel-chains-food-service%2F%23food-service-consultant|title:Consultants||&#8221;][elx_button button_text=&#8221;Laundry solutions&#8221; button_style=&#8221;icon&#8221; css=&#8221;.vc_custom_1487238848548{margin-top: 0px !important;}&#8221; button_link=&#8221;url:https%3A%2F%2Fwww.electroluxprofessional.com%2Fyour-business%2Fhotel-chains-laundry-solutions%2F%23laundry-solutions-consultant|title:Consultants||&#8221;][\/vc_column][\/vc_row][vc_row][vc_column][vc_empty_space][\/vc_column][\/vc_row][vc_row][vc_column][vc_empty_space height=&#8221;8px&#8221;][vc_empty_space height=&#8221;8px&#8221;][vc_empty_space height=&#8221;8px&#8221;][elx_heading text_color=&#8221;inherit&#8221; text_align=&#8221;text-center&#8221;]Haluatko lis\u00e4tietoja tuotteista tai varaosista? Tai j\u00e4tt\u00e4\u00e4 tarjous- tai huoltopyynn\u00f6n? Voit ottaa meihin yhteytt\u00e4 my\u00f6s lomakkeella.[\/elx_heading][elx_heading font_size=&#8221;h1&#8243; text_color=&#8221;inherit&#8221; text_align=&#8221;text-center&#8221;]Yhteydenottolomake:[\/elx_heading][vc_empty_space][elx_o2000_contact_us s=&#8221;Tietopyynt\u00f6 ota yhteytt\u00e4 sivulta&#8221; country=&#8221;Finland&#8221; r=&#8221;Haluaisin, ett\u00e4 olette yhteydess\u00e4 liittyen:&#8221; l=&#8221;fi&#8221; e=&#8221;ammattikeittiot@electroluxprofessional.com&#8221;][\/vc_column][\/vc_row]<\/p>\n","protected":false},"excerpt":{"rendered":"<p>[vc_row full_width=&#8221;electroluxpro-full-width-no-padding&#8221;][vc_column][elx_hero_title label=&#8221;&#8221; background_image=&#8221;637&#8243;][elx_heading font_container=&#8221;h1&#8243; font_size=&#8221;h3&#8243; text_color=&#8221;white&#8221; text_align=&#8221;text-center&#8221;]Partners Area[\/elx_heading][\/elx_hero_title][\/vc_column][\/vc_row][vc_row][vc_column][vc_empty_space][\/vc_column][\/vc_row][vc_row][vc_column width=&#8221;1\/2&#8243;][vc_empty_space height=&#8221;22px&#8221;][vc_single_image image=&#8221;2197&#8243; img_size=&#8221;full&#8221; onclick=&#8221;custom_link&#8221; link=&#8221;https:\/\/toolbox.epr-apps.com\/&#8221;][\/vc_column][vc_column width=&#8221;1\/2&#8243;][elx_heading font_size=&#8221;h3&#8243; text_color=&#8221;inherit&#8221;]Alue suunnittelijoille ja yhteisty\u00f6kumppaneille[\/elx_heading][vc_column_text css=&#8221;.vc_custom_1504531006439{margin-bottom: 10px !important;border-bottom-width: 10px !important;padding-bottom: 10px !important;}&#8221;]Toolbox on osa Electroluxin Webgate tietokantaa, josta l\u00f6ytyv\u00e4t ohjelmat yhteisty\u00f6kumppaneille. Alla olevasta linkist\u00e4 p\u00e4\u00e4sette E-com sivuille, joista voitte kirjautua verkkokauppaan. Lis\u00e4ksi linkist\u00e4 p\u00e4\u00e4sette Electrolux Solutions ty\u00f6kaluun, josta l\u00f6yd\u00e4tte\u00a0mm. [&hellip;]<\/p>\n","protected":false},"author":1,"featured_media":0,"parent":0,"menu_order":0,"comment_status":"closed","ping_status":"closed","template":"","meta":{"footnotes":""},"class_list":["post-3005","page","type-page","status-publish","hentry"],"yoast_head":"<!-- This site is optimized with the Yoast SEO plugin v23.3 - https:\/\/yoast.com\/wordpress\/plugins\/seo\/ -->\n<title>Partners Area - Electrolux Professional Suomi<\/title>\n<meta name=\"robots\" content=\"index, follow, max-snippet:-1, max-image-preview:large, max-video-preview:-1\" \/>\n<link rel=\"canonical\" href=\"https:\/\/www.electroluxprofessional.com\/fi\/partners-area-2\/\" \/>\n<meta property=\"og:locale\" content=\"fi_FI\" \/>\n<meta property=\"og:type\" content=\"article\" \/>\n<meta property=\"og:title\" content=\"Partners Area - Electrolux Professional Suomi\" \/>\n<meta property=\"og:description\" content=\"[vc_row full_width=&#8221;electroluxpro-full-width-no-padding&#8221;][vc_column][elx_hero_title label=&#8221;&#8221; background_image=&#8221;637&#8243;][elx_heading font_container=&#8221;h1&#8243; font_size=&#8221;h3&#8243; text_color=&#8221;white&#8221; text_align=&#8221;text-center&#8221;]Partners Area[\/elx_heading][\/elx_hero_title][\/vc_column][\/vc_row][vc_row][vc_column][vc_empty_space][\/vc_column][\/vc_row][vc_row][vc_column width=&#8221;1\/2&#8243;][vc_empty_space height=&#8221;22px&#8221;][vc_single_image image=&#8221;2197&#8243; img_size=&#8221;full&#8221; onclick=&#8221;custom_link&#8221; link=&#8221;https:\/\/toolbox.epr-apps.com\/&#8221;][\/vc_column][vc_column width=&#8221;1\/2&#8243;][elx_heading font_size=&#8221;h3&#8243; text_color=&#8221;inherit&#8221;]Alue suunnittelijoille ja yhteisty\u00f6kumppaneille[\/elx_heading][vc_column_text css=&#8221;.vc_custom_1504531006439{margin-bottom: 10px !important;border-bottom-width: 10px !important;padding-bottom: 10px !important;}&#8221;]Toolbox on osa Electroluxin Webgate tietokantaa, josta l\u00f6ytyv\u00e4t ohjelmat yhteisty\u00f6kumppaneille. Alla olevasta linkist\u00e4 p\u00e4\u00e4sette E-com sivuille, joista voitte kirjautua verkkokauppaan. Lis\u00e4ksi linkist\u00e4 p\u00e4\u00e4sette Electrolux Solutions ty\u00f6kaluun, josta l\u00f6yd\u00e4tte\u00a0mm. [&hellip;]\" \/>\n<meta property=\"og:url\" content=\"https:\/\/www.electroluxprofessional.com\/fi\/partners-area-2\/\" \/>\n<meta property=\"og:site_name\" content=\"Electrolux Professional Suomi\" \/>\n<meta property=\"article:modified_time\" content=\"2025-03-20T15:50:37+00:00\" \/>\n<meta name=\"twitter:card\" content=\"summary_large_image\" \/>\n<meta name=\"twitter:label1\" content=\"Arvioitu lukuaika\" \/>\n\t<meta name=\"twitter:data1\" content=\"3 minuuttia\" \/>\n<script type=\"application\/ld+json\" class=\"yoast-schema-graph\">{\"@context\":\"https:\/\/schema.org\",\"@graph\":[{\"@type\":\"WebPage\",\"@id\":\"https:\/\/www.electroluxprofessional.com\/fi\/partners-area-2\/\",\"url\":\"https:\/\/www.electroluxprofessional.com\/fi\/partners-area-2\/\",\"name\":\"Partners Area - Electrolux Professional Suomi\",\"isPartOf\":{\"@id\":\"https:\/\/www.electroluxprofessional.com\/fi\/#website\"},\"datePublished\":\"2017-03-17T08:49:15+00:00\",\"dateModified\":\"2025-03-20T15:50:37+00:00\",\"breadcrumb\":{\"@id\":\"https:\/\/www.electroluxprofessional.com\/fi\/partners-area-2\/#breadcrumb\"},\"inLanguage\":\"fi\",\"potentialAction\":[{\"@type\":\"ReadAction\",\"target\":[\"https:\/\/www.electroluxprofessional.com\/fi\/partners-area-2\/\"]}]},{\"@type\":\"BreadcrumbList\",\"@id\":\"https:\/\/www.electroluxprofessional.com\/fi\/partners-area-2\/#breadcrumb\",\"itemListElement\":[{\"@type\":\"ListItem\",\"position\":1,\"name\":\"Home\",\"item\":\"https:\/\/www.electroluxprofessional.com\/fi\/\"},{\"@type\":\"ListItem\",\"position\":2,\"name\":\"Partners Area\"}]},{\"@type\":\"WebSite\",\"@id\":\"https:\/\/www.electroluxprofessional.com\/fi\/#website\",\"url\":\"https:\/\/www.electroluxprofessional.com\/fi\/\",\"name\":\"Electrolux Professional Suomi\",\"description\":\"\",\"potentialAction\":[{\"@type\":\"SearchAction\",\"target\":{\"@type\":\"EntryPoint\",\"urlTemplate\":\"https:\/\/www.electroluxprofessional.com\/fi\/?src={search_term_string}\"},\"query-input\":\"required name=search_term_string\"}],\"inLanguage\":\"fi\"}]}<\/script>\n<!-- \/ Yoast SEO plugin. -->","yoast_head_json":{"title":"Partners Area - Electrolux Professional Suomi","robots":{"index":"index","follow":"follow","max-snippet":"max-snippet:-1","max-image-preview":"max-image-preview:large","max-video-preview":"max-video-preview:-1"},"canonical":"https:\/\/www.electroluxprofessional.com\/fi\/partners-area-2\/","og_locale":"fi_FI","og_type":"article","og_title":"Partners Area - Electrolux Professional Suomi","og_description":"[vc_row full_width=&#8221;electroluxpro-full-width-no-padding&#8221;][vc_column][elx_hero_title label=&#8221;&#8221; background_image=&#8221;637&#8243;][elx_heading font_container=&#8221;h1&#8243; font_size=&#8221;h3&#8243; text_color=&#8221;white&#8221; text_align=&#8221;text-center&#8221;]Partners Area[\/elx_heading][\/elx_hero_title][\/vc_column][\/vc_row][vc_row][vc_column][vc_empty_space][\/vc_column][\/vc_row][vc_row][vc_column width=&#8221;1\/2&#8243;][vc_empty_space height=&#8221;22px&#8221;][vc_single_image image=&#8221;2197&#8243; img_size=&#8221;full&#8221; onclick=&#8221;custom_link&#8221; link=&#8221;https:\/\/toolbox.epr-apps.com\/&#8221;][\/vc_column][vc_column width=&#8221;1\/2&#8243;][elx_heading font_size=&#8221;h3&#8243; text_color=&#8221;inherit&#8221;]Alue suunnittelijoille ja yhteisty\u00f6kumppaneille[\/elx_heading][vc_column_text css=&#8221;.vc_custom_1504531006439{margin-bottom: 10px !important;border-bottom-width: 10px !important;padding-bottom: 10px !important;}&#8221;]Toolbox on osa Electroluxin Webgate tietokantaa, josta l\u00f6ytyv\u00e4t ohjelmat yhteisty\u00f6kumppaneille. Alla olevasta linkist\u00e4 p\u00e4\u00e4sette E-com sivuille, joista voitte kirjautua verkkokauppaan. Lis\u00e4ksi linkist\u00e4 p\u00e4\u00e4sette Electrolux Solutions ty\u00f6kaluun, josta l\u00f6yd\u00e4tte\u00a0mm. [&hellip;]","og_url":"https:\/\/www.electroluxprofessional.com\/fi\/partners-area-2\/","og_site_name":"Electrolux Professional Suomi","article_modified_time":"2025-03-20T15:50:37+00:00","twitter_card":"summary_large_image","twitter_misc":{"Arvioitu lukuaika":"3 minuuttia"},"schema":{"@context":"https:\/\/schema.org","@graph":[{"@type":"WebPage","@id":"https:\/\/www.electroluxprofessional.com\/fi\/partners-area-2\/","url":"https:\/\/www.electroluxprofessional.com\/fi\/partners-area-2\/","name":"Partners Area - Electrolux Professional Suomi","isPartOf":{"@id":"https:\/\/www.electroluxprofessional.com\/fi\/#website"},"datePublished":"2017-03-17T08:49:15+00:00","dateModified":"2025-03-20T15:50:37+00:00","breadcrumb":{"@id":"https:\/\/www.electroluxprofessional.com\/fi\/partners-area-2\/#breadcrumb"},"inLanguage":"fi","potentialAction":[{"@type":"ReadAction","target":["https:\/\/www.electroluxprofessional.com\/fi\/partners-area-2\/"]}]},{"@type":"BreadcrumbList","@id":"https:\/\/www.electroluxprofessional.com\/fi\/partners-area-2\/#breadcrumb","itemListElement":[{"@type":"ListItem","position":1,"name":"Home","item":"https:\/\/www.electroluxprofessional.com\/fi\/"},{"@type":"ListItem","position":2,"name":"Partners Area"}]},{"@type":"WebSite","@id":"https:\/\/www.electroluxprofessional.com\/fi\/#website","url":"https:\/\/www.electroluxprofessional.com\/fi\/","name":"Electrolux Professional Suomi","description":"","potentialAction":[{"@type":"SearchAction","target":{"@type":"EntryPoint","urlTemplate":"https:\/\/www.electroluxprofessional.com\/fi\/?src={search_term_string}"},"query-input":"required name=search_term_string"}],"inLanguage":"fi"}]}},"_links":{"self":[{"href":"https:\/\/www.electroluxprofessional.com\/fi\/wp-json\/wp\/v2\/pages\/3005"}],"collection":[{"href":"https:\/\/www.electroluxprofessional.com\/fi\/wp-json\/wp\/v2\/pages"}],"about":[{"href":"https:\/\/www.electroluxprofessional.com\/fi\/wp-json\/wp\/v2\/types\/page"}],"author":[{"embeddable":true,"href":"https:\/\/www.electroluxprofessional.com\/fi\/wp-json\/wp\/v2\/users\/1"}],"replies":[{"embeddable":true,"href":"https:\/\/www.electroluxprofessional.com\/fi\/wp-json\/wp\/v2\/comments?post=3005"}],"version-history":[{"count":9,"href":"https:\/\/www.electroluxprofessional.com\/fi\/wp-json\/wp\/v2\/pages\/3005\/revisions"}],"predecessor-version":[{"id":14469,"href":"https:\/\/www.electroluxprofessional.com\/fi\/wp-json\/wp\/v2\/pages\/3005\/revisions\/14469"}],"wp:attachment":[{"href":"https:\/\/www.electroluxprofessional.com\/fi\/wp-json\/wp\/v2\/media?parent=3005"}],"curies":[{"name":"wp","href":"https:\/\/api.w.org\/{rel}","templated":true}]}}