{"id":3001,"date":"2025-03-17T09:27:29","date_gmt":"2025-03-17T09:27:29","guid":{"rendered":"https:\/\/www.electroluxprofessional.com\/fi\/?page_id=3001"},"modified":"2026-01-05T19:26:35","modified_gmt":"2026-01-05T19:26:35","slug":"varausjarjestelma","status":"publish","type":"page","link":"https:\/\/www.electroluxprofessional.com\/fi\/ammattipesulalaitteet\/varausjarjestelma\/","title":{"rendered":"Pesutuvan varausj\u00e4rjestelm\u00e4"},"content":{"rendered":"<p>[vc_row full_width=&#8221;electroluxpro-full-width-no-padding&#8221;][vc_column][elx_hero_slider label_text_color=&#8221;inherit&#8221; images=&#8221;3022&#8243;][elx_heading font_container=&#8221;h1&#8243; font_size=&#8221;h2&#8243; text_color=&#8221;inherit&#8221;]Vision Easy: pesutuvan varausj\u00e4rjestelm\u00e4[\/elx_heading][vc_column_text]Electrolux Professional Vision Easy tarjoaa t\u00e4ydellisen hallinnan varausj\u00e4rjestelm\u00e4n pesulaasi.[\/vc_column_text][\/elx_hero_slider][\/vc_column][\/vc_row][vc_row][vc_column][vc_empty_space][\/vc_column][\/vc_row][vc_row][vc_column width=&#8221;1\/2&#8243;][elx_heading text_color=&#8221;inherit&#8221;]Monien mahdollisuuksien varausj\u00e4rjestelm\u00e4[\/elx_heading][vc_empty_space][vc_column_text css=&#8221;.vc_custom_1767595725237{margin-bottom: 20px !important;}&#8221;]Electrolux Professional tarjoaa pesutupaasi yksinkertaisen ja intuitiivisen <strong>Vision Easy -varausj\u00e4rjestelm\u00e4n<\/strong>, joka korvaa vanhanaikaiset varaustaulut. Voit valita pesula-ajan suoraan matkapuhelimelta, kosketusn\u00e4yt\u00f6lt\u00e4 tai tietokoneelta &#8211; ja v\u00e4ltyt tuplavarausten ja ylittyneiden pesuaikojen aiheuttamilta ongelmilta. Varausj\u00e4rjestelm\u00e4\u00e4 voidaan k\u00e4ytt\u00e4\u00e4 my\u00f6s<strong>\u00a0saunatilojen tai vierashuoneiston varaukseen.<\/strong><\/p>\n<p>Vision Easy varausj\u00e4rjestelm\u00e4\u00e4 voidaan tarvittaessa laajentaa ajankohtaisilla tiedoilla, h\u00e4lyttimill\u00e4 sek\u00e4 maksu- ja kulunvalvontaj\u00e4rjestelmill\u00e4. Voit valita alusta alkaen kokonaisen pakettiratkaisun tai laajentaa j\u00e4rjestelm\u00e4\u00e4 matkan varrella. <strong>Electrolux Professional Vision Easy on markkinoiden ainoa varausj\u00e4rjestelm\u00e4, joka pystyy<\/strong> <strong>kommunikoimaan t\u00e4ysin Electrolux Professionalin pyykinpesukoneiden kanssa.<\/strong>[\/vc_column_text][vc_empty_space][vc_empty_space][vc_single_image image=&#8221;14866&#8243; img_size=&#8221;full&#8221; alignment=&#8221;center&#8221;][vc_empty_space][\/vc_column][vc_column width=&#8221;1\/2&#8243;][vc_empty_space height=&#8221;10px&#8221;][vc_empty_space height=&#8221;10px&#8221;][vc_single_image image=&#8221;10946&#8243; img_size=&#8221;full&#8221; alignment=&#8221;center&#8221;][vc_column_text]<em>Vision Easy, pesutuvan vaivaton varausj\u00e4rjestelm\u00e4, jota voi t\u00e4ydent\u00e4\u00e4 my\u00f6hemmin j\u00e4rjestelm\u00e4n muilla palveluilla.\u00a0<\/em>[\/vc_column_text][vc_empty_space height=&#8221;20px&#8221;][vc_empty_space height=&#8221;20px&#8221;][elx_heading text_color=&#8221;inherit&#8221;]Varausj\u00e4rjestelm\u00e4n edut[\/elx_heading][vc_empty_space height=&#8221;20px&#8221;][vc_column_text]\u2022 <strong>Helppo ja nopea<\/strong> tapa hoitaa pesutuvan varaukset \u2013 my\u00f6s verkossa.<br \/>\n\u2022 Asukas voi <strong>tehd\u00e4 ja perua varauksia<\/strong> joko sein\u00e4\u00e4n kiinnitett\u00e4v\u00e4ll\u00e4 <strong>varausp\u00e4\u00e4tteell\u00e4<\/strong> tai kotona <strong>tietokoneella tai \u00e4lypuhelimella.<\/strong><br \/>\n\u2022 Sis\u00e4\u00e4np\u00e4\u00e4sy pesutilaan asukkaan omalla <strong>RFID-avaintunnisteella tai sirullisilla<\/strong> iLoq S10-, iLoq S5- ja Abloy pulse &#8211;<strong>avaimilla.<\/strong><br \/>\n\u2022 J\u00e4rjestelm\u00e4 <strong>ennaltaehk\u00e4isee vuorojen ylityksi\u00e4 ja vuorovarkauksia.<\/strong><br \/>\n\u2022 Kulunvalvonta <strong>lis\u00e4\u00e4 turvallisuutta:<\/strong> kulusta j\u00e4\u00e4 tieto rekisteriin.<br \/>\n\u2022 Voidaan k\u00e4ytt\u00e4\u00e4 <strong>pesutuvan, saunan tai mink\u00e4 tahansa muun yhteisen tilan varauksiin.<\/strong><br \/>\n\u2022 Mahdollista <strong>rajata varausten m\u00e4\u00e4r\u00e4\u00e4<\/strong> per p\u00e4iv\u00e4, viikko tai kuukausi.<br \/>\n\u2022 Laitteessa on <strong>automaattinen vikailmoitusj\u00e4rjestelm\u00e4.<\/strong><br \/>\n\u2022 Voidaan my\u00f6hemmin <strong>t\u00e4ydent\u00e4\u00e4 ELS Vision -j\u00e4rjestelm\u00e4n muilla palveluilla.<\/strong>[\/vc_column_text][vc_empty_space height=&#8221;20px&#8221;][\/vc_column][\/vc_row][vc_row css=&#8221;.vc_custom_1667303251499{background-color: #c4c4c4 !important;}&#8221;][vc_column width=&#8221;1\/2&#8243;][vc_empty_space][elx_heading font_size=&#8221;h4&#8243; text_color=&#8221;inherit&#8221;]R\u00e4\u00e4t\u00e4l\u00f6it\u00e4v\u00e4\u00e4 toiminnallisuutta[\/elx_heading][vc_column_text]Pesutuvan varausj\u00e4rjestelm\u00e4\u00e4 voidaan laajentaa ajan my\u00f6t\u00e4. Aloita pienest\u00e4 ja laajenna lis\u00e4ominaisuuksilla tarpeen mukaan. Yhdist\u00e4m\u00e4ll\u00e4 eri toimintoja saat k\u00e4ytt\u00f6\u00f6si juuri tarpeitasi vastaavan j\u00e4rjestelm\u00e4n.[\/vc_column_text][vc_empty_space][\/vc_column][vc_column width=&#8221;1\/2&#8243;][vc_empty_space][elx_heading font_size=&#8221;h4&#8243; text_color=&#8221;inherit&#8221;]Taattua turvallisuutta[\/elx_heading][vc_column_text]T\u00e4ydenn\u00e4 Vision Easy -varausj\u00e4rjestelm\u00e4\u00e4 sis\u00e4\u00e4nk\u00e4yntien kulkulupaj\u00e4rjestelm\u00e4ll\u00e4. Est\u00e4 asiattomien henkil\u00f6iden tiloihin p\u00e4\u00e4sy, minimoi vahinkoriskit &#8211; ja lis\u00e4\u00e4 k\u00e4ytt\u00e4jien turvallisuutta.[\/vc_column_text][vc_empty_space][\/vc_column][\/vc_row][vc_row][vc_column width=&#8221;2\/3&#8243;][vc_empty_space][elx_heading text_color=&#8221;inherit&#8221; text_align=&#8221;text-center&#8221;]<strong>Vision Easy pesutuvan varausj\u00e4rjestelm\u00e4 &#8211; kaikki palvelut yhdess\u00e4 paikassa<\/strong>[\/elx_heading][vc_empty_space][vc_column_text]<\/p>\n<h5>Tiedot &#8211; paljon erilaista informaatiota<\/h5>\n<p>&#8211; Kirjoita teksti\u00e4, lis\u00e4\u00e4 kuva tai PDF. P\u00e4\u00e4t\u00e4 sitten, miss\u00e4 \/ milloin se n\u00e4ytet\u00e4\u00e4n<br \/>\n&#8211; Nimirekisteri &#8211; n\u00e4yt\u00e4 kaikki, jotka asuvat tai ovat kiinteist\u00f6ss\u00e4<br \/>\n&#8211; L\u00e4het\u00e4 viestej\u00e4 asukkaille \/ k\u00e4ytt\u00e4jille ja saat lukemiskuittaukset<br \/>\n&#8211; L\u00e4het\u00e4 viestej\u00e4 \/ raportteja asukkaille<br \/>\n&#8211; N\u00e4yt\u00e4 s\u00e4hk\u00f6nkulutus asuntokohtaisesti<\/p>\n<h5>Verkko- tai mobiiliyhteys miss\u00e4 tahansa<\/h5>\n<p>&#8211; Varaa ja peruuta ajat<br \/>\n&#8211; Katso milloin pesukone on valmis ja aseta h\u00e4lytys matkapuhelimeen<br \/>\n&#8211; Tarkastele yleisi\u00e4 tietoja<br \/>\n&#8211; Synkronoi uudet varaukset mobiilikalenterin kanssa<\/p>\n<h5>Hallinta tietokoneen \/ tabletin kautta<\/h5>\n<p>ADMIN (optio) tarjoaa seuraavat ominaisuudet::<br \/>\n&#8211; L\u00e4het\u00e4 kuva tablet-laitteesta suoraan tiedotustaululle \/ yksitt\u00e4isille k\u00e4ytt\u00e4jille<br \/>\n&#8211; Tiedostojen helppo ja nopea hallinta suoraan verkon kautta<br \/>\n&#8211; Tarkista saldot ja varaukset<br \/>\n&#8211; Varaa palvelut<br \/>\n&#8211; Hallitse muuttoja automaattisesti.[\/vc_column_text][\/vc_column][vc_column width=&#8221;1\/3&#8243;][vc_empty_space][vc_empty_space][vc_single_image image=&#8221;14881&#8243; img_size=&#8221;full&#8221; alignment=&#8221;center&#8221;][\/vc_column][\/vc_row][vc_row][vc_column][\/vc_column][\/vc_row][vc_row][vc_column][vc_empty_space][\/vc_column][\/vc_row][vc_row][vc_column][vc_empty_space height=&#8221;50px&#8221;][elx_heading font_size=&#8221;h2&#8243; text_color=&#8221;inherit&#8221; text_align=&#8221;text-center&#8221;]Haluatko lis\u00e4tietoja Vision Easy -varausj\u00e4rjestelm\u00e4st\u00e4?[\/elx_heading][elx_heading font_container=&#8221;h3&#8243; text_color=&#8221;inherit&#8221; text_align=&#8221;text-center&#8221;]Ota meihin yhteytt\u00e4.[\/elx_heading][elx_o2000_contact_us s=&#8221;Lis\u00e4tietoa varausj\u00e4rjestelmist\u00e4&#8221; country=&#8221;Finland&#8221; b=&#8221;laundry&#8221; container=&#8221;elxcontactus1478698480&#8243; r=&#8221;Olkaa yhteydess\u00e4 minuun liittyen varausj\u00e4rjestelmiin&#8221; l=&#8221;fi&#8221; e=&#8221;ammattipesulat@electroluxprofessional.com&#8221;][vc_empty_space height=&#8221;50px&#8221;][\/vc_column][\/vc_row][vc_row][vc_column width=&#8221;1\/3&#8243;][elx_maylike_box id_box=&#8221;2834&#8243;][\/vc_column][vc_column width=&#8221;1\/3&#8243;][elx_maylike_box id_box=&#8221;2855&#8243;][\/vc_column][vc_column width=&#8221;1\/3&#8243;][elx_maylike_box id_box=&#8221;2788&#8243;][\/vc_column][\/vc_row][vc_row][vc_column][vc_empty_space height=&#8221;50px&#8221;][\/vc_column][\/vc_row]<\/p>\n","protected":false},"excerpt":{"rendered":"<p>[vc_row full_width=&#8221;electroluxpro-full-width-no-padding&#8221;][vc_column][elx_hero_slider label_text_color=&#8221;inherit&#8221; images=&#8221;3022&#8243;][elx_heading font_container=&#8221;h1&#8243; font_size=&#8221;h2&#8243; text_color=&#8221;inherit&#8221;]Vision Easy: pesutuvan varausj\u00e4rjestelm\u00e4[\/elx_heading][vc_column_text]Electrolux Professional Vision Easy tarjoaa t\u00e4ydellisen hallinnan varausj\u00e4rjestelm\u00e4n pesulaasi.[\/vc_column_text][\/elx_hero_slider][\/vc_column][\/vc_row][vc_row][vc_column][vc_empty_space][\/vc_column][\/vc_row][vc_row][vc_column width=&#8221;1\/2&#8243;][elx_heading text_color=&#8221;inherit&#8221;]Monien mahdollisuuksien varausj\u00e4rjestelm\u00e4[\/elx_heading][vc_empty_space][vc_column_text css=&#8221;.vc_custom_1767595725237{margin-bottom: 20px !important;}&#8221;]Electrolux Professional tarjoaa pesutupaasi yksinkertaisen ja intuitiivisen Vision Easy -varausj\u00e4rjestelm\u00e4n, joka korvaa vanhanaikaiset varaustaulut. Voit valita pesula-ajan suoraan matkapuhelimelta, kosketusn\u00e4yt\u00f6lt\u00e4 tai tietokoneelta &#8211; ja v\u00e4ltyt tuplavarausten ja ylittyneiden pesuaikojen aiheuttamilta ongelmilta. [&hellip;]<\/p>\n","protected":false},"author":1,"featured_media":1886,"parent":2396,"menu_order":0,"comment_status":"closed","ping_status":"closed","template":"","meta":{"footnotes":""},"class_list":["post-3001","page","type-page","status-publish","has-post-thumbnail","hentry"],"yoast_head":"<!-- This site is optimized with the Yoast SEO plugin v23.3 - https:\/\/yoast.com\/wordpress\/plugins\/seo\/ -->\n<title>Pesutuvan varausj\u00e4rjestelm\u00e4 - Electrolux Professional Suomi<\/title>\n<meta name=\"description\" content=\"Pesutuvan varausj\u00e4rjestelm\u00e4: t\u00e4ydellist\u00e4 hallintaa pesulaasi. Varaa pesuaika k\u00e4tev\u00e4sti vaikka matkapuhelimellasi.\" \/>\n<meta name=\"robots\" content=\"index, follow, max-snippet:-1, max-image-preview:large, max-video-preview:-1\" \/>\n<link rel=\"canonical\" href=\"https:\/\/www.electroluxprofessional.com\/fi\/ammattipesulalaitteet\/varausjarjestelma\/\" \/>\n<meta property=\"og:locale\" content=\"fi_FI\" \/>\n<meta property=\"og:type\" content=\"article\" \/>\n<meta property=\"og:title\" content=\"Pesutuvan varausj\u00e4rjestelm\u00e4 - Electrolux Professional Suomi\" \/>\n<meta property=\"og:description\" content=\"Pesutuvan varausj\u00e4rjestelm\u00e4: t\u00e4ydellist\u00e4 hallintaa pesulaasi. Varaa pesuaika k\u00e4tev\u00e4sti vaikka matkapuhelimellasi.\" \/>\n<meta property=\"og:url\" content=\"https:\/\/www.electroluxprofessional.com\/fi\/ammattipesulalaitteet\/varausjarjestelma\/\" \/>\n<meta property=\"og:site_name\" content=\"Electrolux Professional Suomi\" \/>\n<meta property=\"article:modified_time\" content=\"2026-01-05T19:26:35+00:00\" \/>\n<meta property=\"og:image\" content=\"https:\/\/www.electroluxprofessional.com\/fi\/wp-content\/uploads\/2016\/12\/user-manuals.jpg\" \/>\n\t<meta property=\"og:image:width\" content=\"504\" \/>\n\t<meta property=\"og:image:height\" content=\"504\" \/>\n\t<meta property=\"og:image:type\" content=\"image\/jpeg\" \/>\n<meta name=\"twitter:card\" content=\"summary_large_image\" \/>\n<meta name=\"twitter:label1\" content=\"Arvioitu lukuaika\" \/>\n\t<meta name=\"twitter:data1\" content=\"4 minuuttia\" \/>\n<script type=\"application\/ld+json\" class=\"yoast-schema-graph\">{\"@context\":\"https:\/\/schema.org\",\"@graph\":[{\"@type\":\"WebPage\",\"@id\":\"https:\/\/www.electroluxprofessional.com\/fi\/ammattipesulalaitteet\/varausjarjestelma\/\",\"url\":\"https:\/\/www.electroluxprofessional.com\/fi\/ammattipesulalaitteet\/varausjarjestelma\/\",\"name\":\"Pesutuvan varausj\u00e4rjestelm\u00e4 - Electrolux Professional Suomi\",\"isPartOf\":{\"@id\":\"https:\/\/www.electroluxprofessional.com\/fi\/#website\"},\"primaryImageOfPage\":{\"@id\":\"https:\/\/www.electroluxprofessional.com\/fi\/ammattipesulalaitteet\/varausjarjestelma\/#primaryimage\"},\"image\":{\"@id\":\"https:\/\/www.electroluxprofessional.com\/fi\/ammattipesulalaitteet\/varausjarjestelma\/#primaryimage\"},\"thumbnailUrl\":\"https:\/\/www.electroluxprofessional.com\/fi\/wp-content\/uploads\/2016\/12\/user-manuals.jpg\",\"datePublished\":\"2025-03-17T09:27:29+00:00\",\"dateModified\":\"2026-01-05T19:26:35+00:00\",\"description\":\"Pesutuvan varausj\u00e4rjestelm\u00e4: t\u00e4ydellist\u00e4 hallintaa pesulaasi. Varaa pesuaika k\u00e4tev\u00e4sti vaikka matkapuhelimellasi.\",\"breadcrumb\":{\"@id\":\"https:\/\/www.electroluxprofessional.com\/fi\/ammattipesulalaitteet\/varausjarjestelma\/#breadcrumb\"},\"inLanguage\":\"fi\",\"potentialAction\":[{\"@type\":\"ReadAction\",\"target\":[\"https:\/\/www.electroluxprofessional.com\/fi\/ammattipesulalaitteet\/varausjarjestelma\/\"]}]},{\"@type\":\"ImageObject\",\"inLanguage\":\"fi\",\"@id\":\"https:\/\/www.electroluxprofessional.com\/fi\/ammattipesulalaitteet\/varausjarjestelma\/#primaryimage\",\"url\":\"https:\/\/www.electroluxprofessional.com\/fi\/wp-content\/uploads\/2016\/12\/user-manuals.jpg\",\"contentUrl\":\"https:\/\/www.electroluxprofessional.com\/fi\/wp-content\/uploads\/2016\/12\/user-manuals.jpg\",\"width\":504,\"height\":504,\"caption\":\"Electrolux Vision - boka din tv\u00e4ttid direkt i mobilen\"},{\"@type\":\"BreadcrumbList\",\"@id\":\"https:\/\/www.electroluxprofessional.com\/fi\/ammattipesulalaitteet\/varausjarjestelma\/#breadcrumb\",\"itemListElement\":[{\"@type\":\"ListItem\",\"position\":1,\"name\":\"Home\",\"item\":\"https:\/\/www.electroluxprofessional.com\/fi\/\"},{\"@type\":\"ListItem\",\"position\":2,\"name\":\"Ammattipesulalaitteet\",\"item\":\"https:\/\/www.electroluxprofessional.com\/fi\/ammattipesulalaitteet\/\"},{\"@type\":\"ListItem\",\"position\":3,\"name\":\"Pesutuvan varausj\u00e4rjestelm\u00e4\"}]},{\"@type\":\"WebSite\",\"@id\":\"https:\/\/www.electroluxprofessional.com\/fi\/#website\",\"url\":\"https:\/\/www.electroluxprofessional.com\/fi\/\",\"name\":\"Electrolux Professional Suomi\",\"description\":\"\",\"potentialAction\":[{\"@type\":\"SearchAction\",\"target\":{\"@type\":\"EntryPoint\",\"urlTemplate\":\"https:\/\/www.electroluxprofessional.com\/fi\/?src={search_term_string}\"},\"query-input\":\"required name=search_term_string\"}],\"inLanguage\":\"fi\"}]}<\/script>\n<!-- \/ Yoast SEO plugin. -->","yoast_head_json":{"title":"Pesutuvan varausj\u00e4rjestelm\u00e4 - Electrolux Professional Suomi","description":"Pesutuvan varausj\u00e4rjestelm\u00e4: t\u00e4ydellist\u00e4 hallintaa pesulaasi. Varaa pesuaika k\u00e4tev\u00e4sti vaikka matkapuhelimellasi.","robots":{"index":"index","follow":"follow","max-snippet":"max-snippet:-1","max-image-preview":"max-image-preview:large","max-video-preview":"max-video-preview:-1"},"canonical":"https:\/\/www.electroluxprofessional.com\/fi\/ammattipesulalaitteet\/varausjarjestelma\/","og_locale":"fi_FI","og_type":"article","og_title":"Pesutuvan varausj\u00e4rjestelm\u00e4 - Electrolux Professional Suomi","og_description":"Pesutuvan varausj\u00e4rjestelm\u00e4: t\u00e4ydellist\u00e4 hallintaa pesulaasi. Varaa pesuaika k\u00e4tev\u00e4sti vaikka matkapuhelimellasi.","og_url":"https:\/\/www.electroluxprofessional.com\/fi\/ammattipesulalaitteet\/varausjarjestelma\/","og_site_name":"Electrolux Professional Suomi","article_modified_time":"2026-01-05T19:26:35+00:00","og_image":[{"width":504,"height":504,"url":"https:\/\/www.electroluxprofessional.com\/fi\/wp-content\/uploads\/2016\/12\/user-manuals.jpg","type":"image\/jpeg"}],"twitter_card":"summary_large_image","twitter_misc":{"Arvioitu lukuaika":"4 minuuttia"},"schema":{"@context":"https:\/\/schema.org","@graph":[{"@type":"WebPage","@id":"https:\/\/www.electroluxprofessional.com\/fi\/ammattipesulalaitteet\/varausjarjestelma\/","url":"https:\/\/www.electroluxprofessional.com\/fi\/ammattipesulalaitteet\/varausjarjestelma\/","name":"Pesutuvan varausj\u00e4rjestelm\u00e4 - Electrolux Professional Suomi","isPartOf":{"@id":"https:\/\/www.electroluxprofessional.com\/fi\/#website"},"primaryImageOfPage":{"@id":"https:\/\/www.electroluxprofessional.com\/fi\/ammattipesulalaitteet\/varausjarjestelma\/#primaryimage"},"image":{"@id":"https:\/\/www.electroluxprofessional.com\/fi\/ammattipesulalaitteet\/varausjarjestelma\/#primaryimage"},"thumbnailUrl":"https:\/\/www.electroluxprofessional.com\/fi\/wp-content\/uploads\/2016\/12\/user-manuals.jpg","datePublished":"2025-03-17T09:27:29+00:00","dateModified":"2026-01-05T19:26:35+00:00","description":"Pesutuvan varausj\u00e4rjestelm\u00e4: t\u00e4ydellist\u00e4 hallintaa pesulaasi. Varaa pesuaika k\u00e4tev\u00e4sti vaikka matkapuhelimellasi.","breadcrumb":{"@id":"https:\/\/www.electroluxprofessional.com\/fi\/ammattipesulalaitteet\/varausjarjestelma\/#breadcrumb"},"inLanguage":"fi","potentialAction":[{"@type":"ReadAction","target":["https:\/\/www.electroluxprofessional.com\/fi\/ammattipesulalaitteet\/varausjarjestelma\/"]}]},{"@type":"ImageObject","inLanguage":"fi","@id":"https:\/\/www.electroluxprofessional.com\/fi\/ammattipesulalaitteet\/varausjarjestelma\/#primaryimage","url":"https:\/\/www.electroluxprofessional.com\/fi\/wp-content\/uploads\/2016\/12\/user-manuals.jpg","contentUrl":"https:\/\/www.electroluxprofessional.com\/fi\/wp-content\/uploads\/2016\/12\/user-manuals.jpg","width":504,"height":504,"caption":"Electrolux Vision - boka din tv\u00e4ttid direkt i mobilen"},{"@type":"BreadcrumbList","@id":"https:\/\/www.electroluxprofessional.com\/fi\/ammattipesulalaitteet\/varausjarjestelma\/#breadcrumb","itemListElement":[{"@type":"ListItem","position":1,"name":"Home","item":"https:\/\/www.electroluxprofessional.com\/fi\/"},{"@type":"ListItem","position":2,"name":"Ammattipesulalaitteet","item":"https:\/\/www.electroluxprofessional.com\/fi\/ammattipesulalaitteet\/"},{"@type":"ListItem","position":3,"name":"Pesutuvan varausj\u00e4rjestelm\u00e4"}]},{"@type":"WebSite","@id":"https:\/\/www.electroluxprofessional.com\/fi\/#website","url":"https:\/\/www.electroluxprofessional.com\/fi\/","name":"Electrolux Professional Suomi","description":"","potentialAction":[{"@type":"SearchAction","target":{"@type":"EntryPoint","urlTemplate":"https:\/\/www.electroluxprofessional.com\/fi\/?src={search_term_string}"},"query-input":"required name=search_term_string"}],"inLanguage":"fi"}]}},"_links":{"self":[{"href":"https:\/\/www.electroluxprofessional.com\/fi\/wp-json\/wp\/v2\/pages\/3001"}],"collection":[{"href":"https:\/\/www.electroluxprofessional.com\/fi\/wp-json\/wp\/v2\/pages"}],"about":[{"href":"https:\/\/www.electroluxprofessional.com\/fi\/wp-json\/wp\/v2\/types\/page"}],"author":[{"embeddable":true,"href":"https:\/\/www.electroluxprofessional.com\/fi\/wp-json\/wp\/v2\/users\/1"}],"replies":[{"embeddable":true,"href":"https:\/\/www.electroluxprofessional.com\/fi\/wp-json\/wp\/v2\/comments?post=3001"}],"version-history":[{"count":33,"href":"https:\/\/www.electroluxprofessional.com\/fi\/wp-json\/wp\/v2\/pages\/3001\/revisions"}],"predecessor-version":[{"id":15887,"href":"https:\/\/www.electroluxprofessional.com\/fi\/wp-json\/wp\/v2\/pages\/3001\/revisions\/15887"}],"up":[{"embeddable":true,"href":"https:\/\/www.electroluxprofessional.com\/fi\/wp-json\/wp\/v2\/pages\/2396"}],"wp:featuredmedia":[{"embeddable":true,"href":"https:\/\/www.electroluxprofessional.com\/fi\/wp-json\/wp\/v2\/media\/1886"}],"wp:attachment":[{"href":"https:\/\/www.electroluxprofessional.com\/fi\/wp-json\/wp\/v2\/media?parent=3001"}],"curies":[{"name":"wp","href":"https:\/\/api.w.org\/{rel}","templated":true}]}}