{"id":2614,"date":"2017-03-16T14:35:39","date_gmt":"2017-03-16T14:35:39","guid":{"rendered":"https:\/\/www.electroluxprofessional.com\/fi\/?page_id=2614"},"modified":"2020-04-15T12:07:43","modified_gmt":"2020-04-15T12:07:43","slug":"sidomatade-tvattmaskiner","status":"publish","type":"page","link":"https:\/\/www.electroluxprofessional.com\/fi\/sidomatade-tvattmaskiner\/","title":{"rendered":"Sidomatade tv\u00e4ttmaskiner"},"content":{"rendered":"<p>[vc_row full_width=&#8221;electroluxpro-full-width-no-padding&#8221;][vc_column][elx_hero_slider label_text_color=&#8221;inherit&#8221; images=&#8221;872&#8243;][elx_heading font_container=&#8221;h1&#8243; font_size=&#8221;h3&#8243; text_color=&#8221;inherit&#8221;]Sivusta t\u00e4ytett\u00e4v\u00e4t pesukoneet[\/elx_heading][vc_column_text]<\/p>\n<h4>Erinomainen hygienia, suorityskyky ja pesutulos.<\/h4>\n<p>[\/vc_column_text][\/elx_hero_slider][\/vc_column][\/vc_row][vc_row][vc_column][vc_column_text]<\/p>\n<h3>Kest\u00e4v\u00e4 ja huolleton toiminta<\/h3>\n<p>Rakennettu kest\u00e4m\u00e4\u00e4n <strong>30,000 pesukertaa, <\/strong>vankka rakenne ja Power Balance-toiminto joka varmistaa tehokkaan linkouksen pyykkim\u00e4\u00e4r\u00e4st\u00e4 huolimatta.<\/p>\n<h3>Ergonomia<\/h3>\n<p>Opastavan n\u00e4yt\u00f6n ansiosta pesukoneen k\u00e4ytt\u00f6 on joustavaa ja helppoa. Automaattinen rummun positiointi ja lukitus tekee t\u00e4yt\u00f6n ja tyhjennyksen helpoksi ja turvalliseksi.[\/vc_column_text][\/vc_column][\/vc_row][vc_row][vc_column width=&#8221;1\/3&#8243;][vc_column_text]<\/p>\n<h3>Korkea hygieniataso<\/h3>\n<p>Koko pesuprosessin kattava <strong>hygienian valvonta ja seuranta voidaan suorittaa <\/strong>Certus Management\u00ae Information System (CMIS) -j\u00e4rjestelm\u00e4n avulla.<\/p>\n<h3>Lis\u00e4tty tuottavuus<\/h3>\n<p>Optimoidut ohjelmat s\u00e4\u00e4st\u00e4v\u00e4t aikaa ja energiaa verrattuna muihin vastaaviin laitteisiin.[\/vc_column_text][\/vc_column][vc_column width=&#8221;2\/3&#8243;][elx_image_block background_image=&#8221;871&#8243; minimum_height=&#8221;460px&#8221;][\/vc_column][\/vc_row][vc_row][vc_column][vc_column_text css=&#8221;.vc_custom_1499166751568{margin-bottom: 0px !important;border-bottom-width: 0px !important;padding-bottom: 0px !important;}&#8221;]<\/p>\n<h3>Pienet k\u00e4ytt\u00f6kustannukset<\/h3>\n<p>Pesurummun muotoilu v\u00e4hent\u00e4\u00e4 veden kulutusta. Yhdess\u00e4 <strong>Electrolux Efficient Dosing System\u00a0 <\/strong>-j\u00e4rjestelm\u00e4n kanssa pesukone laskee automaattiseti oikean pesuainem\u00e4\u00e4r\u00e4n kullekin pyykkim\u00e4\u00e4r\u00e4lle.<br \/>\nPesukoneen avulla saavutetaan paras talous ja suorituskyky unohtamatta ymp\u00e4rist\u00f6yst\u00e4v\u00e4llisyytt\u00e4.[\/vc_column_text][elx_button button_text=&#8221;Lue lis\u00e4\u00e4 varusteistamme ja tarvikkeistamme&#8221; button_style=&#8221;icon&#8221; button_link=&#8221;url:https%3A%2F%2Fprofessional.electrolux.fi%2Ftillbehor-och-forbrukningsvaror%2Flisavarusteet-tarvikkeet-pesula%2F|title:Accessories%20and%20consumables%20for%20laundry%20solutions||&#8221;][\/vc_column][\/vc_row][vc_row][vc_column][elx_heading font_size=&#8221;h2&#8243; text_color=&#8221;inherit&#8221; text_align=&#8221;text-center&#8221;]Haluatko tiet\u00e4\u00e4 lis\u00e4\u00e4? Ota meihin yhteytt\u00e4!<br \/>\n[\/elx_heading][elx_o2000_contact_us r=&#8221;Haluan lis\u00e4tietoja sivusta t\u00e4ytett\u00e4vist\u00e4 pesukoneista. Ottakaa minuun yhteytt\u00e4.&#8221; s=&#8221;Kysely pesukoneista&#8221; e=&#8221;ammattipesulat@electroluxprofessional.com&#8221; country=&#8221;Finland&#8221; l=&#8221;fi&#8221; b=&#8221;laundry&#8221; container=&#8221;elxcontactus1478696450&#8243;][vc_empty_space height=&#8221;50px&#8221;][\/vc_column][\/vc_row][vc_row][vc_column][elx_heading font_size=&#8221;h3&#8243; text_color=&#8221;inherit&#8221; text_align=&#8221;text-center&#8221;]Olet ehk\u00e4 kiinnostunut my\u00f6s seuraavista tuotteista:[\/elx_heading][\/vc_column][\/vc_row][vc_row][vc_column width=&#8221;1\/3&#8243;][elx_maylike_box id_box=&#8221;2834&#8243;][\/vc_column][vc_column width=&#8221;1\/3&#8243;][elx_maylike_box id_box=&#8221;2788&#8243;][\/vc_column][vc_column width=&#8221;1\/3&#8243;][elx_maylike_box id_box=&#8221;2827&#8243;][\/vc_column][\/vc_row][vc_row][vc_column][vc_empty_space height=&#8221;50px&#8221;][\/vc_column][\/vc_row]<\/p>\n","protected":false},"excerpt":{"rendered":"<p>[vc_row full_width=&#8221;electroluxpro-full-width-no-padding&#8221;][vc_column][elx_hero_slider label_text_color=&#8221;inherit&#8221; images=&#8221;872&#8243;][elx_heading font_container=&#8221;h1&#8243; font_size=&#8221;h3&#8243; text_color=&#8221;inherit&#8221;]Sivusta t\u00e4ytett\u00e4v\u00e4t pesukoneet[\/elx_heading][vc_column_text] Erinomainen hygienia, suorityskyky ja pesutulos. [\/vc_column_text][\/elx_hero_slider][\/vc_column][\/vc_row][vc_row][vc_column][vc_column_text] Kest\u00e4v\u00e4 ja huolleton toiminta Rakennettu kest\u00e4m\u00e4\u00e4n 30,000 pesukertaa, vankka rakenne ja Power Balance-toiminto joka varmistaa tehokkaan linkouksen pyykkim\u00e4\u00e4r\u00e4st\u00e4 huolimatta. Ergonomia Opastavan n\u00e4yt\u00f6n ansiosta pesukoneen k\u00e4ytt\u00f6 on joustavaa ja helppoa. Automaattinen rummun positiointi ja lukitus tekee t\u00e4yt\u00f6n ja tyhjennyksen helpoksi ja [&hellip;]<\/p>\n","protected":false},"author":1,"featured_media":0,"parent":0,"menu_order":0,"comment_status":"closed","ping_status":"closed","template":"","meta":{"footnotes":""},"class_list":["post-2614","page","type-page","status-publish","hentry"],"yoast_head":"<!-- This site is optimized with the Yoast SEO plugin v23.3 - https:\/\/yoast.com\/wordpress\/plugins\/seo\/ -->\n<title>Sidomatade tv\u00e4ttmaskiner - Electrolux Professional Suomi<\/title>\n<meta name=\"robots\" content=\"index, follow, max-snippet:-1, max-image-preview:large, max-video-preview:-1\" \/>\n<link rel=\"canonical\" href=\"https:\/\/www.electroluxprofessional.com\/fi\/sidomatade-tvattmaskiner\/\" \/>\n<meta property=\"og:locale\" content=\"fi_FI\" \/>\n<meta property=\"og:type\" content=\"article\" \/>\n<meta property=\"og:title\" content=\"Sidomatade tv\u00e4ttmaskiner - Electrolux Professional Suomi\" \/>\n<meta property=\"og:description\" content=\"[vc_row full_width=&#8221;electroluxpro-full-width-no-padding&#8221;][vc_column][elx_hero_slider label_text_color=&#8221;inherit&#8221; images=&#8221;872&#8243;][elx_heading font_container=&#8221;h1&#8243; font_size=&#8221;h3&#8243; text_color=&#8221;inherit&#8221;]Sivusta t\u00e4ytett\u00e4v\u00e4t pesukoneet[\/elx_heading][vc_column_text] Erinomainen hygienia, suorityskyky ja pesutulos. [\/vc_column_text][\/elx_hero_slider][\/vc_column][\/vc_row][vc_row][vc_column][vc_column_text] Kest\u00e4v\u00e4 ja huolleton toiminta Rakennettu kest\u00e4m\u00e4\u00e4n 30,000 pesukertaa, vankka rakenne ja Power Balance-toiminto joka varmistaa tehokkaan linkouksen pyykkim\u00e4\u00e4r\u00e4st\u00e4 huolimatta. Ergonomia Opastavan n\u00e4yt\u00f6n ansiosta pesukoneen k\u00e4ytt\u00f6 on joustavaa ja helppoa. Automaattinen rummun positiointi ja lukitus tekee t\u00e4yt\u00f6n ja tyhjennyksen helpoksi ja [&hellip;]\" \/>\n<meta property=\"og:url\" content=\"https:\/\/www.electroluxprofessional.com\/fi\/sidomatade-tvattmaskiner\/\" \/>\n<meta property=\"og:site_name\" content=\"Electrolux Professional Suomi\" \/>\n<meta property=\"article:modified_time\" content=\"2020-04-15T12:07:43+00:00\" \/>\n<meta name=\"twitter:card\" content=\"summary_large_image\" \/>\n<meta name=\"twitter:label1\" content=\"Arvioitu lukuaika\" \/>\n\t<meta name=\"twitter:data1\" content=\"2 minuuttia\" \/>\n<script type=\"application\/ld+json\" class=\"yoast-schema-graph\">{\"@context\":\"https:\/\/schema.org\",\"@graph\":[{\"@type\":\"WebPage\",\"@id\":\"https:\/\/www.electroluxprofessional.com\/fi\/sidomatade-tvattmaskiner\/\",\"url\":\"https:\/\/www.electroluxprofessional.com\/fi\/sidomatade-tvattmaskiner\/\",\"name\":\"Sidomatade tv\u00e4ttmaskiner - Electrolux Professional Suomi\",\"isPartOf\":{\"@id\":\"https:\/\/www.electroluxprofessional.com\/fi\/#website\"},\"datePublished\":\"2017-03-16T14:35:39+00:00\",\"dateModified\":\"2020-04-15T12:07:43+00:00\",\"breadcrumb\":{\"@id\":\"https:\/\/www.electroluxprofessional.com\/fi\/sidomatade-tvattmaskiner\/#breadcrumb\"},\"inLanguage\":\"fi\",\"potentialAction\":[{\"@type\":\"ReadAction\",\"target\":[\"https:\/\/www.electroluxprofessional.com\/fi\/sidomatade-tvattmaskiner\/\"]}]},{\"@type\":\"BreadcrumbList\",\"@id\":\"https:\/\/www.electroluxprofessional.com\/fi\/sidomatade-tvattmaskiner\/#breadcrumb\",\"itemListElement\":[{\"@type\":\"ListItem\",\"position\":1,\"name\":\"Home\",\"item\":\"https:\/\/www.electroluxprofessional.com\/fi\/\"},{\"@type\":\"ListItem\",\"position\":2,\"name\":\"Sidomatade tv\u00e4ttmaskiner\"}]},{\"@type\":\"WebSite\",\"@id\":\"https:\/\/www.electroluxprofessional.com\/fi\/#website\",\"url\":\"https:\/\/www.electroluxprofessional.com\/fi\/\",\"name\":\"Electrolux Professional Suomi\",\"description\":\"\",\"potentialAction\":[{\"@type\":\"SearchAction\",\"target\":{\"@type\":\"EntryPoint\",\"urlTemplate\":\"https:\/\/www.electroluxprofessional.com\/fi\/?src={search_term_string}\"},\"query-input\":\"required name=search_term_string\"}],\"inLanguage\":\"fi\"}]}<\/script>\n<!-- \/ Yoast SEO plugin. -->","yoast_head_json":{"title":"Sidomatade tv\u00e4ttmaskiner - Electrolux Professional Suomi","robots":{"index":"index","follow":"follow","max-snippet":"max-snippet:-1","max-image-preview":"max-image-preview:large","max-video-preview":"max-video-preview:-1"},"canonical":"https:\/\/www.electroluxprofessional.com\/fi\/sidomatade-tvattmaskiner\/","og_locale":"fi_FI","og_type":"article","og_title":"Sidomatade tv\u00e4ttmaskiner - Electrolux Professional Suomi","og_description":"[vc_row full_width=&#8221;electroluxpro-full-width-no-padding&#8221;][vc_column][elx_hero_slider label_text_color=&#8221;inherit&#8221; images=&#8221;872&#8243;][elx_heading font_container=&#8221;h1&#8243; font_size=&#8221;h3&#8243; text_color=&#8221;inherit&#8221;]Sivusta t\u00e4ytett\u00e4v\u00e4t pesukoneet[\/elx_heading][vc_column_text] Erinomainen hygienia, suorityskyky ja pesutulos. [\/vc_column_text][\/elx_hero_slider][\/vc_column][\/vc_row][vc_row][vc_column][vc_column_text] Kest\u00e4v\u00e4 ja huolleton toiminta Rakennettu kest\u00e4m\u00e4\u00e4n 30,000 pesukertaa, vankka rakenne ja Power Balance-toiminto joka varmistaa tehokkaan linkouksen pyykkim\u00e4\u00e4r\u00e4st\u00e4 huolimatta. Ergonomia Opastavan n\u00e4yt\u00f6n ansiosta pesukoneen k\u00e4ytt\u00f6 on joustavaa ja helppoa. Automaattinen rummun positiointi ja lukitus tekee t\u00e4yt\u00f6n ja tyhjennyksen helpoksi ja [&hellip;]","og_url":"https:\/\/www.electroluxprofessional.com\/fi\/sidomatade-tvattmaskiner\/","og_site_name":"Electrolux Professional Suomi","article_modified_time":"2020-04-15T12:07:43+00:00","twitter_card":"summary_large_image","twitter_misc":{"Arvioitu lukuaika":"2 minuuttia"},"schema":{"@context":"https:\/\/schema.org","@graph":[{"@type":"WebPage","@id":"https:\/\/www.electroluxprofessional.com\/fi\/sidomatade-tvattmaskiner\/","url":"https:\/\/www.electroluxprofessional.com\/fi\/sidomatade-tvattmaskiner\/","name":"Sidomatade tv\u00e4ttmaskiner - Electrolux Professional Suomi","isPartOf":{"@id":"https:\/\/www.electroluxprofessional.com\/fi\/#website"},"datePublished":"2017-03-16T14:35:39+00:00","dateModified":"2020-04-15T12:07:43+00:00","breadcrumb":{"@id":"https:\/\/www.electroluxprofessional.com\/fi\/sidomatade-tvattmaskiner\/#breadcrumb"},"inLanguage":"fi","potentialAction":[{"@type":"ReadAction","target":["https:\/\/www.electroluxprofessional.com\/fi\/sidomatade-tvattmaskiner\/"]}]},{"@type":"BreadcrumbList","@id":"https:\/\/www.electroluxprofessional.com\/fi\/sidomatade-tvattmaskiner\/#breadcrumb","itemListElement":[{"@type":"ListItem","position":1,"name":"Home","item":"https:\/\/www.electroluxprofessional.com\/fi\/"},{"@type":"ListItem","position":2,"name":"Sidomatade tv\u00e4ttmaskiner"}]},{"@type":"WebSite","@id":"https:\/\/www.electroluxprofessional.com\/fi\/#website","url":"https:\/\/www.electroluxprofessional.com\/fi\/","name":"Electrolux Professional Suomi","description":"","potentialAction":[{"@type":"SearchAction","target":{"@type":"EntryPoint","urlTemplate":"https:\/\/www.electroluxprofessional.com\/fi\/?src={search_term_string}"},"query-input":"required name=search_term_string"}],"inLanguage":"fi"}]}},"_links":{"self":[{"href":"https:\/\/www.electroluxprofessional.com\/fi\/wp-json\/wp\/v2\/pages\/2614"}],"collection":[{"href":"https:\/\/www.electroluxprofessional.com\/fi\/wp-json\/wp\/v2\/pages"}],"about":[{"href":"https:\/\/www.electroluxprofessional.com\/fi\/wp-json\/wp\/v2\/types\/page"}],"author":[{"embeddable":true,"href":"https:\/\/www.electroluxprofessional.com\/fi\/wp-json\/wp\/v2\/users\/1"}],"replies":[{"embeddable":true,"href":"https:\/\/www.electroluxprofessional.com\/fi\/wp-json\/wp\/v2\/comments?post=2614"}],"version-history":[{"count":32,"href":"https:\/\/www.electroluxprofessional.com\/fi\/wp-json\/wp\/v2\/pages\/2614\/revisions"}],"predecessor-version":[{"id":6443,"href":"https:\/\/www.electroluxprofessional.com\/fi\/wp-json\/wp\/v2\/pages\/2614\/revisions\/6443"}],"wp:attachment":[{"href":"https:\/\/www.electroluxprofessional.com\/fi\/wp-json\/wp\/v2\/media?parent=2614"}],"curies":[{"name":"wp","href":"https:\/\/api.w.org\/{rel}","templated":true}]}}