{"id":2611,"date":"2022-06-16T14:39:16","date_gmt":"2022-06-16T14:39:16","guid":{"rendered":"https:\/\/www.electroluxprofessional.com\/fi\/?page_id=2611"},"modified":"2026-02-17T09:49:18","modified_gmt":"2026-02-17T09:49:18","slug":"hallintajarjestelmat-ja-ohjelmat","status":"publish","type":"page","link":"https:\/\/www.electroluxprofessional.com\/fi\/ammattipesulalaitteet\/hallintajarjestelmat-ja-ohjelmat\/","title":{"rendered":"Hallintaj\u00e4rjestelm\u00e4t ja -ohjelmat"},"content":{"rendered":"<p>[vc_row full_width=&#8221;electroluxpro-full-width-no-padding&#8221;][vc_column][elx_hero_slider text_position=&#8221;hero_slider_text_align_right&#8221; label_text_color=&#8221;inherit&#8221; images=&#8221;16322&#8243;][elx_heading font_container=&#8221;h1&#8243; font_size=&#8221;h2&#8243; text_color=&#8221;inherit&#8221;]Ammattipesuloiden hallintaj\u00e4rjestelm\u00e4t ja -ohjelmat[\/elx_heading][\/elx_hero_slider][\/vc_column][\/vc_row][vc_row][vc_column][vc_empty_space][vc_column_text]<\/p>\n<h4>Electrolux Professionalin ammattipesuloiden hallintaj\u00e4rjestelm\u00e4t ja \u2013 ohjelmat auttavat tuottamaan lis\u00e4arvoa asiakkaillesi.<\/h4>\n<p>[\/vc_column_text][vc_empty_space][\/vc_column][\/vc_row][vc_row][vc_column width=&#8221;1\/2&#8243;][vc_column_text]<\/p>\n<h2>Laundry Program Manager<\/h2>\n<p>Laundry Program Manager on helppok\u00e4ytt\u00f6inen PC-ty\u00f6kalu, jonka avulla voi luoda uusia tai muokata olemassa olevia Electrolux Professional -pesukoneen tai kuivausrummun ohjelmia. Se on yhteensopiva pesukoneille joissa k\u00e4ytet\u00e4\u00e4n Compass Control, Compass Pro, Clarus Control ja Clarus TS ohjelmia. Ohjelma soveltuu my\u00f6s Compass Pro ohjelmia k\u00e4ytt\u00e4ville kuivausrummuille.[\/vc_column_text][vc_empty_space height=&#8221;20px&#8221;][vc_column_text]<\/p>\n<h2>Certus Management Information System\u2122<\/h2>\n<p>CMIS (Certus Management Information System\u2122) on ohjelma, jonka avulla pesula-ammattilaiset saavat tietoja k\u00e4ytt\u00e4mist\u00e4\u00e4n pesukoneista, kuvausrummuista ja mankeleista. Tietojen avulla voidaan minimoida kustannukset ja maksimoida k\u00e4ytt\u00f6aste.[\/vc_column_text][vc_empty_space height=&#8221;20px&#8221;][\/vc_column][vc_column width=&#8221;1\/2&#8243;][elx_image_block background_image=&#8221;8948&#8243; minimum_height=&#8221;600px&#8221;][\/vc_column][\/vc_row][vc_row][vc_column][vc_empty_space height=&#8221;50px&#8221;][\/vc_column][\/vc_row][vc_row][vc_column][elx_heading font_size=&#8221;h2&#8243; text_color=&#8221;inherit&#8221; text_align=&#8221;text-center&#8221;]Haluatko tiet\u00e4\u00e4 lis\u00e4\u00e4 ammattipesuloiden hallintaj\u00e4rjestelmist\u00e4?<br \/>\nOta meihin yhteytt\u00e4.[\/elx_heading][elx_o2000_contact_us s=&#8221;Kysely ohjelmistoista&#8221; country=&#8221;Finland&#8221; b=&#8221;laundry&#8221; container=&#8221;elxcontactus1478709536&#8243; r=&#8221;Haluan lis\u00e4tietoja ohjelmistoista. Ottakaa minuun yhteytt\u00e4.&#8221; l=&#8221;fi&#8221; e=&#8221;ammattipesulat@electroluxprofessional.com&#8221;][vc_empty_space height=&#8221;50px&#8221;][elx_heading font_size=&#8221;h3&#8243; text_color=&#8221;inherit&#8221; text_align=&#8221;text-center&#8221;]Olet ehk\u00e4 kiinnostunut my\u00f6s seuraavista tuotteista:[\/elx_heading][\/vc_column][\/vc_row][vc_row][vc_column width=&#8221;1\/3&#8243;][elx_maylike_box id_box=&#8221;2834&#8243;][\/vc_column][vc_column width=&#8221;1\/3&#8243;][elx_maylike_box id_box=&#8221;2855&#8243;][\/vc_column][vc_column width=&#8221;1\/3&#8243;][elx_maylike_box id_box=&#8221;2788&#8243;][\/vc_column][\/vc_row]<\/p>\n","protected":false},"excerpt":{"rendered":"<p>[vc_row full_width=&#8221;electroluxpro-full-width-no-padding&#8221;][vc_column][elx_hero_slider text_position=&#8221;hero_slider_text_align_right&#8221; label_text_color=&#8221;inherit&#8221; images=&#8221;16322&#8243;][elx_heading font_container=&#8221;h1&#8243; font_size=&#8221;h2&#8243; text_color=&#8221;inherit&#8221;]Ammattipesuloiden hallintaj\u00e4rjestelm\u00e4t ja -ohjelmat[\/elx_heading][\/elx_hero_slider][\/vc_column][\/vc_row][vc_row][vc_column][vc_empty_space][vc_column_text] Electrolux Professionalin ammattipesuloiden hallintaj\u00e4rjestelm\u00e4t ja \u2013 ohjelmat auttavat tuottamaan lis\u00e4arvoa asiakkaillesi. [\/vc_column_text][vc_empty_space][\/vc_column][\/vc_row][vc_row][vc_column width=&#8221;1\/2&#8243;][vc_column_text] Laundry Program Manager Laundry Program Manager on helppok\u00e4ytt\u00f6inen PC-ty\u00f6kalu, jonka avulla voi luoda uusia tai muokata olemassa olevia Electrolux Professional -pesukoneen tai kuivausrummun ohjelmia. Se on yhteensopiva pesukoneille joissa k\u00e4ytet\u00e4\u00e4n Compass [&hellip;]<\/p>\n","protected":false},"author":1,"featured_media":0,"parent":2396,"menu_order":0,"comment_status":"closed","ping_status":"closed","template":"","meta":{"footnotes":""},"class_list":["post-2611","page","type-page","status-publish","hentry"],"yoast_head":"<!-- This site is optimized with the Yoast SEO plugin v23.3 - https:\/\/yoast.com\/wordpress\/plugins\/seo\/ -->\n<title>Hallintaj\u00e4rjestelm\u00e4t ja -ohjelmat - Electrolux Professional Suomi<\/title>\n<meta name=\"description\" content=\"Electrolux Professionalin ammattipesuloiden hallintaj\u00e4rjestelm\u00e4t ja -ohjelmat tarjovat lis\u00e4arvoa asiakkaillesi.\" \/>\n<meta name=\"robots\" content=\"index, follow, max-snippet:-1, max-image-preview:large, max-video-preview:-1\" \/>\n<link rel=\"canonical\" href=\"https:\/\/www.electroluxprofessional.com\/fi\/ammattipesulalaitteet\/hallintajarjestelmat-ja-ohjelmat\/\" \/>\n<meta property=\"og:locale\" content=\"fi_FI\" \/>\n<meta property=\"og:type\" content=\"article\" \/>\n<meta property=\"og:title\" content=\"Hallintaj\u00e4rjestelm\u00e4t ja -ohjelmat - Electrolux Professional Suomi\" \/>\n<meta property=\"og:description\" content=\"Electrolux Professionalin ammattipesuloiden hallintaj\u00e4rjestelm\u00e4t ja -ohjelmat tarjovat lis\u00e4arvoa asiakkaillesi.\" \/>\n<meta property=\"og:url\" content=\"https:\/\/www.electroluxprofessional.com\/fi\/ammattipesulalaitteet\/hallintajarjestelmat-ja-ohjelmat\/\" \/>\n<meta property=\"og:site_name\" content=\"Electrolux Professional Suomi\" \/>\n<meta property=\"article:modified_time\" content=\"2026-02-17T09:49:18+00:00\" \/>\n<meta name=\"twitter:card\" content=\"summary_large_image\" \/>\n<meta name=\"twitter:label1\" content=\"Arvioitu lukuaika\" \/>\n\t<meta name=\"twitter:data1\" content=\"2 minuuttia\" \/>\n<script type=\"application\/ld+json\" class=\"yoast-schema-graph\">{\"@context\":\"https:\/\/schema.org\",\"@graph\":[{\"@type\":\"WebPage\",\"@id\":\"https:\/\/www.electroluxprofessional.com\/fi\/ammattipesulalaitteet\/hallintajarjestelmat-ja-ohjelmat\/\",\"url\":\"https:\/\/www.electroluxprofessional.com\/fi\/ammattipesulalaitteet\/hallintajarjestelmat-ja-ohjelmat\/\",\"name\":\"Hallintaj\u00e4rjestelm\u00e4t ja -ohjelmat - Electrolux Professional Suomi\",\"isPartOf\":{\"@id\":\"https:\/\/www.electroluxprofessional.com\/fi\/#website\"},\"datePublished\":\"2022-06-16T14:39:16+00:00\",\"dateModified\":\"2026-02-17T09:49:18+00:00\",\"description\":\"Electrolux Professionalin ammattipesuloiden hallintaj\u00e4rjestelm\u00e4t ja -ohjelmat tarjovat lis\u00e4arvoa asiakkaillesi.\",\"breadcrumb\":{\"@id\":\"https:\/\/www.electroluxprofessional.com\/fi\/ammattipesulalaitteet\/hallintajarjestelmat-ja-ohjelmat\/#breadcrumb\"},\"inLanguage\":\"fi\",\"potentialAction\":[{\"@type\":\"ReadAction\",\"target\":[\"https:\/\/www.electroluxprofessional.com\/fi\/ammattipesulalaitteet\/hallintajarjestelmat-ja-ohjelmat\/\"]}]},{\"@type\":\"BreadcrumbList\",\"@id\":\"https:\/\/www.electroluxprofessional.com\/fi\/ammattipesulalaitteet\/hallintajarjestelmat-ja-ohjelmat\/#breadcrumb\",\"itemListElement\":[{\"@type\":\"ListItem\",\"position\":1,\"name\":\"Home\",\"item\":\"https:\/\/www.electroluxprofessional.com\/fi\/\"},{\"@type\":\"ListItem\",\"position\":2,\"name\":\"Ammattipesulalaitteet\",\"item\":\"https:\/\/www.electroluxprofessional.com\/fi\/ammattipesulalaitteet\/\"},{\"@type\":\"ListItem\",\"position\":3,\"name\":\"Hallintaj\u00e4rjestelm\u00e4t ja -ohjelmat\"}]},{\"@type\":\"WebSite\",\"@id\":\"https:\/\/www.electroluxprofessional.com\/fi\/#website\",\"url\":\"https:\/\/www.electroluxprofessional.com\/fi\/\",\"name\":\"Electrolux Professional Suomi\",\"description\":\"\",\"potentialAction\":[{\"@type\":\"SearchAction\",\"target\":{\"@type\":\"EntryPoint\",\"urlTemplate\":\"https:\/\/www.electroluxprofessional.com\/fi\/?src={search_term_string}\"},\"query-input\":\"required name=search_term_string\"}],\"inLanguage\":\"fi\"}]}<\/script>\n<!-- \/ Yoast SEO plugin. -->","yoast_head_json":{"title":"Hallintaj\u00e4rjestelm\u00e4t ja -ohjelmat - Electrolux Professional Suomi","description":"Electrolux Professionalin ammattipesuloiden hallintaj\u00e4rjestelm\u00e4t ja -ohjelmat tarjovat lis\u00e4arvoa asiakkaillesi.","robots":{"index":"index","follow":"follow","max-snippet":"max-snippet:-1","max-image-preview":"max-image-preview:large","max-video-preview":"max-video-preview:-1"},"canonical":"https:\/\/www.electroluxprofessional.com\/fi\/ammattipesulalaitteet\/hallintajarjestelmat-ja-ohjelmat\/","og_locale":"fi_FI","og_type":"article","og_title":"Hallintaj\u00e4rjestelm\u00e4t ja -ohjelmat - Electrolux Professional Suomi","og_description":"Electrolux Professionalin ammattipesuloiden hallintaj\u00e4rjestelm\u00e4t ja -ohjelmat tarjovat lis\u00e4arvoa asiakkaillesi.","og_url":"https:\/\/www.electroluxprofessional.com\/fi\/ammattipesulalaitteet\/hallintajarjestelmat-ja-ohjelmat\/","og_site_name":"Electrolux Professional Suomi","article_modified_time":"2026-02-17T09:49:18+00:00","twitter_card":"summary_large_image","twitter_misc":{"Arvioitu lukuaika":"2 minuuttia"},"schema":{"@context":"https:\/\/schema.org","@graph":[{"@type":"WebPage","@id":"https:\/\/www.electroluxprofessional.com\/fi\/ammattipesulalaitteet\/hallintajarjestelmat-ja-ohjelmat\/","url":"https:\/\/www.electroluxprofessional.com\/fi\/ammattipesulalaitteet\/hallintajarjestelmat-ja-ohjelmat\/","name":"Hallintaj\u00e4rjestelm\u00e4t ja -ohjelmat - Electrolux Professional Suomi","isPartOf":{"@id":"https:\/\/www.electroluxprofessional.com\/fi\/#website"},"datePublished":"2022-06-16T14:39:16+00:00","dateModified":"2026-02-17T09:49:18+00:00","description":"Electrolux Professionalin ammattipesuloiden hallintaj\u00e4rjestelm\u00e4t ja -ohjelmat tarjovat lis\u00e4arvoa asiakkaillesi.","breadcrumb":{"@id":"https:\/\/www.electroluxprofessional.com\/fi\/ammattipesulalaitteet\/hallintajarjestelmat-ja-ohjelmat\/#breadcrumb"},"inLanguage":"fi","potentialAction":[{"@type":"ReadAction","target":["https:\/\/www.electroluxprofessional.com\/fi\/ammattipesulalaitteet\/hallintajarjestelmat-ja-ohjelmat\/"]}]},{"@type":"BreadcrumbList","@id":"https:\/\/www.electroluxprofessional.com\/fi\/ammattipesulalaitteet\/hallintajarjestelmat-ja-ohjelmat\/#breadcrumb","itemListElement":[{"@type":"ListItem","position":1,"name":"Home","item":"https:\/\/www.electroluxprofessional.com\/fi\/"},{"@type":"ListItem","position":2,"name":"Ammattipesulalaitteet","item":"https:\/\/www.electroluxprofessional.com\/fi\/ammattipesulalaitteet\/"},{"@type":"ListItem","position":3,"name":"Hallintaj\u00e4rjestelm\u00e4t ja -ohjelmat"}]},{"@type":"WebSite","@id":"https:\/\/www.electroluxprofessional.com\/fi\/#website","url":"https:\/\/www.electroluxprofessional.com\/fi\/","name":"Electrolux Professional Suomi","description":"","potentialAction":[{"@type":"SearchAction","target":{"@type":"EntryPoint","urlTemplate":"https:\/\/www.electroluxprofessional.com\/fi\/?src={search_term_string}"},"query-input":"required name=search_term_string"}],"inLanguage":"fi"}]}},"_links":{"self":[{"href":"https:\/\/www.electroluxprofessional.com\/fi\/wp-json\/wp\/v2\/pages\/2611"}],"collection":[{"href":"https:\/\/www.electroluxprofessional.com\/fi\/wp-json\/wp\/v2\/pages"}],"about":[{"href":"https:\/\/www.electroluxprofessional.com\/fi\/wp-json\/wp\/v2\/types\/page"}],"author":[{"embeddable":true,"href":"https:\/\/www.electroluxprofessional.com\/fi\/wp-json\/wp\/v2\/users\/1"}],"replies":[{"embeddable":true,"href":"https:\/\/www.electroluxprofessional.com\/fi\/wp-json\/wp\/v2\/comments?post=2611"}],"version-history":[{"count":24,"href":"https:\/\/www.electroluxprofessional.com\/fi\/wp-json\/wp\/v2\/pages\/2611\/revisions"}],"predecessor-version":[{"id":16327,"href":"https:\/\/www.electroluxprofessional.com\/fi\/wp-json\/wp\/v2\/pages\/2611\/revisions\/16327"}],"up":[{"embeddable":true,"href":"https:\/\/www.electroluxprofessional.com\/fi\/wp-json\/wp\/v2\/pages\/2396"}],"wp:attachment":[{"href":"https:\/\/www.electroluxprofessional.com\/fi\/wp-json\/wp\/v2\/media?parent=2611"}],"curies":[{"name":"wp","href":"https:\/\/api.w.org\/{rel}","templated":true}]}}