{"id":2605,"date":"2017-03-16T14:33:38","date_gmt":"2017-03-16T14:33:38","guid":{"rendered":"https:\/\/www.electroluxprofessional.com\/fi\/?page_id=2605"},"modified":"2023-03-31T08:47:07","modified_gmt":"2023-03-31T08:47:07","slug":"silityskoneet","status":"publish","type":"page","link":"https:\/\/www.electroluxprofessional.com\/fi\/ammattipesulalaitteet\/silityskoneet\/","title":{"rendered":"Silityskoneet"},"content":{"rendered":"<p>[vc_row full_width=&#8221;electroluxpro-full-width-no-padding&#8221;][vc_column][elx_hero_slider label_text_color=&#8221;inherit&#8221; images=&#8221;887&#8243;][elx_heading font_container=&#8221;h1&#8243; font_size=&#8221;h2&#8243; text_color=&#8221;inherit&#8221;]Silityskoneet[\/elx_heading][vc_column_text]<\/p>\n<h3>Korkealaatuisen sile\u00e4t tekstiilit<br \/>\ntehokkaasti<\/h3>\n<p>[\/vc_column_text][\/elx_hero_slider][\/vc_column][\/vc_row][vc_row][vc_column width=&#8221;1\/2&#8243;][elx_image_block background_image=&#8221;1949&#8243; vert_back_position=&#8221;top&#8221; minimum_height=&#8221;620px&#8221;][\/vc_column][vc_column width=&#8221;1\/2&#8243;][vc_empty_space][elx_heading text_color=&#8221;inherit&#8221;]Electrolux Professional silityskoneiden etuja[\/elx_heading][vc_empty_space height=&#8221;20px&#8221;][vc_column_text]C-Flex silityskoneet on tehty mankeloimaan tehokkaasti ja korkealla laadulla.<\/p>\n<p>Sy\u00f6tt\u00f6- ja taittolaitteet voidaan liitt\u00e4\u00e4 C-Flex-mankeleihin helpottamaan k\u00e4ytt\u00f6\u00e4.<\/p>\n<ul>\n<li>Taittolaitteen avulla on mahdollista tehd\u00e4 erilaisia taitoksia sek\u00e4 pinota.<\/li>\n<li>Imup\u00f6yt\u00e4 pienten vaatekappaleiden sy\u00f6tt\u00e4miseen.<\/li>\n<li>Yksitt\u00e4isten tuotteiden sy\u00f6tt\u00f6m\u00e4\u00e4r\u00e4 jopa 500 kpl\/h.<\/li>\n<li>Kolme pitkitt\u00e4ist\u00e4 taittoa ja yksi poikittainen sek\u00e4 pinous.<\/li>\n<li>Kaksi pitkitt\u00e4ist\u00e4 taittoa, ranskalainen ja poikittainen taitto sek\u00e4 M-taitto.<\/li>\n<\/ul>\n<p>[\/vc_column_text][vc_empty_space height=&#8221;50px&#8221;][\/vc_column][\/vc_row][vc_row][vc_column width=&#8221;1\/3&#8243;][elx_video_block background_image=&#8221;886&#8243; video_link=&#8221;https:\/\/www.youtube.com\/watch?v=Mr_9WkGxes4&#8243; minimum_height=&#8221;260px&#8221;][vc_column_text]<\/p>\n<div id=\"watch7-headline\" class=\"clearfix\">\n<div id=\"watch-headline-title\">\n<p class=\"watch-title-container\"><span id=\"eow-title\" class=\"watch-title\" dir=\"ltr\" title=\"Electrolux C-Flex Ironing Lane\">C-Flex\u00a0mankelilinja<\/span><\/p>\n<\/div>\n<\/div>\n<p>[\/vc_column_text][\/vc_column][vc_column width=&#8221;1\/3&#8243;][elx_video_block background_image=&#8221;1950&#8243; video_link=&#8221;https:\/\/www.youtube.com\/watch?v=3ZHLtH6LTeI&#8221; minimum_height=&#8221;260px&#8221;][vc_column_text]<\/p>\n<div id=\"watch7-headline\" class=\"clearfix\">\n<div id=\"watch-headline-title\">\n<p class=\"watch-title-container\"><span id=\"eow-title\" class=\"watch-title\" dir=\"ltr\" title=\"C-Flex IL - vacuum table\">C-Flex IL &#8211; linja<\/span><\/p>\n<\/div>\n<\/div>\n<p>[\/vc_column_text][\/vc_column][vc_column width=&#8221;1\/3&#8243;][elx_video_block background_image=&#8221;1951&#8243; video_link=&#8221;https:\/\/www.youtube.com\/watch?v=RmqVtB7Tg0A&#8221; minimum_height=&#8221;260px&#8221;][vc_column_text]C-Flex IL mankelilinja[\/vc_column_text][\/vc_column][\/vc_row][vc_row][vc_column][elx_heading font_size=&#8221;h2&#8243; text_color=&#8221;inherit&#8221; text_align=&#8221;text-center&#8221;]Haluatko tiet\u00e4\u00e4 lis\u00e4\u00e4? Ota meihin yhteytt\u00e4![\/elx_heading][elx_o2000_contact_us r=&#8221;Haluan lis\u00e4tietoja silityskoneista. Ottakaa minuun yhteytt\u00e4.&#8221; s=&#8221;Kysely silityskoneista&#8221; country=&#8221;Finland&#8221; l=&#8221;fi&#8221; b=&#8221;laundry&#8221; e=&#8221;ammattipesulat@electroluxprofessional.com&#8221; container=&#8221;elxcontactus1478703628&#8243;][vc_empty_space height=&#8221;50px&#8221;][\/vc_column][\/vc_row][vc_row][vc_column][elx_heading font_size=&#8221;h3&#8243; text_color=&#8221;inherit&#8221; text_align=&#8221;text-center&#8221;]Olet ehk\u00e4 kiinnostunut my\u00f6s seuraavista tuotteista:[\/elx_heading][\/vc_column][\/vc_row][vc_row][vc_column width=&#8221;1\/3&#8243;][elx_maylike_box id_box=&#8221;2834&#8243;][\/vc_column][vc_column width=&#8221;1\/3&#8243;][elx_maylike_box id_box=&#8221;2855&#8243;][\/vc_column][vc_column width=&#8221;1\/3&#8243;][elx_maylike_box id_box=&#8221;2788&#8243;][\/vc_column][\/vc_row][vc_row][vc_column][vc_empty_space height=&#8221;50px&#8221;][\/vc_column][\/vc_row]<\/p>\n","protected":false},"excerpt":{"rendered":"<p>[vc_row full_width=&#8221;electroluxpro-full-width-no-padding&#8221;][vc_column][elx_hero_slider label_text_color=&#8221;inherit&#8221; images=&#8221;887&#8243;][elx_heading font_container=&#8221;h1&#8243; font_size=&#8221;h2&#8243; text_color=&#8221;inherit&#8221;]Silityskoneet[\/elx_heading][vc_column_text] Korkealaatuisen sile\u00e4t tekstiilit tehokkaasti [\/vc_column_text][\/elx_hero_slider][\/vc_column][\/vc_row][vc_row][vc_column width=&#8221;1\/2&#8243;][elx_image_block background_image=&#8221;1949&#8243; vert_back_position=&#8221;top&#8221; minimum_height=&#8221;620px&#8221;][\/vc_column][vc_column width=&#8221;1\/2&#8243;][vc_empty_space][elx_heading text_color=&#8221;inherit&#8221;]Electrolux Professional silityskoneiden etuja[\/elx_heading][vc_empty_space height=&#8221;20px&#8221;][vc_column_text]C-Flex silityskoneet on tehty mankeloimaan tehokkaasti ja korkealla laadulla. Sy\u00f6tt\u00f6- ja taittolaitteet voidaan liitt\u00e4\u00e4 C-Flex-mankeleihin helpottamaan k\u00e4ytt\u00f6\u00e4. Taittolaitteen avulla on mahdollista tehd\u00e4 erilaisia taitoksia sek\u00e4 pinota. Imup\u00f6yt\u00e4 pienten vaatekappaleiden sy\u00f6tt\u00e4miseen. Yksitt\u00e4isten tuotteiden sy\u00f6tt\u00f6m\u00e4\u00e4r\u00e4 jopa [&hellip;]<\/p>\n","protected":false},"author":1,"featured_media":0,"parent":2396,"menu_order":0,"comment_status":"closed","ping_status":"closed","template":"","meta":{"footnotes":""},"class_list":["post-2605","page","type-page","status-publish","hentry"],"yoast_head":"<!-- This site is optimized with the Yoast SEO plugin v23.3 - https:\/\/yoast.com\/wordpress\/plugins\/seo\/ -->\n<title>Silityskoneet Electrolux Professional Suomi<\/title>\n<meta name=\"description\" content=\"Silityskoneet - silit\u00e4 korkealla tuottavuudella ja laadulla Electrolux Professionalin silityskoneilla. Sy\u00f6tt\u00f6- ja taittolaitteet voidaan liitt\u00e4\u00e4 C-Flex-mankeleihin \/ silityskoneisiin helpottamaan k\u00e4ytt\u00f6\u00e4.\" \/>\n<meta name=\"robots\" content=\"index, follow, max-snippet:-1, max-image-preview:large, max-video-preview:-1\" \/>\n<link rel=\"canonical\" href=\"https:\/\/www.electroluxprofessional.com\/fi\/ammattipesulalaitteet\/silityskoneet\/\" \/>\n<meta property=\"og:locale\" content=\"fi_FI\" \/>\n<meta property=\"og:type\" content=\"article\" \/>\n<meta property=\"og:title\" content=\"Silityskoneet Electrolux Professional Suomi\" \/>\n<meta property=\"og:description\" content=\"Silityskoneet - silit\u00e4 korkealla tuottavuudella ja laadulla Electrolux Professionalin silityskoneilla. Sy\u00f6tt\u00f6- ja taittolaitteet voidaan liitt\u00e4\u00e4 C-Flex-mankeleihin \/ silityskoneisiin helpottamaan k\u00e4ytt\u00f6\u00e4.\" \/>\n<meta property=\"og:url\" content=\"https:\/\/www.electroluxprofessional.com\/fi\/ammattipesulalaitteet\/silityskoneet\/\" \/>\n<meta property=\"og:site_name\" content=\"Electrolux Professional Suomi\" \/>\n<meta property=\"article:modified_time\" content=\"2023-03-31T08:47:07+00:00\" \/>\n<meta name=\"twitter:card\" content=\"summary_large_image\" \/>\n<meta name=\"twitter:label1\" content=\"Arvioitu lukuaika\" \/>\n\t<meta name=\"twitter:data1\" content=\"2 minuuttia\" \/>\n<script type=\"application\/ld+json\" class=\"yoast-schema-graph\">{\"@context\":\"https:\/\/schema.org\",\"@graph\":[{\"@type\":\"WebPage\",\"@id\":\"https:\/\/www.electroluxprofessional.com\/fi\/ammattipesulalaitteet\/silityskoneet\/\",\"url\":\"https:\/\/www.electroluxprofessional.com\/fi\/ammattipesulalaitteet\/silityskoneet\/\",\"name\":\"Silityskoneet Electrolux Professional Suomi\",\"isPartOf\":{\"@id\":\"https:\/\/www.electroluxprofessional.com\/fi\/#website\"},\"datePublished\":\"2017-03-16T14:33:38+00:00\",\"dateModified\":\"2023-03-31T08:47:07+00:00\",\"description\":\"Silityskoneet - silit\u00e4 korkealla tuottavuudella ja laadulla Electrolux Professionalin silityskoneilla. Sy\u00f6tt\u00f6- ja taittolaitteet voidaan liitt\u00e4\u00e4 C-Flex-mankeleihin \/ silityskoneisiin helpottamaan k\u00e4ytt\u00f6\u00e4.\",\"breadcrumb\":{\"@id\":\"https:\/\/www.electroluxprofessional.com\/fi\/ammattipesulalaitteet\/silityskoneet\/#breadcrumb\"},\"inLanguage\":\"fi\",\"potentialAction\":[{\"@type\":\"ReadAction\",\"target\":[\"https:\/\/www.electroluxprofessional.com\/fi\/ammattipesulalaitteet\/silityskoneet\/\"]}]},{\"@type\":\"BreadcrumbList\",\"@id\":\"https:\/\/www.electroluxprofessional.com\/fi\/ammattipesulalaitteet\/silityskoneet\/#breadcrumb\",\"itemListElement\":[{\"@type\":\"ListItem\",\"position\":1,\"name\":\"Home\",\"item\":\"https:\/\/www.electroluxprofessional.com\/fi\/\"},{\"@type\":\"ListItem\",\"position\":2,\"name\":\"Ammattipesulalaitteet\",\"item\":\"https:\/\/www.electroluxprofessional.com\/fi\/ammattipesulalaitteet\/\"},{\"@type\":\"ListItem\",\"position\":3,\"name\":\"Silityskoneet\"}]},{\"@type\":\"WebSite\",\"@id\":\"https:\/\/www.electroluxprofessional.com\/fi\/#website\",\"url\":\"https:\/\/www.electroluxprofessional.com\/fi\/\",\"name\":\"Electrolux Professional Suomi\",\"description\":\"\",\"potentialAction\":[{\"@type\":\"SearchAction\",\"target\":{\"@type\":\"EntryPoint\",\"urlTemplate\":\"https:\/\/www.electroluxprofessional.com\/fi\/?src={search_term_string}\"},\"query-input\":\"required name=search_term_string\"}],\"inLanguage\":\"fi\"}]}<\/script>\n<!-- \/ Yoast SEO plugin. -->","yoast_head_json":{"title":"Silityskoneet Electrolux Professional Suomi","description":"Silityskoneet - silit\u00e4 korkealla tuottavuudella ja laadulla Electrolux Professionalin silityskoneilla. Sy\u00f6tt\u00f6- ja taittolaitteet voidaan liitt\u00e4\u00e4 C-Flex-mankeleihin \/ silityskoneisiin helpottamaan k\u00e4ytt\u00f6\u00e4.","robots":{"index":"index","follow":"follow","max-snippet":"max-snippet:-1","max-image-preview":"max-image-preview:large","max-video-preview":"max-video-preview:-1"},"canonical":"https:\/\/www.electroluxprofessional.com\/fi\/ammattipesulalaitteet\/silityskoneet\/","og_locale":"fi_FI","og_type":"article","og_title":"Silityskoneet Electrolux Professional Suomi","og_description":"Silityskoneet - silit\u00e4 korkealla tuottavuudella ja laadulla Electrolux Professionalin silityskoneilla. Sy\u00f6tt\u00f6- ja taittolaitteet voidaan liitt\u00e4\u00e4 C-Flex-mankeleihin \/ silityskoneisiin helpottamaan k\u00e4ytt\u00f6\u00e4.","og_url":"https:\/\/www.electroluxprofessional.com\/fi\/ammattipesulalaitteet\/silityskoneet\/","og_site_name":"Electrolux Professional Suomi","article_modified_time":"2023-03-31T08:47:07+00:00","twitter_card":"summary_large_image","twitter_misc":{"Arvioitu lukuaika":"2 minuuttia"},"schema":{"@context":"https:\/\/schema.org","@graph":[{"@type":"WebPage","@id":"https:\/\/www.electroluxprofessional.com\/fi\/ammattipesulalaitteet\/silityskoneet\/","url":"https:\/\/www.electroluxprofessional.com\/fi\/ammattipesulalaitteet\/silityskoneet\/","name":"Silityskoneet Electrolux Professional Suomi","isPartOf":{"@id":"https:\/\/www.electroluxprofessional.com\/fi\/#website"},"datePublished":"2017-03-16T14:33:38+00:00","dateModified":"2023-03-31T08:47:07+00:00","description":"Silityskoneet - silit\u00e4 korkealla tuottavuudella ja laadulla Electrolux Professionalin silityskoneilla. Sy\u00f6tt\u00f6- ja taittolaitteet voidaan liitt\u00e4\u00e4 C-Flex-mankeleihin \/ silityskoneisiin helpottamaan k\u00e4ytt\u00f6\u00e4.","breadcrumb":{"@id":"https:\/\/www.electroluxprofessional.com\/fi\/ammattipesulalaitteet\/silityskoneet\/#breadcrumb"},"inLanguage":"fi","potentialAction":[{"@type":"ReadAction","target":["https:\/\/www.electroluxprofessional.com\/fi\/ammattipesulalaitteet\/silityskoneet\/"]}]},{"@type":"BreadcrumbList","@id":"https:\/\/www.electroluxprofessional.com\/fi\/ammattipesulalaitteet\/silityskoneet\/#breadcrumb","itemListElement":[{"@type":"ListItem","position":1,"name":"Home","item":"https:\/\/www.electroluxprofessional.com\/fi\/"},{"@type":"ListItem","position":2,"name":"Ammattipesulalaitteet","item":"https:\/\/www.electroluxprofessional.com\/fi\/ammattipesulalaitteet\/"},{"@type":"ListItem","position":3,"name":"Silityskoneet"}]},{"@type":"WebSite","@id":"https:\/\/www.electroluxprofessional.com\/fi\/#website","url":"https:\/\/www.electroluxprofessional.com\/fi\/","name":"Electrolux Professional Suomi","description":"","potentialAction":[{"@type":"SearchAction","target":{"@type":"EntryPoint","urlTemplate":"https:\/\/www.electroluxprofessional.com\/fi\/?src={search_term_string}"},"query-input":"required name=search_term_string"}],"inLanguage":"fi"}]}},"_links":{"self":[{"href":"https:\/\/www.electroluxprofessional.com\/fi\/wp-json\/wp\/v2\/pages\/2605"}],"collection":[{"href":"https:\/\/www.electroluxprofessional.com\/fi\/wp-json\/wp\/v2\/pages"}],"about":[{"href":"https:\/\/www.electroluxprofessional.com\/fi\/wp-json\/wp\/v2\/types\/page"}],"author":[{"embeddable":true,"href":"https:\/\/www.electroluxprofessional.com\/fi\/wp-json\/wp\/v2\/users\/1"}],"replies":[{"embeddable":true,"href":"https:\/\/www.electroluxprofessional.com\/fi\/wp-json\/wp\/v2\/comments?post=2605"}],"version-history":[{"count":15,"href":"https:\/\/www.electroluxprofessional.com\/fi\/wp-json\/wp\/v2\/pages\/2605\/revisions"}],"predecessor-version":[{"id":8764,"href":"https:\/\/www.electroluxprofessional.com\/fi\/wp-json\/wp\/v2\/pages\/2605\/revisions\/8764"}],"up":[{"embeddable":true,"href":"https:\/\/www.electroluxprofessional.com\/fi\/wp-json\/wp\/v2\/pages\/2396"}],"wp:attachment":[{"href":"https:\/\/www.electroluxprofessional.com\/fi\/wp-json\/wp\/v2\/media?parent=2605"}],"curies":[{"name":"wp","href":"https:\/\/api.w.org\/{rel}","templated":true}]}}