{"id":2600,"date":"2017-03-22T09:55:50","date_gmt":"2017-03-22T09:55:50","guid":{"rendered":"https:\/\/www.electroluxprofessional.com\/fi\/?page_id=2600"},"modified":"2023-08-18T08:33:23","modified_gmt":"2023-08-18T08:33:23","slug":"heat-pump-dryers","status":"publish","type":"page","link":"https:\/\/www.electroluxprofessional.com\/fi\/heat-pump-dryers\/","title":{"rendered":"Heat Pump Dryers"},"content":{"rendered":"<p>[vc_row full_width=&#8221;electroluxpro-full-width-no-padding&#8221;][vc_column][elx_hero_slider label_text_color=&#8221;inherit&#8221; images=&#8221;664&#8243;][elx_heading font_container=&#8221;h1&#8243; font_size=&#8221;h2&#8243; text_color=&#8221;inherit&#8221;]L\u00e4mp\u00f6pumppu-<br \/>\nkuivausrumpu<br \/>\n(T5190LE)[\/elx_heading][\/elx_hero_slider][\/vc_column][\/vc_row][vc_row][vc_column css=&#8221;.vc_custom_1464253016404{padding-top: 30px !important;}&#8221;][vc_empty_space][\/vc_column][\/vc_row][vc_row equal_height=&#8221;yes&#8221;][vc_column width=&#8221;1\/2&#8243;][vc_empty_space][elx_heading font_container=&#8221;h3&#8243; text_color=&#8221;inherit&#8221;]Kuivausrumpu, joka s\u00e4\u00e4st\u00e4\u00e4 sek\u00e4 energiaa ett\u00e4 kustannuksia[\/elx_heading][vc_empty_space][vc_column_text css=&#8221;.vc_custom_1499325185120{margin-bottom: 0px !important;border-bottom-width: 0px !important;padding-bottom: 0px !important;}&#8221;]L\u00e4mp\u00f6pumppu kuivausrumpu T5190LE (LowEnergy) mahdollistaaa jopa 60 % s\u00e4\u00e4st\u00f6n energiankulutuksessa verrattuna perinteisell\u00e4 tekniikalla varustettuun kuivausrumpuun.[\/vc_column_text][\/vc_column][vc_column width=&#8221;1\/2&#8243;][elx_video_block background_image=&#8221;670&#8243; video_link=&#8221;https:\/\/www.youtube.com\/watch?v=agTB9lzil5c&#8221; minimum_height=&#8221;415px&#8221;][\/vc_column][\/vc_row][vc_row][vc_column][vc_empty_space][\/vc_column][\/vc_row][vc_row][vc_column width=&#8221;1\/3&#8243;][elx_simple_block background_color=&#8221;inherit&#8221;][elx_heading font_container=&#8221;h4&#8243; text_color=&#8221;orange&#8221;]Erinomainen suorituskyky s\u00e4\u00e4st\u00e4\u00e4 energiaa[\/elx_heading][vc_column_text]<strong>Jopa 60 % energians\u00e4\u00e4st\u00f6.<\/strong><\/p>\n<p><strong>Tehokas veden poisto<\/strong> takaa pienen energiankulutuksen, alhaiset k\u00e4ytt\u00f6kustannukset ja lyhyet kuivausajat.[\/vc_column_text][\/elx_simple_block][\/vc_column][vc_column width=&#8221;1\/3&#8243;][elx_simple_block background_color=&#8221;inherit&#8221;][elx_heading font_container=&#8221;h4&#8243; text_color=&#8221;orange&#8221;]S\u00e4\u00e4st\u00e4 aikaa ja minimoi k\u00e4ytt\u00f6katkot[\/elx_heading][vc_column_text]<strong>\u00a0T5190LE on helppo k\u00e4ytt\u00e4\u00e4.<\/strong><\/p>\n<p><strong>L\u00e4mp\u00f6pumppuyksikk\u00f6 on helposti poistettavissa huoltoa varten.<\/strong><br \/>\nT\u00e4m\u00e4n ansiosta huolto ja yll\u00e4pito on helpompaa kuin aikaisemmin.[\/vc_column_text][\/elx_simple_block][\/vc_column][vc_column width=&#8221;1\/3&#8243;][elx_simple_block background_color=&#8221;inherit&#8221;][elx_heading font_container=&#8221;h4&#8243; text_color=&#8221;orange&#8221;]S\u00e4\u00e4st\u00e4 tilaa ja mahdollista parempi tilan k\u00e4ytt\u00f6[\/elx_heading][vc_column_text]<strong>Laite soveltuu asennettavaksi pieniinkin tiloihin.<\/strong><\/p>\n<p>Poistohormia tai ilmanvaihtoa ei tarvita, vaan T5190LE voidaan asentaa l\u00e4hes mihin tilaan hyv\u00e4ns\u00e4.<strong><br \/>\nTilaan syntyv\u00e4 l\u00e4mp\u00f6kuorma on pieni, ja T5190LE :lle riitt\u00e4\u00e4 yht\u00e4 pieni lattiatila kuin perinteiselle kuivausrummulle.<\/strong>[\/vc_column_text][\/elx_simple_block][\/vc_column][\/vc_row][vc_row][vc_column width=&#8221;1\/3&#8243;][elx_image_block background_image=&#8221;671&#8243; minimum_height=&#8221;500px&#8221;][\/vc_column][vc_column width=&#8221;1\/3&#8243;][elx_image_block background_image=&#8221;1811&#8243; minimum_height=&#8221;500px&#8221;][\/vc_column][vc_column width=&#8221;1\/3&#8243;][vc_empty_space][elx_heading font_size=&#8221;h3&#8243; text_color=&#8221;inherit&#8221;]Nuokkasuodattimien puhdistus on helppoa niiden sijainnin ansiosta[\/elx_heading][vc_column_text]L\u00e4mp\u00f6pumppuyksikk\u00f6 on helppo ottaa esille huoltoa varten.[\/vc_column_text][\/vc_column][\/vc_row][vc_row][vc_column][vc_empty_space height=&#8221;50px&#8221;][\/vc_column][\/vc_row][vc_row][vc_column][vc_empty_space][\/vc_column][\/vc_row][vc_row][vc_column][vc_empty_space height=&#8221;50px&#8221;][elx_heading font_size=&#8221;h3&#8243; text_color=&#8221;inherit&#8221; text_align=&#8221;text-center&#8221;]Olet ehk\u00e4 kiinnostunut my\u00f6s seuraavista tuotteista:[\/elx_heading][\/vc_column][\/vc_row][vc_row][vc_column width=&#8221;1\/3&#8243;][elx_maylike_box id_box=&#8221;2788&#8243;][\/vc_column][vc_column width=&#8221;1\/3&#8243;][elx_maylike_box id_box=&#8221;2855&#8243;][\/vc_column][vc_column width=&#8221;1\/3&#8243;][elx_maylike_box id_box=&#8221;2830&#8243;][\/vc_column][\/vc_row][vc_row][vc_column][vc_empty_space height=&#8221;50px&#8221;][elx_heading font_size=&#8221;h2&#8243; text_color=&#8221;inherit&#8221; text_align=&#8221;text-center&#8221;]Haluatko tiet\u00e4\u00e4 lis\u00e4\u00e4? Ota meihin yhteytt\u00e4![\/elx_heading][elx_o2000_contact_us r=&#8221;Haluan lis\u00e4tietoja kuivausrummuista. Ottakaa minuun yhteytt\u00e4.&#8221; s=&#8221;F\u00f6rfr\u00e5gan om information ang\u00e5ende v\u00e4rmepumpstorktumlare&#8221; e=&#8221;els.info@electrolux.fi&#8221; country=&#8221;Finland&#8221; l=&#8221;fi&#8221; b=&#8221;laundry&#8221; container=&#8221;elxcontactus1466429561&#8243;][\/vc_column][\/vc_row][vc_row][vc_column][vc_empty_space height=&#8221;50px&#8221;][\/vc_column][\/vc_row]<\/p>\n","protected":false},"excerpt":{"rendered":"<p>[vc_row full_width=&#8221;electroluxpro-full-width-no-padding&#8221;][vc_column][elx_hero_slider label_text_color=&#8221;inherit&#8221; images=&#8221;664&#8243;][elx_heading font_container=&#8221;h1&#8243; font_size=&#8221;h2&#8243; text_color=&#8221;inherit&#8221;]L\u00e4mp\u00f6pumppu- kuivausrumpu (T5190LE)[\/elx_heading][\/elx_hero_slider][\/vc_column][\/vc_row][vc_row][vc_column css=&#8221;.vc_custom_1464253016404{padding-top: 30px !important;}&#8221;][vc_empty_space][\/vc_column][\/vc_row][vc_row equal_height=&#8221;yes&#8221;][vc_column width=&#8221;1\/2&#8243;][vc_empty_space][elx_heading font_container=&#8221;h3&#8243; text_color=&#8221;inherit&#8221;]Kuivausrumpu, joka s\u00e4\u00e4st\u00e4\u00e4 sek\u00e4 energiaa ett\u00e4 kustannuksia[\/elx_heading][vc_empty_space][vc_column_text css=&#8221;.vc_custom_1499325185120{margin-bottom: 0px !important;border-bottom-width: 0px !important;padding-bottom: 0px !important;}&#8221;]L\u00e4mp\u00f6pumppu kuivausrumpu T5190LE (LowEnergy) mahdollistaaa jopa 60 % s\u00e4\u00e4st\u00f6n energiankulutuksessa verrattuna perinteisell\u00e4 tekniikalla varustettuun kuivausrumpuun.[\/vc_column_text][\/vc_column][vc_column width=&#8221;1\/2&#8243;][elx_video_block background_image=&#8221;670&#8243; video_link=&#8221;https:\/\/www.youtube.com\/watch?v=agTB9lzil5c&#8221; minimum_height=&#8221;415px&#8221;][\/vc_column][\/vc_row][vc_row][vc_column][vc_empty_space][\/vc_column][\/vc_row][vc_row][vc_column width=&#8221;1\/3&#8243;][elx_simple_block background_color=&#8221;inherit&#8221;][elx_heading font_container=&#8221;h4&#8243; text_color=&#8221;orange&#8221;]Erinomainen suorituskyky s\u00e4\u00e4st\u00e4\u00e4 energiaa[\/elx_heading][vc_column_text]Jopa 60 [&hellip;]<\/p>\n","protected":false},"author":1,"featured_media":0,"parent":0,"menu_order":0,"comment_status":"closed","ping_status":"closed","template":"","meta":{"footnotes":""},"class_list":["post-2600","page","type-page","status-publish","hentry"],"yoast_head":"<!-- This site is optimized with the Yoast SEO plugin v23.3 - https:\/\/yoast.com\/wordpress\/plugins\/seo\/ -->\n<title>L\u00e4mp\u00f6pumppu kuivausrumpu T5190LE - Electrolux Professional<\/title>\n<meta name=\"description\" content=\"L\u00e4mp\u00f6pumppu-kuivausrumpu (T5190LE) mahdollistaa jopa 60 % energians\u00e4\u00e4st\u00f6n verrattuna perinteisell\u00e4 tekniikalla varustettuun kuivausrumpuun.\" \/>\n<meta name=\"robots\" content=\"index, follow, max-snippet:-1, max-image-preview:large, max-video-preview:-1\" \/>\n<link rel=\"canonical\" href=\"https:\/\/www.electroluxprofessional.com\/fi\/heat-pump-dryers\/\" \/>\n<meta property=\"og:locale\" content=\"fi_FI\" \/>\n<meta property=\"og:type\" content=\"article\" \/>\n<meta property=\"og:title\" content=\"L\u00e4mp\u00f6pumppu kuivausrumpu T5190LE - Electrolux Professional\" \/>\n<meta property=\"og:description\" content=\"L\u00e4mp\u00f6pumppu-kuivausrumpu (T5190LE) mahdollistaa jopa 60 % energians\u00e4\u00e4st\u00f6n verrattuna perinteisell\u00e4 tekniikalla varustettuun kuivausrumpuun.\" \/>\n<meta property=\"og:url\" content=\"https:\/\/www.electroluxprofessional.com\/fi\/heat-pump-dryers\/\" \/>\n<meta property=\"og:site_name\" content=\"Electrolux Professional Suomi\" \/>\n<meta property=\"article:modified_time\" content=\"2023-08-18T08:33:23+00:00\" \/>\n<meta name=\"twitter:card\" content=\"summary_large_image\" \/>\n<meta name=\"twitter:label1\" content=\"Arvioitu lukuaika\" \/>\n\t<meta name=\"twitter:data1\" content=\"3 minuuttia\" \/>\n<script type=\"application\/ld+json\" class=\"yoast-schema-graph\">{\"@context\":\"https:\/\/schema.org\",\"@graph\":[{\"@type\":\"WebPage\",\"@id\":\"https:\/\/www.electroluxprofessional.com\/fi\/heat-pump-dryers\/\",\"url\":\"https:\/\/www.electroluxprofessional.com\/fi\/heat-pump-dryers\/\",\"name\":\"L\u00e4mp\u00f6pumppu kuivausrumpu T5190LE - Electrolux Professional\",\"isPartOf\":{\"@id\":\"https:\/\/www.electroluxprofessional.com\/fi\/#website\"},\"datePublished\":\"2017-03-22T09:55:50+00:00\",\"dateModified\":\"2023-08-18T08:33:23+00:00\",\"description\":\"L\u00e4mp\u00f6pumppu-kuivausrumpu (T5190LE) mahdollistaa jopa 60 % energians\u00e4\u00e4st\u00f6n verrattuna perinteisell\u00e4 tekniikalla varustettuun kuivausrumpuun.\",\"breadcrumb\":{\"@id\":\"https:\/\/www.electroluxprofessional.com\/fi\/heat-pump-dryers\/#breadcrumb\"},\"inLanguage\":\"fi\",\"potentialAction\":[{\"@type\":\"ReadAction\",\"target\":[\"https:\/\/www.electroluxprofessional.com\/fi\/heat-pump-dryers\/\"]}]},{\"@type\":\"BreadcrumbList\",\"@id\":\"https:\/\/www.electroluxprofessional.com\/fi\/heat-pump-dryers\/#breadcrumb\",\"itemListElement\":[{\"@type\":\"ListItem\",\"position\":1,\"name\":\"Home\",\"item\":\"https:\/\/www.electroluxprofessional.com\/fi\/\"},{\"@type\":\"ListItem\",\"position\":2,\"name\":\"Heat Pump Dryers\"}]},{\"@type\":\"WebSite\",\"@id\":\"https:\/\/www.electroluxprofessional.com\/fi\/#website\",\"url\":\"https:\/\/www.electroluxprofessional.com\/fi\/\",\"name\":\"Electrolux Professional Suomi\",\"description\":\"\",\"potentialAction\":[{\"@type\":\"SearchAction\",\"target\":{\"@type\":\"EntryPoint\",\"urlTemplate\":\"https:\/\/www.electroluxprofessional.com\/fi\/?src={search_term_string}\"},\"query-input\":\"required name=search_term_string\"}],\"inLanguage\":\"fi\"}]}<\/script>\n<!-- \/ Yoast SEO plugin. -->","yoast_head_json":{"title":"L\u00e4mp\u00f6pumppu kuivausrumpu T5190LE - Electrolux Professional","description":"L\u00e4mp\u00f6pumppu-kuivausrumpu (T5190LE) mahdollistaa jopa 60 % energians\u00e4\u00e4st\u00f6n verrattuna perinteisell\u00e4 tekniikalla varustettuun kuivausrumpuun.","robots":{"index":"index","follow":"follow","max-snippet":"max-snippet:-1","max-image-preview":"max-image-preview:large","max-video-preview":"max-video-preview:-1"},"canonical":"https:\/\/www.electroluxprofessional.com\/fi\/heat-pump-dryers\/","og_locale":"fi_FI","og_type":"article","og_title":"L\u00e4mp\u00f6pumppu kuivausrumpu T5190LE - Electrolux Professional","og_description":"L\u00e4mp\u00f6pumppu-kuivausrumpu (T5190LE) mahdollistaa jopa 60 % energians\u00e4\u00e4st\u00f6n verrattuna perinteisell\u00e4 tekniikalla varustettuun kuivausrumpuun.","og_url":"https:\/\/www.electroluxprofessional.com\/fi\/heat-pump-dryers\/","og_site_name":"Electrolux Professional Suomi","article_modified_time":"2023-08-18T08:33:23+00:00","twitter_card":"summary_large_image","twitter_misc":{"Arvioitu lukuaika":"3 minuuttia"},"schema":{"@context":"https:\/\/schema.org","@graph":[{"@type":"WebPage","@id":"https:\/\/www.electroluxprofessional.com\/fi\/heat-pump-dryers\/","url":"https:\/\/www.electroluxprofessional.com\/fi\/heat-pump-dryers\/","name":"L\u00e4mp\u00f6pumppu kuivausrumpu T5190LE - Electrolux Professional","isPartOf":{"@id":"https:\/\/www.electroluxprofessional.com\/fi\/#website"},"datePublished":"2017-03-22T09:55:50+00:00","dateModified":"2023-08-18T08:33:23+00:00","description":"L\u00e4mp\u00f6pumppu-kuivausrumpu (T5190LE) mahdollistaa jopa 60 % energians\u00e4\u00e4st\u00f6n verrattuna perinteisell\u00e4 tekniikalla varustettuun kuivausrumpuun.","breadcrumb":{"@id":"https:\/\/www.electroluxprofessional.com\/fi\/heat-pump-dryers\/#breadcrumb"},"inLanguage":"fi","potentialAction":[{"@type":"ReadAction","target":["https:\/\/www.electroluxprofessional.com\/fi\/heat-pump-dryers\/"]}]},{"@type":"BreadcrumbList","@id":"https:\/\/www.electroluxprofessional.com\/fi\/heat-pump-dryers\/#breadcrumb","itemListElement":[{"@type":"ListItem","position":1,"name":"Home","item":"https:\/\/www.electroluxprofessional.com\/fi\/"},{"@type":"ListItem","position":2,"name":"Heat Pump Dryers"}]},{"@type":"WebSite","@id":"https:\/\/www.electroluxprofessional.com\/fi\/#website","url":"https:\/\/www.electroluxprofessional.com\/fi\/","name":"Electrolux Professional Suomi","description":"","potentialAction":[{"@type":"SearchAction","target":{"@type":"EntryPoint","urlTemplate":"https:\/\/www.electroluxprofessional.com\/fi\/?src={search_term_string}"},"query-input":"required name=search_term_string"}],"inLanguage":"fi"}]}},"_links":{"self":[{"href":"https:\/\/www.electroluxprofessional.com\/fi\/wp-json\/wp\/v2\/pages\/2600"}],"collection":[{"href":"https:\/\/www.electroluxprofessional.com\/fi\/wp-json\/wp\/v2\/pages"}],"about":[{"href":"https:\/\/www.electroluxprofessional.com\/fi\/wp-json\/wp\/v2\/types\/page"}],"author":[{"embeddable":true,"href":"https:\/\/www.electroluxprofessional.com\/fi\/wp-json\/wp\/v2\/users\/1"}],"replies":[{"embeddable":true,"href":"https:\/\/www.electroluxprofessional.com\/fi\/wp-json\/wp\/v2\/comments?post=2600"}],"version-history":[{"count":14,"href":"https:\/\/www.electroluxprofessional.com\/fi\/wp-json\/wp\/v2\/pages\/2600\/revisions"}],"predecessor-version":[{"id":4387,"href":"https:\/\/www.electroluxprofessional.com\/fi\/wp-json\/wp\/v2\/pages\/2600\/revisions\/4387"}],"wp:attachment":[{"href":"https:\/\/www.electroluxprofessional.com\/fi\/wp-json\/wp\/v2\/media?parent=2600"}],"curies":[{"name":"wp","href":"https:\/\/api.w.org\/{rel}","templated":true}]}}