{"id":2597,"date":"2017-03-16T14:38:36","date_gmt":"2017-03-16T14:38:36","guid":{"rendered":"https:\/\/www.electroluxprofessional.com\/fi\/?page_id=2597"},"modified":"2025-11-05T14:25:46","modified_gmt":"2025-11-05T14:25:46","slug":"viimeistelylaitteet","status":"publish","type":"page","link":"https:\/\/www.electroluxprofessional.com\/fi\/ammattipesulalaitteet\/viimeistelylaitteet\/","title":{"rendered":"Viimeistelylaitteet"},"content":{"rendered":"<p>[vc_row full_width=&#8221;electroluxpro-full-width-no-padding&#8221;][vc_column][elx_hero_slider label_text_color=&#8221;inherit&#8221; images=&#8221;798&#8243;][elx_heading font_container=&#8221;h1&#8243; font_size=&#8221;h2&#8243; text_color=&#8221;inherit&#8221;]Viimeistely-<br \/>\nlaitteet[\/elx_heading][\/elx_hero_slider][\/vc_column][\/vc_row][vc_row][vc_column][vc_empty_space][elx_heading font_size=&#8221;h3&#8243; text_color=&#8221;inherit&#8221;]Laadukkaat viimeistelylaitteet[\/elx_heading][vc_empty_space][\/vc_column][\/vc_row][vc_row][vc_column width=&#8221;1\/2&#8243;][vc_single_image image=&#8221;891&#8243; img_size=&#8221;large&#8221;][\/vc_column][vc_column width=&#8221;1\/2&#8243;][vc_column_text]Electrolux Professionalin viimeistelylaitesarjaan kuuluu <strong>t\u00e4ydellinen valikoima laitteita<\/strong> <strong>k\u00e4ytt\u00e4j\u00e4yst\u00e4v\u00e4llisist\u00e4, automatisoiduista pr\u00e4sseist\u00e4 aina tavallisiin s\u00e4hk\u00f6l\u00e4mmitteisiin silitysp\u00f6ytiin.<\/strong> Valikoimamme kattavat niin pienen kuin suurenkin kapasiteetin kohteiden tarpeet vaivatta.<\/p>\n<p>Pesulan tuottavuuden paranemisen lis\u00e4ksi viimeistelylaitteemme takaavat korkealaatuisen lopputuloksen jokaisella k\u00e4ytt\u00f6kerralla.<\/p>\n<p><strong>Paidat &#8211; t\u00e4ydellinen ratkaisu<br \/>\n<\/strong>Ratkaisuumme sis\u00e4ltyy seuraavia tuotteita: silitysp\u00f6yt\u00e4, paitaviimeistelij\u00e4, kaulus- ja hihansuupr\u00e4ssi.[\/vc_column_text][vc_empty_space][vc_column_text]<strong>Housut &#8211; vekit ja pr\u00e4ssit<br \/>\n<\/strong>Electrolux Profressionalin housupr\u00e4ssit ovat turvallisia k\u00e4ytt\u00e4\u00e4. Laitteiden helppok\u00e4ytt\u00f6isyys lis\u00e4\u00e4 huomattavasti tuottavuutta.<\/p>\n<p><strong>Takit<\/strong><br \/>\nViimeistelylaitteet ovat niin tehokkaita, ett\u00e4 k\u00e4ytt\u00e4j\u00e4 voi viimeistell\u00e4 jopa 40 takkia tunnissa. K\u00e4ytt\u00e4j\u00e4yst\u00e4v\u00e4lliseen ohjausyksikk\u00f6\u00f6n voi tallentaa yhdeks\u00e4n eri ohjelmaa ja toimintoa.[\/vc_column_text][\/vc_column][\/vc_row][vc_row][vc_column width=&#8221;1\/3&#8243;][vc_empty_space][vc_single_image image=&#8221;1954&#8243; img_size=&#8221;full&#8221;][\/vc_column][vc_column width=&#8221;1\/3&#8243;][vc_single_image image=&#8221;1955&#8243; img_size=&#8221;full&#8221;][\/vc_column][vc_column width=&#8221;1\/3&#8243;][vc_empty_space][vc_single_image image=&#8221;1956&#8243; img_size=&#8221;full&#8221;][\/vc_column][\/vc_row][vc_row][vc_column][vc_empty_space height=&#8221;50px&#8221;][elx_heading font_size=&#8221;h2&#8243; text_color=&#8221;inherit&#8221; text_align=&#8221;text-center&#8221;]Haluatko tiet\u00e4\u00e4 lis\u00e4\u00e4? Ota meihin yhteytt\u00e4![\/elx_heading][elx_o2000_contact_us r=&#8221;Haluan lis\u00e4tietoja viimeistelylaitteista. Ottakaa minuun yhteytt\u00e4.&#8221; s=&#8221;Kysely viimeistelylaitteista&#8221; country=&#8221;Finland&#8221; b=&#8221;laundry&#8221; l=&#8221;fi&#8221; e=&#8221;ammattipesulat@electroluxprofessional.com&#8221; container=&#8221;elxcontactus1478705376&#8243;][vc_empty_space height=&#8221;50px&#8221;][\/vc_column][\/vc_row][vc_row][vc_column][elx_heading font_size=&#8221;h3&#8243; text_color=&#8221;inherit&#8221; text_align=&#8221;text-center&#8221;]Olet ehk\u00e4 kiinnostunut my\u00f6s seuraavista tuotteista:[\/elx_heading][\/vc_column][\/vc_row][vc_row][vc_column width=&#8221;1\/3&#8243;][elx_maylike_box id_box=&#8221;2834&#8243;][\/vc_column][vc_column width=&#8221;1\/3&#8243;][elx_maylike_box id_box=&#8221;2855&#8243;][\/vc_column][vc_column width=&#8221;1\/3&#8243;][elx_maylike_box id_box=&#8221;2788&#8243;][\/vc_column][\/vc_row][vc_row][vc_column][vc_empty_space height=&#8221;50px&#8221;][\/vc_column][\/vc_row]<\/p>\n","protected":false},"excerpt":{"rendered":"<p>[vc_row full_width=&#8221;electroluxpro-full-width-no-padding&#8221;][vc_column][elx_hero_slider label_text_color=&#8221;inherit&#8221; images=&#8221;798&#8243;][elx_heading font_container=&#8221;h1&#8243; font_size=&#8221;h2&#8243; text_color=&#8221;inherit&#8221;]Viimeistely- laitteet[\/elx_heading][\/elx_hero_slider][\/vc_column][\/vc_row][vc_row][vc_column][vc_empty_space][elx_heading font_size=&#8221;h3&#8243; text_color=&#8221;inherit&#8221;]Laadukkaat viimeistelylaitteet[\/elx_heading][vc_empty_space][\/vc_column][\/vc_row][vc_row][vc_column width=&#8221;1\/2&#8243;][vc_single_image image=&#8221;891&#8243; img_size=&#8221;large&#8221;][\/vc_column][vc_column width=&#8221;1\/2&#8243;][vc_column_text]Electrolux Professionalin viimeistelylaitesarjaan kuuluu t\u00e4ydellinen valikoima laitteita k\u00e4ytt\u00e4j\u00e4yst\u00e4v\u00e4llisist\u00e4, automatisoiduista pr\u00e4sseist\u00e4 aina tavallisiin s\u00e4hk\u00f6l\u00e4mmitteisiin silitysp\u00f6ytiin. Valikoimamme kattavat niin pienen kuin suurenkin kapasiteetin kohteiden tarpeet vaivatta. Pesulan tuottavuuden paranemisen lis\u00e4ksi viimeistelylaitteemme takaavat korkealaatuisen lopputuloksen jokaisella k\u00e4ytt\u00f6kerralla. Paidat &#8211; t\u00e4ydellinen ratkaisu Ratkaisuumme sis\u00e4ltyy seuraavia [&hellip;]<\/p>\n","protected":false},"author":1,"featured_media":0,"parent":2396,"menu_order":0,"comment_status":"closed","ping_status":"closed","template":"","meta":{"footnotes":""},"class_list":["post-2597","page","type-page","status-publish","hentry"],"yoast_head":"<!-- This site is optimized with the Yoast SEO plugin v23.3 - https:\/\/yoast.com\/wordpress\/plugins\/seo\/ -->\n<title>Viimeistelylaitteet pesuloihin Electrolux Professional Suomi<\/title>\n<meta name=\"description\" content=\"Electrolux Professionalin viimeistelylaitteet sis\u00e4lt\u00e4v\u00e4t t\u00e4ydellisen valikoiman laitteita k\u00e4ytt\u00e4j\u00e4yst\u00e4v\u00e4llisist\u00e4, automatisoiduista pr\u00e4sseist\u00e4 aina tavallisiin s\u00e4hk\u00f6l\u00e4mmitteisiin silitysp\u00f6ytiin.\" \/>\n<meta name=\"robots\" content=\"index, follow, max-snippet:-1, max-image-preview:large, max-video-preview:-1\" \/>\n<link rel=\"canonical\" href=\"https:\/\/www.electroluxprofessional.com\/fi\/ammattipesulalaitteet\/viimeistelylaitteet\/\" \/>\n<meta property=\"og:locale\" content=\"fi_FI\" \/>\n<meta property=\"og:type\" content=\"article\" \/>\n<meta property=\"og:title\" content=\"Viimeistelylaitteet pesuloihin Electrolux Professional Suomi\" \/>\n<meta property=\"og:description\" content=\"Electrolux Professionalin viimeistelylaitteet sis\u00e4lt\u00e4v\u00e4t t\u00e4ydellisen valikoiman laitteita k\u00e4ytt\u00e4j\u00e4yst\u00e4v\u00e4llisist\u00e4, automatisoiduista pr\u00e4sseist\u00e4 aina tavallisiin s\u00e4hk\u00f6l\u00e4mmitteisiin silitysp\u00f6ytiin.\" \/>\n<meta property=\"og:url\" content=\"https:\/\/www.electroluxprofessional.com\/fi\/ammattipesulalaitteet\/viimeistelylaitteet\/\" \/>\n<meta property=\"og:site_name\" content=\"Electrolux Professional Suomi\" \/>\n<meta property=\"article:modified_time\" content=\"2025-11-05T14:25:46+00:00\" \/>\n<meta name=\"twitter:card\" content=\"summary_large_image\" \/>\n<meta name=\"twitter:label1\" content=\"Arvioitu lukuaika\" \/>\n\t<meta name=\"twitter:data1\" content=\"2 minuuttia\" \/>\n<script type=\"application\/ld+json\" class=\"yoast-schema-graph\">{\"@context\":\"https:\/\/schema.org\",\"@graph\":[{\"@type\":\"WebPage\",\"@id\":\"https:\/\/www.electroluxprofessional.com\/fi\/ammattipesulalaitteet\/viimeistelylaitteet\/\",\"url\":\"https:\/\/www.electroluxprofessional.com\/fi\/ammattipesulalaitteet\/viimeistelylaitteet\/\",\"name\":\"Viimeistelylaitteet pesuloihin Electrolux Professional Suomi\",\"isPartOf\":{\"@id\":\"https:\/\/www.electroluxprofessional.com\/fi\/#website\"},\"datePublished\":\"2017-03-16T14:38:36+00:00\",\"dateModified\":\"2025-11-05T14:25:46+00:00\",\"description\":\"Electrolux Professionalin viimeistelylaitteet sis\u00e4lt\u00e4v\u00e4t t\u00e4ydellisen valikoiman laitteita k\u00e4ytt\u00e4j\u00e4yst\u00e4v\u00e4llisist\u00e4, automatisoiduista pr\u00e4sseist\u00e4 aina tavallisiin s\u00e4hk\u00f6l\u00e4mmitteisiin silitysp\u00f6ytiin.\",\"breadcrumb\":{\"@id\":\"https:\/\/www.electroluxprofessional.com\/fi\/ammattipesulalaitteet\/viimeistelylaitteet\/#breadcrumb\"},\"inLanguage\":\"fi\",\"potentialAction\":[{\"@type\":\"ReadAction\",\"target\":[\"https:\/\/www.electroluxprofessional.com\/fi\/ammattipesulalaitteet\/viimeistelylaitteet\/\"]}]},{\"@type\":\"BreadcrumbList\",\"@id\":\"https:\/\/www.electroluxprofessional.com\/fi\/ammattipesulalaitteet\/viimeistelylaitteet\/#breadcrumb\",\"itemListElement\":[{\"@type\":\"ListItem\",\"position\":1,\"name\":\"Home\",\"item\":\"https:\/\/www.electroluxprofessional.com\/fi\/\"},{\"@type\":\"ListItem\",\"position\":2,\"name\":\"Ammattipesulalaitteet\",\"item\":\"https:\/\/www.electroluxprofessional.com\/fi\/ammattipesulalaitteet\/\"},{\"@type\":\"ListItem\",\"position\":3,\"name\":\"Viimeistelylaitteet\"}]},{\"@type\":\"WebSite\",\"@id\":\"https:\/\/www.electroluxprofessional.com\/fi\/#website\",\"url\":\"https:\/\/www.electroluxprofessional.com\/fi\/\",\"name\":\"Electrolux Professional Suomi\",\"description\":\"\",\"potentialAction\":[{\"@type\":\"SearchAction\",\"target\":{\"@type\":\"EntryPoint\",\"urlTemplate\":\"https:\/\/www.electroluxprofessional.com\/fi\/?src={search_term_string}\"},\"query-input\":\"required name=search_term_string\"}],\"inLanguage\":\"fi\"}]}<\/script>\n<!-- \/ Yoast SEO plugin. -->","yoast_head_json":{"title":"Viimeistelylaitteet pesuloihin Electrolux Professional Suomi","description":"Electrolux Professionalin viimeistelylaitteet sis\u00e4lt\u00e4v\u00e4t t\u00e4ydellisen valikoiman laitteita k\u00e4ytt\u00e4j\u00e4yst\u00e4v\u00e4llisist\u00e4, automatisoiduista pr\u00e4sseist\u00e4 aina tavallisiin s\u00e4hk\u00f6l\u00e4mmitteisiin silitysp\u00f6ytiin.","robots":{"index":"index","follow":"follow","max-snippet":"max-snippet:-1","max-image-preview":"max-image-preview:large","max-video-preview":"max-video-preview:-1"},"canonical":"https:\/\/www.electroluxprofessional.com\/fi\/ammattipesulalaitteet\/viimeistelylaitteet\/","og_locale":"fi_FI","og_type":"article","og_title":"Viimeistelylaitteet pesuloihin Electrolux Professional Suomi","og_description":"Electrolux Professionalin viimeistelylaitteet sis\u00e4lt\u00e4v\u00e4t t\u00e4ydellisen valikoiman laitteita k\u00e4ytt\u00e4j\u00e4yst\u00e4v\u00e4llisist\u00e4, automatisoiduista pr\u00e4sseist\u00e4 aina tavallisiin s\u00e4hk\u00f6l\u00e4mmitteisiin silitysp\u00f6ytiin.","og_url":"https:\/\/www.electroluxprofessional.com\/fi\/ammattipesulalaitteet\/viimeistelylaitteet\/","og_site_name":"Electrolux Professional Suomi","article_modified_time":"2025-11-05T14:25:46+00:00","twitter_card":"summary_large_image","twitter_misc":{"Arvioitu lukuaika":"2 minuuttia"},"schema":{"@context":"https:\/\/schema.org","@graph":[{"@type":"WebPage","@id":"https:\/\/www.electroluxprofessional.com\/fi\/ammattipesulalaitteet\/viimeistelylaitteet\/","url":"https:\/\/www.electroluxprofessional.com\/fi\/ammattipesulalaitteet\/viimeistelylaitteet\/","name":"Viimeistelylaitteet pesuloihin Electrolux Professional Suomi","isPartOf":{"@id":"https:\/\/www.electroluxprofessional.com\/fi\/#website"},"datePublished":"2017-03-16T14:38:36+00:00","dateModified":"2025-11-05T14:25:46+00:00","description":"Electrolux Professionalin viimeistelylaitteet sis\u00e4lt\u00e4v\u00e4t t\u00e4ydellisen valikoiman laitteita k\u00e4ytt\u00e4j\u00e4yst\u00e4v\u00e4llisist\u00e4, automatisoiduista pr\u00e4sseist\u00e4 aina tavallisiin s\u00e4hk\u00f6l\u00e4mmitteisiin silitysp\u00f6ytiin.","breadcrumb":{"@id":"https:\/\/www.electroluxprofessional.com\/fi\/ammattipesulalaitteet\/viimeistelylaitteet\/#breadcrumb"},"inLanguage":"fi","potentialAction":[{"@type":"ReadAction","target":["https:\/\/www.electroluxprofessional.com\/fi\/ammattipesulalaitteet\/viimeistelylaitteet\/"]}]},{"@type":"BreadcrumbList","@id":"https:\/\/www.electroluxprofessional.com\/fi\/ammattipesulalaitteet\/viimeistelylaitteet\/#breadcrumb","itemListElement":[{"@type":"ListItem","position":1,"name":"Home","item":"https:\/\/www.electroluxprofessional.com\/fi\/"},{"@type":"ListItem","position":2,"name":"Ammattipesulalaitteet","item":"https:\/\/www.electroluxprofessional.com\/fi\/ammattipesulalaitteet\/"},{"@type":"ListItem","position":3,"name":"Viimeistelylaitteet"}]},{"@type":"WebSite","@id":"https:\/\/www.electroluxprofessional.com\/fi\/#website","url":"https:\/\/www.electroluxprofessional.com\/fi\/","name":"Electrolux Professional Suomi","description":"","potentialAction":[{"@type":"SearchAction","target":{"@type":"EntryPoint","urlTemplate":"https:\/\/www.electroluxprofessional.com\/fi\/?src={search_term_string}"},"query-input":"required name=search_term_string"}],"inLanguage":"fi"}]}},"_links":{"self":[{"href":"https:\/\/www.electroluxprofessional.com\/fi\/wp-json\/wp\/v2\/pages\/2597"}],"collection":[{"href":"https:\/\/www.electroluxprofessional.com\/fi\/wp-json\/wp\/v2\/pages"}],"about":[{"href":"https:\/\/www.electroluxprofessional.com\/fi\/wp-json\/wp\/v2\/types\/page"}],"author":[{"embeddable":true,"href":"https:\/\/www.electroluxprofessional.com\/fi\/wp-json\/wp\/v2\/users\/1"}],"replies":[{"embeddable":true,"href":"https:\/\/www.electroluxprofessional.com\/fi\/wp-json\/wp\/v2\/comments?post=2597"}],"version-history":[{"count":19,"href":"https:\/\/www.electroluxprofessional.com\/fi\/wp-json\/wp\/v2\/pages\/2597\/revisions"}],"predecessor-version":[{"id":15645,"href":"https:\/\/www.electroluxprofessional.com\/fi\/wp-json\/wp\/v2\/pages\/2597\/revisions\/15645"}],"up":[{"embeddable":true,"href":"https:\/\/www.electroluxprofessional.com\/fi\/wp-json\/wp\/v2\/pages\/2396"}],"wp:attachment":[{"href":"https:\/\/www.electroluxprofessional.com\/fi\/wp-json\/wp\/v2\/media?parent=2597"}],"curies":[{"name":"wp","href":"https:\/\/api.w.org\/{rel}","templated":true}]}}