{"id":2573,"date":"2017-03-16T14:36:29","date_gmt":"2017-03-16T14:36:29","guid":{"rendered":"https:\/\/www.electroluxprofessional.com\/fi\/?page_id=2573"},"modified":"2024-11-29T10:54:48","modified_gmt":"2024-11-29T10:54:48","slug":"lisavarusteet","status":"publish","type":"page","link":"https:\/\/www.electroluxprofessional.com\/fi\/lisavarusteet\/","title":{"rendered":"Lis\u00e4varusteet toiminnan tehostamiseen"},"content":{"rendered":"<p>[vc_row full_width=&#8221;electroluxpro-full-width-no-padding&#8221;][vc_column][elx_hero_slider label_text_color=&#8221;inherit&#8221; images=&#8221;747&#8243;][elx_heading font_container=&#8221;h1&#8243; font_size=&#8221;h2&#8243; text_color=&#8221;inherit&#8221;]Lis\u00e4varusteet[\/elx_heading][\/elx_hero_slider][\/vc_column][\/vc_row][vc_row][vc_column][vc_empty_space height=&#8221;50px&#8221;][elx_heading font_container=&#8221;h3&#8243; font_size=&#8221;h2&#8243; text_color=&#8221;inherit&#8221; text_align=&#8221;text-center&#8221;]Pienet yksityiskohdat ovat t\u00e4rkeit\u00e4, jotta koko pesula toimii ihanteellisesti.[\/elx_heading][vc_empty_space height=&#8221;30px&#8221;][\/vc_column][\/vc_row][vc_row][vc_column width=&#8221;1\/2&#8243;][elx_simple_block background_color=&#8221;inherit&#8221;][elx_heading font_size=&#8221;h4&#8243; text_color=&#8221;inherit&#8221; text_align=&#8221;text-left&#8221;]N\u00e4m\u00e4 lis\u00e4varusteet helpottavat <strong>lajittelua, kuljetusta ja muita t\u00e4rkeit\u00e4 toimintoja.<\/strong>[\/elx_heading][vc_single_image image=&#8221;897&#8243; img_size=&#8221;large&#8221; alignment=&#8221;center&#8221;][vc_single_image image=&#8221;898&#8243; img_size=&#8221;large&#8221; alignment=&#8221;center&#8221;][elx_button button_text=&#8221;Pesulan lis\u00e4varusteita&#8221; button_style=&#8221;icon&#8221; button_link=&#8221;url:https%3A%2F%2Fprofessional.electrolux.fi%2Ftillbehor-och-forbrukningsvaror%2Ftillbehor-forbrokningsartiklar-laundry%2F|title:Accessories%20and%20consumables%20for%20laundry%20solutions||&#8221;][elx_button button_text=&#8221;Tillbeh\u00f6rsbroschyr&#8221; button_style=&#8221;icon&#8221; button_link=&#8221;url:https%3A%2F%2Fprofessional.electrolux.fi%2Fwp-content%2Fuploads%2F2017%2F03%2FTillbehor_OK.pdf|||&#8221;][\/elx_simple_block][\/vc_column][vc_column width=&#8221;1\/2&#8243;][vc_single_image image=&#8221;896&#8243; img_size=&#8221;large&#8221;][\/vc_column][\/vc_row][vc_row][vc_column][vc_empty_space height=&#8221;50px&#8221;][elx_heading font_size=&#8221;h2&#8243; text_color=&#8221;inherit&#8221; text_align=&#8221;text-center&#8221;]Haluatko tiet\u00e4\u00e4 lis\u00e4\u00e4? Ota meihin yhteytt\u00e4![\/elx_heading][elx_o2000_contact_us s=&#8221;Kysely pesulan varusteista&#8221; country=&#8221;Finland&#8221; b=&#8221;laundry&#8221; container=&#8221;elxcontactus1478708427&#8243; r=&#8221;Haluan lis\u00e4tietoja pesulan varusteista. Ottakaa minuun yhteytt\u00e4.&#8221; e=&#8221;els.info@electrolux.fi&#8221; l=&#8221;fi&#8221;][vc_empty_space height=&#8221;50px&#8221;][\/vc_column][\/vc_row][vc_row][vc_column][elx_heading font_size=&#8221;h3&#8243; text_color=&#8221;inherit&#8221; text_align=&#8221;text-center&#8221;]Olet ehk\u00e4 kiinnostunut my\u00f6s seuraavista tuotteista:[\/elx_heading][\/vc_column][\/vc_row][vc_row][vc_column width=&#8221;1\/3&#8243;][elx_maylike_box id_box=&#8221;2834&#8243;][\/vc_column][vc_column width=&#8221;1\/3&#8243;][elx_maylike_box id_box=&#8221;2855&#8243;][\/vc_column][vc_column width=&#8221;1\/3&#8243;][elx_maylike_box id_box=&#8221;2830&#8243;][\/vc_column][\/vc_row][vc_row][vc_column][vc_empty_space height=&#8221;50px&#8221;][\/vc_column][\/vc_row][vc_row][vc_column width=&#8221;1\/2&#8243;][\/vc_column][vc_column width=&#8221;1\/2&#8243;][\/vc_column][\/vc_row]<\/p>\n","protected":false},"excerpt":{"rendered":"<p>[vc_row full_width=&#8221;electroluxpro-full-width-no-padding&#8221;][vc_column][elx_hero_slider label_text_color=&#8221;inherit&#8221; images=&#8221;747&#8243;][elx_heading font_container=&#8221;h1&#8243; font_size=&#8221;h2&#8243; text_color=&#8221;inherit&#8221;]Lis\u00e4varusteet[\/elx_heading][\/elx_hero_slider][\/vc_column][\/vc_row][vc_row][vc_column][vc_empty_space height=&#8221;50px&#8221;][elx_heading font_container=&#8221;h3&#8243; font_size=&#8221;h2&#8243; text_color=&#8221;inherit&#8221; text_align=&#8221;text-center&#8221;]Pienet yksityiskohdat ovat t\u00e4rkeit\u00e4, jotta koko pesula toimii ihanteellisesti.[\/elx_heading][vc_empty_space height=&#8221;30px&#8221;][\/vc_column][\/vc_row][vc_row][vc_column width=&#8221;1\/2&#8243;][elx_simple_block background_color=&#8221;inherit&#8221;][elx_heading font_size=&#8221;h4&#8243; text_color=&#8221;inherit&#8221; text_align=&#8221;text-left&#8221;]N\u00e4m\u00e4 lis\u00e4varusteet helpottavat lajittelua, kuljetusta ja muita t\u00e4rkeit\u00e4 toimintoja.[\/elx_heading][vc_single_image image=&#8221;897&#8243; img_size=&#8221;large&#8221; alignment=&#8221;center&#8221;][vc_single_image image=&#8221;898&#8243; img_size=&#8221;large&#8221; alignment=&#8221;center&#8221;][elx_button button_text=&#8221;Pesulan lis\u00e4varusteita&#8221; button_style=&#8221;icon&#8221; button_link=&#8221;url:https%3A%2F%2Fprofessional.electrolux.fi%2Ftillbehor-och-forbrukningsvaror%2Ftillbehor-forbrokningsartiklar-laundry%2F|title:Accessories%20and%20consumables%20for%20laundry%20solutions||&#8221;][elx_button button_text=&#8221;Tillbeh\u00f6rsbroschyr&#8221; button_style=&#8221;icon&#8221; button_link=&#8221;url:https%3A%2F%2Fprofessional.electrolux.fi%2Fwp-content%2Fuploads%2F2017%2F03%2FTillbehor_OK.pdf|||&#8221;][\/elx_simple_block][\/vc_column][vc_column width=&#8221;1\/2&#8243;][vc_single_image image=&#8221;896&#8243; img_size=&#8221;large&#8221;][\/vc_column][\/vc_row][vc_row][vc_column][vc_empty_space height=&#8221;50px&#8221;][elx_heading font_size=&#8221;h2&#8243; text_color=&#8221;inherit&#8221; text_align=&#8221;text-center&#8221;]Haluatko tiet\u00e4\u00e4 [&hellip;]<\/p>\n","protected":false},"author":1,"featured_media":0,"parent":0,"menu_order":0,"comment_status":"closed","ping_status":"closed","template":"","meta":{"footnotes":""},"class_list":["post-2573","page","type-page","status-publish","hentry"],"yoast_head":"<!-- This site is optimized with the Yoast SEO plugin v23.3 - https:\/\/yoast.com\/wordpress\/plugins\/seo\/ -->\n<title>Lis\u00e4varusteet toiminnan tehostamiseen - Electrolux Professional Suomi<\/title>\n<meta name=\"description\" content=\"Lis\u00e4varusteet\" \/>\n<meta name=\"robots\" content=\"index, follow, max-snippet:-1, max-image-preview:large, max-video-preview:-1\" \/>\n<link rel=\"canonical\" href=\"https:\/\/www.electroluxprofessional.com\/fi\/lisavarusteet\/\" \/>\n<meta property=\"og:locale\" content=\"fi_FI\" \/>\n<meta property=\"og:type\" content=\"article\" \/>\n<meta property=\"og:title\" content=\"Lis\u00e4varusteet toiminnan tehostamiseen - Electrolux Professional Suomi\" \/>\n<meta property=\"og:description\" content=\"Lis\u00e4varusteet\" \/>\n<meta property=\"og:url\" content=\"https:\/\/www.electroluxprofessional.com\/fi\/lisavarusteet\/\" \/>\n<meta property=\"og:site_name\" content=\"Electrolux Professional Suomi\" \/>\n<meta property=\"article:modified_time\" content=\"2024-11-29T10:54:48+00:00\" \/>\n<meta name=\"twitter:card\" content=\"summary_large_image\" \/>\n<meta name=\"twitter:label1\" content=\"Arvioitu lukuaika\" \/>\n\t<meta name=\"twitter:data1\" content=\"1 minuutti\" \/>\n<script type=\"application\/ld+json\" class=\"yoast-schema-graph\">{\"@context\":\"https:\/\/schema.org\",\"@graph\":[{\"@type\":\"WebPage\",\"@id\":\"https:\/\/www.electroluxprofessional.com\/fi\/lisavarusteet\/\",\"url\":\"https:\/\/www.electroluxprofessional.com\/fi\/lisavarusteet\/\",\"name\":\"Lis\u00e4varusteet toiminnan tehostamiseen - Electrolux Professional Suomi\",\"isPartOf\":{\"@id\":\"https:\/\/www.electroluxprofessional.com\/fi\/#website\"},\"datePublished\":\"2017-03-16T14:36:29+00:00\",\"dateModified\":\"2024-11-29T10:54:48+00:00\",\"description\":\"Lis\u00e4varusteet\",\"breadcrumb\":{\"@id\":\"https:\/\/www.electroluxprofessional.com\/fi\/lisavarusteet\/#breadcrumb\"},\"inLanguage\":\"fi\",\"potentialAction\":[{\"@type\":\"ReadAction\",\"target\":[\"https:\/\/www.electroluxprofessional.com\/fi\/lisavarusteet\/\"]}]},{\"@type\":\"BreadcrumbList\",\"@id\":\"https:\/\/www.electroluxprofessional.com\/fi\/lisavarusteet\/#breadcrumb\",\"itemListElement\":[{\"@type\":\"ListItem\",\"position\":1,\"name\":\"Home\",\"item\":\"https:\/\/www.electroluxprofessional.com\/fi\/\"},{\"@type\":\"ListItem\",\"position\":2,\"name\":\"Lis\u00e4varusteet toiminnan tehostamiseen\"}]},{\"@type\":\"WebSite\",\"@id\":\"https:\/\/www.electroluxprofessional.com\/fi\/#website\",\"url\":\"https:\/\/www.electroluxprofessional.com\/fi\/\",\"name\":\"Electrolux Professional Suomi\",\"description\":\"\",\"potentialAction\":[{\"@type\":\"SearchAction\",\"target\":{\"@type\":\"EntryPoint\",\"urlTemplate\":\"https:\/\/www.electroluxprofessional.com\/fi\/?src={search_term_string}\"},\"query-input\":\"required name=search_term_string\"}],\"inLanguage\":\"fi\"}]}<\/script>\n<!-- \/ Yoast SEO plugin. -->","yoast_head_json":{"title":"Lis\u00e4varusteet toiminnan tehostamiseen - Electrolux Professional Suomi","description":"Lis\u00e4varusteet","robots":{"index":"index","follow":"follow","max-snippet":"max-snippet:-1","max-image-preview":"max-image-preview:large","max-video-preview":"max-video-preview:-1"},"canonical":"https:\/\/www.electroluxprofessional.com\/fi\/lisavarusteet\/","og_locale":"fi_FI","og_type":"article","og_title":"Lis\u00e4varusteet toiminnan tehostamiseen - Electrolux Professional Suomi","og_description":"Lis\u00e4varusteet","og_url":"https:\/\/www.electroluxprofessional.com\/fi\/lisavarusteet\/","og_site_name":"Electrolux Professional Suomi","article_modified_time":"2024-11-29T10:54:48+00:00","twitter_card":"summary_large_image","twitter_misc":{"Arvioitu lukuaika":"1 minuutti"},"schema":{"@context":"https:\/\/schema.org","@graph":[{"@type":"WebPage","@id":"https:\/\/www.electroluxprofessional.com\/fi\/lisavarusteet\/","url":"https:\/\/www.electroluxprofessional.com\/fi\/lisavarusteet\/","name":"Lis\u00e4varusteet toiminnan tehostamiseen - Electrolux Professional Suomi","isPartOf":{"@id":"https:\/\/www.electroluxprofessional.com\/fi\/#website"},"datePublished":"2017-03-16T14:36:29+00:00","dateModified":"2024-11-29T10:54:48+00:00","description":"Lis\u00e4varusteet","breadcrumb":{"@id":"https:\/\/www.electroluxprofessional.com\/fi\/lisavarusteet\/#breadcrumb"},"inLanguage":"fi","potentialAction":[{"@type":"ReadAction","target":["https:\/\/www.electroluxprofessional.com\/fi\/lisavarusteet\/"]}]},{"@type":"BreadcrumbList","@id":"https:\/\/www.electroluxprofessional.com\/fi\/lisavarusteet\/#breadcrumb","itemListElement":[{"@type":"ListItem","position":1,"name":"Home","item":"https:\/\/www.electroluxprofessional.com\/fi\/"},{"@type":"ListItem","position":2,"name":"Lis\u00e4varusteet toiminnan tehostamiseen"}]},{"@type":"WebSite","@id":"https:\/\/www.electroluxprofessional.com\/fi\/#website","url":"https:\/\/www.electroluxprofessional.com\/fi\/","name":"Electrolux Professional Suomi","description":"","potentialAction":[{"@type":"SearchAction","target":{"@type":"EntryPoint","urlTemplate":"https:\/\/www.electroluxprofessional.com\/fi\/?src={search_term_string}"},"query-input":"required name=search_term_string"}],"inLanguage":"fi"}]}},"_links":{"self":[{"href":"https:\/\/www.electroluxprofessional.com\/fi\/wp-json\/wp\/v2\/pages\/2573"}],"collection":[{"href":"https:\/\/www.electroluxprofessional.com\/fi\/wp-json\/wp\/v2\/pages"}],"about":[{"href":"https:\/\/www.electroluxprofessional.com\/fi\/wp-json\/wp\/v2\/types\/page"}],"author":[{"embeddable":true,"href":"https:\/\/www.electroluxprofessional.com\/fi\/wp-json\/wp\/v2\/users\/1"}],"replies":[{"embeddable":true,"href":"https:\/\/www.electroluxprofessional.com\/fi\/wp-json\/wp\/v2\/comments?post=2573"}],"version-history":[{"count":16,"href":"https:\/\/www.electroluxprofessional.com\/fi\/wp-json\/wp\/v2\/pages\/2573\/revisions"}],"predecessor-version":[{"id":13868,"href":"https:\/\/www.electroluxprofessional.com\/fi\/wp-json\/wp\/v2\/pages\/2573\/revisions\/13868"}],"wp:attachment":[{"href":"https:\/\/www.electroluxprofessional.com\/fi\/wp-json\/wp\/v2\/media?parent=2573"}],"curies":[{"name":"wp","href":"https:\/\/api.w.org\/{rel}","templated":true}]}}