{"id":2479,"date":"2017-03-23T12:38:03","date_gmt":"2017-03-23T12:38:03","guid":{"rendered":"https:\/\/www.electroluxprofessional.com\/fi\/?page_id=2479"},"modified":"2017-04-19T07:16:48","modified_gmt":"2017-04-19T07:16:48","slug":"taste-the-stress","status":"publish","type":"page","link":"https:\/\/www.electroluxprofessional.com\/fi\/taste-the-stress\/","title":{"rendered":"Taste the stress"},"content":{"rendered":"<p>[vc_row full_width=&#8221;electroluxpro-full-width-no-padding&#8221;][vc_column][elx_hero_slider label_text_color=&#8221;inherit&#8221; images=&#8221;2169&#8243;][elx_heading font_container=&#8221;h1&#8243; font_size=&#8221;h2&#8243; text_color=&#8221;inherit&#8221;]Can you<br \/>\ntaste stress?[\/elx_heading][\/elx_hero_slider][\/vc_column][\/vc_row][vc_row][vc_column][vc_empty_space][\/vc_column][\/vc_row][vc_row][vc_column width=&#8221;1\/2&#8243;][elx_heading font_size=&#8221;h3&#8243; text_color=&#8221;inherit&#8221;]<strong>Arbetsmilj\u00f6n i k\u00f6ket f\u00f6r\u00e4ndras<\/strong><br \/>\nArbeta b\u00e4ttre, h\u00e4lsosammare, mer h\u00e5llbart och l\u00f6nsamt[\/elx_heading][vc_empty_space height=&#8221;20px&#8221;][elx_heading font_size=&#8221;h4&#8243; text_color=&#8221;inherit&#8221;]<strong>Negativ stress har blivit en accepterad norm i stork\u00f6k<\/strong> och till f\u00f6ljd av detta lider industrin.[\/elx_heading][vc_empty_space height=&#8221;20px&#8221;][vc_column_text]<span id=\"result_box\" class=\"\" lang=\"sv\">Det talas om att stress \u00e4r en viktig ingrediens f\u00f6r att f\u00e5 den d\u00e4r extra touchen p\u00e5 en m\u00e5ltid. F\u00f6r att testa detta har <strong>Electrolux <span class=\"\">Professional<\/span> genomf\u00f6rt ett socialt experiment med tv\u00e5 lag av kockar &#8211; lag r\u00f6d och lag bl\u00e5.<\/strong><\/span>[\/vc_column_text][\/vc_column][vc_column width=&#8221;1\/2&#8243;][vc_empty_space height=&#8221;15px&#8221;][elx_video_block background_image=&#8221;2167&#8243; video_link=&#8221;https:\/\/www.youtube.com\/watch?v=RhRdfrToUQw&#8221; minimum_height=&#8221;420px&#8221;][\/vc_column][\/vc_row][vc_row][vc_column][vc_empty_space height=&#8221;15px&#8221;][\/vc_column][\/vc_row][vc_row][vc_column width=&#8221;1\/2&#8243;][vc_column_text]<span id=\"result_box\" class=\"\" lang=\"sv\">De medverkande bar pulsm\u00e4tare och instruerades att f\u00f6rbereda samma meny best\u00e5ende av fyra r\u00e4tter, men med olika utrustning.<\/span><\/p>\n<p>F\u00f6r att provocera fram negativ stress<span class=\"\">,<\/span> <span class=\"\">fick <\/span>det r\u00f6da laget <span class=\"\">i uppdrag att<\/span> f\u00f6rbereda sina r\u00e4tter med endast de vanliga <span class=\"\">produkterna f\u00f6r<\/span> <span class=\"\">stork\u00f6k.<\/span> Det bl\u00e5 laget arbetade med hj\u00e4lp av <strong>Electrolux Cook &amp; Chill<\/strong>, <span class=\"\">ett system som<\/span> <span class=\"\">kan<\/span> <span class=\"\">hj\u00e4lpa till att bek\u00e4mpa<\/span> vanliga k\u00e4llor till stress i k\u00f6ket genom att effektivisera <span class=\"\">arbetsfl\u00f6det<\/span><span class=\"\">.<\/span>[\/vc_column_text][elx_button css=&#8221;&#8221; button_text=&#8221;Ladda ner pressreleasen som worddokument&#8221; button_link=&#8221;url:https%3A%2F%2Fwww.electroluxprofessional.com%2Fwp-content%2Fuploads%2F2017%2F02%2FElectrolux-Professional_Taste-the-Stress_press-release.docx|title:Press%20release%20taste%20the%20stress||&#8221; button_style=&#8221;icon&#8221;][\/vc_column][vc_column width=&#8221;1\/2&#8243;][elx_image_block background_image=&#8221;2168&#8243; minimum_height=&#8221;380px&#8221;][\/vc_column][\/vc_row][vc_row][vc_column][vc_empty_space][elx_heading font_container=&#8221;h3&#8243; text_color=&#8221;inherit&#8221;]Vill du veta mer? Ladda ner ditt ex av &#8220;Taste the stress&#8221; Whitepaper h\u00e4r![\/elx_heading][elx_o2000_download_form linkattachment=&#8221;https:\/\/www.electroluxprofessional.com\/wp-content\/uploads\/2017\/01\/Electrolux-Professional_Taste-the-Stress_white-paper.pdf&#8221; emailsubject=&#8221;Jag \u00f6nskar f\u00e5 nyhetsbrevet&#8221; email=&#8221;anders.norell@electrolux.com&#8221; language=&#8221;se&#8221; thanksmsg=&#8221;Tack! H\u00e4r \u00e4r ditt exemplar av &#8220;Taste the stress&#8220;&#8221; container=&#8221;elxcontactus1486712163&#8243;][\/vc_column][\/vc_row][vc_row][vc_column][vc_empty_space][elx_heading font_container=&#8221;h3&#8243; text_color=&#8221;inherit&#8221;]Du kanske \u00e4ven \u00e4r intresserad av:[\/elx_heading][\/vc_column][\/vc_row][vc_row][vc_column width=&#8221;1\/3&#8243;][elx_maylike_box id_box=&#8221;2686&#8243;][\/vc_column][vc_column width=&#8221;1\/3&#8243;][elx_maylike_box id_box=&#8221;2691&#8243;][\/vc_column][vc_column width=&#8221;1\/3&#8243;][elx_maylike_box id_box=&#8221;3523&#8243;][\/vc_column][\/vc_row]<\/p>\n","protected":false},"excerpt":{"rendered":"<p>[vc_row full_width=&#8221;electroluxpro-full-width-no-padding&#8221;][vc_column][elx_hero_slider label_text_color=&#8221;inherit&#8221; images=&#8221;2169&#8243;][elx_heading font_container=&#8221;h1&#8243; font_size=&#8221;h2&#8243; text_color=&#8221;inherit&#8221;]Can you taste stress?[\/elx_heading][\/elx_hero_slider][\/vc_column][\/vc_row][vc_row][vc_column][vc_empty_space][\/vc_column][\/vc_row][vc_row][vc_column width=&#8221;1\/2&#8243;][elx_heading font_size=&#8221;h3&#8243; text_color=&#8221;inherit&#8221;]Arbetsmilj\u00f6n i k\u00f6ket f\u00f6r\u00e4ndras Arbeta b\u00e4ttre, h\u00e4lsosammare, mer h\u00e5llbart och l\u00f6nsamt[\/elx_heading][vc_empty_space height=&#8221;20px&#8221;][elx_heading font_size=&#8221;h4&#8243; text_color=&#8221;inherit&#8221;]Negativ stress har blivit en accepterad norm i stork\u00f6k och till f\u00f6ljd av detta lider industrin.[\/elx_heading][vc_empty_space height=&#8221;20px&#8221;][vc_column_text]Det talas om att stress \u00e4r en viktig ingrediens f\u00f6r att f\u00e5 den d\u00e4r [&hellip;]<\/p>\n","protected":false},"author":1,"featured_media":0,"parent":0,"menu_order":0,"comment_status":"closed","ping_status":"closed","template":"","meta":{"footnotes":""},"class_list":["post-2479","page","type-page","status-publish","hentry"],"yoast_head":"<!-- This site is optimized with the Yoast SEO plugin v23.3 - https:\/\/yoast.com\/wordpress\/plugins\/seo\/ -->\n<title>Taste the stress, stress i professionella k\u00f6k - Electrolux Professional<\/title>\n<meta name=\"description\" content=\"Det talas om att stress \u00e4r en viktig del f\u00f6r den extra touchen i professionella k\u00f6k. D\u00e4rf\u00f6r har Electrolux Professional genomf\u00f6rt ett socialt experiment.\" \/>\n<meta name=\"robots\" content=\"index, follow, max-snippet:-1, max-image-preview:large, max-video-preview:-1\" \/>\n<link rel=\"canonical\" href=\"https:\/\/www.electroluxprofessional.com\/fi\/taste-the-stress\/\" \/>\n<meta property=\"og:locale\" content=\"fi_FI\" \/>\n<meta property=\"og:type\" content=\"article\" \/>\n<meta property=\"og:title\" content=\"Taste the stress, stress i professionella k\u00f6k - Electrolux Professional\" \/>\n<meta property=\"og:description\" content=\"Det talas om att stress \u00e4r en viktig del f\u00f6r den extra touchen i professionella k\u00f6k. D\u00e4rf\u00f6r har Electrolux Professional genomf\u00f6rt ett socialt experiment.\" \/>\n<meta property=\"og:url\" content=\"https:\/\/www.electroluxprofessional.com\/fi\/taste-the-stress\/\" \/>\n<meta property=\"og:site_name\" content=\"Electrolux Professional Suomi\" \/>\n<meta property=\"article:modified_time\" content=\"2017-04-19T07:16:48+00:00\" \/>\n<meta name=\"twitter:card\" content=\"summary_large_image\" \/>\n<meta name=\"twitter:label1\" content=\"Arvioitu lukuaika\" \/>\n\t<meta name=\"twitter:data1\" content=\"3 minuuttia\" \/>\n<script type=\"application\/ld+json\" class=\"yoast-schema-graph\">{\"@context\":\"https:\/\/schema.org\",\"@graph\":[{\"@type\":\"WebPage\",\"@id\":\"https:\/\/www.electroluxprofessional.com\/fi\/taste-the-stress\/\",\"url\":\"https:\/\/www.electroluxprofessional.com\/fi\/taste-the-stress\/\",\"name\":\"Taste the stress, stress i professionella k\u00f6k - Electrolux Professional\",\"isPartOf\":{\"@id\":\"https:\/\/www.electroluxprofessional.com\/fi\/#website\"},\"datePublished\":\"2017-03-23T12:38:03+00:00\",\"dateModified\":\"2017-04-19T07:16:48+00:00\",\"description\":\"Det talas om att stress \u00e4r en viktig del f\u00f6r den extra touchen i professionella k\u00f6k. D\u00e4rf\u00f6r har Electrolux Professional genomf\u00f6rt ett socialt experiment.\",\"breadcrumb\":{\"@id\":\"https:\/\/www.electroluxprofessional.com\/fi\/taste-the-stress\/#breadcrumb\"},\"inLanguage\":\"fi\",\"potentialAction\":[{\"@type\":\"ReadAction\",\"target\":[\"https:\/\/www.electroluxprofessional.com\/fi\/taste-the-stress\/\"]}]},{\"@type\":\"BreadcrumbList\",\"@id\":\"https:\/\/www.electroluxprofessional.com\/fi\/taste-the-stress\/#breadcrumb\",\"itemListElement\":[{\"@type\":\"ListItem\",\"position\":1,\"name\":\"Home\",\"item\":\"https:\/\/www.electroluxprofessional.com\/fi\/\"},{\"@type\":\"ListItem\",\"position\":2,\"name\":\"Taste the stress\"}]},{\"@type\":\"WebSite\",\"@id\":\"https:\/\/www.electroluxprofessional.com\/fi\/#website\",\"url\":\"https:\/\/www.electroluxprofessional.com\/fi\/\",\"name\":\"Electrolux Professional Suomi\",\"description\":\"\",\"potentialAction\":[{\"@type\":\"SearchAction\",\"target\":{\"@type\":\"EntryPoint\",\"urlTemplate\":\"https:\/\/www.electroluxprofessional.com\/fi\/?src={search_term_string}\"},\"query-input\":\"required name=search_term_string\"}],\"inLanguage\":\"fi\"}]}<\/script>\n<!-- \/ Yoast SEO plugin. -->","yoast_head_json":{"title":"Taste the stress, stress i professionella k\u00f6k - Electrolux Professional","description":"Det talas om att stress \u00e4r en viktig del f\u00f6r den extra touchen i professionella k\u00f6k. D\u00e4rf\u00f6r har Electrolux Professional genomf\u00f6rt ett socialt experiment.","robots":{"index":"index","follow":"follow","max-snippet":"max-snippet:-1","max-image-preview":"max-image-preview:large","max-video-preview":"max-video-preview:-1"},"canonical":"https:\/\/www.electroluxprofessional.com\/fi\/taste-the-stress\/","og_locale":"fi_FI","og_type":"article","og_title":"Taste the stress, stress i professionella k\u00f6k - Electrolux Professional","og_description":"Det talas om att stress \u00e4r en viktig del f\u00f6r den extra touchen i professionella k\u00f6k. D\u00e4rf\u00f6r har Electrolux Professional genomf\u00f6rt ett socialt experiment.","og_url":"https:\/\/www.electroluxprofessional.com\/fi\/taste-the-stress\/","og_site_name":"Electrolux Professional Suomi","article_modified_time":"2017-04-19T07:16:48+00:00","twitter_card":"summary_large_image","twitter_misc":{"Arvioitu lukuaika":"3 minuuttia"},"schema":{"@context":"https:\/\/schema.org","@graph":[{"@type":"WebPage","@id":"https:\/\/www.electroluxprofessional.com\/fi\/taste-the-stress\/","url":"https:\/\/www.electroluxprofessional.com\/fi\/taste-the-stress\/","name":"Taste the stress, stress i professionella k\u00f6k - Electrolux Professional","isPartOf":{"@id":"https:\/\/www.electroluxprofessional.com\/fi\/#website"},"datePublished":"2017-03-23T12:38:03+00:00","dateModified":"2017-04-19T07:16:48+00:00","description":"Det talas om att stress \u00e4r en viktig del f\u00f6r den extra touchen i professionella k\u00f6k. D\u00e4rf\u00f6r har Electrolux Professional genomf\u00f6rt ett socialt experiment.","breadcrumb":{"@id":"https:\/\/www.electroluxprofessional.com\/fi\/taste-the-stress\/#breadcrumb"},"inLanguage":"fi","potentialAction":[{"@type":"ReadAction","target":["https:\/\/www.electroluxprofessional.com\/fi\/taste-the-stress\/"]}]},{"@type":"BreadcrumbList","@id":"https:\/\/www.electroluxprofessional.com\/fi\/taste-the-stress\/#breadcrumb","itemListElement":[{"@type":"ListItem","position":1,"name":"Home","item":"https:\/\/www.electroluxprofessional.com\/fi\/"},{"@type":"ListItem","position":2,"name":"Taste the stress"}]},{"@type":"WebSite","@id":"https:\/\/www.electroluxprofessional.com\/fi\/#website","url":"https:\/\/www.electroluxprofessional.com\/fi\/","name":"Electrolux Professional Suomi","description":"","potentialAction":[{"@type":"SearchAction","target":{"@type":"EntryPoint","urlTemplate":"https:\/\/www.electroluxprofessional.com\/fi\/?src={search_term_string}"},"query-input":"required name=search_term_string"}],"inLanguage":"fi"}]}},"_links":{"self":[{"href":"https:\/\/www.electroluxprofessional.com\/fi\/wp-json\/wp\/v2\/pages\/2479"}],"collection":[{"href":"https:\/\/www.electroluxprofessional.com\/fi\/wp-json\/wp\/v2\/pages"}],"about":[{"href":"https:\/\/www.electroluxprofessional.com\/fi\/wp-json\/wp\/v2\/types\/page"}],"author":[{"embeddable":true,"href":"https:\/\/www.electroluxprofessional.com\/fi\/wp-json\/wp\/v2\/users\/1"}],"replies":[{"embeddable":true,"href":"https:\/\/www.electroluxprofessional.com\/fi\/wp-json\/wp\/v2\/comments?post=2479"}],"version-history":[{"count":6,"href":"https:\/\/www.electroluxprofessional.com\/fi\/wp-json\/wp\/v2\/pages\/2479\/revisions"}],"predecessor-version":[{"id":3528,"href":"https:\/\/www.electroluxprofessional.com\/fi\/wp-json\/wp\/v2\/pages\/2479\/revisions\/3528"}],"wp:attachment":[{"href":"https:\/\/www.electroluxprofessional.com\/fi\/wp-json\/wp\/v2\/media?parent=2479"}],"curies":[{"name":"wp","href":"https:\/\/api.w.org\/{rel}","templated":true}]}}