{"id":2469,"date":"2017-03-22T13:25:36","date_gmt":"2017-03-22T13:25:36","guid":{"rendered":"https:\/\/www.electroluxprofessional.com\/fi\/?page_id=2469"},"modified":"2017-04-24T13:25:06","modified_gmt":"2017-04-24T13:25:06","slug":"tryckkokning","status":"publish","type":"page","link":"https:\/\/www.electroluxprofessional.com\/fi\/tryckkokning\/","title":{"rendered":"High Speed Multi Cooker"},"content":{"rendered":"<p>[vc_row full_width=&#8221;electroluxpro-full-width-no-padding&#8221;][vc_column][elx_hero_slider text_position=&#8221;hero_slider_text_align_right&#8221; label_text_color=&#8221;inherit&#8221; images=&#8221;1970&#8243;][elx_heading font_container=&#8221;h1&#8243; font_size=&#8221;h2&#8243; text_color=&#8221;inherit&#8221;]High Speed Multicooker[\/elx_heading][\/elx_hero_slider][\/vc_column][\/vc_row][vc_row][vc_column][vc_empty_space][elx_heading font_size=&#8221;h2&#8243; text_color=&#8221;inherit&#8221; text_align=&#8221;text-center&#8221;]Tryckkokning &#8211; spara upp till 70% i tid![\/elx_heading][vc_empty_space][\/vc_column][\/vc_row][vc_row][vc_column width=&#8221;1\/2&#8243;][elx_heading font_size=&#8221;h4&#8243; text_color=&#8221;inherit&#8221;]therma High Speed Multi Cooker \u00e4r den ultimata l\u00f6sningen f\u00f6r h\u00f6g produktivitet, effektivitet och precision[\/elx_heading][vc_empty_space][vc_column_text]Halvera tillagningstiden med tryckkokning.<br \/>\nSpara tid och pengar genom att tillaga enklare styckdetaljer. I therma High Speed Multi cooker kan du <strong>tillaga en gryta i botten och samtidigt \u00e5ngkoka gr\u00f6nsakerna (tillbeh\u00f6ren) \u00f6ver, utan att smaker \u00f6verf\u00f6rs.<\/strong><\/p>\n<p>Stekbord med m\u00f6jlighet att tillaga under <strong>0,45 bar tryck f\u00f6rkortar tillagningstider med upp till 70% och spar upp till 80% energi<\/strong> tack vare reducerade tider och exakt temperaturkontroll.<\/p>\n<p>M\u00f6jlighet att<strong> tillaga i tv\u00e5 oberoende separata zoner<\/strong> av brunnen g\u00f6r att inte hela pannan m\u00e5ste anv\u00e4ndas. K\u00e4rntermometer stannar tillagningen vid uppn\u00e5dd temperatur vilket ger optimalt resultat.<\/p>\n<p>Se videon nedan![\/vc_column_text][\/vc_column][vc_column width=&#8221;1\/2&#8243;][elx_image_block background_image=&#8221;3095&#8243; minimum_height=&#8221;450px&#8221;][\/vc_column][\/vc_row][vc_row][vc_column width=&#8221;1\/4&#8243;][elx_heading font_size=&#8221;h4&#8243; text_color=&#8221;inherit&#8221;]Enkel att anv\u00e4nda[\/elx_heading][vc_column_text]Utrustad med en <strong>touch screen kontrollpanel<\/strong>, tydligt synlig fr\u00e5n h\u00e5ll, med ikoner och precis inst\u00e4llning av bl.a. temperatur.[\/vc_column_text][\/vc_column][vc_column width=&#8221;1\/4&#8243;][elx_heading font_size=&#8221;h4&#8243; text_color=&#8221;inherit&#8221;]Hygien framf\u00f6r allt[\/elx_heading][vc_column_text]Snabb, enkel och grundlig reng\u00f6ring tack vare <strong>IPX6 kapslingsklass<\/strong>, 8 g\u00e5nger starkare mot starka vattenstr\u00e5lar.[\/vc_column_text][\/vc_column][vc_column width=&#8221;1\/4&#8243;][elx_heading font_size=&#8221;h4&#8243; text_color=&#8221;inherit&#8221;]H\u00f6gkvalitativ mat[\/elx_heading][vc_column_text]Den l\u00e5ga andelen syre f\u00f6rhindrar oxidering av n\u00e4rings\u00e4mnen och vitaminer. Detta resulterar i att maten f\u00e5r b\u00e4ttre <strong>smak<\/strong>, <strong>f\u00e4rg<\/strong>, <strong>konsistens<\/strong> och h\u00e5ller sig <strong>fr\u00e4sch<\/strong>. Gr\u00f6nsaker kan med f\u00f6rdel\u00a0tillagas med \u00e5nga, utan att s\u00e4nkas ner i vattnet.[\/vc_column_text][\/vc_column][vc_column width=&#8221;1\/4&#8243;][elx_heading font_size=&#8221;h4&#8243; text_color=&#8221;inherit&#8221;]Energibesparing[\/elx_heading][vc_column_text]L\u00e4gre tillagningstid ger h\u00f6gre produktivitet samtidigt som du sparar energi, b\u00e5de i uppv\u00e4rmning och tillagningsprogram.[\/vc_column_text][\/vc_column][\/vc_row][vc_row][vc_column][vc_empty_space height=&#8221;20px&#8221;][\/vc_column][\/vc_row][vc_row][vc_column width=&#8221;1\/3&#8243;][vc_empty_space height=&#8221;20px&#8221;][elx_download_block text=&#8221;Broschyr High Speed Multi Cooker&#8221; link=&#8221;files.professional.electrolux.com\/docs\/?n=9JEHO&amp;b=5&amp;l=1&#8243; background_color=&#8221;orange&#8221; reveal_effect=&#8221;&#8221; reveal_duration=&#8221;&#8221; reveal_delay=&#8221;&#8221;][elx_download_block text=&#8221;Se thermalines spisserie&#8221; link=&#8221;https:\/\/www.electroluxprofessional.com\/fi\/food-professionella-storkok-och-restauranger\/thermaline-cooking-ranges\/&#8221; background_color=&#8221;orange&#8221; reveal_effect=&#8221;&#8221; reveal_duration=&#8221;&#8221; reveal_delay=&#8221;&#8221;][\/vc_column][vc_column width=&#8221;2\/3&#8243;][elx_heading text_color=&#8221;inherit&#8221;]Spara upp till 70% i tillagningstid! Se videon h\u00e4r![\/elx_heading][elx_video_block background_image=&#8221;1968&#8243; is_full_height=&#8221;full-height&#8221; video_link=&#8221;https:\/\/www.youtube.com\/watch?v=cSwURycS1aQ&amp;list=PLn-GI5LWCZdQ5Hva7Kd0SB5eH2WkvuBt8&#8243; minimum_height=&#8221;260px&#8221;][\/vc_column][\/vc_row][vc_row][vc_column][vc_empty_space height=&#8221;50px&#8221;][\/vc_column][\/vc_row][vc_row][vc_column][vc_empty_space height=&#8221;50px&#8221;][elx_heading text_color=&#8221;inherit&#8221; text_align=&#8221;text-center&#8221;]Vill du veta mer? Kontakta oss![\/elx_heading][elx_o2000_contact_us r=&#8221;Jag skulle vilja veta mer om High Speed Multicooker, v\u00e4nligen kontakta mig!&#8221; s=&#8221;Request of information about ProThermetic Boiling and Braising Pans&#8221; e=&#8221;anders.norell@electrolux.com&#8221; country=&#8221;Sweden&#8221; l=&#8221;se&#8221; container=&#8221;elxcontactus1479220371&#8243;][vc_empty_space height=&#8221;50px&#8221;][\/vc_column][\/vc_row]<\/p>\n","protected":false},"excerpt":{"rendered":"<p>[vc_row full_width=&#8221;electroluxpro-full-width-no-padding&#8221;][vc_column][elx_hero_slider text_position=&#8221;hero_slider_text_align_right&#8221; label_text_color=&#8221;inherit&#8221; images=&#8221;1970&#8243;][elx_heading font_container=&#8221;h1&#8243; font_size=&#8221;h2&#8243; text_color=&#8221;inherit&#8221;]High Speed Multicooker[\/elx_heading][\/elx_hero_slider][\/vc_column][\/vc_row][vc_row][vc_column][vc_empty_space][elx_heading font_size=&#8221;h2&#8243; text_color=&#8221;inherit&#8221; text_align=&#8221;text-center&#8221;]Tryckkokning &#8211; spara upp till 70% i tid![\/elx_heading][vc_empty_space][\/vc_column][\/vc_row][vc_row][vc_column width=&#8221;1\/2&#8243;][elx_heading font_size=&#8221;h4&#8243; text_color=&#8221;inherit&#8221;]therma High Speed Multi Cooker \u00e4r den ultimata l\u00f6sningen f\u00f6r h\u00f6g produktivitet, effektivitet och precision[\/elx_heading][vc_empty_space][vc_column_text]Halvera tillagningstiden med tryckkokning. Spara tid och pengar genom att tillaga enklare styckdetaljer. I therma High Speed Multi cooker [&hellip;]<\/p>\n","protected":false},"author":1,"featured_media":0,"parent":0,"menu_order":0,"comment_status":"closed","ping_status":"closed","template":"","meta":{"footnotes":""},"class_list":["post-2469","page","type-page","status-publish","hentry"],"yoast_head":"<!-- This site is optimized with the Yoast SEO plugin v23.3 - https:\/\/yoast.com\/wordpress\/plugins\/seo\/ -->\n<title>Tryckkokning High Speed Multi Cooker tryckkokare - Electrolux Professional<\/title>\n<meta name=\"description\" content=\"Halvera tillagningstiden med tryckkokning. Tillaga under 0,45 bar tryck och f\u00f6rkorta tillagningstiden med upp till 70% och spar upp till 80% energi.\" \/>\n<meta name=\"robots\" content=\"index, follow, max-snippet:-1, max-image-preview:large, max-video-preview:-1\" \/>\n<link rel=\"canonical\" href=\"https:\/\/www.electroluxprofessional.com\/fi\/tryckkokning\/\" \/>\n<meta property=\"og:locale\" content=\"fi_FI\" \/>\n<meta property=\"og:type\" content=\"article\" \/>\n<meta property=\"og:title\" content=\"Tryckkokning High Speed Multi Cooker tryckkokare - Electrolux Professional\" \/>\n<meta property=\"og:description\" content=\"Halvera tillagningstiden med tryckkokning. Tillaga under 0,45 bar tryck och f\u00f6rkorta tillagningstiden med upp till 70% och spar upp till 80% energi.\" \/>\n<meta property=\"og:url\" content=\"https:\/\/www.electroluxprofessional.com\/fi\/tryckkokning\/\" \/>\n<meta property=\"og:site_name\" content=\"Electrolux Professional Suomi\" \/>\n<meta property=\"article:modified_time\" content=\"2017-04-24T13:25:06+00:00\" \/>\n<meta name=\"twitter:card\" content=\"summary_large_image\" \/>\n<meta name=\"twitter:label1\" content=\"Arvioitu lukuaika\" \/>\n\t<meta name=\"twitter:data1\" content=\"3 minuuttia\" \/>\n<script type=\"application\/ld+json\" class=\"yoast-schema-graph\">{\"@context\":\"https:\/\/schema.org\",\"@graph\":[{\"@type\":\"WebPage\",\"@id\":\"https:\/\/www.electroluxprofessional.com\/fi\/tryckkokning\/\",\"url\":\"https:\/\/www.electroluxprofessional.com\/fi\/tryckkokning\/\",\"name\":\"Tryckkokning High Speed Multi Cooker tryckkokare - Electrolux Professional\",\"isPartOf\":{\"@id\":\"https:\/\/www.electroluxprofessional.com\/fi\/#website\"},\"datePublished\":\"2017-03-22T13:25:36+00:00\",\"dateModified\":\"2017-04-24T13:25:06+00:00\",\"description\":\"Halvera tillagningstiden med tryckkokning. Tillaga under 0,45 bar tryck och f\u00f6rkorta tillagningstiden med upp till 70% och spar upp till 80% energi.\",\"breadcrumb\":{\"@id\":\"https:\/\/www.electroluxprofessional.com\/fi\/tryckkokning\/#breadcrumb\"},\"inLanguage\":\"fi\",\"potentialAction\":[{\"@type\":\"ReadAction\",\"target\":[\"https:\/\/www.electroluxprofessional.com\/fi\/tryckkokning\/\"]}]},{\"@type\":\"BreadcrumbList\",\"@id\":\"https:\/\/www.electroluxprofessional.com\/fi\/tryckkokning\/#breadcrumb\",\"itemListElement\":[{\"@type\":\"ListItem\",\"position\":1,\"name\":\"Home\",\"item\":\"https:\/\/www.electroluxprofessional.com\/fi\/\"},{\"@type\":\"ListItem\",\"position\":2,\"name\":\"High Speed Multi Cooker\"}]},{\"@type\":\"WebSite\",\"@id\":\"https:\/\/www.electroluxprofessional.com\/fi\/#website\",\"url\":\"https:\/\/www.electroluxprofessional.com\/fi\/\",\"name\":\"Electrolux Professional Suomi\",\"description\":\"\",\"potentialAction\":[{\"@type\":\"SearchAction\",\"target\":{\"@type\":\"EntryPoint\",\"urlTemplate\":\"https:\/\/www.electroluxprofessional.com\/fi\/?src={search_term_string}\"},\"query-input\":\"required name=search_term_string\"}],\"inLanguage\":\"fi\"}]}<\/script>\n<!-- \/ Yoast SEO plugin. -->","yoast_head_json":{"title":"Tryckkokning High Speed Multi Cooker tryckkokare - Electrolux Professional","description":"Halvera tillagningstiden med tryckkokning. Tillaga under 0,45 bar tryck och f\u00f6rkorta tillagningstiden med upp till 70% och spar upp till 80% energi.","robots":{"index":"index","follow":"follow","max-snippet":"max-snippet:-1","max-image-preview":"max-image-preview:large","max-video-preview":"max-video-preview:-1"},"canonical":"https:\/\/www.electroluxprofessional.com\/fi\/tryckkokning\/","og_locale":"fi_FI","og_type":"article","og_title":"Tryckkokning High Speed Multi Cooker tryckkokare - Electrolux Professional","og_description":"Halvera tillagningstiden med tryckkokning. Tillaga under 0,45 bar tryck och f\u00f6rkorta tillagningstiden med upp till 70% och spar upp till 80% energi.","og_url":"https:\/\/www.electroluxprofessional.com\/fi\/tryckkokning\/","og_site_name":"Electrolux Professional Suomi","article_modified_time":"2017-04-24T13:25:06+00:00","twitter_card":"summary_large_image","twitter_misc":{"Arvioitu lukuaika":"3 minuuttia"},"schema":{"@context":"https:\/\/schema.org","@graph":[{"@type":"WebPage","@id":"https:\/\/www.electroluxprofessional.com\/fi\/tryckkokning\/","url":"https:\/\/www.electroluxprofessional.com\/fi\/tryckkokning\/","name":"Tryckkokning High Speed Multi Cooker tryckkokare - Electrolux Professional","isPartOf":{"@id":"https:\/\/www.electroluxprofessional.com\/fi\/#website"},"datePublished":"2017-03-22T13:25:36+00:00","dateModified":"2017-04-24T13:25:06+00:00","description":"Halvera tillagningstiden med tryckkokning. Tillaga under 0,45 bar tryck och f\u00f6rkorta tillagningstiden med upp till 70% och spar upp till 80% energi.","breadcrumb":{"@id":"https:\/\/www.electroluxprofessional.com\/fi\/tryckkokning\/#breadcrumb"},"inLanguage":"fi","potentialAction":[{"@type":"ReadAction","target":["https:\/\/www.electroluxprofessional.com\/fi\/tryckkokning\/"]}]},{"@type":"BreadcrumbList","@id":"https:\/\/www.electroluxprofessional.com\/fi\/tryckkokning\/#breadcrumb","itemListElement":[{"@type":"ListItem","position":1,"name":"Home","item":"https:\/\/www.electroluxprofessional.com\/fi\/"},{"@type":"ListItem","position":2,"name":"High Speed Multi Cooker"}]},{"@type":"WebSite","@id":"https:\/\/www.electroluxprofessional.com\/fi\/#website","url":"https:\/\/www.electroluxprofessional.com\/fi\/","name":"Electrolux Professional Suomi","description":"","potentialAction":[{"@type":"SearchAction","target":{"@type":"EntryPoint","urlTemplate":"https:\/\/www.electroluxprofessional.com\/fi\/?src={search_term_string}"},"query-input":"required name=search_term_string"}],"inLanguage":"fi"}]}},"_links":{"self":[{"href":"https:\/\/www.electroluxprofessional.com\/fi\/wp-json\/wp\/v2\/pages\/2469"}],"collection":[{"href":"https:\/\/www.electroluxprofessional.com\/fi\/wp-json\/wp\/v2\/pages"}],"about":[{"href":"https:\/\/www.electroluxprofessional.com\/fi\/wp-json\/wp\/v2\/types\/page"}],"author":[{"embeddable":true,"href":"https:\/\/www.electroluxprofessional.com\/fi\/wp-json\/wp\/v2\/users\/1"}],"replies":[{"embeddable":true,"href":"https:\/\/www.electroluxprofessional.com\/fi\/wp-json\/wp\/v2\/comments?post=2469"}],"version-history":[{"count":11,"href":"https:\/\/www.electroluxprofessional.com\/fi\/wp-json\/wp\/v2\/pages\/2469\/revisions"}],"predecessor-version":[{"id":3785,"href":"https:\/\/www.electroluxprofessional.com\/fi\/wp-json\/wp\/v2\/pages\/2469\/revisions\/3785"}],"wp:attachment":[{"href":"https:\/\/www.electroluxprofessional.com\/fi\/wp-json\/wp\/v2\/media?parent=2469"}],"curies":[{"name":"wp","href":"https:\/\/api.w.org\/{rel}","templated":true}]}}