{"id":2467,"date":"2017-03-22T10:37:12","date_gmt":"2017-03-22T10:37:12","guid":{"rendered":"https:\/\/www.electroluxprofessional.com\/fi\/?page_id=2467"},"modified":"2017-04-20T10:52:32","modified_gmt":"2017-04-20T10:52:32","slug":"kokgrytor","status":"publish","type":"page","link":"https:\/\/www.electroluxprofessional.com\/fi\/kokgrytor\/","title":{"rendered":"Kokgrytor"},"content":{"rendered":"<p>[vc_row full_width=&#8221;electroluxpro-full-width-no-padding&#8221;][vc_column][elx_hero_slider text_position=&#8221;hero_slider_text_align_right&#8221; label_text_color=&#8221;inherit&#8221; images=&#8221;3334&#8243;][elx_heading font_container=&#8221;h1&#8243; font_size=&#8221;h2&#8243; text_color=&#8221;orange&#8221;]Kokgrytor[\/elx_heading][elx_heading font_size=&#8221;h4&#8243; text_color=&#8221;inherit&#8221;]Snabb nedkylning, \u00f6kad produktivitet och besparingar.<br \/>\nTre starka argument f\u00f6r ditt k\u00f6k.[\/elx_heading][\/elx_hero_slider][\/vc_column][\/vc_row][vc_row][vc_column][vc_empty_space height=&#8221;50px&#8221;][\/vc_column][\/vc_row][vc_row][vc_column width=&#8221;1\/2&#8243;][vc_single_image image=&#8221;1927&#8243; img_size=&#8221;full&#8221; style=&#8221;vc_box_circle_2&#8243;][\/vc_column][vc_column width=&#8221;1\/2&#8243;][elx_heading font_size=&#8221;h3&#8243; text_color=&#8221;inherit&#8221;]Smidigt fl\u00f6de och \u00f6kad produktivitet p\u00e5 mindre yta[\/elx_heading][vc_column_text]Electrolux kokgrytor finns i flera olika modeller och kapacitet <strong>fr\u00e5n 40 till 300 liter.<\/strong> Samtliga modeller \u00e4r konstruerade f\u00f6r att m\u00f6ta h\u00f6gsta standard och kvalit\u00e9 med en rad tillbeh\u00f6r som f\u00f6renklar det dagliga bruket.<\/p>\n<p>Ett <strong>smidigt arbetsfl\u00f6de<\/strong> <span id=\"result_box\" class=\"\" lang=\"sv\">\u00e4r av av stor betydelse f\u00f6r matsalar som f\u00f6rbereder m\u00e4ngder av m\u00e5ltider per dag. <\/span><strong>Hygien och <span class=\"\">s\u00e4kerhet<\/span> <\/strong><span class=\"\">m\u00e5ste<\/span> <span class=\"\">vara<\/span> en integrerad del av den utrustning du anv\u00e4nder. <span class=\"\">Vi f\u00f6rst\u00e5r dina<\/span> <span class=\"\">utmaningar<\/span> och ger dig de senaste k\u00f6ksl\u00f6sningarna med:<\/p>\n<ul>\n<li>Snabbare nedkylning<\/li>\n<li>\u00d6kad produktivitet<\/li>\n<li>Besparingar<\/li>\n<\/ul>\n<p>Tre starka argument f\u00f6r din verksamhet.<\/p>\n<p>Med 600 mm tipph\u00f6jd \u00e4r det dessutom <strong>enkelt och ergonomiskt<\/strong> att stj\u00e4lpa ur och reng\u00f6ra.<br \/>\n\u2022 Kraftfull omr\u00f6rare som klarar tunga moment och \u00e4r helt diskmaskins\u00e4ker.<br \/>\n\u2022 Modifierat lock som \u00e4r l\u00e4tt att demontera och helt diskmaskins\u00e4kert.<br \/>\n\u2022 Anpassade tillbeh\u00f6r f\u00f6r varierad tillagning och anv\u00e4ndarv\u00e4nlighet.[\/vc_column_text][\/vc_column][\/vc_row][vc_row][vc_column][vc_empty_space][\/vc_column][\/vc_row][vc_row][vc_column width=&#8221;1\/3&#8243;][vc_single_image image=&#8221;1928&#8243; img_size=&#8221;large&#8221; alignment=&#8221;center&#8221;][elx_heading font_size=&#8221;h4&#8243; text_color=&#8221;inherit&#8221; text_align=&#8221;text-center&#8221;]Nedkylning p\u00e5 rekordtid[\/elx_heading][vc_column_text]Kyl ner 300 liter p\u00e5 bara 70 minuter fr\u00e5n 100\u00b0C till 5\u00b0C med ice-water cooling.[\/vc_column_text][\/vc_column][vc_column width=&#8221;1\/3&#8243;][vc_single_image image=&#8221;1929&#8243; img_size=&#8221;large&#8221; alignment=&#8221;center&#8221;][elx_heading font_size=&#8221;h4&#8243; text_color=&#8221;inherit&#8221; text_align=&#8221;text-center&#8221;]\u00d6ka din produktivitet[\/elx_heading][vc_column_text]p\u00e5 mindre yta, tack vare dess kompakta storlek.[\/vc_column_text][\/vc_column][vc_column width=&#8221;1\/3&#8243;][vc_single_image image=&#8221;1930&#8243; img_size=&#8221;large&#8221; alignment=&#8221;center&#8221;][elx_heading font_size=&#8221;h4&#8243; text_color=&#8221;inherit&#8221; text_align=&#8221;text-center&#8221;]Spara 50% mer tid[\/elx_heading][vc_column_text]genom omr\u00f6rning med extra kraftfulla omr\u00f6rare. Snabb och varsam omr\u00f6rning av livsmedel som exempelvis potatismos.[\/vc_column_text][\/vc_column][\/vc_row][vc_row][vc_column width=&#8221;2\/3&#8243;][elx_image_block background_image=&#8221;3506&#8243; minimum_height=&#8221;260px&#8221;][\/vc_column][vc_column width=&#8221;1\/3&#8243;][elx_download_block text=&#8221;Kokgrytor&#8221; link=&#8221;https:\/\/www.electroluxprofessional.com\/fi\/wp-content\/uploads\/2017\/04\/Kokgrytor_Leaflet.pdf&#8221; background_color=&#8221;electrolux-blue&#8221; reveal_effect=&#8221;&#8221; reveal_duration=&#8221;&#8221; reveal_delay=&#8221;&#8221;][\/vc_column][\/vc_row][vc_row][vc_column][vc_empty_space height=&#8221;50px&#8221;][\/vc_column][\/vc_row][vc_row][vc_column][vc_empty_space height=&#8221;50px&#8221;][elx_heading font_container=&#8221;h3&#8243; font_size=&#8221;h3&#8243; text_color=&#8221;inherit&#8221;]Vill du veta mer? Kontakta oss![\/elx_heading][\/vc_column][\/vc_row][vc_row][vc_column][elx_o2000_contact_us r=&#8221;Jag skulle vilja veta mer om kokgrytor, v\u00e4nligen kontakta mig!&#8221; s=&#8221;Request of information about kokgrytor.&#8221; e=&#8221;anders.norell@electrolux.com&#8221; country=&#8221;Sweden&#8221; l=&#8221;se&#8221; container=&#8221;elxcontactus1478533364&#8243;][vc_empty_space height=&#8221;50px&#8221;][\/vc_column][\/vc_row]<\/p>\n","protected":false},"excerpt":{"rendered":"<p>[vc_row full_width=&#8221;electroluxpro-full-width-no-padding&#8221;][vc_column][elx_hero_slider text_position=&#8221;hero_slider_text_align_right&#8221; label_text_color=&#8221;inherit&#8221; images=&#8221;3334&#8243;][elx_heading font_container=&#8221;h1&#8243; font_size=&#8221;h2&#8243; text_color=&#8221;orange&#8221;]Kokgrytor[\/elx_heading][elx_heading font_size=&#8221;h4&#8243; text_color=&#8221;inherit&#8221;]Snabb nedkylning, \u00f6kad produktivitet och besparingar. Tre starka argument f\u00f6r ditt k\u00f6k.[\/elx_heading][\/elx_hero_slider][\/vc_column][\/vc_row][vc_row][vc_column][vc_empty_space height=&#8221;50px&#8221;][\/vc_column][\/vc_row][vc_row][vc_column width=&#8221;1\/2&#8243;][vc_single_image image=&#8221;1927&#8243; img_size=&#8221;full&#8221; style=&#8221;vc_box_circle_2&#8243;][\/vc_column][vc_column width=&#8221;1\/2&#8243;][elx_heading font_size=&#8221;h3&#8243; text_color=&#8221;inherit&#8221;]Smidigt fl\u00f6de och \u00f6kad produktivitet p\u00e5 mindre yta[\/elx_heading][vc_column_text]Electrolux kokgrytor finns i flera olika modeller och kapacitet fr\u00e5n 40 till 300 liter. Samtliga modeller \u00e4r konstruerade f\u00f6r att [&hellip;]<\/p>\n","protected":false},"author":1,"featured_media":2015,"parent":0,"menu_order":0,"comment_status":"closed","ping_status":"closed","template":"","meta":{"footnotes":""},"class_list":["post-2467","page","type-page","status-publish","has-post-thumbnail","hentry"],"yoast_head":"<!-- This site is optimized with the Yoast SEO plugin v23.3 - https:\/\/yoast.com\/wordpress\/plugins\/seo\/ -->\n<title>Kokgryta i olika storlekar - Electrolux Professional Sweden<\/title>\n<meta name=\"description\" content=\"Electrolux kokgrytor finns i flera olika modeller och kapacitet fr\u00e5n 40 till 300 liter. Mycket ergonomisk med 600 mm tipph\u00f6jd.\" \/>\n<meta name=\"robots\" content=\"index, follow, max-snippet:-1, max-image-preview:large, max-video-preview:-1\" \/>\n<link rel=\"canonical\" href=\"https:\/\/www.electroluxprofessional.com\/fi\/kokgrytor\/\" \/>\n<meta property=\"og:locale\" content=\"fi_FI\" \/>\n<meta property=\"og:type\" content=\"article\" \/>\n<meta property=\"og:title\" content=\"Kokgryta i olika storlekar - Electrolux Professional Sweden\" \/>\n<meta property=\"og:description\" content=\"Electrolux kokgrytor finns i flera olika modeller och kapacitet fr\u00e5n 40 till 300 liter. Mycket ergonomisk med 600 mm tipph\u00f6jd.\" \/>\n<meta property=\"og:url\" content=\"https:\/\/www.electroluxprofessional.com\/fi\/kokgrytor\/\" \/>\n<meta property=\"og:site_name\" content=\"Electrolux Professional Suomi\" \/>\n<meta property=\"article:modified_time\" content=\"2017-04-20T10:52:32+00:00\" \/>\n<meta property=\"og:image\" content=\"https:\/\/www.electroluxprofessional.com\/fi\/wp-content\/uploads\/2016\/11\/banner-13.jpg\" \/>\n\t<meta property=\"og:image:width\" content=\"2000\" \/>\n\t<meta property=\"og:image:height\" content=\"1333\" \/>\n\t<meta property=\"og:image:type\" content=\"image\/jpeg\" \/>\n<meta name=\"twitter:card\" content=\"summary_large_image\" \/>\n<meta name=\"twitter:label1\" content=\"Arvioitu lukuaika\" \/>\n\t<meta name=\"twitter:data1\" content=\"3 minuuttia\" \/>\n<script type=\"application\/ld+json\" class=\"yoast-schema-graph\">{\"@context\":\"https:\/\/schema.org\",\"@graph\":[{\"@type\":\"WebPage\",\"@id\":\"https:\/\/www.electroluxprofessional.com\/fi\/kokgrytor\/\",\"url\":\"https:\/\/www.electroluxprofessional.com\/fi\/kokgrytor\/\",\"name\":\"Kokgryta i olika storlekar - Electrolux Professional Sweden\",\"isPartOf\":{\"@id\":\"https:\/\/www.electroluxprofessional.com\/fi\/#website\"},\"primaryImageOfPage\":{\"@id\":\"https:\/\/www.electroluxprofessional.com\/fi\/kokgrytor\/#primaryimage\"},\"image\":{\"@id\":\"https:\/\/www.electroluxprofessional.com\/fi\/kokgrytor\/#primaryimage\"},\"thumbnailUrl\":\"https:\/\/www.electroluxprofessional.com\/fi\/wp-content\/uploads\/2016\/11\/banner-13.jpg\",\"datePublished\":\"2017-03-22T10:37:12+00:00\",\"dateModified\":\"2017-04-20T10:52:32+00:00\",\"description\":\"Electrolux kokgrytor finns i flera olika modeller och kapacitet fr\u00e5n 40 till 300 liter. Mycket ergonomisk med 600 mm tipph\u00f6jd.\",\"breadcrumb\":{\"@id\":\"https:\/\/www.electroluxprofessional.com\/fi\/kokgrytor\/#breadcrumb\"},\"inLanguage\":\"fi\",\"potentialAction\":[{\"@type\":\"ReadAction\",\"target\":[\"https:\/\/www.electroluxprofessional.com\/fi\/kokgrytor\/\"]}]},{\"@type\":\"ImageObject\",\"inLanguage\":\"fi\",\"@id\":\"https:\/\/www.electroluxprofessional.com\/fi\/kokgrytor\/#primaryimage\",\"url\":\"https:\/\/www.electroluxprofessional.com\/fi\/wp-content\/uploads\/2016\/11\/banner-13.jpg\",\"contentUrl\":\"https:\/\/www.electroluxprofessional.com\/fi\/wp-content\/uploads\/2016\/11\/banner-13.jpg\",\"width\":2000,\"height\":1333,\"caption\":\"Boiling and braising pans\"},{\"@type\":\"BreadcrumbList\",\"@id\":\"https:\/\/www.electroluxprofessional.com\/fi\/kokgrytor\/#breadcrumb\",\"itemListElement\":[{\"@type\":\"ListItem\",\"position\":1,\"name\":\"Home\",\"item\":\"https:\/\/www.electroluxprofessional.com\/fi\/\"},{\"@type\":\"ListItem\",\"position\":2,\"name\":\"Kokgrytor\"}]},{\"@type\":\"WebSite\",\"@id\":\"https:\/\/www.electroluxprofessional.com\/fi\/#website\",\"url\":\"https:\/\/www.electroluxprofessional.com\/fi\/\",\"name\":\"Electrolux Professional Suomi\",\"description\":\"\",\"potentialAction\":[{\"@type\":\"SearchAction\",\"target\":{\"@type\":\"EntryPoint\",\"urlTemplate\":\"https:\/\/www.electroluxprofessional.com\/fi\/?src={search_term_string}\"},\"query-input\":\"required name=search_term_string\"}],\"inLanguage\":\"fi\"}]}<\/script>\n<!-- \/ Yoast SEO plugin. -->","yoast_head_json":{"title":"Kokgryta i olika storlekar - Electrolux Professional Sweden","description":"Electrolux kokgrytor finns i flera olika modeller och kapacitet fr\u00e5n 40 till 300 liter. Mycket ergonomisk med 600 mm tipph\u00f6jd.","robots":{"index":"index","follow":"follow","max-snippet":"max-snippet:-1","max-image-preview":"max-image-preview:large","max-video-preview":"max-video-preview:-1"},"canonical":"https:\/\/www.electroluxprofessional.com\/fi\/kokgrytor\/","og_locale":"fi_FI","og_type":"article","og_title":"Kokgryta i olika storlekar - Electrolux Professional Sweden","og_description":"Electrolux kokgrytor finns i flera olika modeller och kapacitet fr\u00e5n 40 till 300 liter. Mycket ergonomisk med 600 mm tipph\u00f6jd.","og_url":"https:\/\/www.electroluxprofessional.com\/fi\/kokgrytor\/","og_site_name":"Electrolux Professional Suomi","article_modified_time":"2017-04-20T10:52:32+00:00","og_image":[{"width":2000,"height":1333,"url":"https:\/\/www.electroluxprofessional.com\/fi\/wp-content\/uploads\/2016\/11\/banner-13.jpg","type":"image\/jpeg"}],"twitter_card":"summary_large_image","twitter_misc":{"Arvioitu lukuaika":"3 minuuttia"},"schema":{"@context":"https:\/\/schema.org","@graph":[{"@type":"WebPage","@id":"https:\/\/www.electroluxprofessional.com\/fi\/kokgrytor\/","url":"https:\/\/www.electroluxprofessional.com\/fi\/kokgrytor\/","name":"Kokgryta i olika storlekar - Electrolux Professional Sweden","isPartOf":{"@id":"https:\/\/www.electroluxprofessional.com\/fi\/#website"},"primaryImageOfPage":{"@id":"https:\/\/www.electroluxprofessional.com\/fi\/kokgrytor\/#primaryimage"},"image":{"@id":"https:\/\/www.electroluxprofessional.com\/fi\/kokgrytor\/#primaryimage"},"thumbnailUrl":"https:\/\/www.electroluxprofessional.com\/fi\/wp-content\/uploads\/2016\/11\/banner-13.jpg","datePublished":"2017-03-22T10:37:12+00:00","dateModified":"2017-04-20T10:52:32+00:00","description":"Electrolux kokgrytor finns i flera olika modeller och kapacitet fr\u00e5n 40 till 300 liter. Mycket ergonomisk med 600 mm tipph\u00f6jd.","breadcrumb":{"@id":"https:\/\/www.electroluxprofessional.com\/fi\/kokgrytor\/#breadcrumb"},"inLanguage":"fi","potentialAction":[{"@type":"ReadAction","target":["https:\/\/www.electroluxprofessional.com\/fi\/kokgrytor\/"]}]},{"@type":"ImageObject","inLanguage":"fi","@id":"https:\/\/www.electroluxprofessional.com\/fi\/kokgrytor\/#primaryimage","url":"https:\/\/www.electroluxprofessional.com\/fi\/wp-content\/uploads\/2016\/11\/banner-13.jpg","contentUrl":"https:\/\/www.electroluxprofessional.com\/fi\/wp-content\/uploads\/2016\/11\/banner-13.jpg","width":2000,"height":1333,"caption":"Boiling and braising pans"},{"@type":"BreadcrumbList","@id":"https:\/\/www.electroluxprofessional.com\/fi\/kokgrytor\/#breadcrumb","itemListElement":[{"@type":"ListItem","position":1,"name":"Home","item":"https:\/\/www.electroluxprofessional.com\/fi\/"},{"@type":"ListItem","position":2,"name":"Kokgrytor"}]},{"@type":"WebSite","@id":"https:\/\/www.electroluxprofessional.com\/fi\/#website","url":"https:\/\/www.electroluxprofessional.com\/fi\/","name":"Electrolux Professional Suomi","description":"","potentialAction":[{"@type":"SearchAction","target":{"@type":"EntryPoint","urlTemplate":"https:\/\/www.electroluxprofessional.com\/fi\/?src={search_term_string}"},"query-input":"required name=search_term_string"}],"inLanguage":"fi"}]}},"_links":{"self":[{"href":"https:\/\/www.electroluxprofessional.com\/fi\/wp-json\/wp\/v2\/pages\/2467"}],"collection":[{"href":"https:\/\/www.electroluxprofessional.com\/fi\/wp-json\/wp\/v2\/pages"}],"about":[{"href":"https:\/\/www.electroluxprofessional.com\/fi\/wp-json\/wp\/v2\/types\/page"}],"author":[{"embeddable":true,"href":"https:\/\/www.electroluxprofessional.com\/fi\/wp-json\/wp\/v2\/users\/1"}],"replies":[{"embeddable":true,"href":"https:\/\/www.electroluxprofessional.com\/fi\/wp-json\/wp\/v2\/comments?post=2467"}],"version-history":[{"count":10,"href":"https:\/\/www.electroluxprofessional.com\/fi\/wp-json\/wp\/v2\/pages\/2467\/revisions"}],"predecessor-version":[{"id":3717,"href":"https:\/\/www.electroluxprofessional.com\/fi\/wp-json\/wp\/v2\/pages\/2467\/revisions\/3717"}],"wp:featuredmedia":[{"embeddable":true,"href":"https:\/\/www.electroluxprofessional.com\/fi\/wp-json\/wp\/v2\/media\/2015"}],"wp:attachment":[{"href":"https:\/\/www.electroluxprofessional.com\/fi\/wp-json\/wp\/v2\/media?parent=2467"}],"curies":[{"name":"wp","href":"https:\/\/api.w.org\/{rel}","templated":true}]}}