{"id":2463,"date":"2017-03-23T13:32:16","date_gmt":"2017-03-23T13:32:16","guid":{"rendered":"https:\/\/www.electroluxprofessional.com\/fi\/?page_id=2463"},"modified":"2017-04-18T14:34:12","modified_gmt":"2017-04-18T14:34:12","slug":"haccp","status":"publish","type":"page","link":"https:\/\/www.electroluxprofessional.com\/fi\/haccp\/","title":{"rendered":"HACCP"},"content":{"rendered":"<p>[vc_row full_width=&#8221;electroluxpro-full-width-no-padding&#8221;][vc_column][elx_hero_slider label_text_color=&#8221;inherit&#8221; images=&#8221;658&#8243;][elx_heading font_container=&#8221;h1&#8243; text_color=&#8221;inherit&#8221;]HACCP[\/elx_heading][vc_column_text]Hazard Analysis and Critical Control Point \u00e4r ett s\u00e4tt att bed\u00f6ma de risker som kan kopplas till en produkt eller en process och att best\u00e4mma n\u00f6dv\u00e4ndiga \u00e5tg\u00e4rder f\u00f6r att kontrollera de identifierade riskerna.[\/vc_column_text][\/elx_hero_slider][\/vc_column][\/vc_row][vc_row][vc_column][elx_heading text_color=&#8221;inherit&#8221;]<\/p>\n<p style=\"text-align: center;\">Electrolux Professional har sett \u00f6ver HACCP-processen sedan 1998.<\/p>\n<p>[\/elx_heading][elx_heading font_container=&#8221;h5&#8243; text_color=&#8221;inherit&#8221;]Om det sker ett utbrott av sjukdom eller smitta kopplad till en verksamhet som serverar eller hanterar livsmedel, har man med hj\u00e4lp av HACCP-funktionen i Electrolux utrustning m\u00f6jlighet att sp\u00e5ra och identifiera eller eliminera k\u00e4llan.<br \/>\n[\/elx_heading][\/vc_column][\/vc_row][vc_row][vc_column][\/vc_column][\/vc_row][vc_row full_width=&#8221;electroluxpro-full-width-no-padding&#8221; equal_height=&#8221;yes&#8221;][vc_column width=&#8221;1\/2&#8243;][elx_image_block background_image=&#8221;655&#8243; vert_back_position=&#8221;top&#8221; minimum_height=&#8221;598px&#8221;][\/vc_column][vc_column width=&#8221;1\/2&#8243;][elx_simple_block][elx_heading font_container=&#8221;h3&#8243; text_color=&#8221;inherit&#8221;]Tillagning &#8211; Electrolux Professional Touchline Kombiugn[\/elx_heading][vc_column_text css_animation=&#8221;right-to-left&#8221;]Med <span id=\"result_box\" class=\"\" lang=\"sv\">Food Safe Control<span class=\"\">-funktionen<\/span> f\u00e5r du total livsmedelss\u00e4kerhet i enlighet med r\u00e5dande HACCP-standarder. V\u00e4lj bara livsmedlets <span class=\"\">kategori,<\/span> s\u00e5 g\u00f6r Food Safe Control-funktionen <span class=\"\">resten och \u00f6vervakar <\/span>hela <span class=\"\">tillagningsprocessen<\/span>. <span class=\"\">N\u00e4r Food<\/span> Safe Control ikonen \u00e4r aktiverad och sonden med sex sensorer <span class=\"\">\u00e4r inf\u00f6rd<\/span>, ber\u00e4knar <span class=\"\">Touchline <\/span> <span class=\"\">om<\/span> maten har blivit tillr\u00e4ckligt tillagad och uppn\u00e5tt r\u00e4tt <span class=\"\">s\u00e4kerhetsniv\u00e5<\/span><span class=\"\">.<\/span><\/span>[\/vc_column_text][elx_button css=&#8221;&#8221; button_text=&#8221;Cook&amp;Chill&#8221; button_link=&#8221;url:https%3A%2F%2Fprofessional.electrolux.fi%2Ffood%2Fcook-and-chill%2F|title:Cook%20and%20Chill||&#8221; button_style=&#8221;icon&#8221;][\/elx_simple_block][\/vc_column][\/vc_row][vc_row full_width=&#8221;electroluxpro-full-width-no-padding&#8221; equal_height=&#8221;yes&#8221;][vc_column width=&#8221;1\/2&#8243;][elx_image_block background_image=&#8221;656&#8243; vert_back_position=&#8221;top&#8221; minimum_height=&#8221;600px&#8221;][\/vc_column][vc_column width=&#8221;1\/2&#8243;][elx_simple_block][elx_heading font_container=&#8221;h3&#8243; text_color=&#8221;inherit&#8221;]F\u00f6rvaring &#8211; \u00a0Electrolux Professional Kyla &#8211; ecostore Touch[\/elx_heading][vc_column_text css_animation=&#8221;right-to-left&#8221;]<span id=\"result_box\" class=\"\" lang=\"sv\">HACCP kontrollen i touchpanelen kontrollerar kontinuerligt och register driftstemperatur och eventuella avvikelser. En graf visar driftstatus och eventuella toppar eller dalar i temperatur. Data kan laddas ner via USB och lagras f\u00f6r rapportering och <span class=\"\">sp\u00e5rning<\/span><span class=\"\">.<\/span><\/span>[\/vc_column_text][elx_button css=&#8221;&#8221; button_text=&#8221;Kyl- och fryssk\u00e5p&#8221; button_link=&#8221;url:https%3A%2F%2Fprofessional.electrolux.fi%2Ffood%2Frefrigerated-cabinets%2F|title:Refrigerated%20cabinets||&#8221; button_style=&#8221;icon&#8221;][elx_button css=&#8221;&#8221; button_text=&#8221;Kylb\u00e4nkar&#8221; button_link=&#8221;url:https%3A%2F%2Fprofessional.electrolux.fi%2Ffood%2Frefrigerated-counters%2F|title:Refrigerated%20counters||&#8221; button_style=&#8221;icon&#8221;][\/elx_simple_block][\/vc_column][\/vc_row][vc_row][vc_column][elx_heading font_container=&#8221;h3&#8243; text_color=&#8221;inherit&#8221;]<\/p>\n<h2 class=\"customHeaderV2 bp3\" style=\"text-align: center;\">Electrolux Professional f\u00e5r den v\u00e4rldst\u00e4ckande certifieringen i tv\u00e4tthygien. Electrolux Professional \u00e4r den f\u00f6rsta kommersiella leverant\u00f6ren av tv\u00e4ttmaskiner som f\u00e5r utm\u00e4rkelsen av HACCP International<\/h2>\n<h2 class=\"customHeaderV2 bp3\" style=\"text-align: center;\"><\/h2>\n<p>[\/elx_heading][\/vc_column][\/vc_row][vc_row full_width=&#8221;electroluxpro-full-width-no-padding&#8221; css=&#8221;.vc_custom_1464077764547{background-color: #eaeef2 !important;}&#8221;][vc_column][vc_empty_space css=&#8221;.vc_custom_1464077755704{background-color: #eaeef2 !important;}&#8221;][\/vc_column][\/vc_row][vc_row css=&#8221;.vc_custom_1464077456458{background-color: #eaeef2 !important;}&#8221;][vc_column width=&#8221;1\/2&#8243;][vc_single_image image=&#8221;657&#8243; img_size=&#8221;large&#8221; alignment=&#8221;center&#8221;][\/vc_column][vc_column width=&#8221;1\/2&#8243;][elx_heading font_container=&#8221;h3&#8243; text_color=&#8221;inherit&#8221;]Professonella tv\u00e4ttprogram \u00e4r fundamentala vid desinfektion av kl\u00e4der och textilier som anv\u00e4nds i samband med tillredning av mat.[\/elx_heading][vc_column_text]Efter noggrann analys av tv\u00e4ttprocesser v\u00e4rlden \u00f6ver, utvecklade Electrolux Professional Line\u00a05000 &#8211; en tv\u00e4ttl\u00f6sning som underl\u00e4ttar\u00a0f\u00f6r anv\u00e4ndare att m\u00f6ta de\u00a0strikta kriterier som utarbetats av HACCP. Electrolux Professional \u00e4r\u00a0den f\u00f6rsta och f\u00f6r n\u00e4rvarande enda HACCP International-certifierade tv\u00e4ttillverkaren. F\u00f6rutom\u00a0frontmatade tv\u00e4ttmaskiner och barri\u00e4rtv\u00e4ttmaskiner har \u00e4ven manglar och inbyggnadsl\u00f6sningar f\u00e5tt denna certifiering.<\/p>\n<p>Certifieringen utdelades f\u00f6rst\u00a0till linje 5000 i Storbritannien och Irland och sedan juni 2015 g\u00e4ller den globalt.[\/vc_column_text][\/vc_column][\/vc_row][vc_row full_width=&#8221;electroluxpro-full-width-no-padding&#8221; css=&#8221;.vc_custom_1464077764547{background-color: #eaeef2 !important;}&#8221;][vc_column][vc_empty_space css=&#8221;.vc_custom_1464077755704{background-color: #eaeef2 !important;}&#8221;][\/vc_column][\/vc_row][vc_row full_width=&#8221;electroluxpro-container-no-padding&#8221; equal_height=&#8221;yes&#8221; css=&#8221;.vc_custom_1464275874297{padding-top: 50px !important;padding-bottom: 50px !important;}&#8221;][vc_column width=&#8221;1\/3&#8243;][elx_image_block background_image=&#8221;649&#8243; minimum_height=&#8221;380px&#8221;][\/vc_column][vc_column width=&#8221;1\/3&#8243; css=&#8221;.vc_custom_1491402552085{background-color: #41b237 !important;}&#8221;][elx_simple_block text_align=&#8221;text-center&#8221; background_color=&#8221;inherit&#8221;][elx_heading text_color=&#8221;inherit&#8221;]For the Better[\/elx_heading][vc_column_text]Vi vill g\u00f6ra en positiv skillnad i m\u00e4nniskors liv och f\u00f6r v\u00e5r planet.[\/vc_column_text][elx_button css=&#8221;&#8221; button_text=&#8221;L\u00e4s mer!&#8221; button_link=&#8221;url:https%3A%2F%2Fprofessional.electrolux.fi%2Ffor-the-better%2F|title:Find%20out%20more||&#8221; button_style=&#8221;primary&#8221;][\/elx_simple_block][\/vc_column][vc_column width=&#8221;1\/3&#8243;][elx_image_block background_image=&#8221;650&#8243; minimum_height=&#8221;380px&#8221;][\/vc_column][\/vc_row][vc_row][vc_column][elx_heading font_container=&#8221;h3&#8243; text_color=&#8221;inherit&#8221;]Vill du veta mer? Kontakta oss![\/elx_heading][elx_o2000_contact_us r=&#8221;Jag skulle vilja veta mer om HACCP, v\u00e4nligen kontakta mig.&#8221; s=&#8221;Request of information about&#8230; HACCP&#8221; e=&#8221;anders.norell@electrolux.com&#8221; country=&#8221;Sweden&#8221; l=&#8221;se&#8221; container=&#8221;elxcontactus1492524622&#8243;][\/vc_column][\/vc_row]<\/p>\n","protected":false},"excerpt":{"rendered":"<p>[vc_row full_width=&#8221;electroluxpro-full-width-no-padding&#8221;][vc_column][elx_hero_slider label_text_color=&#8221;inherit&#8221; images=&#8221;658&#8243;][elx_heading font_container=&#8221;h1&#8243; text_color=&#8221;inherit&#8221;]HACCP[\/elx_heading][vc_column_text]Hazard Analysis and Critical Control Point \u00e4r ett s\u00e4tt att bed\u00f6ma de risker som kan kopplas till en produkt eller en process och att best\u00e4mma n\u00f6dv\u00e4ndiga \u00e5tg\u00e4rder f\u00f6r att kontrollera de identifierade riskerna.[\/vc_column_text][\/elx_hero_slider][\/vc_column][\/vc_row][vc_row][vc_column][elx_heading text_color=&#8221;inherit&#8221;] Electrolux Professional har sett \u00f6ver HACCP-processen sedan 1998. [\/elx_heading][elx_heading font_container=&#8221;h5&#8243; text_color=&#8221;inherit&#8221;]Om det sker ett utbrott av [&hellip;]<\/p>\n","protected":false},"author":1,"featured_media":0,"parent":0,"menu_order":0,"comment_status":"closed","ping_status":"closed","template":"","meta":{"footnotes":""},"class_list":["post-2463","page","type-page","status-publish","hentry"],"yoast_head":"<!-- This site is optimized with the Yoast SEO plugin v23.3 - https:\/\/yoast.com\/wordpress\/plugins\/seo\/ -->\n<title>HACCP - Electrolux Professional Suomi<\/title>\n<meta name=\"description\" content=\"Vid sjukdom eller smitta kopplad till en verksamhet som serverar eller hanterar livsmedel, kan du med HACCP-funktionen identifiera eller eliminera k\u00e4llan.\" \/>\n<meta name=\"robots\" content=\"index, follow, max-snippet:-1, max-image-preview:large, max-video-preview:-1\" \/>\n<link rel=\"canonical\" href=\"https:\/\/www.electroluxprofessional.com\/fi\/haccp\/\" \/>\n<meta property=\"og:locale\" content=\"fi_FI\" \/>\n<meta property=\"og:type\" content=\"article\" \/>\n<meta property=\"og:title\" content=\"HACCP - Electrolux Professional Suomi\" \/>\n<meta property=\"og:description\" content=\"Vid sjukdom eller smitta kopplad till en verksamhet som serverar eller hanterar livsmedel, kan du med HACCP-funktionen identifiera eller eliminera k\u00e4llan.\" \/>\n<meta property=\"og:url\" content=\"https:\/\/www.electroluxprofessional.com\/fi\/haccp\/\" \/>\n<meta property=\"og:site_name\" content=\"Electrolux Professional Suomi\" \/>\n<meta property=\"article:modified_time\" content=\"2017-04-18T14:34:12+00:00\" \/>\n<meta name=\"twitter:card\" content=\"summary_large_image\" \/>\n<meta name=\"twitter:label1\" content=\"Arvioitu lukuaika\" \/>\n\t<meta name=\"twitter:data1\" content=\"5 minuuttia\" \/>\n<script type=\"application\/ld+json\" class=\"yoast-schema-graph\">{\"@context\":\"https:\/\/schema.org\",\"@graph\":[{\"@type\":\"WebPage\",\"@id\":\"https:\/\/www.electroluxprofessional.com\/fi\/haccp\/\",\"url\":\"https:\/\/www.electroluxprofessional.com\/fi\/haccp\/\",\"name\":\"HACCP - Electrolux Professional Suomi\",\"isPartOf\":{\"@id\":\"https:\/\/www.electroluxprofessional.com\/fi\/#website\"},\"datePublished\":\"2017-03-23T13:32:16+00:00\",\"dateModified\":\"2017-04-18T14:34:12+00:00\",\"description\":\"Vid sjukdom eller smitta kopplad till en verksamhet som serverar eller hanterar livsmedel, kan du med HACCP-funktionen identifiera eller eliminera k\u00e4llan.\",\"breadcrumb\":{\"@id\":\"https:\/\/www.electroluxprofessional.com\/fi\/haccp\/#breadcrumb\"},\"inLanguage\":\"fi\",\"potentialAction\":[{\"@type\":\"ReadAction\",\"target\":[\"https:\/\/www.electroluxprofessional.com\/fi\/haccp\/\"]}]},{\"@type\":\"BreadcrumbList\",\"@id\":\"https:\/\/www.electroluxprofessional.com\/fi\/haccp\/#breadcrumb\",\"itemListElement\":[{\"@type\":\"ListItem\",\"position\":1,\"name\":\"Home\",\"item\":\"https:\/\/www.electroluxprofessional.com\/fi\/\"},{\"@type\":\"ListItem\",\"position\":2,\"name\":\"HACCP\"}]},{\"@type\":\"WebSite\",\"@id\":\"https:\/\/www.electroluxprofessional.com\/fi\/#website\",\"url\":\"https:\/\/www.electroluxprofessional.com\/fi\/\",\"name\":\"Electrolux Professional Suomi\",\"description\":\"\",\"potentialAction\":[{\"@type\":\"SearchAction\",\"target\":{\"@type\":\"EntryPoint\",\"urlTemplate\":\"https:\/\/www.electroluxprofessional.com\/fi\/?src={search_term_string}\"},\"query-input\":\"required name=search_term_string\"}],\"inLanguage\":\"fi\"}]}<\/script>\n<!-- \/ Yoast SEO plugin. -->","yoast_head_json":{"title":"HACCP - Electrolux Professional Suomi","description":"Vid sjukdom eller smitta kopplad till en verksamhet som serverar eller hanterar livsmedel, kan du med HACCP-funktionen identifiera eller eliminera k\u00e4llan.","robots":{"index":"index","follow":"follow","max-snippet":"max-snippet:-1","max-image-preview":"max-image-preview:large","max-video-preview":"max-video-preview:-1"},"canonical":"https:\/\/www.electroluxprofessional.com\/fi\/haccp\/","og_locale":"fi_FI","og_type":"article","og_title":"HACCP - Electrolux Professional Suomi","og_description":"Vid sjukdom eller smitta kopplad till en verksamhet som serverar eller hanterar livsmedel, kan du med HACCP-funktionen identifiera eller eliminera k\u00e4llan.","og_url":"https:\/\/www.electroluxprofessional.com\/fi\/haccp\/","og_site_name":"Electrolux Professional Suomi","article_modified_time":"2017-04-18T14:34:12+00:00","twitter_card":"summary_large_image","twitter_misc":{"Arvioitu lukuaika":"5 minuuttia"},"schema":{"@context":"https:\/\/schema.org","@graph":[{"@type":"WebPage","@id":"https:\/\/www.electroluxprofessional.com\/fi\/haccp\/","url":"https:\/\/www.electroluxprofessional.com\/fi\/haccp\/","name":"HACCP - Electrolux Professional Suomi","isPartOf":{"@id":"https:\/\/www.electroluxprofessional.com\/fi\/#website"},"datePublished":"2017-03-23T13:32:16+00:00","dateModified":"2017-04-18T14:34:12+00:00","description":"Vid sjukdom eller smitta kopplad till en verksamhet som serverar eller hanterar livsmedel, kan du med HACCP-funktionen identifiera eller eliminera k\u00e4llan.","breadcrumb":{"@id":"https:\/\/www.electroluxprofessional.com\/fi\/haccp\/#breadcrumb"},"inLanguage":"fi","potentialAction":[{"@type":"ReadAction","target":["https:\/\/www.electroluxprofessional.com\/fi\/haccp\/"]}]},{"@type":"BreadcrumbList","@id":"https:\/\/www.electroluxprofessional.com\/fi\/haccp\/#breadcrumb","itemListElement":[{"@type":"ListItem","position":1,"name":"Home","item":"https:\/\/www.electroluxprofessional.com\/fi\/"},{"@type":"ListItem","position":2,"name":"HACCP"}]},{"@type":"WebSite","@id":"https:\/\/www.electroluxprofessional.com\/fi\/#website","url":"https:\/\/www.electroluxprofessional.com\/fi\/","name":"Electrolux Professional Suomi","description":"","potentialAction":[{"@type":"SearchAction","target":{"@type":"EntryPoint","urlTemplate":"https:\/\/www.electroluxprofessional.com\/fi\/?src={search_term_string}"},"query-input":"required name=search_term_string"}],"inLanguage":"fi"}]}},"_links":{"self":[{"href":"https:\/\/www.electroluxprofessional.com\/fi\/wp-json\/wp\/v2\/pages\/2463"}],"collection":[{"href":"https:\/\/www.electroluxprofessional.com\/fi\/wp-json\/wp\/v2\/pages"}],"about":[{"href":"https:\/\/www.electroluxprofessional.com\/fi\/wp-json\/wp\/v2\/types\/page"}],"author":[{"embeddable":true,"href":"https:\/\/www.electroluxprofessional.com\/fi\/wp-json\/wp\/v2\/users\/1"}],"replies":[{"embeddable":true,"href":"https:\/\/www.electroluxprofessional.com\/fi\/wp-json\/wp\/v2\/comments?post=2463"}],"version-history":[{"count":10,"href":"https:\/\/www.electroluxprofessional.com\/fi\/wp-json\/wp\/v2\/pages\/2463\/revisions"}],"predecessor-version":[{"id":3682,"href":"https:\/\/www.electroluxprofessional.com\/fi\/wp-json\/wp\/v2\/pages\/2463\/revisions\/3682"}],"wp:attachment":[{"href":"https:\/\/www.electroluxprofessional.com\/fi\/wp-json\/wp\/v2\/media?parent=2463"}],"curies":[{"name":"wp","href":"https:\/\/api.w.org\/{rel}","templated":true}]}}