{"id":2459,"date":"2017-03-20T09:09:41","date_gmt":"2017-03-20T09:09:41","guid":{"rendered":"https:\/\/www.electroluxprofessional.com\/fi\/?page_id=2459"},"modified":"2025-11-05T14:12:38","modified_gmt":"2025-11-05T14:12:38","slug":"biojatejarjestelma","status":"publish","type":"page","link":"https:\/\/www.electroluxprofessional.com\/fi\/ammattikeittiolaitteet\/biojatejarjestelma\/","title":{"rendered":"Bioj\u00e4tej\u00e4rjestelm\u00e4"},"content":{"rendered":"<p>[vc_row full_width=&#8221;electroluxpro-full-width-no-padding&#8221;][vc_column][elx_hero_slider label_text_color=&#8221;inherit&#8221; images=&#8221;2143&#8243;][elx_heading font_container=&#8221;h1&#8243; font_size=&#8221;h2&#8243; text_color=&#8221;inherit&#8221;]J\u00e4tteenk\u00e4sittely[\/elx_heading][\/elx_hero_slider][\/vc_column][\/vc_row][vc_row][vc_column][vc_empty_space][\/vc_column][\/vc_row][vc_row][vc_column width=&#8221;1\/2&#8243;][vc_empty_space][elx_heading font_size=&#8221;h3&#8243; text_color=&#8221;inherit&#8221;]Bioj\u00e4tej\u00e4rjestelm\u00e4[\/elx_heading][vc_empty_space][vc_column_text]Electrolux Professionalin <strong>kompakti\u00a0ja innovatiivinen <\/strong>j\u00e4tteenhallintaj\u00e4rjestelm\u00e4 on ihantellinen valinta\u00a0bioj\u00e4tteen hallintaan:<\/p>\n<ul>\n<li>J\u00e4rjestelm\u00e4 <strong>pienent\u00e4\u00e4<\/strong> jopa <strong>80 % bioj\u00e4tteen tilavuutta<\/strong> ainutlaatuisen k\u00e4sittelytekniikan ansiosta<\/li>\n<li><strong>Pienemm\u00e4t juoksevat kulut<\/strong>, koska j\u00e4te voidaan s\u00e4ilytt\u00e4\u00e4 normaalissa tilassa, eik\u00e4 v\u00e4ltt\u00e4m\u00e4tt\u00e4 tarvita ylim\u00e4\u00e4r\u00e4isi\u00e4 kylm\u00e4tiloja.<\/li>\n<li><strong>Pienemm\u00e4t j\u00e4tteenker\u00e4yskustannukset <\/strong>ja pienempi ymp\u00e4rist\u00f6nvaikutus<\/li>\n<li>J\u00e4rjestelm\u00e4 tuottaa melkein kuivaa bioj\u00e4tett\u00e4, jonka ansiosta se voidaan <strong>hy\u00f6dynt\u00e4\u00e4 uudestaan<\/strong> esimerkiksi biokaasuna tai kompostoinnissa<\/li>\n<\/ul>\n<p>[\/vc_column_text][vc_column_text]Kompakteissa bioj\u00e4teyksik\u00f6iss\u00e4 j\u00e4temylly ja vedenerotus ovat integroituna samaan laitteeseen. <strong>Laite on eritt\u00e4in helppok\u00e4ytt\u00f6inen: <\/strong>k\u00e4ytt\u00e4j\u00e4\u00a0kaataa bioj\u00e4tteen yksikk\u00f6\u00f6n, k\u00e4ynnist\u00e4\u00e4 laitteen napin painalluksella ja murskattu ja kuivattu bioj\u00e4te putoaa j\u00e4teastiaan (j\u00e4teastia sis\u00e4ltyy toimitukseen).<\/p>\n<p>Electrolux Professionalin\u00a0<strong>kompakti bioj\u00e4tej\u00e4rjestelm\u00e4<\/strong> on t\u00e4ydellinen ratkaisu keitti\u00f6lle, joissa on rajoitetusti tilaa, mutta on tarve k\u00e4sitell\u00e4 bioj\u00e4te oikein.<strong><br \/>\n<\/strong><\/p>\n<p>Lis\u00e4ksi saatavilla on my\u00f6s <strong>modulaarinen j\u00e4rjestelm\u00e4<\/strong>. T\u00e4ss\u00e4\u00a0j\u00e4rjestelm\u00e4ss\u00e4 on j\u00e4tt\u00f6asemat, joista bioj\u00e4te kulkeutuu putkia pitkin j\u00e4tehuoneeseen. Huoneessa on s\u00e4ili\u00f6t ja vedenerotus bioj\u00e4tteelle. Modulaarinen ratkaisu soveltuu erityisesti keskuskeitti\u00f6ille ja muille suurille tuotantolaitoksille.[\/vc_column_text][\/vc_column][vc_column width=&#8221;1\/2&#8243;][vc_single_image image=&#8221;12656&#8243; img_size=&#8221;full&#8221;][\/vc_column][\/vc_row][vc_row][vc_column][elx_heading font_container=&#8221;h3&#8243; text_color=&#8221;inherit&#8221;]Haluatko tiet\u00e4\u00e4 lis\u00e4\u00e4? Ota meihin yhteytt\u00e4![\/elx_heading][vc_empty_space height=&#8221;50px&#8221;][elx_o2000_contact_us s=&#8221;Tietopyynt\u00f6 bioj\u00e4tej\u00e4rjestelm\u00e4t&#8221; country=&#8221;Finland&#8221; container=&#8221;elxcontactus1484212117&#8243; r=&#8221;Haluan tiet\u00e4\u00e4 lis\u00e4\u00e4 bioj\u00e4tej\u00e4rjestelmist\u00e4, joten ottakaa yhteytt\u00e4 minuun.&#8221; l=&#8221;fi&#8221; e=&#8221;ammattikeittiot@electroluxprofessional.com&#8221;][\/vc_column][\/vc_row][vc_row][vc_column][vc_empty_space height=&#8221;50px&#8221;][\/vc_column][\/vc_row][vc_row][vc_column width=&#8221;1\/3&#8243;][elx_maylike_box id_box=&#8221;4533&#8243;][\/vc_column][vc_column width=&#8221;1\/3&#8243;][elx_maylike_box id_box=&#8221;4604&#8243;][\/vc_column][vc_column width=&#8221;1\/3&#8243;][elx_maylike_box id_box=&#8221;4479&#8243;][\/vc_column][\/vc_row]<\/p>\n","protected":false},"excerpt":{"rendered":"<p>[vc_row full_width=&#8221;electroluxpro-full-width-no-padding&#8221;][vc_column][elx_hero_slider label_text_color=&#8221;inherit&#8221; images=&#8221;2143&#8243;][elx_heading font_container=&#8221;h1&#8243; font_size=&#8221;h2&#8243; text_color=&#8221;inherit&#8221;]J\u00e4tteenk\u00e4sittely[\/elx_heading][\/elx_hero_slider][\/vc_column][\/vc_row][vc_row][vc_column][vc_empty_space][\/vc_column][\/vc_row][vc_row][vc_column width=&#8221;1\/2&#8243;][vc_empty_space][elx_heading font_size=&#8221;h3&#8243; text_color=&#8221;inherit&#8221;]Bioj\u00e4tej\u00e4rjestelm\u00e4[\/elx_heading][vc_empty_space][vc_column_text]Electrolux Professionalin kompakti\u00a0ja innovatiivinen j\u00e4tteenhallintaj\u00e4rjestelm\u00e4 on ihantellinen valinta\u00a0bioj\u00e4tteen hallintaan: J\u00e4rjestelm\u00e4 pienent\u00e4\u00e4 jopa 80 % bioj\u00e4tteen tilavuutta ainutlaatuisen k\u00e4sittelytekniikan ansiosta Pienemm\u00e4t juoksevat kulut, koska j\u00e4te voidaan s\u00e4ilytt\u00e4\u00e4 normaalissa tilassa, eik\u00e4 v\u00e4ltt\u00e4m\u00e4tt\u00e4 tarvita ylim\u00e4\u00e4r\u00e4isi\u00e4 kylm\u00e4tiloja. Pienemm\u00e4t j\u00e4tteenker\u00e4yskustannukset ja pienempi ymp\u00e4rist\u00f6nvaikutus J\u00e4rjestelm\u00e4 tuottaa melkein kuivaa bioj\u00e4tett\u00e4, jonka ansiosta se [&hellip;]<\/p>\n","protected":false},"author":1,"featured_media":0,"parent":2363,"menu_order":0,"comment_status":"closed","ping_status":"closed","template":"","meta":{"footnotes":""},"class_list":["post-2459","page","type-page","status-publish","hentry"],"yoast_head":"<!-- This site is optimized with the Yoast SEO plugin v23.3 - https:\/\/yoast.com\/wordpress\/plugins\/seo\/ -->\n<title>Suosittu bioj\u00e4tej\u00e4rjestelm\u00e4 - Electrolux Professional<\/title>\n<meta name=\"description\" content=\"J\u00e4tteenhallintaj\u00e4rjestelm\u00e4mme on kompakti ja innovatiivinen ratkaisu bioj\u00e4tteen hallintaan, jolla s\u00e4\u00e4stet\u00e4\u00e4n ymp\u00e4rist\u00f6\u00e4 sek\u00e4 rahaa. Tutustu nyt.\" \/>\n<meta name=\"robots\" content=\"index, follow, max-snippet:-1, max-image-preview:large, max-video-preview:-1\" \/>\n<link rel=\"canonical\" href=\"https:\/\/www.electroluxprofessional.com\/fi\/ammattikeittiolaitteet\/biojatejarjestelma\/\" \/>\n<meta property=\"og:locale\" content=\"fi_FI\" \/>\n<meta property=\"og:type\" content=\"article\" \/>\n<meta property=\"og:title\" content=\"Suosittu bioj\u00e4tej\u00e4rjestelm\u00e4 - Electrolux Professional\" \/>\n<meta property=\"og:description\" content=\"J\u00e4tteenhallintaj\u00e4rjestelm\u00e4mme on kompakti ja innovatiivinen ratkaisu bioj\u00e4tteen hallintaan, jolla s\u00e4\u00e4stet\u00e4\u00e4n ymp\u00e4rist\u00f6\u00e4 sek\u00e4 rahaa. Tutustu nyt.\" \/>\n<meta property=\"og:url\" content=\"https:\/\/www.electroluxprofessional.com\/fi\/ammattikeittiolaitteet\/biojatejarjestelma\/\" \/>\n<meta property=\"og:site_name\" content=\"Electrolux Professional Suomi\" \/>\n<meta property=\"article:modified_time\" content=\"2025-11-05T14:12:38+00:00\" \/>\n<meta name=\"twitter:card\" content=\"summary_large_image\" \/>\n<meta name=\"twitter:label1\" content=\"Arvioitu lukuaika\" \/>\n\t<meta name=\"twitter:data1\" content=\"2 minuuttia\" \/>\n<script type=\"application\/ld+json\" class=\"yoast-schema-graph\">{\"@context\":\"https:\/\/schema.org\",\"@graph\":[{\"@type\":\"WebPage\",\"@id\":\"https:\/\/www.electroluxprofessional.com\/fi\/ammattikeittiolaitteet\/biojatejarjestelma\/\",\"url\":\"https:\/\/www.electroluxprofessional.com\/fi\/ammattikeittiolaitteet\/biojatejarjestelma\/\",\"name\":\"Suosittu bioj\u00e4tej\u00e4rjestelm\u00e4 - Electrolux Professional\",\"isPartOf\":{\"@id\":\"https:\/\/www.electroluxprofessional.com\/fi\/#website\"},\"datePublished\":\"2017-03-20T09:09:41+00:00\",\"dateModified\":\"2025-11-05T14:12:38+00:00\",\"description\":\"J\u00e4tteenhallintaj\u00e4rjestelm\u00e4mme on kompakti ja innovatiivinen ratkaisu bioj\u00e4tteen hallintaan, jolla s\u00e4\u00e4stet\u00e4\u00e4n ymp\u00e4rist\u00f6\u00e4 sek\u00e4 rahaa. Tutustu nyt.\",\"breadcrumb\":{\"@id\":\"https:\/\/www.electroluxprofessional.com\/fi\/ammattikeittiolaitteet\/biojatejarjestelma\/#breadcrumb\"},\"inLanguage\":\"fi\",\"potentialAction\":[{\"@type\":\"ReadAction\",\"target\":[\"https:\/\/www.electroluxprofessional.com\/fi\/ammattikeittiolaitteet\/biojatejarjestelma\/\"]}]},{\"@type\":\"BreadcrumbList\",\"@id\":\"https:\/\/www.electroluxprofessional.com\/fi\/ammattikeittiolaitteet\/biojatejarjestelma\/#breadcrumb\",\"itemListElement\":[{\"@type\":\"ListItem\",\"position\":1,\"name\":\"Home\",\"item\":\"https:\/\/www.electroluxprofessional.com\/fi\/\"},{\"@type\":\"ListItem\",\"position\":2,\"name\":\"Ammattikeitti\u00f6laitteet\",\"item\":\"https:\/\/www.electroluxprofessional.com\/fi\/ammattikeittiolaitteet\/\"},{\"@type\":\"ListItem\",\"position\":3,\"name\":\"Bioj\u00e4tej\u00e4rjestelm\u00e4\"}]},{\"@type\":\"WebSite\",\"@id\":\"https:\/\/www.electroluxprofessional.com\/fi\/#website\",\"url\":\"https:\/\/www.electroluxprofessional.com\/fi\/\",\"name\":\"Electrolux Professional Suomi\",\"description\":\"\",\"potentialAction\":[{\"@type\":\"SearchAction\",\"target\":{\"@type\":\"EntryPoint\",\"urlTemplate\":\"https:\/\/www.electroluxprofessional.com\/fi\/?src={search_term_string}\"},\"query-input\":\"required name=search_term_string\"}],\"inLanguage\":\"fi\"}]}<\/script>\n<!-- \/ Yoast SEO plugin. -->","yoast_head_json":{"title":"Suosittu bioj\u00e4tej\u00e4rjestelm\u00e4 - Electrolux Professional","description":"J\u00e4tteenhallintaj\u00e4rjestelm\u00e4mme on kompakti ja innovatiivinen ratkaisu bioj\u00e4tteen hallintaan, jolla s\u00e4\u00e4stet\u00e4\u00e4n ymp\u00e4rist\u00f6\u00e4 sek\u00e4 rahaa. Tutustu nyt.","robots":{"index":"index","follow":"follow","max-snippet":"max-snippet:-1","max-image-preview":"max-image-preview:large","max-video-preview":"max-video-preview:-1"},"canonical":"https:\/\/www.electroluxprofessional.com\/fi\/ammattikeittiolaitteet\/biojatejarjestelma\/","og_locale":"fi_FI","og_type":"article","og_title":"Suosittu bioj\u00e4tej\u00e4rjestelm\u00e4 - Electrolux Professional","og_description":"J\u00e4tteenhallintaj\u00e4rjestelm\u00e4mme on kompakti ja innovatiivinen ratkaisu bioj\u00e4tteen hallintaan, jolla s\u00e4\u00e4stet\u00e4\u00e4n ymp\u00e4rist\u00f6\u00e4 sek\u00e4 rahaa. Tutustu nyt.","og_url":"https:\/\/www.electroluxprofessional.com\/fi\/ammattikeittiolaitteet\/biojatejarjestelma\/","og_site_name":"Electrolux Professional Suomi","article_modified_time":"2025-11-05T14:12:38+00:00","twitter_card":"summary_large_image","twitter_misc":{"Arvioitu lukuaika":"2 minuuttia"},"schema":{"@context":"https:\/\/schema.org","@graph":[{"@type":"WebPage","@id":"https:\/\/www.electroluxprofessional.com\/fi\/ammattikeittiolaitteet\/biojatejarjestelma\/","url":"https:\/\/www.electroluxprofessional.com\/fi\/ammattikeittiolaitteet\/biojatejarjestelma\/","name":"Suosittu bioj\u00e4tej\u00e4rjestelm\u00e4 - Electrolux Professional","isPartOf":{"@id":"https:\/\/www.electroluxprofessional.com\/fi\/#website"},"datePublished":"2017-03-20T09:09:41+00:00","dateModified":"2025-11-05T14:12:38+00:00","description":"J\u00e4tteenhallintaj\u00e4rjestelm\u00e4mme on kompakti ja innovatiivinen ratkaisu bioj\u00e4tteen hallintaan, jolla s\u00e4\u00e4stet\u00e4\u00e4n ymp\u00e4rist\u00f6\u00e4 sek\u00e4 rahaa. Tutustu nyt.","breadcrumb":{"@id":"https:\/\/www.electroluxprofessional.com\/fi\/ammattikeittiolaitteet\/biojatejarjestelma\/#breadcrumb"},"inLanguage":"fi","potentialAction":[{"@type":"ReadAction","target":["https:\/\/www.electroluxprofessional.com\/fi\/ammattikeittiolaitteet\/biojatejarjestelma\/"]}]},{"@type":"BreadcrumbList","@id":"https:\/\/www.electroluxprofessional.com\/fi\/ammattikeittiolaitteet\/biojatejarjestelma\/#breadcrumb","itemListElement":[{"@type":"ListItem","position":1,"name":"Home","item":"https:\/\/www.electroluxprofessional.com\/fi\/"},{"@type":"ListItem","position":2,"name":"Ammattikeitti\u00f6laitteet","item":"https:\/\/www.electroluxprofessional.com\/fi\/ammattikeittiolaitteet\/"},{"@type":"ListItem","position":3,"name":"Bioj\u00e4tej\u00e4rjestelm\u00e4"}]},{"@type":"WebSite","@id":"https:\/\/www.electroluxprofessional.com\/fi\/#website","url":"https:\/\/www.electroluxprofessional.com\/fi\/","name":"Electrolux Professional Suomi","description":"","potentialAction":[{"@type":"SearchAction","target":{"@type":"EntryPoint","urlTemplate":"https:\/\/www.electroluxprofessional.com\/fi\/?src={search_term_string}"},"query-input":"required name=search_term_string"}],"inLanguage":"fi"}]}},"_links":{"self":[{"href":"https:\/\/www.electroluxprofessional.com\/fi\/wp-json\/wp\/v2\/pages\/2459"}],"collection":[{"href":"https:\/\/www.electroluxprofessional.com\/fi\/wp-json\/wp\/v2\/pages"}],"about":[{"href":"https:\/\/www.electroluxprofessional.com\/fi\/wp-json\/wp\/v2\/types\/page"}],"author":[{"embeddable":true,"href":"https:\/\/www.electroluxprofessional.com\/fi\/wp-json\/wp\/v2\/users\/1"}],"replies":[{"embeddable":true,"href":"https:\/\/www.electroluxprofessional.com\/fi\/wp-json\/wp\/v2\/comments?post=2459"}],"version-history":[{"count":21,"href":"https:\/\/www.electroluxprofessional.com\/fi\/wp-json\/wp\/v2\/pages\/2459\/revisions"}],"predecessor-version":[{"id":15616,"href":"https:\/\/www.electroluxprofessional.com\/fi\/wp-json\/wp\/v2\/pages\/2459\/revisions\/15616"}],"up":[{"embeddable":true,"href":"https:\/\/www.electroluxprofessional.com\/fi\/wp-json\/wp\/v2\/pages\/2363"}],"wp:attachment":[{"href":"https:\/\/www.electroluxprofessional.com\/fi\/wp-json\/wp\/v2\/media?parent=2459"}],"curies":[{"name":"wp","href":"https:\/\/api.w.org\/{rel}","templated":true}]}}