{"id":2457,"date":"2017-03-20T08:57:26","date_gmt":"2017-03-20T08:57:26","guid":{"rendered":"https:\/\/www.electroluxprofessional.com\/fi\/?page_id=2457"},"modified":"2017-04-18T13:45:24","modified_gmt":"2017-04-18T13:45:24","slug":"ventilation","status":"publish","type":"page","link":"https:\/\/www.electroluxprofessional.com\/fi\/ventilation\/","title":{"rendered":"Ventilation"},"content":{"rendered":"<p>[vc_row full_width=&#8221;electroluxpro-full-width-no-padding&#8221;][vc_column][elx_hero_slider label_text_color=&#8221;inherit&#8221; images=&#8221;2172&#8243;][elx_heading font_container=&#8221;h1&#8243; text_color=&#8221;inherit&#8221;]Ventilation[\/elx_heading][\/elx_hero_slider][\/vc_column][\/vc_row][vc_row][vc_column width=&#8221;1\/2&#8243;][vc_empty_space][elx_heading text_color=&#8221;inherit&#8221;]N\u00e4r du beh\u00f6ver riktigt bra ventilation[\/elx_heading][vc_empty_space][vc_column_text]<\/p>\n<h5>N\u00e4r ditt professionella k\u00f6k kr\u00e4ver<strong> m\u00e5ngsidig, kraftfull<\/strong> och <strong>innovativ ventilation<\/strong> \u00e4r <strong>Electrolux ventilationshuvar<\/strong> din ideala l\u00f6sning.<\/h5>\n<p>[\/vc_column_text][vc_column_text]<\/p>\n<h5>V\u00e5rt breda sortiment av <strong>varierande dimensioner<\/strong> f\u00f6r att m\u00f6ta ditt specifika behov. Dessutom utrustat med labyrintfilter i rostfritt st\u00e5l.<\/h5>\n<p>[\/vc_column_text][\/vc_column][vc_column width=&#8221;1\/2&#8243;][vc_empty_space height=&#8221;70px&#8221;][elx_image_block background_image=&#8221;2171&#8243; minimum_height=&#8221;450px&#8221;][\/vc_column][\/vc_row][vc_row][vc_column][vc_empty_space][elx_heading text_color=&#8221;inherit&#8221;]Vill du veta mer? Kontakta oss![\/elx_heading][elx_o2000_contact_us r=&#8221;Jag skulle vilja veta mer om ventilation. V\u00e4nligen kontakta mig!&#8221; s=&#8221;Request of information about Ventilation&#8221; e=&#8221;anders.norell@electrolux.com&#8221; country=&#8221;Sweden&#8221; l=&#8221;se&#8221; container=&#8221;elxcontactus1486048409&#8243;][vc_empty_space][\/vc_column][\/vc_row][vc_row][vc_column][\/vc_column][\/vc_row]<\/p>\n","protected":false},"excerpt":{"rendered":"<p>[vc_row full_width=&#8221;electroluxpro-full-width-no-padding&#8221;][vc_column][elx_hero_slider label_text_color=&#8221;inherit&#8221; images=&#8221;2172&#8243;][elx_heading font_container=&#8221;h1&#8243; text_color=&#8221;inherit&#8221;]Ventilation[\/elx_heading][\/elx_hero_slider][\/vc_column][\/vc_row][vc_row][vc_column width=&#8221;1\/2&#8243;][vc_empty_space][elx_heading text_color=&#8221;inherit&#8221;]N\u00e4r du beh\u00f6ver riktigt bra ventilation[\/elx_heading][vc_empty_space][vc_column_text] N\u00e4r ditt professionella k\u00f6k kr\u00e4ver m\u00e5ngsidig, kraftfull och innovativ ventilation \u00e4r Electrolux ventilationshuvar din ideala l\u00f6sning. [\/vc_column_text][vc_column_text] V\u00e5rt breda sortiment av varierande dimensioner f\u00f6r att m\u00f6ta ditt specifika behov. Dessutom utrustat med labyrintfilter i rostfritt st\u00e5l. [\/vc_column_text][\/vc_column][vc_column width=&#8221;1\/2&#8243;][vc_empty_space height=&#8221;70px&#8221;][elx_image_block background_image=&#8221;2171&#8243; minimum_height=&#8221;450px&#8221;][\/vc_column][\/vc_row][vc_row][vc_column][vc_empty_space][elx_heading text_color=&#8221;inherit&#8221;]Vill [&hellip;]<\/p>\n","protected":false},"author":1,"featured_media":0,"parent":0,"menu_order":0,"comment_status":"closed","ping_status":"closed","template":"","meta":{"footnotes":""},"class_list":["post-2457","page","type-page","status-publish","hentry"],"yoast_head":"<!-- This site is optimized with the Yoast SEO plugin v23.3 - https:\/\/yoast.com\/wordpress\/plugins\/seo\/ -->\n<title>Ventilation, Ventilationshuv - Electrolux Professional<\/title>\n<meta name=\"description\" content=\"N\u00e4r ditt professionella k\u00f6k kr\u00e4ver m\u00e5ngsidig, kraftfull och innovativ ventilation \u00e4r Electrolux ventilationshuvar din ideala l\u00f6sning.\" \/>\n<meta name=\"robots\" content=\"index, follow, max-snippet:-1, max-image-preview:large, max-video-preview:-1\" \/>\n<link rel=\"canonical\" href=\"https:\/\/www.electroluxprofessional.com\/fi\/ventilation\/\" \/>\n<meta property=\"og:locale\" content=\"fi_FI\" \/>\n<meta property=\"og:type\" content=\"article\" \/>\n<meta property=\"og:title\" content=\"Ventilation, Ventilationshuv - Electrolux Professional\" \/>\n<meta property=\"og:description\" content=\"N\u00e4r ditt professionella k\u00f6k kr\u00e4ver m\u00e5ngsidig, kraftfull och innovativ ventilation \u00e4r Electrolux ventilationshuvar din ideala l\u00f6sning.\" \/>\n<meta property=\"og:url\" content=\"https:\/\/www.electroluxprofessional.com\/fi\/ventilation\/\" \/>\n<meta property=\"og:site_name\" content=\"Electrolux Professional Suomi\" \/>\n<meta property=\"article:modified_time\" content=\"2017-04-18T13:45:24+00:00\" \/>\n<meta name=\"twitter:card\" content=\"summary_large_image\" \/>\n<meta name=\"twitter:label1\" content=\"Arvioitu lukuaika\" \/>\n\t<meta name=\"twitter:data1\" content=\"1 minuutti\" \/>\n<script type=\"application\/ld+json\" class=\"yoast-schema-graph\">{\"@context\":\"https:\/\/schema.org\",\"@graph\":[{\"@type\":\"WebPage\",\"@id\":\"https:\/\/www.electroluxprofessional.com\/fi\/ventilation\/\",\"url\":\"https:\/\/www.electroluxprofessional.com\/fi\/ventilation\/\",\"name\":\"Ventilation, Ventilationshuv - Electrolux Professional\",\"isPartOf\":{\"@id\":\"https:\/\/www.electroluxprofessional.com\/fi\/#website\"},\"datePublished\":\"2017-03-20T08:57:26+00:00\",\"dateModified\":\"2017-04-18T13:45:24+00:00\",\"description\":\"N\u00e4r ditt professionella k\u00f6k kr\u00e4ver m\u00e5ngsidig, kraftfull och innovativ ventilation \u00e4r Electrolux ventilationshuvar din ideala l\u00f6sning.\",\"breadcrumb\":{\"@id\":\"https:\/\/www.electroluxprofessional.com\/fi\/ventilation\/#breadcrumb\"},\"inLanguage\":\"fi\",\"potentialAction\":[{\"@type\":\"ReadAction\",\"target\":[\"https:\/\/www.electroluxprofessional.com\/fi\/ventilation\/\"]}]},{\"@type\":\"BreadcrumbList\",\"@id\":\"https:\/\/www.electroluxprofessional.com\/fi\/ventilation\/#breadcrumb\",\"itemListElement\":[{\"@type\":\"ListItem\",\"position\":1,\"name\":\"Home\",\"item\":\"https:\/\/www.electroluxprofessional.com\/fi\/\"},{\"@type\":\"ListItem\",\"position\":2,\"name\":\"Ventilation\"}]},{\"@type\":\"WebSite\",\"@id\":\"https:\/\/www.electroluxprofessional.com\/fi\/#website\",\"url\":\"https:\/\/www.electroluxprofessional.com\/fi\/\",\"name\":\"Electrolux Professional Suomi\",\"description\":\"\",\"potentialAction\":[{\"@type\":\"SearchAction\",\"target\":{\"@type\":\"EntryPoint\",\"urlTemplate\":\"https:\/\/www.electroluxprofessional.com\/fi\/?src={search_term_string}\"},\"query-input\":\"required name=search_term_string\"}],\"inLanguage\":\"fi\"}]}<\/script>\n<!-- \/ Yoast SEO plugin. -->","yoast_head_json":{"title":"Ventilation, Ventilationshuv - Electrolux Professional","description":"N\u00e4r ditt professionella k\u00f6k kr\u00e4ver m\u00e5ngsidig, kraftfull och innovativ ventilation \u00e4r Electrolux ventilationshuvar din ideala l\u00f6sning.","robots":{"index":"index","follow":"follow","max-snippet":"max-snippet:-1","max-image-preview":"max-image-preview:large","max-video-preview":"max-video-preview:-1"},"canonical":"https:\/\/www.electroluxprofessional.com\/fi\/ventilation\/","og_locale":"fi_FI","og_type":"article","og_title":"Ventilation, Ventilationshuv - Electrolux Professional","og_description":"N\u00e4r ditt professionella k\u00f6k kr\u00e4ver m\u00e5ngsidig, kraftfull och innovativ ventilation \u00e4r Electrolux ventilationshuvar din ideala l\u00f6sning.","og_url":"https:\/\/www.electroluxprofessional.com\/fi\/ventilation\/","og_site_name":"Electrolux Professional Suomi","article_modified_time":"2017-04-18T13:45:24+00:00","twitter_card":"summary_large_image","twitter_misc":{"Arvioitu lukuaika":"1 minuutti"},"schema":{"@context":"https:\/\/schema.org","@graph":[{"@type":"WebPage","@id":"https:\/\/www.electroluxprofessional.com\/fi\/ventilation\/","url":"https:\/\/www.electroluxprofessional.com\/fi\/ventilation\/","name":"Ventilation, Ventilationshuv - Electrolux Professional","isPartOf":{"@id":"https:\/\/www.electroluxprofessional.com\/fi\/#website"},"datePublished":"2017-03-20T08:57:26+00:00","dateModified":"2017-04-18T13:45:24+00:00","description":"N\u00e4r ditt professionella k\u00f6k kr\u00e4ver m\u00e5ngsidig, kraftfull och innovativ ventilation \u00e4r Electrolux ventilationshuvar din ideala l\u00f6sning.","breadcrumb":{"@id":"https:\/\/www.electroluxprofessional.com\/fi\/ventilation\/#breadcrumb"},"inLanguage":"fi","potentialAction":[{"@type":"ReadAction","target":["https:\/\/www.electroluxprofessional.com\/fi\/ventilation\/"]}]},{"@type":"BreadcrumbList","@id":"https:\/\/www.electroluxprofessional.com\/fi\/ventilation\/#breadcrumb","itemListElement":[{"@type":"ListItem","position":1,"name":"Home","item":"https:\/\/www.electroluxprofessional.com\/fi\/"},{"@type":"ListItem","position":2,"name":"Ventilation"}]},{"@type":"WebSite","@id":"https:\/\/www.electroluxprofessional.com\/fi\/#website","url":"https:\/\/www.electroluxprofessional.com\/fi\/","name":"Electrolux Professional Suomi","description":"","potentialAction":[{"@type":"SearchAction","target":{"@type":"EntryPoint","urlTemplate":"https:\/\/www.electroluxprofessional.com\/fi\/?src={search_term_string}"},"query-input":"required name=search_term_string"}],"inLanguage":"fi"}]}},"_links":{"self":[{"href":"https:\/\/www.electroluxprofessional.com\/fi\/wp-json\/wp\/v2\/pages\/2457"}],"collection":[{"href":"https:\/\/www.electroluxprofessional.com\/fi\/wp-json\/wp\/v2\/pages"}],"about":[{"href":"https:\/\/www.electroluxprofessional.com\/fi\/wp-json\/wp\/v2\/types\/page"}],"author":[{"embeddable":true,"href":"https:\/\/www.electroluxprofessional.com\/fi\/wp-json\/wp\/v2\/users\/1"}],"replies":[{"embeddable":true,"href":"https:\/\/www.electroluxprofessional.com\/fi\/wp-json\/wp\/v2\/comments?post=2457"}],"version-history":[{"count":4,"href":"https:\/\/www.electroluxprofessional.com\/fi\/wp-json\/wp\/v2\/pages\/2457\/revisions"}],"predecessor-version":[{"id":3487,"href":"https:\/\/www.electroluxprofessional.com\/fi\/wp-json\/wp\/v2\/pages\/2457\/revisions\/3487"}],"wp:attachment":[{"href":"https:\/\/www.electroluxprofessional.com\/fi\/wp-json\/wp\/v2\/media?parent=2457"}],"curies":[{"name":"wp","href":"https:\/\/api.w.org\/{rel}","templated":true}]}}