{"id":2453,"date":"2017-03-20T08:09:47","date_gmt":"2017-03-20T08:09:47","guid":{"rendered":"https:\/\/www.electroluxprofessional.com\/fi\/?page_id=2453"},"modified":"2025-11-05T14:18:47","modified_gmt":"2025-11-05T14:18:47","slug":"keskitetty-ruoanjakelu","status":"publish","type":"page","link":"https:\/\/www.electroluxprofessional.com\/fi\/ammattikeittiolaitteet\/keskitetty-ruoanjakelu\/","title":{"rendered":"Keskitetty ruoanjakelu"},"content":{"rendered":"<p>[vc_row full_width=&#8221;electroluxpro-full-width-no-padding&#8221;][vc_column][elx_hero_slider label_text_color=&#8221;inherit&#8221; images=&#8221;2107&#8243;][elx_heading font_container=&#8221;h1&#8243; text_color=&#8221;inherit&#8221;]Keskitetty ruoanjakelu[\/elx_heading][\/elx_hero_slider][\/vc_column][\/vc_row][vc_row][vc_column][vc_empty_space][elx_heading font_size=&#8221;h3&#8243; text_color=&#8221;inherit&#8221; text_align=&#8221;text-center&#8221;]Keskitetty ruokajakelu &#8211; tukea mm. terveydenhoitoalan ruokahuoltoon[\/elx_heading][vc_empty_space][\/vc_column][\/vc_row][vc_row][vc_column width=&#8221;1\/2&#8243;][vc_column_text]Ruoankuljetusj\u00e4rjestelm\u00e4n joustavuus, kapasiteetti ja tehokkuus ovat per\u00e4isin laajasta laite- ja lis\u00e4tarvikevalikoimasta, joka tarjoaa lukemattomia mahdollisuuksia asiakkaille.<\/p>\n<p>Electrolux Professional tarjoaa laajan valikoiman erilaisia ergonomisia vaunujuja ja kalusteita: Keskitetyn jakelun kuljettimet ja niihin soveltuvat vaunut, RST vaunuja astianpesukorien s\u00e4ilytykseen ja kuljettamiseen, tarjoiluvaunuja lautasille ja tarjottimille, taso- ja tarjotinpalautusvaunuja sek\u00e4 paljon muuta.[\/vc_column_text][\/vc_column][vc_column width=&#8221;1\/2&#8243;][vc_single_image image=&#8221;2174&#8243; img_size=&#8221;full&#8221; alignment=&#8221;center&#8221;][\/vc_column][\/vc_row][vc_row][vc_column][vc_empty_space][elx_heading text_color=&#8221;inherit&#8221; text_align=&#8221;text-center&#8221;]Keskitetty ruoanjakelu.<br \/>\nHaluatko tiet\u00e4\u00e4 lis\u00e4\u00e4? Ota meihin yhteytt\u00e4![\/elx_heading][vc_empty_space][elx_o2000_contact_us s=&#8221;Tietopyynt\u00f6 keskitetty ruoanjakelu&#8221; country=&#8221;Finland&#8221; container=&#8221;elxcontactus1486049263&#8243; r=&#8221;Haluaisin tiet\u00e4\u00e4 lis\u00e4\u00e4 keskitetyst\u00e4 ruoanjakelusta, joten ottakaa yhteytt\u00e4 minuun.&#8221; l=&#8221;fi&#8221; e=&#8221;ammattikeittiot@electroluxprofessional.com&#8221;][vc_empty_space][\/vc_column][\/vc_row][vc_row][vc_column width=&#8221;1\/3&#8243;][elx_maylike_box id_box=&#8221;2686&#8243;][\/vc_column][vc_column width=&#8221;1\/3&#8243;][elx_maylike_box id_box=&#8221;4533&#8243;][\/vc_column][vc_column width=&#8221;1\/3&#8243;][elx_maylike_box id_box=&#8221;2710&#8243;][\/vc_column][\/vc_row]<\/p>\n","protected":false},"excerpt":{"rendered":"<p>[vc_row full_width=&#8221;electroluxpro-full-width-no-padding&#8221;][vc_column][elx_hero_slider label_text_color=&#8221;inherit&#8221; images=&#8221;2107&#8243;][elx_heading font_container=&#8221;h1&#8243; text_color=&#8221;inherit&#8221;]Keskitetty ruoanjakelu[\/elx_heading][\/elx_hero_slider][\/vc_column][\/vc_row][vc_row][vc_column][vc_empty_space][elx_heading font_size=&#8221;h3&#8243; text_color=&#8221;inherit&#8221; text_align=&#8221;text-center&#8221;]Keskitetty ruokajakelu &#8211; tukea mm. terveydenhoitoalan ruokahuoltoon[\/elx_heading][vc_empty_space][\/vc_column][\/vc_row][vc_row][vc_column width=&#8221;1\/2&#8243;][vc_column_text]Ruoankuljetusj\u00e4rjestelm\u00e4n joustavuus, kapasiteetti ja tehokkuus ovat per\u00e4isin laajasta laite- ja lis\u00e4tarvikevalikoimasta, joka tarjoaa lukemattomia mahdollisuuksia asiakkaille. Electrolux Professional tarjoaa laajan valikoiman erilaisia ergonomisia vaunujuja ja kalusteita: Keskitetyn jakelun kuljettimet ja niihin soveltuvat vaunut, RST vaunuja astianpesukorien s\u00e4ilytykseen ja kuljettamiseen, [&hellip;]<\/p>\n","protected":false},"author":1,"featured_media":0,"parent":2363,"menu_order":0,"comment_status":"closed","ping_status":"closed","template":"","meta":{"footnotes":""},"class_list":["post-2453","page","type-page","status-publish","hentry"],"yoast_head":"<!-- This site is optimized with the Yoast SEO plugin v23.3 - https:\/\/yoast.com\/wordpress\/plugins\/seo\/ -->\n<title>Keskitetty ruoanjakelu- Electrolux Professional<\/title>\n<meta name=\"description\" content=\"Keskitetty ruoanjakelu tarjoaa laajan valikoiman vaunuja ja kalusteita mm. terveydenhoitoalan ruokahuoltoon. Lue lis\u00e4\u00e4!\" \/>\n<meta name=\"robots\" content=\"index, follow, max-snippet:-1, max-image-preview:large, max-video-preview:-1\" \/>\n<link rel=\"canonical\" href=\"https:\/\/www.electroluxprofessional.com\/fi\/ammattikeittiolaitteet\/keskitetty-ruoanjakelu\/\" \/>\n<meta property=\"og:locale\" content=\"fi_FI\" \/>\n<meta property=\"og:type\" content=\"article\" \/>\n<meta property=\"og:title\" content=\"Keskitetty ruoanjakelu- Electrolux Professional\" \/>\n<meta property=\"og:description\" content=\"Keskitetty ruoanjakelu tarjoaa laajan valikoiman vaunuja ja kalusteita mm. terveydenhoitoalan ruokahuoltoon. Lue lis\u00e4\u00e4!\" \/>\n<meta property=\"og:url\" content=\"https:\/\/www.electroluxprofessional.com\/fi\/ammattikeittiolaitteet\/keskitetty-ruoanjakelu\/\" \/>\n<meta property=\"og:site_name\" content=\"Electrolux Professional Suomi\" \/>\n<meta property=\"article:modified_time\" content=\"2025-11-05T14:18:47+00:00\" \/>\n<meta name=\"twitter:card\" content=\"summary_large_image\" \/>\n<meta name=\"twitter:label1\" content=\"Arvioitu lukuaika\" \/>\n\t<meta name=\"twitter:data1\" content=\"1 minuutti\" \/>\n<script type=\"application\/ld+json\" class=\"yoast-schema-graph\">{\"@context\":\"https:\/\/schema.org\",\"@graph\":[{\"@type\":\"WebPage\",\"@id\":\"https:\/\/www.electroluxprofessional.com\/fi\/ammattikeittiolaitteet\/keskitetty-ruoanjakelu\/\",\"url\":\"https:\/\/www.electroluxprofessional.com\/fi\/ammattikeittiolaitteet\/keskitetty-ruoanjakelu\/\",\"name\":\"Keskitetty ruoanjakelu- Electrolux Professional\",\"isPartOf\":{\"@id\":\"https:\/\/www.electroluxprofessional.com\/fi\/#website\"},\"datePublished\":\"2017-03-20T08:09:47+00:00\",\"dateModified\":\"2025-11-05T14:18:47+00:00\",\"description\":\"Keskitetty ruoanjakelu tarjoaa laajan valikoiman vaunuja ja kalusteita mm. terveydenhoitoalan ruokahuoltoon. Lue lis\u00e4\u00e4!\",\"breadcrumb\":{\"@id\":\"https:\/\/www.electroluxprofessional.com\/fi\/ammattikeittiolaitteet\/keskitetty-ruoanjakelu\/#breadcrumb\"},\"inLanguage\":\"fi\",\"potentialAction\":[{\"@type\":\"ReadAction\",\"target\":[\"https:\/\/www.electroluxprofessional.com\/fi\/ammattikeittiolaitteet\/keskitetty-ruoanjakelu\/\"]}]},{\"@type\":\"BreadcrumbList\",\"@id\":\"https:\/\/www.electroluxprofessional.com\/fi\/ammattikeittiolaitteet\/keskitetty-ruoanjakelu\/#breadcrumb\",\"itemListElement\":[{\"@type\":\"ListItem\",\"position\":1,\"name\":\"Home\",\"item\":\"https:\/\/www.electroluxprofessional.com\/fi\/\"},{\"@type\":\"ListItem\",\"position\":2,\"name\":\"Ammattikeitti\u00f6laitteet\",\"item\":\"https:\/\/www.electroluxprofessional.com\/fi\/ammattikeittiolaitteet\/\"},{\"@type\":\"ListItem\",\"position\":3,\"name\":\"Keskitetty ruoanjakelu\"}]},{\"@type\":\"WebSite\",\"@id\":\"https:\/\/www.electroluxprofessional.com\/fi\/#website\",\"url\":\"https:\/\/www.electroluxprofessional.com\/fi\/\",\"name\":\"Electrolux Professional Suomi\",\"description\":\"\",\"potentialAction\":[{\"@type\":\"SearchAction\",\"target\":{\"@type\":\"EntryPoint\",\"urlTemplate\":\"https:\/\/www.electroluxprofessional.com\/fi\/?src={search_term_string}\"},\"query-input\":\"required name=search_term_string\"}],\"inLanguage\":\"fi\"}]}<\/script>\n<!-- \/ Yoast SEO plugin. -->","yoast_head_json":{"title":"Keskitetty ruoanjakelu- Electrolux Professional","description":"Keskitetty ruoanjakelu tarjoaa laajan valikoiman vaunuja ja kalusteita mm. terveydenhoitoalan ruokahuoltoon. Lue lis\u00e4\u00e4!","robots":{"index":"index","follow":"follow","max-snippet":"max-snippet:-1","max-image-preview":"max-image-preview:large","max-video-preview":"max-video-preview:-1"},"canonical":"https:\/\/www.electroluxprofessional.com\/fi\/ammattikeittiolaitteet\/keskitetty-ruoanjakelu\/","og_locale":"fi_FI","og_type":"article","og_title":"Keskitetty ruoanjakelu- Electrolux Professional","og_description":"Keskitetty ruoanjakelu tarjoaa laajan valikoiman vaunuja ja kalusteita mm. terveydenhoitoalan ruokahuoltoon. Lue lis\u00e4\u00e4!","og_url":"https:\/\/www.electroluxprofessional.com\/fi\/ammattikeittiolaitteet\/keskitetty-ruoanjakelu\/","og_site_name":"Electrolux Professional Suomi","article_modified_time":"2025-11-05T14:18:47+00:00","twitter_card":"summary_large_image","twitter_misc":{"Arvioitu lukuaika":"1 minuutti"},"schema":{"@context":"https:\/\/schema.org","@graph":[{"@type":"WebPage","@id":"https:\/\/www.electroluxprofessional.com\/fi\/ammattikeittiolaitteet\/keskitetty-ruoanjakelu\/","url":"https:\/\/www.electroluxprofessional.com\/fi\/ammattikeittiolaitteet\/keskitetty-ruoanjakelu\/","name":"Keskitetty ruoanjakelu- Electrolux Professional","isPartOf":{"@id":"https:\/\/www.electroluxprofessional.com\/fi\/#website"},"datePublished":"2017-03-20T08:09:47+00:00","dateModified":"2025-11-05T14:18:47+00:00","description":"Keskitetty ruoanjakelu tarjoaa laajan valikoiman vaunuja ja kalusteita mm. terveydenhoitoalan ruokahuoltoon. Lue lis\u00e4\u00e4!","breadcrumb":{"@id":"https:\/\/www.electroluxprofessional.com\/fi\/ammattikeittiolaitteet\/keskitetty-ruoanjakelu\/#breadcrumb"},"inLanguage":"fi","potentialAction":[{"@type":"ReadAction","target":["https:\/\/www.electroluxprofessional.com\/fi\/ammattikeittiolaitteet\/keskitetty-ruoanjakelu\/"]}]},{"@type":"BreadcrumbList","@id":"https:\/\/www.electroluxprofessional.com\/fi\/ammattikeittiolaitteet\/keskitetty-ruoanjakelu\/#breadcrumb","itemListElement":[{"@type":"ListItem","position":1,"name":"Home","item":"https:\/\/www.electroluxprofessional.com\/fi\/"},{"@type":"ListItem","position":2,"name":"Ammattikeitti\u00f6laitteet","item":"https:\/\/www.electroluxprofessional.com\/fi\/ammattikeittiolaitteet\/"},{"@type":"ListItem","position":3,"name":"Keskitetty ruoanjakelu"}]},{"@type":"WebSite","@id":"https:\/\/www.electroluxprofessional.com\/fi\/#website","url":"https:\/\/www.electroluxprofessional.com\/fi\/","name":"Electrolux Professional Suomi","description":"","potentialAction":[{"@type":"SearchAction","target":{"@type":"EntryPoint","urlTemplate":"https:\/\/www.electroluxprofessional.com\/fi\/?src={search_term_string}"},"query-input":"required name=search_term_string"}],"inLanguage":"fi"}]}},"_links":{"self":[{"href":"https:\/\/www.electroluxprofessional.com\/fi\/wp-json\/wp\/v2\/pages\/2453"}],"collection":[{"href":"https:\/\/www.electroluxprofessional.com\/fi\/wp-json\/wp\/v2\/pages"}],"about":[{"href":"https:\/\/www.electroluxprofessional.com\/fi\/wp-json\/wp\/v2\/types\/page"}],"author":[{"embeddable":true,"href":"https:\/\/www.electroluxprofessional.com\/fi\/wp-json\/wp\/v2\/users\/1"}],"replies":[{"embeddable":true,"href":"https:\/\/www.electroluxprofessional.com\/fi\/wp-json\/wp\/v2\/comments?post=2453"}],"version-history":[{"count":15,"href":"https:\/\/www.electroluxprofessional.com\/fi\/wp-json\/wp\/v2\/pages\/2453\/revisions"}],"predecessor-version":[{"id":15625,"href":"https:\/\/www.electroluxprofessional.com\/fi\/wp-json\/wp\/v2\/pages\/2453\/revisions\/15625"}],"up":[{"embeddable":true,"href":"https:\/\/www.electroluxprofessional.com\/fi\/wp-json\/wp\/v2\/pages\/2363"}],"wp:attachment":[{"href":"https:\/\/www.electroluxprofessional.com\/fi\/wp-json\/wp\/v2\/media?parent=2453"}],"curies":[{"name":"wp","href":"https:\/\/api.w.org\/{rel}","templated":true}]}}