{"id":2451,"date":"2017-03-28T14:28:47","date_gmt":"2017-03-28T14:28:47","guid":{"rendered":"https:\/\/www.electroluxprofessional.com\/fi\/?page_id=2451"},"modified":"2017-04-24T09:08:44","modified_gmt":"2017-04-24T09:08:44","slug":"thermaline-historia","status":"publish","type":"page","link":"https:\/\/www.electroluxprofessional.com\/fi\/thermaline-historia\/","title":{"rendered":"thermaline historia"},"content":{"rendered":"<p>[vc_row full_width=&#8221;electroluxpro-full-width-no-padding&#8221;][vc_column][elx_hero_slider label_text_color=&#8221;inherit&#8221; images=&#8221;706&#8243;][elx_heading font_container=&#8221;h1&#8243; font_size=&#8221;h2&#8243; text_color=&#8221;inherit&#8221;]therma<em>line<\/em><br \/>\n\u00e4r Electrolux Swiss-made premium serie[\/elx_heading][\/elx_hero_slider][\/vc_column][\/vc_row][vc_row full_width=&#8221;electroluxpro-container-no-padding&#8221; equal_height=&#8221;yes&#8221; css=&#8221;.vc_custom_1472714193540{padding-top: 50px !important;}&#8221;][vc_column width=&#8221;1\/2&#8243;][elx_heading font_size=&#8221;h4&#8243; text_color=&#8221;inherit&#8221;]Sedan 1871.<br \/>\nProduktion, precision och tradition i \u00f6ver 100 \u00e5r.[\/elx_heading][vc_column_text]Historien om therma<em>line<\/em> g\u00e5r hela v\u00e4gen tillbaka till 1871, i Sursee, Schweiz, och \u00e4r aktuell \u00e4n idag.<\/p>\n<p>Electrolux Swissmade excellence \u00e4r direkt kopplat till varum\u00e4rket Therma, och \u00e4r ledande p\u00e5 marknaden. O\u00e4ndliga kombinationer, \u00f6verl\u00e4gsen flexibilitet och banbrytande design. <strong>Therma<em>line<\/em><\/strong> \u00e4r den ultimata l\u00f6sningen f\u00f6r stork\u00f6k.<\/p>\n<p>Therma<em>line<\/em> tillverkas i Schweiz, d\u00e4r l\u00e5nga traditioner m\u00f6ter state-of-the-art:teknik, vilket ger h\u00f6g kvalitet, innovativ design och l\u00e4ttanv\u00e4nda produkter.[\/vc_column_text][\/vc_column][vc_column width=&#8221;1\/2&#8243;][vc_single_image image=&#8221;850&#8243; img_size=&#8221;full&#8221; style=&#8221;vc_box_circle_2&#8243;][\/vc_column][\/vc_row][vc_row][vc_column css=&#8221;.vc_custom_1472631578547{padding-top: 50px !important;padding-bottom: 50px !important;}&#8221;][elx_heading font_container=&#8221;h3&#8243; text_color=&#8221;inherit&#8221; text_align=&#8221;text-center&#8221; css=&#8221;.vc_custom_1490004998240{padding-top: 50px !important;padding-bottom: 50px !important;}&#8221;]Ge uttryck f\u00f6r din kreativitet[\/elx_heading][\/vc_column][\/vc_row][vc_row full_width=&#8221;electroluxpro-container-no-padding&#8221; equal_height=&#8221;yes&#8221;][vc_column width=&#8221;1\/2&#8243;][elx_simple_block background_color=&#8221;inherit&#8221;][vc_column_text]<\/p>\n<h4>P\u00e5litlig innovation<\/h4>\n<ul>\n<li><span id=\"result_box\" class=\"\" lang=\"sv\"><strong>Effektiva br\u00e4nnare<\/strong> <strong>p\u00e5skyndar tillagningstiden<\/strong>: patenterad, inf\u00e4lld, tripple ring h\u00f6geffektiva Flower Flame br\u00e4nnare f\u00f6r att undvika v\u00e4rmeavgivning.<\/span><\/li>\n<li><span id=\"result_box\" class=\"\" lang=\"sv\"><strong>J\u00e4mn temperaturer<\/strong>: tack vare den patenterade, h\u00f6geffektiva gas heating systemet, n\u00e5r grillgallret en j\u00e4mn temperatur, vilket ger utm\u00e4rkta grillresultat.<\/span><\/li>\n<li><span id=\"result_box\" class=\"\" lang=\"sv\"><strong>Hygienisk non-stick yta:<\/strong> h\u00e4llen \u00e4r utrustad med en mycket resistent non-stick yta f\u00f6r optimal v\u00e4rmef\u00f6rdelning och perfekt <span class=\"\">j\u00e4mnhet<\/span> i <span class=\"\">matlagning<\/span>en.<\/span><\/li>\n<li><span id=\"result_box\" class=\"\" lang=\"sv\"><strong>Multipurpose:<\/strong> Aquacooker \u00e4r <span class=\"\">den idealiska produkten med fler anv\u00e4ndningsomr\u00e5den som <\/span>sous-vide, bain <span class=\"\">marie<\/span> <span class=\"\">och<\/span> <span class=\"\">\u00e4ven<\/span> <span class=\"\">pastakokare<\/span>.<\/span><\/li>\n<li><span id=\"result_box\" class=\"\" lang=\"sv\"><strong>V\u00e4lj \u00f6nskat tillagningss\u00e4tt:<\/strong> med en Free cooking top kan du tillaga direkt p\u00e5 ytan, men ocks\u00e5 anv\u00e4nda k\u00e4rl.<\/span><\/li>\n<\/ul>\n<h4><\/h4>\n<p>[\/vc_column_text][\/elx_simple_block][\/vc_column][vc_column width=&#8221;1\/2&#8243;][elx_simple_block background_color=&#8221;inherit&#8221;][vc_single_image image=&#8221;852&#8243; img_size=&#8221;full&#8221; alignment=&#8221;center&#8221; style=&#8221;vc_box_shadow&#8221; onclick=&#8221;img_link_large&#8221;][\/elx_simple_block][\/vc_column][\/vc_row][vc_row full_width=&#8221;electroluxpro-container-no-padding&#8221; equal_height=&#8221;yes&#8221;][vc_column width=&#8221;1\/2&#8243;][elx_simple_block background_color=&#8221;inherit&#8221;][vc_single_image image=&#8221;853&#8243; img_size=&#8221;full&#8221;][\/elx_simple_block][\/vc_column][vc_column width=&#8221;1\/2&#8243;][elx_simple_block background_color=&#8221;inherit&#8221;][vc_column_text]<\/p>\n<h4>Maximal effektivitet<\/h4>\n<ul>\n<li><strong>Ecotop<\/strong>\u00a0ger h\u00f6g effektivitet och minskar samtidigt v\u00e4rmeavgivningen f\u00f6r en behaglig arbetsmilj\u00f6.<\/li>\n<li><strong>Ecoflame\u00a0<\/strong>st\u00e4nger ner br\u00e4nnarna n\u00e4r k\u00e4rlet flyttas, och har bara pilotl\u00e5gan ig\u00e5ng.<\/li>\n<li><strong>Full surface induction<\/strong> ger m\u00f6jlighet till upp till 16 k\u00e4rl samtidigt, f\u00f6r h\u00f6gre produktivitet samtidigt som du kan utnyttja f\u00f6rm\u00e5nerna med induktionens teknologi.<\/li>\n<\/ul>\n<p>[\/vc_column_text][\/elx_simple_block][\/vc_column][\/vc_row][vc_row][vc_column width=&#8221;1\/2&#8243;][elx_simple_block background_color=&#8221;inherit&#8221;][vc_column_text]<\/p>\n<h4>Swiss finish<\/h4>\n<ul>\n<li><strong>Hygien och robust: <\/strong>3mm tjock topp\u00a0 i rostfritt st\u00e5l i ett stycke erbjuder b\u00e5de h\u00f6gsta hygien och robusthet.<\/li>\n<li><strong>S\u00e4kerhet: <\/strong>den nya f\u00f6rh\u00f6jda droppkanten bidrar till b\u00e4ttre tillagningsresultat och livsmedelss\u00e4kerhet, f\u00f6rhindrar att v\u00e4tska och oljor droppar ner i brunnen p\u00e5 frit\u00f6ser, pastakokare och bain marie.<\/li>\n<li><strong>Funktionalitet: <\/strong>varje detalj, fr\u00e5n d\u00f6rrhandtagens form till silikonvreden, \u00e4r framtagna f\u00f6r att ge extrem funktionalitet.<\/li>\n<\/ul>\n<p>[\/vc_column_text][\/elx_simple_block][\/vc_column][vc_column width=&#8221;1\/2&#8243;][elx_simple_block background_color=&#8221;inherit&#8221;][vc_single_image image=&#8221;854&#8243; img_size=&#8221;full&#8221;][\/elx_simple_block][\/vc_column][\/vc_row][vc_row][vc_column][vc_empty_space][\/vc_column][\/vc_row][vc_row css=&#8221;.vc_custom_1472551359919{padding-bottom: 10px !important;}&#8221;][vc_column][elx_heading font_container=&#8221;h3&#8243; text_color=&#8221;inherit&#8221; text_align=&#8221;text-center&#8221;]Vill du veta mer? Kontakta oss![\/elx_heading][elx_o2000_contact_us r=&#8221;Jag skulle vilja veta mer om thermaline, v\u00e4nligen kontakta mig.&#8221; s=&#8221;Request of information for thermaline cooking ranges&#8221; e=&#8221;anders.norell@electrolux.com&#8221; country=&#8221;Sweden&#8221; l=&#8221;se&#8221; container=&#8221;elxcontactus1466428041&#8243;][\/vc_column][\/vc_row][vc_row][vc_column][\/vc_column][\/vc_row][vc_row][vc_column width=&#8221;1\/3&#8243;][elx_maylike_box id_box=&#8221;2691&#8243;][\/vc_column][vc_column width=&#8221;1\/3&#8243;][elx_maylike_box id_box=&#8221;374&#8243;][\/vc_column][vc_column width=&#8221;1\/3&#8243;][elx_maylike_box id_box=&#8221;3523&#8243;][\/vc_column][\/vc_row][vc_row][vc_column][vc_empty_space height=&#8221;50px&#8221;][\/vc_column][\/vc_row]<\/p>\n","protected":false},"excerpt":{"rendered":"<p>[vc_row full_width=&#8221;electroluxpro-full-width-no-padding&#8221;][vc_column][elx_hero_slider label_text_color=&#8221;inherit&#8221; images=&#8221;706&#8243;][elx_heading font_container=&#8221;h1&#8243; font_size=&#8221;h2&#8243; text_color=&#8221;inherit&#8221;]thermaline \u00e4r Electrolux Swiss-made premium serie[\/elx_heading][\/elx_hero_slider][\/vc_column][\/vc_row][vc_row full_width=&#8221;electroluxpro-container-no-padding&#8221; equal_height=&#8221;yes&#8221; css=&#8221;.vc_custom_1472714193540{padding-top: 50px !important;}&#8221;][vc_column width=&#8221;1\/2&#8243;][elx_heading font_size=&#8221;h4&#8243; text_color=&#8221;inherit&#8221;]Sedan 1871. Produktion, precision och tradition i \u00f6ver 100 \u00e5r.[\/elx_heading][vc_column_text]Historien om thermaline g\u00e5r hela v\u00e4gen tillbaka till 1871, i Sursee, Schweiz, och \u00e4r aktuell \u00e4n idag. Electrolux Swissmade excellence \u00e4r direkt kopplat till varum\u00e4rket Therma, och [&hellip;]<\/p>\n","protected":false},"author":1,"featured_media":0,"parent":0,"menu_order":0,"comment_status":"closed","ping_status":"closed","template":"","meta":{"footnotes":""},"class_list":["post-2451","page","type-page","status-publish","hentry"],"yoast_head":"<!-- This site is optimized with the Yoast SEO plugin v23.3 - https:\/\/yoast.com\/wordpress\/plugins\/seo\/ -->\n<title>thermaline historia - Electrolux Professional Suomi<\/title>\n<meta name=\"robots\" content=\"index, follow, max-snippet:-1, max-image-preview:large, max-video-preview:-1\" \/>\n<link rel=\"canonical\" href=\"https:\/\/www.electroluxprofessional.com\/fi\/thermaline-historia\/\" \/>\n<meta property=\"og:locale\" content=\"fi_FI\" \/>\n<meta property=\"og:type\" content=\"article\" \/>\n<meta property=\"og:title\" content=\"thermaline historia - Electrolux Professional Suomi\" \/>\n<meta property=\"og:description\" content=\"[vc_row full_width=&#8221;electroluxpro-full-width-no-padding&#8221;][vc_column][elx_hero_slider label_text_color=&#8221;inherit&#8221; images=&#8221;706&#8243;][elx_heading font_container=&#8221;h1&#8243; font_size=&#8221;h2&#8243; text_color=&#8221;inherit&#8221;]thermaline \u00e4r Electrolux Swiss-made premium serie[\/elx_heading][\/elx_hero_slider][\/vc_column][\/vc_row][vc_row full_width=&#8221;electroluxpro-container-no-padding&#8221; equal_height=&#8221;yes&#8221; css=&#8221;.vc_custom_1472714193540{padding-top: 50px !important;}&#8221;][vc_column width=&#8221;1\/2&#8243;][elx_heading font_size=&#8221;h4&#8243; text_color=&#8221;inherit&#8221;]Sedan 1871. Produktion, precision och tradition i \u00f6ver 100 \u00e5r.[\/elx_heading][vc_column_text]Historien om thermaline g\u00e5r hela v\u00e4gen tillbaka till 1871, i Sursee, Schweiz, och \u00e4r aktuell \u00e4n idag. Electrolux Swissmade excellence \u00e4r direkt kopplat till varum\u00e4rket Therma, och [&hellip;]\" \/>\n<meta property=\"og:url\" content=\"https:\/\/www.electroluxprofessional.com\/fi\/thermaline-historia\/\" \/>\n<meta property=\"og:site_name\" content=\"Electrolux Professional Suomi\" \/>\n<meta property=\"article:modified_time\" content=\"2017-04-24T09:08:44+00:00\" \/>\n<meta name=\"twitter:card\" content=\"summary_large_image\" \/>\n<meta name=\"twitter:label1\" content=\"Arvioitu lukuaika\" \/>\n\t<meta name=\"twitter:data1\" content=\"4 minuuttia\" \/>\n<script type=\"application\/ld+json\" class=\"yoast-schema-graph\">{\"@context\":\"https:\/\/schema.org\",\"@graph\":[{\"@type\":\"WebPage\",\"@id\":\"https:\/\/www.electroluxprofessional.com\/fi\/thermaline-historia\/\",\"url\":\"https:\/\/www.electroluxprofessional.com\/fi\/thermaline-historia\/\",\"name\":\"thermaline historia - Electrolux Professional Suomi\",\"isPartOf\":{\"@id\":\"https:\/\/www.electroluxprofessional.com\/fi\/#website\"},\"datePublished\":\"2017-03-28T14:28:47+00:00\",\"dateModified\":\"2017-04-24T09:08:44+00:00\",\"breadcrumb\":{\"@id\":\"https:\/\/www.electroluxprofessional.com\/fi\/thermaline-historia\/#breadcrumb\"},\"inLanguage\":\"fi\",\"potentialAction\":[{\"@type\":\"ReadAction\",\"target\":[\"https:\/\/www.electroluxprofessional.com\/fi\/thermaline-historia\/\"]}]},{\"@type\":\"BreadcrumbList\",\"@id\":\"https:\/\/www.electroluxprofessional.com\/fi\/thermaline-historia\/#breadcrumb\",\"itemListElement\":[{\"@type\":\"ListItem\",\"position\":1,\"name\":\"Home\",\"item\":\"https:\/\/www.electroluxprofessional.com\/fi\/\"},{\"@type\":\"ListItem\",\"position\":2,\"name\":\"thermaline historia\"}]},{\"@type\":\"WebSite\",\"@id\":\"https:\/\/www.electroluxprofessional.com\/fi\/#website\",\"url\":\"https:\/\/www.electroluxprofessional.com\/fi\/\",\"name\":\"Electrolux Professional Suomi\",\"description\":\"\",\"potentialAction\":[{\"@type\":\"SearchAction\",\"target\":{\"@type\":\"EntryPoint\",\"urlTemplate\":\"https:\/\/www.electroluxprofessional.com\/fi\/?src={search_term_string}\"},\"query-input\":\"required name=search_term_string\"}],\"inLanguage\":\"fi\"}]}<\/script>\n<!-- \/ Yoast SEO plugin. -->","yoast_head_json":{"title":"thermaline historia - Electrolux Professional Suomi","robots":{"index":"index","follow":"follow","max-snippet":"max-snippet:-1","max-image-preview":"max-image-preview:large","max-video-preview":"max-video-preview:-1"},"canonical":"https:\/\/www.electroluxprofessional.com\/fi\/thermaline-historia\/","og_locale":"fi_FI","og_type":"article","og_title":"thermaline historia - Electrolux Professional Suomi","og_description":"[vc_row full_width=&#8221;electroluxpro-full-width-no-padding&#8221;][vc_column][elx_hero_slider label_text_color=&#8221;inherit&#8221; images=&#8221;706&#8243;][elx_heading font_container=&#8221;h1&#8243; font_size=&#8221;h2&#8243; text_color=&#8221;inherit&#8221;]thermaline \u00e4r Electrolux Swiss-made premium serie[\/elx_heading][\/elx_hero_slider][\/vc_column][\/vc_row][vc_row full_width=&#8221;electroluxpro-container-no-padding&#8221; equal_height=&#8221;yes&#8221; css=&#8221;.vc_custom_1472714193540{padding-top: 50px !important;}&#8221;][vc_column width=&#8221;1\/2&#8243;][elx_heading font_size=&#8221;h4&#8243; text_color=&#8221;inherit&#8221;]Sedan 1871. Produktion, precision och tradition i \u00f6ver 100 \u00e5r.[\/elx_heading][vc_column_text]Historien om thermaline g\u00e5r hela v\u00e4gen tillbaka till 1871, i Sursee, Schweiz, och \u00e4r aktuell \u00e4n idag. Electrolux Swissmade excellence \u00e4r direkt kopplat till varum\u00e4rket Therma, och [&hellip;]","og_url":"https:\/\/www.electroluxprofessional.com\/fi\/thermaline-historia\/","og_site_name":"Electrolux Professional Suomi","article_modified_time":"2017-04-24T09:08:44+00:00","twitter_card":"summary_large_image","twitter_misc":{"Arvioitu lukuaika":"4 minuuttia"},"schema":{"@context":"https:\/\/schema.org","@graph":[{"@type":"WebPage","@id":"https:\/\/www.electroluxprofessional.com\/fi\/thermaline-historia\/","url":"https:\/\/www.electroluxprofessional.com\/fi\/thermaline-historia\/","name":"thermaline historia - Electrolux Professional Suomi","isPartOf":{"@id":"https:\/\/www.electroluxprofessional.com\/fi\/#website"},"datePublished":"2017-03-28T14:28:47+00:00","dateModified":"2017-04-24T09:08:44+00:00","breadcrumb":{"@id":"https:\/\/www.electroluxprofessional.com\/fi\/thermaline-historia\/#breadcrumb"},"inLanguage":"fi","potentialAction":[{"@type":"ReadAction","target":["https:\/\/www.electroluxprofessional.com\/fi\/thermaline-historia\/"]}]},{"@type":"BreadcrumbList","@id":"https:\/\/www.electroluxprofessional.com\/fi\/thermaline-historia\/#breadcrumb","itemListElement":[{"@type":"ListItem","position":1,"name":"Home","item":"https:\/\/www.electroluxprofessional.com\/fi\/"},{"@type":"ListItem","position":2,"name":"thermaline historia"}]},{"@type":"WebSite","@id":"https:\/\/www.electroluxprofessional.com\/fi\/#website","url":"https:\/\/www.electroluxprofessional.com\/fi\/","name":"Electrolux Professional Suomi","description":"","potentialAction":[{"@type":"SearchAction","target":{"@type":"EntryPoint","urlTemplate":"https:\/\/www.electroluxprofessional.com\/fi\/?src={search_term_string}"},"query-input":"required name=search_term_string"}],"inLanguage":"fi"}]}},"_links":{"self":[{"href":"https:\/\/www.electroluxprofessional.com\/fi\/wp-json\/wp\/v2\/pages\/2451"}],"collection":[{"href":"https:\/\/www.electroluxprofessional.com\/fi\/wp-json\/wp\/v2\/pages"}],"about":[{"href":"https:\/\/www.electroluxprofessional.com\/fi\/wp-json\/wp\/v2\/types\/page"}],"author":[{"embeddable":true,"href":"https:\/\/www.electroluxprofessional.com\/fi\/wp-json\/wp\/v2\/users\/1"}],"replies":[{"embeddable":true,"href":"https:\/\/www.electroluxprofessional.com\/fi\/wp-json\/wp\/v2\/comments?post=2451"}],"version-history":[{"count":12,"href":"https:\/\/www.electroluxprofessional.com\/fi\/wp-json\/wp\/v2\/pages\/2451\/revisions"}],"predecessor-version":[{"id":3782,"href":"https:\/\/www.electroluxprofessional.com\/fi\/wp-json\/wp\/v2\/pages\/2451\/revisions\/3782"}],"wp:attachment":[{"href":"https:\/\/www.electroluxprofessional.com\/fi\/wp-json\/wp\/v2\/media?parent=2451"}],"curies":[{"name":"wp","href":"https:\/\/api.w.org\/{rel}","templated":true}]}}