{"id":2447,"date":"2017-04-05T13:35:10","date_gmt":"2017-04-05T13:35:10","guid":{"rendered":"https:\/\/www.electroluxprofessional.com\/fi\/?page_id=2447"},"modified":"2017-04-18T12:55:50","modified_gmt":"2017-04-18T12:55:50","slug":"stainless-steel-fabrication","status":"publish","type":"page","link":"https:\/\/www.electroluxprofessional.com\/fi\/stainless-steel-fabrication\/","title":{"rendered":"Rostfri inredning"},"content":{"rendered":"<p>[vc_row full_width=&#8221;electroluxpro-full-width-no-padding&#8221;][vc_column][elx_hero_slider label_text_color=&#8221;inherit&#8221; images=&#8221;1986&#8243;][elx_heading text_color=&#8221;cat-stainless-steel-fabrication&#8221;]Rostfri inredning[\/elx_heading][elx_heading font_size=&#8221;h3&#8243; text_color=&#8221;inherit&#8221;]Alla m\u00e5ltider b\u00f6rjar vid beredningsytan[\/elx_heading][\/elx_hero_slider][\/vc_column][\/vc_row][vc_row][vc_column][vc_empty_space][elx_heading font_size=&#8221;h3&#8243; text_color=&#8221;inherit&#8221; text_align=&#8221;text-center&#8221;]Electrolux har l\u00f6sningen f\u00f6r att skapa en beredningsyta som ger<br \/>\n<strong>h\u00f6gre produktivitet, utm\u00e4rkt hygienstandard och st\u00f6rsta m\u00f6jliga flexibilitet.<\/strong>[\/elx_heading][\/vc_column][\/vc_row][vc_row][vc_column][vc_empty_space][elx_image_block background_image=&#8221;2058&#8243; minimum_height=&#8221;400px&#8221;][elx_heading font_container=&#8221;h3&#8243; font_size=&#8221;h4&#8243; text_color=&#8221;inherit&#8221; text_align=&#8221;text-center&#8221;]Vi har den skr\u00e4ddarsydda l\u00f6sningen som ger dig ett brett utbud av kombinationer s\u00e5som neutrala, v\u00e4rmda, kylda och frysta baser, att s\u00e4ttas ihop efter just dina behov och \u00f6nskem\u00e5l.[\/elx_heading][\/vc_column][\/vc_row][vc_row][vc_column width=&#8221;1\/2&#8243;][vc_single_image image=&#8221;1985&#8243; img_size=&#8221;full&#8221; onclick=&#8221;custom_link&#8221; link=&#8221;https:\/\/www.electroluxprofessional.com\/commercial-kitchen-equipment\/refrigerated-counters\/&#8221;][\/vc_column][vc_column width=&#8221;1\/2&#8243;][vc_column_text css=&#8221;.vc_custom_1490876284044{margin-bottom: 0px !important;border-bottom-width: 0px !important;padding-bottom: 0px !important;}&#8221;]<\/p>\n<h3>V\u00e5r nya Standard Fabrication \u00e4r ergonomisk och stilren.<\/h3>\n<h5>Designen skapar en enhetlig linje med nya <span style=\"color: #ad96dc;\"><a style=\"color: #ad96dc;\" href=\"https:\/\/www.electroluxprofessional.com\/commercial-kitchen-equipment\/refrigerated-counters\/\">ecostore<sup>HP<\/sup> kylb\u00e4nkar.<\/a><\/span><\/h5>\n<p>De nya kylb\u00e4nkarna har den unika kombinationen av b\u00e5de <strong>h\u00f6gsta klimatklass A<\/strong>, och <strong>h\u00f6gsta energiklass 5<\/strong>, p\u00e5 marknaden.<\/p>\n<p>Standard fabrication erbjuder praktiska l\u00f6sningar f\u00f6r alla typer av beredningsytor i det professionella k\u00f6ket och kan som enda serie passa in perfekt med det innovativa utseende som k\u00e4nnetecknar Electrolux utrustning.[\/vc_column_text][elx_button css=&#8221;&#8221; button_text=&#8221;ecostore kylb\u00e4nkar&#8221; button_link=&#8221;url:https%3A%2F%2Fprofessional.electrolux.fi%2Ffood%2Frefrigerated-counters%2F|title:ecostore%20||&#8221; button_style=&#8221;icon&#8221;][\/vc_column][\/vc_row][vc_row][vc_column][vc_empty_space height=&#8221;50px&#8221;][elx_heading text_color=&#8221;inherit&#8221; text_align=&#8221;text-center&#8221;]Vill du veta mer? Kontakta oss![\/elx_heading][elx_o2000_contact_us r=&#8221;Jag skulle vilja veta mer om rostfri inredning, v\u00e4nligen kontakta mig.&#8221; s=&#8221;Request of information about stainless steel fabrication&#8221; e=&#8221;anders.norell@electrolux.com&#8221; country=&#8221;Sweden&#8221; l=&#8221;se&#8221; container=&#8221;elxcontactus1479285607&#8243;][vc_empty_space height=&#8221;50px&#8221;][\/vc_column][\/vc_row][vc_row][vc_column]<!-- PRODUCT NAVIGATION -->\n        <div class=\"com21-products-navigation products-navigation specification-filter\" id=\"com21prodnav1487236298\">\n            <div>\n                <div class=\"container\">\n                    <div class=\"row\">\n                        <div class=\"col-md-4 text-left\">\n                            <h6>Luokka<\/h6>\n                            <div class=\"prod-nav-category\">\n                            \n                                <div class=\"prod-nav-category-check\">\n                                    <input type=\"checkbox\" name=\"d-esivalmistuksen-yksikot\" \n                                    id=\"d-esivalmistuksen-yksikot\" \n                                    data-code=\"D\" data-description=\"Esivalmistuksen yksik\u00f6t\">\n                                    \n                                    <label for=\"d-esivalmistuksen-yksikot\">Esivalmistuksen yksik\u00f6t<\/label>\n                                <\/div>\n            \n                                <div class=\"prod-nav-category-check\">\n                                    <input type=\"checkbox\" name=\"b-kylmakalusteet-premium\" \n                                    id=\"b-kylmakalusteet-premium\" \n                                    data-code=\"B\" data-description=\"Kylm\u00e4kalusteet, Premium\">\n                                    \n                                    <label for=\"b-kylmakalusteet-premium\">Kylm\u00e4kalusteet, Premium<\/label>\n                                <\/div>\n            \n                                <div class=\"prod-nav-category-check\">\n                                    <input type=\"checkbox\" name=\"c-rst-kalusteet-standard\" \n                                    id=\"c-rst-kalusteet-standard\" \n                                    data-code=\"C\" data-description=\"RST kalusteet, Standard\">\n                                    \n                                    <label for=\"c-rst-kalusteet-standard\">RST kalusteet, Standard<\/label>\n                                <\/div>\n            \n                                <div class=\"prod-nav-category-check\">\n                                    <input type=\"checkbox\" name=\"e-hylly-yksikot\" \n                                    id=\"e-hylly-yksikot\" \n                                    data-code=\"E\" data-description=\"Hylly-yksik\u00f6t\">\n                                    \n                                    <label for=\"e-hylly-yksikot\">Hylly-yksik\u00f6t<\/label>\n                                <\/div>\n            \n                            <\/div>\n                        <\/div>\n                        <div class=\"col-md-4 text-left\">\n                            <h6 class=\"prod-nav-subcategory-title\" style=\"display:none;\">Alaluokka<\/h6>\n                            <div class=\"prod-nav-subcategory\">\n                            \n                            <\/div>\n                        <\/div>\n                        <div class=\"col-md-4 text-left\">\n                            <h6 class=\"prod-nav-filter-title\" style=\"display:none;\">Suodatin<\/h6>\n                            <div class=\"prod-nav-filter\">\n                            \n                            <\/div>\n                        <\/div>\n                    <\/div>\n                    <div class=\"row\">\n                        <div class=\"col-md-6 text-left\">\n                            <a href=\"#\" class=\"btn btn-default\" id=\"prod-nav-reset-btn\">Nollaa<\/a> \n                            <span class=\"prod-nav-products-number\" style=\"display:none;\">\n                                <span id=\"prod-nav-products-number\"><\/span> Tuotteet<\/span> \n                        <\/div>\n                    <\/div>\n                <\/div>\n            <\/div>\n            <div class=\"products-navigation container product-list\">\n                <!--Hidden parameters-->\n                <input type=\"hidden\" name=\"prod_nav_level\" id=\"prod_nav_level\" value=\"A\">\n                <input type=\"hidden\" name=\"prod_nav_language\" id=\"prod_nav_language\" value=\"5008\">\n                <!--END Hidden parameters-->\n                \n                <ul class=\"row prod-nav-product-ul\">\n                <!-- Here content -->\n                <\/ul>\n                <div class=\"text-center more-products\">\n                    <button id=\"prod-nav-load-more-products\" style=\"display:none;\">N\u00e4yt\u00e4 lis\u00e4\u00e4<\/button>\n                <\/div>\n            <\/div>\n        <\/div>\n    \n                <!-- END PRODUCT NAVIGATION -->[elx_floating_icon][elx_image_block background_image=&#8221;2058&#8243;][\/vc_column][\/vc_row]<\/p>\n","protected":false},"excerpt":{"rendered":"<p>[vc_row full_width=&#8221;electroluxpro-full-width-no-padding&#8221;][vc_column][elx_hero_slider label_text_color=&#8221;inherit&#8221; images=&#8221;1986&#8243;][elx_heading text_color=&#8221;cat-stainless-steel-fabrication&#8221;]Rostfri inredning[\/elx_heading][elx_heading font_size=&#8221;h3&#8243; text_color=&#8221;inherit&#8221;]Alla m\u00e5ltider b\u00f6rjar vid beredningsytan[\/elx_heading][\/elx_hero_slider][\/vc_column][\/vc_row][vc_row][vc_column][vc_empty_space][elx_heading font_size=&#8221;h3&#8243; text_color=&#8221;inherit&#8221; text_align=&#8221;text-center&#8221;]Electrolux har l\u00f6sningen f\u00f6r att skapa en beredningsyta som ger h\u00f6gre produktivitet, utm\u00e4rkt hygienstandard och st\u00f6rsta m\u00f6jliga flexibilitet.[\/elx_heading][\/vc_column][\/vc_row][vc_row][vc_column][vc_empty_space][elx_image_block background_image=&#8221;2058&#8243; minimum_height=&#8221;400px&#8221;][elx_heading font_container=&#8221;h3&#8243; font_size=&#8221;h4&#8243; text_color=&#8221;inherit&#8221; text_align=&#8221;text-center&#8221;]Vi har den skr\u00e4ddarsydda l\u00f6sningen som ger dig ett brett utbud av kombinationer s\u00e5som neutrala, v\u00e4rmda, kylda och [&hellip;]<\/p>\n","protected":false},"author":1,"featured_media":0,"parent":0,"menu_order":0,"comment_status":"closed","ping_status":"closed","template":"","meta":{"footnotes":""},"class_list":["post-2447","page","type-page","status-publish","hentry"],"yoast_head":"<!-- This site is optimized with the Yoast SEO plugin v23.3 - https:\/\/yoast.com\/wordpress\/plugins\/seo\/ -->\n<title>Rostfri inredning - Electrolux Professional Suomi<\/title>\n<meta name=\"robots\" content=\"index, follow, max-snippet:-1, max-image-preview:large, max-video-preview:-1\" \/>\n<link rel=\"canonical\" href=\"https:\/\/www.electroluxprofessional.com\/fi\/stainless-steel-fabrication\/\" \/>\n<meta property=\"og:locale\" content=\"fi_FI\" \/>\n<meta property=\"og:type\" content=\"article\" \/>\n<meta property=\"og:title\" content=\"Rostfri inredning - Electrolux Professional Suomi\" \/>\n<meta property=\"og:description\" content=\"[vc_row full_width=&#8221;electroluxpro-full-width-no-padding&#8221;][vc_column][elx_hero_slider label_text_color=&#8221;inherit&#8221; images=&#8221;1986&#8243;][elx_heading text_color=&#8221;cat-stainless-steel-fabrication&#8221;]Rostfri inredning[\/elx_heading][elx_heading font_size=&#8221;h3&#8243; text_color=&#8221;inherit&#8221;]Alla m\u00e5ltider b\u00f6rjar vid beredningsytan[\/elx_heading][\/elx_hero_slider][\/vc_column][\/vc_row][vc_row][vc_column][vc_empty_space][elx_heading font_size=&#8221;h3&#8243; text_color=&#8221;inherit&#8221; text_align=&#8221;text-center&#8221;]Electrolux har l\u00f6sningen f\u00f6r att skapa en beredningsyta som ger h\u00f6gre produktivitet, utm\u00e4rkt hygienstandard och st\u00f6rsta m\u00f6jliga flexibilitet.[\/elx_heading][\/vc_column][\/vc_row][vc_row][vc_column][vc_empty_space][elx_image_block background_image=&#8221;2058&#8243; minimum_height=&#8221;400px&#8221;][elx_heading font_container=&#8221;h3&#8243; font_size=&#8221;h4&#8243; text_color=&#8221;inherit&#8221; text_align=&#8221;text-center&#8221;]Vi har den skr\u00e4ddarsydda l\u00f6sningen som ger dig ett brett utbud av kombinationer s\u00e5som neutrala, v\u00e4rmda, kylda och [&hellip;]\" \/>\n<meta property=\"og:url\" content=\"https:\/\/www.electroluxprofessional.com\/fi\/stainless-steel-fabrication\/\" \/>\n<meta property=\"og:site_name\" content=\"Electrolux Professional Suomi\" \/>\n<meta property=\"article:modified_time\" content=\"2017-04-18T12:55:50+00:00\" \/>\n<meta name=\"twitter:card\" content=\"summary_large_image\" \/>\n<meta name=\"twitter:label1\" content=\"Arvioitu lukuaika\" \/>\n\t<meta name=\"twitter:data1\" content=\"2 minuuttia\" \/>\n<script type=\"application\/ld+json\" class=\"yoast-schema-graph\">{\"@context\":\"https:\/\/schema.org\",\"@graph\":[{\"@type\":\"WebPage\",\"@id\":\"https:\/\/www.electroluxprofessional.com\/fi\/stainless-steel-fabrication\/\",\"url\":\"https:\/\/www.electroluxprofessional.com\/fi\/stainless-steel-fabrication\/\",\"name\":\"Rostfri inredning - Electrolux Professional Suomi\",\"isPartOf\":{\"@id\":\"https:\/\/www.electroluxprofessional.com\/fi\/#website\"},\"datePublished\":\"2017-04-05T13:35:10+00:00\",\"dateModified\":\"2017-04-18T12:55:50+00:00\",\"breadcrumb\":{\"@id\":\"https:\/\/www.electroluxprofessional.com\/fi\/stainless-steel-fabrication\/#breadcrumb\"},\"inLanguage\":\"fi\",\"potentialAction\":[{\"@type\":\"ReadAction\",\"target\":[\"https:\/\/www.electroluxprofessional.com\/fi\/stainless-steel-fabrication\/\"]}]},{\"@type\":\"BreadcrumbList\",\"@id\":\"https:\/\/www.electroluxprofessional.com\/fi\/stainless-steel-fabrication\/#breadcrumb\",\"itemListElement\":[{\"@type\":\"ListItem\",\"position\":1,\"name\":\"Home\",\"item\":\"https:\/\/www.electroluxprofessional.com\/fi\/\"},{\"@type\":\"ListItem\",\"position\":2,\"name\":\"Rostfri inredning\"}]},{\"@type\":\"WebSite\",\"@id\":\"https:\/\/www.electroluxprofessional.com\/fi\/#website\",\"url\":\"https:\/\/www.electroluxprofessional.com\/fi\/\",\"name\":\"Electrolux Professional Suomi\",\"description\":\"\",\"potentialAction\":[{\"@type\":\"SearchAction\",\"target\":{\"@type\":\"EntryPoint\",\"urlTemplate\":\"https:\/\/www.electroluxprofessional.com\/fi\/?src={search_term_string}\"},\"query-input\":\"required name=search_term_string\"}],\"inLanguage\":\"fi\"}]}<\/script>\n<!-- \/ Yoast SEO plugin. -->","yoast_head_json":{"title":"Rostfri inredning - Electrolux Professional Suomi","robots":{"index":"index","follow":"follow","max-snippet":"max-snippet:-1","max-image-preview":"max-image-preview:large","max-video-preview":"max-video-preview:-1"},"canonical":"https:\/\/www.electroluxprofessional.com\/fi\/stainless-steel-fabrication\/","og_locale":"fi_FI","og_type":"article","og_title":"Rostfri inredning - Electrolux Professional Suomi","og_description":"[vc_row full_width=&#8221;electroluxpro-full-width-no-padding&#8221;][vc_column][elx_hero_slider label_text_color=&#8221;inherit&#8221; images=&#8221;1986&#8243;][elx_heading text_color=&#8221;cat-stainless-steel-fabrication&#8221;]Rostfri inredning[\/elx_heading][elx_heading font_size=&#8221;h3&#8243; text_color=&#8221;inherit&#8221;]Alla m\u00e5ltider b\u00f6rjar vid beredningsytan[\/elx_heading][\/elx_hero_slider][\/vc_column][\/vc_row][vc_row][vc_column][vc_empty_space][elx_heading font_size=&#8221;h3&#8243; text_color=&#8221;inherit&#8221; text_align=&#8221;text-center&#8221;]Electrolux har l\u00f6sningen f\u00f6r att skapa en beredningsyta som ger h\u00f6gre produktivitet, utm\u00e4rkt hygienstandard och st\u00f6rsta m\u00f6jliga flexibilitet.[\/elx_heading][\/vc_column][\/vc_row][vc_row][vc_column][vc_empty_space][elx_image_block background_image=&#8221;2058&#8243; minimum_height=&#8221;400px&#8221;][elx_heading font_container=&#8221;h3&#8243; font_size=&#8221;h4&#8243; text_color=&#8221;inherit&#8221; text_align=&#8221;text-center&#8221;]Vi har den skr\u00e4ddarsydda l\u00f6sningen som ger dig ett brett utbud av kombinationer s\u00e5som neutrala, v\u00e4rmda, kylda och [&hellip;]","og_url":"https:\/\/www.electroluxprofessional.com\/fi\/stainless-steel-fabrication\/","og_site_name":"Electrolux Professional Suomi","article_modified_time":"2017-04-18T12:55:50+00:00","twitter_card":"summary_large_image","twitter_misc":{"Arvioitu lukuaika":"2 minuuttia"},"schema":{"@context":"https:\/\/schema.org","@graph":[{"@type":"WebPage","@id":"https:\/\/www.electroluxprofessional.com\/fi\/stainless-steel-fabrication\/","url":"https:\/\/www.electroluxprofessional.com\/fi\/stainless-steel-fabrication\/","name":"Rostfri inredning - Electrolux Professional Suomi","isPartOf":{"@id":"https:\/\/www.electroluxprofessional.com\/fi\/#website"},"datePublished":"2017-04-05T13:35:10+00:00","dateModified":"2017-04-18T12:55:50+00:00","breadcrumb":{"@id":"https:\/\/www.electroluxprofessional.com\/fi\/stainless-steel-fabrication\/#breadcrumb"},"inLanguage":"fi","potentialAction":[{"@type":"ReadAction","target":["https:\/\/www.electroluxprofessional.com\/fi\/stainless-steel-fabrication\/"]}]},{"@type":"BreadcrumbList","@id":"https:\/\/www.electroluxprofessional.com\/fi\/stainless-steel-fabrication\/#breadcrumb","itemListElement":[{"@type":"ListItem","position":1,"name":"Home","item":"https:\/\/www.electroluxprofessional.com\/fi\/"},{"@type":"ListItem","position":2,"name":"Rostfri inredning"}]},{"@type":"WebSite","@id":"https:\/\/www.electroluxprofessional.com\/fi\/#website","url":"https:\/\/www.electroluxprofessional.com\/fi\/","name":"Electrolux Professional Suomi","description":"","potentialAction":[{"@type":"SearchAction","target":{"@type":"EntryPoint","urlTemplate":"https:\/\/www.electroluxprofessional.com\/fi\/?src={search_term_string}"},"query-input":"required name=search_term_string"}],"inLanguage":"fi"}]}},"_links":{"self":[{"href":"https:\/\/www.electroluxprofessional.com\/fi\/wp-json\/wp\/v2\/pages\/2447"}],"collection":[{"href":"https:\/\/www.electroluxprofessional.com\/fi\/wp-json\/wp\/v2\/pages"}],"about":[{"href":"https:\/\/www.electroluxprofessional.com\/fi\/wp-json\/wp\/v2\/types\/page"}],"author":[{"embeddable":true,"href":"https:\/\/www.electroluxprofessional.com\/fi\/wp-json\/wp\/v2\/users\/1"}],"replies":[{"embeddable":true,"href":"https:\/\/www.electroluxprofessional.com\/fi\/wp-json\/wp\/v2\/comments?post=2447"}],"version-history":[{"count":14,"href":"https:\/\/www.electroluxprofessional.com\/fi\/wp-json\/wp\/v2\/pages\/2447\/revisions"}],"predecessor-version":[{"id":3662,"href":"https:\/\/www.electroluxprofessional.com\/fi\/wp-json\/wp\/v2\/pages\/2447\/revisions\/3662"}],"wp:attachment":[{"href":"https:\/\/www.electroluxprofessional.com\/fi\/wp-json\/wp\/v2\/media?parent=2447"}],"curies":[{"name":"wp","href":"https:\/\/api.w.org\/{rel}","templated":true}]}}