{"id":2439,"date":"2017-03-28T11:33:45","date_gmt":"2017-03-28T11:33:45","guid":{"rendered":"https:\/\/www.electroluxprofessional.com\/fi\/?page_id=2439"},"modified":"2017-04-18T13:03:12","modified_gmt":"2017-04-18T13:03:12","slug":"saladette-kylbank","status":"publish","type":"page","link":"https:\/\/www.electroluxprofessional.com\/fi\/saladette-kylbank\/","title":{"rendered":"Saladette kylb\u00e4nk"},"content":{"rendered":"<p>[vc_row full_width=&#8221;electroluxpro-full-width-no-padding&#8221;][vc_column][elx_hero_slider label_text_color=&#8221;inherit&#8221; images=&#8221;2071&#8243;][elx_heading font_container=&#8221;h1&#8243; font_size=&#8221;h1&#8243; text_color=&#8221;inherit&#8221; text_align=&#8221;text-left&#8221;]Saladette[\/elx_heading][elx_heading font_size=&#8221;h3&#8243; text_color=&#8221;inherit&#8221;]Kylb\u00e4nk[\/elx_heading][\/elx_hero_slider][\/vc_column][\/vc_row][vc_row][vc_column][vc_empty_space][\/vc_column][\/vc_row][vc_row][vc_column width=&#8221;1\/2&#8243;][vc_single_image image=&#8221;2070&#8243; img_size=&#8221;full&#8221; alignment=&#8221;center&#8221;][\/vc_column][vc_column width=&#8221;1\/2&#8243;][vc_empty_space][elx_heading font_size=&#8221;h3&#8243; text_color=&#8221;inherit&#8221;]Electrolux utbud av <strong>kylb\u00e4nkar<\/strong> kombinerar bekv\u00e4mligheten med en arbetsb\u00e4nk och kylf\u00f6rvaring under.[\/elx_heading][vc_column_text css=&#8221;.vc_custom_1489063364255{margin-top: 20px !important;border-top-width: 20px !important;padding-top: 20px !important;}&#8221;]<\/p>\n<p style=\"text-align: left;\">Den m\u00e5ngsidigheten ger <strong>betydande utrymmesbesparingar <\/strong>och erbjuder en <strong>funktionell och modul\u00e4r l\u00f6sning<\/strong> all f\u00f6r alla typer av k\u00f6k.<\/p>\n<p>[\/vc_column_text][\/vc_column][\/vc_row][vc_row][vc_column][vc_empty_space height=&#8221;50px&#8221;][\/vc_column][\/vc_row][vc_row][vc_column][vc_empty_space height=&#8221;50px&#8221;][elx_heading font_size=&#8221;h2&#8243; text_color=&#8221;inherit&#8221; text_align=&#8221;text-center&#8221;]Vill du veta mer? Kontakta oss![\/elx_heading][elx_o2000_contact_us r=&#8221;Jag skulle vilja veta mer om saladette. V\u00e4nligen kontakta mig.&#8221; s=&#8221;Request of information about saladette &#8221; e=&#8221;anders.norell@electrolux.com&#8221; country=&#8221;Sweden&#8221; l=&#8221;se&#8221; container=&#8221;elxcontactus1480424351&#8243;][vc_empty_space height=&#8221;50px&#8221;][\/vc_column][\/vc_row]<\/p>\n","protected":false},"excerpt":{"rendered":"<p>[vc_row full_width=&#8221;electroluxpro-full-width-no-padding&#8221;][vc_column][elx_hero_slider label_text_color=&#8221;inherit&#8221; images=&#8221;2071&#8243;][elx_heading font_container=&#8221;h1&#8243; font_size=&#8221;h1&#8243; text_color=&#8221;inherit&#8221; text_align=&#8221;text-left&#8221;]Saladette[\/elx_heading][elx_heading font_size=&#8221;h3&#8243; text_color=&#8221;inherit&#8221;]Kylb\u00e4nk[\/elx_heading][\/elx_hero_slider][\/vc_column][\/vc_row][vc_row][vc_column][vc_empty_space][\/vc_column][\/vc_row][vc_row][vc_column width=&#8221;1\/2&#8243;][vc_single_image image=&#8221;2070&#8243; img_size=&#8221;full&#8221; alignment=&#8221;center&#8221;][\/vc_column][vc_column width=&#8221;1\/2&#8243;][vc_empty_space][elx_heading font_size=&#8221;h3&#8243; text_color=&#8221;inherit&#8221;]Electrolux utbud av kylb\u00e4nkar kombinerar bekv\u00e4mligheten med en arbetsb\u00e4nk och kylf\u00f6rvaring under.[\/elx_heading][vc_column_text css=&#8221;.vc_custom_1489063364255{margin-top: 20px !important;border-top-width: 20px !important;padding-top: 20px !important;}&#8221;] Den m\u00e5ngsidigheten ger betydande utrymmesbesparingar och erbjuder en funktionell och modul\u00e4r l\u00f6sning all f\u00f6r alla typer av k\u00f6k. [\/vc_column_text][\/vc_column][\/vc_row][vc_row][vc_column][vc_empty_space height=&#8221;50px&#8221;][\/vc_column][\/vc_row][vc_row][vc_column][vc_empty_space [&hellip;]<\/p>\n","protected":false},"author":1,"featured_media":0,"parent":0,"menu_order":0,"comment_status":"closed","ping_status":"closed","template":"","meta":{"footnotes":""},"class_list":["post-2439","page","type-page","status-publish","hentry"],"yoast_head":"<!-- This site is optimized with the Yoast SEO plugin v23.3 - https:\/\/yoast.com\/wordpress\/plugins\/seo\/ -->\n<title>Saladette kylb\u00e4nk - Electrolux Professional Suomi<\/title>\n<meta name=\"description\" content=\"Electrolux utbud av kylb\u00e4nkar kombinerar bekv\u00e4mligheten med en arbetsb\u00e4nk och kylf\u00f6rvaring under. Ger mer utrymme och en funktionell och modul\u00e4r l\u00f6sning.\" \/>\n<meta name=\"robots\" content=\"index, follow, max-snippet:-1, max-image-preview:large, max-video-preview:-1\" \/>\n<link rel=\"canonical\" href=\"https:\/\/www.electroluxprofessional.com\/fi\/saladette-kylbank\/\" \/>\n<meta property=\"og:locale\" content=\"fi_FI\" \/>\n<meta property=\"og:type\" content=\"article\" \/>\n<meta property=\"og:title\" content=\"Saladette kylb\u00e4nk - Electrolux Professional Suomi\" \/>\n<meta property=\"og:description\" content=\"Electrolux utbud av kylb\u00e4nkar kombinerar bekv\u00e4mligheten med en arbetsb\u00e4nk och kylf\u00f6rvaring under. Ger mer utrymme och en funktionell och modul\u00e4r l\u00f6sning.\" \/>\n<meta property=\"og:url\" content=\"https:\/\/www.electroluxprofessional.com\/fi\/saladette-kylbank\/\" \/>\n<meta property=\"og:site_name\" content=\"Electrolux Professional Suomi\" \/>\n<meta property=\"article:modified_time\" content=\"2017-04-18T13:03:12+00:00\" \/>\n<meta name=\"twitter:card\" content=\"summary_large_image\" \/>\n<meta name=\"twitter:label1\" content=\"Arvioitu lukuaika\" \/>\n\t<meta name=\"twitter:data1\" content=\"1 minuutti\" \/>\n<script type=\"application\/ld+json\" class=\"yoast-schema-graph\">{\"@context\":\"https:\/\/schema.org\",\"@graph\":[{\"@type\":\"WebPage\",\"@id\":\"https:\/\/www.electroluxprofessional.com\/fi\/saladette-kylbank\/\",\"url\":\"https:\/\/www.electroluxprofessional.com\/fi\/saladette-kylbank\/\",\"name\":\"Saladette kylb\u00e4nk - Electrolux Professional Suomi\",\"isPartOf\":{\"@id\":\"https:\/\/www.electroluxprofessional.com\/fi\/#website\"},\"datePublished\":\"2017-03-28T11:33:45+00:00\",\"dateModified\":\"2017-04-18T13:03:12+00:00\",\"description\":\"Electrolux utbud av kylb\u00e4nkar kombinerar bekv\u00e4mligheten med en arbetsb\u00e4nk och kylf\u00f6rvaring under. Ger mer utrymme och en funktionell och modul\u00e4r l\u00f6sning.\",\"breadcrumb\":{\"@id\":\"https:\/\/www.electroluxprofessional.com\/fi\/saladette-kylbank\/#breadcrumb\"},\"inLanguage\":\"fi\",\"potentialAction\":[{\"@type\":\"ReadAction\",\"target\":[\"https:\/\/www.electroluxprofessional.com\/fi\/saladette-kylbank\/\"]}]},{\"@type\":\"BreadcrumbList\",\"@id\":\"https:\/\/www.electroluxprofessional.com\/fi\/saladette-kylbank\/#breadcrumb\",\"itemListElement\":[{\"@type\":\"ListItem\",\"position\":1,\"name\":\"Home\",\"item\":\"https:\/\/www.electroluxprofessional.com\/fi\/\"},{\"@type\":\"ListItem\",\"position\":2,\"name\":\"Saladette kylb\u00e4nk\"}]},{\"@type\":\"WebSite\",\"@id\":\"https:\/\/www.electroluxprofessional.com\/fi\/#website\",\"url\":\"https:\/\/www.electroluxprofessional.com\/fi\/\",\"name\":\"Electrolux Professional Suomi\",\"description\":\"\",\"potentialAction\":[{\"@type\":\"SearchAction\",\"target\":{\"@type\":\"EntryPoint\",\"urlTemplate\":\"https:\/\/www.electroluxprofessional.com\/fi\/?src={search_term_string}\"},\"query-input\":\"required name=search_term_string\"}],\"inLanguage\":\"fi\"}]}<\/script>\n<!-- \/ Yoast SEO plugin. -->","yoast_head_json":{"title":"Saladette kylb\u00e4nk - Electrolux Professional Suomi","description":"Electrolux utbud av kylb\u00e4nkar kombinerar bekv\u00e4mligheten med en arbetsb\u00e4nk och kylf\u00f6rvaring under. Ger mer utrymme och en funktionell och modul\u00e4r l\u00f6sning.","robots":{"index":"index","follow":"follow","max-snippet":"max-snippet:-1","max-image-preview":"max-image-preview:large","max-video-preview":"max-video-preview:-1"},"canonical":"https:\/\/www.electroluxprofessional.com\/fi\/saladette-kylbank\/","og_locale":"fi_FI","og_type":"article","og_title":"Saladette kylb\u00e4nk - Electrolux Professional Suomi","og_description":"Electrolux utbud av kylb\u00e4nkar kombinerar bekv\u00e4mligheten med en arbetsb\u00e4nk och kylf\u00f6rvaring under. Ger mer utrymme och en funktionell och modul\u00e4r l\u00f6sning.","og_url":"https:\/\/www.electroluxprofessional.com\/fi\/saladette-kylbank\/","og_site_name":"Electrolux Professional Suomi","article_modified_time":"2017-04-18T13:03:12+00:00","twitter_card":"summary_large_image","twitter_misc":{"Arvioitu lukuaika":"1 minuutti"},"schema":{"@context":"https:\/\/schema.org","@graph":[{"@type":"WebPage","@id":"https:\/\/www.electroluxprofessional.com\/fi\/saladette-kylbank\/","url":"https:\/\/www.electroluxprofessional.com\/fi\/saladette-kylbank\/","name":"Saladette kylb\u00e4nk - Electrolux Professional Suomi","isPartOf":{"@id":"https:\/\/www.electroluxprofessional.com\/fi\/#website"},"datePublished":"2017-03-28T11:33:45+00:00","dateModified":"2017-04-18T13:03:12+00:00","description":"Electrolux utbud av kylb\u00e4nkar kombinerar bekv\u00e4mligheten med en arbetsb\u00e4nk och kylf\u00f6rvaring under. Ger mer utrymme och en funktionell och modul\u00e4r l\u00f6sning.","breadcrumb":{"@id":"https:\/\/www.electroluxprofessional.com\/fi\/saladette-kylbank\/#breadcrumb"},"inLanguage":"fi","potentialAction":[{"@type":"ReadAction","target":["https:\/\/www.electroluxprofessional.com\/fi\/saladette-kylbank\/"]}]},{"@type":"BreadcrumbList","@id":"https:\/\/www.electroluxprofessional.com\/fi\/saladette-kylbank\/#breadcrumb","itemListElement":[{"@type":"ListItem","position":1,"name":"Home","item":"https:\/\/www.electroluxprofessional.com\/fi\/"},{"@type":"ListItem","position":2,"name":"Saladette kylb\u00e4nk"}]},{"@type":"WebSite","@id":"https:\/\/www.electroluxprofessional.com\/fi\/#website","url":"https:\/\/www.electroluxprofessional.com\/fi\/","name":"Electrolux Professional Suomi","description":"","potentialAction":[{"@type":"SearchAction","target":{"@type":"EntryPoint","urlTemplate":"https:\/\/www.electroluxprofessional.com\/fi\/?src={search_term_string}"},"query-input":"required name=search_term_string"}],"inLanguage":"fi"}]}},"_links":{"self":[{"href":"https:\/\/www.electroluxprofessional.com\/fi\/wp-json\/wp\/v2\/pages\/2439"}],"collection":[{"href":"https:\/\/www.electroluxprofessional.com\/fi\/wp-json\/wp\/v2\/pages"}],"about":[{"href":"https:\/\/www.electroluxprofessional.com\/fi\/wp-json\/wp\/v2\/types\/page"}],"author":[{"embeddable":true,"href":"https:\/\/www.electroluxprofessional.com\/fi\/wp-json\/wp\/v2\/users\/1"}],"replies":[{"embeddable":true,"href":"https:\/\/www.electroluxprofessional.com\/fi\/wp-json\/wp\/v2\/comments?post=2439"}],"version-history":[{"count":5,"href":"https:\/\/www.electroluxprofessional.com\/fi\/wp-json\/wp\/v2\/pages\/2439\/revisions"}],"predecessor-version":[{"id":3471,"href":"https:\/\/www.electroluxprofessional.com\/fi\/wp-json\/wp\/v2\/pages\/2439\/revisions\/3471"}],"wp:attachment":[{"href":"https:\/\/www.electroluxprofessional.com\/fi\/wp-json\/wp\/v2\/media?parent=2439"}],"curies":[{"name":"wp","href":"https:\/\/api.w.org\/{rel}","templated":true}]}}